{"id":1601,"date":"2015-04-01T21:00:47","date_gmt":"2015-04-01T21:00:47","guid":{"rendered":"https:\/\/www.wheelchairbasketball.ca\/?page_id=1601"},"modified":"2025-09-22T14:16:39","modified_gmt":"2025-09-22T14:16:39","slug":"personnel","status":"publish","type":"page","link":"https:\/\/www.wheelchairbasketball.ca\/fr\/a-propos-de-nous\/contactez-nous\/personnel\/","title":{"rendered":"Personnel"},"content":{"rendered":"<p>Consultez la liste ci-dessous pour communiquer avec un membre du personnel de basketball en fauteuil roulant Canada. Pour les demandes de renseignements g\u00e9n\u00e9raux, veuillez communiquer avec le 613-260-1296 ou &#105;&#x6e;&#102;&#x6f;&#64;&#119;&#x68;&#101;&#x65;l&#x63;h&#97;&#x69;&#114;&#x62;a&#x73;&#x6b;&#101;&#x74;b&#x61;l&#108;&#x2e;&#99;&#x61; . Les m\u00e9dias sont pri\u00e9s d&rsquo;adresser leurs demandes de renseignements \u00e0 l&rsquo;\u00e9quipe des communications.<\/p>\n<p><strong><span style=\"vertical-align: inherit;\"><span style=\"vertical-align: inherit;\">Wendy Gittens <\/span><\/span><\/strong><br \/>\nChef de la direction<br \/>\n<a href=\"mailto:wgitt&#101;&#110;&#115;&#64;&#119;&#104;&#101;&#101;&#108;&#99;&#104;&#97;&#105;&#114;&#98;&#x61;&#x73;&#x6b;&#x65;&#x74;&#x62;&#x61;&#x6c;&#x6c;&#x2e;&#x63;&#x61;\"><span style=\"vertical-align: inherit;\"><span style=\"vertical-align: inherit;\">&#119;&#x67;&#105;&#x74;&#116;&#x65;&#110;&#x73;&#64;&#x77;&#104;&#x65;&#101;&#x6c;&#99;&#x68;&#97;&#x69;&#114;&#x62;&#97;&#x73;&#107;&#x65;&#116;&#x62;a&#x6c;l&#x2e;c&#x61;<\/span><\/span><\/a><\/p>\n<h3><span style=\"vertical-align: inherit;\"><span style=\"vertical-align: inherit;\">Haute performance<\/span><\/span><\/h3>\n<p><strong><span style=\"vertical-align: inherit;\"><span style=\"vertical-align: inherit;\">Jeff Dunbrack<\/span><\/span><\/strong><br \/>\n<span style=\"vertical-align: inherit;\"><span style=\"vertical-align: inherit;\"> Directeur, haute performance <\/span><\/span><br \/>\n<a href=\"&#109;&#97;&#x69;&#x6c;&#116;&#111;&#x3a;&#x6a;&#100;&#117;&#x6e;&#x62;&#114;&#97;&#x63;&#x6b;&#64;&#119;&#x68;&#x65;&#101;&#108;&#x63;&#x68;&#97;&#105;&#x72;&#x62;&#97;&#115;&#x6b;&#x65;&#116;&#98;&#x61;&#x6c;&#108;&#46;&#x63;&#x61;\"><span style=\"vertical-align: inherit;\"><span style=\"vertical-align: inherit;\">&#x6a;&#x64;&#117;&#110;b&#x72;&#x61;&#x63;&#107;&#64;w&#x68;&#x65;&#101;&#108;c&#x68;&#x61;&#x69;&#114;ba&#x73;&#x6b;&#101;&#116;b&#x61;&#x6c;&#x6c;&#46;ca<\/span><\/span><\/a><\/p>\n<p><strong><span style=\"vertical-align: inherit;\"><span style=\"vertical-align: inherit;\">Hailey Roll<\/span><\/span><\/strong><br \/>\n<span style=\"vertical-align: inherit;\"><span style=\"vertical-align: inherit;\"> Coordinatrice, haute performance <\/span><\/span><br \/>\n<a href=\"mai&#108;&#116;&#111;&#58;&#x68;&#x72;&#x6f;&#x6c;&#x6c;&#x40;&#x77;hee&#108;&#99;&#104;&#97;&#105;&#x72;&#x62;&#x61;&#x73;&#x6b;&#x65;tbal&#108;&#46;&#99;&#97;\"><span style=\"vertical-align: inherit;\"><span style=\"vertical-align: inherit;\">&#x68;&#114;&#111;l&#x6c;&#x40;&#119;h&#x65;&#x65;&#108;c&#x68;&#x61;&#105;r&#x62;&#x61;&#115;k&#x65;&#x74;&#98;a&#x6c;&#x6c;&#46;&#99;a<\/span><\/span><\/a><\/p>\n<p><strong>Emma Shimizu<\/strong><br \/>\n<span style=\"vertical-align: inherit;\">Coordinatrice, haute performance<\/span><br \/>\n<a href=\"m&#97;&#105;&#x6c;&#x74;&#x6f;&#x3a;e&#115;&#104;&#105;&#x6d;&#x69;&#x7a;u&#64;&#119;&#104;&#x65;&#x65;&#x6c;ch&#97;&#105;&#x72;&#x62;&#x61;sk&#101;&#116;&#x62;&#x61;&#x6c;l&#46;&#99;&#97;\">e&#115;&#104;&#x69;&#x6d;i&#122;&#117;&#x40;&#x77;&#x68;e&#101;&#108;&#x63;&#x68;ai&#114;&#x62;&#x61;&#x73;k&#101;&#116;&#x62;&#x61;ll&#46;&#x63;&#x61;<\/a><\/p>\n<p><strong>Jesse McNalley<br \/>\n<\/strong>Coordonnateur, D\u00e9veloppement et recrutement des joueurs de la prochaine g\u00e9n\u00e9ration<\/p>\n<h2><span style=\"vertical-align: inherit;\"><span style=\"vertical-align: inherit;\">Programmes nationaux<\/span><\/span><\/h2>\n<p><strong><span style=\"vertical-align: inherit;\"><span style=\"vertical-align: inherit;\">Sean Liebich<\/span><\/span><\/strong><br \/>\nDirecteur, D\u00e9veloppement<br \/>\n<a href=\"&#x6d;&#97;i&#x6c;&#116;&#111;&#x3a;&#x73;&#108;i&#x65;&#98;i&#x63;&#x68;&#64;w&#x68;&#101;e&#x6c;&#x63;&#104;a&#x69;&#114;b&#x61;&#x73;&#107;e&#x74;&#98;a&#x6c;&#x6c;&#46;&#x63;&#x61;\"><span style=\"vertical-align: inherit;\"><span style=\"vertical-align: inherit;\">s&#108;&#105;&#101;&#x62;&#x69;&#x63;h&#64;&#119;&#104;&#x65;&#x65;&#x6c;&#x63;ha&#105;&#114;&#x62;&#x61;&#x73;&#x6b;e&#116;&#98;&#97;&#x6c;&#x6c;&#x2e;ca<\/span><\/span><\/a><\/p>\n<p><strong>Kathleen O\u2019Nyon<\/strong><br \/>\nCoordonnatrice, effectifs<br \/>\n<a title=\"&#x6d;&#x61;&#x69;&#x6c;&#x74;&#x6f;&#x3a;&#x6b;&#x6f;&#x6e;&#x79;&#x6f;&#x6e;&#x40;&#x77;&#x68;&#x65;&#x65;&#x6c;&#x63;&#x68;&#x61;&#x69;&#x72;&#x62;&#x61;&#x73;&#x6b;&#x65;&#x74;&#x62;&#x61;&#x6c;&#x6c;&#x2e;&#x63;&#x61;\" contenteditable=\"false\" href=\"&#109;&#x61;i&#x6c;&#x74;&#111;&#x3a;k&#111;&#x6e;&#121;&#x6f;n&#64;&#x77;h&#x65;e&#108;&#x63;h&#x61;&#x69;&#114;&#x62;a&#115;&#x6b;&#101;&#x74;b&#97;&#x6c;&#108;&#x2e;c&#97;\">&#x6b;&#x6f;&#110;&#121;o&#x6e;&#x40;&#x77;&#104;&#101;e&#x6c;&#x63;&#x68;&#97;&#105;r&#x62;&#x61;&#x73;&#107;&#101;t&#x62;&#x61;&#x6c;&#108;&#46;c&#x61;<\/a><\/p>\n<h2>Communication et marketing<\/h2>\n<p><strong>Caroline Soble<\/strong><br \/>\nDirectrice, Marketing et communication<br \/>\n&#x63;&#x73;&#111;&#98;&#108;e&#x40;&#x77;&#x68;&#101;&#101;lc&#x68;&#x61;&#x69;&#114;&#98;a&#x73;&#x6b;&#x65;&#116;&#98;&#97;l&#x6c;&#x2e;&#x63;&#97;<\/p>\n<p><strong><span style=\"vertical-align: inherit;\"><span style=\"vertical-align: inherit;\">Dhiren Mahiban<\/span><\/span><br \/>\n<\/strong>Gestionnaire des communications et des m\u00e9dias num\u00e9riques<br \/>\n<a href=\"&#109;&#x61;&#x69;l&#116;&#x6f;:&#100;&#x6d;&#x61;&#104;&#x69;&#x62;a&#110;&#x40;w&#104;&#x65;&#x65;&#108;&#x63;&#x68;a&#105;&#x72;b&#97;&#x73;&#x6b;&#101;&#x74;&#x62;a&#108;&#x6c;&#46;&#99;&#x61;\" target=\"_blank\" rel=\"noopener noreferrer\"><span style=\"vertical-align: inherit;\"><span style=\"vertical-align: inherit;\">&#x64;&#x6d;&#x61;&#104;&#105;&#98;an&#x40;&#x77;&#x68;&#x65;&#101;&#108;ch&#x61;&#x69;&#x72;&#x62;&#97;&#115;ke&#x74;&#x62;&#x61;&#x6c;&#108;&#46;&#99;a<\/span><\/span><\/a><\/p>\n<p><b><span style=\"vertical-align: inherit;\"><span style=\"vertical-align: inherit;\">Ed Byers<\/span><\/span><\/b><br \/>\nPartenariats<br \/>\n<a href=\"&#x6d;&#97;&#x69;&#x6c;t&#x6f;&#58;e&#x62;&#121;e&#x72;&#115;&#x40;&#x77;h&#x65;&#101;l&#x63;&#104;a&#x69;&#114;&#x62;&#x61;&#115;&#x6b;&#x65;t&#x62;&#97;l&#x6c;&#46;c&#x61;\" target=\"_blank\" rel=\"noopener noreferrer\"><span style=\"vertical-align: inherit;\"><span style=\"vertical-align: inherit;\">&#101;b&#x79;e&#x72;s&#x40;w&#x68;&#101;&#x65;&#108;&#x63;&#104;&#x61;&#105;r&#98;a&#x73;k&#x65;t&#x62;&#97;&#x6c;&#108;&#x2e;&#99;&#x61;<\/span><\/span><\/a><\/p>\n<h3>Ottawa 2026 IWBF CMBFR<\/h3>\n<p><b>Cindy Burwell<\/b><br \/>\nDirectrice, Ottawa2026<br \/>\n<a href=\"&#109;&#x61;&#105;&#x6c;&#116;&#x6f;&#58;&#x63;b&#x75;r&#x77;e&#x6c;l&#64;&#x6f;&#116;&#x74;&#97;&#x77;&#97;&#x32;&#48;&#x32;6&#x2e;c&#x61;\" target=\"_blank\" rel=\"noopener noreferrer\">&#x63;&#x62;&#x75;&#x72;&#119;&#101;&#108;l&#64;&#x6f;&#x74;&#x74;&#x61;&#x77;&#97;&#50;&#48;26&#x2e;&#x63;&#x61;<\/a><\/p>\n<p style=\"font-weight: 400;\"><strong>Nicolas Baril<\/strong><br \/>\nCoordinateur du programme des \u00e9coles<br \/>\n<a href=\"&#109;&#x61;&#x69;&#108;&#x74;&#x6f;&#58;&#x6e;&#x62;&#97;&#x72;&#x69;&#108;&#x40;&#x6f;&#116;&#x74;&#x61;&#119;&#x61;&#x32;&#48;&#x32;&#x36;&#46;&#x63;&#x61;\">&#x6e;&#98;&#97;r&#x69;&#x6c;&#64;o&#x74;&#x74;&#97;w&#x61;&#x32;&#48;2&#x36;&#x2e;&#99;a<\/a><\/p>\n<p style=\"font-weight: 400;\"><strong>Emma Wansbrough<\/strong><br \/>\nCoordinatrice du marketing et medias sociaux<br \/>\n<a href=\"mail&#116;&#111;&#58;&#101;&#119;&#97;&#110;&#x73;&#x62;&#x72;&#x6f;&#x75;&#x67;&#x68;&#x40;&#x6f;ttaw&#97;&#50;&#48;&#50;&#54;&#46;&#99;&#x61;\">&#x65;&#x77;&#97;ns&#x62;&#x72;&#111;&#117;g&#x68;&#x40;&#111;&#116;t&#x61;&#x77;&#x61;&#50;02&#x36;&#x2e;&#99;&#97;<\/a><\/p>\n","protected":false},"excerpt":{"rendered":"Consultez la liste ci-dessous pour communiquer avec un membre du personnel de basketball en fauteuil roulant Canada. Pour les demandes de renseignements g\u00e9n\u00e9raux, veuillez communiquer avec le 613-260-1296 ou &#105;&#x6e;&#x66;&#111;&#x40;&#x77;h&#x65;&#x65;l&#99;&#x68;a&#105;&#x72;b&#97;&#x73;k&#101;&#x74;b&#97;&#x6c;&#x6c;&#46;&#x63;&#x61; . Les m\u00e9dias sont pri\u00e9s d&rsquo;adresser leurs demandes de renseignements \u00e0 l&rsquo;\u00e9quipe des communications. Wendy Gittens Chef de la direction &#119;&#x67;&#x69;t&#116;&#x65;n&#115;&#x40;w&#104;&#x65;e&#108;&#x63;&#x68;&#97;&#x69;&#x72;b&#97;&#x73;k&#101;&#x74;b&#97;&#x6c;&#x6c;&#46;&#x63;&#x61; Haute performance Jeff Dunbrack [&hellip;]","protected":false},"author":4,"featured_media":0,"parent":1175,"menu_order":0,"comment_status":"closed","ping_status":"closed","template":"","meta":{"om_disable_all_campaigns":false,"_monsterinsights_skip_tracking":false,"_monsterinsights_sitenote_active":false,"_monsterinsights_sitenote_note":"","_monsterinsights_sitenote_category":0,"footnotes":""},"acf":[],"yoast_head":"<!-- This site is optimized with the Yoast SEO plugin v21.9.1 - https:\/\/yoast.com\/wordpress\/plugins\/seo\/ -->\n<title>Personnel - Wheelchair Basketball Canada<\/title>\n<meta name=\"robots\" content=\"index, follow, max-snippet:-1, max-image-preview:large, max-video-preview:-1\" \/>\n<link rel=\"canonical\" href=\"https:\/\/www.wheelchairbasketball.ca\/fr\/a-propos-de-nous\/contactez-nous\/personnel\/\" \/>\n<meta property=\"og:locale\" content=\"fr_FR\" \/>\n<meta property=\"og:type\" content=\"article\" \/>\n<meta property=\"og:title\" content=\"Personnel - Wheelchair Basketball Canada\" \/>\n<meta property=\"og:description\" content=\"Consultez la liste ci-dessous pour communiquer avec un membre du personnel de basketball en fauteuil roulant Canada. Pour les demandes de renseignements g\u00e9n\u00e9raux, veuillez communiquer avec le 613-260-1296 ou &#105;&#x6e;&#102;&#x6f;&#064;&#x77;h&#x65;e&#108;&#x63;&#104;&#x61;&#105;&#x72;b&#x61;s&#107;&#x65;&#116;&#x62;&#097;&#x6c;&#108;&#x2e;c&#x61; . Les m\u00e9dias sont pri\u00e9s d&rsquo;adresser leurs demandes de renseignements \u00e0 l&rsquo;\u00e9quipe des communications. Wendy Gittens Chef de la direction &#119;&#x67;&#105;&#x74;&#116;&#x65;&#110;&#x73;&#064;&#x77;h&#x65;e&#x6c;c&#104;&#x61;&#105;&#x72;&#098;&#x61;&#115;&#x6b;&#101;&#x74;b&#x61;l&#x6c;&#046;&#x63;a Haute performance Jeff Dunbrack [&hellip;]\" \/>\n<meta property=\"og:url\" content=\"https:\/\/www.wheelchairbasketball.ca\/fr\/a-propos-de-nous\/contactez-nous\/personnel\/\" \/>\n<meta property=\"og:site_name\" content=\"Wheelchair Basketball Canada\" \/>\n<meta property=\"article:publisher\" content=\"http:\/\/www.facebook.com\/wheelchairbasketball\" \/>\n<meta property=\"article:modified_time\" content=\"2025-09-22T14:16:39+00:00\" \/>\n<meta name=\"twitter:card\" content=\"summary_large_image\" \/>\n<meta name=\"twitter:site\" content=\"@WCBballCanada\" \/>\n<meta name=\"twitter:label1\" content=\"Dur\u00e9e de lecture estim\u00e9e\" \/>\n\t<meta name=\"twitter:data1\" content=\"1 minute\" \/>\n<script type=\"application\/ld+json\" class=\"yoast-schema-graph\">{\"@context\":\"https:\/\/schema.org\",\"@graph\":[{\"@type\":\"WebPage\",\"@id\":\"https:\/\/www.wheelchairbasketball.ca\/fr\/a-propos-de-nous\/contactez-nous\/personnel\/\",\"url\":\"https:\/\/www.wheelchairbasketball.ca\/fr\/a-propos-de-nous\/contactez-nous\/personnel\/\",\"name\":\"Personnel - Wheelchair Basketball Canada\",\"isPartOf\":{\"@id\":\"https:\/\/www.wheelchairbasketball.ca\/#website\"},\"datePublished\":\"2015-04-01T21:00:47+00:00\",\"dateModified\":\"2025-09-22T14:16:39+00:00\",\"breadcrumb\":{\"@id\":\"https:\/\/www.wheelchairbasketball.ca\/fr\/a-propos-de-nous\/contactez-nous\/personnel\/#breadcrumb\"},\"inLanguage\":\"fr-FR\",\"potentialAction\":[{\"@type\":\"ReadAction\",\"target\":[\"https:\/\/www.wheelchairbasketball.ca\/fr\/a-propos-de-nous\/contactez-nous\/personnel\/\"]}]},{\"@type\":\"BreadcrumbList\",\"@id\":\"https:\/\/www.wheelchairbasketball.ca\/fr\/a-propos-de-nous\/contactez-nous\/personnel\/#breadcrumb\",\"itemListElement\":[{\"@type\":\"ListItem\",\"position\":1,\"name\":\"Home\",\"item\":\"https:\/\/www.wheelchairbasketball.ca\/fr\/\"},{\"@type\":\"ListItem\",\"position\":2,\"name\":\"\u00c0 propos de nous\",\"item\":\"https:\/\/www.wheelchairbasketball.ca\/fr\/a-propos-de-nous\/\"},{\"@type\":\"ListItem\",\"position\":3,\"name\":\"Contactez-nous\",\"item\":\"https:\/\/www.wheelchairbasketball.ca\/fr\/a-propos-de-nous\/contactez-nous\/\"},{\"@type\":\"ListItem\",\"position\":4,\"name\":\"Personnel\"}]},{\"@type\":\"WebSite\",\"@id\":\"https:\/\/www.wheelchairbasketball.ca\/#website\",\"url\":\"https:\/\/www.wheelchairbasketball.ca\/\",\"name\":\"Wheelchair Basketball Canada\",\"description\":\"Real Life. Real Sport.\",\"potentialAction\":[{\"@type\":\"SearchAction\",\"target\":{\"@type\":\"EntryPoint\",\"urlTemplate\":\"https:\/\/www.wheelchairbasketball.ca\/?s={search_term_string}\"},\"query-input\":\"required name=search_term_string\"}],\"inLanguage\":\"fr-FR\"}]}<\/script>\n<!-- \/ Yoast SEO plugin. -->","yoast_head_json":{"title":"Personnel - Wheelchair Basketball Canada","robots":{"index":"index","follow":"follow","max-snippet":"max-snippet:-1","max-image-preview":"max-image-preview:large","max-video-preview":"max-video-preview:-1"},"canonical":"https:\/\/www.wheelchairbasketball.ca\/fr\/a-propos-de-nous\/contactez-nous\/personnel\/","og_locale":"fr_FR","og_type":"article","og_title":"Personnel - Wheelchair Basketball Canada","og_description":"Consultez la liste ci-dessous pour communiquer avec un membre du personnel de basketball en fauteuil roulant Canada. Pour les demandes de renseignements g\u00e9n\u00e9raux, veuillez communiquer avec le 613-260-1296 ou &#105;&#x6e;&#102;&#x6f;&#64;&#x77;h&#x65;e&#108;&#x63;&#104;&#x61;&#105;&#x72;b&#x61;s&#107;&#x65;&#116;&#x62;&#97;&#x6c;&#108;&#x2e;c&#x61; . Les m\u00e9dias sont pri\u00e9s d&rsquo;adresser leurs demandes de renseignements \u00e0 l&rsquo;\u00e9quipe des communications. Wendy Gittens Chef de la direction &#119;&#x67;&#105;&#x74;&#116;&#x65;&#110;&#x73;&#64;&#x77;h&#x65;e&#x6c;c&#104;&#x61;&#105;&#x72;&#98;&#x61;&#115;&#x6b;&#101;&#x74;b&#x61;l&#x6c;&#46;&#x63;a Haute performance Jeff Dunbrack [&hellip;]","og_url":"https:\/\/www.wheelchairbasketball.ca\/fr\/a-propos-de-nous\/contactez-nous\/personnel\/","og_site_name":"Wheelchair Basketball Canada","article_publisher":"http:\/\/www.facebook.com\/wheelchairbasketball","article_modified_time":"2025-09-22T14:16:39+00:00","twitter_card":"summary_large_image","twitter_site":"@WCBballCanada","twitter_misc":{"Dur\u00e9e de lecture estim\u00e9e":"1 minute"},"schema":{"@context":"https:\/\/schema.org","@graph":[{"@type":"WebPage","@id":"https:\/\/www.wheelchairbasketball.ca\/fr\/a-propos-de-nous\/contactez-nous\/personnel\/","url":"https:\/\/www.wheelchairbasketball.ca\/fr\/a-propos-de-nous\/contactez-nous\/personnel\/","name":"Personnel - Wheelchair Basketball Canada","isPartOf":{"@id":"https:\/\/www.wheelchairbasketball.ca\/#website"},"datePublished":"2015-04-01T21:00:47+00:00","dateModified":"2025-09-22T14:16:39+00:00","breadcrumb":{"@id":"https:\/\/www.wheelchairbasketball.ca\/fr\/a-propos-de-nous\/contactez-nous\/personnel\/#breadcrumb"},"inLanguage":"fr-FR","potentialAction":[{"@type":"ReadAction","target":["https:\/\/www.wheelchairbasketball.ca\/fr\/a-propos-de-nous\/contactez-nous\/personnel\/"]}]},{"@type":"BreadcrumbList","@id":"https:\/\/www.wheelchairbasketball.ca\/fr\/a-propos-de-nous\/contactez-nous\/personnel\/#breadcrumb","itemListElement":[{"@type":"ListItem","position":1,"name":"Home","item":"https:\/\/www.wheelchairbasketball.ca\/fr\/"},{"@type":"ListItem","position":2,"name":"\u00c0 propos de nous","item":"https:\/\/www.wheelchairbasketball.ca\/fr\/a-propos-de-nous\/"},{"@type":"ListItem","position":3,"name":"Contactez-nous","item":"https:\/\/www.wheelchairbasketball.ca\/fr\/a-propos-de-nous\/contactez-nous\/"},{"@type":"ListItem","position":4,"name":"Personnel"}]},{"@type":"WebSite","@id":"https:\/\/www.wheelchairbasketball.ca\/#website","url":"https:\/\/www.wheelchairbasketball.ca\/","name":"Wheelchair Basketball Canada","description":"Real Life. Real Sport.","potentialAction":[{"@type":"SearchAction","target":{"@type":"EntryPoint","urlTemplate":"https:\/\/www.wheelchairbasketball.ca\/?s={search_term_string}"},"query-input":"required name=search_term_string"}],"inLanguage":"fr-FR"}]}},"_links":{"self":[{"href":"https:\/\/www.wheelchairbasketball.ca\/fr\/wp-json\/wp\/v2\/pages\/1601"}],"collection":[{"href":"https:\/\/www.wheelchairbasketball.ca\/fr\/wp-json\/wp\/v2\/pages"}],"about":[{"href":"https:\/\/www.wheelchairbasketball.ca\/fr\/wp-json\/wp\/v2\/types\/page"}],"author":[{"embeddable":true,"href":"https:\/\/www.wheelchairbasketball.ca\/fr\/wp-json\/wp\/v2\/users\/4"}],"replies":[{"embeddable":true,"href":"https:\/\/www.wheelchairbasketball.ca\/fr\/wp-json\/wp\/v2\/comments?post=1601"}],"version-history":[{"count":15,"href":"https:\/\/www.wheelchairbasketball.ca\/fr\/wp-json\/wp\/v2\/pages\/1601\/revisions"}],"predecessor-version":[{"id":25075,"href":"https:\/\/www.wheelchairbasketball.ca\/fr\/wp-json\/wp\/v2\/pages\/1601\/revisions\/25075"}],"up":[{"embeddable":true,"href":"https:\/\/www.wheelchairbasketball.ca\/fr\/wp-json\/wp\/v2\/pages\/1175"}],"wp:attachment":[{"href":"https:\/\/www.wheelchairbasketball.ca\/fr\/wp-json\/wp\/v2\/media?parent=1601"}],"curies":[{"name":"wp","href":"https:\/\/api.w.org\/{rel}","templated":true}]}}