{"id":1603,"date":"2015-04-01T21:02:18","date_gmt":"2015-04-01T21:02:18","guid":{"rendered":"https:\/\/www.wheelchairbasketball.ca\/?page_id=1603"},"modified":"2025-06-15T13:41:35","modified_gmt":"2025-06-15T13:41:35","slug":"conseil-dadministration","status":"publish","type":"page","link":"https:\/\/www.wheelchairbasketball.ca\/fr\/a-propos-de-nous\/contactez-nous\/conseil-dadministration\/","title":{"rendered":"Conseil d\u2019administration"},"content":{"rendered":"<p>Basket-ball en fauteuil roulant Canada est dirig\u00e9 par un conseil d&rsquo;administration. Les repr\u00e9sentants des provinces \u00e9lisent le conseil d&rsquo;administration, qui d\u00e9finit la politique et guide le d\u00e9veloppement du basket-ball en fauteuil roulant au Canada.<\/p>\n<p><strong><span style=\"vertical-align: inherit;\"><span style=\"vertical-align: inherit;\">Kathy Newman <\/span><\/span><\/strong><br \/>\nPr\u00e9sident<\/p>\n<hr \/>\n<p><strong><span style=\"vertical-align: inherit;\"><span style=\"vertical-align: inherit;\">Thomas Soulliere <\/span><\/span><\/strong><br \/>\nDirecteur<\/p>\n<hr \/>\n<p><strong><span style=\"vertical-align: inherit;\"><span style=\"vertical-align: inherit;\">Mike <\/span><\/span><\/strong><span lang=\"FR-CA\"><span style=\"vertical-align: inherit;\"><span style=\"vertical-align: inherit;\"><strong>Longo<\/strong><br \/>\n<\/span><\/span><\/span>Directeur<\/p>\n<hr \/>\n<p><span lang=\"FR-CA\"><span style=\"vertical-align: inherit;\"><strong>Jessica Vliegenthart<\/strong><br \/>\n<\/span><\/span>Directeur<\/p>\n<hr \/>\n<p><b><span style=\"vertical-align: inherit;\"><span style=\"vertical-align: inherit;\">Michel Papillon<\/span><\/span><\/b><br \/>\nTr\u00e9sorier<\/p>\n<hr \/>\n<p><strong><span style=\"vertical-align: inherit;\"><span style=\"vertical-align: inherit;\">Tara Llanes <\/span><\/span><\/strong><br \/>\nRepr\u00e9sentant des athl\u00e8tes<\/p>\n","protected":false},"excerpt":{"rendered":"Basket-ball en fauteuil roulant Canada est dirig\u00e9 par un conseil d&rsquo;administration. Les repr\u00e9sentants des provinces \u00e9lisent le conseil d&rsquo;administration, qui d\u00e9finit la politique et guide le d\u00e9veloppement du basket-ball en fauteuil roulant au Canada. Kathy Newman Pr\u00e9sident Thomas Soulliere Directeur Mike Longo Directeur Jessica Vliegenthart Directeur Michel Papillon Tr\u00e9sorier Tara Llanes Repr\u00e9sentant des athl\u00e8tes","protected":false},"author":4,"featured_media":21779,"parent":1175,"menu_order":1,"comment_status":"closed","ping_status":"closed","template":"","meta":{"om_disable_all_campaigns":false,"_monsterinsights_skip_tracking":false,"_monsterinsights_sitenote_active":false,"_monsterinsights_sitenote_note":"","_monsterinsights_sitenote_category":0,"footnotes":""},"acf":[],"yoast_head":"<!-- This site is optimized with the Yoast SEO plugin v21.9.1 - https:\/\/yoast.com\/wordpress\/plugins\/seo\/ -->\n<title>Conseil d\u2019administration - Wheelchair Basketball Canada<\/title>\n<meta name=\"robots\" content=\"index, follow, max-snippet:-1, max-image-preview:large, max-video-preview:-1\" \/>\n<link rel=\"canonical\" href=\"https:\/\/www.wheelchairbasketball.ca\/fr\/a-propos-de-nous\/contactez-nous\/conseil-dadministration\/\" \/>\n<meta property=\"og:locale\" content=\"fr_FR\" \/>\n<meta property=\"og:type\" content=\"article\" \/>\n<meta property=\"og:title\" content=\"Conseil d\u2019administration - Wheelchair Basketball Canada\" \/>\n<meta property=\"og:description\" content=\"Basket-ball en fauteuil roulant Canada est dirig\u00e9 par un conseil d&rsquo;administration. Les repr\u00e9sentants des provinces \u00e9lisent le conseil d&rsquo;administration, qui d\u00e9finit la politique et guide le d\u00e9veloppement du basket-ball en fauteuil roulant au Canada. Kathy Newman Pr\u00e9sident Thomas Soulliere Directeur Mike Longo Directeur Jessica Vliegenthart Directeur Michel Papillon Tr\u00e9sorier Tara Llanes Repr\u00e9sentant des athl\u00e8tes\" \/>\n<meta property=\"og:url\" content=\"https:\/\/www.wheelchairbasketball.ca\/fr\/a-propos-de-nous\/contactez-nous\/conseil-dadministration\/\" \/>\n<meta property=\"og:site_name\" content=\"Wheelchair Basketball Canada\" \/>\n<meta property=\"article:publisher\" content=\"http:\/\/www.facebook.com\/wheelchairbasketball\" \/>\n<meta property=\"article:modified_time\" content=\"2025-06-15T13:41:35+00:00\" \/>\n<meta property=\"og:image\" content=\"https:\/\/www.wheelchairbasketball.ca\/wp-content\/uploads\/2024\/10\/022223_PhilMatusiewicz003-1400x600-1.png\" \/>\n\t<meta property=\"og:image:width\" content=\"1400\" \/>\n\t<meta property=\"og:image:height\" content=\"600\" \/>\n\t<meta property=\"og:image:type\" content=\"image\/png\" \/>\n<meta name=\"twitter:card\" content=\"summary_large_image\" \/>\n<meta name=\"twitter:site\" content=\"@WCBballCanada\" \/>\n<meta name=\"twitter:label1\" content=\"Dur\u00e9e de lecture estim\u00e9e\" \/>\n\t<meta name=\"twitter:data1\" content=\"1 minute\" \/>\n<script type=\"application\/ld+json\" class=\"yoast-schema-graph\">{\"@context\":\"https:\/\/schema.org\",\"@graph\":[{\"@type\":\"WebPage\",\"@id\":\"https:\/\/www.wheelchairbasketball.ca\/fr\/a-propos-de-nous\/contactez-nous\/conseil-dadministration\/\",\"url\":\"https:\/\/www.wheelchairbasketball.ca\/fr\/a-propos-de-nous\/contactez-nous\/conseil-dadministration\/\",\"name\":\"Conseil d\u2019administration - Wheelchair Basketball Canada\",\"isPartOf\":{\"@id\":\"https:\/\/www.wheelchairbasketball.ca\/#website\"},\"datePublished\":\"2015-04-01T21:02:18+00:00\",\"dateModified\":\"2025-06-15T13:41:35+00:00\",\"breadcrumb\":{\"@id\":\"https:\/\/www.wheelchairbasketball.ca\/fr\/a-propos-de-nous\/contactez-nous\/conseil-dadministration\/#breadcrumb\"},\"inLanguage\":\"fr-FR\",\"potentialAction\":[{\"@type\":\"ReadAction\",\"target\":[\"https:\/\/www.wheelchairbasketball.ca\/fr\/a-propos-de-nous\/contactez-nous\/conseil-dadministration\/\"]}]},{\"@type\":\"BreadcrumbList\",\"@id\":\"https:\/\/www.wheelchairbasketball.ca\/fr\/a-propos-de-nous\/contactez-nous\/conseil-dadministration\/#breadcrumb\",\"itemListElement\":[{\"@type\":\"ListItem\",\"position\":1,\"name\":\"Home\",\"item\":\"https:\/\/www.wheelchairbasketball.ca\/fr\/\"},{\"@type\":\"ListItem\",\"position\":2,\"name\":\"\u00c0 propos de nous\",\"item\":\"https:\/\/www.wheelchairbasketball.ca\/fr\/a-propos-de-nous\/\"},{\"@type\":\"ListItem\",\"position\":3,\"name\":\"Contactez-nous\",\"item\":\"https:\/\/www.wheelchairbasketball.ca\/fr\/a-propos-de-nous\/contactez-nous\/\"},{\"@type\":\"ListItem\",\"position\":4,\"name\":\"Conseil d\u2019administration\"}]},{\"@type\":\"WebSite\",\"@id\":\"https:\/\/www.wheelchairbasketball.ca\/#website\",\"url\":\"https:\/\/www.wheelchairbasketball.ca\/\",\"name\":\"Wheelchair Basketball Canada\",\"description\":\"Real Life. Real Sport.\",\"potentialAction\":[{\"@type\":\"SearchAction\",\"target\":{\"@type\":\"EntryPoint\",\"urlTemplate\":\"https:\/\/www.wheelchairbasketball.ca\/?s={search_term_string}\"},\"query-input\":\"required name=search_term_string\"}],\"inLanguage\":\"fr-FR\"}]}<\/script>\n<!-- \/ Yoast SEO plugin. -->","yoast_head_json":{"title":"Conseil d\u2019administration - Wheelchair Basketball Canada","robots":{"index":"index","follow":"follow","max-snippet":"max-snippet:-1","max-image-preview":"max-image-preview:large","max-video-preview":"max-video-preview:-1"},"canonical":"https:\/\/www.wheelchairbasketball.ca\/fr\/a-propos-de-nous\/contactez-nous\/conseil-dadministration\/","og_locale":"fr_FR","og_type":"article","og_title":"Conseil d\u2019administration - Wheelchair Basketball Canada","og_description":"Basket-ball en fauteuil roulant Canada est dirig\u00e9 par un conseil d&rsquo;administration. Les repr\u00e9sentants des provinces \u00e9lisent le conseil d&rsquo;administration, qui d\u00e9finit la politique et guide le d\u00e9veloppement du basket-ball en fauteuil roulant au Canada. Kathy Newman Pr\u00e9sident Thomas Soulliere Directeur Mike Longo Directeur Jessica Vliegenthart Directeur Michel Papillon Tr\u00e9sorier Tara Llanes Repr\u00e9sentant des athl\u00e8tes","og_url":"https:\/\/www.wheelchairbasketball.ca\/fr\/a-propos-de-nous\/contactez-nous\/conseil-dadministration\/","og_site_name":"Wheelchair Basketball Canada","article_publisher":"http:\/\/www.facebook.com\/wheelchairbasketball","article_modified_time":"2025-06-15T13:41:35+00:00","og_image":[{"width":1400,"height":600,"url":"https:\/\/www.wheelchairbasketball.ca\/wp-content\/uploads\/2024\/10\/022223_PhilMatusiewicz003-1400x600-1.png","type":"image\/png"}],"twitter_card":"summary_large_image","twitter_site":"@WCBballCanada","twitter_misc":{"Dur\u00e9e de lecture estim\u00e9e":"1 minute"},"schema":{"@context":"https:\/\/schema.org","@graph":[{"@type":"WebPage","@id":"https:\/\/www.wheelchairbasketball.ca\/fr\/a-propos-de-nous\/contactez-nous\/conseil-dadministration\/","url":"https:\/\/www.wheelchairbasketball.ca\/fr\/a-propos-de-nous\/contactez-nous\/conseil-dadministration\/","name":"Conseil d\u2019administration - Wheelchair Basketball Canada","isPartOf":{"@id":"https:\/\/www.wheelchairbasketball.ca\/#website"},"datePublished":"2015-04-01T21:02:18+00:00","dateModified":"2025-06-15T13:41:35+00:00","breadcrumb":{"@id":"https:\/\/www.wheelchairbasketball.ca\/fr\/a-propos-de-nous\/contactez-nous\/conseil-dadministration\/#breadcrumb"},"inLanguage":"fr-FR","potentialAction":[{"@type":"ReadAction","target":["https:\/\/www.wheelchairbasketball.ca\/fr\/a-propos-de-nous\/contactez-nous\/conseil-dadministration\/"]}]},{"@type":"BreadcrumbList","@id":"https:\/\/www.wheelchairbasketball.ca\/fr\/a-propos-de-nous\/contactez-nous\/conseil-dadministration\/#breadcrumb","itemListElement":[{"@type":"ListItem","position":1,"name":"Home","item":"https:\/\/www.wheelchairbasketball.ca\/fr\/"},{"@type":"ListItem","position":2,"name":"\u00c0 propos de nous","item":"https:\/\/www.wheelchairbasketball.ca\/fr\/a-propos-de-nous\/"},{"@type":"ListItem","position":3,"name":"Contactez-nous","item":"https:\/\/www.wheelchairbasketball.ca\/fr\/a-propos-de-nous\/contactez-nous\/"},{"@type":"ListItem","position":4,"name":"Conseil d\u2019administration"}]},{"@type":"WebSite","@id":"https:\/\/www.wheelchairbasketball.ca\/#website","url":"https:\/\/www.wheelchairbasketball.ca\/","name":"Wheelchair Basketball Canada","description":"Real Life. Real Sport.","potentialAction":[{"@type":"SearchAction","target":{"@type":"EntryPoint","urlTemplate":"https:\/\/www.wheelchairbasketball.ca\/?s={search_term_string}"},"query-input":"required name=search_term_string"}],"inLanguage":"fr-FR"}]}},"_links":{"self":[{"href":"https:\/\/www.wheelchairbasketball.ca\/fr\/wp-json\/wp\/v2\/pages\/1603"}],"collection":[{"href":"https:\/\/www.wheelchairbasketball.ca\/fr\/wp-json\/wp\/v2\/pages"}],"about":[{"href":"https:\/\/www.wheelchairbasketball.ca\/fr\/wp-json\/wp\/v2\/types\/page"}],"author":[{"embeddable":true,"href":"https:\/\/www.wheelchairbasketball.ca\/fr\/wp-json\/wp\/v2\/users\/4"}],"replies":[{"embeddable":true,"href":"https:\/\/www.wheelchairbasketball.ca\/fr\/wp-json\/wp\/v2\/comments?post=1603"}],"version-history":[{"count":12,"href":"https:\/\/www.wheelchairbasketball.ca\/fr\/wp-json\/wp\/v2\/pages\/1603\/revisions"}],"predecessor-version":[{"id":24479,"href":"https:\/\/www.wheelchairbasketball.ca\/fr\/wp-json\/wp\/v2\/pages\/1603\/revisions\/24479"}],"up":[{"embeddable":true,"href":"https:\/\/www.wheelchairbasketball.ca\/fr\/wp-json\/wp\/v2\/pages\/1175"}],"wp:featuredmedia":[{"embeddable":true,"href":"https:\/\/www.wheelchairbasketball.ca\/fr\/wp-json\/wp\/v2\/media\/21779"}],"wp:attachment":[{"href":"https:\/\/www.wheelchairbasketball.ca\/fr\/wp-json\/wp\/v2\/media?parent=1603"}],"curies":[{"name":"wp","href":"https:\/\/api.w.org\/{rel}","templated":true}]}}