{"id":1615,"date":"2015-04-02T00:10:47","date_gmt":"2015-04-02T00:10:47","guid":{"rendered":"https:\/\/www.wheelchairbasketball.ca\/?page_id=1615"},"modified":"2015-08-17T19:08:36","modified_gmt":"2015-08-17T19:08:36","slug":"anciens-resultats","status":"publish","type":"page","link":"https:\/\/www.wheelchairbasketball.ca\/fr\/evenements\/tournois-de-qualification\/anciens-resultats\/","title":{"rendered":"Anciens r\u00e9sultats"},"content":{"rendered":"<h2>Tournois de qualification<\/h2>\n<p>Dans le but d\u2019\u00eatre admissibles pour concourir aux importants \u00e9v\u00e9nements internationaux, comme les Jeux paralympiques et les Championnats du monde de basketball en fauteuil roulant, les \u00e9quipes nationales de partout au monde doivent tout d\u2019abord se tailler une place \u00e0 ces \u00e9v\u00e9nements. Les \u00e9quipes doivent se classer parmi les meilleures \u00e9quipes dans leurs zones (Afrique, Am\u00e9riques, Asie-Oc\u00e9anie et Europe) dans leurs tournois de qualification respectifs. Les Championnats du monde et les Jeux paralympiques ont des tournois de qualification distincts.<\/p>\n<h3>R\u00e9sultats de basketball en fauteuil roulant<\/h3>\n<ul>\n<li><a href=\"https:\/\/www.wheelchairbasketball.ca\/wp-content\/uploads\/2015\/08\/Qualification-Tournament-Results-1999-2015.pdf\" target=\"_blank\">R\u00e9sultats aux tournois de qualification 1999-2015<\/a>\u00a0(.pdf)<\/li>\n<\/ul>\n<h3>Pages d&rsquo;\u00e9v\u00e9nements<\/h3>\n<ul>\n<li><a href=\"https:\/\/www.wheelchairbasketball.ca\/fr\/evenements\/tournois-de-qualification\/jeux-parapanamericains-de-2015\/\">Jeux parapanam\u00e9ricains de 2015 \u00e0 Toronto<\/a><\/li>\n<\/ul>\n","protected":false},"excerpt":{"rendered":"Tournois de qualification Dans le but d\u2019\u00eatre admissibles pour concourir aux importants \u00e9v\u00e9nements internationaux, comme les Jeux paralympiques et les Championnats du monde de basketball en fauteuil roulant, les \u00e9quipes nationales de partout au monde doivent tout d\u2019abord se tailler une place \u00e0 ces \u00e9v\u00e9nements. Les \u00e9quipes doivent se classer parmi les meilleures \u00e9quipes dans [&hellip;]","protected":false},"author":4,"featured_media":0,"parent":1278,"menu_order":1,"comment_status":"closed","ping_status":"closed","template":"","meta":{"om_disable_all_campaigns":false,"_monsterinsights_skip_tracking":false,"_monsterinsights_sitenote_active":false,"_monsterinsights_sitenote_note":"","_monsterinsights_sitenote_category":0,"footnotes":""},"acf":[],"yoast_head":"<!-- This site is optimized with the Yoast SEO plugin v21.9.1 - https:\/\/yoast.com\/wordpress\/plugins\/seo\/ -->\n<title>Anciens r\u00e9sultats - Wheelchair Basketball Canada<\/title>\n<meta name=\"robots\" content=\"index, follow, max-snippet:-1, max-image-preview:large, max-video-preview:-1\" \/>\n<link rel=\"canonical\" href=\"https:\/\/www.wheelchairbasketball.ca\/fr\/evenements\/tournois-de-qualification\/anciens-resultats\/\" \/>\n<meta property=\"og:locale\" content=\"fr_FR\" \/>\n<meta property=\"og:type\" content=\"article\" \/>\n<meta property=\"og:title\" content=\"Anciens r\u00e9sultats - Wheelchair Basketball Canada\" \/>\n<meta property=\"og:description\" content=\"Tournois de qualification Dans le but d\u2019\u00eatre admissibles pour concourir aux importants \u00e9v\u00e9nements internationaux, comme les Jeux paralympiques et les Championnats du monde de basketball en fauteuil roulant, les \u00e9quipes nationales de partout au monde doivent tout d\u2019abord se tailler une place \u00e0 ces \u00e9v\u00e9nements. Les \u00e9quipes doivent se classer parmi les meilleures \u00e9quipes dans [&hellip;]\" \/>\n<meta property=\"og:url\" content=\"https:\/\/www.wheelchairbasketball.ca\/fr\/evenements\/tournois-de-qualification\/anciens-resultats\/\" \/>\n<meta property=\"og:site_name\" content=\"Wheelchair Basketball Canada\" \/>\n<meta property=\"article:publisher\" content=\"http:\/\/www.facebook.com\/wheelchairbasketball\" \/>\n<meta property=\"article:modified_time\" content=\"2015-08-17T19:08:36+00:00\" \/>\n<meta name=\"twitter:card\" content=\"summary_large_image\" \/>\n<meta name=\"twitter:site\" content=\"@WCBballCanada\" \/>\n<meta name=\"twitter:label1\" content=\"Dur\u00e9e de lecture estim\u00e9e\" \/>\n\t<meta name=\"twitter:data1\" content=\"1 minute\" \/>\n<script type=\"application\/ld+json\" class=\"yoast-schema-graph\">{\"@context\":\"https:\/\/schema.org\",\"@graph\":[{\"@type\":\"WebPage\",\"@id\":\"https:\/\/www.wheelchairbasketball.ca\/fr\/evenements\/tournois-de-qualification\/anciens-resultats\/\",\"url\":\"https:\/\/www.wheelchairbasketball.ca\/fr\/evenements\/tournois-de-qualification\/anciens-resultats\/\",\"name\":\"Anciens r\u00e9sultats - Wheelchair Basketball Canada\",\"isPartOf\":{\"@id\":\"https:\/\/www.wheelchairbasketball.ca\/#website\"},\"datePublished\":\"2015-04-02T00:10:47+00:00\",\"dateModified\":\"2015-08-17T19:08:36+00:00\",\"breadcrumb\":{\"@id\":\"https:\/\/www.wheelchairbasketball.ca\/fr\/evenements\/tournois-de-qualification\/anciens-resultats\/#breadcrumb\"},\"inLanguage\":\"fr-FR\",\"potentialAction\":[{\"@type\":\"ReadAction\",\"target\":[\"https:\/\/www.wheelchairbasketball.ca\/fr\/evenements\/tournois-de-qualification\/anciens-resultats\/\"]}]},{\"@type\":\"BreadcrumbList\",\"@id\":\"https:\/\/www.wheelchairbasketball.ca\/fr\/evenements\/tournois-de-qualification\/anciens-resultats\/#breadcrumb\",\"itemListElement\":[{\"@type\":\"ListItem\",\"position\":1,\"name\":\"Home\",\"item\":\"https:\/\/www.wheelchairbasketball.ca\/fr\/\"},{\"@type\":\"ListItem\",\"position\":2,\"name\":\"\u00c9v\u00e9nements\",\"item\":\"https:\/\/www.wheelchairbasketball.ca\/fr\/evenements\/\"},{\"@type\":\"ListItem\",\"position\":3,\"name\":\"Tournois de qualification\",\"item\":\"https:\/\/www.wheelchairbasketball.ca\/fr\/evenements\/tournois-de-qualification\/\"},{\"@type\":\"ListItem\",\"position\":4,\"name\":\"Anciens r\u00e9sultats\"}]},{\"@type\":\"WebSite\",\"@id\":\"https:\/\/www.wheelchairbasketball.ca\/#website\",\"url\":\"https:\/\/www.wheelchairbasketball.ca\/\",\"name\":\"Wheelchair Basketball Canada\",\"description\":\"Real Life. Real Sport.\",\"potentialAction\":[{\"@type\":\"SearchAction\",\"target\":{\"@type\":\"EntryPoint\",\"urlTemplate\":\"https:\/\/www.wheelchairbasketball.ca\/?s={search_term_string}\"},\"query-input\":\"required name=search_term_string\"}],\"inLanguage\":\"fr-FR\"}]}<\/script>\n<!-- \/ Yoast SEO plugin. -->","yoast_head_json":{"title":"Anciens r\u00e9sultats - Wheelchair Basketball Canada","robots":{"index":"index","follow":"follow","max-snippet":"max-snippet:-1","max-image-preview":"max-image-preview:large","max-video-preview":"max-video-preview:-1"},"canonical":"https:\/\/www.wheelchairbasketball.ca\/fr\/evenements\/tournois-de-qualification\/anciens-resultats\/","og_locale":"fr_FR","og_type":"article","og_title":"Anciens r\u00e9sultats - Wheelchair Basketball Canada","og_description":"Tournois de qualification Dans le but d\u2019\u00eatre admissibles pour concourir aux importants \u00e9v\u00e9nements internationaux, comme les Jeux paralympiques et les Championnats du monde de basketball en fauteuil roulant, les \u00e9quipes nationales de partout au monde doivent tout d\u2019abord se tailler une place \u00e0 ces \u00e9v\u00e9nements. Les \u00e9quipes doivent se classer parmi les meilleures \u00e9quipes dans [&hellip;]","og_url":"https:\/\/www.wheelchairbasketball.ca\/fr\/evenements\/tournois-de-qualification\/anciens-resultats\/","og_site_name":"Wheelchair Basketball Canada","article_publisher":"http:\/\/www.facebook.com\/wheelchairbasketball","article_modified_time":"2015-08-17T19:08:36+00:00","twitter_card":"summary_large_image","twitter_site":"@WCBballCanada","twitter_misc":{"Dur\u00e9e de lecture estim\u00e9e":"1 minute"},"schema":{"@context":"https:\/\/schema.org","@graph":[{"@type":"WebPage","@id":"https:\/\/www.wheelchairbasketball.ca\/fr\/evenements\/tournois-de-qualification\/anciens-resultats\/","url":"https:\/\/www.wheelchairbasketball.ca\/fr\/evenements\/tournois-de-qualification\/anciens-resultats\/","name":"Anciens r\u00e9sultats - Wheelchair Basketball Canada","isPartOf":{"@id":"https:\/\/www.wheelchairbasketball.ca\/#website"},"datePublished":"2015-04-02T00:10:47+00:00","dateModified":"2015-08-17T19:08:36+00:00","breadcrumb":{"@id":"https:\/\/www.wheelchairbasketball.ca\/fr\/evenements\/tournois-de-qualification\/anciens-resultats\/#breadcrumb"},"inLanguage":"fr-FR","potentialAction":[{"@type":"ReadAction","target":["https:\/\/www.wheelchairbasketball.ca\/fr\/evenements\/tournois-de-qualification\/anciens-resultats\/"]}]},{"@type":"BreadcrumbList","@id":"https:\/\/www.wheelchairbasketball.ca\/fr\/evenements\/tournois-de-qualification\/anciens-resultats\/#breadcrumb","itemListElement":[{"@type":"ListItem","position":1,"name":"Home","item":"https:\/\/www.wheelchairbasketball.ca\/fr\/"},{"@type":"ListItem","position":2,"name":"\u00c9v\u00e9nements","item":"https:\/\/www.wheelchairbasketball.ca\/fr\/evenements\/"},{"@type":"ListItem","position":3,"name":"Tournois de qualification","item":"https:\/\/www.wheelchairbasketball.ca\/fr\/evenements\/tournois-de-qualification\/"},{"@type":"ListItem","position":4,"name":"Anciens r\u00e9sultats"}]},{"@type":"WebSite","@id":"https:\/\/www.wheelchairbasketball.ca\/#website","url":"https:\/\/www.wheelchairbasketball.ca\/","name":"Wheelchair Basketball Canada","description":"Real Life. Real Sport.","potentialAction":[{"@type":"SearchAction","target":{"@type":"EntryPoint","urlTemplate":"https:\/\/www.wheelchairbasketball.ca\/?s={search_term_string}"},"query-input":"required name=search_term_string"}],"inLanguage":"fr-FR"}]}},"_links":{"self":[{"href":"https:\/\/www.wheelchairbasketball.ca\/fr\/wp-json\/wp\/v2\/pages\/1615"}],"collection":[{"href":"https:\/\/www.wheelchairbasketball.ca\/fr\/wp-json\/wp\/v2\/pages"}],"about":[{"href":"https:\/\/www.wheelchairbasketball.ca\/fr\/wp-json\/wp\/v2\/types\/page"}],"author":[{"embeddable":true,"href":"https:\/\/www.wheelchairbasketball.ca\/fr\/wp-json\/wp\/v2\/users\/4"}],"replies":[{"embeddable":true,"href":"https:\/\/www.wheelchairbasketball.ca\/fr\/wp-json\/wp\/v2\/comments?post=1615"}],"version-history":[{"count":6,"href":"https:\/\/www.wheelchairbasketball.ca\/fr\/wp-json\/wp\/v2\/pages\/1615\/revisions"}],"predecessor-version":[{"id":4707,"href":"https:\/\/www.wheelchairbasketball.ca\/fr\/wp-json\/wp\/v2\/pages\/1615\/revisions\/4707"}],"up":[{"embeddable":true,"href":"https:\/\/www.wheelchairbasketball.ca\/fr\/wp-json\/wp\/v2\/pages\/1278"}],"wp:attachment":[{"href":"https:\/\/www.wheelchairbasketball.ca\/fr\/wp-json\/wp\/v2\/media?parent=1615"}],"curies":[{"name":"wp","href":"https:\/\/api.w.org\/{rel}","templated":true}]}}