{"id":1628,"date":"2015-04-02T00:16:15","date_gmt":"2015-04-02T00:16:15","guid":{"rendered":"https:\/\/www.wheelchairbasketball.ca\/?page_id=1628"},"modified":"2018-02-06T15:29:25","modified_gmt":"2018-02-06T15:29:25","slug":"anciens-resultats","status":"publish","type":"page","link":"https:\/\/www.wheelchairbasketball.ca\/fr\/evenements\/apercu-du-championnat-national-feminin-de-la-lcbfr\/anciens-resultats\/","title":{"rendered":"Anciens r\u00e9sultats"},"content":{"rendered":"<h2>Championnats national f\u00e9minin de la LCBFR<\/h2>\n<p>Le Championnat national f\u00e9minin de la Ligue canadienne de basketball en fauteuil roulant (LCBFR) a eu lieu chaque ann\u00e9e depuis 1990.<\/p>\n<h3>R\u00e9sultats du tournoi<\/h3>\n<p>Veuillez consulter le document ci-dessous pour les r\u00e9sultats complets au Championnat national f\u00e9minin de la LCBFR, y compris les classements et les prix pour les joueurs \u00e9toiles et les joueurs les plus utiles.<\/p>\n<ul>\n<li><a href=\"https:\/\/www.wheelchairbasketball.ca\/wp-content\/uploads\/2015\/03\/CWBL-Womens-Nationals-Tournament-Results-1990-2015.pdf\">R\u00e9sultats du Championnat national f\u00e9minin de la LCBFR 1990-2015\u00a0<\/a>\u00a0<em>(.pdf)<\/em><\/li>\n<\/ul>\n<h3>Pages d&rsquo;\u00e9v\u00e9nements<\/h3>\n<ul>\n<li><a href=\"https:\/\/www.wheelchairbasketball.ca\/fr\/evenements\/apercu-du-championnat-national-feminin-de-la-lcbfr\/championnat-national-feminin-2016-de-la-lcbfr\/\">Championnat national f\u00e9minin de la LCBFR 2016<\/a><\/li>\n<li><a href=\"https:\/\/www.wheelchairbasketball.ca\/fr\/evenements\/apercu-du-championnat-national-feminin-de-la-lcbfr\/championnat-national-feminin-de-la-lcbfr-2015\/\">Championnat national f\u00e9minin de la LCBFR 2015<\/a><\/li>\n<\/ul>\n","protected":false},"excerpt":{"rendered":"Championnats national f\u00e9minin de la LCBFR Le Championnat national f\u00e9minin de la Ligue canadienne de basketball en fauteuil roulant (LCBFR) a eu lieu chaque ann\u00e9e depuis 1990. R\u00e9sultats du tournoi Veuillez consulter le document ci-dessous pour les r\u00e9sultats complets au Championnat national f\u00e9minin de la LCBFR, y compris les classements et les prix pour les [&hellip;]","protected":false},"author":4,"featured_media":0,"parent":1283,"menu_order":3,"comment_status":"closed","ping_status":"closed","template":"","meta":{"om_disable_all_campaigns":false,"_monsterinsights_skip_tracking":false,"_monsterinsights_sitenote_active":false,"_monsterinsights_sitenote_note":"","_monsterinsights_sitenote_category":0,"footnotes":""},"acf":[],"yoast_head":"<!-- This site is optimized with the Yoast SEO plugin v21.9.1 - https:\/\/yoast.com\/wordpress\/plugins\/seo\/ -->\n<title>Anciens r\u00e9sultats - Wheelchair Basketball Canada<\/title>\n<meta name=\"robots\" content=\"index, follow, max-snippet:-1, max-image-preview:large, max-video-preview:-1\" \/>\n<link rel=\"canonical\" href=\"https:\/\/www.wheelchairbasketball.ca\/fr\/evenements\/apercu-du-championnat-national-feminin-de-la-lcbfr\/anciens-resultats\/\" \/>\n<meta property=\"og:locale\" content=\"fr_FR\" \/>\n<meta property=\"og:type\" content=\"article\" \/>\n<meta property=\"og:title\" content=\"Anciens r\u00e9sultats - Wheelchair Basketball Canada\" \/>\n<meta property=\"og:description\" content=\"Championnats national f\u00e9minin de la LCBFR Le Championnat national f\u00e9minin de la Ligue canadienne de basketball en fauteuil roulant (LCBFR) a eu lieu chaque ann\u00e9e depuis 1990. R\u00e9sultats du tournoi Veuillez consulter le document ci-dessous pour les r\u00e9sultats complets au Championnat national f\u00e9minin de la LCBFR, y compris les classements et les prix pour les [&hellip;]\" \/>\n<meta property=\"og:url\" content=\"https:\/\/www.wheelchairbasketball.ca\/fr\/evenements\/apercu-du-championnat-national-feminin-de-la-lcbfr\/anciens-resultats\/\" \/>\n<meta property=\"og:site_name\" content=\"Wheelchair Basketball Canada\" \/>\n<meta property=\"article:publisher\" content=\"http:\/\/www.facebook.com\/wheelchairbasketball\" \/>\n<meta property=\"article:modified_time\" content=\"2018-02-06T15:29:25+00:00\" \/>\n<meta name=\"twitter:card\" content=\"summary_large_image\" \/>\n<meta name=\"twitter:site\" content=\"@WCBballCanada\" \/>\n<script type=\"application\/ld+json\" class=\"yoast-schema-graph\">{\"@context\":\"https:\/\/schema.org\",\"@graph\":[{\"@type\":\"WebPage\",\"@id\":\"https:\/\/www.wheelchairbasketball.ca\/fr\/evenements\/apercu-du-championnat-national-feminin-de-la-lcbfr\/anciens-resultats\/\",\"url\":\"https:\/\/www.wheelchairbasketball.ca\/fr\/evenements\/apercu-du-championnat-national-feminin-de-la-lcbfr\/anciens-resultats\/\",\"name\":\"Anciens r\u00e9sultats - Wheelchair Basketball Canada\",\"isPartOf\":{\"@id\":\"https:\/\/www.wheelchairbasketball.ca\/#website\"},\"datePublished\":\"2015-04-02T00:16:15+00:00\",\"dateModified\":\"2018-02-06T15:29:25+00:00\",\"breadcrumb\":{\"@id\":\"https:\/\/www.wheelchairbasketball.ca\/fr\/evenements\/apercu-du-championnat-national-feminin-de-la-lcbfr\/anciens-resultats\/#breadcrumb\"},\"inLanguage\":\"fr-FR\",\"potentialAction\":[{\"@type\":\"ReadAction\",\"target\":[\"https:\/\/www.wheelchairbasketball.ca\/fr\/evenements\/apercu-du-championnat-national-feminin-de-la-lcbfr\/anciens-resultats\/\"]}]},{\"@type\":\"BreadcrumbList\",\"@id\":\"https:\/\/www.wheelchairbasketball.ca\/fr\/evenements\/apercu-du-championnat-national-feminin-de-la-lcbfr\/anciens-resultats\/#breadcrumb\",\"itemListElement\":[{\"@type\":\"ListItem\",\"position\":1,\"name\":\"Home\",\"item\":\"https:\/\/www.wheelchairbasketball.ca\/fr\/\"},{\"@type\":\"ListItem\",\"position\":2,\"name\":\"\u00c9v\u00e9nements\",\"item\":\"https:\/\/www.wheelchairbasketball.ca\/fr\/evenements\/\"},{\"@type\":\"ListItem\",\"position\":3,\"name\":\"Championnat national f\u00e9minin de la LCBFR\",\"item\":\"https:\/\/www.wheelchairbasketball.ca\/fr\/evenements\/apercu-du-championnat-national-feminin-de-la-lcbfr\/\"},{\"@type\":\"ListItem\",\"position\":4,\"name\":\"Anciens r\u00e9sultats\"}]},{\"@type\":\"WebSite\",\"@id\":\"https:\/\/www.wheelchairbasketball.ca\/#website\",\"url\":\"https:\/\/www.wheelchairbasketball.ca\/\",\"name\":\"Wheelchair Basketball Canada\",\"description\":\"Real Life. Real Sport.\",\"potentialAction\":[{\"@type\":\"SearchAction\",\"target\":{\"@type\":\"EntryPoint\",\"urlTemplate\":\"https:\/\/www.wheelchairbasketball.ca\/?s={search_term_string}\"},\"query-input\":\"required name=search_term_string\"}],\"inLanguage\":\"fr-FR\"}]}<\/script>\n<!-- \/ Yoast SEO plugin. -->","yoast_head_json":{"title":"Anciens r\u00e9sultats - Wheelchair Basketball Canada","robots":{"index":"index","follow":"follow","max-snippet":"max-snippet:-1","max-image-preview":"max-image-preview:large","max-video-preview":"max-video-preview:-1"},"canonical":"https:\/\/www.wheelchairbasketball.ca\/fr\/evenements\/apercu-du-championnat-national-feminin-de-la-lcbfr\/anciens-resultats\/","og_locale":"fr_FR","og_type":"article","og_title":"Anciens r\u00e9sultats - Wheelchair Basketball Canada","og_description":"Championnats national f\u00e9minin de la LCBFR Le Championnat national f\u00e9minin de la Ligue canadienne de basketball en fauteuil roulant (LCBFR) a eu lieu chaque ann\u00e9e depuis 1990. R\u00e9sultats du tournoi Veuillez consulter le document ci-dessous pour les r\u00e9sultats complets au Championnat national f\u00e9minin de la LCBFR, y compris les classements et les prix pour les [&hellip;]","og_url":"https:\/\/www.wheelchairbasketball.ca\/fr\/evenements\/apercu-du-championnat-national-feminin-de-la-lcbfr\/anciens-resultats\/","og_site_name":"Wheelchair Basketball Canada","article_publisher":"http:\/\/www.facebook.com\/wheelchairbasketball","article_modified_time":"2018-02-06T15:29:25+00:00","twitter_card":"summary_large_image","twitter_site":"@WCBballCanada","schema":{"@context":"https:\/\/schema.org","@graph":[{"@type":"WebPage","@id":"https:\/\/www.wheelchairbasketball.ca\/fr\/evenements\/apercu-du-championnat-national-feminin-de-la-lcbfr\/anciens-resultats\/","url":"https:\/\/www.wheelchairbasketball.ca\/fr\/evenements\/apercu-du-championnat-national-feminin-de-la-lcbfr\/anciens-resultats\/","name":"Anciens r\u00e9sultats - Wheelchair Basketball Canada","isPartOf":{"@id":"https:\/\/www.wheelchairbasketball.ca\/#website"},"datePublished":"2015-04-02T00:16:15+00:00","dateModified":"2018-02-06T15:29:25+00:00","breadcrumb":{"@id":"https:\/\/www.wheelchairbasketball.ca\/fr\/evenements\/apercu-du-championnat-national-feminin-de-la-lcbfr\/anciens-resultats\/#breadcrumb"},"inLanguage":"fr-FR","potentialAction":[{"@type":"ReadAction","target":["https:\/\/www.wheelchairbasketball.ca\/fr\/evenements\/apercu-du-championnat-national-feminin-de-la-lcbfr\/anciens-resultats\/"]}]},{"@type":"BreadcrumbList","@id":"https:\/\/www.wheelchairbasketball.ca\/fr\/evenements\/apercu-du-championnat-national-feminin-de-la-lcbfr\/anciens-resultats\/#breadcrumb","itemListElement":[{"@type":"ListItem","position":1,"name":"Home","item":"https:\/\/www.wheelchairbasketball.ca\/fr\/"},{"@type":"ListItem","position":2,"name":"\u00c9v\u00e9nements","item":"https:\/\/www.wheelchairbasketball.ca\/fr\/evenements\/"},{"@type":"ListItem","position":3,"name":"Championnat national f\u00e9minin de la LCBFR","item":"https:\/\/www.wheelchairbasketball.ca\/fr\/evenements\/apercu-du-championnat-national-feminin-de-la-lcbfr\/"},{"@type":"ListItem","position":4,"name":"Anciens r\u00e9sultats"}]},{"@type":"WebSite","@id":"https:\/\/www.wheelchairbasketball.ca\/#website","url":"https:\/\/www.wheelchairbasketball.ca\/","name":"Wheelchair Basketball Canada","description":"Real Life. Real Sport.","potentialAction":[{"@type":"SearchAction","target":{"@type":"EntryPoint","urlTemplate":"https:\/\/www.wheelchairbasketball.ca\/?s={search_term_string}"},"query-input":"required name=search_term_string"}],"inLanguage":"fr-FR"}]}},"_links":{"self":[{"href":"https:\/\/www.wheelchairbasketball.ca\/fr\/wp-json\/wp\/v2\/pages\/1628"}],"collection":[{"href":"https:\/\/www.wheelchairbasketball.ca\/fr\/wp-json\/wp\/v2\/pages"}],"about":[{"href":"https:\/\/www.wheelchairbasketball.ca\/fr\/wp-json\/wp\/v2\/types\/page"}],"author":[{"embeddable":true,"href":"https:\/\/www.wheelchairbasketball.ca\/fr\/wp-json\/wp\/v2\/users\/4"}],"replies":[{"embeddable":true,"href":"https:\/\/www.wheelchairbasketball.ca\/fr\/wp-json\/wp\/v2\/comments?post=1628"}],"version-history":[{"count":7,"href":"https:\/\/www.wheelchairbasketball.ca\/fr\/wp-json\/wp\/v2\/pages\/1628\/revisions"}],"predecessor-version":[{"id":8950,"href":"https:\/\/www.wheelchairbasketball.ca\/fr\/wp-json\/wp\/v2\/pages\/1628\/revisions\/8950"}],"up":[{"embeddable":true,"href":"https:\/\/www.wheelchairbasketball.ca\/fr\/wp-json\/wp\/v2\/pages\/1283"}],"wp:attachment":[{"href":"https:\/\/www.wheelchairbasketball.ca\/fr\/wp-json\/wp\/v2\/media?parent=1628"}],"curies":[{"name":"wp","href":"https:\/\/api.w.org\/{rel}","templated":true}]}}