{"id":1630,"date":"2015-04-02T00:25:33","date_gmt":"2015-04-02T00:25:33","guid":{"rendered":"https:\/\/www.wheelchairbasketball.ca\/?page_id=1630"},"modified":"2015-05-22T18:24:31","modified_gmt":"2015-05-22T18:24:31","slug":"anciens-resultats","status":"publish","type":"page","link":"https:\/\/www.wheelchairbasketball.ca\/fr\/evenements\/championnats-juniors\/anciens-resultats\/","title":{"rendered":"Anciens r\u00e9sultats"},"content":{"rendered":"<h2>Championnats juniors<\/h2>\n<p>Le Championnat national junior a lieu pendant la troisi\u00e8me ann\u00e9e du cycle et tient lieu de tournoi de classement pour les Jeux du Canada qui ont lieu pendant la quartri\u00e8me ann\u00e9e du cycle.<\/p>\n<h3>R\u00e9sultats du tournois<\/h3>\n<p>Veuillez consulter le document ci-dessous pour les r\u00e9sultats complets au Championnat national f\u00e9minin de la LCBFR, y compris les classements et les prix pour les joueurs \u00e9toiles et les joueurs les plus utiles.<\/p>\n<ul>\n<li><em><a href=\"https:\/\/www.wheelchairbasketball.ca\/wp-content\/uploads\/2015\/03\/Junior-Championship-Results-2008-2014.pdf\">R\u00e9sultats aux championnats juniors 2008-2014 <\/a>(.pdf)<\/em><\/li>\n<\/ul>\n<h3>Pages d&rsquo;\u00e9v\u00e9nements<\/h3>\n<ul>\n<li><a href=\"https:\/\/www.wheelchairbasketball.ca\/fr\/evenements\/championnats-juniors\/championnat-national-junior-2014\/\">Championnat national junior 2014<\/a><\/li>\n<\/ul>\n","protected":false},"excerpt":{"rendered":"Championnats juniors Le Championnat national junior a lieu pendant la troisi\u00e8me ann\u00e9e du cycle et tient lieu de tournoi de classement pour les Jeux du Canada qui ont lieu pendant la quartri\u00e8me ann\u00e9e du cycle. R\u00e9sultats du tournois Veuillez consulter le document ci-dessous pour les r\u00e9sultats complets au Championnat national f\u00e9minin de la LCBFR, y [&hellip;]","protected":false},"author":4,"featured_media":0,"parent":1287,"menu_order":5,"comment_status":"closed","ping_status":"closed","template":"","meta":{"om_disable_all_campaigns":false,"_monsterinsights_skip_tracking":false,"_monsterinsights_sitenote_active":false,"_monsterinsights_sitenote_note":"","_monsterinsights_sitenote_category":0,"footnotes":""},"acf":[],"yoast_head":"<!-- This site is optimized with the Yoast SEO plugin v21.9.1 - https:\/\/yoast.com\/wordpress\/plugins\/seo\/ -->\n<title>Anciens r\u00e9sultats - Wheelchair Basketball Canada<\/title>\n<meta name=\"robots\" content=\"index, follow, max-snippet:-1, max-image-preview:large, max-video-preview:-1\" \/>\n<link rel=\"canonical\" href=\"https:\/\/www.wheelchairbasketball.ca\/fr\/evenements\/championnats-juniors\/anciens-resultats\/\" \/>\n<meta property=\"og:locale\" content=\"fr_FR\" \/>\n<meta property=\"og:type\" content=\"article\" \/>\n<meta property=\"og:title\" content=\"Anciens r\u00e9sultats - Wheelchair Basketball Canada\" \/>\n<meta property=\"og:description\" content=\"Championnats juniors Le Championnat national junior a lieu pendant la troisi\u00e8me ann\u00e9e du cycle et tient lieu de tournoi de classement pour les Jeux du Canada qui ont lieu pendant la quartri\u00e8me ann\u00e9e du cycle. R\u00e9sultats du tournois Veuillez consulter le document ci-dessous pour les r\u00e9sultats complets au Championnat national f\u00e9minin de la LCBFR, y [&hellip;]\" \/>\n<meta property=\"og:url\" content=\"https:\/\/www.wheelchairbasketball.ca\/fr\/evenements\/championnats-juniors\/anciens-resultats\/\" \/>\n<meta property=\"og:site_name\" content=\"Wheelchair Basketball Canada\" \/>\n<meta property=\"article:publisher\" content=\"http:\/\/www.facebook.com\/wheelchairbasketball\" \/>\n<meta property=\"article:modified_time\" content=\"2015-05-22T18:24:31+00:00\" \/>\n<meta name=\"twitter:card\" content=\"summary_large_image\" \/>\n<meta name=\"twitter:site\" content=\"@WCBballCanada\" \/>\n<script type=\"application\/ld+json\" class=\"yoast-schema-graph\">{\"@context\":\"https:\/\/schema.org\",\"@graph\":[{\"@type\":\"WebPage\",\"@id\":\"https:\/\/www.wheelchairbasketball.ca\/fr\/evenements\/championnats-juniors\/anciens-resultats\/\",\"url\":\"https:\/\/www.wheelchairbasketball.ca\/fr\/evenements\/championnats-juniors\/anciens-resultats\/\",\"name\":\"Anciens r\u00e9sultats - Wheelchair Basketball Canada\",\"isPartOf\":{\"@id\":\"https:\/\/www.wheelchairbasketball.ca\/#website\"},\"datePublished\":\"2015-04-02T00:25:33+00:00\",\"dateModified\":\"2015-05-22T18:24:31+00:00\",\"breadcrumb\":{\"@id\":\"https:\/\/www.wheelchairbasketball.ca\/fr\/evenements\/championnats-juniors\/anciens-resultats\/#breadcrumb\"},\"inLanguage\":\"fr-FR\",\"potentialAction\":[{\"@type\":\"ReadAction\",\"target\":[\"https:\/\/www.wheelchairbasketball.ca\/fr\/evenements\/championnats-juniors\/anciens-resultats\/\"]}]},{\"@type\":\"BreadcrumbList\",\"@id\":\"https:\/\/www.wheelchairbasketball.ca\/fr\/evenements\/championnats-juniors\/anciens-resultats\/#breadcrumb\",\"itemListElement\":[{\"@type\":\"ListItem\",\"position\":1,\"name\":\"Home\",\"item\":\"https:\/\/www.wheelchairbasketball.ca\/fr\/\"},{\"@type\":\"ListItem\",\"position\":2,\"name\":\"\u00c9v\u00e9nements\",\"item\":\"https:\/\/www.wheelchairbasketball.ca\/fr\/evenements\/\"},{\"@type\":\"ListItem\",\"position\":3,\"name\":\"Championnats juniors\",\"item\":\"https:\/\/www.wheelchairbasketball.ca\/fr\/evenements\/championnats-juniors\/\"},{\"@type\":\"ListItem\",\"position\":4,\"name\":\"Anciens r\u00e9sultats\"}]},{\"@type\":\"WebSite\",\"@id\":\"https:\/\/www.wheelchairbasketball.ca\/#website\",\"url\":\"https:\/\/www.wheelchairbasketball.ca\/\",\"name\":\"Wheelchair Basketball Canada\",\"description\":\"Real Life. Real Sport.\",\"potentialAction\":[{\"@type\":\"SearchAction\",\"target\":{\"@type\":\"EntryPoint\",\"urlTemplate\":\"https:\/\/www.wheelchairbasketball.ca\/?s={search_term_string}\"},\"query-input\":\"required name=search_term_string\"}],\"inLanguage\":\"fr-FR\"}]}<\/script>\n<!-- \/ Yoast SEO plugin. -->","yoast_head_json":{"title":"Anciens r\u00e9sultats - Wheelchair Basketball Canada","robots":{"index":"index","follow":"follow","max-snippet":"max-snippet:-1","max-image-preview":"max-image-preview:large","max-video-preview":"max-video-preview:-1"},"canonical":"https:\/\/www.wheelchairbasketball.ca\/fr\/evenements\/championnats-juniors\/anciens-resultats\/","og_locale":"fr_FR","og_type":"article","og_title":"Anciens r\u00e9sultats - Wheelchair Basketball Canada","og_description":"Championnats juniors Le Championnat national junior a lieu pendant la troisi\u00e8me ann\u00e9e du cycle et tient lieu de tournoi de classement pour les Jeux du Canada qui ont lieu pendant la quartri\u00e8me ann\u00e9e du cycle. R\u00e9sultats du tournois Veuillez consulter le document ci-dessous pour les r\u00e9sultats complets au Championnat national f\u00e9minin de la LCBFR, y [&hellip;]","og_url":"https:\/\/www.wheelchairbasketball.ca\/fr\/evenements\/championnats-juniors\/anciens-resultats\/","og_site_name":"Wheelchair Basketball Canada","article_publisher":"http:\/\/www.facebook.com\/wheelchairbasketball","article_modified_time":"2015-05-22T18:24:31+00:00","twitter_card":"summary_large_image","twitter_site":"@WCBballCanada","schema":{"@context":"https:\/\/schema.org","@graph":[{"@type":"WebPage","@id":"https:\/\/www.wheelchairbasketball.ca\/fr\/evenements\/championnats-juniors\/anciens-resultats\/","url":"https:\/\/www.wheelchairbasketball.ca\/fr\/evenements\/championnats-juniors\/anciens-resultats\/","name":"Anciens r\u00e9sultats - Wheelchair Basketball Canada","isPartOf":{"@id":"https:\/\/www.wheelchairbasketball.ca\/#website"},"datePublished":"2015-04-02T00:25:33+00:00","dateModified":"2015-05-22T18:24:31+00:00","breadcrumb":{"@id":"https:\/\/www.wheelchairbasketball.ca\/fr\/evenements\/championnats-juniors\/anciens-resultats\/#breadcrumb"},"inLanguage":"fr-FR","potentialAction":[{"@type":"ReadAction","target":["https:\/\/www.wheelchairbasketball.ca\/fr\/evenements\/championnats-juniors\/anciens-resultats\/"]}]},{"@type":"BreadcrumbList","@id":"https:\/\/www.wheelchairbasketball.ca\/fr\/evenements\/championnats-juniors\/anciens-resultats\/#breadcrumb","itemListElement":[{"@type":"ListItem","position":1,"name":"Home","item":"https:\/\/www.wheelchairbasketball.ca\/fr\/"},{"@type":"ListItem","position":2,"name":"\u00c9v\u00e9nements","item":"https:\/\/www.wheelchairbasketball.ca\/fr\/evenements\/"},{"@type":"ListItem","position":3,"name":"Championnats juniors","item":"https:\/\/www.wheelchairbasketball.ca\/fr\/evenements\/championnats-juniors\/"},{"@type":"ListItem","position":4,"name":"Anciens r\u00e9sultats"}]},{"@type":"WebSite","@id":"https:\/\/www.wheelchairbasketball.ca\/#website","url":"https:\/\/www.wheelchairbasketball.ca\/","name":"Wheelchair Basketball Canada","description":"Real Life. Real Sport.","potentialAction":[{"@type":"SearchAction","target":{"@type":"EntryPoint","urlTemplate":"https:\/\/www.wheelchairbasketball.ca\/?s={search_term_string}"},"query-input":"required name=search_term_string"}],"inLanguage":"fr-FR"}]}},"_links":{"self":[{"href":"https:\/\/www.wheelchairbasketball.ca\/fr\/wp-json\/wp\/v2\/pages\/1630"}],"collection":[{"href":"https:\/\/www.wheelchairbasketball.ca\/fr\/wp-json\/wp\/v2\/pages"}],"about":[{"href":"https:\/\/www.wheelchairbasketball.ca\/fr\/wp-json\/wp\/v2\/types\/page"}],"author":[{"embeddable":true,"href":"https:\/\/www.wheelchairbasketball.ca\/fr\/wp-json\/wp\/v2\/users\/4"}],"replies":[{"embeddable":true,"href":"https:\/\/www.wheelchairbasketball.ca\/fr\/wp-json\/wp\/v2\/comments?post=1630"}],"version-history":[{"count":5,"href":"https:\/\/www.wheelchairbasketball.ca\/fr\/wp-json\/wp\/v2\/pages\/1630\/revisions"}],"predecessor-version":[{"id":3080,"href":"https:\/\/www.wheelchairbasketball.ca\/fr\/wp-json\/wp\/v2\/pages\/1630\/revisions\/3080"}],"up":[{"embeddable":true,"href":"https:\/\/www.wheelchairbasketball.ca\/fr\/wp-json\/wp\/v2\/pages\/1287"}],"wp:attachment":[{"href":"https:\/\/www.wheelchairbasketball.ca\/fr\/wp-json\/wp\/v2\/media?parent=1630"}],"curies":[{"name":"wp","href":"https:\/\/api.w.org\/{rel}","templated":true}]}}