{"id":1662,"date":"2015-04-02T01:32:40","date_gmt":"2015-04-02T01:32:40","guid":{"rendered":"https:\/\/www.wheelchairbasketball.ca\/?page_id=1662"},"modified":"2025-11-24T15:17:41","modified_gmt":"2025-11-24T15:17:41","slug":"examen-annuel-des-officiels","status":"publish","type":"page","link":"https:\/\/www.wheelchairbasketball.ca\/fr\/technique\/officiels\/examen-annuel-des-officiels\/","title":{"rendered":"Examen annuel des officiels"},"content":{"rendered":"<p>L&rsquo;examen 2025-2026 pour les officiels de Basketball Canada en fauteuil roulant est d\u00e9sormais disponible sur le portail Game Plan de Canada Basketball.<\/p>\n<p>Pour \u00eatre admissibles aux affectations d&rsquo;apr\u00e8s-saison, tous les officiels doivent remplir les conditions suivantes avant le <strong>19 d\u00e9cembre 2025, \u00e0 17 h HNE<\/strong>.<\/p>\n<h4>Acc\u00e8s \u00e0 l\u2019examen<\/h4>\n<ol>\n<li>Ouvrez une session dans votre compte de <a href=\"https:\/\/gameplanbasketball.ca\/?set_member_type=official\">Plan de match<\/a>. Cliquez sur\u00a0 \u00a0 \u00abMember Sign In \u00bb (connexion des membres) dans le coin sup\u00e9rieur droit de la page.<\/li>\n<li>Si vous n\u2019avez pas de compte, vous devez <a href=\"https:\/\/www.wheelchairbasketball.ca\/wp-content\/uploads\/2022\/11\/How-to-Create-a-Game-Plan-Account-2022-ENFR23.pdf\">cr\u00e9er un compte Plan de match<\/a> pour avoir acc\u00e8s \u00e0 l\u2019examen.<\/li>\n<li>Une fois que vous avez ouvert une session, veuillez lire les <a href=\"https:\/\/www.wheelchairbasketball.ca\/wp-content\/uploads\/2022\/11\/2022-23-WBC-Exam-Instructions.pdf\">instructions pour l\u2019examen de BFRC<\/a>, afin d\u2019avoir acc\u00e8s \u00e0 l\u2019examen officiel, d\u2019y r\u00e9pondre et de le soumettre.<\/li>\n<\/ol>\n<p>Pour plus d&rsquo;informations, veuillez contacter <a href=\"mailto: &#x6b;&#x6f;&#110;y&#x6f;&#x6e;&#64;wh&#x65;&#x65;&#108;c&#x68;&#x61;&#105;&#114;b&#x61;&#x73;&#107;e&#x74;&#x62;&#97;&#108;l&#x2e;&#x63;&#97;\">Kathleen O&rsquo;Nyon<\/a>, coordinatrice des adh\u00e9sions.<\/p>\n<h4>T\u00e9l\u00e9chargez les anciens examens<\/h4>\n<ul>\n<li><a href=\"https:\/\/wheelchairbasketballca.sharepoint.com\/:w:\/g\/ERGzHY2R9u9LsR1-wWcjA_4BmfCwgAwqTl4hvVo6vOFI8A?e=TWf6bB\">Examen annuel des officiels 2024-2025<\/a><\/li>\n<li><a href=\"https:\/\/www.wheelchairbasketball.ca\/wp-content\/uploads\/2024\/12\/WBC-2023-2024-Exam-English-and-French-NO-ANSWERS.docx\">Examen annuel des officiels 2023-2024<\/a><\/li>\n<li><a href=\"https:\/\/www.wheelchairbasketball.ca\/wp-content\/uploads\/2023\/11\/WBC-2022-2023-Exam-No-Answers.docx\">Examen annuel des officiels 2022-2023<\/a><\/li>\n<li><a href=\"https:\/\/www.wheelchairbasketball.ca\/wp-content\/uploads\/2022\/11\/Officials-Exam-2021-22-EN_FR-No-Answer-Key.docx\">Examen annuel des officiels 2021-2022<\/a><\/li>\n<li><a href=\"https:\/\/www.wheelchairbasketball.ca\/wp-content\/uploads\/2022\/01\/2019-2020-Annual-Officials-Exam.docx\">Examen annuel des officiels 2019-2020<\/a><\/li>\n<li><a href=\"https:\/\/www.wheelchairbasketball.ca\/wp-content\/uploads\/2019\/01\/2018-19-WBC-exam-French_propre-2.docx\">Examen annuel des officiels 2018-2019<\/a><\/li>\n<li><a href=\"https:\/\/www.wheelchairbasketball.ca\/wp-content\/uploads\/2015\/04\/2016-17-Annual-Officials-Exam-FR.docx\">Examen annuel des officiels 2016-2017<\/a><\/li>\n<li><a href=\"https:\/\/www.wheelchairbasketball.ca\/wp-content\/uploads\/2015\/04\/2015-16-Annual-Officials-Exam-f-Final.pdf\">Examen annuel des officiels 2015-2016<\/a><\/li>\n<li><a title=\"[Examen annuel des officiels 2014-15]\" href=\"https:\/\/www.wheelchairbasketball.ca\/wp-content\/uploads\/2015\/04\/2014-15-Annual-Officials-Exam-Reviewed-f.pdf\">Examen annuel des officiels 2014-2015<\/a><\/li>\n<li><a title=\"[L'examen annuel 2013-14]\" href=\"https:\/\/wheelchairbasketball.ca\/uploadedFiles\/Members\/Officials\/Annual_Exams\/2013-14%20Annual%20Officials%20Exam-f-revis%C3%A9.pdf\">Examen annuel des officiels 2013-2014<\/a><\/li>\n<li id=\"radETempNode\"><a title=\"[L'examen annuel 2012-13]\" href=\"https:\/\/wheelchairbasketball.ca\/uploadedFiles\/Members\/Officials\/Annual_Exams\/2012-13%20Annual%20Officials%20Exam-f.pdf\">Examen annuel des officiels 2012-2013<\/a><\/li>\n<li><a title=\"[L'examen annuel 2011-12]\" href=\"https:\/\/wheelchairbasketball.ca\/uploadedFiles\/Members\/Officials\/Annual_Exams\/2011-12%20Annual%20Officials%20Exam-f.pdf\">Examen annuel des officiels 2011-2012<\/a><\/li>\n<li><a title=\"[L'examen annuel 2010-11]\" href=\"https:\/\/wheelchairbasketball.ca\/uploadedFiles\/Members\/Officials\/Annual_Exams\/2010-11%20Official%20Exam-f.pdf\">Examen annuel des officiels 2010-2011<\/a><\/li>\n<li><a title=\"[L'examen annuel 2009-10]\" href=\"https:\/\/wheelchairbasketball.ca\/uploadedFiles\/Members\/Officials\/Annual_Exams\/2009-10%20Wheelchair%20Basketball%20Canada%20Officials%20Exam.pdf\">Examen annuel des officiels 2009-2010<\/a><em>\u00a0(seulement en anglais)<\/em><\/li>\n<li><a title=\"[L'examen annuel 2008-09]\" href=\"https:\/\/wheelchairbasketball.ca\/uploadedFiles\/Members\/Officials\/Annual_Exams\/2008CWBAOfficialsExam.pdf\">Examen annuel des officiels 2008-2009<\/a> <em>(seulement en anglais)<\/em><\/li>\n<\/ul>\n<p>Basketball en fauteuil roulant Canada \u00e9largit son centre d&rsquo;apprentissage avec le lancement d&rsquo;un <a href=\"https:\/\/www.wheelchairbasketball.ca\/learninghub\/#officials-development\">module d&rsquo;apprentissage en ligne<\/a> de type cartes flash permettant de r\u00e9viser les r\u00e8gles et les concepts techniques.<\/p>\n<p>Ce module gratuit, que vous pouvez suivre \u00e0 votre rythme, offre un moyen attrayant et accessible de r\u00e9viser les concepts cl\u00e9s de l&rsquo;arbitrage, de tester votre compr\u00e9hension technique du jeu et d&rsquo;identifier les domaines \u00e0 am\u00e9liorer avant les \u00e9v\u00e9nements et l&rsquo;examen annuel des arbitres.<\/p>\n<p>D\u00e9tails importants :<\/p>\n<ul>\n<li>Gratuit et accessible \u00e0 tous<\/li>\n<li>Obtenez 1 point de d\u00e9veloppement professionnel \u00e0 la fin du module<\/li>\n<li>Disponible d\u00e8s maintenant sur <a href=\"https:\/\/www.wheelchairbasketball.ca\/learninghub\/#officials-development\">le centre d&rsquo;apprentissage de BFRC<\/a><\/li>\n<\/ul>\n","protected":false},"excerpt":{"rendered":"L&rsquo;examen 2025-2026 pour les officiels de Basketball Canada en fauteuil roulant est d\u00e9sormais disponible sur le portail Game Plan de Canada Basketball. Pour \u00eatre admissibles aux affectations d&rsquo;apr\u00e8s-saison, tous les officiels doivent remplir les conditions suivantes avant le 19 d\u00e9cembre 2025, \u00e0 17 h HNE. Acc\u00e8s \u00e0 l\u2019examen Ouvrez une session dans votre compte de [&hellip;]","protected":false},"author":4,"featured_media":13896,"parent":1202,"menu_order":0,"comment_status":"closed","ping_status":"closed","template":"","meta":{"om_disable_all_campaigns":false,"_monsterinsights_skip_tracking":false,"_monsterinsights_sitenote_active":false,"_monsterinsights_sitenote_note":"","_monsterinsights_sitenote_category":0,"footnotes":""},"acf":[],"yoast_head":"<!-- This site is optimized with the Yoast SEO plugin v21.9.1 - https:\/\/yoast.com\/wordpress\/plugins\/seo\/ -->\n<title>Examen annuel des officiels - Wheelchair Basketball Canada<\/title>\n<meta name=\"robots\" content=\"index, follow, max-snippet:-1, max-image-preview:large, max-video-preview:-1\" \/>\n<link rel=\"canonical\" href=\"https:\/\/www.wheelchairbasketball.ca\/fr\/technique\/officiels\/examen-annuel-des-officiels\/\" \/>\n<meta property=\"og:locale\" content=\"fr_FR\" \/>\n<meta property=\"og:type\" content=\"article\" \/>\n<meta property=\"og:title\" content=\"Examen annuel des officiels - Wheelchair Basketball Canada\" \/>\n<meta property=\"og:description\" content=\"L&rsquo;examen 2025-2026 pour les officiels de Basketball Canada en fauteuil roulant est d\u00e9sormais disponible sur le portail Game Plan de Canada Basketball. Pour \u00eatre admissibles aux affectations d&rsquo;apr\u00e8s-saison, tous les officiels doivent remplir les conditions suivantes avant le 19 d\u00e9cembre 2025, \u00e0 17 h HNE. Acc\u00e8s \u00e0 l\u2019examen Ouvrez une session dans votre compte de [&hellip;]\" \/>\n<meta property=\"og:url\" content=\"https:\/\/www.wheelchairbasketball.ca\/fr\/technique\/officiels\/examen-annuel-des-officiels\/\" \/>\n<meta property=\"og:site_name\" content=\"Wheelchair Basketball Canada\" \/>\n<meta property=\"article:publisher\" content=\"http:\/\/www.facebook.com\/wheelchairbasketball\" \/>\n<meta property=\"article:modified_time\" content=\"2025-11-24T15:17:41+00:00\" \/>\n<meta property=\"og:image\" content=\"https:\/\/www.wheelchairbasketball.ca\/wp-content\/uploads\/2020\/01\/Officials-feature.jpg\" \/>\n\t<meta property=\"og:image:width\" content=\"1400\" \/>\n\t<meta property=\"og:image:height\" content=\"600\" \/>\n\t<meta property=\"og:image:type\" content=\"image\/jpeg\" \/>\n<meta name=\"twitter:card\" content=\"summary_large_image\" \/>\n<meta name=\"twitter:site\" content=\"@WCBballCanada\" \/>\n<meta name=\"twitter:label1\" content=\"Dur\u00e9e de lecture estim\u00e9e\" \/>\n\t<meta name=\"twitter:data1\" content=\"2 minutes\" \/>\n<script type=\"application\/ld+json\" class=\"yoast-schema-graph\">{\"@context\":\"https:\/\/schema.org\",\"@graph\":[{\"@type\":\"WebPage\",\"@id\":\"https:\/\/www.wheelchairbasketball.ca\/fr\/technique\/officiels\/examen-annuel-des-officiels\/\",\"url\":\"https:\/\/www.wheelchairbasketball.ca\/fr\/technique\/officiels\/examen-annuel-des-officiels\/\",\"name\":\"Examen annuel des officiels - Wheelchair Basketball Canada\",\"isPartOf\":{\"@id\":\"https:\/\/www.wheelchairbasketball.ca\/#website\"},\"datePublished\":\"2015-04-02T01:32:40+00:00\",\"dateModified\":\"2025-11-24T15:17:41+00:00\",\"breadcrumb\":{\"@id\":\"https:\/\/www.wheelchairbasketball.ca\/fr\/technique\/officiels\/examen-annuel-des-officiels\/#breadcrumb\"},\"inLanguage\":\"fr-FR\",\"potentialAction\":[{\"@type\":\"ReadAction\",\"target\":[\"https:\/\/www.wheelchairbasketball.ca\/fr\/technique\/officiels\/examen-annuel-des-officiels\/\"]}]},{\"@type\":\"BreadcrumbList\",\"@id\":\"https:\/\/www.wheelchairbasketball.ca\/fr\/technique\/officiels\/examen-annuel-des-officiels\/#breadcrumb\",\"itemListElement\":[{\"@type\":\"ListItem\",\"position\":1,\"name\":\"Home\",\"item\":\"https:\/\/www.wheelchairbasketball.ca\/fr\/\"},{\"@type\":\"ListItem\",\"position\":2,\"name\":\"Technique\",\"item\":\"https:\/\/www.wheelchairbasketball.ca\/fr\/technique\/\"},{\"@type\":\"ListItem\",\"position\":3,\"name\":\"Officiels\",\"item\":\"https:\/\/www.wheelchairbasketball.ca\/fr\/technique\/officiels\/\"},{\"@type\":\"ListItem\",\"position\":4,\"name\":\"Examen annuel des officiels\"}]},{\"@type\":\"WebSite\",\"@id\":\"https:\/\/www.wheelchairbasketball.ca\/#website\",\"url\":\"https:\/\/www.wheelchairbasketball.ca\/\",\"name\":\"Wheelchair Basketball Canada\",\"description\":\"Real Life. Real Sport.\",\"potentialAction\":[{\"@type\":\"SearchAction\",\"target\":{\"@type\":\"EntryPoint\",\"urlTemplate\":\"https:\/\/www.wheelchairbasketball.ca\/?s={search_term_string}\"},\"query-input\":\"required name=search_term_string\"}],\"inLanguage\":\"fr-FR\"}]}<\/script>\n<!-- \/ Yoast SEO plugin. -->","yoast_head_json":{"title":"Examen annuel des officiels - Wheelchair Basketball Canada","robots":{"index":"index","follow":"follow","max-snippet":"max-snippet:-1","max-image-preview":"max-image-preview:large","max-video-preview":"max-video-preview:-1"},"canonical":"https:\/\/www.wheelchairbasketball.ca\/fr\/technique\/officiels\/examen-annuel-des-officiels\/","og_locale":"fr_FR","og_type":"article","og_title":"Examen annuel des officiels - Wheelchair Basketball Canada","og_description":"L&rsquo;examen 2025-2026 pour les officiels de Basketball Canada en fauteuil roulant est d\u00e9sormais disponible sur le portail Game Plan de Canada Basketball. Pour \u00eatre admissibles aux affectations d&rsquo;apr\u00e8s-saison, tous les officiels doivent remplir les conditions suivantes avant le 19 d\u00e9cembre 2025, \u00e0 17 h HNE. Acc\u00e8s \u00e0 l\u2019examen Ouvrez une session dans votre compte de [&hellip;]","og_url":"https:\/\/www.wheelchairbasketball.ca\/fr\/technique\/officiels\/examen-annuel-des-officiels\/","og_site_name":"Wheelchair Basketball Canada","article_publisher":"http:\/\/www.facebook.com\/wheelchairbasketball","article_modified_time":"2025-11-24T15:17:41+00:00","og_image":[{"width":1400,"height":600,"url":"https:\/\/www.wheelchairbasketball.ca\/wp-content\/uploads\/2020\/01\/Officials-feature.jpg","type":"image\/jpeg"}],"twitter_card":"summary_large_image","twitter_site":"@WCBballCanada","twitter_misc":{"Dur\u00e9e de lecture estim\u00e9e":"2 minutes"},"schema":{"@context":"https:\/\/schema.org","@graph":[{"@type":"WebPage","@id":"https:\/\/www.wheelchairbasketball.ca\/fr\/technique\/officiels\/examen-annuel-des-officiels\/","url":"https:\/\/www.wheelchairbasketball.ca\/fr\/technique\/officiels\/examen-annuel-des-officiels\/","name":"Examen annuel des officiels - Wheelchair Basketball Canada","isPartOf":{"@id":"https:\/\/www.wheelchairbasketball.ca\/#website"},"datePublished":"2015-04-02T01:32:40+00:00","dateModified":"2025-11-24T15:17:41+00:00","breadcrumb":{"@id":"https:\/\/www.wheelchairbasketball.ca\/fr\/technique\/officiels\/examen-annuel-des-officiels\/#breadcrumb"},"inLanguage":"fr-FR","potentialAction":[{"@type":"ReadAction","target":["https:\/\/www.wheelchairbasketball.ca\/fr\/technique\/officiels\/examen-annuel-des-officiels\/"]}]},{"@type":"BreadcrumbList","@id":"https:\/\/www.wheelchairbasketball.ca\/fr\/technique\/officiels\/examen-annuel-des-officiels\/#breadcrumb","itemListElement":[{"@type":"ListItem","position":1,"name":"Home","item":"https:\/\/www.wheelchairbasketball.ca\/fr\/"},{"@type":"ListItem","position":2,"name":"Technique","item":"https:\/\/www.wheelchairbasketball.ca\/fr\/technique\/"},{"@type":"ListItem","position":3,"name":"Officiels","item":"https:\/\/www.wheelchairbasketball.ca\/fr\/technique\/officiels\/"},{"@type":"ListItem","position":4,"name":"Examen annuel des officiels"}]},{"@type":"WebSite","@id":"https:\/\/www.wheelchairbasketball.ca\/#website","url":"https:\/\/www.wheelchairbasketball.ca\/","name":"Wheelchair Basketball Canada","description":"Real Life. Real Sport.","potentialAction":[{"@type":"SearchAction","target":{"@type":"EntryPoint","urlTemplate":"https:\/\/www.wheelchairbasketball.ca\/?s={search_term_string}"},"query-input":"required name=search_term_string"}],"inLanguage":"fr-FR"}]}},"_links":{"self":[{"href":"https:\/\/www.wheelchairbasketball.ca\/fr\/wp-json\/wp\/v2\/pages\/1662"}],"collection":[{"href":"https:\/\/www.wheelchairbasketball.ca\/fr\/wp-json\/wp\/v2\/pages"}],"about":[{"href":"https:\/\/www.wheelchairbasketball.ca\/fr\/wp-json\/wp\/v2\/types\/page"}],"author":[{"embeddable":true,"href":"https:\/\/www.wheelchairbasketball.ca\/fr\/wp-json\/wp\/v2\/users\/4"}],"replies":[{"embeddable":true,"href":"https:\/\/www.wheelchairbasketball.ca\/fr\/wp-json\/wp\/v2\/comments?post=1662"}],"version-history":[{"count":11,"href":"https:\/\/www.wheelchairbasketball.ca\/fr\/wp-json\/wp\/v2\/pages\/1662\/revisions"}],"predecessor-version":[{"id":25358,"href":"https:\/\/www.wheelchairbasketball.ca\/fr\/wp-json\/wp\/v2\/pages\/1662\/revisions\/25358"}],"up":[{"embeddable":true,"href":"https:\/\/www.wheelchairbasketball.ca\/fr\/wp-json\/wp\/v2\/pages\/1202"}],"wp:featuredmedia":[{"embeddable":true,"href":"https:\/\/www.wheelchairbasketball.ca\/fr\/wp-json\/wp\/v2\/media\/13896"}],"wp:attachment":[{"href":"https:\/\/www.wheelchairbasketball.ca\/fr\/wp-json\/wp\/v2\/media?parent=1662"}],"curies":[{"name":"wp","href":"https:\/\/api.w.org\/{rel}","templated":true}]}}