{"id":1665,"date":"2015-04-02T01:35:22","date_gmt":"2015-04-02T01:35:22","guid":{"rendered":"https:\/\/www.wheelchairbasketball.ca\/?page_id=1665"},"modified":"2025-01-28T15:59:20","modified_gmt":"2025-01-28T15:59:20","slug":"regles-iwbf","status":"publish","type":"page","link":"https:\/\/www.wheelchairbasketball.ca\/fr\/technique\/regles-iwbf\/","title":{"rendered":"R\u00e8gles de l&rsquo;I.W.B.F."},"content":{"rendered":"<p>Les documents ci-dessous d\u00e9crivent les r\u00e8gles du jeu de basketball en fauteuil roulant par la F\u00e9d\u00e9ration internationale de basketball en fauteuil roulant (I.W.B.F.).<\/p>\n<h3>R\u00e8gles actuelles<\/h3>\n<ul>\n<li><a href=\"https:\/\/cdn.prod.website-files.com\/66a7ad387e177bc7c659bb87\/67950f4816ab0fb86f0ef12a_2024_OWBR-Ver2_def.pdf\">R\u00e8glements de l&rsquo;I.W.B.F.\u00a0<\/a><\/li>\n<li><a href=\"https:\/\/cdn.prod.website-files.com\/66a7ad387e177bc7c659bb87\/67950f5c57b528852ee729a9_IWBF_2024_OWBRI_ver2_def.pdf\">IWBF Commentaires et interpr\u00e9tations<\/a><\/li>\n<li><a href=\"https:\/\/cdn.prod.website-files.com\/66a7ad387e177bc7c659bb87\/67950fda570898e412f16e8a_3x3_IWBF_rules_2025_ver1_def.pdf\">R\u00e8gles du basket-ball en fauteuil roulant 3 contre 3<\/a><\/li>\n<\/ul>\n<p>Pour plus de renseignements, veuillez visiter <a href=\"http:\/\/www.iwbf.org\" target=\"_blank\" rel=\"noopener noreferrer\">www.iwbf.org<\/a>.<\/p>\n","protected":false},"excerpt":{"rendered":"Les documents ci-dessous d\u00e9crivent les r\u00e8gles du jeu de basketball en fauteuil roulant par la F\u00e9d\u00e9ration internationale de basketball en fauteuil roulant (I.W.B.F.). R\u00e8gles actuelles R\u00e8glements de l&rsquo;I.W.B.F.\u00a0 IWBF Commentaires et interpr\u00e9tations R\u00e8gles du basket-ball en fauteuil roulant 3 contre 3 Pour plus de renseignements, veuillez visiter www.iwbf.org.","protected":false},"author":4,"featured_media":21773,"parent":1649,"menu_order":2,"comment_status":"closed","ping_status":"closed","template":"","meta":{"om_disable_all_campaigns":false,"_monsterinsights_skip_tracking":false,"_monsterinsights_sitenote_active":false,"_monsterinsights_sitenote_note":"","_monsterinsights_sitenote_category":0,"footnotes":""},"acf":[],"yoast_head":"<!-- This site is optimized with the Yoast SEO plugin v21.9.1 - https:\/\/yoast.com\/wordpress\/plugins\/seo\/ -->\n<title>R\u00e8gles de l&#039;I.W.B.F. - Wheelchair Basketball Canada<\/title>\n<meta name=\"robots\" content=\"index, follow, max-snippet:-1, max-image-preview:large, max-video-preview:-1\" \/>\n<link rel=\"canonical\" href=\"https:\/\/www.wheelchairbasketball.ca\/fr\/technique\/regles-iwbf\/\" \/>\n<meta property=\"og:locale\" content=\"fr_FR\" \/>\n<meta property=\"og:type\" content=\"article\" \/>\n<meta property=\"og:title\" content=\"R\u00e8gles de l&#039;I.W.B.F. - Wheelchair Basketball Canada\" \/>\n<meta property=\"og:description\" content=\"Les documents ci-dessous d\u00e9crivent les r\u00e8gles du jeu de basketball en fauteuil roulant par la F\u00e9d\u00e9ration internationale de basketball en fauteuil roulant (I.W.B.F.). R\u00e8gles actuelles R\u00e8glements de l&rsquo;I.W.B.F.\u00a0 IWBF Commentaires et interpr\u00e9tations R\u00e8gles du basket-ball en fauteuil roulant 3 contre 3 Pour plus de renseignements, veuillez visiter www.iwbf.org.\" \/>\n<meta property=\"og:url\" content=\"https:\/\/www.wheelchairbasketball.ca\/fr\/technique\/regles-iwbf\/\" \/>\n<meta property=\"og:site_name\" content=\"Wheelchair Basketball Canada\" \/>\n<meta property=\"article:publisher\" content=\"http:\/\/www.facebook.com\/wheelchairbasketball\" \/>\n<meta property=\"article:modified_time\" content=\"2025-01-28T15:59:20+00:00\" \/>\n<meta property=\"og:image\" content=\"https:\/\/www.wheelchairbasketball.ca\/wp-content\/uploads\/2024\/10\/53653447510_9ce45e1740_o-1400x600-1.png\" \/>\n\t<meta property=\"og:image:width\" content=\"1400\" \/>\n\t<meta property=\"og:image:height\" content=\"600\" \/>\n\t<meta property=\"og:image:type\" content=\"image\/png\" \/>\n<meta name=\"twitter:card\" content=\"summary_large_image\" \/>\n<meta name=\"twitter:site\" content=\"@WCBballCanada\" \/>\n<meta name=\"twitter:label1\" content=\"Dur\u00e9e de lecture estim\u00e9e\" \/>\n\t<meta name=\"twitter:data1\" content=\"1 minute\" \/>\n<script type=\"application\/ld+json\" class=\"yoast-schema-graph\">{\"@context\":\"https:\/\/schema.org\",\"@graph\":[{\"@type\":\"WebPage\",\"@id\":\"https:\/\/www.wheelchairbasketball.ca\/fr\/technique\/regles-iwbf\/\",\"url\":\"https:\/\/www.wheelchairbasketball.ca\/fr\/technique\/regles-iwbf\/\",\"name\":\"R\u00e8gles de l'I.W.B.F. - Wheelchair Basketball Canada\",\"isPartOf\":{\"@id\":\"https:\/\/www.wheelchairbasketball.ca\/#website\"},\"datePublished\":\"2015-04-02T01:35:22+00:00\",\"dateModified\":\"2025-01-28T15:59:20+00:00\",\"breadcrumb\":{\"@id\":\"https:\/\/www.wheelchairbasketball.ca\/fr\/technique\/regles-iwbf\/#breadcrumb\"},\"inLanguage\":\"fr-FR\",\"potentialAction\":[{\"@type\":\"ReadAction\",\"target\":[\"https:\/\/www.wheelchairbasketball.ca\/fr\/technique\/regles-iwbf\/\"]}]},{\"@type\":\"BreadcrumbList\",\"@id\":\"https:\/\/www.wheelchairbasketball.ca\/fr\/technique\/regles-iwbf\/#breadcrumb\",\"itemListElement\":[{\"@type\":\"ListItem\",\"position\":1,\"name\":\"Home\",\"item\":\"https:\/\/www.wheelchairbasketball.ca\/fr\/\"},{\"@type\":\"ListItem\",\"position\":2,\"name\":\"Technique\",\"item\":\"https:\/\/www.wheelchairbasketball.ca\/fr\/technique\/\"},{\"@type\":\"ListItem\",\"position\":3,\"name\":\"R\u00e8gles de l&#8217;I.W.B.F.\"}]},{\"@type\":\"WebSite\",\"@id\":\"https:\/\/www.wheelchairbasketball.ca\/#website\",\"url\":\"https:\/\/www.wheelchairbasketball.ca\/\",\"name\":\"Wheelchair Basketball Canada\",\"description\":\"Real Life. Real Sport.\",\"potentialAction\":[{\"@type\":\"SearchAction\",\"target\":{\"@type\":\"EntryPoint\",\"urlTemplate\":\"https:\/\/www.wheelchairbasketball.ca\/?s={search_term_string}\"},\"query-input\":\"required name=search_term_string\"}],\"inLanguage\":\"fr-FR\"}]}<\/script>\n<!-- \/ Yoast SEO plugin. -->","yoast_head_json":{"title":"R\u00e8gles de l'I.W.B.F. - Wheelchair Basketball Canada","robots":{"index":"index","follow":"follow","max-snippet":"max-snippet:-1","max-image-preview":"max-image-preview:large","max-video-preview":"max-video-preview:-1"},"canonical":"https:\/\/www.wheelchairbasketball.ca\/fr\/technique\/regles-iwbf\/","og_locale":"fr_FR","og_type":"article","og_title":"R\u00e8gles de l'I.W.B.F. - Wheelchair Basketball Canada","og_description":"Les documents ci-dessous d\u00e9crivent les r\u00e8gles du jeu de basketball en fauteuil roulant par la F\u00e9d\u00e9ration internationale de basketball en fauteuil roulant (I.W.B.F.). R\u00e8gles actuelles R\u00e8glements de l&rsquo;I.W.B.F.\u00a0 IWBF Commentaires et interpr\u00e9tations R\u00e8gles du basket-ball en fauteuil roulant 3 contre 3 Pour plus de renseignements, veuillez visiter www.iwbf.org.","og_url":"https:\/\/www.wheelchairbasketball.ca\/fr\/technique\/regles-iwbf\/","og_site_name":"Wheelchair Basketball Canada","article_publisher":"http:\/\/www.facebook.com\/wheelchairbasketball","article_modified_time":"2025-01-28T15:59:20+00:00","og_image":[{"width":1400,"height":600,"url":"https:\/\/www.wheelchairbasketball.ca\/wp-content\/uploads\/2024\/10\/53653447510_9ce45e1740_o-1400x600-1.png","type":"image\/png"}],"twitter_card":"summary_large_image","twitter_site":"@WCBballCanada","twitter_misc":{"Dur\u00e9e de lecture estim\u00e9e":"1 minute"},"schema":{"@context":"https:\/\/schema.org","@graph":[{"@type":"WebPage","@id":"https:\/\/www.wheelchairbasketball.ca\/fr\/technique\/regles-iwbf\/","url":"https:\/\/www.wheelchairbasketball.ca\/fr\/technique\/regles-iwbf\/","name":"R\u00e8gles de l'I.W.B.F. - Wheelchair Basketball Canada","isPartOf":{"@id":"https:\/\/www.wheelchairbasketball.ca\/#website"},"datePublished":"2015-04-02T01:35:22+00:00","dateModified":"2025-01-28T15:59:20+00:00","breadcrumb":{"@id":"https:\/\/www.wheelchairbasketball.ca\/fr\/technique\/regles-iwbf\/#breadcrumb"},"inLanguage":"fr-FR","potentialAction":[{"@type":"ReadAction","target":["https:\/\/www.wheelchairbasketball.ca\/fr\/technique\/regles-iwbf\/"]}]},{"@type":"BreadcrumbList","@id":"https:\/\/www.wheelchairbasketball.ca\/fr\/technique\/regles-iwbf\/#breadcrumb","itemListElement":[{"@type":"ListItem","position":1,"name":"Home","item":"https:\/\/www.wheelchairbasketball.ca\/fr\/"},{"@type":"ListItem","position":2,"name":"Technique","item":"https:\/\/www.wheelchairbasketball.ca\/fr\/technique\/"},{"@type":"ListItem","position":3,"name":"R\u00e8gles de l&#8217;I.W.B.F."}]},{"@type":"WebSite","@id":"https:\/\/www.wheelchairbasketball.ca\/#website","url":"https:\/\/www.wheelchairbasketball.ca\/","name":"Wheelchair Basketball Canada","description":"Real Life. Real Sport.","potentialAction":[{"@type":"SearchAction","target":{"@type":"EntryPoint","urlTemplate":"https:\/\/www.wheelchairbasketball.ca\/?s={search_term_string}"},"query-input":"required name=search_term_string"}],"inLanguage":"fr-FR"}]}},"_links":{"self":[{"href":"https:\/\/www.wheelchairbasketball.ca\/fr\/wp-json\/wp\/v2\/pages\/1665"}],"collection":[{"href":"https:\/\/www.wheelchairbasketball.ca\/fr\/wp-json\/wp\/v2\/pages"}],"about":[{"href":"https:\/\/www.wheelchairbasketball.ca\/fr\/wp-json\/wp\/v2\/types\/page"}],"author":[{"embeddable":true,"href":"https:\/\/www.wheelchairbasketball.ca\/fr\/wp-json\/wp\/v2\/users\/4"}],"replies":[{"embeddable":true,"href":"https:\/\/www.wheelchairbasketball.ca\/fr\/wp-json\/wp\/v2\/comments?post=1665"}],"version-history":[{"count":12,"href":"https:\/\/www.wheelchairbasketball.ca\/fr\/wp-json\/wp\/v2\/pages\/1665\/revisions"}],"predecessor-version":[{"id":23304,"href":"https:\/\/www.wheelchairbasketball.ca\/fr\/wp-json\/wp\/v2\/pages\/1665\/revisions\/23304"}],"up":[{"embeddable":true,"href":"https:\/\/www.wheelchairbasketball.ca\/fr\/wp-json\/wp\/v2\/pages\/1649"}],"wp:featuredmedia":[{"embeddable":true,"href":"https:\/\/www.wheelchairbasketball.ca\/fr\/wp-json\/wp\/v2\/media\/21773"}],"wp:attachment":[{"href":"https:\/\/www.wheelchairbasketball.ca\/fr\/wp-json\/wp\/v2\/media?parent=1665"}],"curies":[{"name":"wp","href":"https:\/\/api.w.org\/{rel}","templated":true}]}}