{"id":1670,"date":"2015-04-02T01:40:05","date_gmt":"2015-04-02T01:40:05","guid":{"rendered":"https:\/\/www.wheelchairbasketball.ca\/?page_id=1670"},"modified":"2015-05-05T20:13:46","modified_gmt":"2015-05-05T20:13:46","slug":"notre-histoire","status":"publish","type":"page","link":"https:\/\/www.wheelchairbasketball.ca\/fr\/a-propos-de-nous\/notre-histoire\/","title":{"rendered":"Notre histoire"},"content":{"rendered":"<p>L\u2019Association canadienne de basketball en fauteuil roulant (ACBFR) a \u00e9t\u00e9 form\u00e9e en 1994, devenant un organisme ind\u00e9pendent responsable pour le basketball en fauteuil roulant. La cr\u00e9ation de l&rsquo;ACBFR a contribu\u00e9 \u00e0 am\u00e9liorer l&rsquo;avenir du d\u00e9veloppement du basketball en fauteuil roulant au Canada. En 2009, l\u2019organime a adopt\u00e9 le nom Basketball en fauteuil roulant Canada, ainsi qu\u2019une nouvelle image de marque. Basketball en fauteuil roulant Canada a c\u00e9l\u00e9br\u00e9 son 20e anniversaire en 2014 et continue \u00e0 se positionner comme organisme mod\u00e8le et chef de file mondial du sport du basketball en fauteuil roulant.<\/p>\n<h3><strong>Faits historiques<\/strong><\/h3>\n<ul>\n<li><strong>1967<\/strong> \u2013 Le Canada participe aux premiers Jeux panam\u00e9ricains, \u00e0 Winnipeg, au Manitoba;<\/li>\n<li><strong>1968<\/strong> \u2013 L&rsquo;\u00e9quipe canadienne nationale masculine participe pour la premi\u00e8re fois aux Jeux paralympiques, \u00e0 Tel-Aviv, en Isra\u00ebl;<\/li>\n<li><strong>1972<\/strong> &#8211; L&rsquo;\u00e9quipe canadienne nationale f\u00e9minine participe pour la premi\u00e8re fois aux Jeux paralympiques \u00e0 Heidelberg, en Allemagne;<\/li>\n<li><strong>1979<\/strong> \u2013 Les premiers Championnats nationaux de basketball en fauteuil roulant sont tenus ind\u00e9pendamment des jeux multidisciplinaires typiques pour les athl\u00e8tes handicap\u00e9s;<\/li>\n<li><strong>1983<\/strong> &#8211; Le Canada acceuilli le Championnat du monde masculin \u00e0 Halifax, en Nouvelle-\u00c9cosse;<\/li>\n<li><strong>1986<\/strong> &#8211; La Ligue canadienne de basketball en fauteuil roulant a \u00e9t\u00e9 fond\u00e9e;<\/li>\n<li><strong>1990<\/strong> \u2013 L\u2019\u00e9quipe canadienne nationale f\u00e9minine commence \u00e0 dominer au niveau international, remportant une m\u00e9daille de bronze au championnat du monde. Depuis plus qu&rsquo;une d\u00e9cennie, elle est demeur\u00e9e invaincue \u00e0 l\u2019\u00e9chelon international, m\u00e9daill\u00e9e d\u2019or aux Championnats du monde et Jeux paralympiques en 1992, 1994, 1996, 1998, 2000, et 2002;<\/li>\n<li><strong>1992<\/strong> &#8211; L&rsquo;\u00e9quipe canadienne nationale f\u00e9minine remporte sa premi\u00e8re m\u00e9daille d&rsquo;or aux Jeux paralympiques \u00e0 Barcelone, en Espagne;<\/li>\n<li><strong>1994<\/strong> \u2013 L\u2019Association canadienne de basketball en fauteuil roulant (ACBFR) est constitu\u00e9e en personne morale;<\/li>\n<li><strong>1994<\/strong> &#8211; Le Canada acceuilli le Championnat du monde masculin \u00e0 Edmonton, en Alberta;<\/li>\n<li><strong>1994<\/strong> &#8211; L&rsquo;\u00e9quipe canadienne masculine f\u00e9minine remporte sa premi\u00e8re m\u00e9daille d&rsquo;or au Championnat du monde \u00e0 Stoke Mandeville, en Angleterre;<\/li>\n<li><strong>1995<\/strong> \u2013 Le premier programme du Temple de la renomm\u00e9e de l\u2019ACBFR est lanc\u00e9 aux Championnats nationaux \u00e0 Saskatoon, en Saskatchewan;<\/li>\n<li><strong>1995<\/strong> \u2013 Le basketball en fauteuil roulant devient un sport officiel des Jeux du Canada;<\/li>\n<li><strong>1996<\/strong> &#8211; L&rsquo;\u00e9quipe canadienne nationale f\u00e9minine remporte la m\u00e9daille d&rsquo;or aux Jeux paralympiques \u00e0 Atlanta, aux \u00c9tats-Unis;<\/li>\n<li><strong>1997<\/strong> \u2013 Le Canada a acceuilli le premier Championnat du monde masculin de basketball en fauteuil roulant des moins de 23 ans \u00e0 Toronto, en Ontario, et l\u2019\u00e9quipe canadienne remporte la m\u00e9daille d\u2019or;<\/li>\n<li><strong>1998<\/strong> \u2013 L\u2019ACBFR devient le premier organisme national de sport (ONS) au Canada \u00e0 lancer un site Web;<\/li>\n<li><strong>1998 <\/strong>&#8211; L&rsquo;\u00e9quipe canadienne nationale f\u00e9minine remporte la m\u00e9daille d&rsquo;or au Championnat du monde \u00e0 Sydney, en Australie;<\/li>\n<li><strong>2000<\/strong> &#8211; L&rsquo;\u00e9quipe canadienne nationale f\u00e9minine remporte une troisi\u00e8me m\u00e9daille d&rsquo;or paralympique cons\u00e9cutive aux Jeux paralympiques \u00e0 Sydney, en Australie;<\/li>\n<li><strong>2000<\/strong> &#8211; L&rsquo;\u00e9quipe canadienne nationale masculine remporte sa premi\u00e8re m\u00e9daille d&rsquo;or aux Jeux paralympiques \u00e0 Sydney, en Australie;<\/li>\n<li><strong>2002 <\/strong>&#8211; L&rsquo;\u00e9quipe canadienne nationale f\u00e9minine remporte la m\u00e9daille d&rsquo;or au Championnat du monde \u00e0 Kitakyushu, au Japon;<\/li>\n<li><strong>2004<\/strong> \u2013 L\u2019ACBFR c\u00e9l\u00e8bre son 10e anniversaire;<\/li>\n<li><strong>2004<\/strong> \u2013 L\u2019\u00e9quipe canadienne nationale masculine remporte la m\u00e9daille d&rsquo;or aux Jeux paralympiques \u00e0 Ath\u00e8nes, en Gr\u00e8ce;<\/li>\n<li><strong>2004<\/strong> \u2013 L\u2019\u00e9quipe canadienne nationale masculine remporte le prix de l\u2019\u00e9quipe de l\u2019ann\u00e9e aux Prix sportifs canadiens et l\u2019\u00e9quipe de l\u2019ann\u00e9e masculine du Comit\u00e9 paralympique internationale;<\/li>\n<li><strong>2004<\/strong> &#8211; L&rsquo;\u00e9quipe canadienne nationale f\u00e9minine remporte la m\u00e9daille de bronze aux Jeux paralympiques \u00e0 Ath\u00e8nes, en Gr\u00e8ce;<\/li>\n<li><strong>2005<\/strong> \u2013 Des entra\u00eeneurs en chef sont embauch\u00e9s \u00e0 plein temps pour les \u00e9quipes canadiennes nationales masculine et f\u00e9minine;<\/li>\n<li><strong>2006<\/strong> &#8211; L\u2018\u00e9quipe canadienne nationale f\u00e9minine remporte son quatri\u00e8me titre cons\u00e9cutif au Championnat du monde \u00e0 Amsterdam, aux Pays-Bas;<\/li>\n<li><strong>2006<\/strong> &#8211; L\u2019\u00e9quipe canadienne nationale masculine remporte son tout premier titre mondial au Championnat du monde \u00e0 Amsterdam, aux Pays-Bas;<\/li>\n<li><strong>2008<\/strong> &#8211; L\u2019\u00e9quipe canadienne nationale masculine remporte la m\u00e9daill\u00e9 d&rsquo;argent aux Jeux paralympiques de P\u00e9kin, en Chine;<\/li>\n<li><strong>2009<\/strong> &#8211; Basketball en fauteuil roulant Canada lance une nouvelle marque et un nouveau site Web;<\/li>\n<li><strong>2009<\/strong> &#8211; Le Canada acceuilli la Coupe des Am\u00e9riques \u00e0 Richmond, en Colombie-Britannique;<\/li>\n<li><strong>2011 <\/strong>&#8211; Le Canada a acceuilli le Championnat du monde f\u00e9minin inaugural de basketball en fauteuil roulant des moins de 25 ans \u00e0 St. Catharines, Ontario;<\/li>\n<li><strong>2012 <\/strong>&#8211; L\u2019\u00e9quipe canadienne nationale masculine remporte la m\u00e9daille d\u2019or aux Jeux paralympiques \u00e0 Londres, en Angleterre;<\/li>\n<li><strong>2013<\/strong> &#8211; Basketball en fauteuil roulant Canada lance sa Acad\u00e9mie nationale \u00e0 Toronto, en Ontario;<\/li>\n<li><strong>2014<\/strong> &#8211; Basketball en fauteuil roulant Canada c\u00e9l\u00e8bre son 20e anniversaire;<\/li>\n<li><strong>2014<\/strong> &#8211; Le Canada acceuilli le Championnat du monde f\u00e9minin \u00e0 Toronto, en Ontario, et l&rsquo;\u00e9quipe canadienne nationale f\u00e9minine remporte la m\u00e9daille d&rsquo;or.<\/li>\n<\/ul>\n","protected":false},"excerpt":{"rendered":"L\u2019Association canadienne de basketball en fauteuil roulant (ACBFR) a \u00e9t\u00e9 form\u00e9e en 1994, devenant un organisme ind\u00e9pendent responsable pour le basketball en fauteuil roulant. La cr\u00e9ation de l&rsquo;ACBFR a contribu\u00e9 \u00e0 am\u00e9liorer l&rsquo;avenir du d\u00e9veloppement du basketball en fauteuil roulant au Canada. En 2009, l\u2019organime a adopt\u00e9 le nom Basketball en fauteuil roulant Canada, ainsi [&hellip;]","protected":false},"author":4,"featured_media":2440,"parent":1162,"menu_order":1,"comment_status":"closed","ping_status":"closed","template":"","meta":{"om_disable_all_campaigns":false,"_monsterinsights_skip_tracking":false,"_monsterinsights_sitenote_active":false,"_monsterinsights_sitenote_note":"","_monsterinsights_sitenote_category":0,"footnotes":""},"acf":[],"yoast_head":"<!-- This site is optimized with the Yoast SEO plugin v21.9.1 - https:\/\/yoast.com\/wordpress\/plugins\/seo\/ -->\n<title>Notre histoire - Wheelchair Basketball Canada<\/title>\n<meta name=\"robots\" content=\"index, follow, max-snippet:-1, max-image-preview:large, max-video-preview:-1\" \/>\n<link rel=\"canonical\" href=\"https:\/\/www.wheelchairbasketball.ca\/fr\/a-propos-de-nous\/notre-histoire\/\" \/>\n<meta property=\"og:locale\" content=\"fr_FR\" \/>\n<meta property=\"og:type\" content=\"article\" \/>\n<meta property=\"og:title\" content=\"Notre histoire - Wheelchair Basketball Canada\" \/>\n<meta property=\"og:description\" content=\"L\u2019Association canadienne de basketball en fauteuil roulant (ACBFR) a \u00e9t\u00e9 form\u00e9e en 1994, devenant un organisme ind\u00e9pendent responsable pour le basketball en fauteuil roulant. La cr\u00e9ation de l&rsquo;ACBFR a contribu\u00e9 \u00e0 am\u00e9liorer l&rsquo;avenir du d\u00e9veloppement du basketball en fauteuil roulant au Canada. En 2009, l\u2019organime a adopt\u00e9 le nom Basketball en fauteuil roulant Canada, ainsi [&hellip;]\" \/>\n<meta property=\"og:url\" content=\"https:\/\/www.wheelchairbasketball.ca\/fr\/a-propos-de-nous\/notre-histoire\/\" \/>\n<meta property=\"og:site_name\" content=\"Wheelchair Basketball Canada\" \/>\n<meta property=\"article:publisher\" content=\"http:\/\/www.facebook.com\/wheelchairbasketball\" \/>\n<meta property=\"article:modified_time\" content=\"2015-05-05T20:13:46+00:00\" \/>\n<meta property=\"og:image\" content=\"https:\/\/www.wheelchairbasketball.ca\/wp-content\/uploads\/2015\/03\/WBC-History-Feature-Image.jpg\" \/>\n\t<meta property=\"og:image:width\" content=\"1400\" \/>\n\t<meta property=\"og:image:height\" content=\"600\" \/>\n\t<meta property=\"og:image:type\" content=\"image\/jpeg\" \/>\n<meta name=\"twitter:card\" content=\"summary_large_image\" \/>\n<meta name=\"twitter:site\" content=\"@WCBballCanada\" \/>\n<meta name=\"twitter:label1\" content=\"Dur\u00e9e de lecture estim\u00e9e\" \/>\n\t<meta name=\"twitter:data1\" content=\"4 minutes\" \/>\n<script type=\"application\/ld+json\" class=\"yoast-schema-graph\">{\"@context\":\"https:\/\/schema.org\",\"@graph\":[{\"@type\":\"WebPage\",\"@id\":\"https:\/\/www.wheelchairbasketball.ca\/fr\/a-propos-de-nous\/notre-histoire\/\",\"url\":\"https:\/\/www.wheelchairbasketball.ca\/fr\/a-propos-de-nous\/notre-histoire\/\",\"name\":\"Notre histoire - Wheelchair Basketball Canada\",\"isPartOf\":{\"@id\":\"https:\/\/www.wheelchairbasketball.ca\/#website\"},\"datePublished\":\"2015-04-02T01:40:05+00:00\",\"dateModified\":\"2015-05-05T20:13:46+00:00\",\"breadcrumb\":{\"@id\":\"https:\/\/www.wheelchairbasketball.ca\/fr\/a-propos-de-nous\/notre-histoire\/#breadcrumb\"},\"inLanguage\":\"fr-FR\",\"potentialAction\":[{\"@type\":\"ReadAction\",\"target\":[\"https:\/\/www.wheelchairbasketball.ca\/fr\/a-propos-de-nous\/notre-histoire\/\"]}]},{\"@type\":\"BreadcrumbList\",\"@id\":\"https:\/\/www.wheelchairbasketball.ca\/fr\/a-propos-de-nous\/notre-histoire\/#breadcrumb\",\"itemListElement\":[{\"@type\":\"ListItem\",\"position\":1,\"name\":\"Home\",\"item\":\"https:\/\/www.wheelchairbasketball.ca\/fr\/\"},{\"@type\":\"ListItem\",\"position\":2,\"name\":\"\u00c0 propos de nous\",\"item\":\"https:\/\/www.wheelchairbasketball.ca\/fr\/a-propos-de-nous\/\"},{\"@type\":\"ListItem\",\"position\":3,\"name\":\"Notre histoire\"}]},{\"@type\":\"WebSite\",\"@id\":\"https:\/\/www.wheelchairbasketball.ca\/#website\",\"url\":\"https:\/\/www.wheelchairbasketball.ca\/\",\"name\":\"Wheelchair Basketball Canada\",\"description\":\"Real Life. Real Sport.\",\"potentialAction\":[{\"@type\":\"SearchAction\",\"target\":{\"@type\":\"EntryPoint\",\"urlTemplate\":\"https:\/\/www.wheelchairbasketball.ca\/?s={search_term_string}\"},\"query-input\":\"required name=search_term_string\"}],\"inLanguage\":\"fr-FR\"}]}<\/script>\n<!-- \/ Yoast SEO plugin. -->","yoast_head_json":{"title":"Notre histoire - Wheelchair Basketball Canada","robots":{"index":"index","follow":"follow","max-snippet":"max-snippet:-1","max-image-preview":"max-image-preview:large","max-video-preview":"max-video-preview:-1"},"canonical":"https:\/\/www.wheelchairbasketball.ca\/fr\/a-propos-de-nous\/notre-histoire\/","og_locale":"fr_FR","og_type":"article","og_title":"Notre histoire - Wheelchair Basketball Canada","og_description":"L\u2019Association canadienne de basketball en fauteuil roulant (ACBFR) a \u00e9t\u00e9 form\u00e9e en 1994, devenant un organisme ind\u00e9pendent responsable pour le basketball en fauteuil roulant. La cr\u00e9ation de l&rsquo;ACBFR a contribu\u00e9 \u00e0 am\u00e9liorer l&rsquo;avenir du d\u00e9veloppement du basketball en fauteuil roulant au Canada. En 2009, l\u2019organime a adopt\u00e9 le nom Basketball en fauteuil roulant Canada, ainsi [&hellip;]","og_url":"https:\/\/www.wheelchairbasketball.ca\/fr\/a-propos-de-nous\/notre-histoire\/","og_site_name":"Wheelchair Basketball Canada","article_publisher":"http:\/\/www.facebook.com\/wheelchairbasketball","article_modified_time":"2015-05-05T20:13:46+00:00","og_image":[{"width":1400,"height":600,"url":"https:\/\/www.wheelchairbasketball.ca\/wp-content\/uploads\/2015\/03\/WBC-History-Feature-Image.jpg","type":"image\/jpeg"}],"twitter_card":"summary_large_image","twitter_site":"@WCBballCanada","twitter_misc":{"Dur\u00e9e de lecture estim\u00e9e":"4 minutes"},"schema":{"@context":"https:\/\/schema.org","@graph":[{"@type":"WebPage","@id":"https:\/\/www.wheelchairbasketball.ca\/fr\/a-propos-de-nous\/notre-histoire\/","url":"https:\/\/www.wheelchairbasketball.ca\/fr\/a-propos-de-nous\/notre-histoire\/","name":"Notre histoire - Wheelchair Basketball Canada","isPartOf":{"@id":"https:\/\/www.wheelchairbasketball.ca\/#website"},"datePublished":"2015-04-02T01:40:05+00:00","dateModified":"2015-05-05T20:13:46+00:00","breadcrumb":{"@id":"https:\/\/www.wheelchairbasketball.ca\/fr\/a-propos-de-nous\/notre-histoire\/#breadcrumb"},"inLanguage":"fr-FR","potentialAction":[{"@type":"ReadAction","target":["https:\/\/www.wheelchairbasketball.ca\/fr\/a-propos-de-nous\/notre-histoire\/"]}]},{"@type":"BreadcrumbList","@id":"https:\/\/www.wheelchairbasketball.ca\/fr\/a-propos-de-nous\/notre-histoire\/#breadcrumb","itemListElement":[{"@type":"ListItem","position":1,"name":"Home","item":"https:\/\/www.wheelchairbasketball.ca\/fr\/"},{"@type":"ListItem","position":2,"name":"\u00c0 propos de nous","item":"https:\/\/www.wheelchairbasketball.ca\/fr\/a-propos-de-nous\/"},{"@type":"ListItem","position":3,"name":"Notre histoire"}]},{"@type":"WebSite","@id":"https:\/\/www.wheelchairbasketball.ca\/#website","url":"https:\/\/www.wheelchairbasketball.ca\/","name":"Wheelchair Basketball Canada","description":"Real Life. Real Sport.","potentialAction":[{"@type":"SearchAction","target":{"@type":"EntryPoint","urlTemplate":"https:\/\/www.wheelchairbasketball.ca\/?s={search_term_string}"},"query-input":"required name=search_term_string"}],"inLanguage":"fr-FR"}]}},"_links":{"self":[{"href":"https:\/\/www.wheelchairbasketball.ca\/fr\/wp-json\/wp\/v2\/pages\/1670"}],"collection":[{"href":"https:\/\/www.wheelchairbasketball.ca\/fr\/wp-json\/wp\/v2\/pages"}],"about":[{"href":"https:\/\/www.wheelchairbasketball.ca\/fr\/wp-json\/wp\/v2\/types\/page"}],"author":[{"embeddable":true,"href":"https:\/\/www.wheelchairbasketball.ca\/fr\/wp-json\/wp\/v2\/users\/4"}],"replies":[{"embeddable":true,"href":"https:\/\/www.wheelchairbasketball.ca\/fr\/wp-json\/wp\/v2\/comments?post=1670"}],"version-history":[{"count":2,"href":"https:\/\/www.wheelchairbasketball.ca\/fr\/wp-json\/wp\/v2\/pages\/1670\/revisions"}],"predecessor-version":[{"id":2442,"href":"https:\/\/www.wheelchairbasketball.ca\/fr\/wp-json\/wp\/v2\/pages\/1670\/revisions\/2442"}],"up":[{"embeddable":true,"href":"https:\/\/www.wheelchairbasketball.ca\/fr\/wp-json\/wp\/v2\/pages\/1162"}],"wp:featuredmedia":[{"embeddable":true,"href":"https:\/\/www.wheelchairbasketball.ca\/fr\/wp-json\/wp\/v2\/media\/2440"}],"wp:attachment":[{"href":"https:\/\/www.wheelchairbasketball.ca\/fr\/wp-json\/wp\/v2\/media?parent=1670"}],"curies":[{"name":"wp","href":"https:\/\/api.w.org\/{rel}","templated":true}]}}