{"id":1677,"date":"2015-04-02T02:13:54","date_gmt":"2015-04-02T02:13:54","guid":{"rendered":"https:\/\/www.wheelchairbasketball.ca\/?page_id=1677"},"modified":"2026-03-04T19:18:50","modified_gmt":"2026-03-04T19:18:50","slug":"ressources-publications","status":"publish","type":"page","link":"https:\/\/www.wheelchairbasketball.ca\/fr\/a-propos-de-nous\/ressources-publications\/","title":{"rendered":"Gouvernance"},"content":{"rendered":"<h4>R\u00e8glements et politiques<\/h4>\n<p><strong>R\u00e8glements :<\/strong><\/p>\n<ul>\n<li><a href=\"https:\/\/www.wheelchairbasketball.ca\/wp-content\/uploads\/2021\/11\/WBC-Bylaws-Final-FR.pdf\">R\u00e8glements de Basketball en fauteuil roulant Canada<\/a><\/li>\n<\/ul>\n<p><strong>Documents d&rsquo;incorporation:\u00a0<\/strong><\/p>\n<ul>\n<li><a href=\"https:\/\/www.wheelchairbasketball.ca\/wp-content\/uploads\/2024\/12\/WBC.Articles-of-Incorporation-1.pdf\">Statuts de la soci\u00e9t\u00e9<\/a><\/li>\n<li><a href=\"https:\/\/www.wheelchairbasketball.ca\/wp-content\/uploads\/2024\/12\/Articles-and-resolution-signed-by-president-FR.pdf\">Statuts et r\u00e9solution<\/a><\/li>\n<li><a href=\"https:\/\/www.wheelchairbasketball.ca\/wp-content\/uploads\/2024\/12\/Continuance-Prorogation-from-Industry-Canada-Oct-2014-1.pdf\">Certificat de prorogation<\/a><\/li>\n<\/ul>\n<p><strong>Politiques :<\/strong><\/p>\n<ul>\n<li><a href=\"https:\/\/www.wheelchairbasketball.ca\/wp-content\/uploads\/2024\/12\/WBC-Code-of-Conduct-FINAL-fr.pdf\">Code de conduite et d&rsquo;\u00e9thique<\/a><\/li>\n<li><a href=\"https:\/\/www.wheelchairbasketball.ca\/wp-content\/uploads\/2024\/12\/WBC-Safe-Sport-Policy-Manual-FINAL-FR.pdf\">Manuel Safe Sport<\/a>\n<ul>\n<li>Le manuel Safe Sport contient :\n<ul>\n<li>Politique de s\u00e9curit\u00e9 sportive<\/li>\n<li>Politique antidopage<\/li>\n<li>Politique d&rsquo;appel<\/li>\n<li>Lignes directrices relatives \u00e0 la protection des athl\u00e8tes<\/li>\n<li>Politique de confidentialit\u00e9<\/li>\n<li>Politique en mati\u00e8re de discipline et de plaintes<\/li>\n<li>Politique de r\u00e9solution des litiges<\/li>\n<li>Proc\u00e9dure disciplinaire en cas de manifestation<\/li>\n<li>Politique de protection de la vie priv\u00e9e<\/li>\n<li>Politique de filtrage<\/li>\n<li>Politique en mati\u00e8re de m\u00e9dias sociaux<\/li>\n<\/ul>\n<\/li>\n<\/ul>\n<\/li>\n<li><a title=\"[Politique sur les conflits d\u2019int\u00e9r\u00eats]\" href=\"https:\/\/www.wheelchairbasketball.ca\/uploadedFiles\/About_Us\/Resources\/Bylaws_and_Policies\/Conflict%20of%20Interest%20Policy%20-%20f.pdf\" target=\"_blank\" rel=\"noopener noreferrer\">Politique sur les conflits d\u2019int\u00e9r\u00eats<\/a><\/li>\n<li><a href=\"https:\/\/www.wheelchairbasketball.ca\/wp-content\/uploads\/2024\/11\/cces-policy-cadp-2021-final-f.pdf\">Programme canadien antidopage<\/a><\/li>\n<li><a href=\"https:\/\/www.wheelchairbasketball.ca\/wp-content\/uploads\/2019\/02\/Wheelchair-Basketball-Canada-Trans-Inclusion-Policy.pdf\" target=\"_blank\" rel=\"noopener noreferrer\">Politique sur les athl\u00e8tes et les membres transgenres<\/a><\/li>\n<li><a href=\"https:\/\/www.wheelchairbasketball.ca\/wp-content\/uploads\/2023\/10\/WBC-Inclusion-Diversity-Equity-Accessibility-IDEA-Policy-final-FR.pdf\">Politique sur l&rsquo;inclusion, la diversit\u00e9, l&rsquo;\u00e9quit\u00e9 et l&rsquo;accessibilit\u00e9<\/a><\/li>\n<li><a href=\"https:\/\/www.wheelchairbasketball.ca\/wp-content\/uploads\/2024\/12\/WHEELCHAIR-BASKETBALL-CANADA-CONCUSSION-PROTOCOL-FR.pdf\">Protocole sur les commotions c\u00e9r\u00e9brales<\/a><\/li>\n<li><a href=\"https:\/\/www.wheelchairbasketball.ca\/wp-content\/uploads\/2024\/12\/1.3.WBC_.Gender-Equity-Policy-FR.pdf\">Politique d&rsquo;\u00e9quit\u00e9 entre les sexes<\/a><\/li>\n<li><a href=\"https:\/\/www.wheelchairbasketball.ca\/wp-content\/uploads\/2024\/12\/2.3-2.4.WBC_.Nominations-Terms-of-Reference-and-Policy-fr.pdf\">Mandat du comit\u00e9 de nomination de WBC<\/a><\/li>\n<li><a href=\"https:\/\/www.wheelchairbasketball.ca\/wp-content\/uploads\/2024\/12\/WBC-Official-Language-Policy-EN-fr.pdf\">Politique des langues officielles<\/a><\/li>\n<\/ul>\n<h3>Publications<\/h3>\n<h4>Plans strat\u00e9giques<\/h4>\n<p>Le <a href=\"https:\/\/www.wheelchairbasketball.ca\/wp-content\/uploads\/2023\/02\/20233-28-Strategic-Plan-Summary.pdf\">plan strat\u00e9gique 2022-2028<\/a> a \u00e9t\u00e9 cr\u00e9\u00e9 pour orienter les d\u00e9cisions relatives aux programmes, aux services et aux op\u00e9rations de Basketball en fauteuil roulant Canada. Le plan strat\u00e9gique complet peut \u00eatre consult\u00e9 <a href=\"https:\/\/www.wheelchairbasketball.ca\/wp-content\/uploads\/2024\/11\/WBC-StrategicFramework-Final.pdf\">ici<\/a>.<\/p>\n<h3><b>\u00c9tats financiers v\u00e9rifi\u00e9s<\/b><\/h3>\n<ul>\n<li><a href=\"https:\/\/www.wheelchairbasketball.ca\/wp-content\/uploads\/2024\/11\/2020-21-Final-signed-audited-statements-1.pdf\">D\u00e9clarations v\u00e9rifi\u00e9es 2020-21<\/a><\/li>\n<li><a href=\"https:\/\/www.wheelchairbasketball.ca\/wp-content\/uploads\/2024\/11\/WBC-2022-Audited-Statements-1.pdf\">D\u00e9clarations v\u00e9rifi\u00e9es 2021-22<\/a><\/li>\n<li><a href=\"https:\/\/www.wheelchairbasketball.ca\/wp-content\/uploads\/2024\/11\/2022-23-Audited-statements-final-1.pdf\">D\u00e9clarations v\u00e9rifi\u00e9es 2022-23<\/a><\/li>\n<li><a href=\"https:\/\/www.wheelchairbasketball.ca\/wp-content\/uploads\/2024\/11\/Final-Audited-Statements-signed-2023-24-1.pdf\">D\u00e9clarations v\u00e9rifi\u00e9es 2023-24<\/a><\/li>\n<li><a href=\"https:\/\/www.wheelchairbasketball.ca\/wp-content\/uploads\/2026\/03\/2024-25-Audited-statements-signed.pdf\">D\u00e9clarations v\u00e9rifi\u00e9es 2024-25<\/a><\/li>\n<\/ul>\n<h4>Rapport annuel<\/h4>\n<ul>\n<li><a href=\"https:\/\/www.wheelchairbasketball.ca\/wp-content\/uploads\/2026\/02\/2024-25-WBC-Annual-Report-0226-FR-1.pdf\">Rapport annuel 2024-2025<\/a><\/li>\n<\/ul>\n<h4>Manuel d&rsquo;organisation<\/h4>\n<p>Le <a href=\"https:\/\/www.wheelchairbasketball.ca\/wp-content\/uploads\/2018\/01\/Host-Manual-2017-Revisions-Final.pdf\">Manuel d&rsquo;organisation<\/a>\u00a0de Basketball en fauteuil roulant Canada est un document de r\u00e9f\u00e9rence visant \u00e0 guider les organismes provinciaux de sport en ce qui concerne :<\/p>\n<ul>\n<li>la proc\u00e9dure de demande de soumissions pour l\u2019organisation des Championnats nationaux de la Ligue canadienne de basketball en fauteuil roulant (LCBFR);<\/li>\n<li>l\u2019organisation d\u2019\u00e9v\u00e9nements.<\/li>\n<\/ul>\n<p>De temps \u00e0 autre, des questions non trait\u00e9es dans ce document peuvent se poser. Si vous avez des pr\u00e9occupations, veuillez communiquer avec le bureau national. Basketball en fauteuil roulant Canada informera le Comit\u00e9 national de toute pr\u00e9occupation soulev\u00e9e et en fera ult\u00e9rieurement l&rsquo;examen \u00e0 l\u2019assembl\u00e9e annuelle. Toute modification au manuel d\u2019organisation sera apport\u00e9e conform\u00e9ment aux recommandations formul\u00e9es par le Comit\u00e9 national.<\/p>\n<h4>Mod\u00e8le de d\u00e9veloppement \u00e0 long terme de l&rsquo;athl\u00e8te (DLTA)<\/h4>\n<p>Le <a href=\"https:\/\/www.wheelchairbasketball.ca\/wp-content\/uploads\/2015\/03\/LTAD-Vol-1-Final-Lowres.pdf\" target=\"_blank\" rel=\"noopener noreferrer\">mod\u00e8le de d\u00e9veloppement de l\u2019athl\u00e8te de basketball en fauteuil roulant<\/a> est \u00a0une ressource cl\u00e9 qui d\u00e9crit ce que les athl\u00e8tes de basketball en fauteuil roulant doivent faire, aux \u00e2ges et aux stades particuliers, afin de pleinement se d\u00e9velopper et de r\u00e9aliser leur potentiel au profit du sport, dans l\u2019int\u00e9r\u00eat d\u2019une meilleure sant\u00e9 et en vue de plus grandes r\u00e9alisations.<\/p>\n<p>Avec la participation de scientifiques du sport et d\u2019entra\u00eeneurs de partout au pays, Basketball en fauteuil roulant Canada a \u00e9tabli un cheminement \u00e0 long terme pour l\u2019athl\u00e8te ainsi que des lignes directrices pour l\u2019entra\u00eenement et la comp\u00e9tition afin de montrer aux entra\u00eeneurs, parents, b\u00e9n\u00e9voles et administrateurs, aux niveaux local, provincial et national, l\u2019importance d\u2019une approche syst\u00e9matique et uniforme envers le d\u00e9veloppement des athl\u00e8tes de basketball en fauteuil roulant, tout en reconnaissant l\u2019importance de la participation r\u00e9cr\u00e9ative et non \u00e9lite.<\/p>\n","protected":false},"excerpt":{"rendered":"R\u00e8glements et politiques R\u00e8glements : R\u00e8glements de Basketball en fauteuil roulant Canada Documents d&rsquo;incorporation:\u00a0 Statuts de la soci\u00e9t\u00e9 Statuts et r\u00e9solution Certificat de prorogation Politiques : Code de conduite et d&rsquo;\u00e9thique Manuel Safe Sport Le manuel Safe Sport contient : Politique de s\u00e9curit\u00e9 sportive Politique antidopage Politique d&rsquo;appel Lignes directrices relatives \u00e0 la protection des [&hellip;]","protected":false},"author":4,"featured_media":22679,"parent":1162,"menu_order":3,"comment_status":"closed","ping_status":"closed","template":"","meta":{"om_disable_all_campaigns":false,"_monsterinsights_skip_tracking":false,"_monsterinsights_sitenote_active":false,"_monsterinsights_sitenote_note":"","_monsterinsights_sitenote_category":0,"footnotes":""},"acf":[],"yoast_head":"<!-- This site is optimized with the Yoast SEO plugin v21.9.1 - https:\/\/yoast.com\/wordpress\/plugins\/seo\/ -->\n<title>Gouvernance - Wheelchair Basketball Canada<\/title>\n<meta name=\"robots\" content=\"index, follow, max-snippet:-1, max-image-preview:large, max-video-preview:-1\" \/>\n<link rel=\"canonical\" href=\"https:\/\/www.wheelchairbasketball.ca\/fr\/a-propos-de-nous\/ressources-publications\/\" \/>\n<meta property=\"og:locale\" content=\"fr_FR\" \/>\n<meta property=\"og:type\" content=\"article\" \/>\n<meta property=\"og:title\" content=\"Gouvernance - Wheelchair Basketball Canada\" \/>\n<meta property=\"og:description\" content=\"R\u00e8glements et politiques R\u00e8glements : R\u00e8glements de Basketball en fauteuil roulant Canada Documents d&rsquo;incorporation:\u00a0 Statuts de la soci\u00e9t\u00e9 Statuts et r\u00e9solution Certificat de prorogation Politiques : Code de conduite et d&rsquo;\u00e9thique Manuel Safe Sport Le manuel Safe Sport contient : Politique de s\u00e9curit\u00e9 sportive Politique antidopage Politique d&rsquo;appel Lignes directrices relatives \u00e0 la protection des [&hellip;]\" \/>\n<meta property=\"og:url\" content=\"https:\/\/www.wheelchairbasketball.ca\/fr\/a-propos-de-nous\/ressources-publications\/\" \/>\n<meta property=\"og:site_name\" content=\"Wheelchair Basketball Canada\" \/>\n<meta property=\"article:publisher\" content=\"http:\/\/www.facebook.com\/wheelchairbasketball\" \/>\n<meta property=\"article:modified_time\" content=\"2026-03-04T19:18:50+00:00\" \/>\n<meta property=\"og:image\" content=\"https:\/\/www.wheelchairbasketball.ca\/wp-content\/uploads\/2024\/12\/210223_Matt-Murnaghan046-1400x600-1.png\" \/>\n\t<meta property=\"og:image:width\" content=\"1400\" \/>\n\t<meta property=\"og:image:height\" content=\"600\" \/>\n\t<meta property=\"og:image:type\" content=\"image\/png\" \/>\n<meta name=\"twitter:card\" content=\"summary_large_image\" \/>\n<meta name=\"twitter:site\" content=\"@WCBballCanada\" \/>\n<meta name=\"twitter:label1\" content=\"Dur\u00e9e de lecture estim\u00e9e\" \/>\n\t<meta name=\"twitter:data1\" content=\"3 minutes\" \/>\n<script type=\"application\/ld+json\" class=\"yoast-schema-graph\">{\"@context\":\"https:\/\/schema.org\",\"@graph\":[{\"@type\":\"WebPage\",\"@id\":\"https:\/\/www.wheelchairbasketball.ca\/fr\/a-propos-de-nous\/ressources-publications\/\",\"url\":\"https:\/\/www.wheelchairbasketball.ca\/fr\/a-propos-de-nous\/ressources-publications\/\",\"name\":\"Gouvernance - Wheelchair Basketball Canada\",\"isPartOf\":{\"@id\":\"https:\/\/www.wheelchairbasketball.ca\/#website\"},\"datePublished\":\"2015-04-02T02:13:54+00:00\",\"dateModified\":\"2026-03-04T19:18:50+00:00\",\"breadcrumb\":{\"@id\":\"https:\/\/www.wheelchairbasketball.ca\/fr\/a-propos-de-nous\/ressources-publications\/#breadcrumb\"},\"inLanguage\":\"fr-FR\",\"potentialAction\":[{\"@type\":\"ReadAction\",\"target\":[\"https:\/\/www.wheelchairbasketball.ca\/fr\/a-propos-de-nous\/ressources-publications\/\"]}]},{\"@type\":\"BreadcrumbList\",\"@id\":\"https:\/\/www.wheelchairbasketball.ca\/fr\/a-propos-de-nous\/ressources-publications\/#breadcrumb\",\"itemListElement\":[{\"@type\":\"ListItem\",\"position\":1,\"name\":\"Home\",\"item\":\"https:\/\/www.wheelchairbasketball.ca\/fr\/\"},{\"@type\":\"ListItem\",\"position\":2,\"name\":\"\u00c0 propos de nous\",\"item\":\"https:\/\/www.wheelchairbasketball.ca\/fr\/a-propos-de-nous\/\"},{\"@type\":\"ListItem\",\"position\":3,\"name\":\"Gouvernance\"}]},{\"@type\":\"WebSite\",\"@id\":\"https:\/\/www.wheelchairbasketball.ca\/#website\",\"url\":\"https:\/\/www.wheelchairbasketball.ca\/\",\"name\":\"Wheelchair Basketball Canada\",\"description\":\"Real Life. Real Sport.\",\"potentialAction\":[{\"@type\":\"SearchAction\",\"target\":{\"@type\":\"EntryPoint\",\"urlTemplate\":\"https:\/\/www.wheelchairbasketball.ca\/?s={search_term_string}\"},\"query-input\":\"required name=search_term_string\"}],\"inLanguage\":\"fr-FR\"}]}<\/script>\n<!-- \/ Yoast SEO plugin. -->","yoast_head_json":{"title":"Gouvernance - Wheelchair Basketball Canada","robots":{"index":"index","follow":"follow","max-snippet":"max-snippet:-1","max-image-preview":"max-image-preview:large","max-video-preview":"max-video-preview:-1"},"canonical":"https:\/\/www.wheelchairbasketball.ca\/fr\/a-propos-de-nous\/ressources-publications\/","og_locale":"fr_FR","og_type":"article","og_title":"Gouvernance - Wheelchair Basketball Canada","og_description":"R\u00e8glements et politiques R\u00e8glements : R\u00e8glements de Basketball en fauteuil roulant Canada Documents d&rsquo;incorporation:\u00a0 Statuts de la soci\u00e9t\u00e9 Statuts et r\u00e9solution Certificat de prorogation Politiques : Code de conduite et d&rsquo;\u00e9thique Manuel Safe Sport Le manuel Safe Sport contient : Politique de s\u00e9curit\u00e9 sportive Politique antidopage Politique d&rsquo;appel Lignes directrices relatives \u00e0 la protection des [&hellip;]","og_url":"https:\/\/www.wheelchairbasketball.ca\/fr\/a-propos-de-nous\/ressources-publications\/","og_site_name":"Wheelchair Basketball Canada","article_publisher":"http:\/\/www.facebook.com\/wheelchairbasketball","article_modified_time":"2026-03-04T19:18:50+00:00","og_image":[{"width":1400,"height":600,"url":"https:\/\/www.wheelchairbasketball.ca\/wp-content\/uploads\/2024\/12\/210223_Matt-Murnaghan046-1400x600-1.png","type":"image\/png"}],"twitter_card":"summary_large_image","twitter_site":"@WCBballCanada","twitter_misc":{"Dur\u00e9e de lecture estim\u00e9e":"3 minutes"},"schema":{"@context":"https:\/\/schema.org","@graph":[{"@type":"WebPage","@id":"https:\/\/www.wheelchairbasketball.ca\/fr\/a-propos-de-nous\/ressources-publications\/","url":"https:\/\/www.wheelchairbasketball.ca\/fr\/a-propos-de-nous\/ressources-publications\/","name":"Gouvernance - Wheelchair Basketball Canada","isPartOf":{"@id":"https:\/\/www.wheelchairbasketball.ca\/#website"},"datePublished":"2015-04-02T02:13:54+00:00","dateModified":"2026-03-04T19:18:50+00:00","breadcrumb":{"@id":"https:\/\/www.wheelchairbasketball.ca\/fr\/a-propos-de-nous\/ressources-publications\/#breadcrumb"},"inLanguage":"fr-FR","potentialAction":[{"@type":"ReadAction","target":["https:\/\/www.wheelchairbasketball.ca\/fr\/a-propos-de-nous\/ressources-publications\/"]}]},{"@type":"BreadcrumbList","@id":"https:\/\/www.wheelchairbasketball.ca\/fr\/a-propos-de-nous\/ressources-publications\/#breadcrumb","itemListElement":[{"@type":"ListItem","position":1,"name":"Home","item":"https:\/\/www.wheelchairbasketball.ca\/fr\/"},{"@type":"ListItem","position":2,"name":"\u00c0 propos de nous","item":"https:\/\/www.wheelchairbasketball.ca\/fr\/a-propos-de-nous\/"},{"@type":"ListItem","position":3,"name":"Gouvernance"}]},{"@type":"WebSite","@id":"https:\/\/www.wheelchairbasketball.ca\/#website","url":"https:\/\/www.wheelchairbasketball.ca\/","name":"Wheelchair Basketball Canada","description":"Real Life. Real Sport.","potentialAction":[{"@type":"SearchAction","target":{"@type":"EntryPoint","urlTemplate":"https:\/\/www.wheelchairbasketball.ca\/?s={search_term_string}"},"query-input":"required name=search_term_string"}],"inLanguage":"fr-FR"}]}},"_links":{"self":[{"href":"https:\/\/www.wheelchairbasketball.ca\/fr\/wp-json\/wp\/v2\/pages\/1677"}],"collection":[{"href":"https:\/\/www.wheelchairbasketball.ca\/fr\/wp-json\/wp\/v2\/pages"}],"about":[{"href":"https:\/\/www.wheelchairbasketball.ca\/fr\/wp-json\/wp\/v2\/types\/page"}],"author":[{"embeddable":true,"href":"https:\/\/www.wheelchairbasketball.ca\/fr\/wp-json\/wp\/v2\/users\/4"}],"replies":[{"embeddable":true,"href":"https:\/\/www.wheelchairbasketball.ca\/fr\/wp-json\/wp\/v2\/comments?post=1677"}],"version-history":[{"count":14,"href":"https:\/\/www.wheelchairbasketball.ca\/fr\/wp-json\/wp\/v2\/pages\/1677\/revisions"}],"predecessor-version":[{"id":25558,"href":"https:\/\/www.wheelchairbasketball.ca\/fr\/wp-json\/wp\/v2\/pages\/1677\/revisions\/25558"}],"up":[{"embeddable":true,"href":"https:\/\/www.wheelchairbasketball.ca\/fr\/wp-json\/wp\/v2\/pages\/1162"}],"wp:featuredmedia":[{"embeddable":true,"href":"https:\/\/www.wheelchairbasketball.ca\/fr\/wp-json\/wp\/v2\/media\/22679"}],"wp:attachment":[{"href":"https:\/\/www.wheelchairbasketball.ca\/fr\/wp-json\/wp\/v2\/media?parent=1677"}],"curies":[{"name":"wp","href":"https:\/\/api.w.org\/{rel}","templated":true}]}}