{"id":1680,"date":"2015-04-02T02:30:36","date_gmt":"2015-04-02T02:30:36","guid":{"rendered":"https:\/\/www.wheelchairbasketball.ca\/?page_id=1680"},"modified":"2015-11-11T18:09:11","modified_gmt":"2015-11-11T18:09:11","slug":"foire-aux-questions","status":"publish","type":"page","link":"https:\/\/www.wheelchairbasketball.ca\/fr\/a-propos-de-nous\/foire-aux-questions\/","title":{"rendered":"Foire Aux Questions"},"content":{"rendered":"<h3>J\u2019aimerais jouer au basketball en fauteuil roulant. Comment est-ce que je peux participer?<\/h3>\n<p><span lang=\"FR-CA\">Il existe de nombreuses \u00e9quipes et des clubs de basketball en fauteuil roulant qui s\u2019adressent \u00e0 divers groupes d\u2019\u00e2ge et niveaux d\u2019habilet\u00e9s au Canada \u2013 un programme est probablement offert dans votre collectivit\u00e9 ou pr\u00e8s de celle-ci. La majorit\u00e9 de ces programmes sont coordonn\u00e9s par des organismes provinciaux et r\u00e9gionaux ind\u00e9pendants qu\u2019on peut trouver en consultant la page <a href=\"https:\/\/www.wheelchairbasketball.ca\/fr\/programmes\/trouver-un-club\/\">Trouvez un club<\/a>\u00a0de Basketball en fauteuil roulant Canada.<\/span><\/p>\n<h3>Est-ce que je dois \u00eatre handicap\u00e9 pour jouer au basketball en fauteuil roulant au Canada?<\/h3>\n<p><span lang=\"FR-CA\">Au Canada, il n\u2019est pas n\u00e9cessaire d\u2019\u00eatre handicap\u00e9 pour jouer au basketball en fauteuil roulant et tout le monde, peu importe le niveau d&rsquo;habilet\u00e9s ou l&rsquo;exp\u00e9rience, peut participer au sport. Basketball en fauteuil roulant Canada croit en une politique d&rsquo;inclusion, c\u2019est-\u00e0-dire que des participants physiquement aptes et des athl\u00e8tes handicap\u00e9s jouent c\u00f4te \u00e0 c\u00f4te au niveau national. L\u2019unique exception est que seules les personnes handicap\u00e9es peuvent concourir \u00e0 l&rsquo;\u00e9chelon international.<\/span><\/p>\n<h3>Comment est-ce que les athl\u00e8tes ayant divers handicaps et capacit\u00e9s fonctionnelles concourent de fa\u00e7on impartiale l\u2019un contre l\u2019autre?<\/h3>\n<div id=\"ctl00_ContentPlaceHolder1_ContentBlock3\"><span lang=\"FR-CA\">Au basketball en fauteuil roulant, l\u2019impartialit\u00e9 est assur\u00e9e au moyen d\u2019un processus appel\u00e9 classification, selon lequel chaque athl\u00e8te, handicap\u00e9 ou non, se voit attribuer une valeur num\u00e9rique qui tient compte de ses capacit\u00e9s fonctionnelles sur le terrain en vue de l\u2019ex\u00e9cution d&rsquo;habilet\u00e9s particuli\u00e8res au sport, comme la fa\u00e7on de man\u0153uvrer le fauteuil roulant, le dribble, la passe, la r\u00e9action au contact, le tir et le rebond. <\/span><span lang=\"FR-CA\"><br \/>\nAu Canada, les classifications sont fond\u00e9es de pr\u00e8s sur le syst\u00e8me de classification international et varient de 0,5 \u00e0 4,5. Les athl\u00e8tes class\u00e9s dans les cat\u00e9gories inf\u00e9rieures sont plus limit\u00e9s dans leurs capacit\u00e9s fonctionnelles. Les athl\u00e8tes qui se trouvent dans des cat\u00e9gories plus \u00e9lev\u00e9es ont peu ou pas de limites. Dans la plupart des divisions, le nombre total de points sur le terrain qui est octroy\u00e9 \u00e0 chacun des cinq joueurs ne peut d\u00e9passer 14\u00a0points \u00e0 tout moment donn\u00e9. Plus de renseignements sur la classification figurent sur la page <a href=\"https:\/\/www.wheelchairbasketball.ca\/fr\/le-sport\/classification\/\">Classification<\/a>\u00a0de Basketball en fauteuil roulant Canada.<\/span><\/div>\n<h3>Comment est-ce que le basketball en fauteuil roulant est-il diff\u00e9rent du basketball debout?<\/h3>\n<p><span lang=\"FR-CA\">Les r\u00e8gles de base du basketball en fauteuil roulant sont tr\u00e8s semblables \u00e0 celles du basketball debout, avec quelques l\u00e9g\u00e8res modifications. Le but de chaque \u00e9quipe est de marquer dans le panier adverse et d\u2019emp\u00eacher l\u2019autre \u00e9quipe de prendre possession du ballon ou de marquer. Les dimensions du terrain et la hauteur des paniers sont identiques, ainsi que le syst\u00e8me d\u2019attribution des points. Un match se compose de quatre p\u00e9riodes de dix minutes chacune. Il faut tout particuli\u00e8rement pr\u00eater attention au fauteuil roulant, qu\u2019on consid\u00e8re faire partie du joueur. <\/span><\/p>\n<h3>Comment est-ce qu\u2019on dribble au basketball en fauteuil roulant?<\/h3>\n<p><span lang=\"FR-CA\">Un joueur peut simultan\u00e9ment faire rouler son fauteuil et bondir le ballon, toutefois si le joueur ramasse le ballon ou le place sur ses genoux, il ne peut donner que deux pouss\u00e9es avant d\u2019\u00eatre tenu de tirer, passer ou dribbler le ballon de nouveau. Il n\u2019y a pas de r\u00e8gle sur le double dribble au basketball en fauteuil roulant. Une infraction pour d\u00e9placement ill\u00e9gal se produit si le joueur fait plus de deux pouss\u00e9es alors qu\u2019il est en possession du ballon et ne dribble pas.<\/span><\/p>\n<h3>Quelle est la diff\u00e9rence entre les Jeux paralympiques et les Jeux olympiques sp\u00e9ciaux?<\/h3>\n<div id=\"ctl00_ContentPlaceHolder1_ContentBlock3\"><span lang=\"FR-CA\">Les Jeux paralympiques et les Jeux olympiques sp\u00e9ciaux sont deux \u00e9v\u00e9nements distincts reconnus par le Comit\u00e9 international olympique. Les principales diff\u00e9rences entre eux concernent le handicap des athl\u00e8tes participants et les niveaux de capacit\u00e9 sportive.<\/span><span lang=\"FR-CA\">\u00a0<\/span><\/div>\n<div><span lang=\"FR-CA\"><br \/>\nLes\u00a0<a href=\"https:\/\/www.wheelchairbasketball.ca\/fr\/evenements\/jeux-paralympiques\/\">Jeux paralympiques<\/a>\u00a0sont des manifestations sportives d\u2019\u00e9lite pour les athl\u00e8tes de haute performance ayant une d\u00e9ficience physique, semblables aux Jeux olympiques qui ont lieu tous les deux ans, alternant entre les Jeux d\u2019\u00e9t\u00e9 et les Jeux d\u2019hiver. Les Jeux paralympiques mettent l\u2019accent sur les exploits sportifs des participants plut\u00f4t que sur leur d\u00e9ficience et se d\u00e9roulent toujours la m\u00eame ann\u00e9e que les Jeux olympiques.<\/span><\/div>\n<div><\/div>\n<div>\n<p><span lang=\"FR-CA\">Les Jeux olympiques sp\u00e9ciaux sont un mouvement visant \u00e0 enrichir, par le sport, la vie des athl\u00e8tes ayant une d\u00e9ficience intellectuelle. Ces Jeux ont pour but d\u2019aider ces personnes \u00e0 d\u00e9velopper leur confiance en soi et leurs aptitudes sociales en plus de leur donner un sentiment d\u2019accomplissement.<\/span><\/p>\n<\/div>\n<h3>Est-ce que Basketball en fauteuil roulant Canada est un organisme de bienfaisance enregistr\u00e9?<\/h3>\n<div id=\"ctl00_ContentPlaceHolder1_ContentBlock3\"><span lang=\"FR-CA\">Basketball en fauteuil roulant Canada est une <\/span><span lang=\"FR-CA\">association canadienne enregistr\u00e9e de sport amateur<\/span><span lang=\"FR-CA\">, enregistr\u00e9e aupr\u00e8s de l\u2019A<\/span><span lang=\"FR-CA\">gence du revenu du Canada. \u00c0 titre d\u2019<\/span><span lang=\"FR-CA\">association canadienne enregistr\u00e9e de sport amateur, nous b\u00e9n\u00e9ficions des m\u00eames <\/span><span lang=\"FR-CA\">privil\u00e8ges fiscaux qu&rsquo;un organisme de bienfaisance enregistr\u00e9 et pouvons \u00e9mettre des re\u00e7us officiels de dons.<\/span><\/div>\n<div><span lang=\"FR-CA\"><span lang=\"FR-CA\"><br \/>\n<strong>Notre num\u00e9ro d\u2019enregistrement est\u00a0: 14082 5191 RR0001<\/strong><\/span><\/span><\/div>\n<div><\/div>\n<div>Les produits de tous les dons de bienfaisance profitent aux participants dans le sport au Canada et sont administr\u00e9s par Basketball en fauteuil roulant Canada.<\/div>\n<h3>J\u2019ai re\u00e7u un appel t\u00e9l\u00e9phonique d\u2019une personne qui disait appeler au nom de Basketball en fauteuil roulant Canada. Est-ce l\u00e9gitime?<\/h3>\n<p><span lang=\"FR-CA\">Basketball en fauteuil roulant Canada a recours \u00e0 un organisme de collecte de dons par t\u00e9l\u00e9phone qui lui aide \u00e0 recueillir des dons de bienfaisance.\u00a0Si vous avez des questions, n&rsquo;h\u00e9sitez pas de contacter notre bureau \u00e0 1-877-843-2922 ou \u00e0 <a href=\"&#109;&#x61;i&#x6c;t&#111;&#x3a;&#105;&#x6e;f&#111;&#x40;&#119;&#x68;e&#x65;&#x6c;&#99;&#x68;a&#x69;r&#98;&#x61;&#115;&#x6b;e&#116;&#x62;&#97;&#x6c;l&#46;&#x63;&#97;\">&#x69;&#x6e;&#102;&#111;&#64;&#x77;&#x68;&#x65;&#101;&#108;c&#x68;&#x61;&#x69;&#114;&#98;a&#x73;&#x6b;&#x65;&#116;&#98;a&#x6c;&#x6c;&#x2e;&#99;a<\/a>.<\/span><\/p>\n<h3>Je suis b\u00e9n\u00e9vole et j\u2019aimerais pr\u00eater assistance durant un \u00e9v\u00e9nement de basketball en fauteuil roulant. Comment est-ce que je peux participer?<\/h3>\n<p><span lang=\"FR-CA\">De nombreuses occasions s\u2019offrent de participer \u00e0 un \u00e9v\u00e9nement de Basketball en fauteuil roulant Canada ou des \u00e9v\u00e9nements de basketball en fauteuil roulant organis\u00e9s par divers organismes provinciaux et r\u00e9gionaux. Pour plus de renseignements, veuillez contacter <a href=\"&#109;&#x61;i&#108;&#x74;o&#58;&#x69;n&#x66;&#x6f;&#64;&#x77;h&#101;&#x65;l&#99;&#x68;a&#x69;&#x72;&#98;&#x61;&#x73;&#107;&#x65;t&#98;&#x61;l&#108;&#x2e;c&#x61;\">&#x69;n&#x66;&#111;&#x40;&#119;h&#x65;&#101;&#x6c;&#99;h&#x61;&#105;&#x72;&#98;a&#x73;k&#x65;&#116;&#x62;&#x61;l&#x6c;&#46;&#x63;&#97;<\/a>.<\/span><\/p>\n<h3>Je suis un joueur ou une joueuse et j\u2019aimerais prendre part \u00e0 un camp d\u2019essai de l\u2019\u00e9quipe nationale du Canada. Quels renseignements pouvez-vous me donner?<\/h3>\n<p><span lang=\"FR-CA\">Basketball en fauteuil roulant Canada organise des camps de s\u00e9lection annuels pour l\u2019\u00e9quipe nationale. Un certain nombre des meilleurs athl\u00e8tes au pays sont invit\u00e9s au camp de s\u00e9lection chaque ann\u00e9e, \u00e0 la discr\u00e9tion de l&rsquo;entra\u00eeneur en chef respectif. Toutefois, l\u2019\u00e9quipe canadienne est toujours \u00e0 la recherche de talent prometteur chez les joueurs qui font preuve d\u2019engagement et de d\u00e9termination. Si vous jouez actuellement ou vous vous entra\u00eenez \u00e0 un niveau \u00e9lite, demandez \u00e0 votre entra\u00eeneur de communiquer avec Basketball en fauteuil roulant Canada pour vous recommander.<\/span><\/p>\n<p><span lang=\"FR-CA\">Vous n\u2019avez pas trouv\u00e9 r\u00e9ponse \u00e0 votre question? Envoyez-nous un courriel \u00e0\u00a0: <a href=\"m&#97;&#x69;&#x6c;&#x74;o&#58;&#105;&#x6e;&#x66;o&#64;&#119;&#x68;&#x65;el&#99;&#x68;&#x61;&#x69;r&#98;&#x61;&#x73;&#x6b;e&#116;&#98;&#x61;&#x6c;l&#46;&#99;&#x61;\">&#x69;&#x6e;&#x66;&#x6f;&#x40;&#x77;&#x68;&#x65;&#x65;&#x6c;&#x63;&#104;&#97;&#105;&#114;&#98;&#97;&#115;ketbal&#x6c;&#x2e;&#x63;&#x61;<\/a>.<\/span><\/p>\n","protected":false},"excerpt":{"rendered":"J\u2019aimerais jouer au basketball en fauteuil roulant. Comment est-ce que je peux participer? Il existe de nombreuses \u00e9quipes et des clubs de basketball en fauteuil roulant qui s\u2019adressent \u00e0 divers groupes d\u2019\u00e2ge et niveaux d\u2019habilet\u00e9s au Canada \u2013 un programme est probablement offert dans votre collectivit\u00e9 ou pr\u00e8s de celle-ci. La majorit\u00e9 de ces programmes [&hellip;]","protected":false},"author":4,"featured_media":0,"parent":1162,"menu_order":8,"comment_status":"closed","ping_status":"closed","template":"","meta":{"om_disable_all_campaigns":false,"_monsterinsights_skip_tracking":false,"_monsterinsights_sitenote_active":false,"_monsterinsights_sitenote_note":"","_monsterinsights_sitenote_category":0,"footnotes":""},"acf":[],"yoast_head":"<!-- This site is optimized with the Yoast SEO plugin v21.9.1 - https:\/\/yoast.com\/wordpress\/plugins\/seo\/ -->\n<title>Foire Aux Questions - Wheelchair Basketball Canada<\/title>\n<meta name=\"robots\" content=\"index, follow, max-snippet:-1, max-image-preview:large, max-video-preview:-1\" \/>\n<link rel=\"canonical\" href=\"https:\/\/www.wheelchairbasketball.ca\/fr\/a-propos-de-nous\/foire-aux-questions\/\" \/>\n<meta property=\"og:locale\" content=\"fr_FR\" \/>\n<meta property=\"og:type\" content=\"article\" \/>\n<meta property=\"og:title\" content=\"Foire Aux Questions - Wheelchair Basketball Canada\" \/>\n<meta property=\"og:description\" content=\"J\u2019aimerais jouer au basketball en fauteuil roulant. Comment est-ce que je peux participer? Il existe de nombreuses \u00e9quipes et des clubs de basketball en fauteuil roulant qui s\u2019adressent \u00e0 divers groupes d\u2019\u00e2ge et niveaux d\u2019habilet\u00e9s au Canada \u2013 un programme est probablement offert dans votre collectivit\u00e9 ou pr\u00e8s de celle-ci. La majorit\u00e9 de ces programmes [&hellip;]\" \/>\n<meta property=\"og:url\" content=\"https:\/\/www.wheelchairbasketball.ca\/fr\/a-propos-de-nous\/foire-aux-questions\/\" \/>\n<meta property=\"og:site_name\" content=\"Wheelchair Basketball Canada\" \/>\n<meta property=\"article:publisher\" content=\"http:\/\/www.facebook.com\/wheelchairbasketball\" \/>\n<meta property=\"article:modified_time\" content=\"2015-11-11T18:09:11+00:00\" \/>\n<meta name=\"twitter:card\" content=\"summary_large_image\" \/>\n<meta name=\"twitter:site\" content=\"@WCBballCanada\" \/>\n<meta name=\"twitter:label1\" content=\"Dur\u00e9e de lecture estim\u00e9e\" \/>\n\t<meta name=\"twitter:data1\" content=\"6 minutes\" \/>\n<script type=\"application\/ld+json\" class=\"yoast-schema-graph\">{\"@context\":\"https:\/\/schema.org\",\"@graph\":[{\"@type\":\"WebPage\",\"@id\":\"https:\/\/www.wheelchairbasketball.ca\/fr\/a-propos-de-nous\/foire-aux-questions\/\",\"url\":\"https:\/\/www.wheelchairbasketball.ca\/fr\/a-propos-de-nous\/foire-aux-questions\/\",\"name\":\"Foire Aux Questions - Wheelchair Basketball Canada\",\"isPartOf\":{\"@id\":\"https:\/\/www.wheelchairbasketball.ca\/#website\"},\"datePublished\":\"2015-04-02T02:30:36+00:00\",\"dateModified\":\"2015-11-11T18:09:11+00:00\",\"breadcrumb\":{\"@id\":\"https:\/\/www.wheelchairbasketball.ca\/fr\/a-propos-de-nous\/foire-aux-questions\/#breadcrumb\"},\"inLanguage\":\"fr-FR\",\"potentialAction\":[{\"@type\":\"ReadAction\",\"target\":[\"https:\/\/www.wheelchairbasketball.ca\/fr\/a-propos-de-nous\/foire-aux-questions\/\"]}]},{\"@type\":\"BreadcrumbList\",\"@id\":\"https:\/\/www.wheelchairbasketball.ca\/fr\/a-propos-de-nous\/foire-aux-questions\/#breadcrumb\",\"itemListElement\":[{\"@type\":\"ListItem\",\"position\":1,\"name\":\"Home\",\"item\":\"https:\/\/www.wheelchairbasketball.ca\/fr\/\"},{\"@type\":\"ListItem\",\"position\":2,\"name\":\"\u00c0 propos de nous\",\"item\":\"https:\/\/www.wheelchairbasketball.ca\/fr\/a-propos-de-nous\/\"},{\"@type\":\"ListItem\",\"position\":3,\"name\":\"Foire Aux Questions\"}]},{\"@type\":\"WebSite\",\"@id\":\"https:\/\/www.wheelchairbasketball.ca\/#website\",\"url\":\"https:\/\/www.wheelchairbasketball.ca\/\",\"name\":\"Wheelchair Basketball Canada\",\"description\":\"Real Life. Real Sport.\",\"potentialAction\":[{\"@type\":\"SearchAction\",\"target\":{\"@type\":\"EntryPoint\",\"urlTemplate\":\"https:\/\/www.wheelchairbasketball.ca\/?s={search_term_string}\"},\"query-input\":\"required name=search_term_string\"}],\"inLanguage\":\"fr-FR\"}]}<\/script>\n<!-- \/ Yoast SEO plugin. -->","yoast_head_json":{"title":"Foire Aux Questions - Wheelchair Basketball Canada","robots":{"index":"index","follow":"follow","max-snippet":"max-snippet:-1","max-image-preview":"max-image-preview:large","max-video-preview":"max-video-preview:-1"},"canonical":"https:\/\/www.wheelchairbasketball.ca\/fr\/a-propos-de-nous\/foire-aux-questions\/","og_locale":"fr_FR","og_type":"article","og_title":"Foire Aux Questions - Wheelchair Basketball Canada","og_description":"J\u2019aimerais jouer au basketball en fauteuil roulant. Comment est-ce que je peux participer? Il existe de nombreuses \u00e9quipes et des clubs de basketball en fauteuil roulant qui s\u2019adressent \u00e0 divers groupes d\u2019\u00e2ge et niveaux d\u2019habilet\u00e9s au Canada \u2013 un programme est probablement offert dans votre collectivit\u00e9 ou pr\u00e8s de celle-ci. La majorit\u00e9 de ces programmes [&hellip;]","og_url":"https:\/\/www.wheelchairbasketball.ca\/fr\/a-propos-de-nous\/foire-aux-questions\/","og_site_name":"Wheelchair Basketball Canada","article_publisher":"http:\/\/www.facebook.com\/wheelchairbasketball","article_modified_time":"2015-11-11T18:09:11+00:00","twitter_card":"summary_large_image","twitter_site":"@WCBballCanada","twitter_misc":{"Dur\u00e9e de lecture estim\u00e9e":"6 minutes"},"schema":{"@context":"https:\/\/schema.org","@graph":[{"@type":"WebPage","@id":"https:\/\/www.wheelchairbasketball.ca\/fr\/a-propos-de-nous\/foire-aux-questions\/","url":"https:\/\/www.wheelchairbasketball.ca\/fr\/a-propos-de-nous\/foire-aux-questions\/","name":"Foire Aux Questions - Wheelchair Basketball Canada","isPartOf":{"@id":"https:\/\/www.wheelchairbasketball.ca\/#website"},"datePublished":"2015-04-02T02:30:36+00:00","dateModified":"2015-11-11T18:09:11+00:00","breadcrumb":{"@id":"https:\/\/www.wheelchairbasketball.ca\/fr\/a-propos-de-nous\/foire-aux-questions\/#breadcrumb"},"inLanguage":"fr-FR","potentialAction":[{"@type":"ReadAction","target":["https:\/\/www.wheelchairbasketball.ca\/fr\/a-propos-de-nous\/foire-aux-questions\/"]}]},{"@type":"BreadcrumbList","@id":"https:\/\/www.wheelchairbasketball.ca\/fr\/a-propos-de-nous\/foire-aux-questions\/#breadcrumb","itemListElement":[{"@type":"ListItem","position":1,"name":"Home","item":"https:\/\/www.wheelchairbasketball.ca\/fr\/"},{"@type":"ListItem","position":2,"name":"\u00c0 propos de nous","item":"https:\/\/www.wheelchairbasketball.ca\/fr\/a-propos-de-nous\/"},{"@type":"ListItem","position":3,"name":"Foire Aux Questions"}]},{"@type":"WebSite","@id":"https:\/\/www.wheelchairbasketball.ca\/#website","url":"https:\/\/www.wheelchairbasketball.ca\/","name":"Wheelchair Basketball Canada","description":"Real Life. Real Sport.","potentialAction":[{"@type":"SearchAction","target":{"@type":"EntryPoint","urlTemplate":"https:\/\/www.wheelchairbasketball.ca\/?s={search_term_string}"},"query-input":"required name=search_term_string"}],"inLanguage":"fr-FR"}]}},"_links":{"self":[{"href":"https:\/\/www.wheelchairbasketball.ca\/fr\/wp-json\/wp\/v2\/pages\/1680"}],"collection":[{"href":"https:\/\/www.wheelchairbasketball.ca\/fr\/wp-json\/wp\/v2\/pages"}],"about":[{"href":"https:\/\/www.wheelchairbasketball.ca\/fr\/wp-json\/wp\/v2\/types\/page"}],"author":[{"embeddable":true,"href":"https:\/\/www.wheelchairbasketball.ca\/fr\/wp-json\/wp\/v2\/users\/4"}],"replies":[{"embeddable":true,"href":"https:\/\/www.wheelchairbasketball.ca\/fr\/wp-json\/wp\/v2\/comments?post=1680"}],"version-history":[{"count":3,"href":"https:\/\/www.wheelchairbasketball.ca\/fr\/wp-json\/wp\/v2\/pages\/1680\/revisions"}],"predecessor-version":[{"id":5024,"href":"https:\/\/www.wheelchairbasketball.ca\/fr\/wp-json\/wp\/v2\/pages\/1680\/revisions\/5024"}],"up":[{"embeddable":true,"href":"https:\/\/www.wheelchairbasketball.ca\/fr\/wp-json\/wp\/v2\/pages\/1162"}],"wp:attachment":[{"href":"https:\/\/www.wheelchairbasketball.ca\/fr\/wp-json\/wp\/v2\/media?parent=1680"}],"curies":[{"name":"wp","href":"https:\/\/api.w.org\/{rel}","templated":true}]}}