{"id":1695,"date":"2015-04-02T04:15:16","date_gmt":"2015-04-02T04:15:16","guid":{"rendered":"https:\/\/www.wheelchairbasketball.ca\/?page_id=1695"},"modified":"2015-04-02T04:15:16","modified_gmt":"2015-04-02T04:15:16","slug":"nouvelles-archivees","status":"publish","type":"page","link":"https:\/\/www.wheelchairbasketball.ca\/fr\/nouvelles\/nouvelles-archivees\/","title":{"rendered":"Nouvelles archiv\u00e9es"},"content":{"rendered":"<p>Au cas o\u00f9 vous l&rsquo;avez manqu\u00e9 &#8211; suivez les liens ci-dessous pour revoir toutes les anciennes nouvelles de basketball en fauteuil roulant.<\/p>\n<p>Pour voir toutes les derni\u00e8res nouvelles, veuillez visiter la sections des [<a href=\"https:\/\/www.wheelchairbasketball.ca\/fr\/nouvelles\/dernieres-nouvelles\/\" title=\"Derni\u00e8res nouvelles\">Derni\u00e8res nouvelles<\/a>].<\/p>\n","protected":false},"excerpt":{"rendered":"Au cas o\u00f9 vous l&rsquo;avez manqu\u00e9 &#8211; suivez les liens ci-dessous pour revoir toutes les anciennes nouvelles de basketball en fauteuil roulant. Pour voir toutes les derni\u00e8res nouvelles, veuillez visiter la sections des [Derni\u00e8res nouvelles].","protected":false},"author":4,"featured_media":0,"parent":1691,"menu_order":1,"comment_status":"closed","ping_status":"closed","template":"page_news_archives.php","meta":{"om_disable_all_campaigns":false,"_monsterinsights_skip_tracking":false,"_monsterinsights_sitenote_active":false,"_monsterinsights_sitenote_note":"","_monsterinsights_sitenote_category":0,"footnotes":""},"acf":[],"yoast_head":"<!-- This site is optimized with the Yoast SEO plugin v21.9.1 - https:\/\/yoast.com\/wordpress\/plugins\/seo\/ -->\n<title>Nouvelles archiv\u00e9es - Wheelchair Basketball Canada<\/title>\n<meta name=\"robots\" content=\"index, follow, max-snippet:-1, max-image-preview:large, max-video-preview:-1\" \/>\n<link rel=\"canonical\" href=\"https:\/\/www.wheelchairbasketball.ca\/fr\/nouvelles\/nouvelles-archivees\/\" \/>\n<meta property=\"og:locale\" content=\"fr_FR\" \/>\n<meta property=\"og:type\" content=\"article\" \/>\n<meta property=\"og:title\" content=\"Nouvelles archiv\u00e9es - Wheelchair Basketball Canada\" \/>\n<meta property=\"og:description\" content=\"Au cas o\u00f9 vous l&rsquo;avez manqu\u00e9 &#8211; suivez les liens ci-dessous pour revoir toutes les anciennes nouvelles de basketball en fauteuil roulant. Pour voir toutes les derni\u00e8res nouvelles, veuillez visiter la sections des [Derni\u00e8res nouvelles].\" \/>\n<meta property=\"og:url\" content=\"https:\/\/www.wheelchairbasketball.ca\/fr\/nouvelles\/nouvelles-archivees\/\" \/>\n<meta property=\"og:site_name\" content=\"Wheelchair Basketball Canada\" \/>\n<meta property=\"article:publisher\" content=\"http:\/\/www.facebook.com\/wheelchairbasketball\" \/>\n<meta name=\"twitter:card\" content=\"summary_large_image\" \/>\n<meta name=\"twitter:site\" content=\"@WCBballCanada\" \/>\n<script type=\"application\/ld+json\" class=\"yoast-schema-graph\">{\"@context\":\"https:\/\/schema.org\",\"@graph\":[{\"@type\":\"WebPage\",\"@id\":\"https:\/\/www.wheelchairbasketball.ca\/fr\/nouvelles\/nouvelles-archivees\/\",\"url\":\"https:\/\/www.wheelchairbasketball.ca\/fr\/nouvelles\/nouvelles-archivees\/\",\"name\":\"Nouvelles archiv\u00e9es - Wheelchair Basketball Canada\",\"isPartOf\":{\"@id\":\"https:\/\/www.wheelchairbasketball.ca\/#website\"},\"datePublished\":\"2015-04-02T04:15:16+00:00\",\"dateModified\":\"2015-04-02T04:15:16+00:00\",\"breadcrumb\":{\"@id\":\"https:\/\/www.wheelchairbasketball.ca\/fr\/nouvelles\/nouvelles-archivees\/#breadcrumb\"},\"inLanguage\":\"fr-FR\",\"potentialAction\":[{\"@type\":\"ReadAction\",\"target\":[\"https:\/\/www.wheelchairbasketball.ca\/fr\/nouvelles\/nouvelles-archivees\/\"]}]},{\"@type\":\"BreadcrumbList\",\"@id\":\"https:\/\/www.wheelchairbasketball.ca\/fr\/nouvelles\/nouvelles-archivees\/#breadcrumb\",\"itemListElement\":[{\"@type\":\"ListItem\",\"position\":1,\"name\":\"Home\",\"item\":\"https:\/\/www.wheelchairbasketball.ca\/fr\/\"},{\"@type\":\"ListItem\",\"position\":2,\"name\":\"Nouvelles\",\"item\":\"https:\/\/www.wheelchairbasketball.ca\/fr\/nouvelles\/\"},{\"@type\":\"ListItem\",\"position\":3,\"name\":\"Nouvelles archiv\u00e9es\"}]},{\"@type\":\"WebSite\",\"@id\":\"https:\/\/www.wheelchairbasketball.ca\/#website\",\"url\":\"https:\/\/www.wheelchairbasketball.ca\/\",\"name\":\"Wheelchair Basketball Canada\",\"description\":\"Real Life. Real Sport.\",\"potentialAction\":[{\"@type\":\"SearchAction\",\"target\":{\"@type\":\"EntryPoint\",\"urlTemplate\":\"https:\/\/www.wheelchairbasketball.ca\/?s={search_term_string}\"},\"query-input\":\"required name=search_term_string\"}],\"inLanguage\":\"fr-FR\"}]}<\/script>\n<!-- \/ Yoast SEO plugin. -->","yoast_head_json":{"title":"Nouvelles archiv\u00e9es - Wheelchair Basketball Canada","robots":{"index":"index","follow":"follow","max-snippet":"max-snippet:-1","max-image-preview":"max-image-preview:large","max-video-preview":"max-video-preview:-1"},"canonical":"https:\/\/www.wheelchairbasketball.ca\/fr\/nouvelles\/nouvelles-archivees\/","og_locale":"fr_FR","og_type":"article","og_title":"Nouvelles archiv\u00e9es - Wheelchair Basketball Canada","og_description":"Au cas o\u00f9 vous l&rsquo;avez manqu\u00e9 &#8211; suivez les liens ci-dessous pour revoir toutes les anciennes nouvelles de basketball en fauteuil roulant. Pour voir toutes les derni\u00e8res nouvelles, veuillez visiter la sections des [Derni\u00e8res nouvelles].","og_url":"https:\/\/www.wheelchairbasketball.ca\/fr\/nouvelles\/nouvelles-archivees\/","og_site_name":"Wheelchair Basketball Canada","article_publisher":"http:\/\/www.facebook.com\/wheelchairbasketball","twitter_card":"summary_large_image","twitter_site":"@WCBballCanada","schema":{"@context":"https:\/\/schema.org","@graph":[{"@type":"WebPage","@id":"https:\/\/www.wheelchairbasketball.ca\/fr\/nouvelles\/nouvelles-archivees\/","url":"https:\/\/www.wheelchairbasketball.ca\/fr\/nouvelles\/nouvelles-archivees\/","name":"Nouvelles archiv\u00e9es - Wheelchair Basketball Canada","isPartOf":{"@id":"https:\/\/www.wheelchairbasketball.ca\/#website"},"datePublished":"2015-04-02T04:15:16+00:00","dateModified":"2015-04-02T04:15:16+00:00","breadcrumb":{"@id":"https:\/\/www.wheelchairbasketball.ca\/fr\/nouvelles\/nouvelles-archivees\/#breadcrumb"},"inLanguage":"fr-FR","potentialAction":[{"@type":"ReadAction","target":["https:\/\/www.wheelchairbasketball.ca\/fr\/nouvelles\/nouvelles-archivees\/"]}]},{"@type":"BreadcrumbList","@id":"https:\/\/www.wheelchairbasketball.ca\/fr\/nouvelles\/nouvelles-archivees\/#breadcrumb","itemListElement":[{"@type":"ListItem","position":1,"name":"Home","item":"https:\/\/www.wheelchairbasketball.ca\/fr\/"},{"@type":"ListItem","position":2,"name":"Nouvelles","item":"https:\/\/www.wheelchairbasketball.ca\/fr\/nouvelles\/"},{"@type":"ListItem","position":3,"name":"Nouvelles archiv\u00e9es"}]},{"@type":"WebSite","@id":"https:\/\/www.wheelchairbasketball.ca\/#website","url":"https:\/\/www.wheelchairbasketball.ca\/","name":"Wheelchair Basketball Canada","description":"Real Life. Real Sport.","potentialAction":[{"@type":"SearchAction","target":{"@type":"EntryPoint","urlTemplate":"https:\/\/www.wheelchairbasketball.ca\/?s={search_term_string}"},"query-input":"required name=search_term_string"}],"inLanguage":"fr-FR"}]}},"_links":{"self":[{"href":"https:\/\/www.wheelchairbasketball.ca\/fr\/wp-json\/wp\/v2\/pages\/1695"}],"collection":[{"href":"https:\/\/www.wheelchairbasketball.ca\/fr\/wp-json\/wp\/v2\/pages"}],"about":[{"href":"https:\/\/www.wheelchairbasketball.ca\/fr\/wp-json\/wp\/v2\/types\/page"}],"author":[{"embeddable":true,"href":"https:\/\/www.wheelchairbasketball.ca\/fr\/wp-json\/wp\/v2\/users\/4"}],"replies":[{"embeddable":true,"href":"https:\/\/www.wheelchairbasketball.ca\/fr\/wp-json\/wp\/v2\/comments?post=1695"}],"version-history":[{"count":1,"href":"https:\/\/www.wheelchairbasketball.ca\/fr\/wp-json\/wp\/v2\/pages\/1695\/revisions"}],"predecessor-version":[{"id":1696,"href":"https:\/\/www.wheelchairbasketball.ca\/fr\/wp-json\/wp\/v2\/pages\/1695\/revisions\/1696"}],"up":[{"embeddable":true,"href":"https:\/\/www.wheelchairbasketball.ca\/fr\/wp-json\/wp\/v2\/pages\/1691"}],"wp:attachment":[{"href":"https:\/\/www.wheelchairbasketball.ca\/fr\/wp-json\/wp\/v2\/media?parent=1695"}],"curies":[{"name":"wp","href":"https:\/\/api.w.org\/{rel}","templated":true}]}}