{"id":1697,"date":"2015-04-02T04:18:58","date_gmt":"2015-04-02T04:18:58","guid":{"rendered":"https:\/\/www.wheelchairbasketball.ca\/?page_id=1697"},"modified":"2024-10-28T21:21:06","modified_gmt":"2024-10-28T21:21:06","slug":"ressources-mediatiques","status":"publish","type":"page","link":"https:\/\/www.wheelchairbasketball.ca\/fr\/nouvelles\/ressources-mediatiques\/","title":{"rendered":"Ressources m\u00e9diatiques"},"content":{"rendered":"<p id=\"radETempNode\"><span lang=\"FR-CA\">Basketball en fauteuil roulant Canada s\u2019engage \u00e0 aider les journalistes \u00e0 trouver des articles et sujets de reportage int\u00e9ressants et se voue pleinement \u00e0 faciliter toutes les demandes d&rsquo;entrevue et de renseignements des m\u00e9dias qui ne perturbent pas les calendriers d&rsquo;entra\u00eenement et de comp\u00e9tition ou n&rsquo;affectent pas les restrictions en mati\u00e8re de transport.\u00a0<\/span><\/p>\n<h3>Contacts pour les m\u00e9dias<\/h3>\n<p><span lang=\"FR-CA\">Vous souhaitez faire un reportage sur un athl\u00e8te, un entra\u00eeneur, un officiel de Basketball en fauteuil roulant Canada ou sur le sport en g\u00e9n\u00e9ral; rien de plus facile. Pour plus de renseignements ou pour demander une photo ou une entrevue, veuillez contacter un membre de notre service des communications et des relations avec les m\u00e9dias. <\/span><\/p>\n<p><strong>Dhiren Mahiban<\/strong><br \/>\nGestionnaire des communications et des m\u00e9dias num\u00e9riques<br \/>\n416-574-6682<br \/>\n<a href=\"mailto:d&#109;&#97;&#104;&#105;&#98;&#97;&#110;&#64;&#119;&#104;&#x65;&#x65;&#x6c;&#x63;&#x68;&#x61;&#x69;&#x72;&#x62;&#x61;&#x73;&#x6b;&#x65;&#x74;&#x62;all&#46;ca\">&#x64;&#x6d;&#x61;&#x68;&#105;&#98;&#97;n&#64;&#x77;&#x68;&#x65;&#x65;&#x6c;&#99;&#104;&#97;ir&#x62;&#x61;&#x73;&#x6b;&#x65;&#116;&#98;&#97;ll&#x2e;&#x63;&#x61;<\/a><\/p>\n<h3>Communiqu\u00e9s de presse<\/h3>\n<p>Nous invitons les membres des m\u00e9dias \u00e0 s&rsquo;inscrire \u00e0 notre liste de distribution de communiqu\u00e9s de presse pour recevoir les derni\u00e8res nouvelles de Basketball en fauteuil roulant Canada. Veuillez contacter <a href=\"mailto: &#x64;&#x6d;&#x61;&#x68;&#105;&#98;&#97;&#110;&#64;wh&#x65;&#x65;&#x6c;&#x63;&#x68;&#97;&#105;&#114;bas&#x6b;&#x65;&#x74;&#x62;&#x61;&#108;&#108;&#46;ca\">Dhiren Mahiban<\/a> pour recevoir les communiqu\u00e9s de presse de WBC.<\/p>\n","protected":false},"excerpt":{"rendered":"Basketball en fauteuil roulant Canada s\u2019engage \u00e0 aider les journalistes \u00e0 trouver des articles et sujets de reportage int\u00e9ressants et se voue pleinement \u00e0 faciliter toutes les demandes d&rsquo;entrevue et de renseignements des m\u00e9dias qui ne perturbent pas les calendriers d&rsquo;entra\u00eenement et de comp\u00e9tition ou n&rsquo;affectent pas les restrictions en mati\u00e8re de transport.\u00a0 Contacts pour [&hellip;]","protected":false},"author":4,"featured_media":16004,"parent":1691,"menu_order":3,"comment_status":"closed","ping_status":"closed","template":"","meta":{"om_disable_all_campaigns":false,"_monsterinsights_skip_tracking":false,"_monsterinsights_sitenote_active":false,"_monsterinsights_sitenote_note":"","_monsterinsights_sitenote_category":0,"footnotes":""},"acf":[],"yoast_head":"<!-- This site is optimized with the Yoast SEO plugin v21.9.1 - https:\/\/yoast.com\/wordpress\/plugins\/seo\/ -->\n<title>Ressources m\u00e9diatiques - Wheelchair Basketball Canada<\/title>\n<meta name=\"robots\" content=\"index, follow, max-snippet:-1, max-image-preview:large, max-video-preview:-1\" \/>\n<link rel=\"canonical\" href=\"https:\/\/www.wheelchairbasketball.ca\/fr\/nouvelles\/ressources-mediatiques\/\" \/>\n<meta property=\"og:locale\" content=\"fr_FR\" \/>\n<meta property=\"og:type\" content=\"article\" \/>\n<meta property=\"og:title\" content=\"Ressources m\u00e9diatiques - Wheelchair Basketball Canada\" \/>\n<meta property=\"og:description\" content=\"Basketball en fauteuil roulant Canada s\u2019engage \u00e0 aider les journalistes \u00e0 trouver des articles et sujets de reportage int\u00e9ressants et se voue pleinement \u00e0 faciliter toutes les demandes d&rsquo;entrevue et de renseignements des m\u00e9dias qui ne perturbent pas les calendriers d&rsquo;entra\u00eenement et de comp\u00e9tition ou n&rsquo;affectent pas les restrictions en mati\u00e8re de transport.\u00a0 Contacts pour [&hellip;]\" \/>\n<meta property=\"og:url\" content=\"https:\/\/www.wheelchairbasketball.ca\/fr\/nouvelles\/ressources-mediatiques\/\" \/>\n<meta property=\"og:site_name\" content=\"Wheelchair Basketball Canada\" \/>\n<meta property=\"article:publisher\" content=\"http:\/\/www.facebook.com\/wheelchairbasketball\" \/>\n<meta property=\"article:modified_time\" content=\"2024-10-28T21:21:06+00:00\" \/>\n<meta property=\"og:image\" content=\"https:\/\/www.wheelchairbasketball.ca\/wp-content\/uploads\/2021\/11\/Juice-media-feature.jpg\" \/>\n\t<meta property=\"og:image:width\" content=\"1400\" \/>\n\t<meta property=\"og:image:height\" content=\"600\" \/>\n\t<meta property=\"og:image:type\" content=\"image\/jpeg\" \/>\n<meta name=\"twitter:card\" content=\"summary_large_image\" \/>\n<meta name=\"twitter:site\" content=\"@WCBballCanada\" \/>\n<meta name=\"twitter:label1\" content=\"Dur\u00e9e de lecture estim\u00e9e\" \/>\n\t<meta name=\"twitter:data1\" content=\"1 minute\" \/>\n<script type=\"application\/ld+json\" class=\"yoast-schema-graph\">{\"@context\":\"https:\/\/schema.org\",\"@graph\":[{\"@type\":\"WebPage\",\"@id\":\"https:\/\/www.wheelchairbasketball.ca\/fr\/nouvelles\/ressources-mediatiques\/\",\"url\":\"https:\/\/www.wheelchairbasketball.ca\/fr\/nouvelles\/ressources-mediatiques\/\",\"name\":\"Ressources m\u00e9diatiques - Wheelchair Basketball Canada\",\"isPartOf\":{\"@id\":\"https:\/\/www.wheelchairbasketball.ca\/#website\"},\"datePublished\":\"2015-04-02T04:18:58+00:00\",\"dateModified\":\"2024-10-28T21:21:06+00:00\",\"breadcrumb\":{\"@id\":\"https:\/\/www.wheelchairbasketball.ca\/fr\/nouvelles\/ressources-mediatiques\/#breadcrumb\"},\"inLanguage\":\"fr-FR\",\"potentialAction\":[{\"@type\":\"ReadAction\",\"target\":[\"https:\/\/www.wheelchairbasketball.ca\/fr\/nouvelles\/ressources-mediatiques\/\"]}]},{\"@type\":\"BreadcrumbList\",\"@id\":\"https:\/\/www.wheelchairbasketball.ca\/fr\/nouvelles\/ressources-mediatiques\/#breadcrumb\",\"itemListElement\":[{\"@type\":\"ListItem\",\"position\":1,\"name\":\"Home\",\"item\":\"https:\/\/www.wheelchairbasketball.ca\/fr\/\"},{\"@type\":\"ListItem\",\"position\":2,\"name\":\"Nouvelles\",\"item\":\"https:\/\/www.wheelchairbasketball.ca\/fr\/nouvelles\/\"},{\"@type\":\"ListItem\",\"position\":3,\"name\":\"Ressources m\u00e9diatiques\"}]},{\"@type\":\"WebSite\",\"@id\":\"https:\/\/www.wheelchairbasketball.ca\/#website\",\"url\":\"https:\/\/www.wheelchairbasketball.ca\/\",\"name\":\"Wheelchair Basketball Canada\",\"description\":\"Real Life. Real Sport.\",\"potentialAction\":[{\"@type\":\"SearchAction\",\"target\":{\"@type\":\"EntryPoint\",\"urlTemplate\":\"https:\/\/www.wheelchairbasketball.ca\/?s={search_term_string}\"},\"query-input\":\"required name=search_term_string\"}],\"inLanguage\":\"fr-FR\"}]}<\/script>\n<!-- \/ Yoast SEO plugin. -->","yoast_head_json":{"title":"Ressources m\u00e9diatiques - Wheelchair Basketball Canada","robots":{"index":"index","follow":"follow","max-snippet":"max-snippet:-1","max-image-preview":"max-image-preview:large","max-video-preview":"max-video-preview:-1"},"canonical":"https:\/\/www.wheelchairbasketball.ca\/fr\/nouvelles\/ressources-mediatiques\/","og_locale":"fr_FR","og_type":"article","og_title":"Ressources m\u00e9diatiques - Wheelchair Basketball Canada","og_description":"Basketball en fauteuil roulant Canada s\u2019engage \u00e0 aider les journalistes \u00e0 trouver des articles et sujets de reportage int\u00e9ressants et se voue pleinement \u00e0 faciliter toutes les demandes d&rsquo;entrevue et de renseignements des m\u00e9dias qui ne perturbent pas les calendriers d&rsquo;entra\u00eenement et de comp\u00e9tition ou n&rsquo;affectent pas les restrictions en mati\u00e8re de transport.\u00a0 Contacts pour [&hellip;]","og_url":"https:\/\/www.wheelchairbasketball.ca\/fr\/nouvelles\/ressources-mediatiques\/","og_site_name":"Wheelchair Basketball Canada","article_publisher":"http:\/\/www.facebook.com\/wheelchairbasketball","article_modified_time":"2024-10-28T21:21:06+00:00","og_image":[{"width":1400,"height":600,"url":"https:\/\/www.wheelchairbasketball.ca\/wp-content\/uploads\/2021\/11\/Juice-media-feature.jpg","type":"image\/jpeg"}],"twitter_card":"summary_large_image","twitter_site":"@WCBballCanada","twitter_misc":{"Dur\u00e9e de lecture estim\u00e9e":"1 minute"},"schema":{"@context":"https:\/\/schema.org","@graph":[{"@type":"WebPage","@id":"https:\/\/www.wheelchairbasketball.ca\/fr\/nouvelles\/ressources-mediatiques\/","url":"https:\/\/www.wheelchairbasketball.ca\/fr\/nouvelles\/ressources-mediatiques\/","name":"Ressources m\u00e9diatiques - Wheelchair Basketball Canada","isPartOf":{"@id":"https:\/\/www.wheelchairbasketball.ca\/#website"},"datePublished":"2015-04-02T04:18:58+00:00","dateModified":"2024-10-28T21:21:06+00:00","breadcrumb":{"@id":"https:\/\/www.wheelchairbasketball.ca\/fr\/nouvelles\/ressources-mediatiques\/#breadcrumb"},"inLanguage":"fr-FR","potentialAction":[{"@type":"ReadAction","target":["https:\/\/www.wheelchairbasketball.ca\/fr\/nouvelles\/ressources-mediatiques\/"]}]},{"@type":"BreadcrumbList","@id":"https:\/\/www.wheelchairbasketball.ca\/fr\/nouvelles\/ressources-mediatiques\/#breadcrumb","itemListElement":[{"@type":"ListItem","position":1,"name":"Home","item":"https:\/\/www.wheelchairbasketball.ca\/fr\/"},{"@type":"ListItem","position":2,"name":"Nouvelles","item":"https:\/\/www.wheelchairbasketball.ca\/fr\/nouvelles\/"},{"@type":"ListItem","position":3,"name":"Ressources m\u00e9diatiques"}]},{"@type":"WebSite","@id":"https:\/\/www.wheelchairbasketball.ca\/#website","url":"https:\/\/www.wheelchairbasketball.ca\/","name":"Wheelchair Basketball Canada","description":"Real Life. Real Sport.","potentialAction":[{"@type":"SearchAction","target":{"@type":"EntryPoint","urlTemplate":"https:\/\/www.wheelchairbasketball.ca\/?s={search_term_string}"},"query-input":"required name=search_term_string"}],"inLanguage":"fr-FR"}]}},"_links":{"self":[{"href":"https:\/\/www.wheelchairbasketball.ca\/fr\/wp-json\/wp\/v2\/pages\/1697"}],"collection":[{"href":"https:\/\/www.wheelchairbasketball.ca\/fr\/wp-json\/wp\/v2\/pages"}],"about":[{"href":"https:\/\/www.wheelchairbasketball.ca\/fr\/wp-json\/wp\/v2\/types\/page"}],"author":[{"embeddable":true,"href":"https:\/\/www.wheelchairbasketball.ca\/fr\/wp-json\/wp\/v2\/users\/4"}],"replies":[{"embeddable":true,"href":"https:\/\/www.wheelchairbasketball.ca\/fr\/wp-json\/wp\/v2\/comments?post=1697"}],"version-history":[{"count":8,"href":"https:\/\/www.wheelchairbasketball.ca\/fr\/wp-json\/wp\/v2\/pages\/1697\/revisions"}],"predecessor-version":[{"id":21811,"href":"https:\/\/www.wheelchairbasketball.ca\/fr\/wp-json\/wp\/v2\/pages\/1697\/revisions\/21811"}],"up":[{"embeddable":true,"href":"https:\/\/www.wheelchairbasketball.ca\/fr\/wp-json\/wp\/v2\/pages\/1691"}],"wp:featuredmedia":[{"embeddable":true,"href":"https:\/\/www.wheelchairbasketball.ca\/fr\/wp-json\/wp\/v2\/media\/16004"}],"wp:attachment":[{"href":"https:\/\/www.wheelchairbasketball.ca\/fr\/wp-json\/wp\/v2\/media?parent=1697"}],"curies":[{"name":"wp","href":"https:\/\/api.w.org\/{rel}","templated":true}]}}