{"id":20172,"date":"2024-01-25T20:56:16","date_gmt":"2024-01-25T20:56:16","guid":{"rendered":"https:\/\/www.wheelchairbasketball.ca\/?page_id=20172"},"modified":"2024-01-25T21:24:19","modified_gmt":"2024-01-25T21:24:19","slug":"subvention-de-basketball-en-fauteuil-roulant-pour-tous","status":"publish","type":"page","link":"https:\/\/www.wheelchairbasketball.ca\/fr\/programmes\/subvention-de-basketball-en-fauteuil-roulant-pour-tous\/","title":{"rendered":"Subvention de Basketball en Fauteuil Roulant pour Tous"},"content":{"rendered":"<p>La subvention de \u00ab\u00a0Basketball en fauteuil roulant pour tous\u00a0\u00bb (BFRT) de Basketball en fauteuil roulant Canada est un catalyseur de croissance, vou\u00e9 \u00e0 l&rsquo;identification et au soutien de programmes partout au Canada, qui favorisent l&rsquo;expansion et la durabilit\u00e9 du basketball en fauteuil roulant au moyen de parcours de connectivit\u00e9, d&rsquo;\u00e9tablissement de partenariats et d&rsquo;engagement g\u00e9n\u00e9ralis\u00e9.<\/p>\n<p>L&rsquo;objectif de la subvention est de motiver les candidats \u00e0 favoriser la croissance de nouveaux programmes de basketball en fauteuil roulant ou \u00e0 r\u00e9inventer la port\u00e9e de programmes actuels de basketball en fauteuil roulant, afin d&rsquo;offrir des exp\u00e9riences sportives inclusives, accessibles, s\u00e9curitaires et de qualit\u00e9, en mettant l&rsquo;accent sur l\u2019augmentation de la participation, du nombre de partenariats et du maintien des participants dans le sport.<\/p>\n<p>La Subvention de basketball en fauteuil roulant pour tous financera dix projets d\u2019un total de 5\u00a0000\u00a0$ chacun. Les projets seront examin\u00e9s et s\u00e9lectionn\u00e9s \u00e0 mesure qu\u2019ils seront re\u00e7us. Si dix projets sont s\u00e9lectionn\u00e9s avant la date limite de pr\u00e9sentation des demandes \u00e9nonc\u00e9e, les portails de demande fermeront.<\/p>\n<p>Nous savons que la r\u00e9daction de demandes de subvention prend beaucoup de temps et d&rsquo;\u00e9nergie. Nous voulons rendre ce processus facile et accessible \u00e0 tous les clubs et partenaires de basketball en fauteuil roulant. Consultez la section Renseignements sur la demande ci\u2011dessous et faites la v\u00f4tre \u00e0 l\u2019aide de l&rsquo;une ou de l&rsquo;autre m\u00e9thode.<\/p>\n<p>Veuillez vous assurer de remplir avec pr\u00e9cision toutes les sections de la demande et contactez <a href=\"&#x6d;&#97;&#105;&#x6c;&#x74;&#111;&#58;&#x6b;&#x6f;&#110;&#121;&#x6f;&#x6e;&#64;&#119;&#x68;&#x65;&#101;&#108;&#x63;&#x68;&#97;&#105;&#x72;&#x62;&#97;&#115;&#x6b;&#x65;&#116;&#98;&#x61;&#x6c;&#108;&#46;&#x63;&#x61;\">Kathleen O&rsquo;Nyon<\/a>, coordonnatrice des effectifs de BFRC, pour toute question.<\/p>\n<p><strong>RENSEIGNEMENTS SUR LA DEMANDE<br \/>\n<\/strong>Pour soumettre votre projet, veuillez utiliser l&rsquo;une des m\u00e9thodes de demande d\u00e9crites ci dessous.<\/p>\n<p style=\"padding-left: 40px;\"><strong>1. Formulaire en ligne<\/strong><br \/>\nLes candidats peuvent soumettre leurs projets en remplissant une demande en ligne, qu\u2019examinera BFRC. Si vous choisissez de pr\u00e9senter une demande conform\u00e9ment \u00e0 cette m\u00e9thode, veuillez le faire ICI.<\/p>\n<p style=\"padding-left: 40px;\"><strong>2. Consultation<\/strong><br \/>\nLes candidats peuvent pr\u00e9senter leurs projets \u00e0 BFRC durant une r\u00e9union virtuelle de 30 minutes. Si vous souhaitez poursuivre ce processus, veuillez envoyer un courriel \u00e0 <a href=\"mailto: &#x6b;&#x6f;&#x6e;&#x79;&#x6f;&#x6e;&#x40;&#x77;&#x68;&#x65;&#x65;&#x6c;&#x63;&#x68;&#x61;&#x69;&#x72;&#x62;&#x61;&#x73;&#x6b;&#x65;&#x74;&#x62;&#x61;&#x6c;&#x6c;&#x2e;&#x63;&#x61;\">Kathleen O&rsquo;Nyon<\/a> avec une date et une heure sugg\u00e9r\u00e9es pour votre pr\u00e9sentation.<\/p>\n<p>Dans le cadre des deux m\u00e9thodes, vous devrez fournir les \u00e9l\u00e9ments suivants\u00a0:<\/p>\n<ol>\n<li style=\"list-style-type: none;\">\n<ol>\n<li>Aper\u00e7u du projet;<\/li>\n<li>\u00c9ch\u00e9ances du projet;<\/li>\n<li>R\u00e9sultats attendus;<\/li>\n<li>Budget;<\/li>\n<li>Partenaires potentiels.<\/li>\n<\/ol>\n<\/li>\n<\/ol>\n<p><strong>\u00c9CH\u00c9ANCE DE PR\u00c9SENTATION DES DEMANDES<br \/>\n<\/strong>Les projets seront examin\u00e9s et s\u00e9lectionn\u00e9s de fa\u00e7on continue pendant la p\u00e9riode de r\u00e9ception des demandes. Si dix projets sont s\u00e9lectionn\u00e9s avant la date limite de pr\u00e9sentation des demandes, les portails de demande fermeront.<\/p>\n<p>D\u00c9BUT DE LA R\u00c9CEPTION ANTICIP\u00c9E DES DEMANDES : <strong>26 JANVIER 2024<\/strong><\/p>\n<ul>\n<li>Cette date s&rsquo;applique <strong>SEULEMENT<\/strong> aux clubs de basketball en fauteuil roulant qui ont particip\u00e9 \u00e0 la Semaine du basketball en fauteuil roulant.<\/li>\n<\/ul>\n<p>D\u00c9BUT DE LA R\u00c9CEPTION DES DEMANDES : <strong>29 JANVIER 2024<\/strong><\/p>\n<p>DATE LIMITE DE PR\u00c9SENTATION DES DEMANDES : <strong>16 F\u00c9VRIER 2024<\/strong><\/p>\n<p>ACH\u00c8VEMENT DU PROJET : <strong>31 MARS 2024<\/strong><\/p>\n<p><strong>CONDITIONS D&rsquo;ADMISSIBILIT\u00c9<\/strong><br \/>\nLa subvention de BFRT exige que les projets se trouvent au Canada et qu&rsquo;ils produisent des services au Canada.<\/p>\n<p>BFRC reconna\u00eet la diversit\u00e9 des partenaires de prestation qui offrent des programmes de parasport partout au Canada. Les demandes seront accept\u00e9es des organismes suivants, mais <strong>devront inclure un club canadien de basketball en fauteuil roulant enregistr\u00e9 \u00e0 titre de demandeur principal ou d&rsquo;organisme partenaire :<\/strong><\/p>\n<ul>\n<li>Clubs de basketball en fauteuil roulant enregistr\u00e9s;<\/li>\n<li>Organismes provinciaux de sport;<\/li>\n<li>\u00c9tablissements d&rsquo;enseignement et organismes, programmes et initiatives sans but lucratif qui s&rsquo;associent \u00e0 un club de basketball en fauteuil roulant reconnu de<\/li>\n<\/ul>\n<p><strong>PROJETS ADMISSIBLES<\/strong><br \/>\nLa subvention de BFRT financera de nouveaux programmes, ainsi que des programmes d\u00e9j\u00e0 en place, qui ont \u00e9t\u00e9 remani\u00e9s pour atteindre les objectifs strat\u00e9giques de BFRC.<\/p>\n<p><strong>Les projets admissibles comprennent, mais sans s\u2019y limiter, les suivants\u00a0:<\/strong><\/p>\n<ul>\n<li>Initiatives qui ciblent la participation de nouveaux groupes d\u00e9mographiques au Canada;<\/li>\n<li>\u00c9laboration et ex\u00e9cution d&rsquo;\u00e9v\u00e9nements \u00ab\u00a0d\u2019essai\u00a0\u00bb, l\u2019accent \u00e9tant mis sur la phase de premier contact;<\/li>\n<li>Initiatives qui tirent parti de partenariats nouveaux ou existants pour am\u00e9liorer la capacit\u00e9 et l&rsquo;ex\u00e9cution de programmes;<\/li>\n<li>Initiatives de marketing dans le but d&rsquo;accro\u00eetre la participation;<\/li>\n<li>Introduction du basketball en fauteuil roulant dans de nouveaux espaces;<\/li>\n<li>Initiatives qui font la promotion du basketball en fauteuil roulant en tant que parasport de premier plan au Canada;<\/li>\n<li>Initiatives qui mettent en \u00e9vidence les avantages physiques, psychologiques et b\u00e9n\u00e9fiques au mode de vie du basketball en fauteuil roulant;<\/li>\n<li>Initiatives qui encouragent la collaboration r\u00e9gionale et\/ou provinciale dans le sport;<\/li>\n<li>Initiatives qui cr\u00e9ent une voie d&rsquo;acc\u00e8s d\u2019un programme \u00e0 un club pour augmenter le nombre de participants inscrits dans les clubs de basketball en fauteuil roulant;<\/li>\n<li>Initiatives qui produisent des outils de legs pour leur utilisation continue dans les communaut\u00e9s.<\/li>\n<\/ul>\n<p><em>*Une attention particuli\u00e8re sera accord\u00e9e aux projets qui\u00a0:<\/em><\/p>\n<ul>\n<li>Facilitent une participation accrue des femmes et des filles;<\/li>\n<li>Favorisent l&rsquo;inclusion et accroissent les possibilit\u00e9s de participation sportive pour les groupes m\u00e9ritant l&rsquo;\u00e9quit\u00e9;<\/li>\n<li>S\u2019harmonisent activement avec BFRC et sa mission de s&rsquo;engager envers l\u2019excellence de l\u2019\u00e9laboration, du soutien et de la promotion du sport.<\/li>\n<\/ul>\n<p><strong>D\u00c9PENSES ADMISSIBLES<\/strong><br \/>\nLa subvention de BFRT est con\u00e7ue pour financer de nouveaux parcours et partenariats \u00e0 l\u2019appui de la croissance et de la durabilit\u00e9 des programmes de basketball en fauteuil roulant.<\/p>\n<p>La subvention de BFRT ne financera <strong>PAS<\/strong> les d\u00e9penses suivantes\u00a0:<\/p>\n<ul>\n<li>\u00c9quipement;<\/li>\n<li>Programmes multisports;<\/li>\n<li>Voyages aller-retour des \u00e9quipes \u00e0 des \u00e9v\u00e9nements;<\/li>\n<li>Articles personnels;<\/li>\n<li>Dette pr\u00e9existante;<\/li>\n<li>Programmes courants d\u00e9j\u00e0 en place.<\/li>\n<\/ul>\n<p><strong>ENGAGEMENTS DES B\u00c9N\u00c9FICIAIRES DE SUBVENTIONS<br \/>\n<\/strong>Une fois s\u00e9lectionn\u00e9s pour le financement, les b\u00e9n\u00e9ficiaires de subventions doivent s&rsquo;engager \u00e0 remplir les exigences suivantes :<\/p>\n<ul>\n<li>Veiller \u00e0 ce que les responsables du programme suivent la Formation sur la s\u00e9curit\u00e9 dans le sport de l&rsquo;ACE;<\/li>\n<li>\u00c9tablir un partenariat avec BFRC pour la planification et l&rsquo;ex\u00e9cution du programme;<\/li>\n<li>ex\u00e9cuter le projet propos\u00e9 conform\u00e9ment \u00e0 la demande;<\/li>\n<li>produire un rapport final d\u00e9crivant l&rsquo;impact du projet;<\/li>\n<li>fournir un budget final avec les re\u00e7us correspondants.<\/li>\n<\/ul>\n<p><strong>ENGAGEMENTS DE BFRC<br \/>\n<\/strong>BFRC s&rsquo;engage \u00e0 travailler avec chaque demandeur pendant la dur\u00e9e du projet pour l\u2019appuyer dans les domaines cl\u00e9s suivants\u00a0:<\/p>\n<ul>\n<li>Communications strat\u00e9giques;<\/li>\n<li>Inscription;<\/li>\n<li>Analyse \u00e0 la suite du projet;<\/li>\n<li>Planification de la durabilit\u00e9 du programme.<\/li>\n<\/ul>\n<p><strong>Questions et r\u00e9ponses<br \/>\n<\/strong>Le <strong>1<sup>er<\/sup>\u00a0f\u00e9vrier 2024<\/strong>, BFRC tiendra deux s\u00e9ances virtuelles de questions et r\u00e9ponses de 30\u00a0minutes chacune pour les demandeurs. La premi\u00e8re s\u00e9ance se d\u00e9roulera de <strong>16\u00a0h \u00e0 16\u00a0h\u00a030 (HNE)<\/strong> et la seconde, de <strong>19\u00a0h \u00e0 19\u00a0h\u00a030 (HNE).<\/strong> Ceux qui souhaitent y assister peuvent se joindre \u00e0 la s\u00e9ance en cliquant <a href=\"https:\/\/teams.microsoft.com\/l\/meetup-join\/19%3ameeting_M2ZkYTNmOWEtZDgzYy00MzkzLWE0NDktOTFmMjcxMDA0ZDY1%40thread.v2\/0?context=%7b%22Tid%22%3a%22e8f95331-be6d-491f-949b-a359396beb3f%22%2c%22Oid%22%3a%224b051ff5-4d24-4fd7-8c12-5b839055f85e%22%7d\"><strong>ici.<\/strong><\/a><\/p>\n<p><strong>\u00c0 PROPOS DE BASKETBALL EN FAUTEUIL ROULANT CANADA<br \/>\n<\/strong><br \/>\n<strong>Mission<\/strong><br \/>\nBasketball en fauteuil roulant Canada est engag\u00e9 envers l\u2019excellence de l\u2019\u00e9laboration, du soutien et de la promotion de programmes et de services de basketball en fauteuil roulant pour tous les Canadiens.<\/p>\n<p><strong>Objectifs strat\u00e9giques<\/strong><br \/>\nLes objectifs strat\u00e9giques de BFRC sont d\u2019assurer le leadership et de fournir les ressources n\u00e9cessaires pour stimuler la croissance et le d\u00e9veloppement du jeu, gr\u00e2ce \u00e0 une participation accrue, des parcours et des partenariats, ainsi qu\u2019une comp\u00e9tition constante.<\/p>\n","protected":false},"excerpt":{"rendered":"La subvention de \u00ab\u00a0Basketball en fauteuil roulant pour tous\u00a0\u00bb (BFRT) de Basketball en fauteuil roulant Canada est un catalyseur de croissance, vou\u00e9 \u00e0 l&rsquo;identification et au soutien de programmes partout au Canada, qui favorisent l&rsquo;expansion et la durabilit\u00e9 du basketball en fauteuil roulant au moyen de parcours de connectivit\u00e9, d&rsquo;\u00e9tablissement de partenariats et d&rsquo;engagement g\u00e9n\u00e9ralis\u00e9. [&hellip;]","protected":false},"author":17,"featured_media":20147,"parent":1210,"menu_order":5,"comment_status":"closed","ping_status":"closed","template":"","meta":{"om_disable_all_campaigns":false,"_monsterinsights_skip_tracking":false,"_monsterinsights_sitenote_active":false,"_monsterinsights_sitenote_note":"","_monsterinsights_sitenote_category":0,"footnotes":""},"acf":[],"yoast_head":"<!-- This site is optimized with the Yoast SEO plugin v21.9.1 - https:\/\/yoast.com\/wordpress\/plugins\/seo\/ -->\n<title>Subvention de Basketball en Fauteuil Roulant pour Tous - Wheelchair Basketball Canada<\/title>\n<meta name=\"robots\" content=\"index, follow, max-snippet:-1, max-image-preview:large, max-video-preview:-1\" \/>\n<link rel=\"canonical\" href=\"https:\/\/www.wheelchairbasketball.ca\/fr\/programmes\/subvention-de-basketball-en-fauteuil-roulant-pour-tous\/\" \/>\n<meta property=\"og:locale\" content=\"fr_FR\" \/>\n<meta property=\"og:type\" content=\"article\" \/>\n<meta property=\"og:title\" content=\"Subvention de Basketball en Fauteuil Roulant pour Tous - Wheelchair Basketball Canada\" \/>\n<meta property=\"og:description\" content=\"La subvention de \u00ab\u00a0Basketball en fauteuil roulant pour tous\u00a0\u00bb (BFRT) de Basketball en fauteuil roulant Canada est un catalyseur de croissance, vou\u00e9 \u00e0 l&rsquo;identification et au soutien de programmes partout au Canada, qui favorisent l&rsquo;expansion et la durabilit\u00e9 du basketball en fauteuil roulant au moyen de parcours de connectivit\u00e9, d&rsquo;\u00e9tablissement de partenariats et d&rsquo;engagement g\u00e9n\u00e9ralis\u00e9. [&hellip;]\" \/>\n<meta property=\"og:url\" content=\"https:\/\/www.wheelchairbasketball.ca\/fr\/programmes\/subvention-de-basketball-en-fauteuil-roulant-pour-tous\/\" \/>\n<meta property=\"og:site_name\" content=\"Wheelchair Basketball Canada\" \/>\n<meta property=\"article:publisher\" content=\"http:\/\/www.facebook.com\/wheelchairbasketball\" \/>\n<meta property=\"article:modified_time\" content=\"2024-01-25T21:24:19+00:00\" \/>\n<meta property=\"og:image\" content=\"https:\/\/www.wheelchairbasketball.ca\/wp-content\/uploads\/2024\/01\/SPF-feature.jpg\" \/>\n\t<meta property=\"og:image:width\" content=\"1400\" \/>\n\t<meta property=\"og:image:height\" content=\"600\" \/>\n\t<meta property=\"og:image:type\" content=\"image\/jpeg\" \/>\n<meta name=\"twitter:card\" content=\"summary_large_image\" \/>\n<meta name=\"twitter:site\" content=\"@WCBballCanada\" \/>\n<meta name=\"twitter:label1\" content=\"Dur\u00e9e de lecture estim\u00e9e\" \/>\n\t<meta name=\"twitter:data1\" content=\"5 minutes\" \/>\n<script type=\"application\/ld+json\" class=\"yoast-schema-graph\">{\"@context\":\"https:\/\/schema.org\",\"@graph\":[{\"@type\":\"WebPage\",\"@id\":\"https:\/\/www.wheelchairbasketball.ca\/fr\/programmes\/subvention-de-basketball-en-fauteuil-roulant-pour-tous\/\",\"url\":\"https:\/\/www.wheelchairbasketball.ca\/fr\/programmes\/subvention-de-basketball-en-fauteuil-roulant-pour-tous\/\",\"name\":\"Subvention de Basketball en Fauteuil Roulant pour Tous - Wheelchair Basketball Canada\",\"isPartOf\":{\"@id\":\"https:\/\/www.wheelchairbasketball.ca\/#website\"},\"datePublished\":\"2024-01-25T20:56:16+00:00\",\"dateModified\":\"2024-01-25T21:24:19+00:00\",\"breadcrumb\":{\"@id\":\"https:\/\/www.wheelchairbasketball.ca\/fr\/programmes\/subvention-de-basketball-en-fauteuil-roulant-pour-tous\/#breadcrumb\"},\"inLanguage\":\"fr-FR\",\"potentialAction\":[{\"@type\":\"ReadAction\",\"target\":[\"https:\/\/www.wheelchairbasketball.ca\/fr\/programmes\/subvention-de-basketball-en-fauteuil-roulant-pour-tous\/\"]}]},{\"@type\":\"BreadcrumbList\",\"@id\":\"https:\/\/www.wheelchairbasketball.ca\/fr\/programmes\/subvention-de-basketball-en-fauteuil-roulant-pour-tous\/#breadcrumb\",\"itemListElement\":[{\"@type\":\"ListItem\",\"position\":1,\"name\":\"Home\",\"item\":\"https:\/\/www.wheelchairbasketball.ca\/fr\/\"},{\"@type\":\"ListItem\",\"position\":2,\"name\":\"Programmes\",\"item\":\"https:\/\/www.wheelchairbasketball.ca\/fr\/programmes\/\"},{\"@type\":\"ListItem\",\"position\":3,\"name\":\"Subvention de Basketball en Fauteuil Roulant pour Tous\"}]},{\"@type\":\"WebSite\",\"@id\":\"https:\/\/www.wheelchairbasketball.ca\/#website\",\"url\":\"https:\/\/www.wheelchairbasketball.ca\/\",\"name\":\"Wheelchair Basketball Canada\",\"description\":\"Real Life. Real Sport.\",\"potentialAction\":[{\"@type\":\"SearchAction\",\"target\":{\"@type\":\"EntryPoint\",\"urlTemplate\":\"https:\/\/www.wheelchairbasketball.ca\/?s={search_term_string}\"},\"query-input\":\"required name=search_term_string\"}],\"inLanguage\":\"fr-FR\"}]}<\/script>\n<!-- \/ Yoast SEO plugin. -->","yoast_head_json":{"title":"Subvention de Basketball en Fauteuil Roulant pour Tous - Wheelchair Basketball Canada","robots":{"index":"index","follow":"follow","max-snippet":"max-snippet:-1","max-image-preview":"max-image-preview:large","max-video-preview":"max-video-preview:-1"},"canonical":"https:\/\/www.wheelchairbasketball.ca\/fr\/programmes\/subvention-de-basketball-en-fauteuil-roulant-pour-tous\/","og_locale":"fr_FR","og_type":"article","og_title":"Subvention de Basketball en Fauteuil Roulant pour Tous - Wheelchair Basketball Canada","og_description":"La subvention de \u00ab\u00a0Basketball en fauteuil roulant pour tous\u00a0\u00bb (BFRT) de Basketball en fauteuil roulant Canada est un catalyseur de croissance, vou\u00e9 \u00e0 l&rsquo;identification et au soutien de programmes partout au Canada, qui favorisent l&rsquo;expansion et la durabilit\u00e9 du basketball en fauteuil roulant au moyen de parcours de connectivit\u00e9, d&rsquo;\u00e9tablissement de partenariats et d&rsquo;engagement g\u00e9n\u00e9ralis\u00e9. [&hellip;]","og_url":"https:\/\/www.wheelchairbasketball.ca\/fr\/programmes\/subvention-de-basketball-en-fauteuil-roulant-pour-tous\/","og_site_name":"Wheelchair Basketball Canada","article_publisher":"http:\/\/www.facebook.com\/wheelchairbasketball","article_modified_time":"2024-01-25T21:24:19+00:00","og_image":[{"width":1400,"height":600,"url":"https:\/\/www.wheelchairbasketball.ca\/wp-content\/uploads\/2024\/01\/SPF-feature.jpg","type":"image\/jpeg"}],"twitter_card":"summary_large_image","twitter_site":"@WCBballCanada","twitter_misc":{"Dur\u00e9e de lecture estim\u00e9e":"5 minutes"},"schema":{"@context":"https:\/\/schema.org","@graph":[{"@type":"WebPage","@id":"https:\/\/www.wheelchairbasketball.ca\/fr\/programmes\/subvention-de-basketball-en-fauteuil-roulant-pour-tous\/","url":"https:\/\/www.wheelchairbasketball.ca\/fr\/programmes\/subvention-de-basketball-en-fauteuil-roulant-pour-tous\/","name":"Subvention de Basketball en Fauteuil Roulant pour Tous - Wheelchair Basketball Canada","isPartOf":{"@id":"https:\/\/www.wheelchairbasketball.ca\/#website"},"datePublished":"2024-01-25T20:56:16+00:00","dateModified":"2024-01-25T21:24:19+00:00","breadcrumb":{"@id":"https:\/\/www.wheelchairbasketball.ca\/fr\/programmes\/subvention-de-basketball-en-fauteuil-roulant-pour-tous\/#breadcrumb"},"inLanguage":"fr-FR","potentialAction":[{"@type":"ReadAction","target":["https:\/\/www.wheelchairbasketball.ca\/fr\/programmes\/subvention-de-basketball-en-fauteuil-roulant-pour-tous\/"]}]},{"@type":"BreadcrumbList","@id":"https:\/\/www.wheelchairbasketball.ca\/fr\/programmes\/subvention-de-basketball-en-fauteuil-roulant-pour-tous\/#breadcrumb","itemListElement":[{"@type":"ListItem","position":1,"name":"Home","item":"https:\/\/www.wheelchairbasketball.ca\/fr\/"},{"@type":"ListItem","position":2,"name":"Programmes","item":"https:\/\/www.wheelchairbasketball.ca\/fr\/programmes\/"},{"@type":"ListItem","position":3,"name":"Subvention de Basketball en Fauteuil Roulant pour Tous"}]},{"@type":"WebSite","@id":"https:\/\/www.wheelchairbasketball.ca\/#website","url":"https:\/\/www.wheelchairbasketball.ca\/","name":"Wheelchair Basketball Canada","description":"Real Life. Real Sport.","potentialAction":[{"@type":"SearchAction","target":{"@type":"EntryPoint","urlTemplate":"https:\/\/www.wheelchairbasketball.ca\/?s={search_term_string}"},"query-input":"required name=search_term_string"}],"inLanguage":"fr-FR"}]}},"_links":{"self":[{"href":"https:\/\/www.wheelchairbasketball.ca\/fr\/wp-json\/wp\/v2\/pages\/20172"}],"collection":[{"href":"https:\/\/www.wheelchairbasketball.ca\/fr\/wp-json\/wp\/v2\/pages"}],"about":[{"href":"https:\/\/www.wheelchairbasketball.ca\/fr\/wp-json\/wp\/v2\/types\/page"}],"author":[{"embeddable":true,"href":"https:\/\/www.wheelchairbasketball.ca\/fr\/wp-json\/wp\/v2\/users\/17"}],"replies":[{"embeddable":true,"href":"https:\/\/www.wheelchairbasketball.ca\/fr\/wp-json\/wp\/v2\/comments?post=20172"}],"version-history":[{"count":2,"href":"https:\/\/www.wheelchairbasketball.ca\/fr\/wp-json\/wp\/v2\/pages\/20172\/revisions"}],"predecessor-version":[{"id":20178,"href":"https:\/\/www.wheelchairbasketball.ca\/fr\/wp-json\/wp\/v2\/pages\/20172\/revisions\/20178"}],"up":[{"embeddable":true,"href":"https:\/\/www.wheelchairbasketball.ca\/fr\/wp-json\/wp\/v2\/pages\/1210"}],"wp:featuredmedia":[{"embeddable":true,"href":"https:\/\/www.wheelchairbasketball.ca\/fr\/wp-json\/wp\/v2\/media\/20147"}],"wp:attachment":[{"href":"https:\/\/www.wheelchairbasketball.ca\/fr\/wp-json\/wp\/v2\/media?parent=20172"}],"curies":[{"name":"wp","href":"https:\/\/api.w.org\/{rel}","templated":true}]}}