{"id":21944,"date":"2024-11-15T13:50:01","date_gmt":"2024-11-15T13:50:01","guid":{"rendered":"https:\/\/www.wheelchairbasketball.ca\/?page_id=21944"},"modified":"2024-11-15T13:50:01","modified_gmt":"2024-11-15T13:50:01","slug":"programme-de-la-prochaine-generation","status":"publish","type":"page","link":"https:\/\/www.wheelchairbasketball.ca\/fr\/programme-de-la-prochaine-generation\/","title":{"rendered":"Programme de la prochaine g\u00e9n\u00e9ration"},"content":{"rendered":"<p>Le programme de la prochaine g\u00e9n\u00e9ration de basketball en fauteuil roulant repr\u00e9sente un \u00e9l\u00e9ment essentiel de nos \u00e9quipes nationales seniors et sert de point d&rsquo;entr\u00e9e aux athl\u00e8tes qui aspirent \u00e0 jouer pour \u00c9quipe Canada. Le programme a pour but de cr\u00e9er une voie d\u2019acc\u00e8s durable au podium, pour Basketball en fauteuil roulant Canada, par le rep\u00e9rage et le d\u00e9veloppement d\u2019athl\u00e8tes de classe mondiale, qui contribuent \u00e0 la performance des \u00e9quipes nationales seniors, masculine et f\u00e9minine, sur la sc\u00e8ne internationale.<\/p>\n<p><strong>Athl\u00e8tes de la prochaine g\u00e9n\u00e9ration<\/strong><\/p>\n<p>Les athl\u00e8tes du programme de la prochaine g\u00e9n\u00e9ration visent \u00e0 se tailler une place dans la formation de l&rsquo;\u00e9quipe nationale senior, en vue des Jeux paralympiques de 2028, \u00e0 Los Angeles. Une contribution significative de leur part, \u00e0 l&rsquo;\u00e9quipe nationale, est attendue entre deux \u00e0 quatre ans.<\/p>\n<p>Les athl\u00e8tes de la prochaine g\u00e9n\u00e9ration seront invit\u00e9s \u00e0 certains camps du groupe de l&rsquo;\u00e9quipe nationale senior et aux camps de d\u00e9veloppement de la prochaine g\u00e9n\u00e9ration, afin de profiter d\u2019occasions d&rsquo;entra\u00eenement. Les athl\u00e8tes du groupe de la prochaine g\u00e9n\u00e9ration seront disponibles pour les comp\u00e9titions internationales et les tournois de qualification.<\/p>\n<p>BFRC s&rsquo;engage \u00e0 fournir un soutien complet aux athl\u00e8tes qui font la transition entre les \u00e9quipes nationales seniors, l\u2019\u00e9quipe masculine des moins de 23\u00a0ans et l\u2019\u00e9quipe f\u00e9minine des moins de 25\u00a0ans. Les athl\u00e8tes du groupe de la prochaine g\u00e9n\u00e9ration auront \u00e9galement l&rsquo;occasion de participer aux ligues professionnelles europ\u00e9ennes, coll\u00e9giales et universitaires aux \u00c9tats-Unis, \u00e0 la NWBA, \u00e0 la Finale de la LCBFR et aux championnats nationaux de BFRC, assurant ainsi un environnement bien \u00e9quilibr\u00e9 et favorable \u00e0 leur d\u00e9veloppement.<\/p>\n<p><strong>Athl\u00e8tes \u00e9mergents de la prochaine g\u00e9n\u00e9ration<\/strong><\/p>\n<p>Il s&rsquo;agit du point d&rsquo;entr\u00e9e des athl\u00e8tes rep\u00e9r\u00e9s pour le programme de la prochaine g\u00e9n\u00e9ration. Les athl\u00e8tes de ce groupe sont consid\u00e9r\u00e9s comme des membres potentiels de l&rsquo;\u00e9quipe nationale senior, aux Jeux paralympiques de 2032, \u00e0 Brisbane.<\/p>\n<p>D\u2019ici 4 \u00e0 8 ans, les athl\u00e8tes du groupe pourraient faire une contribution importante \u00e0 l&rsquo;\u00e9quipe nationale. Ils seront invit\u00e9s \u00e0 s&rsquo;entra\u00eener aux prochains camps de la prochaine g\u00e9n\u00e9ration.<\/p>\n<p>Les athl\u00e8tes \u00e9mergents de la prochaine g\u00e9n\u00e9ration s&rsquo;entra\u00eeneront dans le cadre d\u2019un programme de club et s&rsquo;engageront dans l\u2019\u00e9quipe masculine des moins de 23\u00a0ans ou l\u2019\u00e9quipe f\u00e9minine des moins de 25\u00a0ans aux camps d&rsquo;entra\u00eenement, s&rsquo;ils sont s\u00e9lectionn\u00e9s.<\/p>\n<p>Ces athl\u00e8tes concourront avec une \u00e9quipe de club locale, \u00e0 l&rsquo;\u00e9chelle provinciale, aux Championnats nationaux juniors de l&rsquo;Est ou de l&rsquo;Ouest, aux Championnats nationaux juniors et aux Jeux d&rsquo;hiver du Canada.<\/p>\n","protected":false},"excerpt":{"rendered":"Le programme de la prochaine g\u00e9n\u00e9ration de basketball en fauteuil roulant repr\u00e9sente un \u00e9l\u00e9ment essentiel de nos \u00e9quipes nationales seniors et sert de point d&rsquo;entr\u00e9e aux athl\u00e8tes qui aspirent \u00e0 jouer pour \u00c9quipe Canada. Le programme a pour but de cr\u00e9er une voie d\u2019acc\u00e8s durable au podium, pour Basketball en fauteuil roulant Canada, par le [&hellip;]","protected":false},"author":17,"featured_media":21925,"parent":0,"menu_order":0,"comment_status":"closed","ping_status":"closed","template":"","meta":{"om_disable_all_campaigns":false,"_monsterinsights_skip_tracking":false,"_monsterinsights_sitenote_active":false,"_monsterinsights_sitenote_note":"","_monsterinsights_sitenote_category":0,"footnotes":""},"acf":[],"yoast_head":"<!-- This site is optimized with the Yoast SEO plugin v21.9.1 - https:\/\/yoast.com\/wordpress\/plugins\/seo\/ -->\n<title>Programme de la prochaine g\u00e9n\u00e9ration - Wheelchair Basketball Canada<\/title>\n<meta name=\"robots\" content=\"index, follow, max-snippet:-1, max-image-preview:large, max-video-preview:-1\" \/>\n<link rel=\"canonical\" href=\"https:\/\/www.wheelchairbasketball.ca\/fr\/programme-de-la-prochaine-generation\/\" \/>\n<meta property=\"og:locale\" content=\"fr_FR\" \/>\n<meta property=\"og:type\" content=\"article\" \/>\n<meta property=\"og:title\" content=\"Programme de la prochaine g\u00e9n\u00e9ration - Wheelchair Basketball Canada\" \/>\n<meta property=\"og:description\" content=\"Le programme de la prochaine g\u00e9n\u00e9ration de basketball en fauteuil roulant repr\u00e9sente un \u00e9l\u00e9ment essentiel de nos \u00e9quipes nationales seniors et sert de point d&rsquo;entr\u00e9e aux athl\u00e8tes qui aspirent \u00e0 jouer pour \u00c9quipe Canada. Le programme a pour but de cr\u00e9er une voie d\u2019acc\u00e8s durable au podium, pour Basketball en fauteuil roulant Canada, par le [&hellip;]\" \/>\n<meta property=\"og:url\" content=\"https:\/\/www.wheelchairbasketball.ca\/fr\/programme-de-la-prochaine-generation\/\" \/>\n<meta property=\"og:site_name\" content=\"Wheelchair Basketball Canada\" \/>\n<meta property=\"article:publisher\" content=\"http:\/\/www.facebook.com\/wheelchairbasketball\" \/>\n<meta property=\"og:image\" content=\"https:\/\/www.wheelchairbasketball.ca\/wp-content\/uploads\/2024\/11\/NextGen-site-page-feature-1400x600-1.png\" \/>\n\t<meta property=\"og:image:width\" content=\"1400\" \/>\n\t<meta property=\"og:image:height\" content=\"600\" \/>\n\t<meta property=\"og:image:type\" content=\"image\/png\" \/>\n<meta name=\"twitter:card\" content=\"summary_large_image\" \/>\n<meta name=\"twitter:site\" content=\"@WCBballCanada\" \/>\n<meta name=\"twitter:label1\" content=\"Dur\u00e9e de lecture estim\u00e9e\" \/>\n\t<meta name=\"twitter:data1\" content=\"2 minutes\" \/>\n<script type=\"application\/ld+json\" class=\"yoast-schema-graph\">{\"@context\":\"https:\/\/schema.org\",\"@graph\":[{\"@type\":\"WebPage\",\"@id\":\"https:\/\/www.wheelchairbasketball.ca\/fr\/programme-de-la-prochaine-generation\/\",\"url\":\"https:\/\/www.wheelchairbasketball.ca\/fr\/programme-de-la-prochaine-generation\/\",\"name\":\"Programme de la prochaine g\u00e9n\u00e9ration - Wheelchair Basketball Canada\",\"isPartOf\":{\"@id\":\"https:\/\/www.wheelchairbasketball.ca\/#website\"},\"datePublished\":\"2024-11-15T13:50:01+00:00\",\"dateModified\":\"2024-11-15T13:50:01+00:00\",\"breadcrumb\":{\"@id\":\"https:\/\/www.wheelchairbasketball.ca\/fr\/programme-de-la-prochaine-generation\/#breadcrumb\"},\"inLanguage\":\"fr-FR\",\"potentialAction\":[{\"@type\":\"ReadAction\",\"target\":[\"https:\/\/www.wheelchairbasketball.ca\/fr\/programme-de-la-prochaine-generation\/\"]}]},{\"@type\":\"BreadcrumbList\",\"@id\":\"https:\/\/www.wheelchairbasketball.ca\/fr\/programme-de-la-prochaine-generation\/#breadcrumb\",\"itemListElement\":[{\"@type\":\"ListItem\",\"position\":1,\"name\":\"Home\",\"item\":\"https:\/\/www.wheelchairbasketball.ca\/fr\/\"},{\"@type\":\"ListItem\",\"position\":2,\"name\":\"Programme de la prochaine g\u00e9n\u00e9ration\"}]},{\"@type\":\"WebSite\",\"@id\":\"https:\/\/www.wheelchairbasketball.ca\/#website\",\"url\":\"https:\/\/www.wheelchairbasketball.ca\/\",\"name\":\"Wheelchair Basketball Canada\",\"description\":\"Real Life. Real Sport.\",\"potentialAction\":[{\"@type\":\"SearchAction\",\"target\":{\"@type\":\"EntryPoint\",\"urlTemplate\":\"https:\/\/www.wheelchairbasketball.ca\/?s={search_term_string}\"},\"query-input\":\"required name=search_term_string\"}],\"inLanguage\":\"fr-FR\"}]}<\/script>\n<!-- \/ Yoast SEO plugin. -->","yoast_head_json":{"title":"Programme de la prochaine g\u00e9n\u00e9ration - Wheelchair Basketball Canada","robots":{"index":"index","follow":"follow","max-snippet":"max-snippet:-1","max-image-preview":"max-image-preview:large","max-video-preview":"max-video-preview:-1"},"canonical":"https:\/\/www.wheelchairbasketball.ca\/fr\/programme-de-la-prochaine-generation\/","og_locale":"fr_FR","og_type":"article","og_title":"Programme de la prochaine g\u00e9n\u00e9ration - Wheelchair Basketball Canada","og_description":"Le programme de la prochaine g\u00e9n\u00e9ration de basketball en fauteuil roulant repr\u00e9sente un \u00e9l\u00e9ment essentiel de nos \u00e9quipes nationales seniors et sert de point d&rsquo;entr\u00e9e aux athl\u00e8tes qui aspirent \u00e0 jouer pour \u00c9quipe Canada. Le programme a pour but de cr\u00e9er une voie d\u2019acc\u00e8s durable au podium, pour Basketball en fauteuil roulant Canada, par le [&hellip;]","og_url":"https:\/\/www.wheelchairbasketball.ca\/fr\/programme-de-la-prochaine-generation\/","og_site_name":"Wheelchair Basketball Canada","article_publisher":"http:\/\/www.facebook.com\/wheelchairbasketball","og_image":[{"width":1400,"height":600,"url":"https:\/\/www.wheelchairbasketball.ca\/wp-content\/uploads\/2024\/11\/NextGen-site-page-feature-1400x600-1.png","type":"image\/png"}],"twitter_card":"summary_large_image","twitter_site":"@WCBballCanada","twitter_misc":{"Dur\u00e9e de lecture estim\u00e9e":"2 minutes"},"schema":{"@context":"https:\/\/schema.org","@graph":[{"@type":"WebPage","@id":"https:\/\/www.wheelchairbasketball.ca\/fr\/programme-de-la-prochaine-generation\/","url":"https:\/\/www.wheelchairbasketball.ca\/fr\/programme-de-la-prochaine-generation\/","name":"Programme de la prochaine g\u00e9n\u00e9ration - Wheelchair Basketball Canada","isPartOf":{"@id":"https:\/\/www.wheelchairbasketball.ca\/#website"},"datePublished":"2024-11-15T13:50:01+00:00","dateModified":"2024-11-15T13:50:01+00:00","breadcrumb":{"@id":"https:\/\/www.wheelchairbasketball.ca\/fr\/programme-de-la-prochaine-generation\/#breadcrumb"},"inLanguage":"fr-FR","potentialAction":[{"@type":"ReadAction","target":["https:\/\/www.wheelchairbasketball.ca\/fr\/programme-de-la-prochaine-generation\/"]}]},{"@type":"BreadcrumbList","@id":"https:\/\/www.wheelchairbasketball.ca\/fr\/programme-de-la-prochaine-generation\/#breadcrumb","itemListElement":[{"@type":"ListItem","position":1,"name":"Home","item":"https:\/\/www.wheelchairbasketball.ca\/fr\/"},{"@type":"ListItem","position":2,"name":"Programme de la prochaine g\u00e9n\u00e9ration"}]},{"@type":"WebSite","@id":"https:\/\/www.wheelchairbasketball.ca\/#website","url":"https:\/\/www.wheelchairbasketball.ca\/","name":"Wheelchair Basketball Canada","description":"Real Life. Real Sport.","potentialAction":[{"@type":"SearchAction","target":{"@type":"EntryPoint","urlTemplate":"https:\/\/www.wheelchairbasketball.ca\/?s={search_term_string}"},"query-input":"required name=search_term_string"}],"inLanguage":"fr-FR"}]}},"_links":{"self":[{"href":"https:\/\/www.wheelchairbasketball.ca\/fr\/wp-json\/wp\/v2\/pages\/21944"}],"collection":[{"href":"https:\/\/www.wheelchairbasketball.ca\/fr\/wp-json\/wp\/v2\/pages"}],"about":[{"href":"https:\/\/www.wheelchairbasketball.ca\/fr\/wp-json\/wp\/v2\/types\/page"}],"author":[{"embeddable":true,"href":"https:\/\/www.wheelchairbasketball.ca\/fr\/wp-json\/wp\/v2\/users\/17"}],"replies":[{"embeddable":true,"href":"https:\/\/www.wheelchairbasketball.ca\/fr\/wp-json\/wp\/v2\/comments?post=21944"}],"version-history":[{"count":1,"href":"https:\/\/www.wheelchairbasketball.ca\/fr\/wp-json\/wp\/v2\/pages\/21944\/revisions"}],"predecessor-version":[{"id":21945,"href":"https:\/\/www.wheelchairbasketball.ca\/fr\/wp-json\/wp\/v2\/pages\/21944\/revisions\/21945"}],"wp:featuredmedia":[{"embeddable":true,"href":"https:\/\/www.wheelchairbasketball.ca\/fr\/wp-json\/wp\/v2\/media\/21925"}],"wp:attachment":[{"href":"https:\/\/www.wheelchairbasketball.ca\/fr\/wp-json\/wp\/v2\/media?parent=21944"}],"curies":[{"name":"wp","href":"https:\/\/api.w.org\/{rel}","templated":true}]}}