{"id":22086,"date":"2024-11-20T18:54:34","date_gmt":"2024-11-20T18:54:34","guid":{"rendered":"https:\/\/www.wheelchairbasketball.ca\/?page_id=22086"},"modified":"2025-02-20T13:51:18","modified_gmt":"2025-02-20T13:51:18","slug":"classificateurs","status":"publish","type":"page","link":"https:\/\/www.wheelchairbasketball.ca\/fr\/classificateurs\/","title":{"rendered":"Classificateurs"},"content":{"rendered":"<p>La classification est le processus par lequel la capacit\u00e9 fonctionnelle totale d\u2019une \u00e9quipe sur le terrain est \u00e9galis\u00e9e par rapport aux adversaires. Il s\u2019agit d\u2019une \u00e9valuation fonctionnelle qui tient compte des habilet\u00e9s de chaque joueur d\u2019ex\u00e9cuter des habilet\u00e9s propres au sport du basketball en fauteuil roulant, notamment le d\u00e9placement en fauteuil roulant, le dribble, la passe, la r\u00e9action au contact, le tir et le rebond. Une valeur en points est ensuite attribu\u00e9e \u00e0 chaque joueur selon sa capacit\u00e9 fonctionnelle. Cette valeur en points d\u00e9termine la classification du joueur.<\/p>\n<p>Au Canada, les classifications respectent de fa\u00e7on tr\u00e8s \u00e9troite le syst\u00e8me international de classification et vont de 1,0 \u00e0 4,5. Les athl\u00e8tes de cat\u00e9gories inf\u00e9rieures sont plus limit\u00e9s dans leurs capacit\u00e9s fonctionnelles, tandis que les athl\u00e8tes de cat\u00e9gories plus \u00e9lev\u00e9es ont peu ou pas de limites.<\/p>\n<p>Les classificateurs sont des officiels techniques certifi\u00e9s dont le r\u00f4le est d\u2019\u00e9valuer les joueurs et de leur attribuer une classification. Les joueurs sont class\u00e9s dans le gymnase, sur le terrain et assis dans leur fauteuil de basketball. Le classificateur peut donc \u00e9valuer chaque joueur, en vue de la comp\u00e9tition.<\/p>\n<h3><strong>Introduction \u00e0 la classification de l\u2019I.W.B.F.<\/strong><\/h3>\n<p>Cette vid\u00e9o est pr\u00e9sent\u00e9e par la F\u00e9d\u00e9ration internationale de basketball en fauteuil roulant. Il s\u2019agit d\u2019une vid\u00e9o \u00e9ducative con\u00e7ue pour pr\u00e9senter aux classificateurs le syst\u00e8me international de classification.<\/p>\n<p><iframe loading=\"lazy\" title=\"Introduction to IWBF Classification - English\" width=\"604\" height=\"340\" src=\"https:\/\/www.youtube.com\/embed\/Uvo2Gb5oc94?feature=oembed\" frameborder=\"0\" allow=\"accelerometer; autoplay; clipboard-write; encrypted-media; gyroscope; picture-in-picture; web-share\" referrerpolicy=\"strict-origin-when-cross-origin\" allowfullscreen><\/iframe><\/p>\n<h3><strong>Renseignements \u00e0 propos de la classification<\/strong><\/h3>\n<p><strong>Vous voulez en savoir plus sur la classification<\/strong><strong>?<br \/>\n<\/strong>Jetez un coup d\u2019\u0153il au\u00a0<a href=\"https:\/\/lecasier.coach.ca\/account\/login?ReturnUrl=%2fonlinelearning#WB-ACM1-F\">cours d\u2019apprentissage en ligne, comptant 7 modules<\/a>, qui d\u00e9compose chaque cat\u00e9gorie de classification.<br \/>\nLes entra\u00eeneurs certifi\u00e9s du PNCE obtiendront 1 point de perfectionnement personnel par module!<\/p>\n<p>\u00c0 la fin de ce cours, vous serez en mesure de\u00a0:<\/p>\n<ul>\n<li>comprendre la philosophie de la classification et son processus;<\/li>\n<li>nommer les facteurs qui d\u00e9terminent la classification d\u2019un joueur;<\/li>\n<li>reconna\u00eetre les caract\u00e9ristiques de chacune des cat\u00e9gories de classification.<\/li>\n<\/ul>\n<h3><strong>Cat\u00e9gories<\/strong><\/h3>\n<p>Les athl\u00e8tes de cat\u00e9gories 1,0 et 2,0 sont similaires puisqu\u2019ils n\u2019ont pas le contr\u00f4le de leur base assise. Par exemple, la plupart d\u2019entre eux ont besoin du soutien de l\u2019extr\u00e9mit\u00e9 sup\u00e9rieure pour se redresser dans leur fauteuil apr\u00e8s s\u2019\u00eatre pench\u00e9s en avant pour un dribble, une passe ou un tir.<\/p>\n<p>Les athl\u00e8tes de cat\u00e9gorie 1,0 sont g\u00e9n\u00e9ralement incapables de bouger le torse dans aucun sens. Par exemple, la plupart ne peuvent tourner le haut du corps pour recevoir une passe par\u2011dessus l\u2019\u00e9paule durant une contre\u2011attaque.<\/p>\n<p><a href=\"https:\/\/www.wheelchairbasketball.ca\/wp-content\/uploads\/2024\/01\/10-15-lignes-directrices-sur-les-sie%CC%80ges.pdf\">Lignes directrices sur les si\u00e8ges pour les athl\u00e8tes de cat\u00e9gorie 1<\/a><\/p>\n<p>Les athl\u00e8tes de cat\u00e9gorie 2,0 sont g\u00e9n\u00e9ralement capables de tourner le haut de leur corps sans utiliser leurs bras comme soutien, ce qui am\u00e9liore dans une large mesure leur capacit\u00e9 de surveiller le terrain, de recevoir des passes ou de tirer le ballon de diff\u00e9rentes directions.<\/p>\n<p><a href=\"https:\/\/www.wheelchairbasketball.ca\/wp-content\/uploads\/2024\/01\/20-25-lignes-directrices-sur-les-sie%CC%80ges.pdf\">Lignes directrices sur les si\u00e8ges pour les athl\u00e8tes de cat\u00e9gorie 2<\/a><\/p>\n<p>Les athl\u00e8tes de cat\u00e9gories 3,0 et 4,0 sont semblables, puisqu\u2019ils ont tous le contr\u00f4le de leur base assise.<\/p>\n<p>Les athl\u00e8tes de cat\u00e9gorie 3,0 sont g\u00e9n\u00e9ralement capables de tourner les \u00e9paules et de se pencher en avant sans difficult\u00e9. Ils peuvent par exemple dribbler le ballon bien en avant de leur fauteuil. Toutefois, ils ne peuvent se pencher sur le c\u00f4t\u00e9 et se redresser sans utiliser les bras comme soutien parce que la plupart d\u2019entre eux n\u2019ont pas la force n\u00e9cessaire dans les jambes pour le faire.<\/p>\n<p><a href=\"https:\/\/www.wheelchairbasketball.ca\/wp-content\/uploads\/2024\/01\/30-lignes-directrices-sur-les-sie%CC%80ges.pdf\">Lignes directrices sur les si\u00e8ges pour les athl\u00e8tes de cat\u00e9gorie 3<\/a><\/p>\n<p>Les athl\u00e8tes de cat\u00e9gorie 4,0 ont la mobilit\u00e9 de leur torse dans tous les sens. Ils sont facilement capables de se tourner, de se pencher en avant, ainsi que de se pencher d\u2019un c\u00f4t\u00e9 au moins sans difficult\u00e9. Ces athl\u00e8tes peuvent se pencher de c\u00f4t\u00e9 pour disputer un tir, prot\u00e9ger le ballon contre un adversaire ou saisir un rebond. Les athl\u00e8tes de cat\u00e9gorie 4,0 se distinguent des athl\u00e8tes de cat\u00e9gorie 4,5, parce qu\u2019ils ne peuvent souvent pas se pencher de mani\u00e8re \u00e9gale des deux c\u00f4t\u00e9s, en raison de force limit\u00e9e dans une jambe.<\/p>\n<p><a href=\"https:\/\/www.wheelchairbasketball.ca\/wp-content\/uploads\/2024\/01\/35-4.0-lignes-directrices-sur-les-sie%CC%80ges.pdf\">Lignes directrices sur les si\u00e8ges pour les athl\u00e8tes de cat\u00e9gorie 3<\/a>,5\u20134,0<\/p>\n<p><a href=\"https:\/\/www.wheelchairbasketball.ca\/wp-content\/uploads\/2024\/01\/45-lignes-directrices-sur-les-sie%CC%80ges.pdf\">Lignes directrices sur les si\u00e8ges pour les athl\u00e8tes de cat\u00e9gorie 4,5<\/a><\/p>\n<p>On peut se rendre compte de ce que c\u2019est d\u2019\u00eatre un athl\u00e8te de cat\u00e9gorie 1,0 ou 2,0 en essayant de garder les genoux ensemble et soulev\u00e9s, en position assise sur une chaise. Dans cette position, il est presque impossible de se pencher en avant ou de c\u00f4t\u00e9. Le seul mouvement possible du tronc est la rotation des \u00e9paules.<\/p>\n<p>De m\u00eame, on peut se rendre compte de ce que c\u2019est d\u2019\u00eatre un athl\u00e8te de cat\u00e9gorie 3,0 en pressant les genoux ensemble en position assise sur une chaise. Se pencher en avant et tourner le torse pour regarder derri\u00e8re soi sera assez facile, tandis que se pencher sur le c\u00f4t\u00e9 pour ramasser quelque chose par terre sera difficile sinon impossible.<\/p>\n<p>Parfois, un athl\u00e8te poss\u00e8de des caract\u00e9ristiques de deux cat\u00e9gories. Dans ces cas, une cat\u00e9gorie <strong>,5<\/strong> peut \u00eatre assign\u00e9e.<\/p>\n<h3><strong>Devenir classificateur<\/strong><\/h3>\n<p>Les personnes qui souhaitent s\u2019engager dans le basketball en fauteuil roulant comme classificateur devraient contacter leur\u00a0<a href=\"https:\/\/www.wheelchairbasketball.ca\/fr\/a-propos-de-nous\/nos-membres\/\">organisme provincial de sport<\/a> pour participer au niveau local. Pour plus de renseignements, veuillez contacter <a href=\"https:\/\/www.wheelchairbasketball.ca\/fr\/a-propos-de-nous\/contactez-nous\/?t=\">Basketball en fauteuil roulant Canada<\/a>.<\/p>\n<h3><strong>Classificateurs actifs<\/strong><\/h3>\n<p><strong>Colombie-Britannique<\/strong><\/p>\n<ul>\n<li>Tim Frick<\/li>\n<li>Brad Hagkull<\/li>\n<li>Kelly Harris<\/li>\n<li>Alphonsus To<\/li>\n<li>Rob Stiles<\/li>\n<\/ul>\n<p><strong>Alberta<\/strong><\/p>\n<ul>\n<li>Omid Mirzahosseini<\/li>\n<li>Becky McRae<\/li>\n<\/ul>\n<p><strong>Saskatchewan<\/strong><\/p>\n<ul>\n<li>Tami Turner<\/li>\n<\/ul>\n<p><strong>Manitoba<\/strong><\/p>\n<ul>\n<li>Karen Gillespie<\/li>\n<li>Sandy Loewen<\/li>\n<\/ul>\n<p><strong>Ontario<\/strong><\/p>\n<ul>\n<li>Brett Nagata<\/li>\n<li>Ben Power<\/li>\n<\/ul>\n<p><strong>Qu\u00e9bec<\/strong><\/p>\n<ul>\n<li>Anne Lachance<\/li>\n<li>Catherine St-Pierre<\/li>\n<\/ul>\n<p><strong>Nouveau-Brunswick<\/strong><\/p>\n<ul>\n<li>Karen Ferguson<\/li>\n<li>Clary Stubbert<\/li>\n<\/ul>\n<p><strong>Nouvelle-\u00c9cosse<\/strong><\/p>\n<ul>\n<li>Cher Smith<\/li>\n<\/ul>\n<p><strong>\u00cele-du-Prince-\u00c9douard<\/strong><\/p>\n<ul>\n<li>Annie Macartney<\/li>\n<\/ul>\n<h3><strong>Ressources pour les classificateurs<\/strong><\/h3>\n<p><strong>Classification nationale<\/strong><\/p>\n<ul>\n<li><a href=\"https:\/\/www.wheelchairbasketball.ca\/wp-content\/uploads\/2020\/01\/Classification-Procedures-French-December-2019.pdf\">Proc\u00e9dures de classification<\/a><\/li>\n<li><a href=\"https:\/\/view.officeapps.live.com\/op\/view.aspx?src=https%3A%2F%2Fwww.wheelchairbasketball.ca%2Fwp-content%2Fuploads%2F2023%2F03%2FFORMULAIRE-DE-DEMANDE-DE-RECLASSIFICATION.doc&amp;wdOrigin=BROWSELINK\">Formulaire de reclassification<\/a><\/li>\n<\/ul>\n<p><strong>Classification internationale<\/strong><\/p>\n<ul>\n<li><a href=\"https:\/\/iwbf.org\/wp-content\/uploads\/2022\/12\/2021-IWBF-Classification-Rules-Version-2022-12-12-vers-2-small.pdf\">R\u00e8gles de classification des joueurs de l\u2019I.W.B.F<\/a>.<\/li>\n<li><a href=\"https:\/\/iwbf.org\/wp-content\/uploads\/2022\/12\/2021-IWBF-Classification-Manual-Version-202212-12-small.pdf\">Manuel de classification des joueurs de l\u2019I.W.B.F<\/a>.<\/li>\n<\/ul>\n","protected":false},"excerpt":{"rendered":"La classification est le processus par lequel la capacit\u00e9 fonctionnelle totale d\u2019une \u00e9quipe sur le terrain est \u00e9galis\u00e9e par rapport aux adversaires. Il s\u2019agit d\u2019une \u00e9valuation fonctionnelle qui tient compte des habilet\u00e9s de chaque joueur d\u2019ex\u00e9cuter des habilet\u00e9s propres au sport du basketball en fauteuil roulant, notamment le d\u00e9placement en fauteuil roulant, le dribble, la [&hellip;]","protected":false},"author":17,"featured_media":21763,"parent":0,"menu_order":0,"comment_status":"closed","ping_status":"closed","template":"","meta":{"om_disable_all_campaigns":false,"_monsterinsights_skip_tracking":false,"_monsterinsights_sitenote_active":false,"_monsterinsights_sitenote_note":"","_monsterinsights_sitenote_category":0,"footnotes":""},"acf":[],"yoast_head":"<!-- This site is optimized with the Yoast SEO plugin v21.9.1 - https:\/\/yoast.com\/wordpress\/plugins\/seo\/ -->\n<title>Classificateurs - Wheelchair Basketball Canada<\/title>\n<meta name=\"robots\" content=\"index, follow, max-snippet:-1, max-image-preview:large, max-video-preview:-1\" \/>\n<link rel=\"canonical\" href=\"https:\/\/www.wheelchairbasketball.ca\/fr\/classificateurs\/\" \/>\n<meta property=\"og:locale\" content=\"fr_FR\" \/>\n<meta property=\"og:type\" content=\"article\" \/>\n<meta property=\"og:title\" content=\"Classificateurs - Wheelchair Basketball Canada\" \/>\n<meta property=\"og:description\" content=\"La classification est le processus par lequel la capacit\u00e9 fonctionnelle totale d\u2019une \u00e9quipe sur le terrain est \u00e9galis\u00e9e par rapport aux adversaires. Il s\u2019agit d\u2019une \u00e9valuation fonctionnelle qui tient compte des habilet\u00e9s de chaque joueur d\u2019ex\u00e9cuter des habilet\u00e9s propres au sport du basketball en fauteuil roulant, notamment le d\u00e9placement en fauteuil roulant, le dribble, la [&hellip;]\" \/>\n<meta property=\"og:url\" content=\"https:\/\/www.wheelchairbasketball.ca\/fr\/classificateurs\/\" \/>\n<meta property=\"og:site_name\" content=\"Wheelchair Basketball Canada\" \/>\n<meta property=\"article:publisher\" content=\"http:\/\/www.facebook.com\/wheelchairbasketball\" \/>\n<meta property=\"article:modified_time\" content=\"2025-02-20T13:51:18+00:00\" \/>\n<meta property=\"og:image\" content=\"https:\/\/www.wheelchairbasketball.ca\/wp-content\/uploads\/2024\/10\/Paris2024_MenWheelchairBasketball_Training-1108510-1400x600-1.png\" \/>\n\t<meta property=\"og:image:width\" content=\"1400\" \/>\n\t<meta property=\"og:image:height\" content=\"600\" \/>\n\t<meta property=\"og:image:type\" content=\"image\/png\" \/>\n<meta name=\"twitter:card\" content=\"summary_large_image\" \/>\n<meta name=\"twitter:site\" content=\"@WCBballCanada\" \/>\n<meta name=\"twitter:label1\" content=\"Dur\u00e9e de lecture estim\u00e9e\" \/>\n\t<meta name=\"twitter:data1\" content=\"5 minutes\" \/>\n<script type=\"application\/ld+json\" class=\"yoast-schema-graph\">{\"@context\":\"https:\/\/schema.org\",\"@graph\":[{\"@type\":\"WebPage\",\"@id\":\"https:\/\/www.wheelchairbasketball.ca\/fr\/classificateurs\/\",\"url\":\"https:\/\/www.wheelchairbasketball.ca\/fr\/classificateurs\/\",\"name\":\"Classificateurs - Wheelchair Basketball Canada\",\"isPartOf\":{\"@id\":\"https:\/\/www.wheelchairbasketball.ca\/#website\"},\"datePublished\":\"2024-11-20T18:54:34+00:00\",\"dateModified\":\"2025-02-20T13:51:18+00:00\",\"breadcrumb\":{\"@id\":\"https:\/\/www.wheelchairbasketball.ca\/fr\/classificateurs\/#breadcrumb\"},\"inLanguage\":\"fr-FR\",\"potentialAction\":[{\"@type\":\"ReadAction\",\"target\":[\"https:\/\/www.wheelchairbasketball.ca\/fr\/classificateurs\/\"]}]},{\"@type\":\"BreadcrumbList\",\"@id\":\"https:\/\/www.wheelchairbasketball.ca\/fr\/classificateurs\/#breadcrumb\",\"itemListElement\":[{\"@type\":\"ListItem\",\"position\":1,\"name\":\"Home\",\"item\":\"https:\/\/www.wheelchairbasketball.ca\/fr\/\"},{\"@type\":\"ListItem\",\"position\":2,\"name\":\"Classificateurs\"}]},{\"@type\":\"WebSite\",\"@id\":\"https:\/\/www.wheelchairbasketball.ca\/#website\",\"url\":\"https:\/\/www.wheelchairbasketball.ca\/\",\"name\":\"Wheelchair Basketball Canada\",\"description\":\"Real Life. Real Sport.\",\"potentialAction\":[{\"@type\":\"SearchAction\",\"target\":{\"@type\":\"EntryPoint\",\"urlTemplate\":\"https:\/\/www.wheelchairbasketball.ca\/?s={search_term_string}\"},\"query-input\":\"required name=search_term_string\"}],\"inLanguage\":\"fr-FR\"}]}<\/script>\n<!-- \/ Yoast SEO plugin. -->","yoast_head_json":{"title":"Classificateurs - Wheelchair Basketball Canada","robots":{"index":"index","follow":"follow","max-snippet":"max-snippet:-1","max-image-preview":"max-image-preview:large","max-video-preview":"max-video-preview:-1"},"canonical":"https:\/\/www.wheelchairbasketball.ca\/fr\/classificateurs\/","og_locale":"fr_FR","og_type":"article","og_title":"Classificateurs - Wheelchair Basketball Canada","og_description":"La classification est le processus par lequel la capacit\u00e9 fonctionnelle totale d\u2019une \u00e9quipe sur le terrain est \u00e9galis\u00e9e par rapport aux adversaires. Il s\u2019agit d\u2019une \u00e9valuation fonctionnelle qui tient compte des habilet\u00e9s de chaque joueur d\u2019ex\u00e9cuter des habilet\u00e9s propres au sport du basketball en fauteuil roulant, notamment le d\u00e9placement en fauteuil roulant, le dribble, la [&hellip;]","og_url":"https:\/\/www.wheelchairbasketball.ca\/fr\/classificateurs\/","og_site_name":"Wheelchair Basketball Canada","article_publisher":"http:\/\/www.facebook.com\/wheelchairbasketball","article_modified_time":"2025-02-20T13:51:18+00:00","og_image":[{"width":1400,"height":600,"url":"https:\/\/www.wheelchairbasketball.ca\/wp-content\/uploads\/2024\/10\/Paris2024_MenWheelchairBasketball_Training-1108510-1400x600-1.png","type":"image\/png"}],"twitter_card":"summary_large_image","twitter_site":"@WCBballCanada","twitter_misc":{"Dur\u00e9e de lecture estim\u00e9e":"5 minutes"},"schema":{"@context":"https:\/\/schema.org","@graph":[{"@type":"WebPage","@id":"https:\/\/www.wheelchairbasketball.ca\/fr\/classificateurs\/","url":"https:\/\/www.wheelchairbasketball.ca\/fr\/classificateurs\/","name":"Classificateurs - Wheelchair Basketball Canada","isPartOf":{"@id":"https:\/\/www.wheelchairbasketball.ca\/#website"},"datePublished":"2024-11-20T18:54:34+00:00","dateModified":"2025-02-20T13:51:18+00:00","breadcrumb":{"@id":"https:\/\/www.wheelchairbasketball.ca\/fr\/classificateurs\/#breadcrumb"},"inLanguage":"fr-FR","potentialAction":[{"@type":"ReadAction","target":["https:\/\/www.wheelchairbasketball.ca\/fr\/classificateurs\/"]}]},{"@type":"BreadcrumbList","@id":"https:\/\/www.wheelchairbasketball.ca\/fr\/classificateurs\/#breadcrumb","itemListElement":[{"@type":"ListItem","position":1,"name":"Home","item":"https:\/\/www.wheelchairbasketball.ca\/fr\/"},{"@type":"ListItem","position":2,"name":"Classificateurs"}]},{"@type":"WebSite","@id":"https:\/\/www.wheelchairbasketball.ca\/#website","url":"https:\/\/www.wheelchairbasketball.ca\/","name":"Wheelchair Basketball Canada","description":"Real Life. Real Sport.","potentialAction":[{"@type":"SearchAction","target":{"@type":"EntryPoint","urlTemplate":"https:\/\/www.wheelchairbasketball.ca\/?s={search_term_string}"},"query-input":"required name=search_term_string"}],"inLanguage":"fr-FR"}]}},"_links":{"self":[{"href":"https:\/\/www.wheelchairbasketball.ca\/fr\/wp-json\/wp\/v2\/pages\/22086"}],"collection":[{"href":"https:\/\/www.wheelchairbasketball.ca\/fr\/wp-json\/wp\/v2\/pages"}],"about":[{"href":"https:\/\/www.wheelchairbasketball.ca\/fr\/wp-json\/wp\/v2\/types\/page"}],"author":[{"embeddable":true,"href":"https:\/\/www.wheelchairbasketball.ca\/fr\/wp-json\/wp\/v2\/users\/17"}],"replies":[{"embeddable":true,"href":"https:\/\/www.wheelchairbasketball.ca\/fr\/wp-json\/wp\/v2\/comments?post=22086"}],"version-history":[{"count":3,"href":"https:\/\/www.wheelchairbasketball.ca\/fr\/wp-json\/wp\/v2\/pages\/22086\/revisions"}],"predecessor-version":[{"id":23804,"href":"https:\/\/www.wheelchairbasketball.ca\/fr\/wp-json\/wp\/v2\/pages\/22086\/revisions\/23804"}],"wp:featuredmedia":[{"embeddable":true,"href":"https:\/\/www.wheelchairbasketball.ca\/fr\/wp-json\/wp\/v2\/media\/21763"}],"wp:attachment":[{"href":"https:\/\/www.wheelchairbasketball.ca\/fr\/wp-json\/wp\/v2\/media?parent=22086"}],"curies":[{"name":"wp","href":"https:\/\/api.w.org\/{rel}","templated":true}]}}