{"id":22372,"date":"2024-12-02T21:05:30","date_gmt":"2024-12-02T21:05:30","guid":{"rendered":"https:\/\/www.wheelchairbasketball.ca\/?page_id=22372"},"modified":"2025-10-10T13:08:49","modified_gmt":"2025-10-10T13:08:49","slug":"assemblee-generale-annuelle","status":"publish","type":"page","link":"https:\/\/www.wheelchairbasketball.ca\/fr\/assemblee-generale-annuelle\/","title":{"rendered":"Assembl\u00e9e g\u00e9n\u00e9rale annuelle"},"content":{"rendered":"<p style=\"font-weight: 400;\">L&rsquo;assembl\u00e9e g\u00e9n\u00e9rale annuelle de Basketball en fauteuil roulant Canada a lieu chaque ann\u00e9e, dans les six mois suivant la fin de l&rsquo;exercice financier de l&rsquo;organisation. L&rsquo;ordre du jour comprend g\u00e9n\u00e9ralement des points cl\u00e9s, dont l&rsquo;approbation de l&rsquo;ordre du jour de la r\u00e9union, l&rsquo;examen des rapports du conseil d&rsquo;administration et du personnel et l&rsquo;\u00e9lection de nouveaux administrateurs, ainsi que d&rsquo;autres points importants.<\/p>\n<h3>2025<\/h3>\n<p><a href=\"https:\/\/www.wheelchairbasketball.ca\/wp-content\/uploads\/2025\/07\/Draft-AGM-Agenda-2025-FR.pdf\">Ordre du jour<\/a><br \/>\n<a href=\"https:\/\/www.wheelchairbasketball.ca\/wp-content\/uploads\/2025\/07\/Call-for-Nominations-2025-FR.pdf\">Appel \u00e0 candidatures<\/a><br \/>\n<a href=\"https:\/\/www.wheelchairbasketball.ca\/wp-content\/uploads\/2025\/07\/2024-AGM-Minutes-FR.doc\">Proc\u00e8s-verbal<\/a><br \/>\n<a href=\"https:\/\/www.wheelchairbasketball.ca\/wp-content\/uploads\/2025\/10\/Scan09-29-2025-120533.pdf\">D\u00e9clarations v\u00e9rifi\u00e9es<\/a><\/p>\n<h3>2024<\/h3>\n<p><a href=\"https:\/\/www.wheelchairbasketball.ca\/wp-content\/uploads\/2024\/12\/Draft-AGM-Agenda-2024-FR.pdf\">Ordre du jour<\/a><br \/>\n<a href=\"https:\/\/www.wheelchairbasketball.ca\/wp-content\/uploads\/2024\/12\/Call-for-Nominations-2024-FR.pdf\">Appel \u00e0 candidatures<\/a><br \/>\n<a href=\"https:\/\/www.wheelchairbasketball.ca\/wp-content\/uploads\/2024\/12\/2023-AGM-Minutes-final-fr.docx\">Proc\u00e8s-verbal<\/a><br \/>\n<a href=\"https:\/\/www.wheelchairbasketball.ca\/wp-content\/uploads\/2024\/12\/Nominations-Report-2024-fr.docx\">Rapport sur les nominations<\/a><br \/>\n<a href=\"https:\/\/www.wheelchairbasketball.ca\/wp-content\/uploads\/2024\/11\/Final-Audited-Statements-signed-2023-24-3.pdf\">D\u00e9clarations v\u00e9rifi\u00e9es<\/a><br \/>\n<a href=\"https:\/\/www.wheelchairbasketball.ca\/wp-content\/uploads\/2024\/11\/2024-WBC-AGM-Presentation-final-2-1.pdf\">Pr\u00e9sentation de l&rsquo;AGA 2024<\/a><\/p>\n<h3>2023<\/h3>\n<p><a href=\"https:\/\/www.wheelchairbasketball.ca\/wp-content\/uploads\/2024\/12\/AGM-Agenda-2023-FR.pdf\">Ordre du jour<\/a><br \/>\n<a href=\"https:\/\/www.wheelchairbasketball.ca\/wp-content\/uploads\/2024\/12\/Call-for-Nominations-2023-FR.pdf\">Appel \u00e0 candidatures<\/a><br \/>\n<a href=\"https:\/\/www.wheelchairbasketball.ca\/wp-content\/uploads\/2024\/12\/2022-AGM-Minutes-final-FR.pdf\">Proc\u00e8s-verbal<\/a><br \/>\n<a href=\"https:\/\/www.wheelchairbasketball.ca\/wp-content\/uploads\/2024\/12\/Nominations-Report-2023TS-fr.pdf\">Rapport sur les nominations<\/a><br \/>\n<a href=\"https:\/\/www.wheelchairbasketball.ca\/wp-content\/uploads\/2024\/11\/2022-23-Audited-statements-final-3.pdf\">D\u00e9clarations v\u00e9rifi\u00e9es<\/a><br \/>\n<a href=\"https:\/\/www.wheelchairbasketball.ca\/wp-content\/uploads\/2024\/11\/2023-WBC-AGM-Presentation-final-1.pdf\">Pr\u00e9sentation de l&rsquo;AGA 2023<\/a><\/p>\n<h3>2022<\/h3>\n<p><a href=\"https:\/\/www.wheelchairbasketball.ca\/wp-content\/uploads\/2024\/12\/AGM-Agenda-2022-fr.pdf\">Ordre du jour<\/a><br \/>\n<a href=\"https:\/\/www.wheelchairbasketball.ca\/wp-content\/uploads\/2024\/12\/2021-AGM-Minutes-fr.pdf\">Proc\u00e8s-verbal<\/a><br \/>\n<a href=\"https:\/\/www.wheelchairbasketball.ca\/wp-content\/uploads\/2024\/11\/WBC-2022-Audited-Statements-2.pdf\">D\u00e9clarations v\u00e9rifi\u00e9es<\/a><br \/>\n<a href=\"https:\/\/www.wheelchairbasketball.ca\/wp-content\/uploads\/2024\/11\/2022-WBC-AGM-Presentation-1.pdf\">Pr\u00e9sentation de l&rsquo;AGA 2022<\/a><\/p>\n<h3>2021<\/h3>\n<p><a href=\"https:\/\/www.wheelchairbasketball.ca\/wp-content\/uploads\/2024\/12\/AGM-Agenda-2021-fr.pdf\">Ordre du jour<\/a><br \/>\n<a href=\"https:\/\/www.wheelchairbasketball.ca\/wp-content\/uploads\/2024\/12\/2020-AGM-Minutes-fr.pdf\">Proc\u00e8s-verbal<\/a><br \/>\n<a href=\"https:\/\/www.wheelchairbasketball.ca\/wp-content\/uploads\/2024\/11\/2020-21-Final-signed-audited-statements-2.pdf\">D\u00e9clarations v\u00e9rifi\u00e9es<\/a><br \/>\n<a href=\"https:\/\/www.wheelchairbasketball.ca\/wp-content\/uploads\/2024\/11\/2021-WBC-AGM-Presentation-2.pdf\">Pr\u00e9sentation de l&rsquo;AGA 2021<\/a><\/p>\n","protected":false},"excerpt":{"rendered":"L&rsquo;assembl\u00e9e g\u00e9n\u00e9rale annuelle de Basketball en fauteuil roulant Canada a lieu chaque ann\u00e9e, dans les six mois suivant la fin de l&rsquo;exercice financier de l&rsquo;organisation. L&rsquo;ordre du jour comprend g\u00e9n\u00e9ralement des points cl\u00e9s, dont l&rsquo;approbation de l&rsquo;ordre du jour de la r\u00e9union, l&rsquo;examen des rapports du conseil d&rsquo;administration et du personnel et l&rsquo;\u00e9lection de nouveaux [&hellip;]","protected":false},"author":17,"featured_media":22312,"parent":0,"menu_order":0,"comment_status":"closed","ping_status":"closed","template":"","meta":{"om_disable_all_campaigns":false,"_monsterinsights_skip_tracking":false,"_monsterinsights_sitenote_active":false,"_monsterinsights_sitenote_note":"","_monsterinsights_sitenote_category":0,"footnotes":""},"acf":[],"yoast_head":"<!-- This site is optimized with the Yoast SEO plugin v21.9.1 - https:\/\/yoast.com\/wordpress\/plugins\/seo\/ -->\n<title>Assembl\u00e9e g\u00e9n\u00e9rale annuelle - Wheelchair Basketball Canada<\/title>\n<meta name=\"robots\" content=\"index, follow, max-snippet:-1, max-image-preview:large, max-video-preview:-1\" \/>\n<link rel=\"canonical\" href=\"https:\/\/www.wheelchairbasketball.ca\/fr\/assemblee-generale-annuelle\/\" \/>\n<meta property=\"og:locale\" content=\"fr_FR\" \/>\n<meta property=\"og:type\" content=\"article\" \/>\n<meta property=\"og:title\" content=\"Assembl\u00e9e g\u00e9n\u00e9rale annuelle - Wheelchair Basketball Canada\" \/>\n<meta property=\"og:description\" content=\"L&rsquo;assembl\u00e9e g\u00e9n\u00e9rale annuelle de Basketball en fauteuil roulant Canada a lieu chaque ann\u00e9e, dans les six mois suivant la fin de l&rsquo;exercice financier de l&rsquo;organisation. L&rsquo;ordre du jour comprend g\u00e9n\u00e9ralement des points cl\u00e9s, dont l&rsquo;approbation de l&rsquo;ordre du jour de la r\u00e9union, l&rsquo;examen des rapports du conseil d&rsquo;administration et du personnel et l&rsquo;\u00e9lection de nouveaux [&hellip;]\" \/>\n<meta property=\"og:url\" content=\"https:\/\/www.wheelchairbasketball.ca\/fr\/assemblee-generale-annuelle\/\" \/>\n<meta property=\"og:site_name\" content=\"Wheelchair Basketball Canada\" \/>\n<meta property=\"article:publisher\" content=\"http:\/\/www.facebook.com\/wheelchairbasketball\" \/>\n<meta property=\"article:modified_time\" content=\"2025-10-10T13:08:49+00:00\" \/>\n<meta property=\"og:image\" content=\"https:\/\/www.wheelchairbasketball.ca\/wp-content\/uploads\/2024\/11\/53653527461_584719d7ee_o-1400x600-1.png\" \/>\n\t<meta property=\"og:image:width\" content=\"1400\" \/>\n\t<meta property=\"og:image:height\" content=\"600\" \/>\n\t<meta property=\"og:image:type\" content=\"image\/png\" \/>\n<meta name=\"twitter:card\" content=\"summary_large_image\" \/>\n<meta name=\"twitter:site\" content=\"@WCBballCanada\" \/>\n<meta name=\"twitter:label1\" content=\"Dur\u00e9e de lecture estim\u00e9e\" \/>\n\t<meta name=\"twitter:data1\" content=\"1 minute\" \/>\n<script type=\"application\/ld+json\" class=\"yoast-schema-graph\">{\"@context\":\"https:\/\/schema.org\",\"@graph\":[{\"@type\":\"WebPage\",\"@id\":\"https:\/\/www.wheelchairbasketball.ca\/fr\/assemblee-generale-annuelle\/\",\"url\":\"https:\/\/www.wheelchairbasketball.ca\/fr\/assemblee-generale-annuelle\/\",\"name\":\"Assembl\u00e9e g\u00e9n\u00e9rale annuelle - Wheelchair Basketball Canada\",\"isPartOf\":{\"@id\":\"https:\/\/www.wheelchairbasketball.ca\/#website\"},\"datePublished\":\"2024-12-02T21:05:30+00:00\",\"dateModified\":\"2025-10-10T13:08:49+00:00\",\"breadcrumb\":{\"@id\":\"https:\/\/www.wheelchairbasketball.ca\/fr\/assemblee-generale-annuelle\/#breadcrumb\"},\"inLanguage\":\"fr-FR\",\"potentialAction\":[{\"@type\":\"ReadAction\",\"target\":[\"https:\/\/www.wheelchairbasketball.ca\/fr\/assemblee-generale-annuelle\/\"]}]},{\"@type\":\"BreadcrumbList\",\"@id\":\"https:\/\/www.wheelchairbasketball.ca\/fr\/assemblee-generale-annuelle\/#breadcrumb\",\"itemListElement\":[{\"@type\":\"ListItem\",\"position\":1,\"name\":\"Home\",\"item\":\"https:\/\/www.wheelchairbasketball.ca\/fr\/\"},{\"@type\":\"ListItem\",\"position\":2,\"name\":\"Assembl\u00e9e g\u00e9n\u00e9rale annuelle\"}]},{\"@type\":\"WebSite\",\"@id\":\"https:\/\/www.wheelchairbasketball.ca\/#website\",\"url\":\"https:\/\/www.wheelchairbasketball.ca\/\",\"name\":\"Wheelchair Basketball Canada\",\"description\":\"Real Life. Real Sport.\",\"potentialAction\":[{\"@type\":\"SearchAction\",\"target\":{\"@type\":\"EntryPoint\",\"urlTemplate\":\"https:\/\/www.wheelchairbasketball.ca\/?s={search_term_string}\"},\"query-input\":\"required name=search_term_string\"}],\"inLanguage\":\"fr-FR\"}]}<\/script>\n<!-- \/ Yoast SEO plugin. -->","yoast_head_json":{"title":"Assembl\u00e9e g\u00e9n\u00e9rale annuelle - Wheelchair Basketball Canada","robots":{"index":"index","follow":"follow","max-snippet":"max-snippet:-1","max-image-preview":"max-image-preview:large","max-video-preview":"max-video-preview:-1"},"canonical":"https:\/\/www.wheelchairbasketball.ca\/fr\/assemblee-generale-annuelle\/","og_locale":"fr_FR","og_type":"article","og_title":"Assembl\u00e9e g\u00e9n\u00e9rale annuelle - Wheelchair Basketball Canada","og_description":"L&rsquo;assembl\u00e9e g\u00e9n\u00e9rale annuelle de Basketball en fauteuil roulant Canada a lieu chaque ann\u00e9e, dans les six mois suivant la fin de l&rsquo;exercice financier de l&rsquo;organisation. L&rsquo;ordre du jour comprend g\u00e9n\u00e9ralement des points cl\u00e9s, dont l&rsquo;approbation de l&rsquo;ordre du jour de la r\u00e9union, l&rsquo;examen des rapports du conseil d&rsquo;administration et du personnel et l&rsquo;\u00e9lection de nouveaux [&hellip;]","og_url":"https:\/\/www.wheelchairbasketball.ca\/fr\/assemblee-generale-annuelle\/","og_site_name":"Wheelchair Basketball Canada","article_publisher":"http:\/\/www.facebook.com\/wheelchairbasketball","article_modified_time":"2025-10-10T13:08:49+00:00","og_image":[{"width":1400,"height":600,"url":"https:\/\/www.wheelchairbasketball.ca\/wp-content\/uploads\/2024\/11\/53653527461_584719d7ee_o-1400x600-1.png","type":"image\/png"}],"twitter_card":"summary_large_image","twitter_site":"@WCBballCanada","twitter_misc":{"Dur\u00e9e de lecture estim\u00e9e":"1 minute"},"schema":{"@context":"https:\/\/schema.org","@graph":[{"@type":"WebPage","@id":"https:\/\/www.wheelchairbasketball.ca\/fr\/assemblee-generale-annuelle\/","url":"https:\/\/www.wheelchairbasketball.ca\/fr\/assemblee-generale-annuelle\/","name":"Assembl\u00e9e g\u00e9n\u00e9rale annuelle - Wheelchair Basketball Canada","isPartOf":{"@id":"https:\/\/www.wheelchairbasketball.ca\/#website"},"datePublished":"2024-12-02T21:05:30+00:00","dateModified":"2025-10-10T13:08:49+00:00","breadcrumb":{"@id":"https:\/\/www.wheelchairbasketball.ca\/fr\/assemblee-generale-annuelle\/#breadcrumb"},"inLanguage":"fr-FR","potentialAction":[{"@type":"ReadAction","target":["https:\/\/www.wheelchairbasketball.ca\/fr\/assemblee-generale-annuelle\/"]}]},{"@type":"BreadcrumbList","@id":"https:\/\/www.wheelchairbasketball.ca\/fr\/assemblee-generale-annuelle\/#breadcrumb","itemListElement":[{"@type":"ListItem","position":1,"name":"Home","item":"https:\/\/www.wheelchairbasketball.ca\/fr\/"},{"@type":"ListItem","position":2,"name":"Assembl\u00e9e g\u00e9n\u00e9rale annuelle"}]},{"@type":"WebSite","@id":"https:\/\/www.wheelchairbasketball.ca\/#website","url":"https:\/\/www.wheelchairbasketball.ca\/","name":"Wheelchair Basketball Canada","description":"Real Life. Real Sport.","potentialAction":[{"@type":"SearchAction","target":{"@type":"EntryPoint","urlTemplate":"https:\/\/www.wheelchairbasketball.ca\/?s={search_term_string}"},"query-input":"required name=search_term_string"}],"inLanguage":"fr-FR"}]}},"_links":{"self":[{"href":"https:\/\/www.wheelchairbasketball.ca\/fr\/wp-json\/wp\/v2\/pages\/22372"}],"collection":[{"href":"https:\/\/www.wheelchairbasketball.ca\/fr\/wp-json\/wp\/v2\/pages"}],"about":[{"href":"https:\/\/www.wheelchairbasketball.ca\/fr\/wp-json\/wp\/v2\/types\/page"}],"author":[{"embeddable":true,"href":"https:\/\/www.wheelchairbasketball.ca\/fr\/wp-json\/wp\/v2\/users\/17"}],"replies":[{"embeddable":true,"href":"https:\/\/www.wheelchairbasketball.ca\/fr\/wp-json\/wp\/v2\/comments?post=22372"}],"version-history":[{"count":10,"href":"https:\/\/www.wheelchairbasketball.ca\/fr\/wp-json\/wp\/v2\/pages\/22372\/revisions"}],"predecessor-version":[{"id":25181,"href":"https:\/\/www.wheelchairbasketball.ca\/fr\/wp-json\/wp\/v2\/pages\/22372\/revisions\/25181"}],"wp:featuredmedia":[{"embeddable":true,"href":"https:\/\/www.wheelchairbasketball.ca\/fr\/wp-json\/wp\/v2\/media\/22312"}],"wp:attachment":[{"href":"https:\/\/www.wheelchairbasketball.ca\/fr\/wp-json\/wp\/v2\/media?parent=22372"}],"curies":[{"name":"wp","href":"https:\/\/api.w.org\/{rel}","templated":true}]}}