		  		  		  		  		  		  		  		  		  		  {"id":2308,"date":"2015-04-20T21:09:18","date_gmt":"2015-04-20T21:09:18","guid":{"rendered":"https:\/\/www.wheelchairbasketball.ca\/?page_id=2308"},"modified":"2025-08-14T17:22:33","modified_gmt":"2025-08-14T17:22:33","slug":"formation-de-lequipe","status":"publish","type":"page","link":"https:\/\/www.wheelchairbasketball.ca\/fr\/equipe-canada\/equipe-nationale-masculine-senior\/formation-de-lequipe\/","title":{"rendered":"Formation de l&rsquo;\u00e9quipe"},"content":{"rendered":"<h2>\u00c9quipe nationale masculine senior 2025<\/h2>\n<ul>\n<li><a href=\"https:\/\/www.wheelchairbasketball.ca\/wp-content\/uploads\/2020\/11\/SMNT-Past-Rosters-ALL-2019.pdf\" target=\"_blank\" rel=\"noopener noreferrer\">\u00c9quipes pr\u00e9c\u00e9dentes<\/a><\/li>\n<\/ul>\n\n\t\t<ul class=\"roster_list\">\n\t\t  <li class=\"column-group list_header hide-medium hide-small hide-tiny\">\n\t\t\t  <div class=\"all-10 large-20 medium-33 small-100 tiny-100\"><\/div>\n\t\t\t  <div class=\"all-90 large-80 medium-66 small-100 tiny-100\">\n\t\t\t\t  <div class=\"column-group\">\n\t\t\t\t  <div class=\"all-50 medium-100 small-100 tiny-100\">Nom<\/div>\n\t\t\t\t  <div class=\"all-20 medium-100 small-100 tiny-100\">Class<\/div>\n\t\t\t\t  <div class=\"all-30 medium-100 small-100 tiny-100\">Club<\/div>\n\t\t\t\t<\/div>\n\t\t\t  <\/div>\n\t\t  <\/li>\n\t\t\t  <li class=\"column-group\">\n\t\t\t\t  <div class=\"all-10 large-20 medium-33 small-100 tiny-100\"><img decoding=\"async\" src=\"https:\/\/www.wheelchairbasketball.ca\/wp-content\/uploads\/2025\/08\/DSC2771-200x269-1.png\" \/><\/div>\n\t\t\t\t  <div class=\"all-90 large-80 medium-66 small-100 tiny-100\">\n\t\t\t\t\t  <div class=\"column-group\">\n\t\t\t\t\t  <div class=\"all-50 medium-100 small-100 tiny-100\"><strong>#4 <a href=\"https:\/\/www.wheelchairbasketball.ca\/fr\/players\/josh-brown\/\">Josh Brown<\/a><\/strong><br \/>06-09-2025<\/div>\n\t\t\t\t\t  <div class=\"all-20 medium-100 small-100 tiny-100\">3.0<\/div>\n\t\t\t\t\t  <div class=\"all-30 medium-100 small-100 tiny-100\">Southwest Minnesota State University<\/div>\n\t\t\t\t\t<\/div>\n\t\t\t\t  <\/div>\n\t\t\t  <\/li>\n\t\t\t  \n\t\t\t  <li class=\"column-group\">\n\t\t\t\t  <div class=\"all-10 large-20 medium-33 small-100 tiny-100\"><img decoding=\"async\" src=\"https:\/\/www.wheelchairbasketball.ca\/wp-content\/uploads\/2017\/05\/20230518-AR-629-200x269-1.jpg\" \/><\/div>\n\t\t\t\t  <div class=\"all-90 large-80 medium-66 small-100 tiny-100\">\n\t\t\t\t\t  <div class=\"column-group\">\n\t\t\t\t\t  <div class=\"all-50 medium-100 small-100 tiny-100\"><strong>#5 <a href=\"https:\/\/www.wheelchairbasketball.ca\/fr\/players\/garrett-ostepchuk\/\">Garrett Ostepchuk<\/a><\/strong><br \/>12-03-2000<\/div>\n\t\t\t\t\t  <div class=\"all-20 medium-100 small-100 tiny-100\">2.0<\/div>\n\t\t\t\t\t  <div class=\"all-30 medium-100 small-100 tiny-100\">Team Saskatchewan\/RB Zwickau<\/div>\n\t\t\t\t\t<\/div>\n\t\t\t\t  <\/div>\n\t\t\t  <\/li>\n\t\t\t  \n\t\t\t  <li class=\"column-group\">\n\t\t\t\t  <div class=\"all-10 large-20 medium-33 small-100 tiny-100\"><img decoding=\"async\" src=\"https:\/\/www.wheelchairbasketball.ca\/wp-content\/uploads\/2025\/06\/Broden_Nagle-200x269-1.png\" \/><\/div>\n\t\t\t\t  <div class=\"all-90 large-80 medium-66 small-100 tiny-100\">\n\t\t\t\t\t  <div class=\"column-group\">\n\t\t\t\t\t  <div class=\"all-50 medium-100 small-100 tiny-100\"><strong>#6 <a href=\"https:\/\/www.wheelchairbasketball.ca\/fr\/players\/broden-nagle\/\">Broden Nagle<\/a><\/strong><br \/>10-11-2005<\/div>\n\t\t\t\t\t  <div class=\"all-20 medium-100 small-100 tiny-100\">3.5<\/div>\n\t\t\t\t\t  <div class=\"all-30 medium-100 small-100 tiny-100\">Twin City Spinners\/University of Arizona Wildcats<\/div>\n\t\t\t\t\t<\/div>\n\t\t\t\t  <\/div>\n\t\t\t  <\/li>\n\t\t\t  \n\t\t\t  <li class=\"column-group\">\n\t\t\t\t  <div class=\"all-10 large-20 medium-33 small-100 tiny-100\"><img decoding=\"async\" src=\"https:\/\/www.wheelchairbasketball.ca\/wp-content\/uploads\/2025\/08\/DSC2763-200x269-1.png\" \/><\/div>\n\t\t\t\t  <div class=\"all-90 large-80 medium-66 small-100 tiny-100\">\n\t\t\t\t\t  <div class=\"column-group\">\n\t\t\t\t\t  <div class=\"all-50 medium-100 small-100 tiny-100\"><strong>#8 <a href=\"https:\/\/www.wheelchairbasketball.ca\/fr\/players\/lionel-tamoki\/\">Lionel Tamoki<\/a><\/strong><br \/>13-09-2002<\/div>\n\t\t\t\t\t  <div class=\"all-20 medium-100 small-100 tiny-100\">3.5<\/div>\n\t\t\t\t\t  <div class=\"all-30 medium-100 small-100 tiny-100\">UTA Movin Mavs<\/div>\n\t\t\t\t\t<\/div>\n\t\t\t\t  <\/div>\n\t\t\t  <\/li>\n\t\t\t  \n\t\t\t  <li class=\"column-group\">\n\t\t\t\t  <div class=\"all-10 large-20 medium-33 small-100 tiny-100\"><img decoding=\"async\" src=\"https:\/\/www.wheelchairbasketball.ca\/wp-content\/uploads\/2017\/08\/20230518-AR-423-200x269-1.jpg\" \/><\/div>\n\t\t\t\t  <div class=\"all-90 large-80 medium-66 small-100 tiny-100\">\n\t\t\t\t\t  <div class=\"column-group\">\n\t\t\t\t\t  <div class=\"all-50 medium-100 small-100 tiny-100\"><strong>#9 <a href=\"https:\/\/www.wheelchairbasketball.ca\/fr\/players\/colin-higgins\/\">Colin Higgins<\/a><\/strong><br \/>23-05-1991<\/div>\n\t\t\t\t\t  <div class=\"all-20 medium-100 small-100 tiny-100\">4.5<\/div>\n\t\t\t\t\t  <div class=\"all-30 medium-100 small-100 tiny-100\">RSV Lahn-Dill<\/div>\n\t\t\t\t\t<\/div>\n\t\t\t\t  <\/div>\n\t\t\t  <\/li>\n\t\t\t  \n\t\t\t  <li class=\"column-group\">\n\t\t\t\t  <div class=\"all-10 large-20 medium-33 small-100 tiny-100\"><img decoding=\"async\" src=\"https:\/\/www.wheelchairbasketball.ca\/wp-content\/uploads\/2017\/05\/20230518-AR-493-200x269-1.jpg\" \/><\/div>\n\t\t\t\t  <div class=\"all-90 large-80 medium-66 small-100 tiny-100\">\n\t\t\t\t\t  <div class=\"column-group\">\n\t\t\t\t\t  <div class=\"all-50 medium-100 small-100 tiny-100\"><strong>#10 <a href=\"https:\/\/www.wheelchairbasketball.ca\/fr\/players\/lee-melymick\/\">Lee Melymick<\/a><\/strong><br \/>09-01-1995<\/div>\n\t\t\t\t\t  <div class=\"all-20 medium-100 small-100 tiny-100\">1,0<\/div>\n\t\t\t\t\t  <div class=\"all-30 medium-100 small-100 tiny-100\">Variety Village<\/div>\n\t\t\t\t\t<\/div>\n\t\t\t\t  <\/div>\n\t\t\t  <\/li>\n\t\t\t  \n\t\t\t  <li class=\"column-group\">\n\t\t\t\t  <div class=\"all-10 large-20 medium-33 small-100 tiny-100\"><img decoding=\"async\" src=\"https:\/\/www.wheelchairbasketball.ca\/wp-content\/uploads\/2025\/08\/DSC2774-200x269-1.png\" \/><\/div>\n\t\t\t\t  <div class=\"all-90 large-80 medium-66 small-100 tiny-100\">\n\t\t\t\t\t  <div class=\"column-group\">\n\t\t\t\t\t  <div class=\"all-50 medium-100 small-100 tiny-100\"><strong>#12 <a href=\"https:\/\/www.wheelchairbasketball.ca\/fr\/players\/kyrell-sopotyk\/\">Kyrell Sopotyk<\/a><\/strong><br \/>10-11-2001<\/div>\n\t\t\t\t\t  <div class=\"all-20 medium-100 small-100 tiny-100\">1.0<\/div>\n\t\t\t\t\t  <div class=\"all-30 medium-100 small-100 tiny-100\">Arizona Wildcats.<\/div>\n\t\t\t\t\t<\/div>\n\t\t\t\t  <\/div>\n\t\t\t  <\/li>\n\t\t\t  \n\t\t\t  <li class=\"column-group\">\n\t\t\t\t  <div class=\"all-10 large-20 medium-33 small-100 tiny-100\"><img decoding=\"async\" src=\"https:\/\/www.wheelchairbasketball.ca\/wp-content\/uploads\/2019\/07\/20230518-AR-696-200x269-1.jpg\" \/><\/div>\n\t\t\t\t  <div class=\"all-90 large-80 medium-66 small-100 tiny-100\">\n\t\t\t\t\t  <div class=\"column-group\">\n\t\t\t\t\t  <div class=\"all-50 medium-100 small-100 tiny-100\"><strong>#13 <a href=\"https:\/\/www.wheelchairbasketball.ca\/fr\/players\/blaise-mutware\/\">Blaise Mutware<\/a><\/strong><br \/>14-05-1994<\/div>\n\t\t\t\t\t  <div class=\"all-20 medium-100 small-100 tiny-100\">3,5<\/div>\n\t\t\t\t\t  <div class=\"all-30 medium-100 small-100 tiny-100\">ADM Econy Gran Canaria<\/div>\n\t\t\t\t\t<\/div>\n\t\t\t\t  <\/div>\n\t\t\t  <\/li>\n\t\t\t  \n\t\t\t  <li class=\"column-group\">\n\t\t\t\t  <div class=\"all-10 large-20 medium-33 small-100 tiny-100\"><img decoding=\"async\" src=\"https:\/\/www.wheelchairbasketball.ca\/wp-content\/uploads\/2025\/06\/Nasif_Choudhury-200x269-1.png\" \/><\/div>\n\t\t\t\t  <div class=\"all-90 large-80 medium-66 small-100 tiny-100\">\n\t\t\t\t\t  <div class=\"column-group\">\n\t\t\t\t\t  <div class=\"all-50 medium-100 small-100 tiny-100\"><strong>#14 <a href=\"https:\/\/www.wheelchairbasketball.ca\/fr\/players\/nasif-chowdhury\/\">Nasif Chowdhury<\/a><\/strong><br \/>02-03-2003<\/div>\n\t\t\t\t\t  <div class=\"all-20 medium-100 small-100 tiny-100\">4.0<\/div>\n\t\t\t\t\t  <div class=\"all-30 medium-100 small-100 tiny-100\">Twin City Spinners\/Auburn University Tigers<\/div>\n\t\t\t\t\t<\/div>\n\t\t\t\t  <\/div>\n\t\t\t  <\/li>\n\t\t\t  \n\t\t\t  <li class=\"column-group\">\n\t\t\t\t  <div class=\"all-10 large-20 medium-33 small-100 tiny-100\"><img decoding=\"async\" src=\"https:\/\/www.wheelchairbasketball.ca\/wp-content\/uploads\/2023\/06\/20230518-AR-206-200x269-1.jpg\" \/><\/div>\n\t\t\t\t  <div class=\"all-90 large-80 medium-66 small-100 tiny-100\">\n\t\t\t\t\t  <div class=\"column-group\">\n\t\t\t\t\t  <div class=\"all-50 medium-100 small-100 tiny-100\"><strong>#15 <a href=\"https:\/\/www.wheelchairbasketball.ca\/fr\/players\/reed-deaeth\/\">Reed De&rsquo;Aeth<\/a><\/strong><br \/>20-08-2002<\/div>\n\t\t\t\t\t  <div class=\"all-20 medium-100 small-100 tiny-100\">4.5<\/div>\n\t\t\t\t\t  <div class=\"all-30 medium-100 small-100 tiny-100\"><\/div>\n\t\t\t\t\t<\/div>\n\t\t\t\t  <\/div>\n\t\t\t  <\/li>\n\t\t\t  \n\t\t  <h4>Entra\u00eeneurs et personnel<\/h4>\n\t\t  <li class=\"column-group\">\n\t\t\t  <div class=\"all-10 large-20 medium-33 small-100 tiny-100\"><img decoding=\"async\" src=\"https:\/\/www.wheelchairbasketball.ca\/wp-content\/uploads\/2017\/08\/20230518-AR-775-200x269-1.jpg\" \/><\/div>\n\t\t\t  <div class=\"all-90 large-80 medium-66 small-100 tiny-100\">\n\t\t\t\t  <div class=\"column-group\">\n\t\t\t\t  <div class=\"all-50 medium-100 small-100 tiny-100\"><a href=\"https:\/\/www.wheelchairbasketball.ca\/fr\/team_staff\/matteo-feriani\/\">Matteo Feriani<\/a><br \/>\n\t\t\t\t\t<br \/>15-09-1974<\/div>\n\t\t\t\t  <div class=\"all-20 medium-100 small-100 tiny-100\">Entra\u00eeneur en chef<\/div>\n\t\t\t\t<\/div>\n\t\t\t  <\/div>\n\t\t  <\/li>\n\t      <li class=\"column-group\">\n            <div class=\"all-100\">\n              Entra\u00eeneur adjoint : Darrell Nordell (Edmonton, Alb.)<br \/>\r\nEntra\u00eeneur adjoint : Nicolas Palmer (Laval, Qc.)<br \/>\r\nPhysioth\u00e9rapeute : Danielle de Laat (Hamilton, Ont.)\n            <\/div>\n          <\/li><\/ul>\n","protected":false},"excerpt":{"rendered":"\u00c9quipe nationale masculine senior 2025 \u00c9quipes pr\u00e9c\u00e9dentes","protected":false},"author":4,"featured_media":25560,"parent":1521,"menu_order":0,"comment_status":"closed","ping_status":"closed","template":"","meta":{"om_disable_all_campaigns":false,"_monsterinsights_skip_tracking":false,"_monsterinsights_sitenote_active":false,"_monsterinsights_sitenote_note":"","_monsterinsights_sitenote_category":0,"footnotes":""},"acf":[],"yoast_head":"<!-- This site is optimized with the Yoast SEO plugin v21.9.1 - https:\/\/yoast.com\/wordpress\/plugins\/seo\/ -->\n<title>Formation de l&#039;\u00e9quipe - Wheelchair Basketball Canada<\/title>\n<meta name=\"robots\" content=\"index, follow, max-snippet:-1, max-image-preview:large, max-video-preview:-1\" \/>\n<link rel=\"canonical\" href=\"https:\/\/www.wheelchairbasketball.ca\/fr\/equipe-canada\/equipe-nationale-masculine-senior\/formation-de-lequipe\/\" \/>\n<meta property=\"og:locale\" content=\"fr_FR\" \/>\n<meta property=\"og:type\" content=\"article\" \/>\n<meta property=\"og:title\" content=\"Formation de l&#039;\u00e9quipe - Wheelchair Basketball Canada\" \/>\n<meta property=\"og:description\" content=\"\u00c9quipe nationale masculine senior 2025 \u00c9quipes pr\u00e9c\u00e9dentes\" \/>\n<meta property=\"og:url\" content=\"https:\/\/www.wheelchairbasketball.ca\/fr\/equipe-canada\/equipe-nationale-masculine-senior\/formation-de-lequipe\/\" \/>\n<meta property=\"og:site_name\" content=\"Wheelchair Basketball Canada\" \/>\n<meta property=\"article:publisher\" content=\"http:\/\/www.facebook.com\/wheelchairbasketball\" \/>\n<meta property=\"article:modified_time\" content=\"2025-08-14T17:22:33+00:00\" \/>\n<meta property=\"og:image\" content=\"https:\/\/www.wheelchairbasketball.ca\/wp-content\/uploads\/2024\/08\/240802-CNDMenParaBBall_LG-68-851_1935-1400x600-1.jpg\" \/>\n\t<meta property=\"og:image:width\" content=\"1400\" \/>\n\t<meta property=\"og:image:height\" content=\"600\" \/>\n\t<meta property=\"og:image:type\" content=\"image\/jpeg\" \/>\n<meta name=\"twitter:card\" content=\"summary_large_image\" \/>\n<meta name=\"twitter:site\" content=\"@WCBballCanada\" \/>\n<meta name=\"twitter:label1\" content=\"Dur\u00e9e de lecture estim\u00e9e\" \/>\n\t<meta name=\"twitter:data1\" content=\"1 minute\" \/>\n<script type=\"application\/ld+json\" class=\"yoast-schema-graph\">{\"@context\":\"https:\/\/schema.org\",\"@graph\":[{\"@type\":\"WebPage\",\"@id\":\"https:\/\/www.wheelchairbasketball.ca\/fr\/equipe-canada\/equipe-nationale-masculine-senior\/formation-de-lequipe\/\",\"url\":\"https:\/\/www.wheelchairbasketball.ca\/fr\/equipe-canada\/equipe-nationale-masculine-senior\/formation-de-lequipe\/\",\"name\":\"Formation de l'\u00e9quipe - Wheelchair Basketball Canada\",\"isPartOf\":{\"@id\":\"https:\/\/www.wheelchairbasketball.ca\/#website\"},\"datePublished\":\"2015-04-20T21:09:18+00:00\",\"dateModified\":\"2025-08-14T17:22:33+00:00\",\"breadcrumb\":{\"@id\":\"https:\/\/www.wheelchairbasketball.ca\/fr\/equipe-canada\/equipe-nationale-masculine-senior\/formation-de-lequipe\/#breadcrumb\"},\"inLanguage\":\"fr-FR\",\"potentialAction\":[{\"@type\":\"ReadAction\",\"target\":[\"https:\/\/www.wheelchairbasketball.ca\/fr\/equipe-canada\/equipe-nationale-masculine-senior\/formation-de-lequipe\/\"]}]},{\"@type\":\"BreadcrumbList\",\"@id\":\"https:\/\/www.wheelchairbasketball.ca\/fr\/equipe-canada\/equipe-nationale-masculine-senior\/formation-de-lequipe\/#breadcrumb\",\"itemListElement\":[{\"@type\":\"ListItem\",\"position\":1,\"name\":\"Home\",\"item\":\"https:\/\/www.wheelchairbasketball.ca\/fr\/\"},{\"@type\":\"ListItem\",\"position\":2,\"name\":\"\u00c9quipe Canada\",\"item\":\"https:\/\/www.wheelchairbasketball.ca\/fr\/equipe-canada\/\"},{\"@type\":\"ListItem\",\"position\":3,\"name\":\"\u00c9quipe nationale masculine senior\",\"item\":\"https:\/\/www.wheelchairbasketball.ca\/fr\/equipe-canada\/equipe-nationale-masculine-senior\/\"},{\"@type\":\"ListItem\",\"position\":4,\"name\":\"Formation de l&#8217;\u00e9quipe\"}]},{\"@type\":\"WebSite\",\"@id\":\"https:\/\/www.wheelchairbasketball.ca\/#website\",\"url\":\"https:\/\/www.wheelchairbasketball.ca\/\",\"name\":\"Wheelchair Basketball Canada\",\"description\":\"Real Life. Real Sport.\",\"potentialAction\":[{\"@type\":\"SearchAction\",\"target\":{\"@type\":\"EntryPoint\",\"urlTemplate\":\"https:\/\/www.wheelchairbasketball.ca\/?s={search_term_string}\"},\"query-input\":\"required name=search_term_string\"}],\"inLanguage\":\"fr-FR\"}]}<\/script>\n<!-- \/ Yoast SEO plugin. -->","yoast_head_json":{"title":"Formation de l'\u00e9quipe - Wheelchair Basketball Canada","robots":{"index":"index","follow":"follow","max-snippet":"max-snippet:-1","max-image-preview":"max-image-preview:large","max-video-preview":"max-video-preview:-1"},"canonical":"https:\/\/www.wheelchairbasketball.ca\/fr\/equipe-canada\/equipe-nationale-masculine-senior\/formation-de-lequipe\/","og_locale":"fr_FR","og_type":"article","og_title":"Formation de l'\u00e9quipe - Wheelchair Basketball Canada","og_description":"\u00c9quipe nationale masculine senior 2025 \u00c9quipes pr\u00e9c\u00e9dentes","og_url":"https:\/\/www.wheelchairbasketball.ca\/fr\/equipe-canada\/equipe-nationale-masculine-senior\/formation-de-lequipe\/","og_site_name":"Wheelchair Basketball Canada","article_publisher":"http:\/\/www.facebook.com\/wheelchairbasketball","article_modified_time":"2025-08-14T17:22:33+00:00","og_image":[{"width":1400,"height":600,"url":"https:\/\/www.wheelchairbasketball.ca\/wp-content\/uploads\/2024\/08\/240802-CNDMenParaBBall_LG-68-851_1935-1400x600-1.jpg","type":"image\/jpeg"}],"twitter_card":"summary_large_image","twitter_site":"@WCBballCanada","twitter_misc":{"Dur\u00e9e de lecture estim\u00e9e":"1 minute"},"schema":{"@context":"https:\/\/schema.org","@graph":[{"@type":"WebPage","@id":"https:\/\/www.wheelchairbasketball.ca\/fr\/equipe-canada\/equipe-nationale-masculine-senior\/formation-de-lequipe\/","url":"https:\/\/www.wheelchairbasketball.ca\/fr\/equipe-canada\/equipe-nationale-masculine-senior\/formation-de-lequipe\/","name":"Formation de l'\u00e9quipe - Wheelchair Basketball Canada","isPartOf":{"@id":"https:\/\/www.wheelchairbasketball.ca\/#website"},"datePublished":"2015-04-20T21:09:18+00:00","dateModified":"2025-08-14T17:22:33+00:00","breadcrumb":{"@id":"https:\/\/www.wheelchairbasketball.ca\/fr\/equipe-canada\/equipe-nationale-masculine-senior\/formation-de-lequipe\/#breadcrumb"},"inLanguage":"fr-FR","potentialAction":[{"@type":"ReadAction","target":["https:\/\/www.wheelchairbasketball.ca\/fr\/equipe-canada\/equipe-nationale-masculine-senior\/formation-de-lequipe\/"]}]},{"@type":"BreadcrumbList","@id":"https:\/\/www.wheelchairbasketball.ca\/fr\/equipe-canada\/equipe-nationale-masculine-senior\/formation-de-lequipe\/#breadcrumb","itemListElement":[{"@type":"ListItem","position":1,"name":"Home","item":"https:\/\/www.wheelchairbasketball.ca\/fr\/"},{"@type":"ListItem","position":2,"name":"\u00c9quipe Canada","item":"https:\/\/www.wheelchairbasketball.ca\/fr\/equipe-canada\/"},{"@type":"ListItem","position":3,"name":"\u00c9quipe nationale masculine senior","item":"https:\/\/www.wheelchairbasketball.ca\/fr\/equipe-canada\/equipe-nationale-masculine-senior\/"},{"@type":"ListItem","position":4,"name":"Formation de l&#8217;\u00e9quipe"}]},{"@type":"WebSite","@id":"https:\/\/www.wheelchairbasketball.ca\/#website","url":"https:\/\/www.wheelchairbasketball.ca\/","name":"Wheelchair Basketball Canada","description":"Real Life. Real Sport.","potentialAction":[{"@type":"SearchAction","target":{"@type":"EntryPoint","urlTemplate":"https:\/\/www.wheelchairbasketball.ca\/?s={search_term_string}"},"query-input":"required name=search_term_string"}],"inLanguage":"fr-FR"}]}},"_links":{"self":[{"href":"https:\/\/www.wheelchairbasketball.ca\/fr\/wp-json\/wp\/v2\/pages\/2308"}],"collection":[{"href":"https:\/\/www.wheelchairbasketball.ca\/fr\/wp-json\/wp\/v2\/pages"}],"about":[{"href":"https:\/\/www.wheelchairbasketball.ca\/fr\/wp-json\/wp\/v2\/types\/page"}],"author":[{"embeddable":true,"href":"https:\/\/www.wheelchairbasketball.ca\/fr\/wp-json\/wp\/v2\/users\/4"}],"replies":[{"embeddable":true,"href":"https:\/\/www.wheelchairbasketball.ca\/fr\/wp-json\/wp\/v2\/comments?post=2308"}],"version-history":[{"count":10,"href":"https:\/\/www.wheelchairbasketball.ca\/fr\/wp-json\/wp\/v2\/pages\/2308\/revisions"}],"predecessor-version":[{"id":24933,"href":"https:\/\/www.wheelchairbasketball.ca\/fr\/wp-json\/wp\/v2\/pages\/2308\/revisions\/24933"}],"up":[{"embeddable":true,"href":"https:\/\/www.wheelchairbasketball.ca\/fr\/wp-json\/wp\/v2\/pages\/1521"}],"wp:featuredmedia":[{"embeddable":true,"href":"https:\/\/www.wheelchairbasketball.ca\/fr\/wp-json\/wp\/v2\/media\/25560"}],"wp:attachment":[{"href":"https:\/\/www.wheelchairbasketball.ca\/fr\/wp-json\/wp\/v2\/media?parent=2308"}],"curies":[{"name":"wp","href":"https:\/\/api.w.org\/{rel}","templated":true}]}}