{"id":23356,"date":"2025-02-05T15:28:13","date_gmt":"2025-02-05T15:28:13","guid":{"rendered":"https:\/\/www.wheelchairbasketball.ca\/?page_id=23356"},"modified":"2025-11-12T18:54:42","modified_gmt":"2025-11-12T18:54:42","slug":"cours-de-formation-des-entraineurs","status":"publish","type":"page","link":"https:\/\/www.wheelchairbasketball.ca\/fr\/cours-de-formation-des-entraineurs\/","title":{"rendered":"Cours de formation des entra\u00eeneurs"},"content":{"rendered":"<p>Des \u00e9l\u00e9ments fondamentaux essentiels aux strat\u00e9gies avanc\u00e9es, notre <a href=\"https:\/\/www.wheelchairbasketball.ca\/fr\/technique\/pnce\/\">Programme national de certification des entra\u00eeneurs<\/a> permet aux entra\u00eeneurs d\u2019acqu\u00e9rir les connaissances, les comp\u00e9tences et la confiance n\u00e9cessaires pour cr\u00e9er des environnements s\u00fbrs, inclusifs et de haute performance pour les athl\u00e8tes. Qu&rsquo;ils amorcent leur parcours dans le domaine de l\u2019entra\u00eenement ou s\u2019efforcent d&rsquo;accro\u00eetre leur expertise, nos cours leur offrent un apprentissage pratique, un enseignement dirig\u00e9 par des experts et des parcours de certification qui appuieront leur croissance.<\/p>\n<p>Explorez les occasions futures ci-dessous, inscrivez-vous \u00e0 un cours et joignez\u2011vous \u00e0 notre communaut\u00e9 d\u2019entra\u00eeneurs!<\/p>\n<h3><strong>Prochains Cours<\/strong><\/h3>\n<p><strong>COMP\u00c9TITION-INTRODUCTION AVANC<span class=\"OYPEnA font-feature-liga-off font-feature-clig-off font-feature-calt-off text-decoration-none text-strikethrough-none\">\u00c9E<\/span><\/strong><\/p>\n<p>Moncton, NB\u00a0 \u2014 \u00a024-26 octobre (<em>la date limite d\u2019inscription est le 1 octobre<\/em>)<\/p>\n<p><a href=\"http:\/\/ontariowheelchairbasketballprograms.rampregistrations.com\/?cmVkaXI1=Y2xpbmlj0&amp;c2lk0=OTEwNg2&amp;Y2xpbl9pZA2=NjY5Mw2&amp;cGtpZA2=&amp;b3duZXI1=MQ2&amp;Y3NkaWQ1=&amp;cGtnaWQ1=\">Whitby, Ontario \u2014 29 et 30 novembre<\/a> (<em>date limite d&rsquo;inscription : 7 novembre<\/em>)<\/p>\n<p><a href=\"http:\/\/wsaprograms.rampregistrations.com\/?cmVkaXI1=Y2xpbmlj0&amp;c2lk0=OTEwNg2&amp;Y2xpbl9pZA2=NzExNQ2&amp;cGtpZA2=&amp;b3duZXI1=MQ2&amp;Y3NkaWQ1=&amp;cGtnaWQ1=\">Leduc, Alberta \u2013 9-11 janvier 2026 <\/a><em>(La date limite d&rsquo;inscription est le 11 d\u00e9cembre)<\/em><\/p>\n<h3>Accueillir un Cours<\/h3>\n<p>Les P\/TSO peuvent \u00e9lever le niveau de jeu en organisant des cours de formation des entra\u00eeneurs du PNCE dans leur r\u00e9gion ! Aidez \u00e0 construire un environnement sportif plus fort et plus inclusif en investissant dans la formation et le d\u00e9veloppement des entra\u00eeneurs locaux.<\/p>\n<p>Enregistrez vos informations de cours ici <a href=\"https:\/\/forms.office.com\/pages\/responsepage.aspx?id=MVP56G2-H0mUm6NZOWvrP_UfBUskTddPjBJbg5BV-F5UOVpQUDdPRk8yUkdVSUNOSUZWU0NUMk1ZWi4u&amp;route=shorturl\">ici<\/a>.<\/p>\n","protected":false},"excerpt":{"rendered":"Des \u00e9l\u00e9ments fondamentaux essentiels aux strat\u00e9gies avanc\u00e9es, notre Programme national de certification des entra\u00eeneurs permet aux entra\u00eeneurs d\u2019acqu\u00e9rir les connaissances, les comp\u00e9tences et la confiance n\u00e9cessaires pour cr\u00e9er des environnements s\u00fbrs, inclusifs et de haute performance pour les athl\u00e8tes. Qu&rsquo;ils amorcent leur parcours dans le domaine de l\u2019entra\u00eenement ou s\u2019efforcent d&rsquo;accro\u00eetre leur expertise, nos cours [&hellip;]","protected":false},"author":17,"featured_media":24635,"parent":0,"menu_order":0,"comment_status":"closed","ping_status":"closed","template":"","meta":{"om_disable_all_campaigns":false,"_monsterinsights_skip_tracking":false,"_monsterinsights_sitenote_active":false,"_monsterinsights_sitenote_note":"","_monsterinsights_sitenote_category":0,"footnotes":""},"acf":[],"yoast_head":"<!-- This site is optimized with the Yoast SEO plugin v21.9.1 - https:\/\/yoast.com\/wordpress\/plugins\/seo\/ -->\n<title>Cours de formation des entra\u00eeneurs - Wheelchair Basketball Canada<\/title>\n<meta name=\"robots\" content=\"index, follow, max-snippet:-1, max-image-preview:large, max-video-preview:-1\" \/>\n<link rel=\"canonical\" href=\"https:\/\/www.wheelchairbasketball.ca\/fr\/cours-de-formation-des-entraineurs\/\" \/>\n<meta property=\"og:locale\" content=\"fr_FR\" \/>\n<meta property=\"og:type\" content=\"article\" \/>\n<meta property=\"og:title\" content=\"Cours de formation des entra\u00eeneurs - Wheelchair Basketball Canada\" \/>\n<meta property=\"og:description\" content=\"Des \u00e9l\u00e9ments fondamentaux essentiels aux strat\u00e9gies avanc\u00e9es, notre Programme national de certification des entra\u00eeneurs permet aux entra\u00eeneurs d\u2019acqu\u00e9rir les connaissances, les comp\u00e9tences et la confiance n\u00e9cessaires pour cr\u00e9er des environnements s\u00fbrs, inclusifs et de haute performance pour les athl\u00e8tes. Qu&rsquo;ils amorcent leur parcours dans le domaine de l\u2019entra\u00eenement ou s\u2019efforcent d&rsquo;accro\u00eetre leur expertise, nos cours [&hellip;]\" \/>\n<meta property=\"og:url\" content=\"https:\/\/www.wheelchairbasketball.ca\/fr\/cours-de-formation-des-entraineurs\/\" \/>\n<meta property=\"og:site_name\" content=\"Wheelchair Basketball Canada\" \/>\n<meta property=\"article:publisher\" content=\"http:\/\/www.facebook.com\/wheelchairbasketball\" \/>\n<meta property=\"article:modified_time\" content=\"2025-11-12T18:54:42+00:00\" \/>\n<meta property=\"og:image\" content=\"https:\/\/www.wheelchairbasketball.ca\/wp-content\/uploads\/2025\/07\/2025.wheelchair.basketball-548.jpg\" \/>\n\t<meta property=\"og:image:width\" content=\"1600\" \/>\n\t<meta property=\"og:image:height\" content=\"1067\" \/>\n\t<meta property=\"og:image:type\" content=\"image\/jpeg\" \/>\n<meta name=\"twitter:card\" content=\"summary_large_image\" \/>\n<meta name=\"twitter:site\" content=\"@WCBballCanada\" \/>\n<meta name=\"twitter:label1\" content=\"Dur\u00e9e de lecture estim\u00e9e\" \/>\n\t<meta name=\"twitter:data1\" content=\"2 minutes\" \/>\n<script type=\"application\/ld+json\" class=\"yoast-schema-graph\">{\"@context\":\"https:\/\/schema.org\",\"@graph\":[{\"@type\":\"WebPage\",\"@id\":\"https:\/\/www.wheelchairbasketball.ca\/fr\/cours-de-formation-des-entraineurs\/\",\"url\":\"https:\/\/www.wheelchairbasketball.ca\/fr\/cours-de-formation-des-entraineurs\/\",\"name\":\"Cours de formation des entra\u00eeneurs - Wheelchair Basketball Canada\",\"isPartOf\":{\"@id\":\"https:\/\/www.wheelchairbasketball.ca\/#website\"},\"datePublished\":\"2025-02-05T15:28:13+00:00\",\"dateModified\":\"2025-11-12T18:54:42+00:00\",\"breadcrumb\":{\"@id\":\"https:\/\/www.wheelchairbasketball.ca\/fr\/cours-de-formation-des-entraineurs\/#breadcrumb\"},\"inLanguage\":\"fr-FR\",\"potentialAction\":[{\"@type\":\"ReadAction\",\"target\":[\"https:\/\/www.wheelchairbasketball.ca\/fr\/cours-de-formation-des-entraineurs\/\"]}]},{\"@type\":\"BreadcrumbList\",\"@id\":\"https:\/\/www.wheelchairbasketball.ca\/fr\/cours-de-formation-des-entraineurs\/#breadcrumb\",\"itemListElement\":[{\"@type\":\"ListItem\",\"position\":1,\"name\":\"Home\",\"item\":\"https:\/\/www.wheelchairbasketball.ca\/fr\/\"},{\"@type\":\"ListItem\",\"position\":2,\"name\":\"Cours de formation des entra\u00eeneurs\"}]},{\"@type\":\"WebSite\",\"@id\":\"https:\/\/www.wheelchairbasketball.ca\/#website\",\"url\":\"https:\/\/www.wheelchairbasketball.ca\/\",\"name\":\"Wheelchair Basketball Canada\",\"description\":\"Real Life. Real Sport.\",\"potentialAction\":[{\"@type\":\"SearchAction\",\"target\":{\"@type\":\"EntryPoint\",\"urlTemplate\":\"https:\/\/www.wheelchairbasketball.ca\/?s={search_term_string}\"},\"query-input\":\"required name=search_term_string\"}],\"inLanguage\":\"fr-FR\"}]}<\/script>\n<!-- \/ Yoast SEO plugin. -->","yoast_head_json":{"title":"Cours de formation des entra\u00eeneurs - Wheelchair Basketball Canada","robots":{"index":"index","follow":"follow","max-snippet":"max-snippet:-1","max-image-preview":"max-image-preview:large","max-video-preview":"max-video-preview:-1"},"canonical":"https:\/\/www.wheelchairbasketball.ca\/fr\/cours-de-formation-des-entraineurs\/","og_locale":"fr_FR","og_type":"article","og_title":"Cours de formation des entra\u00eeneurs - Wheelchair Basketball Canada","og_description":"Des \u00e9l\u00e9ments fondamentaux essentiels aux strat\u00e9gies avanc\u00e9es, notre Programme national de certification des entra\u00eeneurs permet aux entra\u00eeneurs d\u2019acqu\u00e9rir les connaissances, les comp\u00e9tences et la confiance n\u00e9cessaires pour cr\u00e9er des environnements s\u00fbrs, inclusifs et de haute performance pour les athl\u00e8tes. Qu&rsquo;ils amorcent leur parcours dans le domaine de l\u2019entra\u00eenement ou s\u2019efforcent d&rsquo;accro\u00eetre leur expertise, nos cours [&hellip;]","og_url":"https:\/\/www.wheelchairbasketball.ca\/fr\/cours-de-formation-des-entraineurs\/","og_site_name":"Wheelchair Basketball Canada","article_publisher":"http:\/\/www.facebook.com\/wheelchairbasketball","article_modified_time":"2025-11-12T18:54:42+00:00","og_image":[{"width":1600,"height":1067,"url":"https:\/\/www.wheelchairbasketball.ca\/wp-content\/uploads\/2025\/07\/2025.wheelchair.basketball-548.jpg","type":"image\/jpeg"}],"twitter_card":"summary_large_image","twitter_site":"@WCBballCanada","twitter_misc":{"Dur\u00e9e de lecture estim\u00e9e":"2 minutes"},"schema":{"@context":"https:\/\/schema.org","@graph":[{"@type":"WebPage","@id":"https:\/\/www.wheelchairbasketball.ca\/fr\/cours-de-formation-des-entraineurs\/","url":"https:\/\/www.wheelchairbasketball.ca\/fr\/cours-de-formation-des-entraineurs\/","name":"Cours de formation des entra\u00eeneurs - Wheelchair Basketball Canada","isPartOf":{"@id":"https:\/\/www.wheelchairbasketball.ca\/#website"},"datePublished":"2025-02-05T15:28:13+00:00","dateModified":"2025-11-12T18:54:42+00:00","breadcrumb":{"@id":"https:\/\/www.wheelchairbasketball.ca\/fr\/cours-de-formation-des-entraineurs\/#breadcrumb"},"inLanguage":"fr-FR","potentialAction":[{"@type":"ReadAction","target":["https:\/\/www.wheelchairbasketball.ca\/fr\/cours-de-formation-des-entraineurs\/"]}]},{"@type":"BreadcrumbList","@id":"https:\/\/www.wheelchairbasketball.ca\/fr\/cours-de-formation-des-entraineurs\/#breadcrumb","itemListElement":[{"@type":"ListItem","position":1,"name":"Home","item":"https:\/\/www.wheelchairbasketball.ca\/fr\/"},{"@type":"ListItem","position":2,"name":"Cours de formation des entra\u00eeneurs"}]},{"@type":"WebSite","@id":"https:\/\/www.wheelchairbasketball.ca\/#website","url":"https:\/\/www.wheelchairbasketball.ca\/","name":"Wheelchair Basketball Canada","description":"Real Life. Real Sport.","potentialAction":[{"@type":"SearchAction","target":{"@type":"EntryPoint","urlTemplate":"https:\/\/www.wheelchairbasketball.ca\/?s={search_term_string}"},"query-input":"required name=search_term_string"}],"inLanguage":"fr-FR"}]}},"_links":{"self":[{"href":"https:\/\/www.wheelchairbasketball.ca\/fr\/wp-json\/wp\/v2\/pages\/23356"}],"collection":[{"href":"https:\/\/www.wheelchairbasketball.ca\/fr\/wp-json\/wp\/v2\/pages"}],"about":[{"href":"https:\/\/www.wheelchairbasketball.ca\/fr\/wp-json\/wp\/v2\/types\/page"}],"author":[{"embeddable":true,"href":"https:\/\/www.wheelchairbasketball.ca\/fr\/wp-json\/wp\/v2\/users\/17"}],"replies":[{"embeddable":true,"href":"https:\/\/www.wheelchairbasketball.ca\/fr\/wp-json\/wp\/v2\/comments?post=23356"}],"version-history":[{"count":10,"href":"https:\/\/www.wheelchairbasketball.ca\/fr\/wp-json\/wp\/v2\/pages\/23356\/revisions"}],"predecessor-version":[{"id":25329,"href":"https:\/\/www.wheelchairbasketball.ca\/fr\/wp-json\/wp\/v2\/pages\/23356\/revisions\/25329"}],"wp:featuredmedia":[{"embeddable":true,"href":"https:\/\/www.wheelchairbasketball.ca\/fr\/wp-json\/wp\/v2\/media\/24635"}],"wp:attachment":[{"href":"https:\/\/www.wheelchairbasketball.ca\/fr\/wp-json\/wp\/v2\/media?parent=23356"}],"curies":[{"name":"wp","href":"https:\/\/api.w.org\/{rel}","templated":true}]}}