{"id":24556,"date":"2025-07-14T18:24:14","date_gmt":"2025-07-14T18:24:14","guid":{"rendered":"https:\/\/www.wheelchairbasketball.ca\/?page_id=24556"},"modified":"2025-08-19T17:46:55","modified_gmt":"2025-08-19T17:46:55","slug":"semaine-du-basketball-en-fauteuil-roulant-2025","status":"publish","type":"page","link":"https:\/\/www.wheelchairbasketball.ca\/fr\/semaine-du-basketball-en-fauteuil-roulant-2025\/","title":{"rendered":"Semaine du basketball en fauteuil roulant 2025"},"content":{"rendered":"<p><em>22-28 septembre<\/em><\/p>\n<p>La Semaine du basketball en fauteuil roulant (SBFR) est une initiative nationale, vou\u00e9e \u00e0 la c\u00e9l\u00e9bration et \u00e0 la croissance du sport du basketball en fauteuil roulant, \u00e0 travers le pays. Par l\u2019interm\u00e9diaire d\u2019\u00e9v\u00e9nements locaux et de programmes inclusifs, la SBFR vise \u00e0 sensibiliser le public au sport et \u00e0 susciter la participation de nouvelles communaut\u00e9s, d\u2019un oc\u00e9an \u00e0 l\u2019autre. Gr\u00e2ce aux exp\u00e9riences partag\u00e9es et aux liens communautaires, la SBFR contribue \u00e0 renforcer les fondements du basketball en fauteuil roulant au Canada, afin de b\u00e2tir un avenir sportif plus inclusif pour tous.<\/p>\n<h2><strong>Calendrier de l\u2019\u00e9v\u00e9nement de 2025<\/strong><\/h2>\n<div data-events-calendar-app=\"\" data-project-id=\"proj_5GwYpP5yp8gdFgLTBJSQs\"><\/div>\n<p><script type=\"text\/javascript\" src=\"\/\/dist.eventscalendar.co\/embed.js\"><span data-mce-type=\"bookmark\" style=\"display: inline-block; width: 0px; overflow: hidden; line-height: 0;\" class=\"mce_SELRES_start\">\ufeff<\/span><\/script><\/p>\n<h2><strong>Comment s\u2019impliquer<\/strong><\/h2>\n<p>C\u2019est au niveau local que s\u2019amorce la croissance! Du 22 au 28 septembre, passez \u00e0 l\u2019action dans votre communaut\u00e9 et engagez-vous dans une grande cause.<\/p>\n<h4><strong><u>CLUBS<\/u><\/strong><\/h4>\n<p>Organisez un \u00e9v\u00e9nement pendant la SBFR pour promouvoir la sensibilisation, stimuler la participation et mobiliser votre communaut\u00e9! Inscrivez votre \u00e9v\u00e9nement <strong><a href=\"https:\/\/forms.cloud.microsoft\/Pages\/ResponsePage.aspx?id=MVP56G2-H0mUm6NZOWvrP5DwCovmfx9Ov8I7NcHO1P1UOE1NSDFMUE5US01SRENGWldPNzlISE5BVi4u\">ICI!<\/a><\/strong><\/p>\n<p>Avantages de l\u2019organisation d\u2019un \u00e9v\u00e9nement<\/p>\n<ul>\n<li>Objets promotionnels de Basketball en fauteuil roulant Canada pour tous les participants fournies par <a href=\"https:\/\/allstarcresting.ca\/allstarcresting\/shop\/home\">Allstar Cresting<\/a><\/li>\n<li>Renseignements sur l\u2019\u00e9v\u00e9nement et le club ajout\u00e9s au calendrier national de BFRC<\/li>\n<li>Visibilit\u00e9 nationale sur tous les canaux de m\u00e9dias sociaux de BFRC<\/li>\n<li>Liens avec des partenaires nationaux et locaux<\/li>\n<li>Occasion de mettre en candidature votre champion communautaire<\/li>\n<li>Acc\u00e8s \u00e0 la bo\u00eete \u00e0 outils num\u00e9riques<\/li>\n<\/ul>\n<h4><strong><u>ATHL\u00c9TES<\/u><\/strong><\/h4>\n<p>Entrez dans le jeu! Que vous soyez un nouveau ou un ancien joueur, la SBFR est l\u2019occasion id\u00e9ale d\u2019apprendre le basketball en fauteuil roulant, de jouer et d\u2019y prendre plaisir. Les participants de tout \u00e2ge et de toute capacit\u00e9 physique sont invit\u00e9s \u00e0 assister \u00e0 un \u00e9v\u00e9nement de la SBFR pr\u00e8s de chez eux. Veuillez consulter le calendrier national des \u00e9v\u00e9nements ci-dessus.<\/p>\n<p>Cliquez <a href=\"https:\/\/www.wheelchairbasketball.ca\/programs\/find-a-club\/\"><strong>ICI <\/strong><\/a>pour trouver un club pr\u00e8s de chez vous.<\/p>\n<h4><strong>PRODUITS D\u00c9RIV\u00c9S DE LA SEMAINE DU BASKET EN FAUTEUIL ROULANT<\/strong><\/h4>\n<p>Rehaussez votre style le jour de l&rsquo;\u00e9v\u00e9nement avec notre t-shirt en \u00e9dition limit\u00e9e Wheelchair Basketball Week 2025 !<\/p>\n<p>Commandez avant le 1er septembre pour garantir une livraison \u00e0 temps pour la WBW, le 22 septembre. Achetez <a href=\"https:\/\/wheelchair-basketball-canada.secure-decoration.com\/page\/full-collection\">ici<\/a>.<\/p>\n<h4><strong><u>PARTENAIRES<\/u><\/strong><\/h4>\n<p>Basketball en fauteuil roulant Canada invite les organisations et les dirigeants communautaires \u00e0 se joindre \u00e0 nous pour c\u00e9l\u00e9brer la Semaine du basketball en fauteuil roulant. Contactez-nous d\u00e8s aujourd\u2019hui pour d\u00e9couvrir comment nous pouvons travailler ensemble, afin d\u2019accro\u00eetre la sensibilisation, d\u2019inspirer la participation et de rendre le basketball en fauteuil roulant accessible \u00e0 tous!<\/p>\n<p>Avantages offerts aux partenaires:<\/p>\n<ul>\n<li>Visibilit\u00e9 nationale sur les canaux num\u00e9riques<\/li>\n<li>Reconnaissance m\u00e9diatique<\/li>\n<li>Mobilisation des jeunes et de la base<\/li>\n<li>Possibilit\u00e9 de s\u2019engager avec un sport accessible et inclusif<\/li>\n<\/ul>\n<p>Si vous souhaitez appuyer les programmes de base \u00e0 travers le Canada, devenez un commanditaire de la SBFR <a href=\"https:\/\/wheelchairbasketballca.kindful.com\/\"><strong>ICI<\/strong><\/a>.<\/p>\n<p>Ed Byers<br \/>\n<a href=\"ma&#105;&#108;&#116;&#x6f;&#x3a;&#x65;&#x62;&#x79;er&#115;&#64;&#119;&#x68;&#x65;&#x65;&#x6c;&#x63;ha&#105;&#114;&#98;&#x61;&#x73;&#x6b;&#x65;&#x74;ba&#108;&#108;&#46;&#x63;&#x61;\">&#x65;&#x62;&#121;&#101;&#114;s&#x40;&#x77;&#x68;&#101;&#101;lc&#x68;&#x61;&#x69;&#114;&#98;a&#x73;&#x6b;&#x65;&#116;&#98;&#97;l&#x6c;&#x2e;&#x63;&#97;<\/a><br \/>\nResponsable des partenaires\/sponsors<\/p>\n","protected":false},"excerpt":{"rendered":"22-28 septembre La Semaine du basketball en fauteuil roulant (SBFR) est une initiative nationale, vou\u00e9e \u00e0 la c\u00e9l\u00e9bration et \u00e0 la croissance du sport du basketball en fauteuil roulant, \u00e0 travers le pays. Par l\u2019interm\u00e9diaire d\u2019\u00e9v\u00e9nements locaux et de programmes inclusifs, la SBFR vise \u00e0 sensibiliser le public au sport et \u00e0 susciter la participation [&hellip;]","protected":false},"author":23,"featured_media":24834,"parent":0,"menu_order":0,"comment_status":"closed","ping_status":"closed","template":"","meta":{"om_disable_all_campaigns":false,"_monsterinsights_skip_tracking":false,"_monsterinsights_sitenote_active":false,"_monsterinsights_sitenote_note":"","_monsterinsights_sitenote_category":0,"footnotes":""},"acf":[],"yoast_head":"<!-- This site is optimized with the Yoast SEO plugin v21.9.1 - https:\/\/yoast.com\/wordpress\/plugins\/seo\/ -->\n<title>Semaine du basketball en fauteuil roulant 2025 - Wheelchair Basketball Canada<\/title>\n<meta name=\"robots\" content=\"index, follow, max-snippet:-1, max-image-preview:large, max-video-preview:-1\" \/>\n<link rel=\"canonical\" href=\"https:\/\/www.wheelchairbasketball.ca\/fr\/semaine-du-basketball-en-fauteuil-roulant-2025\/\" \/>\n<meta property=\"og:locale\" content=\"fr_FR\" \/>\n<meta property=\"og:type\" content=\"article\" \/>\n<meta property=\"og:title\" content=\"Semaine du basketball en fauteuil roulant 2025 - Wheelchair Basketball Canada\" \/>\n<meta property=\"og:description\" content=\"22-28 septembre La Semaine du basketball en fauteuil roulant (SBFR) est une initiative nationale, vou\u00e9e \u00e0 la c\u00e9l\u00e9bration et \u00e0 la croissance du sport du basketball en fauteuil roulant, \u00e0 travers le pays. Par l\u2019interm\u00e9diaire d\u2019\u00e9v\u00e9nements locaux et de programmes inclusifs, la SBFR vise \u00e0 sensibiliser le public au sport et \u00e0 susciter la participation [&hellip;]\" \/>\n<meta property=\"og:url\" content=\"https:\/\/www.wheelchairbasketball.ca\/fr\/semaine-du-basketball-en-fauteuil-roulant-2025\/\" \/>\n<meta property=\"og:site_name\" content=\"Wheelchair Basketball Canada\" \/>\n<meta property=\"article:publisher\" content=\"http:\/\/www.facebook.com\/wheelchairbasketball\" \/>\n<meta property=\"article:modified_time\" content=\"2025-08-19T17:46:55+00:00\" \/>\n<meta property=\"og:image\" content=\"https:\/\/www.wheelchairbasketball.ca\/wp-content\/uploads\/2025\/08\/Untitled-design-copy.jpg\" \/>\n\t<meta property=\"og:image:width\" content=\"1366\" \/>\n\t<meta property=\"og:image:height\" content=\"768\" \/>\n\t<meta property=\"og:image:type\" content=\"image\/jpeg\" \/>\n<meta name=\"twitter:card\" content=\"summary_large_image\" \/>\n<meta name=\"twitter:site\" content=\"@WCBballCanada\" \/>\n<meta name=\"twitter:label1\" content=\"Dur\u00e9e de lecture estim\u00e9e\" \/>\n\t<meta name=\"twitter:data1\" content=\"3 minutes\" \/>\n<script type=\"application\/ld+json\" class=\"yoast-schema-graph\">{\"@context\":\"https:\/\/schema.org\",\"@graph\":[{\"@type\":\"WebPage\",\"@id\":\"https:\/\/www.wheelchairbasketball.ca\/fr\/semaine-du-basketball-en-fauteuil-roulant-2025\/\",\"url\":\"https:\/\/www.wheelchairbasketball.ca\/fr\/semaine-du-basketball-en-fauteuil-roulant-2025\/\",\"name\":\"Semaine du basketball en fauteuil roulant 2025 - Wheelchair Basketball Canada\",\"isPartOf\":{\"@id\":\"https:\/\/www.wheelchairbasketball.ca\/#website\"},\"datePublished\":\"2025-07-14T18:24:14+00:00\",\"dateModified\":\"2025-08-19T17:46:55+00:00\",\"breadcrumb\":{\"@id\":\"https:\/\/www.wheelchairbasketball.ca\/fr\/semaine-du-basketball-en-fauteuil-roulant-2025\/#breadcrumb\"},\"inLanguage\":\"fr-FR\",\"potentialAction\":[{\"@type\":\"ReadAction\",\"target\":[\"https:\/\/www.wheelchairbasketball.ca\/fr\/semaine-du-basketball-en-fauteuil-roulant-2025\/\"]}]},{\"@type\":\"BreadcrumbList\",\"@id\":\"https:\/\/www.wheelchairbasketball.ca\/fr\/semaine-du-basketball-en-fauteuil-roulant-2025\/#breadcrumb\",\"itemListElement\":[{\"@type\":\"ListItem\",\"position\":1,\"name\":\"Home\",\"item\":\"https:\/\/www.wheelchairbasketball.ca\/fr\/\"},{\"@type\":\"ListItem\",\"position\":2,\"name\":\"Semaine du basketball en fauteuil roulant 2025\"}]},{\"@type\":\"WebSite\",\"@id\":\"https:\/\/www.wheelchairbasketball.ca\/#website\",\"url\":\"https:\/\/www.wheelchairbasketball.ca\/\",\"name\":\"Wheelchair Basketball Canada\",\"description\":\"Real Life. Real Sport.\",\"potentialAction\":[{\"@type\":\"SearchAction\",\"target\":{\"@type\":\"EntryPoint\",\"urlTemplate\":\"https:\/\/www.wheelchairbasketball.ca\/?s={search_term_string}\"},\"query-input\":\"required name=search_term_string\"}],\"inLanguage\":\"fr-FR\"}]}<\/script>\n<!-- \/ Yoast SEO plugin. -->","yoast_head_json":{"title":"Semaine du basketball en fauteuil roulant 2025 - Wheelchair Basketball Canada","robots":{"index":"index","follow":"follow","max-snippet":"max-snippet:-1","max-image-preview":"max-image-preview:large","max-video-preview":"max-video-preview:-1"},"canonical":"https:\/\/www.wheelchairbasketball.ca\/fr\/semaine-du-basketball-en-fauteuil-roulant-2025\/","og_locale":"fr_FR","og_type":"article","og_title":"Semaine du basketball en fauteuil roulant 2025 - Wheelchair Basketball Canada","og_description":"22-28 septembre La Semaine du basketball en fauteuil roulant (SBFR) est une initiative nationale, vou\u00e9e \u00e0 la c\u00e9l\u00e9bration et \u00e0 la croissance du sport du basketball en fauteuil roulant, \u00e0 travers le pays. Par l\u2019interm\u00e9diaire d\u2019\u00e9v\u00e9nements locaux et de programmes inclusifs, la SBFR vise \u00e0 sensibiliser le public au sport et \u00e0 susciter la participation [&hellip;]","og_url":"https:\/\/www.wheelchairbasketball.ca\/fr\/semaine-du-basketball-en-fauteuil-roulant-2025\/","og_site_name":"Wheelchair Basketball Canada","article_publisher":"http:\/\/www.facebook.com\/wheelchairbasketball","article_modified_time":"2025-08-19T17:46:55+00:00","og_image":[{"width":1366,"height":768,"url":"https:\/\/www.wheelchairbasketball.ca\/wp-content\/uploads\/2025\/08\/Untitled-design-copy.jpg","type":"image\/jpeg"}],"twitter_card":"summary_large_image","twitter_site":"@WCBballCanada","twitter_misc":{"Dur\u00e9e de lecture estim\u00e9e":"3 minutes"},"schema":{"@context":"https:\/\/schema.org","@graph":[{"@type":"WebPage","@id":"https:\/\/www.wheelchairbasketball.ca\/fr\/semaine-du-basketball-en-fauteuil-roulant-2025\/","url":"https:\/\/www.wheelchairbasketball.ca\/fr\/semaine-du-basketball-en-fauteuil-roulant-2025\/","name":"Semaine du basketball en fauteuil roulant 2025 - Wheelchair Basketball Canada","isPartOf":{"@id":"https:\/\/www.wheelchairbasketball.ca\/#website"},"datePublished":"2025-07-14T18:24:14+00:00","dateModified":"2025-08-19T17:46:55+00:00","breadcrumb":{"@id":"https:\/\/www.wheelchairbasketball.ca\/fr\/semaine-du-basketball-en-fauteuil-roulant-2025\/#breadcrumb"},"inLanguage":"fr-FR","potentialAction":[{"@type":"ReadAction","target":["https:\/\/www.wheelchairbasketball.ca\/fr\/semaine-du-basketball-en-fauteuil-roulant-2025\/"]}]},{"@type":"BreadcrumbList","@id":"https:\/\/www.wheelchairbasketball.ca\/fr\/semaine-du-basketball-en-fauteuil-roulant-2025\/#breadcrumb","itemListElement":[{"@type":"ListItem","position":1,"name":"Home","item":"https:\/\/www.wheelchairbasketball.ca\/fr\/"},{"@type":"ListItem","position":2,"name":"Semaine du basketball en fauteuil roulant 2025"}]},{"@type":"WebSite","@id":"https:\/\/www.wheelchairbasketball.ca\/#website","url":"https:\/\/www.wheelchairbasketball.ca\/","name":"Wheelchair Basketball Canada","description":"Real Life. Real Sport.","potentialAction":[{"@type":"SearchAction","target":{"@type":"EntryPoint","urlTemplate":"https:\/\/www.wheelchairbasketball.ca\/?s={search_term_string}"},"query-input":"required name=search_term_string"}],"inLanguage":"fr-FR"}]}},"_links":{"self":[{"href":"https:\/\/www.wheelchairbasketball.ca\/fr\/wp-json\/wp\/v2\/pages\/24556"}],"collection":[{"href":"https:\/\/www.wheelchairbasketball.ca\/fr\/wp-json\/wp\/v2\/pages"}],"about":[{"href":"https:\/\/www.wheelchairbasketball.ca\/fr\/wp-json\/wp\/v2\/types\/page"}],"author":[{"embeddable":true,"href":"https:\/\/www.wheelchairbasketball.ca\/fr\/wp-json\/wp\/v2\/users\/23"}],"replies":[{"embeddable":true,"href":"https:\/\/www.wheelchairbasketball.ca\/fr\/wp-json\/wp\/v2\/comments?post=24556"}],"version-history":[{"count":10,"href":"https:\/\/www.wheelchairbasketball.ca\/fr\/wp-json\/wp\/v2\/pages\/24556\/revisions"}],"predecessor-version":[{"id":25006,"href":"https:\/\/www.wheelchairbasketball.ca\/fr\/wp-json\/wp\/v2\/pages\/24556\/revisions\/25006"}],"wp:featuredmedia":[{"embeddable":true,"href":"https:\/\/www.wheelchairbasketball.ca\/fr\/wp-json\/wp\/v2\/media\/24834"}],"wp:attachment":[{"href":"https:\/\/www.wheelchairbasketball.ca\/fr\/wp-json\/wp\/v2\/media?parent=24556"}],"curies":[{"name":"wp","href":"https:\/\/api.w.org\/{rel}","templated":true}]}}