		  		  		  		  		  		  		  		  		  		  		  {"id":2579,"date":"2015-05-13T15:59:26","date_gmt":"2015-05-13T15:59:26","guid":{"rendered":"https:\/\/www.wheelchairbasketball.ca\/?page_id=2579"},"modified":"2020-10-01T15:11:10","modified_gmt":"2020-10-01T15:11:10","slug":"formation-de-lequipe","status":"publish","type":"page","link":"https:\/\/www.wheelchairbasketball.ca\/fr\/equipe-canada\/equipe-nationale-feminine-des-moins-de-25-ans\/formation-de-lequipe\/","title":{"rendered":"Formation de l&rsquo;\u00e9quipe"},"content":{"rendered":"<h2>\u00c9quipe nationale f\u00e9minine des moins de 25 ans 2015<\/h2>\n<p>L\u2019\u00e9quipe nationale f\u00e9minine des moins de 25 ans vise le d\u00e9veloppement des meilleures jeunes athl\u00e8tes f\u00e9minines canadiennes en vue des championnats du monde f\u00e9minins des moins de 25 ans de l\u2019I.W.B.F., qui ont lieu tous les quatre ans. Les joueuses doivent \u00eatre \u00e2g\u00e9es de 25 ans ou moins pour \u00eatre admissibles \u00e0 concourir.<\/p>\n<ul>\n<li><a href=\"https:\/\/www.wheelchairbasketball.ca\/wp-content\/uploads\/2015\/04\/JWNT-Past-Rosters-2011-20151.pdf\">Anciennes formations de l&rsquo;\u00e9quipe<\/a><\/li>\n<\/ul>\n\n\t\t<ul class=\"roster_list\">\n\t\t  <li class=\"column-group list_header hide-medium hide-small hide-tiny\">\n\t\t\t  <div class=\"all-10 large-20 medium-33 small-100 tiny-100\"><\/div>\n\t\t\t  <div class=\"all-90 large-80 medium-66 small-100 tiny-100\">\n\t\t\t\t  <div class=\"column-group\">\n\t\t\t\t  <div class=\"all-50 medium-100 small-100 tiny-100\">Nom<\/div>\n\t\t\t\t  <div class=\"all-20 medium-100 small-100 tiny-100\">Class<\/div>\n\t\t\t\t  <div class=\"all-30 medium-100 small-100 tiny-100\">Club<\/div>\n\t\t\t\t<\/div>\n\t\t\t  <\/div>\n\t\t  <\/li>\n\t\t\t  <li class=\"column-group\">\n\t\t\t\t  <div class=\"all-10 large-20 medium-33 small-100 tiny-100\"><img decoding=\"async\" src=\"https:\/\/www.wheelchairbasketball.ca\/wp-content\/uploads\/2023\/06\/20230417-AR-048-200x269-1.jpg\" \/><\/div>\n\t\t\t\t  <div class=\"all-90 large-80 medium-66 small-100 tiny-100\">\n\t\t\t\t\t  <div class=\"column-group\">\n\t\t\t\t\t  <div class=\"all-50 medium-100 small-100 tiny-100\"><strong>#4 <a href=\"https:\/\/www.wheelchairbasketball.ca\/fr\/players\/megan-smith\/\">Megan Smith<\/a><\/strong><br \/>10-05-2002<\/div>\n\t\t\t\t\t  <div class=\"all-20 medium-100 small-100 tiny-100\">2.0<\/div>\n\t\t\t\t\t  <div class=\"all-30 medium-100 small-100 tiny-100\">BC Grizzlies<\/div>\n\t\t\t\t\t<\/div>\n\t\t\t\t  <\/div>\n\t\t\t  <\/li>\n\t\t\t  \n\t\t\t  <li class=\"column-group\">\n\t\t\t\t  <div class=\"all-10 large-20 medium-33 small-100 tiny-100\"><img decoding=\"async\" src=\"https:\/\/www.wheelchairbasketball.ca\/wp-content\/uploads\/2024\/11\/Canada-5-Nyakundi-Mercy-U25_0330-1.jpg\" \/><\/div>\n\t\t\t\t  <div class=\"all-90 large-80 medium-66 small-100 tiny-100\">\n\t\t\t\t\t  <div class=\"column-group\">\n\t\t\t\t\t  <div class=\"all-50 medium-100 small-100 tiny-100\"><strong>#5 <a href=\"https:\/\/www.wheelchairbasketball.ca\/fr\/players\/mercy-nyakundi\/\">Mercy Nyakundi<\/a><\/strong><br \/>12-03-2005<\/div>\n\t\t\t\t\t  <div class=\"all-20 medium-100 small-100 tiny-100\">2.5<\/div>\n\t\t\t\t\t  <div class=\"all-30 medium-100 small-100 tiny-100\">University of Texas at Arlington<\/div>\n\t\t\t\t\t<\/div>\n\t\t\t\t  <\/div>\n\t\t\t  <\/li>\n\t\t\t  \n\t\t\t  <li class=\"column-group\">\n\t\t\t\t  <div class=\"all-10 large-20 medium-33 small-100 tiny-100\"><img decoding=\"async\" src=\"https:\/\/www.wheelchairbasketball.ca\/wp-content\/uploads\/2024\/11\/Canada-7-Bajema-Katie-U25_0351-1.jpg\" \/><\/div>\n\t\t\t\t  <div class=\"all-90 large-80 medium-66 small-100 tiny-100\">\n\t\t\t\t\t  <div class=\"column-group\">\n\t\t\t\t\t  <div class=\"all-50 medium-100 small-100 tiny-100\"><strong>#7 <a href=\"https:\/\/www.wheelchairbasketball.ca\/fr\/players\/katie-bajema\/\">Katie Bajema<\/a><\/strong><br \/>06-07-2001<\/div>\n\t\t\t\t\t  <div class=\"all-20 medium-100 small-100 tiny-100\">1.0<\/div>\n\t\t\t\t\t  <div class=\"all-30 medium-100 small-100 tiny-100\">Edmonton Inferno<\/div>\n\t\t\t\t\t<\/div>\n\t\t\t\t  <\/div>\n\t\t\t  <\/li>\n\t\t\t  \n\t\t\t  <li class=\"column-group\">\n\t\t\t\t  <div class=\"all-10 large-20 medium-33 small-100 tiny-100\"><img decoding=\"async\" src=\"https:\/\/www.wheelchairbasketball.ca\/wp-content\/uploads\/2024\/11\/Canada-8-Manning-Maggie-U25_0332-1.jpg\" \/><\/div>\n\t\t\t\t  <div class=\"all-90 large-80 medium-66 small-100 tiny-100\">\n\t\t\t\t\t  <div class=\"column-group\">\n\t\t\t\t\t  <div class=\"all-50 medium-100 small-100 tiny-100\"><strong>#8 <a href=\"https:\/\/www.wheelchairbasketball.ca\/fr\/players\/maggie-manning\/\">Maggie Manning<\/a><\/strong><br \/>24-02-2003<\/div>\n\t\t\t\t\t  <div class=\"all-20 medium-100 small-100 tiny-100\">2.0<\/div>\n\t\t\t\t\t  <div class=\"all-30 medium-100 small-100 tiny-100\">BC Breakers<\/div>\n\t\t\t\t\t<\/div>\n\t\t\t\t  <\/div>\n\t\t\t  <\/li>\n\t\t\t  \n\t\t\t  <li class=\"column-group\">\n\t\t\t\t  <div class=\"all-10 large-20 medium-33 small-100 tiny-100\"><img decoding=\"async\" src=\"https:\/\/www.wheelchairbasketball.ca\/wp-content\/uploads\/2024\/11\/Canada-9-Brook-Lily-U25_0324-1.jpg\" \/><\/div>\n\t\t\t\t  <div class=\"all-90 large-80 medium-66 small-100 tiny-100\">\n\t\t\t\t\t  <div class=\"column-group\">\n\t\t\t\t\t  <div class=\"all-50 medium-100 small-100 tiny-100\"><strong>#9 <a href=\"https:\/\/www.wheelchairbasketball.ca\/fr\/players\/lily-brook\/\">Lily Brook<\/a><\/strong><br \/>09-01-2005<\/div>\n\t\t\t\t\t  <div class=\"all-20 medium-100 small-100 tiny-100\">4.5<\/div>\n\t\t\t\t\t  <div class=\"all-30 medium-100 small-100 tiny-100\">BC Orcas<\/div>\n\t\t\t\t\t<\/div>\n\t\t\t\t  <\/div>\n\t\t\t  <\/li>\n\t\t\t  \n\t\t\t  <li class=\"column-group\">\n\t\t\t\t  <div class=\"all-10 large-20 medium-33 small-100 tiny-100\"><img decoding=\"async\" src=\"https:\/\/www.wheelchairbasketball.ca\/wp-content\/uploads\/2018\/07\/20230417-AR-389-200x269-1.jpg\" \/><\/div>\n\t\t\t\t  <div class=\"all-90 large-80 medium-66 small-100 tiny-100\">\n\t\t\t\t\t  <div class=\"column-group\">\n\t\t\t\t\t  <div class=\"all-50 medium-100 small-100 tiny-100\"><strong>#10 <a href=\"https:\/\/www.wheelchairbasketball.ca\/fr\/players\/puisand-lai\/\">Puisand Lai<\/a><\/strong><br \/>29-07-2000<\/div>\n\t\t\t\t\t  <div class=\"all-20 medium-100 small-100 tiny-100\">1,0<\/div>\n\t\t\t\t\t  <div class=\"all-30 medium-100 small-100 tiny-100\"><\/div>\n\t\t\t\t\t<\/div>\n\t\t\t\t  <\/div>\n\t\t\t  <\/li>\n\t\t\t  \n\t\t\t  <li class=\"column-group\">\n\t\t\t\t  <div class=\"all-10 large-20 medium-33 small-100 tiny-100\"><img decoding=\"async\" src=\"https:\/\/www.wheelchairbasketball.ca\/wp-content\/uploads\/2024\/11\/Canada-11-Mcelroy-Charlotte-U25_0356-1.jpg\" \/><\/div>\n\t\t\t\t  <div class=\"all-90 large-80 medium-66 small-100 tiny-100\">\n\t\t\t\t\t  <div class=\"column-group\">\n\t\t\t\t\t  <div class=\"all-50 medium-100 small-100 tiny-100\"><strong>#11 <a href=\"https:\/\/www.wheelchairbasketball.ca\/fr\/players\/charlotte-mcelroy\/\">Charlotte McElroy<\/a><\/strong><br \/>26-09-2008<\/div>\n\t\t\t\t\t  <div class=\"all-20 medium-100 small-100 tiny-100\">2.5<\/div>\n\t\t\t\t\t  <div class=\"all-30 medium-100 small-100 tiny-100\">Burlington Vipers<\/div>\n\t\t\t\t\t<\/div>\n\t\t\t\t  <\/div>\n\t\t\t  <\/li>\n\t\t\t  \n\t\t\t  <li class=\"column-group\">\n\t\t\t\t  <div class=\"all-10 large-20 medium-33 small-100 tiny-100\"><img decoding=\"async\" src=\"https:\/\/www.wheelchairbasketball.ca\/wp-content\/uploads\/2023\/12\/20240325-016TA-200x269-1-scaled.jpg\" \/><\/div>\n\t\t\t\t  <div class=\"all-90 large-80 medium-66 small-100 tiny-100\">\n\t\t\t\t\t  <div class=\"column-group\">\n\t\t\t\t\t  <div class=\"all-50 medium-100 small-100 tiny-100\"><strong>#12 <a href=\"https:\/\/www.wheelchairbasketball.ca\/fr\/players\/desiree-isaac-pictou\/\">Desiree Isaac-Pictou<\/a><\/strong><br \/>10-12-1999<\/div>\n\t\t\t\t\t  <div class=\"all-20 medium-100 small-100 tiny-100\">4.0<\/div>\n\t\t\t\t\t  <div class=\"all-30 medium-100 small-100 tiny-100\">Nouveau-Brunswick<\/div>\n\t\t\t\t\t<\/div>\n\t\t\t\t  <\/div>\n\t\t\t  <\/li>\n\t\t\t  \n\t\t\t  <li class=\"column-group\">\n\t\t\t\t  <div class=\"all-10 large-20 medium-33 small-100 tiny-100\"><img decoding=\"async\" src=\"https:\/\/www.wheelchairbasketball.ca\/wp-content\/uploads\/2024\/11\/Canada-13-Froese-Elise-U25_0349-1.jpg\" \/><\/div>\n\t\t\t\t  <div class=\"all-90 large-80 medium-66 small-100 tiny-100\">\n\t\t\t\t\t  <div class=\"column-group\">\n\t\t\t\t\t  <div class=\"all-50 medium-100 small-100 tiny-100\"><strong>#13 <a href=\"https:\/\/www.wheelchairbasketball.ca\/fr\/players\/elise-froese\/\">Elise Froese<\/a><\/strong><br \/>19-07-2006<\/div>\n\t\t\t\t\t  <div class=\"all-20 medium-100 small-100 tiny-100\">4.5<\/div>\n\t\t\t\t\t  <div class=\"all-30 medium-100 small-100 tiny-100\">University of Arizona<\/div>\n\t\t\t\t\t<\/div>\n\t\t\t\t  <\/div>\n\t\t\t  <\/li>\n\t\t\t  \n\t\t\t  <li class=\"column-group\">\n\t\t\t\t  <div class=\"all-10 large-20 medium-33 small-100 tiny-100\"><img decoding=\"async\" src=\"https:\/\/www.wheelchairbasketball.ca\/wp-content\/uploads\/2024\/11\/Canada-6-Mckinnon-Kayla-U25_0343-1.jpg\" \/><\/div>\n\t\t\t\t  <div class=\"all-90 large-80 medium-66 small-100 tiny-100\">\n\t\t\t\t\t  <div class=\"column-group\">\n\t\t\t\t\t  <div class=\"all-50 medium-100 small-100 tiny-100\"><strong>#14 <a href=\"https:\/\/www.wheelchairbasketball.ca\/fr\/players\/kayla-mackinnon\/\">Kayla MacKinnon<\/a><\/strong><br \/>14-09-2003<\/div>\n\t\t\t\t\t  <div class=\"all-20 medium-100 small-100 tiny-100\">1.5<\/div>\n\t\t\t\t\t  <div class=\"all-30 medium-100 small-100 tiny-100\">Halifax Wheelchair Basketball Club<\/div>\n\t\t\t\t\t<\/div>\n\t\t\t\t  <\/div>\n\t\t\t  <\/li>\n\t\t\t  \n\t\t\t  <li class=\"column-group\">\n\t\t\t\t  <div class=\"all-10 large-20 medium-33 small-100 tiny-100\"><img decoding=\"async\" src=\"https:\/\/www.wheelchairbasketball.ca\/wp-content\/uploads\/2023\/12\/20240325-040TA-200x269-1.jpg\" \/><\/div>\n\t\t\t\t  <div class=\"all-90 large-80 medium-66 small-100 tiny-100\">\n\t\t\t\t\t  <div class=\"column-group\">\n\t\t\t\t\t  <div class=\"all-50 medium-100 small-100 tiny-100\"><strong>#15 <a href=\"https:\/\/www.wheelchairbasketball.ca\/fr\/players\/bethany-johnson\/\">Bethany Johnson<\/a><\/strong><br \/>29-11-2001<\/div>\n\t\t\t\t\t  <div class=\"all-20 medium-100 small-100 tiny-100\">4.0<\/div>\n\t\t\t\t\t  <div class=\"all-30 medium-100 small-100 tiny-100\">University of Illinois<\/div>\n\t\t\t\t\t<\/div>\n\t\t\t\t  <\/div>\n\t\t\t  <\/li>\n\t\t\t  \n\t\t  <h4>Entra\u00eeneurs et personnel<\/h4>\n\t\t  <li class=\"column-group\">\n\t\t\t  <div class=\"all-10 large-20 medium-33 small-100 tiny-100\"><img decoding=\"async\" src=\"https:\/\/www.wheelchairbasketball.ca\/wp-content\/uploads\/2023\/06\/20230417-AR-787-200x269-1.jpg\" \/><\/div>\n\t\t\t  <div class=\"all-90 large-80 medium-66 small-100 tiny-100\">\n\t\t\t\t  <div class=\"column-group\">\n\t\t\t\t  <div class=\"all-50 medium-100 small-100 tiny-100\"><a href=\"https:\/\/www.wheelchairbasketball.ca\/fr\/team_staff\/marni-abbott-peter\/\">Marni Abbott<\/a><br \/>\n\t\t\t\t\t<br \/>10-11-1965<\/div>\n\t\t\t\t  <div class=\"all-20 medium-100 small-100 tiny-100\">Entra\u00eeneur en chef<\/div>\n\t\t\t\t<\/div>\n\t\t\t  <\/div>\n\t\t  <\/li>\n\t      <li class=\"column-group\">\n            <div class=\"all-100\">\n              Dylan Carter (Toronto, Ont.) - Entra\u00eeneur adjoint\n            <\/div>\n          <\/li><\/ul>\n","protected":false},"excerpt":{"rendered":"\u00c9quipe nationale f\u00e9minine des moins de 25 ans 2015 L\u2019\u00e9quipe nationale f\u00e9minine des moins de 25 ans vise le d\u00e9veloppement des meilleures jeunes athl\u00e8tes f\u00e9minines canadiennes en vue des championnats du monde f\u00e9minins des moins de 25 ans de l\u2019I.W.B.F., qui ont lieu tous les quatre ans. Les joueuses doivent \u00eatre \u00e2g\u00e9es de 25 ans [&hellip;]","protected":false},"author":6,"featured_media":0,"parent":1530,"menu_order":0,"comment_status":"closed","ping_status":"closed","template":"page_roster.php","meta":{"om_disable_all_campaigns":false,"_monsterinsights_skip_tracking":false,"_monsterinsights_sitenote_active":false,"_monsterinsights_sitenote_note":"","_monsterinsights_sitenote_category":0,"footnotes":""},"acf":[],"yoast_head":"<!-- This site is optimized with the Yoast SEO plugin v21.9.1 - https:\/\/yoast.com\/wordpress\/plugins\/seo\/ -->\n<title>Formation de l&#039;\u00e9quipe - Wheelchair Basketball Canada<\/title>\n<meta name=\"robots\" content=\"index, follow, max-snippet:-1, max-image-preview:large, max-video-preview:-1\" \/>\n<link rel=\"canonical\" href=\"https:\/\/www.wheelchairbasketball.ca\/fr\/equipe-canada\/equipe-nationale-feminine-des-moins-de-25-ans\/formation-de-lequipe\/\" \/>\n<meta property=\"og:locale\" content=\"fr_FR\" \/>\n<meta property=\"og:type\" content=\"article\" \/>\n<meta property=\"og:title\" content=\"Formation de l&#039;\u00e9quipe - Wheelchair Basketball Canada\" \/>\n<meta property=\"og:description\" content=\"\u00c9quipe nationale f\u00e9minine des moins de 25 ans 2015 L\u2019\u00e9quipe nationale f\u00e9minine des moins de 25 ans vise le d\u00e9veloppement des meilleures jeunes athl\u00e8tes f\u00e9minines canadiennes en vue des championnats du monde f\u00e9minins des moins de 25 ans de l\u2019I.W.B.F., qui ont lieu tous les quatre ans. Les joueuses doivent \u00eatre \u00e2g\u00e9es de 25 ans [&hellip;]\" \/>\n<meta property=\"og:url\" content=\"https:\/\/www.wheelchairbasketball.ca\/fr\/equipe-canada\/equipe-nationale-feminine-des-moins-de-25-ans\/formation-de-lequipe\/\" \/>\n<meta property=\"og:site_name\" content=\"Wheelchair Basketball Canada\" \/>\n<meta property=\"article:publisher\" content=\"http:\/\/www.facebook.com\/wheelchairbasketball\" \/>\n<meta property=\"article:modified_time\" content=\"2020-10-01T15:11:10+00:00\" \/>\n<meta name=\"twitter:card\" content=\"summary_large_image\" \/>\n<meta name=\"twitter:site\" content=\"@WCBballCanada\" \/>\n<script type=\"application\/ld+json\" class=\"yoast-schema-graph\">{\"@context\":\"https:\/\/schema.org\",\"@graph\":[{\"@type\":\"WebPage\",\"@id\":\"https:\/\/www.wheelchairbasketball.ca\/fr\/equipe-canada\/equipe-nationale-feminine-des-moins-de-25-ans\/formation-de-lequipe\/\",\"url\":\"https:\/\/www.wheelchairbasketball.ca\/fr\/equipe-canada\/equipe-nationale-feminine-des-moins-de-25-ans\/formation-de-lequipe\/\",\"name\":\"Formation de l'\u00e9quipe - Wheelchair Basketball Canada\",\"isPartOf\":{\"@id\":\"https:\/\/www.wheelchairbasketball.ca\/#website\"},\"datePublished\":\"2015-05-13T15:59:26+00:00\",\"dateModified\":\"2020-10-01T15:11:10+00:00\",\"breadcrumb\":{\"@id\":\"https:\/\/www.wheelchairbasketball.ca\/fr\/equipe-canada\/equipe-nationale-feminine-des-moins-de-25-ans\/formation-de-lequipe\/#breadcrumb\"},\"inLanguage\":\"fr-FR\",\"potentialAction\":[{\"@type\":\"ReadAction\",\"target\":[\"https:\/\/www.wheelchairbasketball.ca\/fr\/equipe-canada\/equipe-nationale-feminine-des-moins-de-25-ans\/formation-de-lequipe\/\"]}]},{\"@type\":\"BreadcrumbList\",\"@id\":\"https:\/\/www.wheelchairbasketball.ca\/fr\/equipe-canada\/equipe-nationale-feminine-des-moins-de-25-ans\/formation-de-lequipe\/#breadcrumb\",\"itemListElement\":[{\"@type\":\"ListItem\",\"position\":1,\"name\":\"Home\",\"item\":\"https:\/\/www.wheelchairbasketball.ca\/fr\/\"},{\"@type\":\"ListItem\",\"position\":2,\"name\":\"\u00c9quipe Canada\",\"item\":\"https:\/\/www.wheelchairbasketball.ca\/fr\/equipe-canada\/\"},{\"@type\":\"ListItem\",\"position\":3,\"name\":\"\u00c9quipe nationale f\u00e9minine M25\",\"item\":\"https:\/\/www.wheelchairbasketball.ca\/fr\/equipe-canada\/equipe-nationale-feminine-des-moins-de-25-ans\/\"},{\"@type\":\"ListItem\",\"position\":4,\"name\":\"Formation de l&#8217;\u00e9quipe\"}]},{\"@type\":\"WebSite\",\"@id\":\"https:\/\/www.wheelchairbasketball.ca\/#website\",\"url\":\"https:\/\/www.wheelchairbasketball.ca\/\",\"name\":\"Wheelchair Basketball Canada\",\"description\":\"Real Life. Real Sport.\",\"potentialAction\":[{\"@type\":\"SearchAction\",\"target\":{\"@type\":\"EntryPoint\",\"urlTemplate\":\"https:\/\/www.wheelchairbasketball.ca\/?s={search_term_string}\"},\"query-input\":\"required name=search_term_string\"}],\"inLanguage\":\"fr-FR\"}]}<\/script>\n<!-- \/ Yoast SEO plugin. -->","yoast_head_json":{"title":"Formation de l'\u00e9quipe - Wheelchair Basketball Canada","robots":{"index":"index","follow":"follow","max-snippet":"max-snippet:-1","max-image-preview":"max-image-preview:large","max-video-preview":"max-video-preview:-1"},"canonical":"https:\/\/www.wheelchairbasketball.ca\/fr\/equipe-canada\/equipe-nationale-feminine-des-moins-de-25-ans\/formation-de-lequipe\/","og_locale":"fr_FR","og_type":"article","og_title":"Formation de l'\u00e9quipe - Wheelchair Basketball Canada","og_description":"\u00c9quipe nationale f\u00e9minine des moins de 25 ans 2015 L\u2019\u00e9quipe nationale f\u00e9minine des moins de 25 ans vise le d\u00e9veloppement des meilleures jeunes athl\u00e8tes f\u00e9minines canadiennes en vue des championnats du monde f\u00e9minins des moins de 25 ans de l\u2019I.W.B.F., qui ont lieu tous les quatre ans. Les joueuses doivent \u00eatre \u00e2g\u00e9es de 25 ans [&hellip;]","og_url":"https:\/\/www.wheelchairbasketball.ca\/fr\/equipe-canada\/equipe-nationale-feminine-des-moins-de-25-ans\/formation-de-lequipe\/","og_site_name":"Wheelchair Basketball Canada","article_publisher":"http:\/\/www.facebook.com\/wheelchairbasketball","article_modified_time":"2020-10-01T15:11:10+00:00","twitter_card":"summary_large_image","twitter_site":"@WCBballCanada","schema":{"@context":"https:\/\/schema.org","@graph":[{"@type":"WebPage","@id":"https:\/\/www.wheelchairbasketball.ca\/fr\/equipe-canada\/equipe-nationale-feminine-des-moins-de-25-ans\/formation-de-lequipe\/","url":"https:\/\/www.wheelchairbasketball.ca\/fr\/equipe-canada\/equipe-nationale-feminine-des-moins-de-25-ans\/formation-de-lequipe\/","name":"Formation de l'\u00e9quipe - Wheelchair Basketball Canada","isPartOf":{"@id":"https:\/\/www.wheelchairbasketball.ca\/#website"},"datePublished":"2015-05-13T15:59:26+00:00","dateModified":"2020-10-01T15:11:10+00:00","breadcrumb":{"@id":"https:\/\/www.wheelchairbasketball.ca\/fr\/equipe-canada\/equipe-nationale-feminine-des-moins-de-25-ans\/formation-de-lequipe\/#breadcrumb"},"inLanguage":"fr-FR","potentialAction":[{"@type":"ReadAction","target":["https:\/\/www.wheelchairbasketball.ca\/fr\/equipe-canada\/equipe-nationale-feminine-des-moins-de-25-ans\/formation-de-lequipe\/"]}]},{"@type":"BreadcrumbList","@id":"https:\/\/www.wheelchairbasketball.ca\/fr\/equipe-canada\/equipe-nationale-feminine-des-moins-de-25-ans\/formation-de-lequipe\/#breadcrumb","itemListElement":[{"@type":"ListItem","position":1,"name":"Home","item":"https:\/\/www.wheelchairbasketball.ca\/fr\/"},{"@type":"ListItem","position":2,"name":"\u00c9quipe Canada","item":"https:\/\/www.wheelchairbasketball.ca\/fr\/equipe-canada\/"},{"@type":"ListItem","position":3,"name":"\u00c9quipe nationale f\u00e9minine M25","item":"https:\/\/www.wheelchairbasketball.ca\/fr\/equipe-canada\/equipe-nationale-feminine-des-moins-de-25-ans\/"},{"@type":"ListItem","position":4,"name":"Formation de l&#8217;\u00e9quipe"}]},{"@type":"WebSite","@id":"https:\/\/www.wheelchairbasketball.ca\/#website","url":"https:\/\/www.wheelchairbasketball.ca\/","name":"Wheelchair Basketball Canada","description":"Real Life. Real Sport.","potentialAction":[{"@type":"SearchAction","target":{"@type":"EntryPoint","urlTemplate":"https:\/\/www.wheelchairbasketball.ca\/?s={search_term_string}"},"query-input":"required name=search_term_string"}],"inLanguage":"fr-FR"}]}},"_links":{"self":[{"href":"https:\/\/www.wheelchairbasketball.ca\/fr\/wp-json\/wp\/v2\/pages\/2579"}],"collection":[{"href":"https:\/\/www.wheelchairbasketball.ca\/fr\/wp-json\/wp\/v2\/pages"}],"about":[{"href":"https:\/\/www.wheelchairbasketball.ca\/fr\/wp-json\/wp\/v2\/types\/page"}],"author":[{"embeddable":true,"href":"https:\/\/www.wheelchairbasketball.ca\/fr\/wp-json\/wp\/v2\/users\/6"}],"replies":[{"embeddable":true,"href":"https:\/\/www.wheelchairbasketball.ca\/fr\/wp-json\/wp\/v2\/comments?post=2579"}],"version-history":[{"count":9,"href":"https:\/\/www.wheelchairbasketball.ca\/fr\/wp-json\/wp\/v2\/pages\/2579\/revisions"}],"predecessor-version":[{"id":14662,"href":"https:\/\/www.wheelchairbasketball.ca\/fr\/wp-json\/wp\/v2\/pages\/2579\/revisions\/14662"}],"up":[{"embeddable":true,"href":"https:\/\/www.wheelchairbasketball.ca\/fr\/wp-json\/wp\/v2\/pages\/1530"}],"wp:attachment":[{"href":"https:\/\/www.wheelchairbasketball.ca\/fr\/wp-json\/wp\/v2\/media?parent=2579"}],"curies":[{"name":"wp","href":"https:\/\/api.w.org\/{rel}","templated":true}]}}