		  		  		  		  		  		  		  		  		  		  		  		  {"id":2649,"date":"2015-05-14T18:39:00","date_gmt":"2015-05-14T18:39:00","guid":{"rendered":"https:\/\/www.wheelchairbasketball.ca\/?page_id=2649"},"modified":"2025-06-13T00:14:30","modified_gmt":"2025-06-13T00:14:30","slug":"formation-de-lequipe","status":"publish","type":"page","link":"https:\/\/www.wheelchairbasketball.ca\/fr\/equipe-canada\/equipe-nationale-masculine-des-moins-de-23-ans\/formation-de-lequipe\/","title":{"rendered":"Formation de l\u2019\u00e9quipe"},"content":{"rendered":"<h2>\u00c9quipe nationale masculine des moins de 23 ans 2025<\/h2>\n<p>L\u2019\u00e9quipe canadienne\u00a0nationale\u00a0masculine des moins de 23 ans de basketball en fauteuil roulant se compose des meilleurs athl\u00e8tes masculins \u00e2g\u00e9s de moins de 23 ans, provenant de diverses r\u00e9gions du pays. L\u2019\u00e9quipe est form\u00e9e dans le but ultime de concourir au Championnat du monde masculin des moins de 23 ans, tenu tous les quatre ans, et de le remporter.<\/p>\n<ul>\n<li><a href=\"https:\/\/www.wheelchairbasketball.ca\/wp-content\/uploads\/2015\/03\/JMNT-Past-Rosters-1997-2017.pdf\">Anciennes formations de l&rsquo;\u00e9quipe<\/a><\/li>\n<\/ul>\n\n\t\t<ul class=\"roster_list\">\n\t\t  <li class=\"column-group list_header hide-medium hide-small hide-tiny\">\n\t\t\t  <div class=\"all-10 large-20 medium-33 small-100 tiny-100\"><\/div>\n\t\t\t  <div class=\"all-90 large-80 medium-66 small-100 tiny-100\">\n\t\t\t\t  <div class=\"column-group\">\n\t\t\t\t  <div class=\"all-50 medium-100 small-100 tiny-100\">Nom<\/div>\n\t\t\t\t  <div class=\"all-20 medium-100 small-100 tiny-100\">Class<\/div>\n\t\t\t\t  <div class=\"all-30 medium-100 small-100 tiny-100\">Club<\/div>\n\t\t\t\t<\/div>\n\t\t\t  <\/div>\n\t\t  <\/li>\n\t\t\t  <li class=\"column-group\">\n\t\t\t\t  <div class=\"all-10 large-20 medium-33 small-100 tiny-100\"><img decoding=\"async\" src=\"https:\/\/www.wheelchairbasketball.ca\/wp-content\/uploads\/2025\/06\/Thai_Milton-200x269-2.png\" \/><\/div>\n\t\t\t\t  <div class=\"all-90 large-80 medium-66 small-100 tiny-100\">\n\t\t\t\t\t  <div class=\"column-group\">\n\t\t\t\t\t  <div class=\"all-50 medium-100 small-100 tiny-100\"><strong>#4 <a href=\"https:\/\/www.wheelchairbasketball.ca\/fr\/players\/thai-milton\/\">Thai Milton<\/a><\/strong><br \/>01-02-2025<\/div>\n\t\t\t\t\t  <div class=\"all-20 medium-100 small-100 tiny-100\">2.0<\/div>\n\t\t\t\t\t  <div class=\"all-30 medium-100 small-100 tiny-100\">Variety Village<\/div>\n\t\t\t\t\t<\/div>\n\t\t\t\t  <\/div>\n\t\t\t  <\/li>\n\t\t\t  \n\t\t\t  <li class=\"column-group\">\n\t\t\t\t  <div class=\"all-10 large-20 medium-33 small-100 tiny-100\"><img decoding=\"async\" src=\"https:\/\/www.wheelchairbasketball.ca\/wp-content\/uploads\/2025\/06\/Keaton-MacEachern-200x269-2.png\" \/><\/div>\n\t\t\t\t  <div class=\"all-90 large-80 medium-66 small-100 tiny-100\">\n\t\t\t\t\t  <div class=\"column-group\">\n\t\t\t\t\t  <div class=\"all-50 medium-100 small-100 tiny-100\"><strong>#5 <a href=\"https:\/\/www.wheelchairbasketball.ca\/fr\/players\/keaton-maceachern\/\">Keaton MacEachern<\/a><\/strong><br \/>22-10-2004<\/div>\n\t\t\t\t\t  <div class=\"all-20 medium-100 small-100 tiny-100\">1.0<\/div>\n\t\t\t\t\t  <div class=\"all-30 medium-100 small-100 tiny-100\">Fraser Valley Hawks<\/div>\n\t\t\t\t\t<\/div>\n\t\t\t\t  <\/div>\n\t\t\t  <\/li>\n\t\t\t  \n\t\t\t  <li class=\"column-group\">\n\t\t\t\t  <div class=\"all-10 large-20 medium-33 small-100 tiny-100\"><img decoding=\"async\" src=\"https:\/\/www.wheelchairbasketball.ca\/wp-content\/uploads\/2024\/11\/Jeffer_Ward-200x269-2.png\" \/><\/div>\n\t\t\t\t  <div class=\"all-90 large-80 medium-66 small-100 tiny-100\">\n\t\t\t\t\t  <div class=\"column-group\">\n\t\t\t\t\t  <div class=\"all-50 medium-100 small-100 tiny-100\"><strong>#6 <a href=\"https:\/\/www.wheelchairbasketball.ca\/fr\/players\/jeffer-ward\/\">Jeffer Ward<\/a><\/strong><br \/>10-06-2003<\/div>\n\t\t\t\t\t  <div class=\"all-20 medium-100 small-100 tiny-100\">3.0<\/div>\n\t\t\t\t\t  <div class=\"all-30 medium-100 small-100 tiny-100\">Vancouver Cable Cars\/Eastern Washington University<\/div>\n\t\t\t\t\t<\/div>\n\t\t\t\t  <\/div>\n\t\t\t  <\/li>\n\t\t\t  \n\t\t\t  <li class=\"column-group\">\n\t\t\t\t  <div class=\"all-10 large-20 medium-33 small-100 tiny-100\"><img decoding=\"async\" src=\"https:\/\/www.wheelchairbasketball.ca\/wp-content\/uploads\/2025\/06\/Broden_Nagle-200x269-1.png\" \/><\/div>\n\t\t\t\t  <div class=\"all-90 large-80 medium-66 small-100 tiny-100\">\n\t\t\t\t\t  <div class=\"column-group\">\n\t\t\t\t\t  <div class=\"all-50 medium-100 small-100 tiny-100\"><strong>#7 <a href=\"https:\/\/www.wheelchairbasketball.ca\/fr\/players\/broden-nagle\/\">Broden Nagle<\/a><\/strong><br \/>10-11-2005<\/div>\n\t\t\t\t\t  <div class=\"all-20 medium-100 small-100 tiny-100\">3.5<\/div>\n\t\t\t\t\t  <div class=\"all-30 medium-100 small-100 tiny-100\">Twin City Spinners\/University of Arizona Wildcats<\/div>\n\t\t\t\t\t<\/div>\n\t\t\t\t  <\/div>\n\t\t\t  <\/li>\n\t\t\t  \n\t\t\t  <li class=\"column-group\">\n\t\t\t\t  <div class=\"all-10 large-20 medium-33 small-100 tiny-100\"><img decoding=\"async\" src=\"https:\/\/www.wheelchairbasketball.ca\/wp-content\/uploads\/2025\/06\/Bernard_Rosello-200x269-1.png\" \/><\/div>\n\t\t\t\t  <div class=\"all-90 large-80 medium-66 small-100 tiny-100\">\n\t\t\t\t\t  <div class=\"column-group\">\n\t\t\t\t\t  <div class=\"all-50 medium-100 small-100 tiny-100\"><strong>#8 <a href=\"https:\/\/www.wheelchairbasketball.ca\/fr\/players\/bernard-rosello\/\">Bernard Rosello<\/a><\/strong><br \/>09-07-2005<\/div>\n\t\t\t\t\t  <div class=\"all-20 medium-100 small-100 tiny-100\">3.5<\/div>\n\t\t\t\t\t  <div class=\"all-30 medium-100 small-100 tiny-100\">Manitoba<\/div>\n\t\t\t\t\t<\/div>\n\t\t\t\t  <\/div>\n\t\t\t  <\/li>\n\t\t\t  \n\t\t\t  <li class=\"column-group\">\n\t\t\t\t  <div class=\"all-10 large-20 medium-33 small-100 tiny-100\"><img decoding=\"async\" src=\"https:\/\/www.wheelchairbasketball.ca\/wp-content\/uploads\/2025\/06\/Matthew_Wilton-200x269-1.png\" \/><\/div>\n\t\t\t\t  <div class=\"all-90 large-80 medium-66 small-100 tiny-100\">\n\t\t\t\t\t  <div class=\"column-group\">\n\t\t\t\t\t  <div class=\"all-50 medium-100 small-100 tiny-100\"><strong>#9 <a href=\"https:\/\/www.wheelchairbasketball.ca\/fr\/players\/matthew-wilton\/\">Matthew Wilton<\/a><\/strong><br \/>24-02-2003<\/div>\n\t\t\t\t\t  <div class=\"all-20 medium-100 small-100 tiny-100\">1.5<\/div>\n\t\t\t\t\t  <div class=\"all-30 medium-100 small-100 tiny-100\">Manitoba<\/div>\n\t\t\t\t\t<\/div>\n\t\t\t\t  <\/div>\n\t\t\t  <\/li>\n\t\t\t  \n\t\t\t  <li class=\"column-group\">\n\t\t\t\t  <div class=\"all-10 large-20 medium-33 small-100 tiny-100\"><img decoding=\"async\" src=\"https:\/\/www.wheelchairbasketball.ca\/wp-content\/uploads\/2025\/06\/Nasif_Choudhury-200x269-1.png\" \/><\/div>\n\t\t\t\t  <div class=\"all-90 large-80 medium-66 small-100 tiny-100\">\n\t\t\t\t\t  <div class=\"column-group\">\n\t\t\t\t\t  <div class=\"all-50 medium-100 small-100 tiny-100\"><strong>#10 <a href=\"https:\/\/www.wheelchairbasketball.ca\/fr\/players\/nasif-chowdhury\/\">Nasif Chowdhury<\/a><\/strong><br \/>02-03-2003<\/div>\n\t\t\t\t\t  <div class=\"all-20 medium-100 small-100 tiny-100\">4.0<\/div>\n\t\t\t\t\t  <div class=\"all-30 medium-100 small-100 tiny-100\">Twin City Spinners\/Auburn University Tigers<\/div>\n\t\t\t\t\t<\/div>\n\t\t\t\t  <\/div>\n\t\t\t  <\/li>\n\t\t\t  \n\t\t\t  <li class=\"column-group\">\n\t\t\t\t  <div class=\"all-10 large-20 medium-33 small-100 tiny-100\"><img decoding=\"async\" src=\"https:\/\/www.wheelchairbasketball.ca\/wp-content\/uploads\/2025\/06\/Brandon-Louie-200x269-1.png\" \/><\/div>\n\t\t\t\t  <div class=\"all-90 large-80 medium-66 small-100 tiny-100\">\n\t\t\t\t\t  <div class=\"column-group\">\n\t\t\t\t\t  <div class=\"all-50 medium-100 small-100 tiny-100\"><strong>#11 <a href=\"https:\/\/www.wheelchairbasketball.ca\/fr\/players\/brandon-louie\/\">Brandon Louie<\/a><\/strong><br \/>27-10-2004<\/div>\n\t\t\t\t\t  <div class=\"all-20 medium-100 small-100 tiny-100\">1.5<\/div>\n\t\t\t\t\t  <div class=\"all-30 medium-100 small-100 tiny-100\">University of Arizona Wildcats<\/div>\n\t\t\t\t\t<\/div>\n\t\t\t\t  <\/div>\n\t\t\t  <\/li>\n\t\t\t  \n\t\t\t  <li class=\"column-group\">\n\t\t\t\t  <div class=\"all-10 large-20 medium-33 small-100 tiny-100\"><img decoding=\"async\" src=\"https:\/\/www.wheelchairbasketball.ca\/wp-content\/uploads\/2025\/06\/Cameron_Gelowitz-200x269-1.png\" \/><\/div>\n\t\t\t\t  <div class=\"all-90 large-80 medium-66 small-100 tiny-100\">\n\t\t\t\t\t  <div class=\"column-group\">\n\t\t\t\t\t  <div class=\"all-50 medium-100 small-100 tiny-100\"><strong>#12 <a href=\"https:\/\/www.wheelchairbasketball.ca\/fr\/players\/cameron-gelowitz\/\">Cameron Gelowitz<\/a><\/strong><br \/>22-01-2003<\/div>\n\t\t\t\t\t  <div class=\"all-20 medium-100 small-100 tiny-100\">3.0<\/div>\n\t\t\t\t\t  <div class=\"all-30 medium-100 small-100 tiny-100\">Kamloops Bulldogs <\/div>\n\t\t\t\t\t<\/div>\n\t\t\t\t  <\/div>\n\t\t\t  <\/li>\n\t\t\t  \n\t\t\t  <li class=\"column-group\">\n\t\t\t\t  <div class=\"all-10 large-20 medium-33 small-100 tiny-100\"><img decoding=\"async\" src=\"https:\/\/www.wheelchairbasketball.ca\/wp-content\/uploads\/2025\/06\/Dylan-Cannan-200x269-3.png\" \/><\/div>\n\t\t\t\t  <div class=\"all-90 large-80 medium-66 small-100 tiny-100\">\n\t\t\t\t\t  <div class=\"column-group\">\n\t\t\t\t\t  <div class=\"all-50 medium-100 small-100 tiny-100\"><strong>#13 <a href=\"https:\/\/www.wheelchairbasketball.ca\/fr\/players\/dylan-cannan\/\">Dylan Cannan<\/a><\/strong><br \/>08-04-2004<\/div>\n\t\t\t\t\t  <div class=\"all-20 medium-100 small-100 tiny-100\">1.5<\/div>\n\t\t\t\t\t  <div class=\"all-30 medium-100 small-100 tiny-100\"><\/div>\n\t\t\t\t\t<\/div>\n\t\t\t\t  <\/div>\n\t\t\t  <\/li>\n\t\t\t  \n\t\t\t  <li class=\"column-group\">\n\t\t\t\t  <div class=\"all-10 large-20 medium-33 small-100 tiny-100\"><img decoding=\"async\" src=\"https:\/\/www.wheelchairbasketball.ca\/wp-content\/uploads\/2025\/06\/Simon_Mazi-Keep-200x269-2.png\" \/><\/div>\n\t\t\t\t  <div class=\"all-90 large-80 medium-66 small-100 tiny-100\">\n\t\t\t\t\t  <div class=\"column-group\">\n\t\t\t\t\t  <div class=\"all-50 medium-100 small-100 tiny-100\"><strong>#14 <a href=\"https:\/\/www.wheelchairbasketball.ca\/fr\/players\/simon-mazi-keep\/\">Simon Mazi-Keep<\/a><\/strong><br \/>22-05-2008<\/div>\n\t\t\t\t\t  <div class=\"all-20 medium-100 small-100 tiny-100\">3.0<\/div>\n\t\t\t\t\t  <div class=\"all-30 medium-100 small-100 tiny-100\">Twin City Spinners<\/div>\n\t\t\t\t\t<\/div>\n\t\t\t\t  <\/div>\n\t\t\t  <\/li>\n\t\t\t  \n\t\t\t  <li class=\"column-group\">\n\t\t\t\t  <div class=\"all-10 large-20 medium-33 small-100 tiny-100\"><img decoding=\"async\" src=\"https:\/\/www.wheelchairbasketball.ca\/wp-content\/uploads\/2025\/06\/Ibrahim_Odza-200x269-2.png\" \/><\/div>\n\t\t\t\t  <div class=\"all-90 large-80 medium-66 small-100 tiny-100\">\n\t\t\t\t\t  <div class=\"column-group\">\n\t\t\t\t\t  <div class=\"all-50 medium-100 small-100 tiny-100\"><strong>#15 <a href=\"https:\/\/www.wheelchairbasketball.ca\/fr\/players\/ibrahim-odza\/\">Ibrahim Odza<\/a><\/strong><br \/>12-07-2009<\/div>\n\t\t\t\t\t  <div class=\"all-20 medium-100 small-100 tiny-100\">2.5<\/div>\n\t\t\t\t\t  <div class=\"all-30 medium-100 small-100 tiny-100\">Variety Village<\/div>\n\t\t\t\t\t<\/div>\n\t\t\t\t  <\/div>\n\t\t\t  <\/li>\n\t\t\t  \n\t\t  <h4>Entra\u00eeneurs et personnel<\/h4>\n\t\t  <li class=\"column-group\">\n\t\t\t  <div class=\"all-10 large-20 medium-33 small-100 tiny-100\"><img decoding=\"async\" src=\"https:\/\/www.wheelchairbasketball.ca\/wp-content\/uploads\/2015\/03\/Darrell-Nordell-200x269-2.png\" \/><\/div>\n\t\t\t  <div class=\"all-90 large-80 medium-66 small-100 tiny-100\">\n\t\t\t\t  <div class=\"column-group\">\n\t\t\t\t  <div class=\"all-50 medium-100 small-100 tiny-100\"><a href=\"https:\/\/www.wheelchairbasketball.ca\/fr\/team_staff\/darrell-nordell-2\/\">Darrell Nordell<\/a><br \/>\n\t\t\t\t\tEdmonton, AB<br \/>22-08-1968<\/div>\n\t\t\t\t  <div class=\"all-20 medium-100 small-100 tiny-100\">Entra\u00eeneur en chef<\/div>\n\t\t\t\t<\/div>\n\t\t\t  <\/div>\n\t\t  <\/li>\n\t      <li class=\"column-group\">\n            <div class=\"all-100\">\n              Entra\u00eeneur adjoint<br \/>\r\nChristian LaSerra (Richelieu, Que.)<br \/>\r\n<br \/>\r\nPersonnel de soutien suppl\u00e9mentaire<br \/>\r\nPaul Murata (Toronto, Ont.) \u2013 Athletic Therapist<br \/>\r\nJesse McNalley (Toronto, Ont.) \u2013 Performance Analyst<br \/>\r\n\n            <\/div>\n          <\/li><\/ul>\n","protected":false},"excerpt":{"rendered":"\u00c9quipe nationale masculine des moins de 23 ans 2025 L\u2019\u00e9quipe canadienne\u00a0nationale\u00a0masculine des moins de 23 ans de basketball en fauteuil roulant se compose des meilleurs athl\u00e8tes masculins \u00e2g\u00e9s de moins de 23 ans, provenant de diverses r\u00e9gions du pays. L\u2019\u00e9quipe est form\u00e9e dans le but ultime de concourir au Championnat du monde masculin des moins [&hellip;]","protected":false},"author":4,"featured_media":24402,"parent":1528,"menu_order":0,"comment_status":"closed","ping_status":"closed","template":"","meta":{"om_disable_all_campaigns":false,"_monsterinsights_skip_tracking":false,"_monsterinsights_sitenote_active":false,"_monsterinsights_sitenote_note":"","_monsterinsights_sitenote_category":0,"footnotes":""},"acf":[],"yoast_head":"<!-- This site is optimized with the Yoast SEO plugin v21.9.1 - https:\/\/yoast.com\/wordpress\/plugins\/seo\/ -->\n<title>Formation de l\u2019\u00e9quipe - Wheelchair Basketball Canada<\/title>\n<meta name=\"robots\" content=\"index, follow, max-snippet:-1, max-image-preview:large, max-video-preview:-1\" \/>\n<link rel=\"canonical\" href=\"https:\/\/www.wheelchairbasketball.ca\/fr\/equipe-canada\/equipe-nationale-masculine-des-moins-de-23-ans\/formation-de-lequipe\/\" \/>\n<meta property=\"og:locale\" content=\"fr_FR\" \/>\n<meta property=\"og:type\" content=\"article\" \/>\n<meta property=\"og:title\" content=\"Formation de l\u2019\u00e9quipe - Wheelchair Basketball Canada\" \/>\n<meta property=\"og:description\" content=\"\u00c9quipe nationale masculine des moins de 23 ans 2025 L\u2019\u00e9quipe canadienne\u00a0nationale\u00a0masculine des moins de 23 ans de basketball en fauteuil roulant se compose des meilleurs athl\u00e8tes masculins \u00e2g\u00e9s de moins de 23 ans, provenant de diverses r\u00e9gions du pays. L\u2019\u00e9quipe est form\u00e9e dans le but ultime de concourir au Championnat du monde masculin des moins [&hellip;]\" \/>\n<meta property=\"og:url\" content=\"https:\/\/www.wheelchairbasketball.ca\/fr\/equipe-canada\/equipe-nationale-masculine-des-moins-de-23-ans\/formation-de-lequipe\/\" \/>\n<meta property=\"og:site_name\" content=\"Wheelchair Basketball Canada\" \/>\n<meta property=\"article:publisher\" content=\"http:\/\/www.facebook.com\/wheelchairbasketball\" \/>\n<meta property=\"article:modified_time\" content=\"2025-06-13T00:14:30+00:00\" \/>\n<meta property=\"og:image\" content=\"https:\/\/www.wheelchairbasketball.ca\/wp-content\/uploads\/2025\/06\/WhatsApp-Image-2025-04-05-at-18.03.11-1400x600-1.png\" \/>\n\t<meta property=\"og:image:width\" content=\"1400\" \/>\n\t<meta property=\"og:image:height\" content=\"600\" \/>\n\t<meta property=\"og:image:type\" content=\"image\/png\" \/>\n<meta name=\"twitter:card\" content=\"summary_large_image\" \/>\n<meta name=\"twitter:site\" content=\"@WCBballCanada\" \/>\n<meta name=\"twitter:label1\" content=\"Dur\u00e9e de lecture estim\u00e9e\" \/>\n\t<meta name=\"twitter:data1\" content=\"1 minute\" \/>\n<script type=\"application\/ld+json\" class=\"yoast-schema-graph\">{\"@context\":\"https:\/\/schema.org\",\"@graph\":[{\"@type\":\"WebPage\",\"@id\":\"https:\/\/www.wheelchairbasketball.ca\/fr\/equipe-canada\/equipe-nationale-masculine-des-moins-de-23-ans\/formation-de-lequipe\/\",\"url\":\"https:\/\/www.wheelchairbasketball.ca\/fr\/equipe-canada\/equipe-nationale-masculine-des-moins-de-23-ans\/formation-de-lequipe\/\",\"name\":\"Formation de l\u2019\u00e9quipe - Wheelchair Basketball Canada\",\"isPartOf\":{\"@id\":\"https:\/\/www.wheelchairbasketball.ca\/#website\"},\"datePublished\":\"2015-05-14T18:39:00+00:00\",\"dateModified\":\"2025-06-13T00:14:30+00:00\",\"breadcrumb\":{\"@id\":\"https:\/\/www.wheelchairbasketball.ca\/fr\/equipe-canada\/equipe-nationale-masculine-des-moins-de-23-ans\/formation-de-lequipe\/#breadcrumb\"},\"inLanguage\":\"fr-FR\",\"potentialAction\":[{\"@type\":\"ReadAction\",\"target\":[\"https:\/\/www.wheelchairbasketball.ca\/fr\/equipe-canada\/equipe-nationale-masculine-des-moins-de-23-ans\/formation-de-lequipe\/\"]}]},{\"@type\":\"BreadcrumbList\",\"@id\":\"https:\/\/www.wheelchairbasketball.ca\/fr\/equipe-canada\/equipe-nationale-masculine-des-moins-de-23-ans\/formation-de-lequipe\/#breadcrumb\",\"itemListElement\":[{\"@type\":\"ListItem\",\"position\":1,\"name\":\"Home\",\"item\":\"https:\/\/www.wheelchairbasketball.ca\/fr\/\"},{\"@type\":\"ListItem\",\"position\":2,\"name\":\"\u00c9quipe Canada\",\"item\":\"https:\/\/www.wheelchairbasketball.ca\/fr\/equipe-canada\/\"},{\"@type\":\"ListItem\",\"position\":3,\"name\":\"\u00c9quipe nationale masculine M23\",\"item\":\"https:\/\/www.wheelchairbasketball.ca\/fr\/equipe-canada\/equipe-nationale-masculine-des-moins-de-23-ans\/\"},{\"@type\":\"ListItem\",\"position\":4,\"name\":\"Formation de l\u2019\u00e9quipe\"}]},{\"@type\":\"WebSite\",\"@id\":\"https:\/\/www.wheelchairbasketball.ca\/#website\",\"url\":\"https:\/\/www.wheelchairbasketball.ca\/\",\"name\":\"Wheelchair Basketball Canada\",\"description\":\"Real Life. Real Sport.\",\"potentialAction\":[{\"@type\":\"SearchAction\",\"target\":{\"@type\":\"EntryPoint\",\"urlTemplate\":\"https:\/\/www.wheelchairbasketball.ca\/?s={search_term_string}\"},\"query-input\":\"required name=search_term_string\"}],\"inLanguage\":\"fr-FR\"}]}<\/script>\n<!-- \/ Yoast SEO plugin. -->","yoast_head_json":{"title":"Formation de l\u2019\u00e9quipe - Wheelchair Basketball Canada","robots":{"index":"index","follow":"follow","max-snippet":"max-snippet:-1","max-image-preview":"max-image-preview:large","max-video-preview":"max-video-preview:-1"},"canonical":"https:\/\/www.wheelchairbasketball.ca\/fr\/equipe-canada\/equipe-nationale-masculine-des-moins-de-23-ans\/formation-de-lequipe\/","og_locale":"fr_FR","og_type":"article","og_title":"Formation de l\u2019\u00e9quipe - Wheelchair Basketball Canada","og_description":"\u00c9quipe nationale masculine des moins de 23 ans 2025 L\u2019\u00e9quipe canadienne\u00a0nationale\u00a0masculine des moins de 23 ans de basketball en fauteuil roulant se compose des meilleurs athl\u00e8tes masculins \u00e2g\u00e9s de moins de 23 ans, provenant de diverses r\u00e9gions du pays. L\u2019\u00e9quipe est form\u00e9e dans le but ultime de concourir au Championnat du monde masculin des moins [&hellip;]","og_url":"https:\/\/www.wheelchairbasketball.ca\/fr\/equipe-canada\/equipe-nationale-masculine-des-moins-de-23-ans\/formation-de-lequipe\/","og_site_name":"Wheelchair Basketball Canada","article_publisher":"http:\/\/www.facebook.com\/wheelchairbasketball","article_modified_time":"2025-06-13T00:14:30+00:00","og_image":[{"width":1400,"height":600,"url":"https:\/\/www.wheelchairbasketball.ca\/wp-content\/uploads\/2025\/06\/WhatsApp-Image-2025-04-05-at-18.03.11-1400x600-1.png","type":"image\/png"}],"twitter_card":"summary_large_image","twitter_site":"@WCBballCanada","twitter_misc":{"Dur\u00e9e de lecture estim\u00e9e":"1 minute"},"schema":{"@context":"https:\/\/schema.org","@graph":[{"@type":"WebPage","@id":"https:\/\/www.wheelchairbasketball.ca\/fr\/equipe-canada\/equipe-nationale-masculine-des-moins-de-23-ans\/formation-de-lequipe\/","url":"https:\/\/www.wheelchairbasketball.ca\/fr\/equipe-canada\/equipe-nationale-masculine-des-moins-de-23-ans\/formation-de-lequipe\/","name":"Formation de l\u2019\u00e9quipe - Wheelchair Basketball Canada","isPartOf":{"@id":"https:\/\/www.wheelchairbasketball.ca\/#website"},"datePublished":"2015-05-14T18:39:00+00:00","dateModified":"2025-06-13T00:14:30+00:00","breadcrumb":{"@id":"https:\/\/www.wheelchairbasketball.ca\/fr\/equipe-canada\/equipe-nationale-masculine-des-moins-de-23-ans\/formation-de-lequipe\/#breadcrumb"},"inLanguage":"fr-FR","potentialAction":[{"@type":"ReadAction","target":["https:\/\/www.wheelchairbasketball.ca\/fr\/equipe-canada\/equipe-nationale-masculine-des-moins-de-23-ans\/formation-de-lequipe\/"]}]},{"@type":"BreadcrumbList","@id":"https:\/\/www.wheelchairbasketball.ca\/fr\/equipe-canada\/equipe-nationale-masculine-des-moins-de-23-ans\/formation-de-lequipe\/#breadcrumb","itemListElement":[{"@type":"ListItem","position":1,"name":"Home","item":"https:\/\/www.wheelchairbasketball.ca\/fr\/"},{"@type":"ListItem","position":2,"name":"\u00c9quipe Canada","item":"https:\/\/www.wheelchairbasketball.ca\/fr\/equipe-canada\/"},{"@type":"ListItem","position":3,"name":"\u00c9quipe nationale masculine M23","item":"https:\/\/www.wheelchairbasketball.ca\/fr\/equipe-canada\/equipe-nationale-masculine-des-moins-de-23-ans\/"},{"@type":"ListItem","position":4,"name":"Formation de l\u2019\u00e9quipe"}]},{"@type":"WebSite","@id":"https:\/\/www.wheelchairbasketball.ca\/#website","url":"https:\/\/www.wheelchairbasketball.ca\/","name":"Wheelchair Basketball Canada","description":"Real Life. Real Sport.","potentialAction":[{"@type":"SearchAction","target":{"@type":"EntryPoint","urlTemplate":"https:\/\/www.wheelchairbasketball.ca\/?s={search_term_string}"},"query-input":"required name=search_term_string"}],"inLanguage":"fr-FR"}]}},"_links":{"self":[{"href":"https:\/\/www.wheelchairbasketball.ca\/fr\/wp-json\/wp\/v2\/pages\/2649"}],"collection":[{"href":"https:\/\/www.wheelchairbasketball.ca\/fr\/wp-json\/wp\/v2\/pages"}],"about":[{"href":"https:\/\/www.wheelchairbasketball.ca\/fr\/wp-json\/wp\/v2\/types\/page"}],"author":[{"embeddable":true,"href":"https:\/\/www.wheelchairbasketball.ca\/fr\/wp-json\/wp\/v2\/users\/4"}],"replies":[{"embeddable":true,"href":"https:\/\/www.wheelchairbasketball.ca\/fr\/wp-json\/wp\/v2\/comments?post=2649"}],"version-history":[{"count":8,"href":"https:\/\/www.wheelchairbasketball.ca\/fr\/wp-json\/wp\/v2\/pages\/2649\/revisions"}],"predecessor-version":[{"id":24461,"href":"https:\/\/www.wheelchairbasketball.ca\/fr\/wp-json\/wp\/v2\/pages\/2649\/revisions\/24461"}],"up":[{"embeddable":true,"href":"https:\/\/www.wheelchairbasketball.ca\/fr\/wp-json\/wp\/v2\/pages\/1528"}],"wp:featuredmedia":[{"embeddable":true,"href":"https:\/\/www.wheelchairbasketball.ca\/fr\/wp-json\/wp\/v2\/media\/24402"}],"wp:attachment":[{"href":"https:\/\/www.wheelchairbasketball.ca\/fr\/wp-json\/wp\/v2\/media?parent=2649"}],"curies":[{"name":"wp","href":"https:\/\/api.w.org\/{rel}","templated":true}]}}