{"id":3123,"date":"2015-05-25T17:21:41","date_gmt":"2015-05-25T17:21:41","guid":{"rendered":"https:\/\/www.wheelchairbasketball.ca\/?page_id=3123"},"modified":"2017-04-05T18:33:18","modified_gmt":"2017-04-05T18:33:18","slug":"anciens-resultats","status":"publish","type":"page","link":"https:\/\/www.wheelchairbasketball.ca\/fr\/evenements\/championnat-national-de-la-lcbfr\/anciens-resultats\/","title":{"rendered":"Anciens r\u00e9sultats"},"content":{"rendered":"<h2>Championnat national de la LCBFR<\/h2>\n<p>Le Championnat national de la LCBFR (anciennement reconnu comme le Championnat ouvert de la LCBFR) a eu lieu chaque ann\u00e9e depuis 1987.<\/p>\n<h3>R\u00e9sultats du tournoi<\/h3>\n<ul>\n<li><a href=\"https:\/\/www.wheelchairbasketball.ca\/wp-content\/uploads\/2015\/03\/CWBL-Nationals-Tournament-Results-1987-2016.pdf\">R\u00e9sultats aux Championnats nationaux de la LCBFR 1987-2016<\/a><\/li>\n<\/ul>\n<h3>Pages d&rsquo;\u00e9v\u00e9nements<\/h3>\n<ul>\n<li><a href=\"https:\/\/www.wheelchairbasketball.ca\/fr\/evenements\/championnat-national-de-la-lcbfr\/championnat-national-2016-de-la-lcbfr\/\">Championnat national de la LCBFR 2016<\/a><\/li>\n<li><a href=\"https:\/\/www.wheelchairbasketball.ca\/fr\/evenements\/championnat-national-de-la-lcbfr\/championnat-national-de-la-lcbfr-2015\/\">Championnat national de la LCBFR 2015<\/a><\/li>\n<\/ul>\n","protected":false},"excerpt":{"rendered":"Championnat national de la LCBFR Le Championnat national de la LCBFR (anciennement reconnu comme le Championnat ouvert de la LCBFR) a eu lieu chaque ann\u00e9e depuis 1987. R\u00e9sultats du tournoi R\u00e9sultats aux Championnats nationaux de la LCBFR 1987-2016 Pages d&rsquo;\u00e9v\u00e9nements Championnat national de la LCBFR 2016 Championnat national de la LCBFR 2015","protected":false},"author":6,"featured_media":0,"parent":1281,"menu_order":3,"comment_status":"closed","ping_status":"closed","template":"","meta":{"om_disable_all_campaigns":false,"_monsterinsights_skip_tracking":false,"_monsterinsights_sitenote_active":false,"_monsterinsights_sitenote_note":"","_monsterinsights_sitenote_category":0,"footnotes":""},"acf":[],"yoast_head":"<!-- This site is optimized with the Yoast SEO plugin v21.9.1 - https:\/\/yoast.com\/wordpress\/plugins\/seo\/ -->\n<title>Anciens r\u00e9sultats - Wheelchair Basketball Canada<\/title>\n<meta name=\"robots\" content=\"index, follow, max-snippet:-1, max-image-preview:large, max-video-preview:-1\" \/>\n<link rel=\"canonical\" href=\"https:\/\/www.wheelchairbasketball.ca\/fr\/evenements\/championnat-national-de-la-lcbfr\/anciens-resultats\/\" \/>\n<meta property=\"og:locale\" content=\"fr_FR\" \/>\n<meta property=\"og:type\" content=\"article\" \/>\n<meta property=\"og:title\" content=\"Anciens r\u00e9sultats - Wheelchair Basketball Canada\" \/>\n<meta property=\"og:description\" content=\"Championnat national de la LCBFR Le Championnat national de la LCBFR (anciennement reconnu comme le Championnat ouvert de la LCBFR) a eu lieu chaque ann\u00e9e depuis 1987. R\u00e9sultats du tournoi R\u00e9sultats aux Championnats nationaux de la LCBFR 1987-2016 Pages d&rsquo;\u00e9v\u00e9nements Championnat national de la LCBFR 2016 Championnat national de la LCBFR 2015\" \/>\n<meta property=\"og:url\" content=\"https:\/\/www.wheelchairbasketball.ca\/fr\/evenements\/championnat-national-de-la-lcbfr\/anciens-resultats\/\" \/>\n<meta property=\"og:site_name\" content=\"Wheelchair Basketball Canada\" \/>\n<meta property=\"article:publisher\" content=\"http:\/\/www.facebook.com\/wheelchairbasketball\" \/>\n<meta property=\"article:modified_time\" content=\"2017-04-05T18:33:18+00:00\" \/>\n<meta name=\"twitter:card\" content=\"summary_large_image\" \/>\n<meta name=\"twitter:site\" content=\"@WCBballCanada\" \/>\n<script type=\"application\/ld+json\" class=\"yoast-schema-graph\">{\"@context\":\"https:\/\/schema.org\",\"@graph\":[{\"@type\":\"WebPage\",\"@id\":\"https:\/\/www.wheelchairbasketball.ca\/fr\/evenements\/championnat-national-de-la-lcbfr\/anciens-resultats\/\",\"url\":\"https:\/\/www.wheelchairbasketball.ca\/fr\/evenements\/championnat-national-de-la-lcbfr\/anciens-resultats\/\",\"name\":\"Anciens r\u00e9sultats - Wheelchair Basketball Canada\",\"isPartOf\":{\"@id\":\"https:\/\/www.wheelchairbasketball.ca\/#website\"},\"datePublished\":\"2015-05-25T17:21:41+00:00\",\"dateModified\":\"2017-04-05T18:33:18+00:00\",\"breadcrumb\":{\"@id\":\"https:\/\/www.wheelchairbasketball.ca\/fr\/evenements\/championnat-national-de-la-lcbfr\/anciens-resultats\/#breadcrumb\"},\"inLanguage\":\"fr-FR\",\"potentialAction\":[{\"@type\":\"ReadAction\",\"target\":[\"https:\/\/www.wheelchairbasketball.ca\/fr\/evenements\/championnat-national-de-la-lcbfr\/anciens-resultats\/\"]}]},{\"@type\":\"BreadcrumbList\",\"@id\":\"https:\/\/www.wheelchairbasketball.ca\/fr\/evenements\/championnat-national-de-la-lcbfr\/anciens-resultats\/#breadcrumb\",\"itemListElement\":[{\"@type\":\"ListItem\",\"position\":1,\"name\":\"Home\",\"item\":\"https:\/\/www.wheelchairbasketball.ca\/fr\/\"},{\"@type\":\"ListItem\",\"position\":2,\"name\":\"\u00c9v\u00e9nements\",\"item\":\"https:\/\/www.wheelchairbasketball.ca\/fr\/evenements\/\"},{\"@type\":\"ListItem\",\"position\":3,\"name\":\"Championnat national de la LCBFR\",\"item\":\"https:\/\/www.wheelchairbasketball.ca\/fr\/evenements\/championnat-national-de-la-lcbfr\/\"},{\"@type\":\"ListItem\",\"position\":4,\"name\":\"Anciens r\u00e9sultats\"}]},{\"@type\":\"WebSite\",\"@id\":\"https:\/\/www.wheelchairbasketball.ca\/#website\",\"url\":\"https:\/\/www.wheelchairbasketball.ca\/\",\"name\":\"Wheelchair Basketball Canada\",\"description\":\"Real Life. Real Sport.\",\"potentialAction\":[{\"@type\":\"SearchAction\",\"target\":{\"@type\":\"EntryPoint\",\"urlTemplate\":\"https:\/\/www.wheelchairbasketball.ca\/?s={search_term_string}\"},\"query-input\":\"required name=search_term_string\"}],\"inLanguage\":\"fr-FR\"}]}<\/script>\n<!-- \/ Yoast SEO plugin. -->","yoast_head_json":{"title":"Anciens r\u00e9sultats - Wheelchair Basketball Canada","robots":{"index":"index","follow":"follow","max-snippet":"max-snippet:-1","max-image-preview":"max-image-preview:large","max-video-preview":"max-video-preview:-1"},"canonical":"https:\/\/www.wheelchairbasketball.ca\/fr\/evenements\/championnat-national-de-la-lcbfr\/anciens-resultats\/","og_locale":"fr_FR","og_type":"article","og_title":"Anciens r\u00e9sultats - Wheelchair Basketball Canada","og_description":"Championnat national de la LCBFR Le Championnat national de la LCBFR (anciennement reconnu comme le Championnat ouvert de la LCBFR) a eu lieu chaque ann\u00e9e depuis 1987. R\u00e9sultats du tournoi R\u00e9sultats aux Championnats nationaux de la LCBFR 1987-2016 Pages d&rsquo;\u00e9v\u00e9nements Championnat national de la LCBFR 2016 Championnat national de la LCBFR 2015","og_url":"https:\/\/www.wheelchairbasketball.ca\/fr\/evenements\/championnat-national-de-la-lcbfr\/anciens-resultats\/","og_site_name":"Wheelchair Basketball Canada","article_publisher":"http:\/\/www.facebook.com\/wheelchairbasketball","article_modified_time":"2017-04-05T18:33:18+00:00","twitter_card":"summary_large_image","twitter_site":"@WCBballCanada","schema":{"@context":"https:\/\/schema.org","@graph":[{"@type":"WebPage","@id":"https:\/\/www.wheelchairbasketball.ca\/fr\/evenements\/championnat-national-de-la-lcbfr\/anciens-resultats\/","url":"https:\/\/www.wheelchairbasketball.ca\/fr\/evenements\/championnat-national-de-la-lcbfr\/anciens-resultats\/","name":"Anciens r\u00e9sultats - Wheelchair Basketball Canada","isPartOf":{"@id":"https:\/\/www.wheelchairbasketball.ca\/#website"},"datePublished":"2015-05-25T17:21:41+00:00","dateModified":"2017-04-05T18:33:18+00:00","breadcrumb":{"@id":"https:\/\/www.wheelchairbasketball.ca\/fr\/evenements\/championnat-national-de-la-lcbfr\/anciens-resultats\/#breadcrumb"},"inLanguage":"fr-FR","potentialAction":[{"@type":"ReadAction","target":["https:\/\/www.wheelchairbasketball.ca\/fr\/evenements\/championnat-national-de-la-lcbfr\/anciens-resultats\/"]}]},{"@type":"BreadcrumbList","@id":"https:\/\/www.wheelchairbasketball.ca\/fr\/evenements\/championnat-national-de-la-lcbfr\/anciens-resultats\/#breadcrumb","itemListElement":[{"@type":"ListItem","position":1,"name":"Home","item":"https:\/\/www.wheelchairbasketball.ca\/fr\/"},{"@type":"ListItem","position":2,"name":"\u00c9v\u00e9nements","item":"https:\/\/www.wheelchairbasketball.ca\/fr\/evenements\/"},{"@type":"ListItem","position":3,"name":"Championnat national de la LCBFR","item":"https:\/\/www.wheelchairbasketball.ca\/fr\/evenements\/championnat-national-de-la-lcbfr\/"},{"@type":"ListItem","position":4,"name":"Anciens r\u00e9sultats"}]},{"@type":"WebSite","@id":"https:\/\/www.wheelchairbasketball.ca\/#website","url":"https:\/\/www.wheelchairbasketball.ca\/","name":"Wheelchair Basketball Canada","description":"Real Life. Real Sport.","potentialAction":[{"@type":"SearchAction","target":{"@type":"EntryPoint","urlTemplate":"https:\/\/www.wheelchairbasketball.ca\/?s={search_term_string}"},"query-input":"required name=search_term_string"}],"inLanguage":"fr-FR"}]}},"_links":{"self":[{"href":"https:\/\/www.wheelchairbasketball.ca\/fr\/wp-json\/wp\/v2\/pages\/3123"}],"collection":[{"href":"https:\/\/www.wheelchairbasketball.ca\/fr\/wp-json\/wp\/v2\/pages"}],"about":[{"href":"https:\/\/www.wheelchairbasketball.ca\/fr\/wp-json\/wp\/v2\/types\/page"}],"author":[{"embeddable":true,"href":"https:\/\/www.wheelchairbasketball.ca\/fr\/wp-json\/wp\/v2\/users\/6"}],"replies":[{"embeddable":true,"href":"https:\/\/www.wheelchairbasketball.ca\/fr\/wp-json\/wp\/v2\/comments?post=3123"}],"version-history":[{"count":2,"href":"https:\/\/www.wheelchairbasketball.ca\/fr\/wp-json\/wp\/v2\/pages\/3123\/revisions"}],"predecessor-version":[{"id":7647,"href":"https:\/\/www.wheelchairbasketball.ca\/fr\/wp-json\/wp\/v2\/pages\/3123\/revisions\/7647"}],"up":[{"embeddable":true,"href":"https:\/\/www.wheelchairbasketball.ca\/fr\/wp-json\/wp\/v2\/pages\/1281"}],"wp:attachment":[{"href":"https:\/\/www.wheelchairbasketball.ca\/fr\/wp-json\/wp\/v2\/media?parent=3123"}],"curies":[{"name":"wp","href":"https:\/\/api.w.org\/{rel}","templated":true}]}}