{"id":4788,"date":"2015-08-25T19:42:01","date_gmt":"2015-08-25T19:42:01","guid":{"rendered":"https:\/\/www.wheelchairbasketball.ca\/?page_id=4788"},"modified":"2023-07-25T13:37:55","modified_gmt":"2023-07-25T13:37:55","slug":"principes-du-contact","status":"publish","type":"page","link":"https:\/\/www.wheelchairbasketball.ca\/fr\/technique\/officiels\/principes-du-contact\/","title":{"rendered":"Principes du contact"},"content":{"rendered":"<p>Produite par Ross Dewell, la publication intitul\u00e9e Principles of Contact in Wheelchair Basketball est offerte gratuitement \u00e0 la communaut\u00e9 internationale du basketball en fauteuil roulant.<\/p>\n<p>La premi\u00e8re \u00e9dition, publi\u00e9e en 1996, est consid\u00e9r\u00e9e un jalon du d\u00e9veloppement du sport de basketball en fauteuil roulant. Depuis, de nombreux officiels partout au monde ont re\u00e7u la publication qui a \u00e9t\u00e9 traduite dans de nombreuses langues de l\u2019Asie, de l\u2019Am\u00e9rique du Sud et de l\u2019Europe.<\/p>\n<p>Le pr\u00e9sident du comit\u00e9 technique de l\u2019I.W.B.F., Norbert Kucera, appuie la plus r\u00e9cente version.<\/p>\n<p><strong>T\u00e9l\u00e9chargements : (seulement en anglais)<\/strong><\/p>\n<ul>\n<li><a href=\"https:\/\/www.wheelchairbasketball.ca\/wp-content\/uploads\/2023\/03\/IWBF-16-19th-FEB-23-Update.pdf\">Principles of Contact in Wheelchair Basketball 2022<\/a>(.pdf)<\/li>\n<\/ul>\n<p>Des ressources suppl\u00e9mentaires peuvent \u00eatre <a href=\"https:\/\/www.basketball.ca\/en\/ofc\/documents\" target=\"_blank\" rel=\"noopener noreferrer\">trouv\u00e9es ici<\/a>.<\/p>\n","protected":false},"excerpt":{"rendered":"Produite par Ross Dewell, la publication intitul\u00e9e Principles of Contact in Wheelchair Basketball est offerte gratuitement \u00e0 la communaut\u00e9 internationale du basketball en fauteuil roulant. La premi\u00e8re \u00e9dition, publi\u00e9e en 1996, est consid\u00e9r\u00e9e un jalon du d\u00e9veloppement du sport de basketball en fauteuil roulant. Depuis, de nombreux officiels partout au monde ont re\u00e7u la publication [&hellip;]","protected":false},"author":6,"featured_media":0,"parent":1202,"menu_order":1,"comment_status":"closed","ping_status":"closed","template":"","meta":{"om_disable_all_campaigns":false,"_monsterinsights_skip_tracking":false,"_monsterinsights_sitenote_active":false,"_monsterinsights_sitenote_note":"","_monsterinsights_sitenote_category":0,"footnotes":""},"acf":[],"yoast_head":"<!-- This site is optimized with the Yoast SEO plugin v21.9.1 - https:\/\/yoast.com\/wordpress\/plugins\/seo\/ -->\n<title>Principes du contact - Wheelchair Basketball Canada<\/title>\n<meta name=\"robots\" content=\"index, follow, max-snippet:-1, max-image-preview:large, max-video-preview:-1\" \/>\n<link rel=\"canonical\" href=\"https:\/\/www.wheelchairbasketball.ca\/fr\/technique\/officiels\/principes-du-contact\/\" \/>\n<meta property=\"og:locale\" content=\"fr_FR\" \/>\n<meta property=\"og:type\" content=\"article\" \/>\n<meta property=\"og:title\" content=\"Principes du contact - Wheelchair Basketball Canada\" \/>\n<meta property=\"og:description\" content=\"Produite par Ross Dewell, la publication intitul\u00e9e Principles of Contact in Wheelchair Basketball est offerte gratuitement \u00e0 la communaut\u00e9 internationale du basketball en fauteuil roulant. La premi\u00e8re \u00e9dition, publi\u00e9e en 1996, est consid\u00e9r\u00e9e un jalon du d\u00e9veloppement du sport de basketball en fauteuil roulant. Depuis, de nombreux officiels partout au monde ont re\u00e7u la publication [&hellip;]\" \/>\n<meta property=\"og:url\" content=\"https:\/\/www.wheelchairbasketball.ca\/fr\/technique\/officiels\/principes-du-contact\/\" \/>\n<meta property=\"og:site_name\" content=\"Wheelchair Basketball Canada\" \/>\n<meta property=\"article:publisher\" content=\"http:\/\/www.facebook.com\/wheelchairbasketball\" \/>\n<meta property=\"article:modified_time\" content=\"2023-07-25T13:37:55+00:00\" \/>\n<meta name=\"twitter:card\" content=\"summary_large_image\" \/>\n<meta name=\"twitter:site\" content=\"@WCBballCanada\" \/>\n<meta name=\"twitter:label1\" content=\"Dur\u00e9e de lecture estim\u00e9e\" \/>\n\t<meta name=\"twitter:data1\" content=\"1 minute\" \/>\n<script type=\"application\/ld+json\" class=\"yoast-schema-graph\">{\"@context\":\"https:\/\/schema.org\",\"@graph\":[{\"@type\":\"WebPage\",\"@id\":\"https:\/\/www.wheelchairbasketball.ca\/fr\/technique\/officiels\/principes-du-contact\/\",\"url\":\"https:\/\/www.wheelchairbasketball.ca\/fr\/technique\/officiels\/principes-du-contact\/\",\"name\":\"Principes du contact - Wheelchair Basketball Canada\",\"isPartOf\":{\"@id\":\"https:\/\/www.wheelchairbasketball.ca\/#website\"},\"datePublished\":\"2015-08-25T19:42:01+00:00\",\"dateModified\":\"2023-07-25T13:37:55+00:00\",\"breadcrumb\":{\"@id\":\"https:\/\/www.wheelchairbasketball.ca\/fr\/technique\/officiels\/principes-du-contact\/#breadcrumb\"},\"inLanguage\":\"fr-FR\",\"potentialAction\":[{\"@type\":\"ReadAction\",\"target\":[\"https:\/\/www.wheelchairbasketball.ca\/fr\/technique\/officiels\/principes-du-contact\/\"]}]},{\"@type\":\"BreadcrumbList\",\"@id\":\"https:\/\/www.wheelchairbasketball.ca\/fr\/technique\/officiels\/principes-du-contact\/#breadcrumb\",\"itemListElement\":[{\"@type\":\"ListItem\",\"position\":1,\"name\":\"Home\",\"item\":\"https:\/\/www.wheelchairbasketball.ca\/fr\/\"},{\"@type\":\"ListItem\",\"position\":2,\"name\":\"Technique\",\"item\":\"https:\/\/www.wheelchairbasketball.ca\/fr\/technique\/\"},{\"@type\":\"ListItem\",\"position\":3,\"name\":\"Officiels\",\"item\":\"https:\/\/www.wheelchairbasketball.ca\/fr\/technique\/officiels\/\"},{\"@type\":\"ListItem\",\"position\":4,\"name\":\"Principes du contact\"}]},{\"@type\":\"WebSite\",\"@id\":\"https:\/\/www.wheelchairbasketball.ca\/#website\",\"url\":\"https:\/\/www.wheelchairbasketball.ca\/\",\"name\":\"Wheelchair Basketball Canada\",\"description\":\"Real Life. Real Sport.\",\"potentialAction\":[{\"@type\":\"SearchAction\",\"target\":{\"@type\":\"EntryPoint\",\"urlTemplate\":\"https:\/\/www.wheelchairbasketball.ca\/?s={search_term_string}\"},\"query-input\":\"required name=search_term_string\"}],\"inLanguage\":\"fr-FR\"}]}<\/script>\n<!-- \/ Yoast SEO plugin. -->","yoast_head_json":{"title":"Principes du contact - Wheelchair Basketball Canada","robots":{"index":"index","follow":"follow","max-snippet":"max-snippet:-1","max-image-preview":"max-image-preview:large","max-video-preview":"max-video-preview:-1"},"canonical":"https:\/\/www.wheelchairbasketball.ca\/fr\/technique\/officiels\/principes-du-contact\/","og_locale":"fr_FR","og_type":"article","og_title":"Principes du contact - Wheelchair Basketball Canada","og_description":"Produite par Ross Dewell, la publication intitul\u00e9e Principles of Contact in Wheelchair Basketball est offerte gratuitement \u00e0 la communaut\u00e9 internationale du basketball en fauteuil roulant. La premi\u00e8re \u00e9dition, publi\u00e9e en 1996, est consid\u00e9r\u00e9e un jalon du d\u00e9veloppement du sport de basketball en fauteuil roulant. Depuis, de nombreux officiels partout au monde ont re\u00e7u la publication [&hellip;]","og_url":"https:\/\/www.wheelchairbasketball.ca\/fr\/technique\/officiels\/principes-du-contact\/","og_site_name":"Wheelchair Basketball Canada","article_publisher":"http:\/\/www.facebook.com\/wheelchairbasketball","article_modified_time":"2023-07-25T13:37:55+00:00","twitter_card":"summary_large_image","twitter_site":"@WCBballCanada","twitter_misc":{"Dur\u00e9e de lecture estim\u00e9e":"1 minute"},"schema":{"@context":"https:\/\/schema.org","@graph":[{"@type":"WebPage","@id":"https:\/\/www.wheelchairbasketball.ca\/fr\/technique\/officiels\/principes-du-contact\/","url":"https:\/\/www.wheelchairbasketball.ca\/fr\/technique\/officiels\/principes-du-contact\/","name":"Principes du contact - Wheelchair Basketball Canada","isPartOf":{"@id":"https:\/\/www.wheelchairbasketball.ca\/#website"},"datePublished":"2015-08-25T19:42:01+00:00","dateModified":"2023-07-25T13:37:55+00:00","breadcrumb":{"@id":"https:\/\/www.wheelchairbasketball.ca\/fr\/technique\/officiels\/principes-du-contact\/#breadcrumb"},"inLanguage":"fr-FR","potentialAction":[{"@type":"ReadAction","target":["https:\/\/www.wheelchairbasketball.ca\/fr\/technique\/officiels\/principes-du-contact\/"]}]},{"@type":"BreadcrumbList","@id":"https:\/\/www.wheelchairbasketball.ca\/fr\/technique\/officiels\/principes-du-contact\/#breadcrumb","itemListElement":[{"@type":"ListItem","position":1,"name":"Home","item":"https:\/\/www.wheelchairbasketball.ca\/fr\/"},{"@type":"ListItem","position":2,"name":"Technique","item":"https:\/\/www.wheelchairbasketball.ca\/fr\/technique\/"},{"@type":"ListItem","position":3,"name":"Officiels","item":"https:\/\/www.wheelchairbasketball.ca\/fr\/technique\/officiels\/"},{"@type":"ListItem","position":4,"name":"Principes du contact"}]},{"@type":"WebSite","@id":"https:\/\/www.wheelchairbasketball.ca\/#website","url":"https:\/\/www.wheelchairbasketball.ca\/","name":"Wheelchair Basketball Canada","description":"Real Life. Real Sport.","potentialAction":[{"@type":"SearchAction","target":{"@type":"EntryPoint","urlTemplate":"https:\/\/www.wheelchairbasketball.ca\/?s={search_term_string}"},"query-input":"required name=search_term_string"}],"inLanguage":"fr-FR"}]}},"_links":{"self":[{"href":"https:\/\/www.wheelchairbasketball.ca\/fr\/wp-json\/wp\/v2\/pages\/4788"}],"collection":[{"href":"https:\/\/www.wheelchairbasketball.ca\/fr\/wp-json\/wp\/v2\/pages"}],"about":[{"href":"https:\/\/www.wheelchairbasketball.ca\/fr\/wp-json\/wp\/v2\/types\/page"}],"author":[{"embeddable":true,"href":"https:\/\/www.wheelchairbasketball.ca\/fr\/wp-json\/wp\/v2\/users\/6"}],"replies":[{"embeddable":true,"href":"https:\/\/www.wheelchairbasketball.ca\/fr\/wp-json\/wp\/v2\/comments?post=4788"}],"version-history":[{"count":8,"href":"https:\/\/www.wheelchairbasketball.ca\/fr\/wp-json\/wp\/v2\/pages\/4788\/revisions"}],"predecessor-version":[{"id":19186,"href":"https:\/\/www.wheelchairbasketball.ca\/fr\/wp-json\/wp\/v2\/pages\/4788\/revisions\/19186"}],"up":[{"embeddable":true,"href":"https:\/\/www.wheelchairbasketball.ca\/fr\/wp-json\/wp\/v2\/pages\/1202"}],"wp:attachment":[{"href":"https:\/\/www.wheelchairbasketball.ca\/fr\/wp-json\/wp\/v2\/media?parent=4788"}],"curies":[{"name":"wp","href":"https:\/\/api.w.org\/{rel}","templated":true}]}}