{"id":5624,"date":"2016-03-15T18:39:40","date_gmt":"2016-03-15T18:39:40","guid":{"rendered":"https:\/\/www.wheelchairbasketball.ca\/?page_id=5624"},"modified":"2022-10-14T19:19:01","modified_gmt":"2022-10-14T19:19:01","slug":"contexte-competition","status":"publish","type":"page","link":"https:\/\/www.wheelchairbasketball.ca\/fr\/technique\/pnce\/contexte-competition\/","title":{"rendered":"Contexte de comp\u00e9tition"},"content":{"rendered":"<p><img loading=\"lazy\" decoding=\"async\" width=\"400\" height=\"490\" class=\"alignright size-full wp-image-5695\" src=\"https:\/\/www.wheelchairbasketball.ca\/wp-content\/uploads\/2016\/03\/CDM-Competition-Stream-f.jpg\" alt=\"CDM Competition Stream-f\" srcset=\"https:\/\/www.wheelchairbasketball.ca\/wp-content\/uploads\/2016\/03\/CDM-Competition-Stream-f.jpg 400w, https:\/\/www.wheelchairbasketball.ca\/wp-content\/uploads\/2016\/03\/CDM-Competition-Stream-f-245x300.jpg 245w\" sizes=\"(max-width: 400px) 100vw, 400px\" \/>Les entra\u00eeneurs du profil Comp\u00e9tition ont g\u00e9n\u00e9ralement une exp\u00e9rience pr\u00e9alable en entra\u00eenement ou sont eux-m\u00eames d\u2019anciens athl\u00e8tes du sport en question. Ils travaillent souvent \u00e0 long terme aupr\u00e8s des athl\u00e8tes pour am\u00e9liorer leur performance, souvent pour les pr\u00e9parer en vue de comp\u00e9titions provinciales, nationales et internationales.<\/p>\n<p><img loading=\"lazy\" decoding=\"async\" class=\"alignnone wp-image-5631 size-full\" src=\"https:\/\/www.wheelchairbasketball.ca\/wp-content\/uploads\/2016\/03\/Competition-Stream-Coach-f.jpg\" alt=\"Competition Stream Coach-f\" width=\"283\" height=\"38\" \/><\/p>\n<p>Il y a trois niveaux d\u2019ateliers pour les entra\u00eeneurs de comp\u00e9tition qui refl\u00e8tent les stades de d\u00e9veloppement de l\u2019athl\u00e8te : Introduction, Introduction avanc\u00e9e et D\u00e9veloppement.<\/p>\n<ul>\n<li>L\u2019atelier de <strong>Comp\u00e9tition \u2013 Introduction<\/strong> est un cours de 19 heures, comptant quatre s\u00e9ances avec des composantes sur le terrain et en dehors. Les entra\u00eeneurs ne sont pas tenus d\u2019avoir d\u00e9j\u00e0 une certification d\u2019entra\u00eeneur. Les pr\u00e9requis de formation pour ce cours se trouvent dans la section suivante. Ce cours peut \u00eatre consid\u00e9r\u00e9 comme celui du niveau d\u2019entr\u00e9e \u00e0 la comp\u00e9tition. Les athl\u00e8tes seront au stade Apprendre \u00e0 s\u2019entra\u00eener du mod\u00e8le de d\u00e9veloppement \u00e0 long terme.<\/li>\n<li>La formation <strong>Comp\u00e9tition \u2013 Introduction avanc\u00e9e<\/strong> est un cours de 22 heures qui se donne sur 3 ou 4 jours et comprend des enseignements th\u00e9oriques et pratiques. Le cours pr\u00e9alable est le cours Comp\u00e9tition \u2013 Introduction. Les athl\u00e8tes en sont au stade S\u2019entra\u00eener \u00e0 s\u2019entra\u00eener du DLTA; leur \u00e2ge varie de 11 \u00e0 15 ans pour les filles et de 12 \u00e0 16 ans pour les gar\u00e7ons, avec une variation de plus ou moins 2 \u00e0 5 ans pour les athl\u00e8tes qui font une entr\u00e9e tardive dans le sport. Il y a 4 athl\u00e8tes par candidat entra\u00eeneur et 4 candidats entra\u00eeneurs par personne-ressource.<\/li>\n<li>La formation <strong>Comp\u00e9tition \u2013 D\u00e9veloppement<\/strong> est un cours de 36 \u00e0 42 heures qui se donne sur 6 jours et comprend des enseignements th\u00e9oriques et pratiques. Basketball en fauteuil roulant Canada exige comme pr\u00e9alable l\u2019obtention de la certification en Comp\u00e9tition \u2013 Introduction et en Comp\u00e9tition \u2013 Introduction avanc\u00e9e (ou les anciens \u00e9quivalents du PNCE). Les athl\u00e8tes en sont au stade S\u2019entra\u00eener \u00e0 la comp\u00e9tition du DLTA; leur \u00e2ge varie de 15 \u00e0 18 ans pour les filles et de 16 \u00e0 18 ans pour les gar\u00e7ons, avec une variation de plus ou moins 4 ou 5 ans pour les athl\u00e8tes qui font une entr\u00e9e tardive dans le sport. Il y a 4 athl\u00e8tes par candidat entra\u00eeneur et 4 candidats entra\u00eeneurs par personne-ressource.<\/li>\n<\/ul>\n<p>Les candidats entra\u00eeneurs doivent \u00eatre \u00e2g\u00e9s d\u2019au moins 16 ans pour \u00eatre certifi\u00e9s dans le contexte Comp\u00e9tition.<\/p>\n<p>Pour plus d\u2019informations, veuillez visiter\u00a0<a href=\"http:\/\/www.coach.ca\/entra-neurs-de-comp-tition-s15435\" target=\"_blank\" rel=\"noopener\">www.coach.ca<\/a>.<\/p>\n<h3>Comment s&rsquo;inscrire<\/h3>\n<p>Si vous \u00eates int\u00e9ress\u00e9 \u00e0 devenir un entra\u00eeneur qualifi\u00e9 dans le programme de basketball en fauteuil roulant Canada, parlez avec votre <a href=\"https:\/\/www.wheelchairbasketball.ca\/fr\/a-propos-de-nous\/nos-membres\/\">organisme provincial de sport<\/a> pour les cours de certification pr\u00e8s de vous.<\/p>\n","protected":false},"excerpt":{"rendered":"Les entra\u00eeneurs du profil Comp\u00e9tition ont g\u00e9n\u00e9ralement une exp\u00e9rience pr\u00e9alable en entra\u00eenement ou sont eux-m\u00eames d\u2019anciens athl\u00e8tes du sport en question. Ils travaillent souvent \u00e0 long terme aupr\u00e8s des athl\u00e8tes pour am\u00e9liorer leur performance, souvent pour les pr\u00e9parer en vue de comp\u00e9titions provinciales, nationales et internationales. Il y a trois niveaux d\u2019ateliers pour les entra\u00eeneurs [&hellip;]","protected":false},"author":6,"featured_media":5634,"parent":1191,"menu_order":0,"comment_status":"closed","ping_status":"closed","template":"","meta":{"om_disable_all_campaigns":false,"_monsterinsights_skip_tracking":false,"_monsterinsights_sitenote_active":false,"_monsterinsights_sitenote_note":"","_monsterinsights_sitenote_category":0,"footnotes":""},"acf":[],"yoast_head":"<!-- This site is optimized with the Yoast SEO plugin v21.9.1 - https:\/\/yoast.com\/wordpress\/plugins\/seo\/ -->\n<title>Contexte de comp\u00e9tition - Wheelchair Basketball Canada<\/title>\n<meta name=\"robots\" content=\"index, follow, max-snippet:-1, max-image-preview:large, max-video-preview:-1\" \/>\n<link rel=\"canonical\" href=\"https:\/\/www.wheelchairbasketball.ca\/fr\/technique\/pnce\/contexte-competition\/\" \/>\n<meta property=\"og:locale\" content=\"fr_FR\" \/>\n<meta property=\"og:type\" content=\"article\" \/>\n<meta property=\"og:title\" content=\"Contexte de comp\u00e9tition - Wheelchair Basketball Canada\" \/>\n<meta property=\"og:description\" content=\"Les entra\u00eeneurs du profil Comp\u00e9tition ont g\u00e9n\u00e9ralement une exp\u00e9rience pr\u00e9alable en entra\u00eenement ou sont eux-m\u00eames d\u2019anciens athl\u00e8tes du sport en question. Ils travaillent souvent \u00e0 long terme aupr\u00e8s des athl\u00e8tes pour am\u00e9liorer leur performance, souvent pour les pr\u00e9parer en vue de comp\u00e9titions provinciales, nationales et internationales. Il y a trois niveaux d\u2019ateliers pour les entra\u00eeneurs [&hellip;]\" \/>\n<meta property=\"og:url\" content=\"https:\/\/www.wheelchairbasketball.ca\/fr\/technique\/pnce\/contexte-competition\/\" \/>\n<meta property=\"og:site_name\" content=\"Wheelchair Basketball Canada\" \/>\n<meta property=\"article:publisher\" content=\"http:\/\/www.facebook.com\/wheelchairbasketball\" \/>\n<meta property=\"article:modified_time\" content=\"2022-10-14T19:19:01+00:00\" \/>\n<meta property=\"og:image\" content=\"https:\/\/www.wheelchairbasketball.ca\/wp-content\/uploads\/2016\/03\/NCCP-CompetitionStream-feature-f.jpg\" \/>\n\t<meta property=\"og:image:width\" content=\"1400\" \/>\n\t<meta property=\"og:image:height\" content=\"600\" \/>\n\t<meta property=\"og:image:type\" content=\"image\/jpeg\" \/>\n<meta name=\"twitter:card\" content=\"summary_large_image\" \/>\n<meta name=\"twitter:site\" content=\"@WCBballCanada\" \/>\n<meta name=\"twitter:label1\" content=\"Dur\u00e9e de lecture estim\u00e9e\" \/>\n\t<meta name=\"twitter:data1\" content=\"3 minutes\" \/>\n<script type=\"application\/ld+json\" class=\"yoast-schema-graph\">{\"@context\":\"https:\/\/schema.org\",\"@graph\":[{\"@type\":\"WebPage\",\"@id\":\"https:\/\/www.wheelchairbasketball.ca\/fr\/technique\/pnce\/contexte-competition\/\",\"url\":\"https:\/\/www.wheelchairbasketball.ca\/fr\/technique\/pnce\/contexte-competition\/\",\"name\":\"Contexte de comp\u00e9tition - Wheelchair Basketball Canada\",\"isPartOf\":{\"@id\":\"https:\/\/www.wheelchairbasketball.ca\/#website\"},\"datePublished\":\"2016-03-15T18:39:40+00:00\",\"dateModified\":\"2022-10-14T19:19:01+00:00\",\"breadcrumb\":{\"@id\":\"https:\/\/www.wheelchairbasketball.ca\/fr\/technique\/pnce\/contexte-competition\/#breadcrumb\"},\"inLanguage\":\"fr-FR\",\"potentialAction\":[{\"@type\":\"ReadAction\",\"target\":[\"https:\/\/www.wheelchairbasketball.ca\/fr\/technique\/pnce\/contexte-competition\/\"]}]},{\"@type\":\"BreadcrumbList\",\"@id\":\"https:\/\/www.wheelchairbasketball.ca\/fr\/technique\/pnce\/contexte-competition\/#breadcrumb\",\"itemListElement\":[{\"@type\":\"ListItem\",\"position\":1,\"name\":\"Home\",\"item\":\"https:\/\/www.wheelchairbasketball.ca\/fr\/\"},{\"@type\":\"ListItem\",\"position\":2,\"name\":\"Technique\",\"item\":\"https:\/\/www.wheelchairbasketball.ca\/fr\/technique\/\"},{\"@type\":\"ListItem\",\"position\":3,\"name\":\"PNCE\",\"item\":\"https:\/\/www.wheelchairbasketball.ca\/fr\/technique\/pnce\/\"},{\"@type\":\"ListItem\",\"position\":4,\"name\":\"Contexte de comp\u00e9tition\"}]},{\"@type\":\"WebSite\",\"@id\":\"https:\/\/www.wheelchairbasketball.ca\/#website\",\"url\":\"https:\/\/www.wheelchairbasketball.ca\/\",\"name\":\"Wheelchair Basketball Canada\",\"description\":\"Real Life. Real Sport.\",\"potentialAction\":[{\"@type\":\"SearchAction\",\"target\":{\"@type\":\"EntryPoint\",\"urlTemplate\":\"https:\/\/www.wheelchairbasketball.ca\/?s={search_term_string}\"},\"query-input\":\"required name=search_term_string\"}],\"inLanguage\":\"fr-FR\"}]}<\/script>\n<!-- \/ Yoast SEO plugin. -->","yoast_head_json":{"title":"Contexte de comp\u00e9tition - Wheelchair Basketball Canada","robots":{"index":"index","follow":"follow","max-snippet":"max-snippet:-1","max-image-preview":"max-image-preview:large","max-video-preview":"max-video-preview:-1"},"canonical":"https:\/\/www.wheelchairbasketball.ca\/fr\/technique\/pnce\/contexte-competition\/","og_locale":"fr_FR","og_type":"article","og_title":"Contexte de comp\u00e9tition - Wheelchair Basketball Canada","og_description":"Les entra\u00eeneurs du profil Comp\u00e9tition ont g\u00e9n\u00e9ralement une exp\u00e9rience pr\u00e9alable en entra\u00eenement ou sont eux-m\u00eames d\u2019anciens athl\u00e8tes du sport en question. Ils travaillent souvent \u00e0 long terme aupr\u00e8s des athl\u00e8tes pour am\u00e9liorer leur performance, souvent pour les pr\u00e9parer en vue de comp\u00e9titions provinciales, nationales et internationales. Il y a trois niveaux d\u2019ateliers pour les entra\u00eeneurs [&hellip;]","og_url":"https:\/\/www.wheelchairbasketball.ca\/fr\/technique\/pnce\/contexte-competition\/","og_site_name":"Wheelchair Basketball Canada","article_publisher":"http:\/\/www.facebook.com\/wheelchairbasketball","article_modified_time":"2022-10-14T19:19:01+00:00","og_image":[{"width":1400,"height":600,"url":"https:\/\/www.wheelchairbasketball.ca\/wp-content\/uploads\/2016\/03\/NCCP-CompetitionStream-feature-f.jpg","type":"image\/jpeg"}],"twitter_card":"summary_large_image","twitter_site":"@WCBballCanada","twitter_misc":{"Dur\u00e9e de lecture estim\u00e9e":"3 minutes"},"schema":{"@context":"https:\/\/schema.org","@graph":[{"@type":"WebPage","@id":"https:\/\/www.wheelchairbasketball.ca\/fr\/technique\/pnce\/contexte-competition\/","url":"https:\/\/www.wheelchairbasketball.ca\/fr\/technique\/pnce\/contexte-competition\/","name":"Contexte de comp\u00e9tition - Wheelchair Basketball Canada","isPartOf":{"@id":"https:\/\/www.wheelchairbasketball.ca\/#website"},"datePublished":"2016-03-15T18:39:40+00:00","dateModified":"2022-10-14T19:19:01+00:00","breadcrumb":{"@id":"https:\/\/www.wheelchairbasketball.ca\/fr\/technique\/pnce\/contexte-competition\/#breadcrumb"},"inLanguage":"fr-FR","potentialAction":[{"@type":"ReadAction","target":["https:\/\/www.wheelchairbasketball.ca\/fr\/technique\/pnce\/contexte-competition\/"]}]},{"@type":"BreadcrumbList","@id":"https:\/\/www.wheelchairbasketball.ca\/fr\/technique\/pnce\/contexte-competition\/#breadcrumb","itemListElement":[{"@type":"ListItem","position":1,"name":"Home","item":"https:\/\/www.wheelchairbasketball.ca\/fr\/"},{"@type":"ListItem","position":2,"name":"Technique","item":"https:\/\/www.wheelchairbasketball.ca\/fr\/technique\/"},{"@type":"ListItem","position":3,"name":"PNCE","item":"https:\/\/www.wheelchairbasketball.ca\/fr\/technique\/pnce\/"},{"@type":"ListItem","position":4,"name":"Contexte de comp\u00e9tition"}]},{"@type":"WebSite","@id":"https:\/\/www.wheelchairbasketball.ca\/#website","url":"https:\/\/www.wheelchairbasketball.ca\/","name":"Wheelchair Basketball Canada","description":"Real Life. Real Sport.","potentialAction":[{"@type":"SearchAction","target":{"@type":"EntryPoint","urlTemplate":"https:\/\/www.wheelchairbasketball.ca\/?s={search_term_string}"},"query-input":"required name=search_term_string"}],"inLanguage":"fr-FR"}]}},"_links":{"self":[{"href":"https:\/\/www.wheelchairbasketball.ca\/fr\/wp-json\/wp\/v2\/pages\/5624"}],"collection":[{"href":"https:\/\/www.wheelchairbasketball.ca\/fr\/wp-json\/wp\/v2\/pages"}],"about":[{"href":"https:\/\/www.wheelchairbasketball.ca\/fr\/wp-json\/wp\/v2\/types\/page"}],"author":[{"embeddable":true,"href":"https:\/\/www.wheelchairbasketball.ca\/fr\/wp-json\/wp\/v2\/users\/6"}],"replies":[{"embeddable":true,"href":"https:\/\/www.wheelchairbasketball.ca\/fr\/wp-json\/wp\/v2\/comments?post=5624"}],"version-history":[{"count":10,"href":"https:\/\/www.wheelchairbasketball.ca\/fr\/wp-json\/wp\/v2\/pages\/5624\/revisions"}],"predecessor-version":[{"id":17489,"href":"https:\/\/www.wheelchairbasketball.ca\/fr\/wp-json\/wp\/v2\/pages\/5624\/revisions\/17489"}],"up":[{"embeddable":true,"href":"https:\/\/www.wheelchairbasketball.ca\/fr\/wp-json\/wp\/v2\/pages\/1191"}],"wp:featuredmedia":[{"embeddable":true,"href":"https:\/\/www.wheelchairbasketball.ca\/fr\/wp-json\/wp\/v2\/media\/5634"}],"wp:attachment":[{"href":"https:\/\/www.wheelchairbasketball.ca\/fr\/wp-json\/wp\/v2\/media?parent=5624"}],"curies":[{"name":"wp","href":"https:\/\/api.w.org\/{rel}","templated":true}]}}