{"id":5638,"date":"2016-03-15T19:04:07","date_gmt":"2016-03-15T19:04:07","guid":{"rendered":"https:\/\/www.wheelchairbasketball.ca\/?page_id=5638"},"modified":"2016-03-18T15:57:57","modified_gmt":"2016-03-18T15:57:57","slug":"community-sport-stream","status":"publish","type":"page","link":"https:\/\/www.wheelchairbasketball.ca\/fr\/technique\/pnce\/community-sport-stream\/","title":{"rendered":"Contexte du sport communautaire"},"content":{"rendered":"<p><img loading=\"lazy\" decoding=\"async\" width=\"400\" height=\"311\" class=\"alignright size-full wp-image-5688\" src=\"https:\/\/www.wheelchairbasketball.ca\/wp-content\/uploads\/2016\/03\/CDM-Community-Sport-Stream-f.jpg\" alt=\"CDM Community Sport Stream-f\" srcset=\"https:\/\/www.wheelchairbasketball.ca\/wp-content\/uploads\/2016\/03\/CDM-Community-Sport-Stream-f.jpg 400w, https:\/\/www.wheelchairbasketball.ca\/wp-content\/uploads\/2016\/03\/CDM-Community-Sport-Stream-f-300x233.jpg 300w\" sizes=\"(max-width: 400px) 100vw, 400px\" \/>Le contexte Sport communautaire est ax\u00e9 sur les participants et participantes que l\u2019on initie \u00e0 un sport. Au basketball en fauteuil roulant, ce sont de tr\u00e8s jeunes enfants qui pratiquent ce sport pour la premi\u00e8re fois, mais aussi des jeunes ou des adultes. Les participants et participantes de ce contexte se lancent dans le sport pour se faire des amis, s\u2019amuser et apprendre une nouvelle activit\u00e9.<\/p>\n<p><img loading=\"lazy\" decoding=\"async\" class=\"alignnone wp-image-5640 size-full\" src=\"https:\/\/www.wheelchairbasketball.ca\/wp-content\/uploads\/2016\/03\/Community-Sport-Coach-f.jpg\" alt=\"Community Sport Coach-f\" width=\"283\" height=\"38\" \/><\/p>\n<p>Le r\u00f4le de l\u2019entra\u00eeneur consiste \u00e0 leur assurer un environnement amusant et s\u00e9curitaire et \u00e0 leur apprendre \u00e0 d\u00e9velopper certaines des habilet\u00e9s et capacit\u00e9s sportives du stade S\u2019amuser gr\u00e2ce au sport. L\u2019atelier Entra\u00eeneur du stade Fondamentaux est actuellement offert par Basketball Canada.<\/p>\n<p>Pour plus d\u2019informations, veuillez visiter\u00a0<a href=\"http:\/\/www.coach.ca\/basketball-p154507&amp;language=fr\" target=\"_blank\">www.coach.ca<\/a><\/p>\n","protected":false},"excerpt":{"rendered":"Le contexte Sport communautaire est ax\u00e9 sur les participants et participantes que l\u2019on initie \u00e0 un sport. Au basketball en fauteuil roulant, ce sont de tr\u00e8s jeunes enfants qui pratiquent ce sport pour la premi\u00e8re fois, mais aussi des jeunes ou des adultes. Les participants et participantes de ce contexte se lancent dans le sport [&hellip;]","protected":false},"author":6,"featured_media":5644,"parent":1191,"menu_order":1,"comment_status":"closed","ping_status":"closed","template":"","meta":{"om_disable_all_campaigns":false,"_monsterinsights_skip_tracking":false,"_monsterinsights_sitenote_active":false,"_monsterinsights_sitenote_note":"","_monsterinsights_sitenote_category":0,"footnotes":""},"acf":[],"yoast_head":"<!-- This site is optimized with the Yoast SEO plugin v21.9.1 - https:\/\/yoast.com\/wordpress\/plugins\/seo\/ -->\n<title>Contexte du sport communautaire - Wheelchair Basketball Canada<\/title>\n<meta name=\"robots\" content=\"index, follow, max-snippet:-1, max-image-preview:large, max-video-preview:-1\" \/>\n<link rel=\"canonical\" href=\"https:\/\/www.wheelchairbasketball.ca\/fr\/technique\/pnce\/community-sport-stream\/\" \/>\n<meta property=\"og:locale\" content=\"fr_FR\" \/>\n<meta property=\"og:type\" content=\"article\" \/>\n<meta property=\"og:title\" content=\"Contexte du sport communautaire - Wheelchair Basketball Canada\" \/>\n<meta property=\"og:description\" content=\"Le contexte Sport communautaire est ax\u00e9 sur les participants et participantes que l\u2019on initie \u00e0 un sport. Au basketball en fauteuil roulant, ce sont de tr\u00e8s jeunes enfants qui pratiquent ce sport pour la premi\u00e8re fois, mais aussi des jeunes ou des adultes. Les participants et participantes de ce contexte se lancent dans le sport [&hellip;]\" \/>\n<meta property=\"og:url\" content=\"https:\/\/www.wheelchairbasketball.ca\/fr\/technique\/pnce\/community-sport-stream\/\" \/>\n<meta property=\"og:site_name\" content=\"Wheelchair Basketball Canada\" \/>\n<meta property=\"article:publisher\" content=\"http:\/\/www.facebook.com\/wheelchairbasketball\" \/>\n<meta property=\"article:modified_time\" content=\"2016-03-18T15:57:57+00:00\" \/>\n<meta property=\"og:image\" content=\"https:\/\/www.wheelchairbasketball.ca\/wp-content\/uploads\/2016\/03\/NCCP-CommunityStream-feature-f.jpg\" \/>\n\t<meta property=\"og:image:width\" content=\"1400\" \/>\n\t<meta property=\"og:image:height\" content=\"600\" \/>\n\t<meta property=\"og:image:type\" content=\"image\/jpeg\" \/>\n<meta name=\"twitter:card\" content=\"summary_large_image\" \/>\n<meta name=\"twitter:site\" content=\"@WCBballCanada\" \/>\n<meta name=\"twitter:label1\" content=\"Dur\u00e9e de lecture estim\u00e9e\" \/>\n\t<meta name=\"twitter:data1\" content=\"1 minute\" \/>\n<script type=\"application\/ld+json\" class=\"yoast-schema-graph\">{\"@context\":\"https:\/\/schema.org\",\"@graph\":[{\"@type\":\"WebPage\",\"@id\":\"https:\/\/www.wheelchairbasketball.ca\/fr\/technique\/pnce\/community-sport-stream\/\",\"url\":\"https:\/\/www.wheelchairbasketball.ca\/fr\/technique\/pnce\/community-sport-stream\/\",\"name\":\"Contexte du sport communautaire - Wheelchair Basketball Canada\",\"isPartOf\":{\"@id\":\"https:\/\/www.wheelchairbasketball.ca\/#website\"},\"datePublished\":\"2016-03-15T19:04:07+00:00\",\"dateModified\":\"2016-03-18T15:57:57+00:00\",\"breadcrumb\":{\"@id\":\"https:\/\/www.wheelchairbasketball.ca\/fr\/technique\/pnce\/community-sport-stream\/#breadcrumb\"},\"inLanguage\":\"fr-FR\",\"potentialAction\":[{\"@type\":\"ReadAction\",\"target\":[\"https:\/\/www.wheelchairbasketball.ca\/fr\/technique\/pnce\/community-sport-stream\/\"]}]},{\"@type\":\"BreadcrumbList\",\"@id\":\"https:\/\/www.wheelchairbasketball.ca\/fr\/technique\/pnce\/community-sport-stream\/#breadcrumb\",\"itemListElement\":[{\"@type\":\"ListItem\",\"position\":1,\"name\":\"Home\",\"item\":\"https:\/\/www.wheelchairbasketball.ca\/fr\/\"},{\"@type\":\"ListItem\",\"position\":2,\"name\":\"Technique\",\"item\":\"https:\/\/www.wheelchairbasketball.ca\/fr\/technique\/\"},{\"@type\":\"ListItem\",\"position\":3,\"name\":\"PNCE\",\"item\":\"https:\/\/www.wheelchairbasketball.ca\/fr\/technique\/pnce\/\"},{\"@type\":\"ListItem\",\"position\":4,\"name\":\"Contexte du sport communautaire\"}]},{\"@type\":\"WebSite\",\"@id\":\"https:\/\/www.wheelchairbasketball.ca\/#website\",\"url\":\"https:\/\/www.wheelchairbasketball.ca\/\",\"name\":\"Wheelchair Basketball Canada\",\"description\":\"Real Life. Real Sport.\",\"potentialAction\":[{\"@type\":\"SearchAction\",\"target\":{\"@type\":\"EntryPoint\",\"urlTemplate\":\"https:\/\/www.wheelchairbasketball.ca\/?s={search_term_string}\"},\"query-input\":\"required name=search_term_string\"}],\"inLanguage\":\"fr-FR\"}]}<\/script>\n<!-- \/ Yoast SEO plugin. -->","yoast_head_json":{"title":"Contexte du sport communautaire - Wheelchair Basketball Canada","robots":{"index":"index","follow":"follow","max-snippet":"max-snippet:-1","max-image-preview":"max-image-preview:large","max-video-preview":"max-video-preview:-1"},"canonical":"https:\/\/www.wheelchairbasketball.ca\/fr\/technique\/pnce\/community-sport-stream\/","og_locale":"fr_FR","og_type":"article","og_title":"Contexte du sport communautaire - Wheelchair Basketball Canada","og_description":"Le contexte Sport communautaire est ax\u00e9 sur les participants et participantes que l\u2019on initie \u00e0 un sport. Au basketball en fauteuil roulant, ce sont de tr\u00e8s jeunes enfants qui pratiquent ce sport pour la premi\u00e8re fois, mais aussi des jeunes ou des adultes. Les participants et participantes de ce contexte se lancent dans le sport [&hellip;]","og_url":"https:\/\/www.wheelchairbasketball.ca\/fr\/technique\/pnce\/community-sport-stream\/","og_site_name":"Wheelchair Basketball Canada","article_publisher":"http:\/\/www.facebook.com\/wheelchairbasketball","article_modified_time":"2016-03-18T15:57:57+00:00","og_image":[{"width":1400,"height":600,"url":"https:\/\/www.wheelchairbasketball.ca\/wp-content\/uploads\/2016\/03\/NCCP-CommunityStream-feature-f.jpg","type":"image\/jpeg"}],"twitter_card":"summary_large_image","twitter_site":"@WCBballCanada","twitter_misc":{"Dur\u00e9e de lecture estim\u00e9e":"1 minute"},"schema":{"@context":"https:\/\/schema.org","@graph":[{"@type":"WebPage","@id":"https:\/\/www.wheelchairbasketball.ca\/fr\/technique\/pnce\/community-sport-stream\/","url":"https:\/\/www.wheelchairbasketball.ca\/fr\/technique\/pnce\/community-sport-stream\/","name":"Contexte du sport communautaire - Wheelchair Basketball Canada","isPartOf":{"@id":"https:\/\/www.wheelchairbasketball.ca\/#website"},"datePublished":"2016-03-15T19:04:07+00:00","dateModified":"2016-03-18T15:57:57+00:00","breadcrumb":{"@id":"https:\/\/www.wheelchairbasketball.ca\/fr\/technique\/pnce\/community-sport-stream\/#breadcrumb"},"inLanguage":"fr-FR","potentialAction":[{"@type":"ReadAction","target":["https:\/\/www.wheelchairbasketball.ca\/fr\/technique\/pnce\/community-sport-stream\/"]}]},{"@type":"BreadcrumbList","@id":"https:\/\/www.wheelchairbasketball.ca\/fr\/technique\/pnce\/community-sport-stream\/#breadcrumb","itemListElement":[{"@type":"ListItem","position":1,"name":"Home","item":"https:\/\/www.wheelchairbasketball.ca\/fr\/"},{"@type":"ListItem","position":2,"name":"Technique","item":"https:\/\/www.wheelchairbasketball.ca\/fr\/technique\/"},{"@type":"ListItem","position":3,"name":"PNCE","item":"https:\/\/www.wheelchairbasketball.ca\/fr\/technique\/pnce\/"},{"@type":"ListItem","position":4,"name":"Contexte du sport communautaire"}]},{"@type":"WebSite","@id":"https:\/\/www.wheelchairbasketball.ca\/#website","url":"https:\/\/www.wheelchairbasketball.ca\/","name":"Wheelchair Basketball Canada","description":"Real Life. Real Sport.","potentialAction":[{"@type":"SearchAction","target":{"@type":"EntryPoint","urlTemplate":"https:\/\/www.wheelchairbasketball.ca\/?s={search_term_string}"},"query-input":"required name=search_term_string"}],"inLanguage":"fr-FR"}]}},"_links":{"self":[{"href":"https:\/\/www.wheelchairbasketball.ca\/fr\/wp-json\/wp\/v2\/pages\/5638"}],"collection":[{"href":"https:\/\/www.wheelchairbasketball.ca\/fr\/wp-json\/wp\/v2\/pages"}],"about":[{"href":"https:\/\/www.wheelchairbasketball.ca\/fr\/wp-json\/wp\/v2\/types\/page"}],"author":[{"embeddable":true,"href":"https:\/\/www.wheelchairbasketball.ca\/fr\/wp-json\/wp\/v2\/users\/6"}],"replies":[{"embeddable":true,"href":"https:\/\/www.wheelchairbasketball.ca\/fr\/wp-json\/wp\/v2\/comments?post=5638"}],"version-history":[{"count":4,"href":"https:\/\/www.wheelchairbasketball.ca\/fr\/wp-json\/wp\/v2\/pages\/5638\/revisions"}],"predecessor-version":[{"id":5690,"href":"https:\/\/www.wheelchairbasketball.ca\/fr\/wp-json\/wp\/v2\/pages\/5638\/revisions\/5690"}],"up":[{"embeddable":true,"href":"https:\/\/www.wheelchairbasketball.ca\/fr\/wp-json\/wp\/v2\/pages\/1191"}],"wp:featuredmedia":[{"embeddable":true,"href":"https:\/\/www.wheelchairbasketball.ca\/fr\/wp-json\/wp\/v2\/media\/5644"}],"wp:attachment":[{"href":"https:\/\/www.wheelchairbasketball.ca\/fr\/wp-json\/wp\/v2\/media?parent=5638"}],"curies":[{"name":"wp","href":"https:\/\/api.w.org\/{rel}","templated":true}]}}