{"id":5740,"date":"2016-03-23T17:03:38","date_gmt":"2016-03-23T17:03:38","guid":{"rendered":"https:\/\/www.wheelchairbasketball.ca\/?page_id=5740"},"modified":"2016-03-23T17:04:48","modified_gmt":"2016-03-23T17:04:48","slug":"competition-developpement","status":"publish","type":"page","link":"https:\/\/www.wheelchairbasketball.ca\/fr\/technique\/pnce\/contexte-competition\/competition-developpement\/","title":{"rendered":"Comp\u00e9tition \u2013 D\u00e9veloppement"},"content":{"rendered":"<p>L\u2019atelier de Comp\u00e9tition \u2013 D\u00e9veloppement est un cours de 36 \u00e0 42\u00a0heures, s\u2019\u00e9chelonnant sur six jours, avec un apprentissage sur le terrain et hors terrain. Basketball en fauteuil roulant Canada exige que les candidats entra\u00eeneurs aient obtenu la certification de Comp\u00e9tition \u2013 Introduction et de Comp\u00e9tition \u2013 Introduction avanc\u00e9e (ou les anciennes \u00e9quivalences du PNCE) comme pr\u00e9alable. Les athl\u00e8tes seront au stade S\u2019entra\u00eener \u00e0 la comp\u00e9tition du DLTA.<\/p>\n<p><strong>\u00c2ge des athl\u00e8tes entra\u00een\u00e9s<\/strong><\/p>\n<p>Entr\u00e9e h\u00e2tive : filles de 15 \u00e0 18 ans, gar\u00e7ons de 16 \u00e0 18 ans.<br \/>\nEntr\u00e9e tardive : +4-5 ann\u00e9es d\u2019entra\u00eenement.<\/p>\n<p>Cet atelier est con\u00e7u pour les entra\u00eeneurs qui ont assist\u00e9 aux ateliers de Comp\u00e9tition \u2013 Introduction et de Comp\u00e9tition \u2013 Introduction avanc\u00e9e et qui entra\u00eenent des athl\u00e8tes au stade S\u2019entra\u00eener \u00e0 la comp\u00e9tition.<\/p>\n<p><strong>But de l\u2019atelier<\/strong><\/p>\n<p>Cet atelier est ax\u00e9 sur les sciences du sport et les comp\u00e9tences en entra\u00eenement propres au sport qui sont exig\u00e9es pour exercer les fonctions d\u2019entra\u00eeneur au niveau de Comp\u00e9tition \u2013 D\u00e9veloppement. Habituellement, l\u2019entra\u00eeneur est charg\u00e9 de programmes \u00e0 longueur d\u2019ann\u00e9e, pour les meilleures \u00e9quipes de club, les \u00e9quipes provinciales et les Jeux du Canada.<\/p>\n<p><strong>Trois \u00e0 cinq principaux \u00e9l\u00e9ments qu\u2019un entra\u00eeneur apprendra dans cet atelier<\/strong><\/p>\n<ol>\n<li>Planification de la saison, y compris le plan annuel de performance, les phases saisonni\u00e8res, l\u2019utilisation d\u2019entra\u00eenement mental, la planification des voyages et des tournois, la conception de programmes de sport et la planification d\u2019une performance de pointe.<\/li>\n<li>Enseignement de strat\u00e9gies et de tactiques de basketball en fauteuil roulant, y compris toute une gamme de techniques d\u2019entra\u00eenement, la conception d\u2019activit\u00e9s, la prise de d\u00e9cisions et l\u2019enseignement de situations sp\u00e9ciales de jeu.<\/li>\n<li>Analyse de l\u2019ex\u00e9cution d\u2019habilet\u00e9s et de tactiques individuelles et d\u2019\u00e9quipe, y\u00a0compris l\u2019analyse biom\u00e9canique, l\u2019analyse de vid\u00e9os et le d\u00e9pistage de talents.<\/li>\n<\/ol>\n<p><strong>Dur\u00e9e de l\u2019atelier<\/strong><\/p>\n<p>De 36 \u00e0 42\u00a0heures, s\u2019\u00e9chelonnant sur six jours.<\/p>\n<p><strong>Lieu de l\u2019atelier<\/strong><\/p>\n<p>En classe et dans le gymnase, plus r\u00e9unions en ligne avant l\u2019atelier.<\/p>\n<p><strong>Autres exigences pour la certification (PDE, Croix-Rouge, etc.)<\/strong><\/p>\n<p>Bien qu\u2019il n\u2019y ait aucune exigence pour la certification, les entra\u00eeneurs devraient avoir ant\u00e9rieurement assist\u00e9 aux ateliers de Comp\u00e9tition \u2013 Introduction et de Comp\u00e9tition \u2013 Introduction avanc\u00e9e. L\u2019entra\u00eeneur recevra le \u00ab\u00a0statut en formation\u00a0\u00bb apr\u00e8s avoir achev\u00e9 le cours. Les entra\u00eeneurs doivent aussi r\u00e9ussir les modules Prise de d\u00e9cisions \u00e9thiques, Diriger un sport sans dopage et Gestion des conflits pour \u00eatre certifi\u00e9s.<\/p>\n<h3>Cheminement de l\u2019entra\u00eeneur<\/h3>\n<p>&nbsp;<\/p>\n<h3><a href=\"https:\/\/www.wheelchairbasketball.ca\/wp-content\/uploads\/2016\/03\/COMPETITION-DEVELOPMENT-COACH-PATHWAY-800px-f.jpg\" rel=\"attachment wp-att-5737\"><img loading=\"lazy\" decoding=\"async\" class=\"alignleft wp-image-5737 size-full\" src=\"https:\/\/www.wheelchairbasketball.ca\/wp-content\/uploads\/2016\/03\/COMPETITION-DEVELOPMENT-COACH-PATHWAY-800px-f.jpg\" alt=\"COMPETITION DEVELOPMENT COACH PATHWAY-800px-f\" width=\"800\" height=\"618\" srcset=\"https:\/\/www.wheelchairbasketball.ca\/wp-content\/uploads\/2016\/03\/COMPETITION-DEVELOPMENT-COACH-PATHWAY-800px-f.jpg 800w, https:\/\/www.wheelchairbasketball.ca\/wp-content\/uploads\/2016\/03\/COMPETITION-DEVELOPMENT-COACH-PATHWAY-800px-f-300x232.jpg 300w, https:\/\/www.wheelchairbasketball.ca\/wp-content\/uploads\/2016\/03\/COMPETITION-DEVELOPMENT-COACH-PATHWAY-800px-f-768x593.jpg 768w\" sizes=\"(max-width: 800px) 100vw, 800px\" \/><\/a><\/h3>\n<h3>Comment s\u2019inscrire<\/h3>\n<p>S\u2019il vous int\u00e9resse de devenir un entra\u00eeneur qualifi\u00e9 dans le programme du PNCE de Basketball en fauteuil roulant Canada, veuillez contacter votre <a href=\"https:\/\/www.wheelchairbasketball.ca\/fr\/a-propos-de-nous\/nos-membres\/\">organisme provincial de sport<\/a> pour vous informer des cours de certification pr\u00e8s de chez vous.<\/p>\n","protected":false},"excerpt":{"rendered":"L\u2019atelier de Comp\u00e9tition \u2013 D\u00e9veloppement est un cours de 36 \u00e0 42\u00a0heures, s\u2019\u00e9chelonnant sur six jours, avec un apprentissage sur le terrain et hors terrain. Basketball en fauteuil roulant Canada exige que les candidats entra\u00eeneurs aient obtenu la certification de Comp\u00e9tition \u2013 Introduction et de Comp\u00e9tition \u2013 Introduction avanc\u00e9e (ou les anciennes \u00e9quivalences du PNCE) [&hellip;]","protected":false},"author":6,"featured_media":5710,"parent":5624,"menu_order":2,"comment_status":"closed","ping_status":"closed","template":"","meta":{"om_disable_all_campaigns":false,"_monsterinsights_skip_tracking":false,"_monsterinsights_sitenote_active":false,"_monsterinsights_sitenote_note":"","_monsterinsights_sitenote_category":0,"footnotes":""},"acf":[],"yoast_head":"<!-- This site is optimized with the Yoast SEO plugin v21.9.1 - https:\/\/yoast.com\/wordpress\/plugins\/seo\/ -->\n<title>Comp\u00e9tition \u2013 D\u00e9veloppement - Wheelchair Basketball Canada<\/title>\n<meta name=\"robots\" content=\"index, follow, max-snippet:-1, max-image-preview:large, max-video-preview:-1\" \/>\n<link rel=\"canonical\" href=\"https:\/\/www.wheelchairbasketball.ca\/fr\/technique\/pnce\/contexte-competition\/competition-developpement\/\" \/>\n<meta property=\"og:locale\" content=\"fr_FR\" \/>\n<meta property=\"og:type\" content=\"article\" \/>\n<meta property=\"og:title\" content=\"Comp\u00e9tition \u2013 D\u00e9veloppement - Wheelchair Basketball Canada\" \/>\n<meta property=\"og:description\" content=\"L\u2019atelier de Comp\u00e9tition \u2013 D\u00e9veloppement est un cours de 36 \u00e0 42\u00a0heures, s\u2019\u00e9chelonnant sur six jours, avec un apprentissage sur le terrain et hors terrain. Basketball en fauteuil roulant Canada exige que les candidats entra\u00eeneurs aient obtenu la certification de Comp\u00e9tition \u2013 Introduction et de Comp\u00e9tition \u2013 Introduction avanc\u00e9e (ou les anciennes \u00e9quivalences du PNCE) [&hellip;]\" \/>\n<meta property=\"og:url\" content=\"https:\/\/www.wheelchairbasketball.ca\/fr\/technique\/pnce\/contexte-competition\/competition-developpement\/\" \/>\n<meta property=\"og:site_name\" content=\"Wheelchair Basketball Canada\" \/>\n<meta property=\"article:publisher\" content=\"http:\/\/www.facebook.com\/wheelchairbasketball\" \/>\n<meta property=\"article:modified_time\" content=\"2016-03-23T17:04:48+00:00\" \/>\n<meta property=\"og:image\" content=\"https:\/\/www.wheelchairbasketball.ca\/wp-content\/uploads\/2016\/03\/NCCP-CompDev-feature.jpg\" \/>\n\t<meta property=\"og:image:width\" content=\"1400\" \/>\n\t<meta property=\"og:image:height\" content=\"600\" \/>\n\t<meta property=\"og:image:type\" content=\"image\/jpeg\" \/>\n<meta name=\"twitter:card\" content=\"summary_large_image\" \/>\n<meta name=\"twitter:site\" content=\"@WCBballCanada\" \/>\n<meta name=\"twitter:label1\" content=\"Dur\u00e9e de lecture estim\u00e9e\" \/>\n\t<meta name=\"twitter:data1\" content=\"2 minutes\" \/>\n<script type=\"application\/ld+json\" class=\"yoast-schema-graph\">{\"@context\":\"https:\/\/schema.org\",\"@graph\":[{\"@type\":\"WebPage\",\"@id\":\"https:\/\/www.wheelchairbasketball.ca\/fr\/technique\/pnce\/contexte-competition\/competition-developpement\/\",\"url\":\"https:\/\/www.wheelchairbasketball.ca\/fr\/technique\/pnce\/contexte-competition\/competition-developpement\/\",\"name\":\"Comp\u00e9tition \u2013 D\u00e9veloppement - Wheelchair Basketball Canada\",\"isPartOf\":{\"@id\":\"https:\/\/www.wheelchairbasketball.ca\/#website\"},\"datePublished\":\"2016-03-23T17:03:38+00:00\",\"dateModified\":\"2016-03-23T17:04:48+00:00\",\"breadcrumb\":{\"@id\":\"https:\/\/www.wheelchairbasketball.ca\/fr\/technique\/pnce\/contexte-competition\/competition-developpement\/#breadcrumb\"},\"inLanguage\":\"fr-FR\",\"potentialAction\":[{\"@type\":\"ReadAction\",\"target\":[\"https:\/\/www.wheelchairbasketball.ca\/fr\/technique\/pnce\/contexte-competition\/competition-developpement\/\"]}]},{\"@type\":\"BreadcrumbList\",\"@id\":\"https:\/\/www.wheelchairbasketball.ca\/fr\/technique\/pnce\/contexte-competition\/competition-developpement\/#breadcrumb\",\"itemListElement\":[{\"@type\":\"ListItem\",\"position\":1,\"name\":\"Home\",\"item\":\"https:\/\/www.wheelchairbasketball.ca\/fr\/\"},{\"@type\":\"ListItem\",\"position\":2,\"name\":\"Technique\",\"item\":\"https:\/\/www.wheelchairbasketball.ca\/fr\/technique\/\"},{\"@type\":\"ListItem\",\"position\":3,\"name\":\"PNCE\",\"item\":\"https:\/\/www.wheelchairbasketball.ca\/fr\/technique\/pnce\/\"},{\"@type\":\"ListItem\",\"position\":4,\"name\":\"Contexte de comp\u00e9tition\",\"item\":\"https:\/\/www.wheelchairbasketball.ca\/fr\/technique\/pnce\/contexte-competition\/\"},{\"@type\":\"ListItem\",\"position\":5,\"name\":\"Comp\u00e9tition \u2013 D\u00e9veloppement\"}]},{\"@type\":\"WebSite\",\"@id\":\"https:\/\/www.wheelchairbasketball.ca\/#website\",\"url\":\"https:\/\/www.wheelchairbasketball.ca\/\",\"name\":\"Wheelchair Basketball Canada\",\"description\":\"Real Life. Real Sport.\",\"potentialAction\":[{\"@type\":\"SearchAction\",\"target\":{\"@type\":\"EntryPoint\",\"urlTemplate\":\"https:\/\/www.wheelchairbasketball.ca\/?s={search_term_string}\"},\"query-input\":\"required name=search_term_string\"}],\"inLanguage\":\"fr-FR\"}]}<\/script>\n<!-- \/ Yoast SEO plugin. -->","yoast_head_json":{"title":"Comp\u00e9tition \u2013 D\u00e9veloppement - Wheelchair Basketball Canada","robots":{"index":"index","follow":"follow","max-snippet":"max-snippet:-1","max-image-preview":"max-image-preview:large","max-video-preview":"max-video-preview:-1"},"canonical":"https:\/\/www.wheelchairbasketball.ca\/fr\/technique\/pnce\/contexte-competition\/competition-developpement\/","og_locale":"fr_FR","og_type":"article","og_title":"Comp\u00e9tition \u2013 D\u00e9veloppement - Wheelchair Basketball Canada","og_description":"L\u2019atelier de Comp\u00e9tition \u2013 D\u00e9veloppement est un cours de 36 \u00e0 42\u00a0heures, s\u2019\u00e9chelonnant sur six jours, avec un apprentissage sur le terrain et hors terrain. Basketball en fauteuil roulant Canada exige que les candidats entra\u00eeneurs aient obtenu la certification de Comp\u00e9tition \u2013 Introduction et de Comp\u00e9tition \u2013 Introduction avanc\u00e9e (ou les anciennes \u00e9quivalences du PNCE) [&hellip;]","og_url":"https:\/\/www.wheelchairbasketball.ca\/fr\/technique\/pnce\/contexte-competition\/competition-developpement\/","og_site_name":"Wheelchair Basketball Canada","article_publisher":"http:\/\/www.facebook.com\/wheelchairbasketball","article_modified_time":"2016-03-23T17:04:48+00:00","og_image":[{"width":1400,"height":600,"url":"https:\/\/www.wheelchairbasketball.ca\/wp-content\/uploads\/2016\/03\/NCCP-CompDev-feature.jpg","type":"image\/jpeg"}],"twitter_card":"summary_large_image","twitter_site":"@WCBballCanada","twitter_misc":{"Dur\u00e9e de lecture estim\u00e9e":"2 minutes"},"schema":{"@context":"https:\/\/schema.org","@graph":[{"@type":"WebPage","@id":"https:\/\/www.wheelchairbasketball.ca\/fr\/technique\/pnce\/contexte-competition\/competition-developpement\/","url":"https:\/\/www.wheelchairbasketball.ca\/fr\/technique\/pnce\/contexte-competition\/competition-developpement\/","name":"Comp\u00e9tition \u2013 D\u00e9veloppement - Wheelchair Basketball Canada","isPartOf":{"@id":"https:\/\/www.wheelchairbasketball.ca\/#website"},"datePublished":"2016-03-23T17:03:38+00:00","dateModified":"2016-03-23T17:04:48+00:00","breadcrumb":{"@id":"https:\/\/www.wheelchairbasketball.ca\/fr\/technique\/pnce\/contexte-competition\/competition-developpement\/#breadcrumb"},"inLanguage":"fr-FR","potentialAction":[{"@type":"ReadAction","target":["https:\/\/www.wheelchairbasketball.ca\/fr\/technique\/pnce\/contexte-competition\/competition-developpement\/"]}]},{"@type":"BreadcrumbList","@id":"https:\/\/www.wheelchairbasketball.ca\/fr\/technique\/pnce\/contexte-competition\/competition-developpement\/#breadcrumb","itemListElement":[{"@type":"ListItem","position":1,"name":"Home","item":"https:\/\/www.wheelchairbasketball.ca\/fr\/"},{"@type":"ListItem","position":2,"name":"Technique","item":"https:\/\/www.wheelchairbasketball.ca\/fr\/technique\/"},{"@type":"ListItem","position":3,"name":"PNCE","item":"https:\/\/www.wheelchairbasketball.ca\/fr\/technique\/pnce\/"},{"@type":"ListItem","position":4,"name":"Contexte de comp\u00e9tition","item":"https:\/\/www.wheelchairbasketball.ca\/fr\/technique\/pnce\/contexte-competition\/"},{"@type":"ListItem","position":5,"name":"Comp\u00e9tition \u2013 D\u00e9veloppement"}]},{"@type":"WebSite","@id":"https:\/\/www.wheelchairbasketball.ca\/#website","url":"https:\/\/www.wheelchairbasketball.ca\/","name":"Wheelchair Basketball Canada","description":"Real Life. Real Sport.","potentialAction":[{"@type":"SearchAction","target":{"@type":"EntryPoint","urlTemplate":"https:\/\/www.wheelchairbasketball.ca\/?s={search_term_string}"},"query-input":"required name=search_term_string"}],"inLanguage":"fr-FR"}]}},"_links":{"self":[{"href":"https:\/\/www.wheelchairbasketball.ca\/fr\/wp-json\/wp\/v2\/pages\/5740"}],"collection":[{"href":"https:\/\/www.wheelchairbasketball.ca\/fr\/wp-json\/wp\/v2\/pages"}],"about":[{"href":"https:\/\/www.wheelchairbasketball.ca\/fr\/wp-json\/wp\/v2\/types\/page"}],"author":[{"embeddable":true,"href":"https:\/\/www.wheelchairbasketball.ca\/fr\/wp-json\/wp\/v2\/users\/6"}],"replies":[{"embeddable":true,"href":"https:\/\/www.wheelchairbasketball.ca\/fr\/wp-json\/wp\/v2\/comments?post=5740"}],"version-history":[{"count":2,"href":"https:\/\/www.wheelchairbasketball.ca\/fr\/wp-json\/wp\/v2\/pages\/5740\/revisions"}],"predecessor-version":[{"id":5742,"href":"https:\/\/www.wheelchairbasketball.ca\/fr\/wp-json\/wp\/v2\/pages\/5740\/revisions\/5742"}],"up":[{"embeddable":true,"href":"https:\/\/www.wheelchairbasketball.ca\/fr\/wp-json\/wp\/v2\/pages\/5624"}],"wp:featuredmedia":[{"embeddable":true,"href":"https:\/\/www.wheelchairbasketball.ca\/fr\/wp-json\/wp\/v2\/media\/5710"}],"wp:attachment":[{"href":"https:\/\/www.wheelchairbasketball.ca\/fr\/wp-json\/wp\/v2\/media?parent=5740"}],"curies":[{"name":"wp","href":"https:\/\/api.w.org\/{rel}","templated":true}]}}