{"id":5743,"date":"2016-03-23T17:07:56","date_gmt":"2016-03-23T17:07:56","guid":{"rendered":"https:\/\/www.wheelchairbasketball.ca\/?page_id=5743"},"modified":"2016-03-23T17:07:56","modified_gmt":"2016-03-23T17:07:56","slug":"competition-introduction-avancee","status":"publish","type":"page","link":"https:\/\/www.wheelchairbasketball.ca\/fr\/technique\/pnce\/contexte-competition\/competition-introduction-avancee\/","title":{"rendered":"Comp\u00e9tition \u2013 Introduction avanc\u00e9e"},"content":{"rendered":"<p>L\u2019atelier de Comp\u00e9tition \u2013 Introduction avanc\u00e9e est un cours de 22\u00a0heures, s\u2019\u00e9chelonnant sur trois \u00e0 quatre jours, avec un apprentissage sur le terrain et hors terrain. Le cours de Comp\u00e9tition \u2013 Introduction est le pr\u00e9alable exig\u00e9. Les athl\u00e8tes seront au stade S\u2019entra\u00eener \u00e0 s\u2019entra\u00eener du DLTA.<\/p>\n<p><strong>\u00c2ge des athl\u00e8tes entra\u00een\u00e9s<\/strong><\/p>\n<p>Entr\u00e9e h\u00e2tive : filles de 11 \u00e0 15 ans, gar\u00e7ons de 12 \u00e0 16 ans.<br \/>\nEntr\u00e9e tardive : +2-5 ann\u00e9es d\u2019entra\u00eenement.<\/p>\n<p><strong>Participants \u00e0 l\u2019atelier<\/strong><\/p>\n<p>Cet atelier est con\u00e7u pour les entra\u00eeneurs qui ont assist\u00e9 \u00e0 l\u2019atelier de Comp\u00e9tition \u2013 Introduction.<\/p>\n<p><strong>But de l\u2019atelier<\/strong><\/p>\n<p>Le but de cet atelier est de continuer \u00e0 apprendre \u00e0 enseigner les habilet\u00e9s et les tactiques de base du basketball en fauteuil roulant et d\u2019appuyer l\u2019exp\u00e9rience de comp\u00e9tition.<\/p>\n<p><strong>Trois \u00e0 cinq principaux \u00e9l\u00e9ments qu\u2019un entra\u00eeneur apprendra dans cet atelier<\/strong><\/p>\n<ol>\n<li>Concepts avanc\u00e9s, tels que l\u2019int\u00e9gration des habilet\u00e9s mentales dans les s\u00e9ances d\u2019entra\u00eenement et les matchs, la planification de s\u00e9ances d\u2019entra\u00eenement pour diff\u00e9rentes phases d\u2019une saison ainsi que la formulation de r\u00e9troactions efficaces et le questionnement.<\/li>\n<li>Conception et gestion d\u2019un programme de sport.<\/li>\n<li>Conception efficace et mise en \u0153uvre des composantes d\u2019une s\u00e9ance d\u2019entra\u00eenement, y compris l\u2019utilisation de la m\u00e9thode globale-fractionn\u00e9e et les progressions d\u2019apprentissage.<\/li>\n<\/ol>\n<p><strong>Dur\u00e9e de l\u2019atelier<\/strong><\/p>\n<p>Cours de 22\u00a0heures, s\u2019\u00e9chelonnant sur trois \u00e0 quatre jours (habituellement le jeudi soir, toute la journ\u00e9e du vendredi et du samedi et le dimanche matin et apr\u00e8s-midi).<\/p>\n<p><strong>Lieu de l\u2019atelier<\/strong><\/p>\n<p>En classe et dans le gymnase.<\/p>\n<p><strong>Autres exigences pour la certification<\/strong><\/p>\n<p>Bien qu\u2019il n\u2019y ait aucune exigence pour la certification, les entra\u00eeneurs devraient avoir ant\u00e9rieurement assist\u00e9 \u00e0 l\u2019atelier de Comp\u00e9tition \u2013 Introduction. L\u2019entra\u00eeneur recevra le \u00ab\u00a0statut en formation\u00a0\u00bb apr\u00e8s avoir achev\u00e9 le cours.<\/p>\n<h3>Cheminement de l\u2019entra\u00eeneur<\/h3>\n<p><a href=\"https:\/\/www.wheelchairbasketball.ca\/wp-content\/uploads\/2016\/03\/COMPETITION-INTRO-ADVANCED-COACH-PATHWAY-800px-f.jpg\" rel=\"attachment wp-att-5736\"><img loading=\"lazy\" decoding=\"async\" class=\"alignleft wp-image-5736 size-full\" src=\"https:\/\/www.wheelchairbasketball.ca\/wp-content\/uploads\/2016\/03\/COMPETITION-INTRO-ADVANCED-COACH-PATHWAY-800px-f.jpg\" alt=\"COMPETITION INTRO-ADVANCED COACH PATHWAY-800px-f\" width=\"800\" height=\"618\" srcset=\"https:\/\/www.wheelchairbasketball.ca\/wp-content\/uploads\/2016\/03\/COMPETITION-INTRO-ADVANCED-COACH-PATHWAY-800px-f.jpg 800w, https:\/\/www.wheelchairbasketball.ca\/wp-content\/uploads\/2016\/03\/COMPETITION-INTRO-ADVANCED-COACH-PATHWAY-800px-f-300x232.jpg 300w, https:\/\/www.wheelchairbasketball.ca\/wp-content\/uploads\/2016\/03\/COMPETITION-INTRO-ADVANCED-COACH-PATHWAY-800px-f-768x593.jpg 768w\" sizes=\"(max-width: 800px) 100vw, 800px\" \/><\/a><\/p>\n<p>&nbsp;<\/p>\n<h3>Comment s\u2019inscrire<\/h3>\n<p>S\u2019il vous int\u00e9resse de devenir un entra\u00eeneur qualifi\u00e9 dans le programme du PNCE de Basketball en fauteuil roulant Canada, veuillez contacter votre <a href=\"https:\/\/www.wheelchairbasketball.ca\/fr\/a-propos-de-nous\/nos-membres\/\">organisme provincial de sport<\/a> pour vous informer des cours de certification pr\u00e8s de chez vous.<\/p>\n","protected":false},"excerpt":{"rendered":"L\u2019atelier de Comp\u00e9tition \u2013 Introduction avanc\u00e9e est un cours de 22\u00a0heures, s\u2019\u00e9chelonnant sur trois \u00e0 quatre jours, avec un apprentissage sur le terrain et hors terrain. Le cours de Comp\u00e9tition \u2013 Introduction est le pr\u00e9alable exig\u00e9. Les athl\u00e8tes seront au stade S\u2019entra\u00eener \u00e0 s\u2019entra\u00eener du DLTA. \u00c2ge des athl\u00e8tes entra\u00een\u00e9s Entr\u00e9e h\u00e2tive : filles de [&hellip;]","protected":false},"author":6,"featured_media":5713,"parent":5624,"menu_order":1,"comment_status":"closed","ping_status":"closed","template":"","meta":{"om_disable_all_campaigns":false,"_monsterinsights_skip_tracking":false,"_monsterinsights_sitenote_active":false,"_monsterinsights_sitenote_note":"","_monsterinsights_sitenote_category":0,"footnotes":""},"acf":[],"yoast_head":"<!-- This site is optimized with the Yoast SEO plugin v21.9.1 - https:\/\/yoast.com\/wordpress\/plugins\/seo\/ -->\n<title>Comp\u00e9tition \u2013 Introduction avanc\u00e9e - Wheelchair Basketball Canada<\/title>\n<meta name=\"robots\" content=\"index, follow, max-snippet:-1, max-image-preview:large, max-video-preview:-1\" \/>\n<link rel=\"canonical\" href=\"https:\/\/www.wheelchairbasketball.ca\/fr\/technique\/pnce\/contexte-competition\/competition-introduction-avancee\/\" \/>\n<meta property=\"og:locale\" content=\"fr_FR\" \/>\n<meta property=\"og:type\" content=\"article\" \/>\n<meta property=\"og:title\" content=\"Comp\u00e9tition \u2013 Introduction avanc\u00e9e - Wheelchair Basketball Canada\" \/>\n<meta property=\"og:description\" content=\"L\u2019atelier de Comp\u00e9tition \u2013 Introduction avanc\u00e9e est un cours de 22\u00a0heures, s\u2019\u00e9chelonnant sur trois \u00e0 quatre jours, avec un apprentissage sur le terrain et hors terrain. Le cours de Comp\u00e9tition \u2013 Introduction est le pr\u00e9alable exig\u00e9. Les athl\u00e8tes seront au stade S\u2019entra\u00eener \u00e0 s\u2019entra\u00eener du DLTA. \u00c2ge des athl\u00e8tes entra\u00een\u00e9s Entr\u00e9e h\u00e2tive : filles de [&hellip;]\" \/>\n<meta property=\"og:url\" content=\"https:\/\/www.wheelchairbasketball.ca\/fr\/technique\/pnce\/contexte-competition\/competition-introduction-avancee\/\" \/>\n<meta property=\"og:site_name\" content=\"Wheelchair Basketball Canada\" \/>\n<meta property=\"article:publisher\" content=\"http:\/\/www.facebook.com\/wheelchairbasketball\" \/>\n<meta property=\"og:image\" content=\"https:\/\/www.wheelchairbasketball.ca\/wp-content\/uploads\/2016\/03\/NCCP-CompIntAdv-feature.jpg\" \/>\n\t<meta property=\"og:image:width\" content=\"1400\" \/>\n\t<meta property=\"og:image:height\" content=\"600\" \/>\n\t<meta property=\"og:image:type\" content=\"image\/jpeg\" \/>\n<meta name=\"twitter:card\" content=\"summary_large_image\" \/>\n<meta name=\"twitter:site\" content=\"@WCBballCanada\" \/>\n<meta name=\"twitter:label1\" content=\"Dur\u00e9e de lecture estim\u00e9e\" \/>\n\t<meta name=\"twitter:data1\" content=\"2 minutes\" \/>\n<script type=\"application\/ld+json\" class=\"yoast-schema-graph\">{\"@context\":\"https:\/\/schema.org\",\"@graph\":[{\"@type\":\"WebPage\",\"@id\":\"https:\/\/www.wheelchairbasketball.ca\/fr\/technique\/pnce\/contexte-competition\/competition-introduction-avancee\/\",\"url\":\"https:\/\/www.wheelchairbasketball.ca\/fr\/technique\/pnce\/contexte-competition\/competition-introduction-avancee\/\",\"name\":\"Comp\u00e9tition \u2013 Introduction avanc\u00e9e - Wheelchair Basketball Canada\",\"isPartOf\":{\"@id\":\"https:\/\/www.wheelchairbasketball.ca\/#website\"},\"datePublished\":\"2016-03-23T17:07:56+00:00\",\"dateModified\":\"2016-03-23T17:07:56+00:00\",\"breadcrumb\":{\"@id\":\"https:\/\/www.wheelchairbasketball.ca\/fr\/technique\/pnce\/contexte-competition\/competition-introduction-avancee\/#breadcrumb\"},\"inLanguage\":\"fr-FR\",\"potentialAction\":[{\"@type\":\"ReadAction\",\"target\":[\"https:\/\/www.wheelchairbasketball.ca\/fr\/technique\/pnce\/contexte-competition\/competition-introduction-avancee\/\"]}]},{\"@type\":\"BreadcrumbList\",\"@id\":\"https:\/\/www.wheelchairbasketball.ca\/fr\/technique\/pnce\/contexte-competition\/competition-introduction-avancee\/#breadcrumb\",\"itemListElement\":[{\"@type\":\"ListItem\",\"position\":1,\"name\":\"Home\",\"item\":\"https:\/\/www.wheelchairbasketball.ca\/fr\/\"},{\"@type\":\"ListItem\",\"position\":2,\"name\":\"Technique\",\"item\":\"https:\/\/www.wheelchairbasketball.ca\/fr\/technique\/\"},{\"@type\":\"ListItem\",\"position\":3,\"name\":\"PNCE\",\"item\":\"https:\/\/www.wheelchairbasketball.ca\/fr\/technique\/pnce\/\"},{\"@type\":\"ListItem\",\"position\":4,\"name\":\"Contexte de comp\u00e9tition\",\"item\":\"https:\/\/www.wheelchairbasketball.ca\/fr\/technique\/pnce\/contexte-competition\/\"},{\"@type\":\"ListItem\",\"position\":5,\"name\":\"Comp\u00e9tition \u2013 Introduction avanc\u00e9e\"}]},{\"@type\":\"WebSite\",\"@id\":\"https:\/\/www.wheelchairbasketball.ca\/#website\",\"url\":\"https:\/\/www.wheelchairbasketball.ca\/\",\"name\":\"Wheelchair Basketball Canada\",\"description\":\"Real Life. Real Sport.\",\"potentialAction\":[{\"@type\":\"SearchAction\",\"target\":{\"@type\":\"EntryPoint\",\"urlTemplate\":\"https:\/\/www.wheelchairbasketball.ca\/?s={search_term_string}\"},\"query-input\":\"required name=search_term_string\"}],\"inLanguage\":\"fr-FR\"}]}<\/script>\n<!-- \/ Yoast SEO plugin. -->","yoast_head_json":{"title":"Comp\u00e9tition \u2013 Introduction avanc\u00e9e - Wheelchair Basketball Canada","robots":{"index":"index","follow":"follow","max-snippet":"max-snippet:-1","max-image-preview":"max-image-preview:large","max-video-preview":"max-video-preview:-1"},"canonical":"https:\/\/www.wheelchairbasketball.ca\/fr\/technique\/pnce\/contexte-competition\/competition-introduction-avancee\/","og_locale":"fr_FR","og_type":"article","og_title":"Comp\u00e9tition \u2013 Introduction avanc\u00e9e - Wheelchair Basketball Canada","og_description":"L\u2019atelier de Comp\u00e9tition \u2013 Introduction avanc\u00e9e est un cours de 22\u00a0heures, s\u2019\u00e9chelonnant sur trois \u00e0 quatre jours, avec un apprentissage sur le terrain et hors terrain. Le cours de Comp\u00e9tition \u2013 Introduction est le pr\u00e9alable exig\u00e9. Les athl\u00e8tes seront au stade S\u2019entra\u00eener \u00e0 s\u2019entra\u00eener du DLTA. \u00c2ge des athl\u00e8tes entra\u00een\u00e9s Entr\u00e9e h\u00e2tive : filles de [&hellip;]","og_url":"https:\/\/www.wheelchairbasketball.ca\/fr\/technique\/pnce\/contexte-competition\/competition-introduction-avancee\/","og_site_name":"Wheelchair Basketball Canada","article_publisher":"http:\/\/www.facebook.com\/wheelchairbasketball","og_image":[{"width":1400,"height":600,"url":"https:\/\/www.wheelchairbasketball.ca\/wp-content\/uploads\/2016\/03\/NCCP-CompIntAdv-feature.jpg","type":"image\/jpeg"}],"twitter_card":"summary_large_image","twitter_site":"@WCBballCanada","twitter_misc":{"Dur\u00e9e de lecture estim\u00e9e":"2 minutes"},"schema":{"@context":"https:\/\/schema.org","@graph":[{"@type":"WebPage","@id":"https:\/\/www.wheelchairbasketball.ca\/fr\/technique\/pnce\/contexte-competition\/competition-introduction-avancee\/","url":"https:\/\/www.wheelchairbasketball.ca\/fr\/technique\/pnce\/contexte-competition\/competition-introduction-avancee\/","name":"Comp\u00e9tition \u2013 Introduction avanc\u00e9e - Wheelchair Basketball Canada","isPartOf":{"@id":"https:\/\/www.wheelchairbasketball.ca\/#website"},"datePublished":"2016-03-23T17:07:56+00:00","dateModified":"2016-03-23T17:07:56+00:00","breadcrumb":{"@id":"https:\/\/www.wheelchairbasketball.ca\/fr\/technique\/pnce\/contexte-competition\/competition-introduction-avancee\/#breadcrumb"},"inLanguage":"fr-FR","potentialAction":[{"@type":"ReadAction","target":["https:\/\/www.wheelchairbasketball.ca\/fr\/technique\/pnce\/contexte-competition\/competition-introduction-avancee\/"]}]},{"@type":"BreadcrumbList","@id":"https:\/\/www.wheelchairbasketball.ca\/fr\/technique\/pnce\/contexte-competition\/competition-introduction-avancee\/#breadcrumb","itemListElement":[{"@type":"ListItem","position":1,"name":"Home","item":"https:\/\/www.wheelchairbasketball.ca\/fr\/"},{"@type":"ListItem","position":2,"name":"Technique","item":"https:\/\/www.wheelchairbasketball.ca\/fr\/technique\/"},{"@type":"ListItem","position":3,"name":"PNCE","item":"https:\/\/www.wheelchairbasketball.ca\/fr\/technique\/pnce\/"},{"@type":"ListItem","position":4,"name":"Contexte de comp\u00e9tition","item":"https:\/\/www.wheelchairbasketball.ca\/fr\/technique\/pnce\/contexte-competition\/"},{"@type":"ListItem","position":5,"name":"Comp\u00e9tition \u2013 Introduction avanc\u00e9e"}]},{"@type":"WebSite","@id":"https:\/\/www.wheelchairbasketball.ca\/#website","url":"https:\/\/www.wheelchairbasketball.ca\/","name":"Wheelchair Basketball Canada","description":"Real Life. Real Sport.","potentialAction":[{"@type":"SearchAction","target":{"@type":"EntryPoint","urlTemplate":"https:\/\/www.wheelchairbasketball.ca\/?s={search_term_string}"},"query-input":"required name=search_term_string"}],"inLanguage":"fr-FR"}]}},"_links":{"self":[{"href":"https:\/\/www.wheelchairbasketball.ca\/fr\/wp-json\/wp\/v2\/pages\/5743"}],"collection":[{"href":"https:\/\/www.wheelchairbasketball.ca\/fr\/wp-json\/wp\/v2\/pages"}],"about":[{"href":"https:\/\/www.wheelchairbasketball.ca\/fr\/wp-json\/wp\/v2\/types\/page"}],"author":[{"embeddable":true,"href":"https:\/\/www.wheelchairbasketball.ca\/fr\/wp-json\/wp\/v2\/users\/6"}],"replies":[{"embeddable":true,"href":"https:\/\/www.wheelchairbasketball.ca\/fr\/wp-json\/wp\/v2\/comments?post=5743"}],"version-history":[{"count":1,"href":"https:\/\/www.wheelchairbasketball.ca\/fr\/wp-json\/wp\/v2\/pages\/5743\/revisions"}],"predecessor-version":[{"id":5744,"href":"https:\/\/www.wheelchairbasketball.ca\/fr\/wp-json\/wp\/v2\/pages\/5743\/revisions\/5744"}],"up":[{"embeddable":true,"href":"https:\/\/www.wheelchairbasketball.ca\/fr\/wp-json\/wp\/v2\/pages\/5624"}],"wp:featuredmedia":[{"embeddable":true,"href":"https:\/\/www.wheelchairbasketball.ca\/fr\/wp-json\/wp\/v2\/media\/5713"}],"wp:attachment":[{"href":"https:\/\/www.wheelchairbasketball.ca\/fr\/wp-json\/wp\/v2\/media?parent=5743"}],"curies":[{"name":"wp","href":"https:\/\/api.w.org\/{rel}","templated":true}]}}