{"id":5745,"date":"2016-03-23T17:10:40","date_gmt":"2016-03-23T17:10:40","guid":{"rendered":"https:\/\/www.wheelchairbasketball.ca\/?page_id=5745"},"modified":"2022-10-14T19:15:20","modified_gmt":"2022-10-14T19:15:20","slug":"competition-introduction","status":"publish","type":"page","link":"https:\/\/www.wheelchairbasketball.ca\/fr\/technique\/pnce\/contexte-competition\/competition-introduction\/","title":{"rendered":"Comp\u00e9tition \u2013 Introduction"},"content":{"rendered":"<p>L\u2019atelier de Comp\u00e9tition \u2013 Introduction est un\u00a0cours de 19 heures, comptant quatre s\u00e9ances avec des composantes sur le terrain et en dehors. Les entra\u00eeneurs ne sont pas tenus d\u2019avoir d\u00e9j\u00e0 une certification d\u2019entra\u00eeneur. Les pr\u00e9requis de formation pour ce cours se trouvent dans la section suivante. Ce cours peut \u00eatre consid\u00e9r\u00e9 comme celui du niveau d\u2019entr\u00e9e \u00e0 la comp\u00e9tition. Les athl\u00e8tes seront au stade Apprendre \u00e0 s\u2019entra\u00eener du mod\u00e8le de d\u00e9veloppement \u00e0 long terme.<\/p>\n<p><strong>Pr\u00e9requis<\/strong><\/p>\n<p><a href=\"https:\/\/lecasier.coach.ca\/onlinelearning#EAP-F\">Plan d\u2019action d\u2019urgence du PNCE<\/a><br \/>\n<a href=\"https:\/\/lecasier.coach.ca\/onlinelearning#CAWAD-F\">Entra\u00eener des athl\u00e8tes ayant un handicap du PNCE<\/a><\/p>\n<p>Les t\u00e2ches pr\u00e9alables au cours, telles qu\u2019elles sont d\u00e9crites dans les cahiers de travail de l\u2019entra\u00eeneur, seront distribu\u00e9es lors de l\u2019inscription.<\/p>\n<p>Les entra\u00eeneurs candidats doivent \u00eatre \u00e2g\u00e9s d\u2019au moins 16 ans pour suivre ce cours.<\/p>\n<p><strong>\u00c2ge des athl\u00e8tes entra\u00een\u00e9s<\/strong><\/p>\n<p>Les athl\u00e8tes d\u2019entr\u00e9e pr\u00e9coce et d\u2019entr\u00e9e tardive se trouvent aux stades suivants :<\/p>\n<ul>\n<li>Fondamentaux, S\u2019entra\u00eener \u00e0 s\u2019entra\u00eener;<\/li>\n<li>Apprendre \u00e0 s\u2019entra\u00eener (principal objectif).<\/li>\n<\/ul>\n<p><strong>\u00c0 qui s\u2019adresse cet atelier<\/strong><strong>?<\/strong><\/p>\n<p>Cet atelier est con\u00e7u pour les entra\u00eeneurs qui souhaitent apprendre les habilet\u00e9s et les techniques n\u00e9cessaires pour exercer leurs fonctions dans des milieux d\u2019introduction \u00e0 la comp\u00e9tition. Les entra\u00eeneurs qui s\u2019int\u00e9ressent \u00e0 l\u2019approche par le jeu et souhaitent donner des r\u00e9troactions positives, efficaces et pr\u00e9cises en profiteront aussi.<\/p>\n<p><strong>Quel est le but de cet atelier?<\/strong><\/p>\n<p>Le but de cet atelier d\u2019introduction est d\u2019apprendre \u00e0 enseigner les habilet\u00e9s et les tactiques de base du basketball en fauteuil roulant, qui seront exig\u00e9es \u00e0 l\u2019appui de l\u2019exp\u00e9rience de comp\u00e9tition.<\/p>\n<p><strong>Quels sont les principaux \u00e9l\u00e9ments qu\u2019un entra\u00eeneur apprendra dans cet atelier<\/strong><strong> ?<\/strong><\/p>\n<ol>\n<li>La m\u00e9thode d\u2019enseignement des habilet\u00e9s fondamentales du mouvement en basketball en fauteuil roulant et des habilet\u00e9s techniques et tactiques.<\/li>\n<\/ol>\n<p style=\"padding-left: 40px;\">a) Habilet\u00e9s du mouvement, telles que le d\u00e9part, l\u2019arr\u00eat et le virage<br \/>\nb) Habilet\u00e9s techniques du tir, de la passe, du maniement du ballon et de la position du fauteuil<br \/>\nc) Habilet\u00e9s tactiques, dont l\u2019\u00e9cran et la d\u00e9fense<\/p>\n<p>\u00a0 \u00a0 \u00a0 \u00a02. La fa\u00e7on d\u2019\u00e9laborer un plan d\u2019entra\u00eenement efficace<\/p>\n<p style=\"padding-left: 40px;\">a) Importance de la logistique dans l\u2019\u00e9laboration d\u2019un plan d\u2019entra\u00eenement<br \/>\nb) \u00c9tablissement d\u2019une structure appropri\u00e9e pour les s\u00e9ances d\u2019entra\u00eenement<br \/>\nc) D\u00e9termination des activit\u00e9s appropri\u00e9es pour chaque partie de l\u2019entra\u00eenement<\/p>\n<p>\u00a0 \u00a0 \u00a0 3. De multiples concepts de l\u2019entra\u00eenement (y compris, mais sans s\u2019y limiter, les progressions d\u2019apprentissage, l\u2019enseignement tout-partie-tout, l\u2019approche par le jeu)<\/p>\n<p style=\"padding-left: 40px;\">a) Comment cr\u00e9er une s\u00e9ance d\u2019entra\u00eenement ad\u00e9quatement structur\u00e9e et organis\u00e9e<br \/>\nb) Comment faire des interventions qui favorisent l\u2019apprentissage et le d\u00e9veloppement<\/p>\n<p>\u00a0 \u00a0 \u00a0 4. La compr\u00e9hension du concept et du mod\u00e8le de d\u00e9veloppement \u00e0 long terme<\/p>\n<p><strong>Lieu de l\u2019atelier<\/strong><\/p>\n<p>En classe (Zoom ou en personne) et dans le gymnase.<\/p>\n<p><strong>Quel sera votre \u00ab statut \u00bb dans Le Casier<\/strong><strong>? \u00a0<\/strong><\/p>\n<ol>\n<li>Les entra\u00eeneurs sont consid\u00e9r\u00e9s \u00ab\u00a0en formation\u00a0\u00bb pendant qu\u2019ils effectuent\u00a0:<\/li>\n<\/ol>\n<p style=\"padding-left: 40px;\">a) les t\u00e2ches pr\u00e9alables<br \/>\nb) les modules en classe et au gymnase<\/p>\n<ol start=\"2\">\n<li>L\u2019entra\u00eeneur recevra le statut \u00ab\u00a0en formation\u00a0\u00bb apr\u00e8s avoir\u00a0:<\/li>\n<\/ol>\n<p style=\"padding-left: 40px;\">a) respect\u00e9 les exigences ci-dessus<br \/>\nb) <a href=\"https:\/\/coach.ca\/fr\/prise-de-decisions-ethiques-pde\">termin\u00e9 le module de Prise de d\u00e9cisions \u00e9thiques du PNCE<\/a><\/p>\n<ol start=\"3\">\n<li>L\u2019entra\u00eeneur recevra le statut \u00ab\u00a0certifi\u00e9\u00a0\u00bb apr\u00e8s avoir termin\u00e9\u00a0:<\/li>\n<\/ol>\n<p style=\"padding-left: 40px;\">a) le portfolio et l\u2019\u00e9valuation de l\u2019entra\u00eeneur<br \/>\nb) <a href=\"https:\/\/coach.ca\/fr\/prendre-une-tete-davance-en-sport\">le module Prendre une t\u00eate d\u2019avance du PNCE<\/a><br \/>\nc) <a href=\"https:\/\/coach.ca\/fr\/nutrition-sportive-du-pnce\">le module Nutrition sportive du PNCE<\/a><\/p>\n<ul>\n<li>Un club, une r\u00e9gion, une province, une comp\u00e9tition ou autre* peut exiger le statut form\u00e9 ou certifi\u00e9<\/li>\n<\/ul>\n<h3><span style=\"vertical-align: inherit;\"><span style=\"vertical-align: inherit;\"><span style=\"vertical-align: inherit;\"><span style=\"vertical-align: inherit;\">Coach&rsquo;s Path<\/span><\/span><\/span><\/span><\/h3>\n<p><a href=\"https:\/\/www.wheelchairbasketball.ca\/wp-content\/uploads\/2022\/10\/Slide1-1.jpeg\"><img loading=\"lazy\" decoding=\"async\" width=\"720\" height=\"960\" class=\"alignnone size-full wp-image-17483\" src=\"https:\/\/www.wheelchairbasketball.ca\/wp-content\/uploads\/2022\/10\/Slide1-1.jpeg\" alt=\"\" srcset=\"https:\/\/www.wheelchairbasketball.ca\/wp-content\/uploads\/2022\/10\/Slide1-1.jpeg 720w, https:\/\/www.wheelchairbasketball.ca\/wp-content\/uploads\/2022\/10\/Slide1-1-225x300.jpeg 225w\" sizes=\"(max-width: 720px) 100vw, 720px\" \/><\/a><\/p>\n<h3><span style=\"vertical-align: inherit;\"><span style=\"vertical-align: inherit;\"><span style=\"vertical-align: inherit;\"><span style=\"vertical-align: inherit;\">How to register<\/span><\/span><\/span><\/span><\/h3>\n<p><span style=\"vertical-align: inherit;\"><span style=\"vertical-align: inherit;\"><span style=\"vertical-align: inherit;\"><span style=\"vertical-align: inherit;\">If you are interested in becoming a qualified coach in Wheelchair Basketball Canada&rsquo;s NCCP program, please contact your <\/span><\/span><\/span><\/span><a href=\"https:\/\/www.wheelchairbasketball.ca\/fr\/a-propos-de-nous\/nos-membres\/\"><span style=\"vertical-align: inherit;\"><span style=\"vertical-align: inherit;\"><span style=\"vertical-align: inherit;\"><span style=\"vertical-align: inherit;\">provincial sport organization<\/span><\/span><\/span><\/span><\/a><span style=\"vertical-align: inherit;\"><span style=\"vertical-align: inherit;\"><span style=\"vertical-align: inherit;\"><span style=\"vertical-align: inherit;\"> to find out about certification courses near you.<\/span><\/span><\/span><\/span><\/p>\n","protected":false},"excerpt":{"rendered":"L\u2019atelier de Comp\u00e9tition \u2013 Introduction est un\u00a0cours de 19 heures, comptant quatre s\u00e9ances avec des composantes sur le terrain et en dehors. Les entra\u00eeneurs ne sont pas tenus d\u2019avoir d\u00e9j\u00e0 une certification d\u2019entra\u00eeneur. Les pr\u00e9requis de formation pour ce cours se trouvent dans la section suivante. Ce cours peut \u00eatre consid\u00e9r\u00e9 comme celui du niveau [&hellip;]","protected":false},"author":6,"featured_media":5714,"parent":5624,"menu_order":0,"comment_status":"closed","ping_status":"closed","template":"","meta":{"om_disable_all_campaigns":false,"_monsterinsights_skip_tracking":false,"_monsterinsights_sitenote_active":false,"_monsterinsights_sitenote_note":"","_monsterinsights_sitenote_category":0,"footnotes":""},"acf":[],"yoast_head":"<!-- This site is optimized with the Yoast SEO plugin v21.9.1 - https:\/\/yoast.com\/wordpress\/plugins\/seo\/ -->\n<title>Comp\u00e9tition \u2013 Introduction - Wheelchair Basketball Canada<\/title>\n<meta name=\"robots\" content=\"index, follow, max-snippet:-1, max-image-preview:large, max-video-preview:-1\" \/>\n<link rel=\"canonical\" href=\"https:\/\/www.wheelchairbasketball.ca\/fr\/technique\/pnce\/contexte-competition\/competition-introduction\/\" \/>\n<meta property=\"og:locale\" content=\"fr_FR\" \/>\n<meta property=\"og:type\" content=\"article\" \/>\n<meta property=\"og:title\" content=\"Comp\u00e9tition \u2013 Introduction - Wheelchair Basketball Canada\" \/>\n<meta property=\"og:description\" content=\"L\u2019atelier de Comp\u00e9tition \u2013 Introduction est un\u00a0cours de 19 heures, comptant quatre s\u00e9ances avec des composantes sur le terrain et en dehors. Les entra\u00eeneurs ne sont pas tenus d\u2019avoir d\u00e9j\u00e0 une certification d\u2019entra\u00eeneur. Les pr\u00e9requis de formation pour ce cours se trouvent dans la section suivante. Ce cours peut \u00eatre consid\u00e9r\u00e9 comme celui du niveau [&hellip;]\" \/>\n<meta property=\"og:url\" content=\"https:\/\/www.wheelchairbasketball.ca\/fr\/technique\/pnce\/contexte-competition\/competition-introduction\/\" \/>\n<meta property=\"og:site_name\" content=\"Wheelchair Basketball Canada\" \/>\n<meta property=\"article:publisher\" content=\"http:\/\/www.facebook.com\/wheelchairbasketball\" \/>\n<meta property=\"article:modified_time\" content=\"2022-10-14T19:15:20+00:00\" \/>\n<meta property=\"og:image\" content=\"https:\/\/www.wheelchairbasketball.ca\/wp-content\/uploads\/2016\/03\/NCCP-CompIntro-feature.jpg\" \/>\n\t<meta property=\"og:image:width\" content=\"1400\" \/>\n\t<meta property=\"og:image:height\" content=\"600\" \/>\n\t<meta property=\"og:image:type\" content=\"image\/jpeg\" \/>\n<meta name=\"twitter:card\" content=\"summary_large_image\" \/>\n<meta name=\"twitter:site\" content=\"@WCBballCanada\" \/>\n<meta name=\"twitter:label1\" content=\"Dur\u00e9e de lecture estim\u00e9e\" \/>\n\t<meta name=\"twitter:data1\" content=\"3 minutes\" \/>\n<script type=\"application\/ld+json\" class=\"yoast-schema-graph\">{\"@context\":\"https:\/\/schema.org\",\"@graph\":[{\"@type\":\"WebPage\",\"@id\":\"https:\/\/www.wheelchairbasketball.ca\/fr\/technique\/pnce\/contexte-competition\/competition-introduction\/\",\"url\":\"https:\/\/www.wheelchairbasketball.ca\/fr\/technique\/pnce\/contexte-competition\/competition-introduction\/\",\"name\":\"Comp\u00e9tition \u2013 Introduction - Wheelchair Basketball Canada\",\"isPartOf\":{\"@id\":\"https:\/\/www.wheelchairbasketball.ca\/#website\"},\"datePublished\":\"2016-03-23T17:10:40+00:00\",\"dateModified\":\"2022-10-14T19:15:20+00:00\",\"breadcrumb\":{\"@id\":\"https:\/\/www.wheelchairbasketball.ca\/fr\/technique\/pnce\/contexte-competition\/competition-introduction\/#breadcrumb\"},\"inLanguage\":\"fr-FR\",\"potentialAction\":[{\"@type\":\"ReadAction\",\"target\":[\"https:\/\/www.wheelchairbasketball.ca\/fr\/technique\/pnce\/contexte-competition\/competition-introduction\/\"]}]},{\"@type\":\"BreadcrumbList\",\"@id\":\"https:\/\/www.wheelchairbasketball.ca\/fr\/technique\/pnce\/contexte-competition\/competition-introduction\/#breadcrumb\",\"itemListElement\":[{\"@type\":\"ListItem\",\"position\":1,\"name\":\"Home\",\"item\":\"https:\/\/www.wheelchairbasketball.ca\/fr\/\"},{\"@type\":\"ListItem\",\"position\":2,\"name\":\"Technique\",\"item\":\"https:\/\/www.wheelchairbasketball.ca\/fr\/technique\/\"},{\"@type\":\"ListItem\",\"position\":3,\"name\":\"PNCE\",\"item\":\"https:\/\/www.wheelchairbasketball.ca\/fr\/technique\/pnce\/\"},{\"@type\":\"ListItem\",\"position\":4,\"name\":\"Contexte de comp\u00e9tition\",\"item\":\"https:\/\/www.wheelchairbasketball.ca\/fr\/technique\/pnce\/contexte-competition\/\"},{\"@type\":\"ListItem\",\"position\":5,\"name\":\"Comp\u00e9tition \u2013 Introduction\"}]},{\"@type\":\"WebSite\",\"@id\":\"https:\/\/www.wheelchairbasketball.ca\/#website\",\"url\":\"https:\/\/www.wheelchairbasketball.ca\/\",\"name\":\"Wheelchair Basketball Canada\",\"description\":\"Real Life. Real Sport.\",\"potentialAction\":[{\"@type\":\"SearchAction\",\"target\":{\"@type\":\"EntryPoint\",\"urlTemplate\":\"https:\/\/www.wheelchairbasketball.ca\/?s={search_term_string}\"},\"query-input\":\"required name=search_term_string\"}],\"inLanguage\":\"fr-FR\"}]}<\/script>\n<!-- \/ Yoast SEO plugin. -->","yoast_head_json":{"title":"Comp\u00e9tition \u2013 Introduction - Wheelchair Basketball Canada","robots":{"index":"index","follow":"follow","max-snippet":"max-snippet:-1","max-image-preview":"max-image-preview:large","max-video-preview":"max-video-preview:-1"},"canonical":"https:\/\/www.wheelchairbasketball.ca\/fr\/technique\/pnce\/contexte-competition\/competition-introduction\/","og_locale":"fr_FR","og_type":"article","og_title":"Comp\u00e9tition \u2013 Introduction - Wheelchair Basketball Canada","og_description":"L\u2019atelier de Comp\u00e9tition \u2013 Introduction est un\u00a0cours de 19 heures, comptant quatre s\u00e9ances avec des composantes sur le terrain et en dehors. Les entra\u00eeneurs ne sont pas tenus d\u2019avoir d\u00e9j\u00e0 une certification d\u2019entra\u00eeneur. Les pr\u00e9requis de formation pour ce cours se trouvent dans la section suivante. Ce cours peut \u00eatre consid\u00e9r\u00e9 comme celui du niveau [&hellip;]","og_url":"https:\/\/www.wheelchairbasketball.ca\/fr\/technique\/pnce\/contexte-competition\/competition-introduction\/","og_site_name":"Wheelchair Basketball Canada","article_publisher":"http:\/\/www.facebook.com\/wheelchairbasketball","article_modified_time":"2022-10-14T19:15:20+00:00","og_image":[{"width":1400,"height":600,"url":"https:\/\/www.wheelchairbasketball.ca\/wp-content\/uploads\/2016\/03\/NCCP-CompIntro-feature.jpg","type":"image\/jpeg"}],"twitter_card":"summary_large_image","twitter_site":"@WCBballCanada","twitter_misc":{"Dur\u00e9e de lecture estim\u00e9e":"3 minutes"},"schema":{"@context":"https:\/\/schema.org","@graph":[{"@type":"WebPage","@id":"https:\/\/www.wheelchairbasketball.ca\/fr\/technique\/pnce\/contexte-competition\/competition-introduction\/","url":"https:\/\/www.wheelchairbasketball.ca\/fr\/technique\/pnce\/contexte-competition\/competition-introduction\/","name":"Comp\u00e9tition \u2013 Introduction - Wheelchair Basketball Canada","isPartOf":{"@id":"https:\/\/www.wheelchairbasketball.ca\/#website"},"datePublished":"2016-03-23T17:10:40+00:00","dateModified":"2022-10-14T19:15:20+00:00","breadcrumb":{"@id":"https:\/\/www.wheelchairbasketball.ca\/fr\/technique\/pnce\/contexte-competition\/competition-introduction\/#breadcrumb"},"inLanguage":"fr-FR","potentialAction":[{"@type":"ReadAction","target":["https:\/\/www.wheelchairbasketball.ca\/fr\/technique\/pnce\/contexte-competition\/competition-introduction\/"]}]},{"@type":"BreadcrumbList","@id":"https:\/\/www.wheelchairbasketball.ca\/fr\/technique\/pnce\/contexte-competition\/competition-introduction\/#breadcrumb","itemListElement":[{"@type":"ListItem","position":1,"name":"Home","item":"https:\/\/www.wheelchairbasketball.ca\/fr\/"},{"@type":"ListItem","position":2,"name":"Technique","item":"https:\/\/www.wheelchairbasketball.ca\/fr\/technique\/"},{"@type":"ListItem","position":3,"name":"PNCE","item":"https:\/\/www.wheelchairbasketball.ca\/fr\/technique\/pnce\/"},{"@type":"ListItem","position":4,"name":"Contexte de comp\u00e9tition","item":"https:\/\/www.wheelchairbasketball.ca\/fr\/technique\/pnce\/contexte-competition\/"},{"@type":"ListItem","position":5,"name":"Comp\u00e9tition \u2013 Introduction"}]},{"@type":"WebSite","@id":"https:\/\/www.wheelchairbasketball.ca\/#website","url":"https:\/\/www.wheelchairbasketball.ca\/","name":"Wheelchair Basketball Canada","description":"Real Life. Real Sport.","potentialAction":[{"@type":"SearchAction","target":{"@type":"EntryPoint","urlTemplate":"https:\/\/www.wheelchairbasketball.ca\/?s={search_term_string}"},"query-input":"required name=search_term_string"}],"inLanguage":"fr-FR"}]}},"_links":{"self":[{"href":"https:\/\/www.wheelchairbasketball.ca\/fr\/wp-json\/wp\/v2\/pages\/5745"}],"collection":[{"href":"https:\/\/www.wheelchairbasketball.ca\/fr\/wp-json\/wp\/v2\/pages"}],"about":[{"href":"https:\/\/www.wheelchairbasketball.ca\/fr\/wp-json\/wp\/v2\/types\/page"}],"author":[{"embeddable":true,"href":"https:\/\/www.wheelchairbasketball.ca\/fr\/wp-json\/wp\/v2\/users\/6"}],"replies":[{"embeddable":true,"href":"https:\/\/www.wheelchairbasketball.ca\/fr\/wp-json\/wp\/v2\/comments?post=5745"}],"version-history":[{"count":5,"href":"https:\/\/www.wheelchairbasketball.ca\/fr\/wp-json\/wp\/v2\/pages\/5745\/revisions"}],"predecessor-version":[{"id":17487,"href":"https:\/\/www.wheelchairbasketball.ca\/fr\/wp-json\/wp\/v2\/pages\/5745\/revisions\/17487"}],"up":[{"embeddable":true,"href":"https:\/\/www.wheelchairbasketball.ca\/fr\/wp-json\/wp\/v2\/pages\/5624"}],"wp:featuredmedia":[{"embeddable":true,"href":"https:\/\/www.wheelchairbasketball.ca\/fr\/wp-json\/wp\/v2\/media\/5714"}],"wp:attachment":[{"href":"https:\/\/www.wheelchairbasketball.ca\/fr\/wp-json\/wp\/v2\/media?parent=5745"}],"curies":[{"name":"wp","href":"https:\/\/api.w.org\/{rel}","templated":true}]}}