{"id":6772,"date":"2016-11-25T20:32:00","date_gmt":"2016-11-25T20:32:00","guid":{"rendered":"https:\/\/www.wheelchairbasketball.ca\/?page_id=6772"},"modified":"2017-01-31T15:26:58","modified_gmt":"2017-01-31T15:26:58","slug":"lhistoire-de-nik","status":"publish","type":"page","link":"https:\/\/www.wheelchairbasketball.ca\/fr\/lhistoire-de-nik\/","title":{"rendered":"L\u2019histoire de Nik"},"content":{"rendered":"<p><strong>Tout s\u2019est brusquement \u00e9coul\u00e9 autour de Nik Goncin alors qu\u2019il n\u2019avait que 15\u00a0ans.<\/strong> Joueur passionn\u00e9 de basketball, Nik a commenc\u00e9 \u00e0 \u00e9prouver de la douleur au genou. Sans s\u2019inqui\u00e9ter de quoi que ce soit \u00e0 l\u2019\u00e9poque, il a continu\u00e9 \u00e0 jouer malgr\u00e9 le malaise jusqu\u2019\u00e0 ce que, durant un match, sa jambe l\u00e2che et il s\u2019effondre douloureusement. Des radiographies ont plus tard r\u00e9v\u00e9l\u00e9 la pr\u00e9sence de cancer dans sa jambe gauche, exigeant l\u2019amputation.<\/p>\n<p>Nik a trouv\u00e9 difficile de s\u2019adapter apr\u00e8s son amputation et son retour au sport pendant son r\u00e9tablissement a pris un certain temps. Un jour, un entra\u00eeneur local de basketball en fauteuil roulant a fait une d\u00e9monstration du sport \u00e0 l\u2019\u00e9cole secondaire de Nik et l\u2019a invit\u00e9 \u00e0 une s\u00e9ance d\u2019entra\u00eenement de l\u2019\u00e9quipe. Il a accept\u00e9, avec r\u00e9ticence, mais cette d\u00e9cision s\u2019est av\u00e9r\u00e9e l\u2019une des meilleures qu\u2019il n\u2019ait jamais prises.<\/p>\n<p><strong><img loading=\"lazy\" decoding=\"async\" width=\"204\" height=\"269\" class=\"size-full wp-image-6767 alignleft\" src=\"https:\/\/www.wheelchairbasketball.ca\/wp-content\/uploads\/2016\/11\/NikGoncin_to2015_portrait1.jpg\" alt=\"nikgoncin_to2015_portrait1\" \/><\/strong><\/p>\n<p><strong>\u00ab\u00a0Le basketball en fauteuil roulant a eu un profond impact sur ma vie.<\/strong> Il m\u2019a \u00e9norm\u00e9ment aid\u00e9 \u00e0 faire face aux nouvelles limites que je pensais avoir. C\u2019est ce que je crois, mais en fait toute personne ayant une d\u00e9ficience n\u2019est restreinte que par les limites qu\u2019elle s\u2019impose. Le basketball en fauteuil roulant m\u2019a permis de jouer \u00e0 nouveau, de fa\u00e7on comp\u00e9titive, comme avant, sur un pied d\u2019\u00e9galit\u00e9\u00a0\u00bb, a d\u00e9clar\u00e9 Nik.<\/p>\n<p>\u00ab\u00a0\u00catre entour\u00e9 de personnes aussi athl\u00e9tiques et de personnes ayant toutes sortes de d\u00e9ficience m\u2019a aid\u00e9 \u00e0 m\u2019accepter et \u00e0 retrouver la confiance en moi que j\u2019avais auparavant. Beaucoup de personnes handicap\u00e9es ont des probl\u00e8mes d\u2019image de soi et de confiance en soi et ce que le basketball en fauteuil roulant a fait pour moi, comme pour bien d\u2019autres, a \u00e9t\u00e9 de les reb\u00e2tir. J\u2019ai \u00e0 nouveau confiance en moi et j\u2019ai un but dans ma vie gr\u00e2ce au basketball en fauteuil roulant.\u00a0\u00bb<strong><br \/>\n<\/strong><\/p>\n<blockquote><p>\u00ab\u00a0\u00catre entour\u00e9 de personnes aussi athl\u00e9tiques et de personnes ayant toutes sortes de d\u00e9ficience m\u2019a aid\u00e9 \u00e0 m\u2019accepter et \u00e0 retrouver la confiance en moi que j\u2019avais auparavant.\u00a0\u00bb<\/p><\/blockquote>\n<p><strong>Le sport a ouvert tout un monde de nouvelles possibilit\u00e9s pour le jeune athl\u00e8te.<\/strong> Apr\u00e8s avoir perfectionn\u00e9 son jeu au niveau local, Nik a jou\u00e9 au basketball en fauteuil roulant au niveau coll\u00e9gial tout en poursuivant ses \u00e9tudes, a jou\u00e9 \u00e0 titre de semi-professionnel en Europe et repr\u00e9sent\u00e9 le Canada aux Jeux paralympiques.<\/p>\n<p>\u00ab\u00a0Sans mon programme local et mon premier entra\u00eeneur, ainsi que le soutien de Basketball en fauteuil roulant Canada, je ne serais pas parvenu l\u00e0 o\u00f9 je suis aujourd\u2019hui. Que les jeunes souhaitent jouer de fa\u00e7on r\u00e9cr\u00e9ative ou comp\u00e9titive, comme moi, l\u2019activit\u00e9 physique et l\u2019apprentissage du travail en \u00e9quipe contribuent grandement \u00e0 fa\u00e7onner le caract\u00e8re.\u00a0\u00bb<br \/>\n<strong><a href=\"https:\/\/secure.e2rm.com\/registrant\/donate.aspx?EventID=193930&amp;LangPref=fr-CA&amp;Referrer=direct%2fnone\"><img loading=\"lazy\" decoding=\"async\" class=\"alignright wp-image-6768 size-full\" src=\"https:\/\/www.wheelchairbasketball.ca\/wp-content\/uploads\/2016\/11\/NikGoncin_to2015_portrait2.jpg\" alt=\"nikgoncin_to2015_portrait2\" width=\"204\" height=\"269\" \/><\/a><\/strong><\/p>\n<p><strong>Basketball en fauteuil roulant Canada croit en la puissance du sport et s\u2019efforce d\u2019habiliter tous les Canadiens et Canadiennes \u00e0 atteindre leur plein potentiel sur le terrain et en dehors.<\/strong> Compte tenu de votre pr\u00e9cieux soutien de notre organisation, vous pouvez aider \u00e0 renforcer nos programmes afin d\u2019encourager la prochaine g\u00e9n\u00e9ration d\u2019athl\u00e8tes canadiens de basketball en fauteuil roulant.<\/p>\n<p><strong>Votre soutien permet aux programmes locaux de prosp\u00e9rer partout au Canada et habilite les<\/strong> <strong>jeunes athl\u00e8tes \u00e0 r\u00e9aliser leur plein potentiel et \u00e0 poursuivre leurs r\u00eaves paralympiques, tout comme Nik. <\/strong><\/p>\n<h6><strong>Vous pouvez faire et vous faites vraiment une diff\u00e9rence dans la vie des jeunes handicap\u00e9s<\/strong><strong>!<\/strong><\/h6>\n<p><a href=\"https:\/\/secure.e2rm.com\/registrant\/donate.aspx?EventID=193930&amp;LangPref=fr-CA&amp;Referrer=direct%2fnone\" target=\"_blank\"><img loading=\"lazy\" decoding=\"async\" class=\"alignnone wp-image-5968 size-full\" src=\"https:\/\/www.wheelchairbasketball.ca\/wp-content\/uploads\/2015\/03\/Donate-btn-f.jpg\" alt=\"Donate-btn-f\" width=\"200\" height=\"63\" \/><\/a><\/p>\n","protected":false},"excerpt":{"rendered":"Tout s\u2019est brusquement \u00e9coul\u00e9 autour de Nik Goncin alors qu\u2019il n\u2019avait que 15\u00a0ans. Joueur passionn\u00e9 de basketball, Nik a commenc\u00e9 \u00e0 \u00e9prouver de la douleur au genou. Sans s\u2019inqui\u00e9ter de quoi que ce soit \u00e0 l\u2019\u00e9poque, il a continu\u00e9 \u00e0 jouer malgr\u00e9 le malaise jusqu\u2019\u00e0 ce que, durant un match, sa jambe l\u00e2che et il [&hellip;]","protected":false},"author":6,"featured_media":6762,"parent":0,"menu_order":3,"comment_status":"closed","ping_status":"closed","template":"","meta":{"om_disable_all_campaigns":false,"_monsterinsights_skip_tracking":false,"_monsterinsights_sitenote_active":false,"_monsterinsights_sitenote_note":"","_monsterinsights_sitenote_category":0,"footnotes":""},"acf":[],"yoast_head":"<!-- This site is optimized with the Yoast SEO plugin v21.9.1 - https:\/\/yoast.com\/wordpress\/plugins\/seo\/ -->\n<title>L\u2019histoire de Nik - Wheelchair Basketball Canada<\/title>\n<meta name=\"robots\" content=\"index, follow, max-snippet:-1, max-image-preview:large, max-video-preview:-1\" \/>\n<link rel=\"canonical\" href=\"https:\/\/www.wheelchairbasketball.ca\/fr\/lhistoire-de-nik\/\" \/>\n<meta property=\"og:locale\" content=\"fr_FR\" \/>\n<meta property=\"og:type\" content=\"article\" \/>\n<meta property=\"og:title\" content=\"L\u2019histoire de Nik - Wheelchair Basketball Canada\" \/>\n<meta property=\"og:description\" content=\"Tout s\u2019est brusquement \u00e9coul\u00e9 autour de Nik Goncin alors qu\u2019il n\u2019avait que 15\u00a0ans. Joueur passionn\u00e9 de basketball, Nik a commenc\u00e9 \u00e0 \u00e9prouver de la douleur au genou. Sans s\u2019inqui\u00e9ter de quoi que ce soit \u00e0 l\u2019\u00e9poque, il a continu\u00e9 \u00e0 jouer malgr\u00e9 le malaise jusqu\u2019\u00e0 ce que, durant un match, sa jambe l\u00e2che et il [&hellip;]\" \/>\n<meta property=\"og:url\" content=\"https:\/\/www.wheelchairbasketball.ca\/fr\/lhistoire-de-nik\/\" \/>\n<meta property=\"og:site_name\" content=\"Wheelchair Basketball Canada\" \/>\n<meta property=\"article:publisher\" content=\"http:\/\/www.facebook.com\/wheelchairbasketball\" \/>\n<meta property=\"article:modified_time\" content=\"2017-01-31T15:26:58+00:00\" \/>\n<meta property=\"og:image\" content=\"https:\/\/www.wheelchairbasketball.ca\/wp-content\/uploads\/2016\/11\/Nik_Goncin_paper_tear_header.jpg\" \/>\n\t<meta property=\"og:image:width\" content=\"2100\" \/>\n\t<meta property=\"og:image:height\" content=\"1679\" \/>\n\t<meta property=\"og:image:type\" content=\"image\/jpeg\" \/>\n<meta name=\"twitter:card\" content=\"summary_large_image\" \/>\n<meta name=\"twitter:site\" content=\"@WCBballCanada\" \/>\n<meta name=\"twitter:label1\" content=\"Dur\u00e9e de lecture estim\u00e9e\" \/>\n\t<meta name=\"twitter:data1\" content=\"3 minutes\" \/>\n<script type=\"application\/ld+json\" class=\"yoast-schema-graph\">{\"@context\":\"https:\/\/schema.org\",\"@graph\":[{\"@type\":\"WebPage\",\"@id\":\"https:\/\/www.wheelchairbasketball.ca\/fr\/lhistoire-de-nik\/\",\"url\":\"https:\/\/www.wheelchairbasketball.ca\/fr\/lhistoire-de-nik\/\",\"name\":\"L\u2019histoire de Nik - Wheelchair Basketball Canada\",\"isPartOf\":{\"@id\":\"https:\/\/www.wheelchairbasketball.ca\/#website\"},\"datePublished\":\"2016-11-25T20:32:00+00:00\",\"dateModified\":\"2017-01-31T15:26:58+00:00\",\"breadcrumb\":{\"@id\":\"https:\/\/www.wheelchairbasketball.ca\/fr\/lhistoire-de-nik\/#breadcrumb\"},\"inLanguage\":\"fr-FR\",\"potentialAction\":[{\"@type\":\"ReadAction\",\"target\":[\"https:\/\/www.wheelchairbasketball.ca\/fr\/lhistoire-de-nik\/\"]}]},{\"@type\":\"BreadcrumbList\",\"@id\":\"https:\/\/www.wheelchairbasketball.ca\/fr\/lhistoire-de-nik\/#breadcrumb\",\"itemListElement\":[{\"@type\":\"ListItem\",\"position\":1,\"name\":\"Home\",\"item\":\"https:\/\/www.wheelchairbasketball.ca\/fr\/\"},{\"@type\":\"ListItem\",\"position\":2,\"name\":\"L\u2019histoire de Nik\"}]},{\"@type\":\"WebSite\",\"@id\":\"https:\/\/www.wheelchairbasketball.ca\/#website\",\"url\":\"https:\/\/www.wheelchairbasketball.ca\/\",\"name\":\"Wheelchair Basketball Canada\",\"description\":\"Real Life. Real Sport.\",\"potentialAction\":[{\"@type\":\"SearchAction\",\"target\":{\"@type\":\"EntryPoint\",\"urlTemplate\":\"https:\/\/www.wheelchairbasketball.ca\/?s={search_term_string}\"},\"query-input\":\"required name=search_term_string\"}],\"inLanguage\":\"fr-FR\"}]}<\/script>\n<!-- \/ Yoast SEO plugin. -->","yoast_head_json":{"title":"L\u2019histoire de Nik - Wheelchair Basketball Canada","robots":{"index":"index","follow":"follow","max-snippet":"max-snippet:-1","max-image-preview":"max-image-preview:large","max-video-preview":"max-video-preview:-1"},"canonical":"https:\/\/www.wheelchairbasketball.ca\/fr\/lhistoire-de-nik\/","og_locale":"fr_FR","og_type":"article","og_title":"L\u2019histoire de Nik - Wheelchair Basketball Canada","og_description":"Tout s\u2019est brusquement \u00e9coul\u00e9 autour de Nik Goncin alors qu\u2019il n\u2019avait que 15\u00a0ans. Joueur passionn\u00e9 de basketball, Nik a commenc\u00e9 \u00e0 \u00e9prouver de la douleur au genou. Sans s\u2019inqui\u00e9ter de quoi que ce soit \u00e0 l\u2019\u00e9poque, il a continu\u00e9 \u00e0 jouer malgr\u00e9 le malaise jusqu\u2019\u00e0 ce que, durant un match, sa jambe l\u00e2che et il [&hellip;]","og_url":"https:\/\/www.wheelchairbasketball.ca\/fr\/lhistoire-de-nik\/","og_site_name":"Wheelchair Basketball Canada","article_publisher":"http:\/\/www.facebook.com\/wheelchairbasketball","article_modified_time":"2017-01-31T15:26:58+00:00","og_image":[{"width":2100,"height":1679,"url":"https:\/\/www.wheelchairbasketball.ca\/wp-content\/uploads\/2016\/11\/Nik_Goncin_paper_tear_header.jpg","type":"image\/jpeg"}],"twitter_card":"summary_large_image","twitter_site":"@WCBballCanada","twitter_misc":{"Dur\u00e9e de lecture estim\u00e9e":"3 minutes"},"schema":{"@context":"https:\/\/schema.org","@graph":[{"@type":"WebPage","@id":"https:\/\/www.wheelchairbasketball.ca\/fr\/lhistoire-de-nik\/","url":"https:\/\/www.wheelchairbasketball.ca\/fr\/lhistoire-de-nik\/","name":"L\u2019histoire de Nik - Wheelchair Basketball Canada","isPartOf":{"@id":"https:\/\/www.wheelchairbasketball.ca\/#website"},"datePublished":"2016-11-25T20:32:00+00:00","dateModified":"2017-01-31T15:26:58+00:00","breadcrumb":{"@id":"https:\/\/www.wheelchairbasketball.ca\/fr\/lhistoire-de-nik\/#breadcrumb"},"inLanguage":"fr-FR","potentialAction":[{"@type":"ReadAction","target":["https:\/\/www.wheelchairbasketball.ca\/fr\/lhistoire-de-nik\/"]}]},{"@type":"BreadcrumbList","@id":"https:\/\/www.wheelchairbasketball.ca\/fr\/lhistoire-de-nik\/#breadcrumb","itemListElement":[{"@type":"ListItem","position":1,"name":"Home","item":"https:\/\/www.wheelchairbasketball.ca\/fr\/"},{"@type":"ListItem","position":2,"name":"L\u2019histoire de Nik"}]},{"@type":"WebSite","@id":"https:\/\/www.wheelchairbasketball.ca\/#website","url":"https:\/\/www.wheelchairbasketball.ca\/","name":"Wheelchair Basketball Canada","description":"Real Life. Real Sport.","potentialAction":[{"@type":"SearchAction","target":{"@type":"EntryPoint","urlTemplate":"https:\/\/www.wheelchairbasketball.ca\/?s={search_term_string}"},"query-input":"required name=search_term_string"}],"inLanguage":"fr-FR"}]}},"_links":{"self":[{"href":"https:\/\/www.wheelchairbasketball.ca\/fr\/wp-json\/wp\/v2\/pages\/6772"}],"collection":[{"href":"https:\/\/www.wheelchairbasketball.ca\/fr\/wp-json\/wp\/v2\/pages"}],"about":[{"href":"https:\/\/www.wheelchairbasketball.ca\/fr\/wp-json\/wp\/v2\/types\/page"}],"author":[{"embeddable":true,"href":"https:\/\/www.wheelchairbasketball.ca\/fr\/wp-json\/wp\/v2\/users\/6"}],"replies":[{"embeddable":true,"href":"https:\/\/www.wheelchairbasketball.ca\/fr\/wp-json\/wp\/v2\/comments?post=6772"}],"version-history":[{"count":5,"href":"https:\/\/www.wheelchairbasketball.ca\/fr\/wp-json\/wp\/v2\/pages\/6772\/revisions"}],"predecessor-version":[{"id":7318,"href":"https:\/\/www.wheelchairbasketball.ca\/fr\/wp-json\/wp\/v2\/pages\/6772\/revisions\/7318"}],"wp:featuredmedia":[{"embeddable":true,"href":"https:\/\/www.wheelchairbasketball.ca\/fr\/wp-json\/wp\/v2\/media\/6762"}],"wp:attachment":[{"href":"https:\/\/www.wheelchairbasketball.ca\/fr\/wp-json\/wp\/v2\/media?parent=6772"}],"curies":[{"name":"wp","href":"https:\/\/api.w.org\/{rel}","templated":true}]}}