{"id":6842,"date":"2016-12-07T15:44:46","date_gmt":"2016-12-07T15:44:46","guid":{"rendered":"https:\/\/www.wheelchairbasketball.ca\/?page_id=6842"},"modified":"2017-05-25T17:08:18","modified_gmt":"2017-05-25T17:08:18","slug":"billets","status":"publish","type":"page","link":"https:\/\/www.wheelchairbasketball.ca\/fr\/2017u23wwbc\/billets\/","title":{"rendered":"Billets"},"content":{"rendered":"<h4>Faites partie de l&rsquo;action au\u00a0Championnat du monde masculin des moins de 23 ans\u00a0de basketball en fauteuil roulant 2017, \u00e0 Toronto!<\/h4>\n<p>Les billets sont en vente en ligne et \u00e0 la billetterie du Mattamy Athletic Centre.<\/p>\n<p><a href=\"http:\/\/ev2.evenue.net\/cgi-bin\/ncommerce3\/SEGetEventList?groupCode=WWB17&amp;linkID=rumac&amp;shopperContext=&amp;caller=&amp;appCode=\"><img loading=\"lazy\" decoding=\"async\" width=\"213\" height=\"39\" class=\"size-full wp-image-7235 alignnone\" src=\"https:\/\/www.wheelchairbasketball.ca\/wp-content\/uploads\/2016\/12\/BuyTickets-button-f.jpg\" alt=\"\" \/><\/a><\/p>\n<p>T\u00e9l\u00e9chargez <a href=\"https:\/\/www.wheelchairbasketball.ca\/wp-content\/uploads\/2017\/04\/2017U23WWBC-Schedule-Final.pdf\" target=\"_blank\" rel=\"noopener noreferrer\">l&rsquo;horaire de comp\u00e9tition<\/a> pour le\u00a0Championnat du monde masclin des moins de 23 ans 2017.<\/p>\n<h3>Prix des billets<\/h3>\n<p>Tous les prix sont indiqu\u00e9s en dollars canadiens (CAD).<\/p>\n<h4>Billets g\u00e9n\u00e9raux<\/h4>\n<p><strong>Tournoi complet (tous les matchs)<\/strong><br \/>\nAdulte 125$ | Enfant \/ \u00c9tudiant \/ Personnes \u00e2g\u00e9es \u2013 85$<\/p>\n<p><strong>Par session (3 matchs par session) pour Ronde pr\u00e9liminaire\u00a0| Quart de finales |\u00a0Matchs de classement<\/strong><br \/>\nAdulte 12$ | Enfant \/ \u00c9tudiant \/ Personnes \u00e2g\u00e9es \u2013 8$<\/p>\n<p>Session de demi-finales (2 matchs)<br \/>\nAdulte 15$ | Enfant \/ \u00c9tudiant \/ Personnes \u00e2g\u00e9es \u2013 10$<\/p>\n<p>Sessions des finales (bronze et or)<br \/>\nAdulte 15$ | Enfant \/ \u00c9tudiant \/ Personnes \u00e2g\u00e9es \u2013 10$<\/p>\n<p><img loading=\"lazy\" decoding=\"async\" width=\"430\" height=\"141\" class=\"alignnone size-full wp-image-7233\" src=\"https:\/\/www.wheelchairbasketball.ca\/wp-content\/uploads\/2016\/12\/2017U23WWBC-Edge-of-Your-Seat-f.jpg\" alt=\"\" srcset=\"https:\/\/www.wheelchairbasketball.ca\/wp-content\/uploads\/2016\/12\/2017U23WWBC-Edge-of-Your-Seat-f.jpg 430w, https:\/\/www.wheelchairbasketball.ca\/wp-content\/uploads\/2016\/12\/2017U23WWBC-Edge-of-Your-Seat-f-300x98.jpg 300w\" sizes=\"(max-width: 430px) 100vw, 430px\" \/><\/p>\n","protected":false},"excerpt":{"rendered":"Faites partie de l&rsquo;action au\u00a0Championnat du monde masculin des moins de 23 ans\u00a0de basketball en fauteuil roulant 2017, \u00e0 Toronto! Les billets sont en vente en ligne et \u00e0 la billetterie du Mattamy Athletic Centre. T\u00e9l\u00e9chargez l&rsquo;horaire de comp\u00e9tition pour le\u00a0Championnat du monde masclin des moins de 23 ans 2017. Prix des billets Tous les [&hellip;]","protected":false},"author":4,"featured_media":7236,"parent":6839,"menu_order":2,"comment_status":"closed","ping_status":"closed","template":"page-wwbc.php","meta":{"om_disable_all_campaigns":false,"_monsterinsights_skip_tracking":false,"_monsterinsights_sitenote_active":false,"_monsterinsights_sitenote_note":"","_monsterinsights_sitenote_category":0,"footnotes":""},"acf":[],"yoast_head":"<!-- This site is optimized with the Yoast SEO plugin v21.9.1 - https:\/\/yoast.com\/wordpress\/plugins\/seo\/ -->\n<title>Billets - Wheelchair Basketball Canada<\/title>\n<meta name=\"robots\" content=\"index, follow, max-snippet:-1, max-image-preview:large, max-video-preview:-1\" \/>\n<link rel=\"canonical\" href=\"https:\/\/www.wheelchairbasketball.ca\/fr\/2017u23wwbc\/billets\/\" \/>\n<meta property=\"og:locale\" content=\"fr_FR\" \/>\n<meta property=\"og:type\" content=\"article\" \/>\n<meta property=\"og:title\" content=\"Billets - Wheelchair Basketball Canada\" \/>\n<meta property=\"og:description\" content=\"Faites partie de l&rsquo;action au\u00a0Championnat du monde masculin des moins de 23 ans\u00a0de basketball en fauteuil roulant 2017, \u00e0 Toronto! Les billets sont en vente en ligne et \u00e0 la billetterie du Mattamy Athletic Centre. T\u00e9l\u00e9chargez l&rsquo;horaire de comp\u00e9tition pour le\u00a0Championnat du monde masclin des moins de 23 ans 2017. Prix des billets Tous les [&hellip;]\" \/>\n<meta property=\"og:url\" content=\"https:\/\/www.wheelchairbasketball.ca\/fr\/2017u23wwbc\/billets\/\" \/>\n<meta property=\"og:site_name\" content=\"Wheelchair Basketball Canada\" \/>\n<meta property=\"article:publisher\" content=\"http:\/\/www.facebook.com\/wheelchairbasketball\" \/>\n<meta property=\"article:modified_time\" content=\"2017-05-25T17:08:18+00:00\" \/>\n<meta property=\"og:image\" content=\"https:\/\/www.wheelchairbasketball.ca\/wp-content\/uploads\/2016\/12\/U23Tickets-feature.jpg\" \/>\n\t<meta property=\"og:image:width\" content=\"1400\" \/>\n\t<meta property=\"og:image:height\" content=\"600\" \/>\n\t<meta property=\"og:image:type\" content=\"image\/jpeg\" \/>\n<meta name=\"twitter:card\" content=\"summary_large_image\" \/>\n<meta name=\"twitter:site\" content=\"@WCBballCanada\" \/>\n<meta name=\"twitter:label1\" content=\"Dur\u00e9e de lecture estim\u00e9e\" \/>\n\t<meta name=\"twitter:data1\" content=\"1 minute\" \/>\n<script type=\"application\/ld+json\" class=\"yoast-schema-graph\">{\"@context\":\"https:\/\/schema.org\",\"@graph\":[{\"@type\":\"WebPage\",\"@id\":\"https:\/\/www.wheelchairbasketball.ca\/fr\/2017u23wwbc\/billets\/\",\"url\":\"https:\/\/www.wheelchairbasketball.ca\/fr\/2017u23wwbc\/billets\/\",\"name\":\"Billets - Wheelchair Basketball Canada\",\"isPartOf\":{\"@id\":\"https:\/\/www.wheelchairbasketball.ca\/#website\"},\"datePublished\":\"2016-12-07T15:44:46+00:00\",\"dateModified\":\"2017-05-25T17:08:18+00:00\",\"breadcrumb\":{\"@id\":\"https:\/\/www.wheelchairbasketball.ca\/fr\/2017u23wwbc\/billets\/#breadcrumb\"},\"inLanguage\":\"fr-FR\",\"potentialAction\":[{\"@type\":\"ReadAction\",\"target\":[\"https:\/\/www.wheelchairbasketball.ca\/fr\/2017u23wwbc\/billets\/\"]}]},{\"@type\":\"BreadcrumbList\",\"@id\":\"https:\/\/www.wheelchairbasketball.ca\/fr\/2017u23wwbc\/billets\/#breadcrumb\",\"itemListElement\":[{\"@type\":\"ListItem\",\"position\":1,\"name\":\"Home\",\"item\":\"https:\/\/www.wheelchairbasketball.ca\/fr\/\"},{\"@type\":\"ListItem\",\"position\":2,\"name\":\"2017u23wwbc\",\"item\":\"https:\/\/www.wheelchairbasketball.ca\/fr\/2017u23wwbc\/\"},{\"@type\":\"ListItem\",\"position\":3,\"name\":\"Billets\"}]},{\"@type\":\"WebSite\",\"@id\":\"https:\/\/www.wheelchairbasketball.ca\/#website\",\"url\":\"https:\/\/www.wheelchairbasketball.ca\/\",\"name\":\"Wheelchair Basketball Canada\",\"description\":\"Real Life. Real Sport.\",\"potentialAction\":[{\"@type\":\"SearchAction\",\"target\":{\"@type\":\"EntryPoint\",\"urlTemplate\":\"https:\/\/www.wheelchairbasketball.ca\/?s={search_term_string}\"},\"query-input\":\"required name=search_term_string\"}],\"inLanguage\":\"fr-FR\"}]}<\/script>\n<!-- \/ Yoast SEO plugin. -->","yoast_head_json":{"title":"Billets - Wheelchair Basketball Canada","robots":{"index":"index","follow":"follow","max-snippet":"max-snippet:-1","max-image-preview":"max-image-preview:large","max-video-preview":"max-video-preview:-1"},"canonical":"https:\/\/www.wheelchairbasketball.ca\/fr\/2017u23wwbc\/billets\/","og_locale":"fr_FR","og_type":"article","og_title":"Billets - Wheelchair Basketball Canada","og_description":"Faites partie de l&rsquo;action au\u00a0Championnat du monde masculin des moins de 23 ans\u00a0de basketball en fauteuil roulant 2017, \u00e0 Toronto! Les billets sont en vente en ligne et \u00e0 la billetterie du Mattamy Athletic Centre. T\u00e9l\u00e9chargez l&rsquo;horaire de comp\u00e9tition pour le\u00a0Championnat du monde masclin des moins de 23 ans 2017. Prix des billets Tous les [&hellip;]","og_url":"https:\/\/www.wheelchairbasketball.ca\/fr\/2017u23wwbc\/billets\/","og_site_name":"Wheelchair Basketball Canada","article_publisher":"http:\/\/www.facebook.com\/wheelchairbasketball","article_modified_time":"2017-05-25T17:08:18+00:00","og_image":[{"width":1400,"height":600,"url":"https:\/\/www.wheelchairbasketball.ca\/wp-content\/uploads\/2016\/12\/U23Tickets-feature.jpg","type":"image\/jpeg"}],"twitter_card":"summary_large_image","twitter_site":"@WCBballCanada","twitter_misc":{"Dur\u00e9e de lecture estim\u00e9e":"1 minute"},"schema":{"@context":"https:\/\/schema.org","@graph":[{"@type":"WebPage","@id":"https:\/\/www.wheelchairbasketball.ca\/fr\/2017u23wwbc\/billets\/","url":"https:\/\/www.wheelchairbasketball.ca\/fr\/2017u23wwbc\/billets\/","name":"Billets - Wheelchair Basketball Canada","isPartOf":{"@id":"https:\/\/www.wheelchairbasketball.ca\/#website"},"datePublished":"2016-12-07T15:44:46+00:00","dateModified":"2017-05-25T17:08:18+00:00","breadcrumb":{"@id":"https:\/\/www.wheelchairbasketball.ca\/fr\/2017u23wwbc\/billets\/#breadcrumb"},"inLanguage":"fr-FR","potentialAction":[{"@type":"ReadAction","target":["https:\/\/www.wheelchairbasketball.ca\/fr\/2017u23wwbc\/billets\/"]}]},{"@type":"BreadcrumbList","@id":"https:\/\/www.wheelchairbasketball.ca\/fr\/2017u23wwbc\/billets\/#breadcrumb","itemListElement":[{"@type":"ListItem","position":1,"name":"Home","item":"https:\/\/www.wheelchairbasketball.ca\/fr\/"},{"@type":"ListItem","position":2,"name":"2017u23wwbc","item":"https:\/\/www.wheelchairbasketball.ca\/fr\/2017u23wwbc\/"},{"@type":"ListItem","position":3,"name":"Billets"}]},{"@type":"WebSite","@id":"https:\/\/www.wheelchairbasketball.ca\/#website","url":"https:\/\/www.wheelchairbasketball.ca\/","name":"Wheelchair Basketball Canada","description":"Real Life. Real Sport.","potentialAction":[{"@type":"SearchAction","target":{"@type":"EntryPoint","urlTemplate":"https:\/\/www.wheelchairbasketball.ca\/?s={search_term_string}"},"query-input":"required name=search_term_string"}],"inLanguage":"fr-FR"}]}},"_links":{"self":[{"href":"https:\/\/www.wheelchairbasketball.ca\/fr\/wp-json\/wp\/v2\/pages\/6842"}],"collection":[{"href":"https:\/\/www.wheelchairbasketball.ca\/fr\/wp-json\/wp\/v2\/pages"}],"about":[{"href":"https:\/\/www.wheelchairbasketball.ca\/fr\/wp-json\/wp\/v2\/types\/page"}],"author":[{"embeddable":true,"href":"https:\/\/www.wheelchairbasketball.ca\/fr\/wp-json\/wp\/v2\/users\/4"}],"replies":[{"embeddable":true,"href":"https:\/\/www.wheelchairbasketball.ca\/fr\/wp-json\/wp\/v2\/comments?post=6842"}],"version-history":[{"count":10,"href":"https:\/\/www.wheelchairbasketball.ca\/fr\/wp-json\/wp\/v2\/pages\/6842\/revisions"}],"predecessor-version":[{"id":8018,"href":"https:\/\/www.wheelchairbasketball.ca\/fr\/wp-json\/wp\/v2\/pages\/6842\/revisions\/8018"}],"up":[{"embeddable":true,"href":"https:\/\/www.wheelchairbasketball.ca\/fr\/wp-json\/wp\/v2\/pages\/6839"}],"wp:featuredmedia":[{"embeddable":true,"href":"https:\/\/www.wheelchairbasketball.ca\/fr\/wp-json\/wp\/v2\/media\/7236"}],"wp:attachment":[{"href":"https:\/\/www.wheelchairbasketball.ca\/fr\/wp-json\/wp\/v2\/media?parent=6842"}],"curies":[{"name":"wp","href":"https:\/\/api.w.org\/{rel}","templated":true}]}}