{"id":6847,"date":"2016-12-07T15:47:17","date_gmt":"2016-12-07T15:47:17","guid":{"rendered":"https:\/\/www.wheelchairbasketball.ca\/?page_id=6847"},"modified":"2017-01-30T14:54:24","modified_gmt":"2017-01-30T14:54:24","slug":"apercu-evenement","status":"publish","type":"page","link":"https:\/\/www.wheelchairbasketball.ca\/fr\/2017u23wwbc\/apercu-evenement\/","title":{"rendered":"Aper\u00e7u de l\u2019\u00e9v\u00e9nement"},"content":{"rendered":"<p>Basketball en fauteuil roulant Canada a le plaisir d\u2019accueillir les meilleurs joueurs masculins juniors de basketball en fauteuil roulant au monde, du <strong>8 au 16 juin 2017<\/strong>, \u00e0 Toronto, \u00e0 l\u2019occasion du <strong>Championnat du monde masculin des moins de 23 ans de basketball en fauteuil roulant<\/strong>, de la F\u00e9d\u00e9ration internationale de basketball en fauteuil roulant.<\/p>\n<p>Des athl\u00e8tes de basketball en fauteuil roulant de calibre mondial convergeront sur le Mattamy Athletic Centre, pour mettre en montre\u00a0les habilet\u00e9s d\u2019\u00e9lite et les qualit\u00e9s athl\u00e9tiques qui font du basketball en fauteuil roulant le sport le plus populaire au monde pour les athl\u00e8tes handicap\u00e9s.<\/p>\n<h3>\u00c0 propos de l\u2019\u00e9v\u00e9nement<\/h3>\n<ul>\n<li>Plus de 400 athl\u00e8tes, entra\u00eeneurs, officiels, d\u00e9l\u00e9gu\u00e9s et b\u00e9n\u00e9voles;<\/li>\n<li>42 matchs disput\u00e9s sur une p\u00e9riode de 8 jours de comp\u00e9tition au Mattamy Athletic Centre;<\/li>\n<li>Projets de legs, comprenant le Programme d\u2019avenir, une initiative de mentorat pour les jeunes athl\u00e8tes, le Programme scolaire, pr\u00f4nant la sensibilisation et l\u2019inclusion dans les \u00e9coles et la communaut\u00e9 de la r\u00e9gion du grand Toronto et le d\u00e9veloppement des entra\u00eeneurs et des officiels techniques ainsi que la cr\u00e9ation d\u2019ateliers \u00e9ducatifs pour ces derniers.<\/li>\n<\/ul>\n<p>Le Championnat du monde masculin des moins de 23 ans 2017 marque le 20e\u00a0anniversaire de la tenue, au Canada, du Championnat du monde masculin junior inaugural, en 1997, \u00e0 Toronto. L\u2019\u00e9v\u00e9nement repr\u00e9sente l\u2019ajout le plus r\u00e9cent \u00e0 la riche histoire d\u2019accueil d\u2019importantes comp\u00e9titions internationales de Basketball en fauteuil roulant Canada, dont le Championnat du monde f\u00e9minin en 2014, le tout premier Championnat du monde f\u00e9minin junior en 2011 et le championnat du monde masculin en 1994.<\/p>\n<p><strong>\u00c9quipe Canada<\/strong> a remport\u00e9 deux m\u00e9dailles d\u2019or cons\u00e9cutives au Championnat du monde masculin junior en 1997 et 2001. Plus r\u00e9cemment, le Canada s\u2019est class\u00e9 sixi\u00e8me au dernier championnat du monde masculin junior en 2013.<\/p>\n<p>&nbsp;<\/p>\n<h3>Buts de l\u2019organisation de l\u2019\u00e9v\u00e9nement<\/h3>\n<ol>\n<li>B\u00e2tir sur le succ\u00e8s de l\u2019organisation du Championnat du monde f\u00e9minin 2014 et l&rsquo;impulsion cr\u00e9\u00e9e par les Jeux parapanam\u00e9ricains de 2015 \u00e0 Toronto;<\/li>\n<li>Mieux mettre en vue et sensibilisation davantage le grand public en ce qui concerne les habilet\u00e9s des athl\u00e8tes handicap\u00e9es et montrer la capacit\u00e9 d\u2019int\u00e9gration du basketball en fauteuil roulant;<\/li>\n<li>Servir de moyen de sensibilisation en vue du recrutement d\u2019athl\u00e8tes, d\u2019entra\u00eeneurs, d\u2019officiels, de b\u00e9n\u00e9voles et de partisans;<\/li>\n<li>\u00c9tablir des partenariats r\u00e9ussis avec des groupes communautaires, des commanditaires et des organisations qui contribuent au succ\u00e8s global de l\u2019\u00e9v\u00e9nement;<\/li>\n<li>Cr\u00e9er un legs qui appuie le d\u00e9veloppement continu du jeu aux niveaux national et international, conform\u00e9ment au plan d\u2019accueil \u00e0 long terme de Basketball en fauteuil roulant Canada<\/li>\n<li>Pr\u00e9senter un \u00e9v\u00e9nement de classe mondiale, bien organis\u00e9, et exceller dans tous les aspects techniques et de l\u2019hospitalit\u00e9<\/li>\n<li>Assurer le d\u00e9roulement de l\u2019\u00e9v\u00e9nement de fa\u00e7on autonome et financi\u00e8rement responsable<\/li>\n<li>Faire conna\u00eetre la beaut\u00e9, la diversit\u00e9 culturelle, et l\u2019accessibilit\u00e9 de la ville de Toronto, Ontario, Canada.<\/li>\n<\/ol>\n","protected":false},"excerpt":{"rendered":"Basketball en fauteuil roulant Canada a le plaisir d\u2019accueillir les meilleurs joueurs masculins juniors de basketball en fauteuil roulant au monde, du 8 au 16 juin 2017, \u00e0 Toronto, \u00e0 l\u2019occasion du Championnat du monde masculin des moins de 23 ans de basketball en fauteuil roulant, de la F\u00e9d\u00e9ration internationale de basketball en fauteuil roulant. [&hellip;]","protected":false},"author":4,"featured_media":5933,"parent":6839,"menu_order":3,"comment_status":"closed","ping_status":"closed","template":"page-wwbc.php","meta":{"om_disable_all_campaigns":false,"_monsterinsights_skip_tracking":false,"_monsterinsights_sitenote_active":false,"_monsterinsights_sitenote_note":"","_monsterinsights_sitenote_category":0,"footnotes":""},"acf":[],"yoast_head":"<!-- This site is optimized with the Yoast SEO plugin v21.9.1 - https:\/\/yoast.com\/wordpress\/plugins\/seo\/ -->\n<title>Aper\u00e7u de l\u2019\u00e9v\u00e9nement - Wheelchair Basketball Canada<\/title>\n<meta name=\"robots\" content=\"index, follow, max-snippet:-1, max-image-preview:large, max-video-preview:-1\" \/>\n<link rel=\"canonical\" href=\"https:\/\/www.wheelchairbasketball.ca\/fr\/2017u23wwbc\/apercu-evenement\/\" \/>\n<meta property=\"og:locale\" content=\"fr_FR\" \/>\n<meta property=\"og:type\" content=\"article\" \/>\n<meta property=\"og:title\" content=\"Aper\u00e7u de l\u2019\u00e9v\u00e9nement - Wheelchair Basketball Canada\" \/>\n<meta property=\"og:description\" content=\"Basketball en fauteuil roulant Canada a le plaisir d\u2019accueillir les meilleurs joueurs masculins juniors de basketball en fauteuil roulant au monde, du 8 au 16 juin 2017, \u00e0 Toronto, \u00e0 l\u2019occasion du Championnat du monde masculin des moins de 23 ans de basketball en fauteuil roulant, de la F\u00e9d\u00e9ration internationale de basketball en fauteuil roulant. [&hellip;]\" \/>\n<meta property=\"og:url\" content=\"https:\/\/www.wheelchairbasketball.ca\/fr\/2017u23wwbc\/apercu-evenement\/\" \/>\n<meta property=\"og:site_name\" content=\"Wheelchair Basketball Canada\" \/>\n<meta property=\"article:publisher\" content=\"http:\/\/www.facebook.com\/wheelchairbasketball\" \/>\n<meta property=\"article:modified_time\" content=\"2017-01-30T14:54:24+00:00\" \/>\n<meta property=\"og:image\" content=\"https:\/\/www.wheelchairbasketball.ca\/wp-content\/uploads\/2016\/04\/2017U23WWBC-feature.jpg\" \/>\n\t<meta property=\"og:image:width\" content=\"1400\" \/>\n\t<meta property=\"og:image:height\" content=\"600\" \/>\n\t<meta property=\"og:image:type\" content=\"image\/jpeg\" \/>\n<meta name=\"twitter:card\" content=\"summary_large_image\" \/>\n<meta name=\"twitter:site\" content=\"@WCBballCanada\" \/>\n<meta name=\"twitter:label1\" content=\"Dur\u00e9e de lecture estim\u00e9e\" \/>\n\t<meta name=\"twitter:data1\" content=\"3 minutes\" \/>\n<script type=\"application\/ld+json\" class=\"yoast-schema-graph\">{\"@context\":\"https:\/\/schema.org\",\"@graph\":[{\"@type\":\"WebPage\",\"@id\":\"https:\/\/www.wheelchairbasketball.ca\/fr\/2017u23wwbc\/apercu-evenement\/\",\"url\":\"https:\/\/www.wheelchairbasketball.ca\/fr\/2017u23wwbc\/apercu-evenement\/\",\"name\":\"Aper\u00e7u de l\u2019\u00e9v\u00e9nement - Wheelchair Basketball Canada\",\"isPartOf\":{\"@id\":\"https:\/\/www.wheelchairbasketball.ca\/#website\"},\"datePublished\":\"2016-12-07T15:47:17+00:00\",\"dateModified\":\"2017-01-30T14:54:24+00:00\",\"breadcrumb\":{\"@id\":\"https:\/\/www.wheelchairbasketball.ca\/fr\/2017u23wwbc\/apercu-evenement\/#breadcrumb\"},\"inLanguage\":\"fr-FR\",\"potentialAction\":[{\"@type\":\"ReadAction\",\"target\":[\"https:\/\/www.wheelchairbasketball.ca\/fr\/2017u23wwbc\/apercu-evenement\/\"]}]},{\"@type\":\"BreadcrumbList\",\"@id\":\"https:\/\/www.wheelchairbasketball.ca\/fr\/2017u23wwbc\/apercu-evenement\/#breadcrumb\",\"itemListElement\":[{\"@type\":\"ListItem\",\"position\":1,\"name\":\"Home\",\"item\":\"https:\/\/www.wheelchairbasketball.ca\/fr\/\"},{\"@type\":\"ListItem\",\"position\":2,\"name\":\"2017u23wwbc\",\"item\":\"https:\/\/www.wheelchairbasketball.ca\/fr\/2017u23wwbc\/\"},{\"@type\":\"ListItem\",\"position\":3,\"name\":\"Aper\u00e7u de l\u2019\u00e9v\u00e9nement\"}]},{\"@type\":\"WebSite\",\"@id\":\"https:\/\/www.wheelchairbasketball.ca\/#website\",\"url\":\"https:\/\/www.wheelchairbasketball.ca\/\",\"name\":\"Wheelchair Basketball Canada\",\"description\":\"Real Life. Real Sport.\",\"potentialAction\":[{\"@type\":\"SearchAction\",\"target\":{\"@type\":\"EntryPoint\",\"urlTemplate\":\"https:\/\/www.wheelchairbasketball.ca\/?s={search_term_string}\"},\"query-input\":\"required name=search_term_string\"}],\"inLanguage\":\"fr-FR\"}]}<\/script>\n<!-- \/ Yoast SEO plugin. -->","yoast_head_json":{"title":"Aper\u00e7u de l\u2019\u00e9v\u00e9nement - Wheelchair Basketball Canada","robots":{"index":"index","follow":"follow","max-snippet":"max-snippet:-1","max-image-preview":"max-image-preview:large","max-video-preview":"max-video-preview:-1"},"canonical":"https:\/\/www.wheelchairbasketball.ca\/fr\/2017u23wwbc\/apercu-evenement\/","og_locale":"fr_FR","og_type":"article","og_title":"Aper\u00e7u de l\u2019\u00e9v\u00e9nement - Wheelchair Basketball Canada","og_description":"Basketball en fauteuil roulant Canada a le plaisir d\u2019accueillir les meilleurs joueurs masculins juniors de basketball en fauteuil roulant au monde, du 8 au 16 juin 2017, \u00e0 Toronto, \u00e0 l\u2019occasion du Championnat du monde masculin des moins de 23 ans de basketball en fauteuil roulant, de la F\u00e9d\u00e9ration internationale de basketball en fauteuil roulant. [&hellip;]","og_url":"https:\/\/www.wheelchairbasketball.ca\/fr\/2017u23wwbc\/apercu-evenement\/","og_site_name":"Wheelchair Basketball Canada","article_publisher":"http:\/\/www.facebook.com\/wheelchairbasketball","article_modified_time":"2017-01-30T14:54:24+00:00","og_image":[{"width":1400,"height":600,"url":"https:\/\/www.wheelchairbasketball.ca\/wp-content\/uploads\/2016\/04\/2017U23WWBC-feature.jpg","type":"image\/jpeg"}],"twitter_card":"summary_large_image","twitter_site":"@WCBballCanada","twitter_misc":{"Dur\u00e9e de lecture estim\u00e9e":"3 minutes"},"schema":{"@context":"https:\/\/schema.org","@graph":[{"@type":"WebPage","@id":"https:\/\/www.wheelchairbasketball.ca\/fr\/2017u23wwbc\/apercu-evenement\/","url":"https:\/\/www.wheelchairbasketball.ca\/fr\/2017u23wwbc\/apercu-evenement\/","name":"Aper\u00e7u de l\u2019\u00e9v\u00e9nement - Wheelchair Basketball Canada","isPartOf":{"@id":"https:\/\/www.wheelchairbasketball.ca\/#website"},"datePublished":"2016-12-07T15:47:17+00:00","dateModified":"2017-01-30T14:54:24+00:00","breadcrumb":{"@id":"https:\/\/www.wheelchairbasketball.ca\/fr\/2017u23wwbc\/apercu-evenement\/#breadcrumb"},"inLanguage":"fr-FR","potentialAction":[{"@type":"ReadAction","target":["https:\/\/www.wheelchairbasketball.ca\/fr\/2017u23wwbc\/apercu-evenement\/"]}]},{"@type":"BreadcrumbList","@id":"https:\/\/www.wheelchairbasketball.ca\/fr\/2017u23wwbc\/apercu-evenement\/#breadcrumb","itemListElement":[{"@type":"ListItem","position":1,"name":"Home","item":"https:\/\/www.wheelchairbasketball.ca\/fr\/"},{"@type":"ListItem","position":2,"name":"2017u23wwbc","item":"https:\/\/www.wheelchairbasketball.ca\/fr\/2017u23wwbc\/"},{"@type":"ListItem","position":3,"name":"Aper\u00e7u de l\u2019\u00e9v\u00e9nement"}]},{"@type":"WebSite","@id":"https:\/\/www.wheelchairbasketball.ca\/#website","url":"https:\/\/www.wheelchairbasketball.ca\/","name":"Wheelchair Basketball Canada","description":"Real Life. Real Sport.","potentialAction":[{"@type":"SearchAction","target":{"@type":"EntryPoint","urlTemplate":"https:\/\/www.wheelchairbasketball.ca\/?s={search_term_string}"},"query-input":"required name=search_term_string"}],"inLanguage":"fr-FR"}]}},"_links":{"self":[{"href":"https:\/\/www.wheelchairbasketball.ca\/fr\/wp-json\/wp\/v2\/pages\/6847"}],"collection":[{"href":"https:\/\/www.wheelchairbasketball.ca\/fr\/wp-json\/wp\/v2\/pages"}],"about":[{"href":"https:\/\/www.wheelchairbasketball.ca\/fr\/wp-json\/wp\/v2\/types\/page"}],"author":[{"embeddable":true,"href":"https:\/\/www.wheelchairbasketball.ca\/fr\/wp-json\/wp\/v2\/users\/4"}],"replies":[{"embeddable":true,"href":"https:\/\/www.wheelchairbasketball.ca\/fr\/wp-json\/wp\/v2\/comments?post=6847"}],"version-history":[{"count":10,"href":"https:\/\/www.wheelchairbasketball.ca\/fr\/wp-json\/wp\/v2\/pages\/6847\/revisions"}],"predecessor-version":[{"id":7274,"href":"https:\/\/www.wheelchairbasketball.ca\/fr\/wp-json\/wp\/v2\/pages\/6847\/revisions\/7274"}],"up":[{"embeddable":true,"href":"https:\/\/www.wheelchairbasketball.ca\/fr\/wp-json\/wp\/v2\/pages\/6839"}],"wp:featuredmedia":[{"embeddable":true,"href":"https:\/\/www.wheelchairbasketball.ca\/fr\/wp-json\/wp\/v2\/media\/5933"}],"wp:attachment":[{"href":"https:\/\/www.wheelchairbasketball.ca\/fr\/wp-json\/wp\/v2\/media?parent=6847"}],"curies":[{"name":"wp","href":"https:\/\/api.w.org\/{rel}","templated":true}]}}