{"id":6860,"date":"2016-12-07T16:01:36","date_gmt":"2016-12-07T16:01:36","guid":{"rendered":"https:\/\/www.wheelchairbasketball.ca\/?page_id=6860"},"modified":"2017-01-27T17:46:48","modified_gmt":"2017-01-27T17:46:48","slug":"site","status":"publish","type":"page","link":"https:\/\/www.wheelchairbasketball.ca\/fr\/2017u23wwbc\/apercu-evenement\/site\/","title":{"rendered":"Site"},"content":{"rendered":"<p>Le Championnat du monde masculine des moins de 23 ans de basketball en fauteuil roulant 2017 aura lieu au Mattamy Athletic Centre, \u00e0 Toronto, en Ontario, au Canada.<\/p>\n<p>Situ\u00e9 au c\u0153ur du centre-ville de Toronto, le Mattamy Athletic Centre est l\u2019ancien site de l\u2019historique du Maple Leaf Gardens et le foyer des \u00e9quipes universitaires de basketball, de hockey et de volleyball Ryerson Rams.<\/p>\n<p>L\u2019installation de pointe, qui comprend plus de 222\u00a0000 pieds carr\u00e9s d\u2019espace, est compl\u00e8tement accessible. En plus d\u2019accueillir tous les matchs de comp\u00e9tition et s\u00e9ances d\u2019entra\u00eenement du CMM23BFR 2017, le Mattamy Athletic Centre \u00e9tait aussi le site officiel du Championnat du monde f\u00e9minin de basketball en fauteuil roulant 2014 et de la comp\u00e9tition de basketball en fauteuil roulant aux\u00a0Jeux parapanam\u00e9ricains de 2015 \u00e0\u00a0Toronto.<\/p>\n<p>Tous les matchs de comp\u00e9tition du CMM23BFR 2017 auront lieu dans le stade, au troisi\u00e8me \u00e9tage du Mattamy Athletic Centre. Le site est situ\u00e9 \u00e0 :<\/p>\n<p>Mattamy Athletic Centre<br \/>\n50, rue Carlton<br \/>\nToronto, Ontario<br \/>\nM5B 1J2<br \/>\n416-598-5966<\/p>\n<p><iframe loading=\"lazy\" style=\"border: 0;\" src=\"https:\/\/www.google.com\/maps\/embed?pb=!1m18!1m12!1m3!1d2886.338491725116!2d-79.38247308443486!3d43.66192957912092!2m3!1f0!2f0!3f0!3m2!1i1024!2i768!4f13.1!3m3!1m2!1s0x882b34b4fb7958c3%3A0xa522598cba8ab738!2s50+Carlton+St%2C+Toronto%2C+ON+M5B+1J2!5e0!3m2!1sen!2sca!4v1481658349894\" width=\"600\" height=\"450\" frameborder=\"0\" allowfullscreen=\"allowfullscreen\"><\/iframe><\/p>\n<p>Le stade compte des places assises pour plus de 2\u00a0500 spectateurs. Des si\u00e8ges accessibles se trouvent des c\u00f4t\u00e9s est et ouest au niveau du grand hall ainsi qu\u2019au niveau du rez-de-chauss\u00e9e.<\/p>\n<p>Un parc de stationnement public payant se trouve \u00e0 l\u2019intersection nord\u2011ouest du site.<\/p>\n<p>Pour plus de renseignements sur le site, veuillez visiter <a href=\"http:\/\/www.mattamyathleticcentre.ca\">www.mattamyathleticcentre.ca<\/a>.<\/p>\n","protected":false},"excerpt":{"rendered":"Le Championnat du monde masculine des moins de 23 ans de basketball en fauteuil roulant 2017 aura lieu au Mattamy Athletic Centre, \u00e0 Toronto, en Ontario, au Canada. Situ\u00e9 au c\u0153ur du centre-ville de Toronto, le Mattamy Athletic Centre est l\u2019ancien site de l\u2019historique du Maple Leaf Gardens et le foyer des \u00e9quipes universitaires de [&hellip;]","protected":false},"author":4,"featured_media":5938,"parent":6847,"menu_order":0,"comment_status":"closed","ping_status":"closed","template":"page-wwbc.php","meta":{"om_disable_all_campaigns":false,"_monsterinsights_skip_tracking":false,"_monsterinsights_sitenote_active":false,"_monsterinsights_sitenote_note":"","_monsterinsights_sitenote_category":0,"footnotes":""},"acf":[],"yoast_head":"<!-- This site is optimized with the Yoast SEO plugin v21.9.1 - https:\/\/yoast.com\/wordpress\/plugins\/seo\/ -->\n<title>Site - Wheelchair Basketball Canada<\/title>\n<meta name=\"robots\" content=\"index, follow, max-snippet:-1, max-image-preview:large, max-video-preview:-1\" \/>\n<link rel=\"canonical\" href=\"https:\/\/www.wheelchairbasketball.ca\/fr\/2017u23wwbc\/apercu-evenement\/site\/\" \/>\n<meta property=\"og:locale\" content=\"fr_FR\" \/>\n<meta property=\"og:type\" content=\"article\" \/>\n<meta property=\"og:title\" content=\"Site - Wheelchair Basketball Canada\" \/>\n<meta property=\"og:description\" content=\"Le Championnat du monde masculine des moins de 23 ans de basketball en fauteuil roulant 2017 aura lieu au Mattamy Athletic Centre, \u00e0 Toronto, en Ontario, au Canada. Situ\u00e9 au c\u0153ur du centre-ville de Toronto, le Mattamy Athletic Centre est l\u2019ancien site de l\u2019historique du Maple Leaf Gardens et le foyer des \u00e9quipes universitaires de [&hellip;]\" \/>\n<meta property=\"og:url\" content=\"https:\/\/www.wheelchairbasketball.ca\/fr\/2017u23wwbc\/apercu-evenement\/site\/\" \/>\n<meta property=\"og:site_name\" content=\"Wheelchair Basketball Canada\" \/>\n<meta property=\"article:publisher\" content=\"http:\/\/www.facebook.com\/wheelchairbasketball\" \/>\n<meta property=\"article:modified_time\" content=\"2017-01-27T17:46:48+00:00\" \/>\n<meta property=\"og:image\" content=\"https:\/\/www.wheelchairbasketball.ca\/wp-content\/uploads\/2016\/04\/VenueMAC-feature.jpg\" \/>\n\t<meta property=\"og:image:width\" content=\"1400\" \/>\n\t<meta property=\"og:image:height\" content=\"600\" \/>\n\t<meta property=\"og:image:type\" content=\"image\/jpeg\" \/>\n<meta name=\"twitter:card\" content=\"summary_large_image\" \/>\n<meta name=\"twitter:site\" content=\"@WCBballCanada\" \/>\n<meta name=\"twitter:label1\" content=\"Dur\u00e9e de lecture estim\u00e9e\" \/>\n\t<meta name=\"twitter:data1\" content=\"1 minute\" \/>\n<script type=\"application\/ld+json\" class=\"yoast-schema-graph\">{\"@context\":\"https:\/\/schema.org\",\"@graph\":[{\"@type\":\"WebPage\",\"@id\":\"https:\/\/www.wheelchairbasketball.ca\/fr\/2017u23wwbc\/apercu-evenement\/site\/\",\"url\":\"https:\/\/www.wheelchairbasketball.ca\/fr\/2017u23wwbc\/apercu-evenement\/site\/\",\"name\":\"Site - Wheelchair Basketball Canada\",\"isPartOf\":{\"@id\":\"https:\/\/www.wheelchairbasketball.ca\/#website\"},\"datePublished\":\"2016-12-07T16:01:36+00:00\",\"dateModified\":\"2017-01-27T17:46:48+00:00\",\"breadcrumb\":{\"@id\":\"https:\/\/www.wheelchairbasketball.ca\/fr\/2017u23wwbc\/apercu-evenement\/site\/#breadcrumb\"},\"inLanguage\":\"fr-FR\",\"potentialAction\":[{\"@type\":\"ReadAction\",\"target\":[\"https:\/\/www.wheelchairbasketball.ca\/fr\/2017u23wwbc\/apercu-evenement\/site\/\"]}]},{\"@type\":\"BreadcrumbList\",\"@id\":\"https:\/\/www.wheelchairbasketball.ca\/fr\/2017u23wwbc\/apercu-evenement\/site\/#breadcrumb\",\"itemListElement\":[{\"@type\":\"ListItem\",\"position\":1,\"name\":\"Home\",\"item\":\"https:\/\/www.wheelchairbasketball.ca\/fr\/\"},{\"@type\":\"ListItem\",\"position\":2,\"name\":\"2017u23wwbc\",\"item\":\"https:\/\/www.wheelchairbasketball.ca\/fr\/2017u23wwbc\/\"},{\"@type\":\"ListItem\",\"position\":3,\"name\":\"Aper\u00e7u de l\u2019\u00e9v\u00e9nement\",\"item\":\"https:\/\/www.wheelchairbasketball.ca\/fr\/2017u23wwbc\/apercu-evenement\/\"},{\"@type\":\"ListItem\",\"position\":4,\"name\":\"Site\"}]},{\"@type\":\"WebSite\",\"@id\":\"https:\/\/www.wheelchairbasketball.ca\/#website\",\"url\":\"https:\/\/www.wheelchairbasketball.ca\/\",\"name\":\"Wheelchair Basketball Canada\",\"description\":\"Real Life. Real Sport.\",\"potentialAction\":[{\"@type\":\"SearchAction\",\"target\":{\"@type\":\"EntryPoint\",\"urlTemplate\":\"https:\/\/www.wheelchairbasketball.ca\/?s={search_term_string}\"},\"query-input\":\"required name=search_term_string\"}],\"inLanguage\":\"fr-FR\"}]}<\/script>\n<!-- \/ Yoast SEO plugin. -->","yoast_head_json":{"title":"Site - Wheelchair Basketball Canada","robots":{"index":"index","follow":"follow","max-snippet":"max-snippet:-1","max-image-preview":"max-image-preview:large","max-video-preview":"max-video-preview:-1"},"canonical":"https:\/\/www.wheelchairbasketball.ca\/fr\/2017u23wwbc\/apercu-evenement\/site\/","og_locale":"fr_FR","og_type":"article","og_title":"Site - Wheelchair Basketball Canada","og_description":"Le Championnat du monde masculine des moins de 23 ans de basketball en fauteuil roulant 2017 aura lieu au Mattamy Athletic Centre, \u00e0 Toronto, en Ontario, au Canada. Situ\u00e9 au c\u0153ur du centre-ville de Toronto, le Mattamy Athletic Centre est l\u2019ancien site de l\u2019historique du Maple Leaf Gardens et le foyer des \u00e9quipes universitaires de [&hellip;]","og_url":"https:\/\/www.wheelchairbasketball.ca\/fr\/2017u23wwbc\/apercu-evenement\/site\/","og_site_name":"Wheelchair Basketball Canada","article_publisher":"http:\/\/www.facebook.com\/wheelchairbasketball","article_modified_time":"2017-01-27T17:46:48+00:00","og_image":[{"width":1400,"height":600,"url":"https:\/\/www.wheelchairbasketball.ca\/wp-content\/uploads\/2016\/04\/VenueMAC-feature.jpg","type":"image\/jpeg"}],"twitter_card":"summary_large_image","twitter_site":"@WCBballCanada","twitter_misc":{"Dur\u00e9e de lecture estim\u00e9e":"1 minute"},"schema":{"@context":"https:\/\/schema.org","@graph":[{"@type":"WebPage","@id":"https:\/\/www.wheelchairbasketball.ca\/fr\/2017u23wwbc\/apercu-evenement\/site\/","url":"https:\/\/www.wheelchairbasketball.ca\/fr\/2017u23wwbc\/apercu-evenement\/site\/","name":"Site - Wheelchair Basketball Canada","isPartOf":{"@id":"https:\/\/www.wheelchairbasketball.ca\/#website"},"datePublished":"2016-12-07T16:01:36+00:00","dateModified":"2017-01-27T17:46:48+00:00","breadcrumb":{"@id":"https:\/\/www.wheelchairbasketball.ca\/fr\/2017u23wwbc\/apercu-evenement\/site\/#breadcrumb"},"inLanguage":"fr-FR","potentialAction":[{"@type":"ReadAction","target":["https:\/\/www.wheelchairbasketball.ca\/fr\/2017u23wwbc\/apercu-evenement\/site\/"]}]},{"@type":"BreadcrumbList","@id":"https:\/\/www.wheelchairbasketball.ca\/fr\/2017u23wwbc\/apercu-evenement\/site\/#breadcrumb","itemListElement":[{"@type":"ListItem","position":1,"name":"Home","item":"https:\/\/www.wheelchairbasketball.ca\/fr\/"},{"@type":"ListItem","position":2,"name":"2017u23wwbc","item":"https:\/\/www.wheelchairbasketball.ca\/fr\/2017u23wwbc\/"},{"@type":"ListItem","position":3,"name":"Aper\u00e7u de l\u2019\u00e9v\u00e9nement","item":"https:\/\/www.wheelchairbasketball.ca\/fr\/2017u23wwbc\/apercu-evenement\/"},{"@type":"ListItem","position":4,"name":"Site"}]},{"@type":"WebSite","@id":"https:\/\/www.wheelchairbasketball.ca\/#website","url":"https:\/\/www.wheelchairbasketball.ca\/","name":"Wheelchair Basketball Canada","description":"Real Life. Real Sport.","potentialAction":[{"@type":"SearchAction","target":{"@type":"EntryPoint","urlTemplate":"https:\/\/www.wheelchairbasketball.ca\/?s={search_term_string}"},"query-input":"required name=search_term_string"}],"inLanguage":"fr-FR"}]}},"_links":{"self":[{"href":"https:\/\/www.wheelchairbasketball.ca\/fr\/wp-json\/wp\/v2\/pages\/6860"}],"collection":[{"href":"https:\/\/www.wheelchairbasketball.ca\/fr\/wp-json\/wp\/v2\/pages"}],"about":[{"href":"https:\/\/www.wheelchairbasketball.ca\/fr\/wp-json\/wp\/v2\/types\/page"}],"author":[{"embeddable":true,"href":"https:\/\/www.wheelchairbasketball.ca\/fr\/wp-json\/wp\/v2\/users\/4"}],"replies":[{"embeddable":true,"href":"https:\/\/www.wheelchairbasketball.ca\/fr\/wp-json\/wp\/v2\/comments?post=6860"}],"version-history":[{"count":6,"href":"https:\/\/www.wheelchairbasketball.ca\/fr\/wp-json\/wp\/v2\/pages\/6860\/revisions"}],"predecessor-version":[{"id":7254,"href":"https:\/\/www.wheelchairbasketball.ca\/fr\/wp-json\/wp\/v2\/pages\/6860\/revisions\/7254"}],"up":[{"embeddable":true,"href":"https:\/\/www.wheelchairbasketball.ca\/fr\/wp-json\/wp\/v2\/pages\/6847"}],"wp:featuredmedia":[{"embeddable":true,"href":"https:\/\/www.wheelchairbasketball.ca\/fr\/wp-json\/wp\/v2\/media\/5938"}],"wp:attachment":[{"href":"https:\/\/www.wheelchairbasketball.ca\/fr\/wp-json\/wp\/v2\/media?parent=6860"}],"curies":[{"name":"wp","href":"https:\/\/api.w.org\/{rel}","templated":true}]}}