{"id":6864,"date":"2016-12-07T16:13:10","date_gmt":"2016-12-07T16:13:10","guid":{"rendered":"https:\/\/www.wheelchairbasketball.ca\/?page_id=6864"},"modified":"2017-05-15T16:09:11","modified_gmt":"2017-05-15T16:09:11","slug":"visiteurs","status":"publish","type":"page","link":"https:\/\/www.wheelchairbasketball.ca\/fr\/2017u23wwbc\/apercu-evenement\/visiteurs\/","title":{"rendered":"Visiteurs"},"content":{"rendered":"<p>Le Championnat du monde masculin des moins de 23 ans de basketball en fauteuil roulant 2017 aura lieu dans la ville dynamique de Toronto, en Ontario, au Canada. Le comit\u00e9 organisateur invite les spectateurs au tournoi non seulement \u00e0 venir encourager leur \u00e9quipe favorite au Mattamy Athletic Centre, du 8 au 16 juin 2017, mais aussi \u00e0 explorer la beaut\u00e9, la diversit\u00e9 culturelle et l\u2019accessibilit\u00e9 de Toronto.<\/p>\n<h3>Parents et amis<\/h3>\n<p>Une trousse de renseignements pour les parents et amis sera bient\u00f4t publi\u00e9e. Cette trousse a pour but de permettre aux participants \u00e0 l\u2019\u00e9v\u00e9nement de vivre une excellente exp\u00e9rience durant leur s\u00e9jour, tout au long du tournoi.<\/p>\n<h3>Carte<\/h3>\n<p>Mattamy Athletic Centre<br \/>\n50, rue Carlton<br \/>\nToronto (Ontario) Canada<br \/>\nM5B 1J2<\/p>\n<p><iframe loading=\"lazy\" style=\"border: 0;\" src=\"https:\/\/www.google.com\/maps\/embed?pb=!1m18!1m12!1m3!1d2886.338491725116!2d-79.38247308443486!3d43.66192957912092!2m3!1f0!2f0!3f0!3m2!1i1024!2i768!4f13.1!3m3!1m2!1s0x882b34b4fb7958c3%3A0xa522598cba8ab738!2s50+Carlton+St%2C+Toronto%2C+ON+M5B+1J2!5e0!3m2!1sen!2sca!4v1481658349894\" width=\"600\" height=\"450\" frameborder=\"0\" allowfullscreen=\"allowfullscreen\"><\/iframe><\/p>\n<h3>Attractions<\/h3>\n<p>Le Championnat du monde masculin des moins de 23 ans de basketball en fauteuil roulant 2017 se d\u00e9roulera au c\u0153ur du centre-ville de Toronto, o\u00f9 des attractions, des restaurants, des magasins et du divertissement de classe mondiale se trouvent tout pr\u00e8s.<\/p>\n<p><iframe loading=\"lazy\" width=\"604\" height=\"340\" src=\"https:\/\/www.youtube.com\/embed\/5WSnIKUmD94?feature=oembed\" frameborder=\"0\" allowfullscreen><\/iframe><\/p>\n<p>Pour plus de renseignements, veuillez consulter <a href=\"http:\/\/mtm.seetorontonow.com\/\" target=\"_blank\" rel=\"noopener noreferrer\">Tourism Toronto<\/a>.<\/p>\n<p><img loading=\"lazy\" decoding=\"async\" width=\"430\" height=\"141\" class=\"alignnone size-full wp-image-7276\" src=\"https:\/\/www.wheelchairbasketball.ca\/wp-content\/uploads\/2016\/12\/U23-ComeTogether-f.jpg\" alt=\"\" srcset=\"https:\/\/www.wheelchairbasketball.ca\/wp-content\/uploads\/2016\/12\/U23-ComeTogether-f.jpg 430w, https:\/\/www.wheelchairbasketball.ca\/wp-content\/uploads\/2016\/12\/U23-ComeTogether-f-300x98.jpg 300w\" sizes=\"(max-width: 430px) 100vw, 430px\" \/><\/p>\n","protected":false},"excerpt":{"rendered":"Le Championnat du monde masculin des moins de 23 ans de basketball en fauteuil roulant 2017 aura lieu dans la ville dynamique de Toronto, en Ontario, au Canada. Le comit\u00e9 organisateur invite les spectateurs au tournoi non seulement \u00e0 venir encourager leur \u00e9quipe favorite au Mattamy Athletic Centre, du 8 au 16 juin 2017, mais [&hellip;]","protected":false},"author":4,"featured_media":7256,"parent":6847,"menu_order":1,"comment_status":"closed","ping_status":"closed","template":"page-wwbc.php","meta":{"om_disable_all_campaigns":false,"_monsterinsights_skip_tracking":false,"_monsterinsights_sitenote_active":false,"_monsterinsights_sitenote_note":"","_monsterinsights_sitenote_category":0,"footnotes":""},"acf":[],"yoast_head":"<!-- This site is optimized with the Yoast SEO plugin v21.9.1 - https:\/\/yoast.com\/wordpress\/plugins\/seo\/ -->\n<title>Visiteurs - Wheelchair Basketball Canada<\/title>\n<meta name=\"robots\" content=\"index, follow, max-snippet:-1, max-image-preview:large, max-video-preview:-1\" \/>\n<link rel=\"canonical\" href=\"https:\/\/www.wheelchairbasketball.ca\/fr\/2017u23wwbc\/apercu-evenement\/visiteurs\/\" \/>\n<meta property=\"og:locale\" content=\"fr_FR\" \/>\n<meta property=\"og:type\" content=\"article\" \/>\n<meta property=\"og:title\" content=\"Visiteurs - Wheelchair Basketball Canada\" \/>\n<meta property=\"og:description\" content=\"Le Championnat du monde masculin des moins de 23 ans de basketball en fauteuil roulant 2017 aura lieu dans la ville dynamique de Toronto, en Ontario, au Canada. Le comit\u00e9 organisateur invite les spectateurs au tournoi non seulement \u00e0 venir encourager leur \u00e9quipe favorite au Mattamy Athletic Centre, du 8 au 16 juin 2017, mais [&hellip;]\" \/>\n<meta property=\"og:url\" content=\"https:\/\/www.wheelchairbasketball.ca\/fr\/2017u23wwbc\/apercu-evenement\/visiteurs\/\" \/>\n<meta property=\"og:site_name\" content=\"Wheelchair Basketball Canada\" \/>\n<meta property=\"article:publisher\" content=\"http:\/\/www.facebook.com\/wheelchairbasketball\" \/>\n<meta property=\"article:modified_time\" content=\"2017-05-15T16:09:11+00:00\" \/>\n<meta property=\"og:image\" content=\"https:\/\/www.wheelchairbasketball.ca\/wp-content\/uploads\/2016\/12\/U23-Visitors-feature.jpg\" \/>\n\t<meta property=\"og:image:width\" content=\"1400\" \/>\n\t<meta property=\"og:image:height\" content=\"600\" \/>\n\t<meta property=\"og:image:type\" content=\"image\/jpeg\" \/>\n<meta name=\"twitter:card\" content=\"summary_large_image\" \/>\n<meta name=\"twitter:site\" content=\"@WCBballCanada\" \/>\n<meta name=\"twitter:label1\" content=\"Dur\u00e9e de lecture estim\u00e9e\" \/>\n\t<meta name=\"twitter:data1\" content=\"1 minute\" \/>\n<script type=\"application\/ld+json\" class=\"yoast-schema-graph\">{\"@context\":\"https:\/\/schema.org\",\"@graph\":[{\"@type\":\"WebPage\",\"@id\":\"https:\/\/www.wheelchairbasketball.ca\/fr\/2017u23wwbc\/apercu-evenement\/visiteurs\/\",\"url\":\"https:\/\/www.wheelchairbasketball.ca\/fr\/2017u23wwbc\/apercu-evenement\/visiteurs\/\",\"name\":\"Visiteurs - Wheelchair Basketball Canada\",\"isPartOf\":{\"@id\":\"https:\/\/www.wheelchairbasketball.ca\/#website\"},\"datePublished\":\"2016-12-07T16:13:10+00:00\",\"dateModified\":\"2017-05-15T16:09:11+00:00\",\"breadcrumb\":{\"@id\":\"https:\/\/www.wheelchairbasketball.ca\/fr\/2017u23wwbc\/apercu-evenement\/visiteurs\/#breadcrumb\"},\"inLanguage\":\"fr-FR\",\"potentialAction\":[{\"@type\":\"ReadAction\",\"target\":[\"https:\/\/www.wheelchairbasketball.ca\/fr\/2017u23wwbc\/apercu-evenement\/visiteurs\/\"]}]},{\"@type\":\"BreadcrumbList\",\"@id\":\"https:\/\/www.wheelchairbasketball.ca\/fr\/2017u23wwbc\/apercu-evenement\/visiteurs\/#breadcrumb\",\"itemListElement\":[{\"@type\":\"ListItem\",\"position\":1,\"name\":\"Home\",\"item\":\"https:\/\/www.wheelchairbasketball.ca\/fr\/\"},{\"@type\":\"ListItem\",\"position\":2,\"name\":\"2017u23wwbc\",\"item\":\"https:\/\/www.wheelchairbasketball.ca\/fr\/2017u23wwbc\/\"},{\"@type\":\"ListItem\",\"position\":3,\"name\":\"Aper\u00e7u de l\u2019\u00e9v\u00e9nement\",\"item\":\"https:\/\/www.wheelchairbasketball.ca\/fr\/2017u23wwbc\/apercu-evenement\/\"},{\"@type\":\"ListItem\",\"position\":4,\"name\":\"Visiteurs\"}]},{\"@type\":\"WebSite\",\"@id\":\"https:\/\/www.wheelchairbasketball.ca\/#website\",\"url\":\"https:\/\/www.wheelchairbasketball.ca\/\",\"name\":\"Wheelchair Basketball Canada\",\"description\":\"Real Life. Real Sport.\",\"potentialAction\":[{\"@type\":\"SearchAction\",\"target\":{\"@type\":\"EntryPoint\",\"urlTemplate\":\"https:\/\/www.wheelchairbasketball.ca\/?s={search_term_string}\"},\"query-input\":\"required name=search_term_string\"}],\"inLanguage\":\"fr-FR\"}]}<\/script>\n<!-- \/ Yoast SEO plugin. -->","yoast_head_json":{"title":"Visiteurs - Wheelchair Basketball Canada","robots":{"index":"index","follow":"follow","max-snippet":"max-snippet:-1","max-image-preview":"max-image-preview:large","max-video-preview":"max-video-preview:-1"},"canonical":"https:\/\/www.wheelchairbasketball.ca\/fr\/2017u23wwbc\/apercu-evenement\/visiteurs\/","og_locale":"fr_FR","og_type":"article","og_title":"Visiteurs - Wheelchair Basketball Canada","og_description":"Le Championnat du monde masculin des moins de 23 ans de basketball en fauteuil roulant 2017 aura lieu dans la ville dynamique de Toronto, en Ontario, au Canada. Le comit\u00e9 organisateur invite les spectateurs au tournoi non seulement \u00e0 venir encourager leur \u00e9quipe favorite au Mattamy Athletic Centre, du 8 au 16 juin 2017, mais [&hellip;]","og_url":"https:\/\/www.wheelchairbasketball.ca\/fr\/2017u23wwbc\/apercu-evenement\/visiteurs\/","og_site_name":"Wheelchair Basketball Canada","article_publisher":"http:\/\/www.facebook.com\/wheelchairbasketball","article_modified_time":"2017-05-15T16:09:11+00:00","og_image":[{"width":1400,"height":600,"url":"https:\/\/www.wheelchairbasketball.ca\/wp-content\/uploads\/2016\/12\/U23-Visitors-feature.jpg","type":"image\/jpeg"}],"twitter_card":"summary_large_image","twitter_site":"@WCBballCanada","twitter_misc":{"Dur\u00e9e de lecture estim\u00e9e":"1 minute"},"schema":{"@context":"https:\/\/schema.org","@graph":[{"@type":"WebPage","@id":"https:\/\/www.wheelchairbasketball.ca\/fr\/2017u23wwbc\/apercu-evenement\/visiteurs\/","url":"https:\/\/www.wheelchairbasketball.ca\/fr\/2017u23wwbc\/apercu-evenement\/visiteurs\/","name":"Visiteurs - Wheelchair Basketball Canada","isPartOf":{"@id":"https:\/\/www.wheelchairbasketball.ca\/#website"},"datePublished":"2016-12-07T16:13:10+00:00","dateModified":"2017-05-15T16:09:11+00:00","breadcrumb":{"@id":"https:\/\/www.wheelchairbasketball.ca\/fr\/2017u23wwbc\/apercu-evenement\/visiteurs\/#breadcrumb"},"inLanguage":"fr-FR","potentialAction":[{"@type":"ReadAction","target":["https:\/\/www.wheelchairbasketball.ca\/fr\/2017u23wwbc\/apercu-evenement\/visiteurs\/"]}]},{"@type":"BreadcrumbList","@id":"https:\/\/www.wheelchairbasketball.ca\/fr\/2017u23wwbc\/apercu-evenement\/visiteurs\/#breadcrumb","itemListElement":[{"@type":"ListItem","position":1,"name":"Home","item":"https:\/\/www.wheelchairbasketball.ca\/fr\/"},{"@type":"ListItem","position":2,"name":"2017u23wwbc","item":"https:\/\/www.wheelchairbasketball.ca\/fr\/2017u23wwbc\/"},{"@type":"ListItem","position":3,"name":"Aper\u00e7u de l\u2019\u00e9v\u00e9nement","item":"https:\/\/www.wheelchairbasketball.ca\/fr\/2017u23wwbc\/apercu-evenement\/"},{"@type":"ListItem","position":4,"name":"Visiteurs"}]},{"@type":"WebSite","@id":"https:\/\/www.wheelchairbasketball.ca\/#website","url":"https:\/\/www.wheelchairbasketball.ca\/","name":"Wheelchair Basketball Canada","description":"Real Life. Real Sport.","potentialAction":[{"@type":"SearchAction","target":{"@type":"EntryPoint","urlTemplate":"https:\/\/www.wheelchairbasketball.ca\/?s={search_term_string}"},"query-input":"required name=search_term_string"}],"inLanguage":"fr-FR"}]}},"_links":{"self":[{"href":"https:\/\/www.wheelchairbasketball.ca\/fr\/wp-json\/wp\/v2\/pages\/6864"}],"collection":[{"href":"https:\/\/www.wheelchairbasketball.ca\/fr\/wp-json\/wp\/v2\/pages"}],"about":[{"href":"https:\/\/www.wheelchairbasketball.ca\/fr\/wp-json\/wp\/v2\/types\/page"}],"author":[{"embeddable":true,"href":"https:\/\/www.wheelchairbasketball.ca\/fr\/wp-json\/wp\/v2\/users\/4"}],"replies":[{"embeddable":true,"href":"https:\/\/www.wheelchairbasketball.ca\/fr\/wp-json\/wp\/v2\/comments?post=6864"}],"version-history":[{"count":7,"href":"https:\/\/www.wheelchairbasketball.ca\/fr\/wp-json\/wp\/v2\/pages\/6864\/revisions"}],"predecessor-version":[{"id":7957,"href":"https:\/\/www.wheelchairbasketball.ca\/fr\/wp-json\/wp\/v2\/pages\/6864\/revisions\/7957"}],"up":[{"embeddable":true,"href":"https:\/\/www.wheelchairbasketball.ca\/fr\/wp-json\/wp\/v2\/pages\/6847"}],"wp:featuredmedia":[{"embeddable":true,"href":"https:\/\/www.wheelchairbasketball.ca\/fr\/wp-json\/wp\/v2\/media\/7256"}],"wp:attachment":[{"href":"https:\/\/www.wheelchairbasketball.ca\/fr\/wp-json\/wp\/v2\/media?parent=6864"}],"curies":[{"name":"wp","href":"https:\/\/api.w.org\/{rel}","templated":true}]}}