{"id":6868,"date":"2016-12-07T16:14:33","date_gmt":"2016-12-07T16:14:33","guid":{"rendered":"https:\/\/www.wheelchairbasketball.ca\/?page_id=6868"},"modified":"2017-02-28T17:12:09","modified_gmt":"2017-02-28T17:12:09","slug":"benevoles","status":"publish","type":"page","link":"https:\/\/www.wheelchairbasketball.ca\/fr\/2017u23wwbc\/apercu-evenement\/benevoles\/","title":{"rendered":"B\u00e9n\u00e9voles"},"content":{"rendered":"<p>Merci de votre int\u00e9r\u00eat \u00e0 faire partie de l\u2019\u00e9quipe b\u00e9n\u00e9vole pour le Championnat du monde masculin des moins de 23 ans 2017, qui aura lieu du 8 au 16\u00a0juin, au Mattamy Athletic Centre, \u00e0 Toronto, en Ontario, au Canada.<\/p>\n<p>Basketball en fauteuil roulant Canada et le comit\u00e9 organisateur local sont \u00e0 la recherche de personnes enthousiastes et engag\u00e9es qui sont dispos\u00e9es \u00e0 d\u00e9vouer temps et efforts pour aider \u00e0 pr\u00e9senter un \u00e9v\u00e9nement de classe mondiale. L\u2019exp\u00e9rience b\u00e9n\u00e9vole offrira une occasion de croissance personnelle et de perfectionnement professionnel, de r\u00e9seautage et d\u2019interaction sociale avec des intervenants cl\u00e9s de la communaut\u00e9 internationale du sport.<\/p>\n<p>Pour travailler b\u00e9n\u00e9volement au Championnat du monde masculin des moins de 23 ans 2017, toutes les personnes doivent respecter les crit\u00e8res suivants\u00a0:<\/p>\n<ul>\n<li>\u00eatre \u00e2g\u00e9 de 16 ans ou plus pour \u00eatre b\u00e9n\u00e9vole;<\/li>\n<li>se conformer au <a href=\"https:\/\/www.wheelchairbasketball.ca\/uploadedFiles\/About_Us\/Resources\/Bylaws_and_Policies\/Code%20of%20Conduct%20and%20Ethics%20-f.pdf\" target=\"_blank\">Code de conduite et de d\u00e9ontologie<\/a>\u00a0de Basketball en fauteuil roulant Canada et le <a href=\"https:\/\/www.wheelchairbasketball.ca\/wp-content\/uploads\/2016\/12\/2017U23WWBC-Volunteer-Code-of-Conduct-and-Ethics-Policy-FR.pdf\">Politique sur la discipline des b\u00e9n\u00e9voles<\/a>;<\/li>\n<li>signer un formulaire de d\u00e9gagement de responsabilit\u00e9, avant de travailler b\u00e9n\u00e9volement \u00e0 l\u2019\u00e9v\u00e9nement;<\/li>\n<li>satisfaire aux exigences de s\u00e9lection \u00e9tablies, avant de travailler b\u00e9n\u00e9volement \u00e0 l\u2019\u00e9v\u00e9nement;<\/li>\n<li>assister \u00e0 une s\u00e9ance de formation avant l\u2019\u00e9v\u00e9nement;<\/li>\n<li>s\u2019engager \u00e0 travailler b\u00e9n\u00e9volement un nombre minimum d\u2019heures ou de p\u00e9riodes de travail.<\/li>\n<\/ul>\n<h3>Soyez b\u00e9n\u00e9vole!<\/h3>\n<p><a href=\"https:\/\/www.wheelchairbasketball.ca\/fr\/2017u23wwbc\/apercu-evenement\/benevoles\/formulaire-de-demande-de-poste-benevole\/\" target=\"_blank\">Appliquez maintenant<\/a>!<\/p>\n<p>Pour plus de renseignements, veuillez contacter <a href=\"mai&#108;&#116;&#111;&#x3a;&#x76;&#x6f;&#x6c;&#x75;&#x6e;tee&#114;&#115;&#64;&#119;&#x68;&#x65;&#x65;&#x6c;&#x63;&#x68;air&#98;&#97;&#115;&#x6b;&#x65;&#x74;&#x62;&#x61;&#x6c;l&#46;c&#97;\">v&#111;&#x6c;&#x75;&#x6e;t&#101;&#101;&#x72;&#x73;&#64;&#119;&#104;&#x65;&#x65;lc&#104;&#x61;&#x69;&#x72;b&#97;&#x73;&#x6b;&#x65;t&#98;&#97;&#x6c;&#x6c;&#46;&#99;&#97;<\/a>.<\/p>\n","protected":false},"excerpt":{"rendered":"Merci de votre int\u00e9r\u00eat \u00e0 faire partie de l\u2019\u00e9quipe b\u00e9n\u00e9vole pour le Championnat du monde masculin des moins de 23 ans 2017, qui aura lieu du 8 au 16\u00a0juin, au Mattamy Athletic Centre, \u00e0 Toronto, en Ontario, au Canada. Basketball en fauteuil roulant Canada et le comit\u00e9 organisateur local sont \u00e0 la recherche de personnes [&hellip;]","protected":false},"author":4,"featured_media":7267,"parent":6847,"menu_order":2,"comment_status":"closed","ping_status":"closed","template":"page-wwbc.php","meta":{"om_disable_all_campaigns":false,"_monsterinsights_skip_tracking":false,"_monsterinsights_sitenote_active":false,"_monsterinsights_sitenote_note":"","_monsterinsights_sitenote_category":0,"footnotes":""},"acf":[],"yoast_head":"<!-- This site is optimized with the Yoast SEO plugin v21.9.1 - https:\/\/yoast.com\/wordpress\/plugins\/seo\/ -->\n<title>B\u00e9n\u00e9voles - Wheelchair Basketball Canada<\/title>\n<meta name=\"robots\" content=\"index, follow, max-snippet:-1, max-image-preview:large, max-video-preview:-1\" \/>\n<link rel=\"canonical\" href=\"https:\/\/www.wheelchairbasketball.ca\/fr\/2017u23wwbc\/apercu-evenement\/benevoles\/\" \/>\n<meta property=\"og:locale\" content=\"fr_FR\" \/>\n<meta property=\"og:type\" content=\"article\" \/>\n<meta property=\"og:title\" content=\"B\u00e9n\u00e9voles - Wheelchair Basketball Canada\" \/>\n<meta property=\"og:description\" content=\"Merci de votre int\u00e9r\u00eat \u00e0 faire partie de l\u2019\u00e9quipe b\u00e9n\u00e9vole pour le Championnat du monde masculin des moins de 23 ans 2017, qui aura lieu du 8 au 16\u00a0juin, au Mattamy Athletic Centre, \u00e0 Toronto, en Ontario, au Canada. Basketball en fauteuil roulant Canada et le comit\u00e9 organisateur local sont \u00e0 la recherche de personnes [&hellip;]\" \/>\n<meta property=\"og:url\" content=\"https:\/\/www.wheelchairbasketball.ca\/fr\/2017u23wwbc\/apercu-evenement\/benevoles\/\" \/>\n<meta property=\"og:site_name\" content=\"Wheelchair Basketball Canada\" \/>\n<meta property=\"article:publisher\" content=\"http:\/\/www.facebook.com\/wheelchairbasketball\" \/>\n<meta property=\"article:modified_time\" content=\"2017-02-28T17:12:09+00:00\" \/>\n<meta property=\"og:image\" content=\"https:\/\/www.wheelchairbasketball.ca\/wp-content\/uploads\/2016\/12\/U23-Volunteers-feature.jpg\" \/>\n\t<meta property=\"og:image:width\" content=\"1400\" \/>\n\t<meta property=\"og:image:height\" content=\"600\" \/>\n\t<meta property=\"og:image:type\" content=\"image\/jpeg\" \/>\n<meta name=\"twitter:card\" content=\"summary_large_image\" \/>\n<meta name=\"twitter:site\" content=\"@WCBballCanada\" \/>\n<meta name=\"twitter:label1\" content=\"Dur\u00e9e de lecture estim\u00e9e\" \/>\n\t<meta name=\"twitter:data1\" content=\"1 minute\" \/>\n<script type=\"application\/ld+json\" class=\"yoast-schema-graph\">{\"@context\":\"https:\/\/schema.org\",\"@graph\":[{\"@type\":\"WebPage\",\"@id\":\"https:\/\/www.wheelchairbasketball.ca\/fr\/2017u23wwbc\/apercu-evenement\/benevoles\/\",\"url\":\"https:\/\/www.wheelchairbasketball.ca\/fr\/2017u23wwbc\/apercu-evenement\/benevoles\/\",\"name\":\"B\u00e9n\u00e9voles - Wheelchair Basketball Canada\",\"isPartOf\":{\"@id\":\"https:\/\/www.wheelchairbasketball.ca\/#website\"},\"datePublished\":\"2016-12-07T16:14:33+00:00\",\"dateModified\":\"2017-02-28T17:12:09+00:00\",\"breadcrumb\":{\"@id\":\"https:\/\/www.wheelchairbasketball.ca\/fr\/2017u23wwbc\/apercu-evenement\/benevoles\/#breadcrumb\"},\"inLanguage\":\"fr-FR\",\"potentialAction\":[{\"@type\":\"ReadAction\",\"target\":[\"https:\/\/www.wheelchairbasketball.ca\/fr\/2017u23wwbc\/apercu-evenement\/benevoles\/\"]}]},{\"@type\":\"BreadcrumbList\",\"@id\":\"https:\/\/www.wheelchairbasketball.ca\/fr\/2017u23wwbc\/apercu-evenement\/benevoles\/#breadcrumb\",\"itemListElement\":[{\"@type\":\"ListItem\",\"position\":1,\"name\":\"Home\",\"item\":\"https:\/\/www.wheelchairbasketball.ca\/fr\/\"},{\"@type\":\"ListItem\",\"position\":2,\"name\":\"2017u23wwbc\",\"item\":\"https:\/\/www.wheelchairbasketball.ca\/fr\/2017u23wwbc\/\"},{\"@type\":\"ListItem\",\"position\":3,\"name\":\"Aper\u00e7u de l\u2019\u00e9v\u00e9nement\",\"item\":\"https:\/\/www.wheelchairbasketball.ca\/fr\/2017u23wwbc\/apercu-evenement\/\"},{\"@type\":\"ListItem\",\"position\":4,\"name\":\"B\u00e9n\u00e9voles\"}]},{\"@type\":\"WebSite\",\"@id\":\"https:\/\/www.wheelchairbasketball.ca\/#website\",\"url\":\"https:\/\/www.wheelchairbasketball.ca\/\",\"name\":\"Wheelchair Basketball Canada\",\"description\":\"Real Life. Real Sport.\",\"potentialAction\":[{\"@type\":\"SearchAction\",\"target\":{\"@type\":\"EntryPoint\",\"urlTemplate\":\"https:\/\/www.wheelchairbasketball.ca\/?s={search_term_string}\"},\"query-input\":\"required name=search_term_string\"}],\"inLanguage\":\"fr-FR\"}]}<\/script>\n<!-- \/ Yoast SEO plugin. -->","yoast_head_json":{"title":"B\u00e9n\u00e9voles - Wheelchair Basketball Canada","robots":{"index":"index","follow":"follow","max-snippet":"max-snippet:-1","max-image-preview":"max-image-preview:large","max-video-preview":"max-video-preview:-1"},"canonical":"https:\/\/www.wheelchairbasketball.ca\/fr\/2017u23wwbc\/apercu-evenement\/benevoles\/","og_locale":"fr_FR","og_type":"article","og_title":"B\u00e9n\u00e9voles - Wheelchair Basketball Canada","og_description":"Merci de votre int\u00e9r\u00eat \u00e0 faire partie de l\u2019\u00e9quipe b\u00e9n\u00e9vole pour le Championnat du monde masculin des moins de 23 ans 2017, qui aura lieu du 8 au 16\u00a0juin, au Mattamy Athletic Centre, \u00e0 Toronto, en Ontario, au Canada. Basketball en fauteuil roulant Canada et le comit\u00e9 organisateur local sont \u00e0 la recherche de personnes [&hellip;]","og_url":"https:\/\/www.wheelchairbasketball.ca\/fr\/2017u23wwbc\/apercu-evenement\/benevoles\/","og_site_name":"Wheelchair Basketball Canada","article_publisher":"http:\/\/www.facebook.com\/wheelchairbasketball","article_modified_time":"2017-02-28T17:12:09+00:00","og_image":[{"width":1400,"height":600,"url":"https:\/\/www.wheelchairbasketball.ca\/wp-content\/uploads\/2016\/12\/U23-Volunteers-feature.jpg","type":"image\/jpeg"}],"twitter_card":"summary_large_image","twitter_site":"@WCBballCanada","twitter_misc":{"Dur\u00e9e de lecture estim\u00e9e":"1 minute"},"schema":{"@context":"https:\/\/schema.org","@graph":[{"@type":"WebPage","@id":"https:\/\/www.wheelchairbasketball.ca\/fr\/2017u23wwbc\/apercu-evenement\/benevoles\/","url":"https:\/\/www.wheelchairbasketball.ca\/fr\/2017u23wwbc\/apercu-evenement\/benevoles\/","name":"B\u00e9n\u00e9voles - Wheelchair Basketball Canada","isPartOf":{"@id":"https:\/\/www.wheelchairbasketball.ca\/#website"},"datePublished":"2016-12-07T16:14:33+00:00","dateModified":"2017-02-28T17:12:09+00:00","breadcrumb":{"@id":"https:\/\/www.wheelchairbasketball.ca\/fr\/2017u23wwbc\/apercu-evenement\/benevoles\/#breadcrumb"},"inLanguage":"fr-FR","potentialAction":[{"@type":"ReadAction","target":["https:\/\/www.wheelchairbasketball.ca\/fr\/2017u23wwbc\/apercu-evenement\/benevoles\/"]}]},{"@type":"BreadcrumbList","@id":"https:\/\/www.wheelchairbasketball.ca\/fr\/2017u23wwbc\/apercu-evenement\/benevoles\/#breadcrumb","itemListElement":[{"@type":"ListItem","position":1,"name":"Home","item":"https:\/\/www.wheelchairbasketball.ca\/fr\/"},{"@type":"ListItem","position":2,"name":"2017u23wwbc","item":"https:\/\/www.wheelchairbasketball.ca\/fr\/2017u23wwbc\/"},{"@type":"ListItem","position":3,"name":"Aper\u00e7u de l\u2019\u00e9v\u00e9nement","item":"https:\/\/www.wheelchairbasketball.ca\/fr\/2017u23wwbc\/apercu-evenement\/"},{"@type":"ListItem","position":4,"name":"B\u00e9n\u00e9voles"}]},{"@type":"WebSite","@id":"https:\/\/www.wheelchairbasketball.ca\/#website","url":"https:\/\/www.wheelchairbasketball.ca\/","name":"Wheelchair Basketball Canada","description":"Real Life. Real Sport.","potentialAction":[{"@type":"SearchAction","target":{"@type":"EntryPoint","urlTemplate":"https:\/\/www.wheelchairbasketball.ca\/?s={search_term_string}"},"query-input":"required name=search_term_string"}],"inLanguage":"fr-FR"}]}},"_links":{"self":[{"href":"https:\/\/www.wheelchairbasketball.ca\/fr\/wp-json\/wp\/v2\/pages\/6868"}],"collection":[{"href":"https:\/\/www.wheelchairbasketball.ca\/fr\/wp-json\/wp\/v2\/pages"}],"about":[{"href":"https:\/\/www.wheelchairbasketball.ca\/fr\/wp-json\/wp\/v2\/types\/page"}],"author":[{"embeddable":true,"href":"https:\/\/www.wheelchairbasketball.ca\/fr\/wp-json\/wp\/v2\/users\/4"}],"replies":[{"embeddable":true,"href":"https:\/\/www.wheelchairbasketball.ca\/fr\/wp-json\/wp\/v2\/comments?post=6868"}],"version-history":[{"count":7,"href":"https:\/\/www.wheelchairbasketball.ca\/fr\/wp-json\/wp\/v2\/pages\/6868\/revisions"}],"predecessor-version":[{"id":7431,"href":"https:\/\/www.wheelchairbasketball.ca\/fr\/wp-json\/wp\/v2\/pages\/6868\/revisions\/7431"}],"up":[{"embeddable":true,"href":"https:\/\/www.wheelchairbasketball.ca\/fr\/wp-json\/wp\/v2\/pages\/6847"}],"wp:featuredmedia":[{"embeddable":true,"href":"https:\/\/www.wheelchairbasketball.ca\/fr\/wp-json\/wp\/v2\/media\/7267"}],"wp:attachment":[{"href":"https:\/\/www.wheelchairbasketball.ca\/fr\/wp-json\/wp\/v2\/media?parent=6868"}],"curies":[{"name":"wp","href":"https:\/\/api.w.org\/{rel}","templated":true}]}}