{"id":6872,"date":"2016-12-07T16:17:47","date_gmt":"2016-12-07T16:17:47","guid":{"rendered":"https:\/\/www.wheelchairbasketball.ca\/?page_id=6872"},"modified":"2017-06-13T20:42:36","modified_gmt":"2017-06-13T20:42:36","slug":"partenaires","status":"publish","type":"page","link":"https:\/\/www.wheelchairbasketball.ca\/fr\/2017u23wwbc\/apercu-evenement\/partenaires\/","title":{"rendered":"Partenaires"},"content":{"rendered":"<p>Le Championnat du monde masculin\u00a0de basketball en fauteuil roulant des moins de 23 ans de 2017 (CMM23BRF 2017) ne serait pas possible sans le soutien de nos partenaires d\u00e9vou\u00e9s. Le comit\u00e9 organisateur aimerait reconna\u00eetre l\u2019appui des organismes qui partagent sa passion ainsi que son engagement \u00e0 pr\u00e9senter un \u00e9v\u00e9nement international de classe mondiale.<\/p>\n<h3>Devenez notre partenaire<\/h3>\n<p>Le comit\u00e9 organisateur du CMM23BFR 2017 est \u00e0 la recherche de nouveaux partenaires! Obtenez de plus amples renseignements sur les <a href=\"https:\/\/www.wheelchairbasketball.ca\/fr\/2017u23wwbc\/apercu-evenement\/partenaires\/devenez-notre-partenaire\/\">possibilit\u00e9s de partenariat<\/a> avec le championnat du monde.<\/p>\n<p>S\u2019il vous int\u00e9resse de vous associer \u00e0 l\u2019\u00e9v\u00e9nement, veuillez contacter Jason Robinson, \u00e0 l\u2019adresse <a href=\"&#109;&#x61;&#105;&#x6c;&#116;&#x6f;:&#x6a;r&#x6f;b&#105;&#x6e;&#115;&#x6f;&#110;&#x40;&#119;&#x68;e&#x65;l&#x63;h&#97;&#x69;&#114;&#x62;&#97;&#x73;&#107;&#x65;t&#x62;a&#x6c;l&#46;&#x63;&#97;\">&#106;&#x72;&#111;&#x62;i&#110;&#x73;&#111;&#x6e;&#64;&#x77;h&#101;&#x65;&#108;&#x63;h&#x61;&#x69;&#114;&#x62;a&#x73;k&#101;&#x74;&#98;&#x61;l&#x6c;&#46;&#99;&#x61;<\/a>.<\/p>\n<h3>Partenaires de financement<\/h3>\n<p><a href=\"http:\/\/canada.pch.gc.ca\/fra\/1413910841375\/1413910880559\" target=\"_blank\" rel=\"noopener noreferrer\"><img loading=\"lazy\" decoding=\"async\" class=\"alignleft wp-image-7061 size-full\" src=\"https:\/\/www.wheelchairbasketball.ca\/wp-content\/uploads\/2016\/12\/Gov-Canada-200x150.jpg\" alt=\"Sport Canada\" width=\"200\" height=\"150\" \/><\/a><a href=\"https:\/\/www.ontario.ca\/\" target=\"_blank\" rel=\"noopener noreferrer\"><img loading=\"lazy\" decoding=\"async\" class=\"aligncenter wp-image-7060 size-full\" src=\"https:\/\/www.wheelchairbasketball.ca\/wp-content\/uploads\/2016\/12\/Gov-ON-200x150.jpg\" alt=\"Ontario\" width=\"200\" height=\"150\" \/><\/a><\/p>\n<h3>Partenaires officiels<\/h3>\n<table width=\"525\">\n<tbody>\n<tr>\n<td width=\"175\">\u00a0<img loading=\"lazy\" decoding=\"async\" width=\"150\" height=\"150\" class=\"size-full wp-image-7219 alignnone\" src=\"https:\/\/www.wheelchairbasketball.ca\/wp-content\/uploads\/2016\/12\/Sponsor-logo-homepage-Quickie.jpg\" alt=\"Sunrise Medical\" \/><\/td>\n<td width=\"175\">\u00a0<a href=\"https:\/\/www.toyota.ca\/toyota\/fr\/\" target=\"_blank\" rel=\"noopener\"><img loading=\"lazy\" decoding=\"async\" class=\"alignnone wp-image-8226 size-full\" src=\"https:\/\/www.wheelchairbasketball.ca\/wp-content\/uploads\/2017\/06\/Toyota-150x150.jpg\" alt=\"\" width=\"150\" height=\"150\" \/><\/a><\/td>\n<td width=\"175\"><\/td>\n<\/tr>\n<tr>\n<td width=\"175\">\u00a0<img loading=\"lazy\" decoding=\"async\" width=\"150\" height=\"150\" class=\"size-full wp-image-7269 alignnone\" src=\"https:\/\/www.wheelchairbasketball.ca\/wp-content\/uploads\/2016\/12\/Official-Adup-150x150.jpg\" alt=\"Adup Display\" \/><\/td>\n<td width=\"175\">\u00a0<img loading=\"lazy\" decoding=\"async\" width=\"150\" height=\"150\" class=\"size-full wp-image-7594 alignnone\" src=\"https:\/\/www.wheelchairbasketball.ca\/wp-content\/uploads\/2017\/03\/Pivot-150x150.jpg\" alt=\"Pivot Uniforms\" \/><\/td>\n<td width=\"175\"><\/td>\n<\/tr>\n<\/tbody>\n<\/table>\n<h3>Fournisseurs et fiers supporteurs<\/h3>\n<table width=\"525\">\n<tbody>\n<tr>\n<td width=\"175\">\u00a0<a href=\"http:\/\/salusfreshfoods.com\/\" target=\"_blank\" rel=\"noopener noreferrer\"><img loading=\"lazy\" decoding=\"async\" class=\"alignnone wp-image-7807 size-full\" src=\"https:\/\/www.wheelchairbasketball.ca\/wp-content\/uploads\/2017\/04\/Salus-150x150.jpg\" alt=\"\" width=\"150\" height=\"150\" \/><\/a><\/td>\n<td width=\"175\">\u00a0<a href=\"https:\/\/www.kindsnacks.com\/\" target=\"_blank\" rel=\"noopener noreferrer\"><img loading=\"lazy\" decoding=\"async\" class=\"alignnone wp-image-8222 size-full\" src=\"https:\/\/www.wheelchairbasketball.ca\/wp-content\/uploads\/2017\/06\/KIND-150x150.jpg\" alt=\"\" width=\"150\" height=\"150\" \/><\/a><\/td>\n<td width=\"175\">\u00a0<a href=\"http:\/\/www.marriott.com\/hotels\/travel\/yyzcy-courtyard-toronto-downtown\/\" target=\"_blank\" rel=\"noopener noreferrer\"><img loading=\"lazy\" decoding=\"async\" class=\"alignnone wp-image-8223 size-full\" src=\"https:\/\/www.wheelchairbasketball.ca\/wp-content\/uploads\/2017\/06\/Courtyard-150x150.jpg\" alt=\"\" width=\"150\" height=\"150\" \/><\/a><\/td>\n<\/tr>\n<tr>\n<td width=\"175\"><a href=\"http:\/\/paralympic.ca\/\" target=\"_blank\" rel=\"noopener noreferrer\"><img loading=\"lazy\" decoding=\"async\" class=\"alignnone wp-image-7456 size-full\" src=\"https:\/\/www.wheelchairbasketball.ca\/wp-content\/uploads\/2016\/12\/Supp-CPC-150x150.jpg\" alt=\"Canadian Paralympic Committee\" width=\"150\" height=\"150\" \/><\/a><\/td>\n<td width=\"175\">\u00a0<a href=\"https:\/\/owsa.ca\/\" target=\"_blank\" rel=\"noopener noreferrer\"><img loading=\"lazy\" decoding=\"async\" class=\"alignnone wp-image-7457 size-full\" src=\"https:\/\/www.wheelchairbasketball.ca\/wp-content\/uploads\/2016\/12\/Supp-OWSA-150x150.jpg\" alt=\"Ontario Wheelchair Sports Association\" width=\"150\" height=\"150\" \/><\/a><\/td>\n<td width=\"175\">\u00a0<a href=\"http:\/\/www.seetorontonow.com\/\" target=\"_blank\" rel=\"noopener noreferrer\"><img loading=\"lazy\" decoding=\"async\" class=\"alignnone wp-image-8244 size-full\" src=\"https:\/\/www.wheelchairbasketball.ca\/wp-content\/uploads\/2016\/12\/TorontoTourism-150x150.jpg\" alt=\"\" width=\"150\" height=\"150\" \/><\/a><\/td>\n<\/tr>\n<tr>\n<td width=\"175\"><a href=\"http:\/\/www.mattamyathleticcentre.ca\/\" target=\"_blank\" rel=\"noopener noreferrer\"><img loading=\"lazy\" decoding=\"async\" class=\"alignnone wp-image-8224 size-full\" src=\"https:\/\/www.wheelchairbasketball.ca\/wp-content\/uploads\/2017\/06\/MAC-150x150.jpg\" alt=\"\" width=\"150\" height=\"150\" \/><\/a><\/td>\n<td width=\"175\">\u00a0<a href=\"http:\/\/sportscanada.tv\/\" target=\"_blank\" rel=\"noopener noreferrer\"><img loading=\"lazy\" decoding=\"async\" class=\"alignnone wp-image-8228 size-full\" src=\"https:\/\/www.wheelchairbasketball.ca\/wp-content\/uploads\/2017\/06\/SCTV-150x150.jpg\" alt=\"\" width=\"150\" height=\"150\" \/><\/a><\/td>\n<td width=\"175\"><\/td>\n<\/tr>\n<\/tbody>\n<\/table>\n","protected":false},"excerpt":{"rendered":"Le Championnat du monde masculin\u00a0de basketball en fauteuil roulant des moins de 23 ans de 2017 (CMM23BRF 2017) ne serait pas possible sans le soutien de nos partenaires d\u00e9vou\u00e9s. Le comit\u00e9 organisateur aimerait reconna\u00eetre l\u2019appui des organismes qui partagent sa passion ainsi que son engagement \u00e0 pr\u00e9senter un \u00e9v\u00e9nement international de classe mondiale. Devenez notre [&hellip;]","protected":false},"author":4,"featured_media":0,"parent":6847,"menu_order":3,"comment_status":"closed","ping_status":"closed","template":"page-wwbc.php","meta":{"om_disable_all_campaigns":false,"_monsterinsights_skip_tracking":false,"_monsterinsights_sitenote_active":false,"_monsterinsights_sitenote_note":"","_monsterinsights_sitenote_category":0,"footnotes":""},"acf":[],"yoast_head":"<!-- This site is optimized with the Yoast SEO plugin v21.9.1 - https:\/\/yoast.com\/wordpress\/plugins\/seo\/ -->\n<title>Partenaires - Wheelchair Basketball Canada<\/title>\n<meta name=\"robots\" content=\"index, follow, max-snippet:-1, max-image-preview:large, max-video-preview:-1\" \/>\n<link rel=\"canonical\" href=\"https:\/\/www.wheelchairbasketball.ca\/fr\/2017u23wwbc\/apercu-evenement\/partenaires\/\" \/>\n<meta property=\"og:locale\" content=\"fr_FR\" \/>\n<meta property=\"og:type\" content=\"article\" \/>\n<meta property=\"og:title\" content=\"Partenaires - Wheelchair Basketball Canada\" \/>\n<meta property=\"og:description\" content=\"Le Championnat du monde masculin\u00a0de basketball en fauteuil roulant des moins de 23 ans de 2017 (CMM23BRF 2017) ne serait pas possible sans le soutien de nos partenaires d\u00e9vou\u00e9s. Le comit\u00e9 organisateur aimerait reconna\u00eetre l\u2019appui des organismes qui partagent sa passion ainsi que son engagement \u00e0 pr\u00e9senter un \u00e9v\u00e9nement international de classe mondiale. Devenez notre [&hellip;]\" \/>\n<meta property=\"og:url\" content=\"https:\/\/www.wheelchairbasketball.ca\/fr\/2017u23wwbc\/apercu-evenement\/partenaires\/\" \/>\n<meta property=\"og:site_name\" content=\"Wheelchair Basketball Canada\" \/>\n<meta property=\"article:publisher\" content=\"http:\/\/www.facebook.com\/wheelchairbasketball\" \/>\n<meta property=\"article:modified_time\" content=\"2017-06-13T20:42:36+00:00\" \/>\n<meta property=\"og:image\" content=\"https:\/\/www.wheelchairbasketball.ca\/wp-content\/uploads\/2016\/12\/Gov-Canada-200x150.jpg\" \/>\n<meta name=\"twitter:card\" content=\"summary_large_image\" \/>\n<meta name=\"twitter:site\" content=\"@WCBballCanada\" \/>\n<meta name=\"twitter:label1\" content=\"Dur\u00e9e de lecture estim\u00e9e\" \/>\n\t<meta name=\"twitter:data1\" content=\"1 minute\" \/>\n<script type=\"application\/ld+json\" class=\"yoast-schema-graph\">{\"@context\":\"https:\/\/schema.org\",\"@graph\":[{\"@type\":\"WebPage\",\"@id\":\"https:\/\/www.wheelchairbasketball.ca\/fr\/2017u23wwbc\/apercu-evenement\/partenaires\/\",\"url\":\"https:\/\/www.wheelchairbasketball.ca\/fr\/2017u23wwbc\/apercu-evenement\/partenaires\/\",\"name\":\"Partenaires - Wheelchair Basketball Canada\",\"isPartOf\":{\"@id\":\"https:\/\/www.wheelchairbasketball.ca\/#website\"},\"datePublished\":\"2016-12-07T16:17:47+00:00\",\"dateModified\":\"2017-06-13T20:42:36+00:00\",\"breadcrumb\":{\"@id\":\"https:\/\/www.wheelchairbasketball.ca\/fr\/2017u23wwbc\/apercu-evenement\/partenaires\/#breadcrumb\"},\"inLanguage\":\"fr-FR\",\"potentialAction\":[{\"@type\":\"ReadAction\",\"target\":[\"https:\/\/www.wheelchairbasketball.ca\/fr\/2017u23wwbc\/apercu-evenement\/partenaires\/\"]}]},{\"@type\":\"BreadcrumbList\",\"@id\":\"https:\/\/www.wheelchairbasketball.ca\/fr\/2017u23wwbc\/apercu-evenement\/partenaires\/#breadcrumb\",\"itemListElement\":[{\"@type\":\"ListItem\",\"position\":1,\"name\":\"Home\",\"item\":\"https:\/\/www.wheelchairbasketball.ca\/fr\/\"},{\"@type\":\"ListItem\",\"position\":2,\"name\":\"2017u23wwbc\",\"item\":\"https:\/\/www.wheelchairbasketball.ca\/fr\/2017u23wwbc\/\"},{\"@type\":\"ListItem\",\"position\":3,\"name\":\"Aper\u00e7u de l\u2019\u00e9v\u00e9nement\",\"item\":\"https:\/\/www.wheelchairbasketball.ca\/fr\/2017u23wwbc\/apercu-evenement\/\"},{\"@type\":\"ListItem\",\"position\":4,\"name\":\"Partenaires\"}]},{\"@type\":\"WebSite\",\"@id\":\"https:\/\/www.wheelchairbasketball.ca\/#website\",\"url\":\"https:\/\/www.wheelchairbasketball.ca\/\",\"name\":\"Wheelchair Basketball Canada\",\"description\":\"Real Life. Real Sport.\",\"potentialAction\":[{\"@type\":\"SearchAction\",\"target\":{\"@type\":\"EntryPoint\",\"urlTemplate\":\"https:\/\/www.wheelchairbasketball.ca\/?s={search_term_string}\"},\"query-input\":\"required name=search_term_string\"}],\"inLanguage\":\"fr-FR\"}]}<\/script>\n<!-- \/ Yoast SEO plugin. -->","yoast_head_json":{"title":"Partenaires - Wheelchair Basketball Canada","robots":{"index":"index","follow":"follow","max-snippet":"max-snippet:-1","max-image-preview":"max-image-preview:large","max-video-preview":"max-video-preview:-1"},"canonical":"https:\/\/www.wheelchairbasketball.ca\/fr\/2017u23wwbc\/apercu-evenement\/partenaires\/","og_locale":"fr_FR","og_type":"article","og_title":"Partenaires - Wheelchair Basketball Canada","og_description":"Le Championnat du monde masculin\u00a0de basketball en fauteuil roulant des moins de 23 ans de 2017 (CMM23BRF 2017) ne serait pas possible sans le soutien de nos partenaires d\u00e9vou\u00e9s. Le comit\u00e9 organisateur aimerait reconna\u00eetre l\u2019appui des organismes qui partagent sa passion ainsi que son engagement \u00e0 pr\u00e9senter un \u00e9v\u00e9nement international de classe mondiale. Devenez notre [&hellip;]","og_url":"https:\/\/www.wheelchairbasketball.ca\/fr\/2017u23wwbc\/apercu-evenement\/partenaires\/","og_site_name":"Wheelchair Basketball Canada","article_publisher":"http:\/\/www.facebook.com\/wheelchairbasketball","article_modified_time":"2017-06-13T20:42:36+00:00","og_image":[{"url":"https:\/\/www.wheelchairbasketball.ca\/wp-content\/uploads\/2016\/12\/Gov-Canada-200x150.jpg"}],"twitter_card":"summary_large_image","twitter_site":"@WCBballCanada","twitter_misc":{"Dur\u00e9e de lecture estim\u00e9e":"1 minute"},"schema":{"@context":"https:\/\/schema.org","@graph":[{"@type":"WebPage","@id":"https:\/\/www.wheelchairbasketball.ca\/fr\/2017u23wwbc\/apercu-evenement\/partenaires\/","url":"https:\/\/www.wheelchairbasketball.ca\/fr\/2017u23wwbc\/apercu-evenement\/partenaires\/","name":"Partenaires - Wheelchair Basketball Canada","isPartOf":{"@id":"https:\/\/www.wheelchairbasketball.ca\/#website"},"datePublished":"2016-12-07T16:17:47+00:00","dateModified":"2017-06-13T20:42:36+00:00","breadcrumb":{"@id":"https:\/\/www.wheelchairbasketball.ca\/fr\/2017u23wwbc\/apercu-evenement\/partenaires\/#breadcrumb"},"inLanguage":"fr-FR","potentialAction":[{"@type":"ReadAction","target":["https:\/\/www.wheelchairbasketball.ca\/fr\/2017u23wwbc\/apercu-evenement\/partenaires\/"]}]},{"@type":"BreadcrumbList","@id":"https:\/\/www.wheelchairbasketball.ca\/fr\/2017u23wwbc\/apercu-evenement\/partenaires\/#breadcrumb","itemListElement":[{"@type":"ListItem","position":1,"name":"Home","item":"https:\/\/www.wheelchairbasketball.ca\/fr\/"},{"@type":"ListItem","position":2,"name":"2017u23wwbc","item":"https:\/\/www.wheelchairbasketball.ca\/fr\/2017u23wwbc\/"},{"@type":"ListItem","position":3,"name":"Aper\u00e7u de l\u2019\u00e9v\u00e9nement","item":"https:\/\/www.wheelchairbasketball.ca\/fr\/2017u23wwbc\/apercu-evenement\/"},{"@type":"ListItem","position":4,"name":"Partenaires"}]},{"@type":"WebSite","@id":"https:\/\/www.wheelchairbasketball.ca\/#website","url":"https:\/\/www.wheelchairbasketball.ca\/","name":"Wheelchair Basketball Canada","description":"Real Life. Real Sport.","potentialAction":[{"@type":"SearchAction","target":{"@type":"EntryPoint","urlTemplate":"https:\/\/www.wheelchairbasketball.ca\/?s={search_term_string}"},"query-input":"required name=search_term_string"}],"inLanguage":"fr-FR"}]}},"_links":{"self":[{"href":"https:\/\/www.wheelchairbasketball.ca\/fr\/wp-json\/wp\/v2\/pages\/6872"}],"collection":[{"href":"https:\/\/www.wheelchairbasketball.ca\/fr\/wp-json\/wp\/v2\/pages"}],"about":[{"href":"https:\/\/www.wheelchairbasketball.ca\/fr\/wp-json\/wp\/v2\/types\/page"}],"author":[{"embeddable":true,"href":"https:\/\/www.wheelchairbasketball.ca\/fr\/wp-json\/wp\/v2\/users\/4"}],"replies":[{"embeddable":true,"href":"https:\/\/www.wheelchairbasketball.ca\/fr\/wp-json\/wp\/v2\/comments?post=6872"}],"version-history":[{"count":10,"href":"https:\/\/www.wheelchairbasketball.ca\/fr\/wp-json\/wp\/v2\/pages\/6872\/revisions"}],"predecessor-version":[{"id":8296,"href":"https:\/\/www.wheelchairbasketball.ca\/fr\/wp-json\/wp\/v2\/pages\/6872\/revisions\/8296"}],"up":[{"embeddable":true,"href":"https:\/\/www.wheelchairbasketball.ca\/fr\/wp-json\/wp\/v2\/pages\/6847"}],"wp:attachment":[{"href":"https:\/\/www.wheelchairbasketball.ca\/fr\/wp-json\/wp\/v2\/media?parent=6872"}],"curies":[{"name":"wp","href":"https:\/\/api.w.org\/{rel}","templated":true}]}}