{"id":6880,"date":"2016-12-07T16:28:16","date_gmt":"2016-12-07T16:28:16","guid":{"rendered":"https:\/\/www.wheelchairbasketball.ca\/?page_id=6880"},"modified":"2017-08-14T15:13:46","modified_gmt":"2017-08-14T15:13:46","slug":"media","status":"publish","type":"page","link":"https:\/\/www.wheelchairbasketball.ca\/fr\/2017u23wwbc\/nouvelles\/media\/","title":{"rendered":"M\u00e9dia"},"content":{"rendered":"<p>Le comit\u00e9 d\u2019organisation du Championnat du monde masculin des moins de 23 ans 2017 s\u2019engage \u00e0 aider les journalistes \u00e0 trouver des articles et sujets de reportage int\u00e9ressants et se voue pleinement \u00e0 faciliter toutes les demandes d\u2019entrevue et de renseignements des m\u00e9dias qui ne perturbent pas les calendriers d\u2019entra\u00eenement et de comp\u00e9tition ou n\u2019affectent pas les restrictions en mati\u00e8re de transport.<\/p>\n<h3>Contacts pour le m\u00e9dia<\/h3>\n<p>Pour c\u00e9duler une entrevue ou pour plus de renseignements veuillez communiquer avec :<\/p>\n<p><strong>Lindsay Crone<\/strong><br \/>\nCoordonnatrice des communications<br \/>\nBasketball en fauteuil roulant Canada<br \/>\n<a href=\"mailto:l&#99;&#114;&#111;&#110;&#101;&#64;&#119;&#104;&#101;&#101;&#x6c;&#x63;&#x68;&#x61;&#x69;&#x72;&#x62;&#x61;&#x73;&#x6b;&#x65;&#x74;&#x62;&#x61;&#x6c;l&#46;ca\">&#108;c&#x72;o&#x6e;&#101;&#x40;&#119;&#x68;&#101;e&#x6c;c&#x68;&#97;&#x69;&#114;&#x62;&#97;&#x73;&#107;e&#x74;b&#x61;&#108;&#x6c;&#46;&#x63;&#97;<\/a><\/p>\n<h3>\u00a0Accr\u00e9ditation<\/h3>\n<p>Basketball en fauteuil roulant Canada distribuera des accr\u00e9ditations de presse aux membres des m\u00e9dias en vue du Championnat du monde masculin des moins de 23 ans 2017. Les personnes qui souhaitent \u00eatre accr\u00e9dit\u00e9es doivent \u00eatre employ\u00e9es ou embauch\u00e9es de fa\u00e7on contractuelle par une organisation m\u00e9diatique.<\/p>\n<p><a href=\"https:\/\/www.wheelchairbasketball.ca\/fr\/2017u23wwbc\/nouvelles\/media\/accreditation-des-medias\/\">Le processus de demande maintenant ouvert et le formulaire doit \u00eatre remplir avant le vendredi 19 mai, 2017.<\/a><\/p>\n<h3>Guide m\u00e9dia<\/h3>\n<p>Note guide m\u00e9dia est disponible en anglais. <a href=\"https:\/\/www.wheelchairbasketball.ca\/wp-content\/uploads\/2016\/12\/2017WWBC-MediaGuide-5.pdf\">T\u00e9l\u00e9chargez le guide ici.<\/a><\/p>\n","protected":false},"excerpt":{"rendered":"Le comit\u00e9 d\u2019organisation du Championnat du monde masculin des moins de 23 ans 2017 s\u2019engage \u00e0 aider les journalistes \u00e0 trouver des articles et sujets de reportage int\u00e9ressants et se voue pleinement \u00e0 faciliter toutes les demandes d\u2019entrevue et de renseignements des m\u00e9dias qui ne perturbent pas les calendriers d\u2019entra\u00eenement et de comp\u00e9tition ou n\u2019affectent [&hellip;]","protected":false},"author":4,"featured_media":7281,"parent":6876,"menu_order":0,"comment_status":"closed","ping_status":"closed","template":"page-wwbc.php","meta":{"om_disable_all_campaigns":false,"_monsterinsights_skip_tracking":false,"_monsterinsights_sitenote_active":false,"_monsterinsights_sitenote_note":"","_monsterinsights_sitenote_category":0,"footnotes":""},"acf":[],"yoast_head":"<!-- This site is optimized with the Yoast SEO plugin v21.9.1 - https:\/\/yoast.com\/wordpress\/plugins\/seo\/ -->\n<title>M\u00e9dia - Wheelchair Basketball Canada<\/title>\n<meta name=\"robots\" content=\"index, follow, max-snippet:-1, max-image-preview:large, max-video-preview:-1\" \/>\n<link rel=\"canonical\" href=\"https:\/\/www.wheelchairbasketball.ca\/fr\/2017u23wwbc\/nouvelles\/media\/\" \/>\n<meta property=\"og:locale\" content=\"fr_FR\" \/>\n<meta property=\"og:type\" content=\"article\" \/>\n<meta property=\"og:title\" content=\"M\u00e9dia - Wheelchair Basketball Canada\" \/>\n<meta property=\"og:description\" content=\"Le comit\u00e9 d\u2019organisation du Championnat du monde masculin des moins de 23 ans 2017 s\u2019engage \u00e0 aider les journalistes \u00e0 trouver des articles et sujets de reportage int\u00e9ressants et se voue pleinement \u00e0 faciliter toutes les demandes d\u2019entrevue et de renseignements des m\u00e9dias qui ne perturbent pas les calendriers d\u2019entra\u00eenement et de comp\u00e9tition ou n\u2019affectent [&hellip;]\" \/>\n<meta property=\"og:url\" content=\"https:\/\/www.wheelchairbasketball.ca\/fr\/2017u23wwbc\/nouvelles\/media\/\" \/>\n<meta property=\"og:site_name\" content=\"Wheelchair Basketball Canada\" \/>\n<meta property=\"article:publisher\" content=\"http:\/\/www.facebook.com\/wheelchairbasketball\" \/>\n<meta property=\"article:modified_time\" content=\"2017-08-14T15:13:46+00:00\" \/>\n<meta property=\"og:image\" content=\"https:\/\/www.wheelchairbasketball.ca\/wp-content\/uploads\/2016\/12\/U23-Media-feature.jpg\" \/>\n\t<meta property=\"og:image:width\" content=\"1400\" \/>\n\t<meta property=\"og:image:height\" content=\"600\" \/>\n\t<meta property=\"og:image:type\" content=\"image\/jpeg\" \/>\n<meta name=\"twitter:card\" content=\"summary_large_image\" \/>\n<meta name=\"twitter:site\" content=\"@WCBballCanada\" \/>\n<meta name=\"twitter:label1\" content=\"Dur\u00e9e de lecture estim\u00e9e\" \/>\n\t<meta name=\"twitter:data1\" content=\"1 minute\" \/>\n<script type=\"application\/ld+json\" class=\"yoast-schema-graph\">{\"@context\":\"https:\/\/schema.org\",\"@graph\":[{\"@type\":\"WebPage\",\"@id\":\"https:\/\/www.wheelchairbasketball.ca\/fr\/2017u23wwbc\/nouvelles\/media\/\",\"url\":\"https:\/\/www.wheelchairbasketball.ca\/fr\/2017u23wwbc\/nouvelles\/media\/\",\"name\":\"M\u00e9dia - Wheelchair Basketball Canada\",\"isPartOf\":{\"@id\":\"https:\/\/www.wheelchairbasketball.ca\/#website\"},\"datePublished\":\"2016-12-07T16:28:16+00:00\",\"dateModified\":\"2017-08-14T15:13:46+00:00\",\"breadcrumb\":{\"@id\":\"https:\/\/www.wheelchairbasketball.ca\/fr\/2017u23wwbc\/nouvelles\/media\/#breadcrumb\"},\"inLanguage\":\"fr-FR\",\"potentialAction\":[{\"@type\":\"ReadAction\",\"target\":[\"https:\/\/www.wheelchairbasketball.ca\/fr\/2017u23wwbc\/nouvelles\/media\/\"]}]},{\"@type\":\"BreadcrumbList\",\"@id\":\"https:\/\/www.wheelchairbasketball.ca\/fr\/2017u23wwbc\/nouvelles\/media\/#breadcrumb\",\"itemListElement\":[{\"@type\":\"ListItem\",\"position\":1,\"name\":\"Home\",\"item\":\"https:\/\/www.wheelchairbasketball.ca\/fr\/\"},{\"@type\":\"ListItem\",\"position\":2,\"name\":\"2017u23wwbc\",\"item\":\"https:\/\/www.wheelchairbasketball.ca\/fr\/2017u23wwbc\/\"},{\"@type\":\"ListItem\",\"position\":3,\"name\":\"Nouvelles\",\"item\":\"https:\/\/www.wheelchairbasketball.ca\/fr\/2017u23wwbc\/nouvelles\/\"},{\"@type\":\"ListItem\",\"position\":4,\"name\":\"M\u00e9dia\"}]},{\"@type\":\"WebSite\",\"@id\":\"https:\/\/www.wheelchairbasketball.ca\/#website\",\"url\":\"https:\/\/www.wheelchairbasketball.ca\/\",\"name\":\"Wheelchair Basketball Canada\",\"description\":\"Real Life. Real Sport.\",\"potentialAction\":[{\"@type\":\"SearchAction\",\"target\":{\"@type\":\"EntryPoint\",\"urlTemplate\":\"https:\/\/www.wheelchairbasketball.ca\/?s={search_term_string}\"},\"query-input\":\"required name=search_term_string\"}],\"inLanguage\":\"fr-FR\"}]}<\/script>\n<!-- \/ Yoast SEO plugin. -->","yoast_head_json":{"title":"M\u00e9dia - Wheelchair Basketball Canada","robots":{"index":"index","follow":"follow","max-snippet":"max-snippet:-1","max-image-preview":"max-image-preview:large","max-video-preview":"max-video-preview:-1"},"canonical":"https:\/\/www.wheelchairbasketball.ca\/fr\/2017u23wwbc\/nouvelles\/media\/","og_locale":"fr_FR","og_type":"article","og_title":"M\u00e9dia - Wheelchair Basketball Canada","og_description":"Le comit\u00e9 d\u2019organisation du Championnat du monde masculin des moins de 23 ans 2017 s\u2019engage \u00e0 aider les journalistes \u00e0 trouver des articles et sujets de reportage int\u00e9ressants et se voue pleinement \u00e0 faciliter toutes les demandes d\u2019entrevue et de renseignements des m\u00e9dias qui ne perturbent pas les calendriers d\u2019entra\u00eenement et de comp\u00e9tition ou n\u2019affectent [&hellip;]","og_url":"https:\/\/www.wheelchairbasketball.ca\/fr\/2017u23wwbc\/nouvelles\/media\/","og_site_name":"Wheelchair Basketball Canada","article_publisher":"http:\/\/www.facebook.com\/wheelchairbasketball","article_modified_time":"2017-08-14T15:13:46+00:00","og_image":[{"width":1400,"height":600,"url":"https:\/\/www.wheelchairbasketball.ca\/wp-content\/uploads\/2016\/12\/U23-Media-feature.jpg","type":"image\/jpeg"}],"twitter_card":"summary_large_image","twitter_site":"@WCBballCanada","twitter_misc":{"Dur\u00e9e de lecture estim\u00e9e":"1 minute"},"schema":{"@context":"https:\/\/schema.org","@graph":[{"@type":"WebPage","@id":"https:\/\/www.wheelchairbasketball.ca\/fr\/2017u23wwbc\/nouvelles\/media\/","url":"https:\/\/www.wheelchairbasketball.ca\/fr\/2017u23wwbc\/nouvelles\/media\/","name":"M\u00e9dia - Wheelchair Basketball Canada","isPartOf":{"@id":"https:\/\/www.wheelchairbasketball.ca\/#website"},"datePublished":"2016-12-07T16:28:16+00:00","dateModified":"2017-08-14T15:13:46+00:00","breadcrumb":{"@id":"https:\/\/www.wheelchairbasketball.ca\/fr\/2017u23wwbc\/nouvelles\/media\/#breadcrumb"},"inLanguage":"fr-FR","potentialAction":[{"@type":"ReadAction","target":["https:\/\/www.wheelchairbasketball.ca\/fr\/2017u23wwbc\/nouvelles\/media\/"]}]},{"@type":"BreadcrumbList","@id":"https:\/\/www.wheelchairbasketball.ca\/fr\/2017u23wwbc\/nouvelles\/media\/#breadcrumb","itemListElement":[{"@type":"ListItem","position":1,"name":"Home","item":"https:\/\/www.wheelchairbasketball.ca\/fr\/"},{"@type":"ListItem","position":2,"name":"2017u23wwbc","item":"https:\/\/www.wheelchairbasketball.ca\/fr\/2017u23wwbc\/"},{"@type":"ListItem","position":3,"name":"Nouvelles","item":"https:\/\/www.wheelchairbasketball.ca\/fr\/2017u23wwbc\/nouvelles\/"},{"@type":"ListItem","position":4,"name":"M\u00e9dia"}]},{"@type":"WebSite","@id":"https:\/\/www.wheelchairbasketball.ca\/#website","url":"https:\/\/www.wheelchairbasketball.ca\/","name":"Wheelchair Basketball Canada","description":"Real Life. Real Sport.","potentialAction":[{"@type":"SearchAction","target":{"@type":"EntryPoint","urlTemplate":"https:\/\/www.wheelchairbasketball.ca\/?s={search_term_string}"},"query-input":"required name=search_term_string"}],"inLanguage":"fr-FR"}]}},"_links":{"self":[{"href":"https:\/\/www.wheelchairbasketball.ca\/fr\/wp-json\/wp\/v2\/pages\/6880"}],"collection":[{"href":"https:\/\/www.wheelchairbasketball.ca\/fr\/wp-json\/wp\/v2\/pages"}],"about":[{"href":"https:\/\/www.wheelchairbasketball.ca\/fr\/wp-json\/wp\/v2\/types\/page"}],"author":[{"embeddable":true,"href":"https:\/\/www.wheelchairbasketball.ca\/fr\/wp-json\/wp\/v2\/users\/4"}],"replies":[{"embeddable":true,"href":"https:\/\/www.wheelchairbasketball.ca\/fr\/wp-json\/wp\/v2\/comments?post=6880"}],"version-history":[{"count":10,"href":"https:\/\/www.wheelchairbasketball.ca\/fr\/wp-json\/wp\/v2\/pages\/6880\/revisions"}],"predecessor-version":[{"id":8517,"href":"https:\/\/www.wheelchairbasketball.ca\/fr\/wp-json\/wp\/v2\/pages\/6880\/revisions\/8517"}],"up":[{"embeddable":true,"href":"https:\/\/www.wheelchairbasketball.ca\/fr\/wp-json\/wp\/v2\/pages\/6876"}],"wp:featuredmedia":[{"embeddable":true,"href":"https:\/\/www.wheelchairbasketball.ca\/fr\/wp-json\/wp\/v2\/media\/7281"}],"wp:attachment":[{"href":"https:\/\/www.wheelchairbasketball.ca\/fr\/wp-json\/wp\/v2\/media?parent=6880"}],"curies":[{"name":"wp","href":"https:\/\/api.w.org\/{rel}","templated":true}]}}