{"id":6897,"date":"2016-12-07T16:35:32","date_gmt":"2016-12-07T16:35:32","guid":{"rendered":"https:\/\/www.wheelchairbasketball.ca\/?page_id=6897"},"modified":"2017-05-28T22:23:15","modified_gmt":"2017-05-28T22:23:15","slug":"equipes","status":"publish","type":"page","link":"https:\/\/www.wheelchairbasketball.ca\/fr\/2017u23wwbc\/equipes\/","title":{"rendered":"\u00c9quipes"},"content":{"rendered":"<p>Douze\u00a0\u00e9quipes participeront au\u00a0Championnat du monde masculin des moins de 23 ans de basketball en fauteuil roulant 2017.\u00a0Les \u00e9quipes suivantes se sont qualifi\u00e9es pour le tournoi\u00a0:<\/p>\n<h3>Zone de l&rsquo;Afrique<\/h3>\n<ul>\n<li><a href=\"https:\/\/www.wheelchairbasketball.ca\/fr\/2017u23wwbc\/equipes\/afrique-du-sud\/\">Afrique du Sud<\/a><\/li>\n<\/ul>\n<h3>Zone des Am\u00e9riques<\/h3>\n<ul>\n<li><a href=\"https:\/\/www.wheelchairbasketball.ca\/fr\/2017u23wwbc\/equipes\/bresil\/\">Br\u00e9sil<\/a><\/li>\n<li><a href=\"https:\/\/www.wheelchairbasketball.ca\/fr\/2017u23wwbc\/equipes\/canada\/\">Canada<\/a><\/li>\n<li><a href=\"https:\/\/www.wheelchairbasketball.ca\/fr\/2017u23wwbc\/equipes\/etats-unis\">\u00c9tats-Unis<\/a><\/li>\n<\/ul>\n<h3>Zone de l&rsquo;Asie-Oc\u00e9anie<\/h3>\n<ul>\n<li><a href=\"https:\/\/www.wheelchairbasketball.ca\/fr\/2017u23wwbc\/equipes\/australie\/\">Australie<\/a><\/li>\n<li><a href=\"https:\/\/www.wheelchairbasketball.ca\/fr\/2017u23wwbc\/equipes\/iran\/\">Iran<\/a><\/li>\n<li><a href=\"https:\/\/www.wheelchairbasketball.ca\/fr\/2017u23wwbc\/equipes\/japon\/\">Japon<\/a><\/li>\n<\/ul>\n<h3>Zone de l&rsquo;Europe<\/h3>\n<ul>\n<li><a href=\"https:\/\/www.wheelchairbasketball.ca\/fr\/2017u23wwbc\/equipes\/france\/\">France<\/a><\/li>\n<li><a href=\"https:\/\/www.wheelchairbasketball.ca\/fr\/2017u23wwbc\/equipes\/allemagne\/\">Allemagne<\/a><\/li>\n<li><a href=\"https:\/\/www.wheelchairbasketball.ca\/fr\/2017u23wwbc\/equipes\/grande-bretagne\/\">Grande-Bretagne<\/a><\/li>\n<li><a href=\"https:\/\/www.wheelchairbasketball.ca\/fr\/2017u23wwbc\/equipes\/italie\/\">Italie<\/a><\/li>\n<li><a href=\"https:\/\/www.wheelchairbasketball.ca\/fr\/2017u23wwbc\/equipes\/turquie\/\">Turquie<\/a><\/li>\n<\/ul>\n","protected":false},"excerpt":{"rendered":"Douze\u00a0\u00e9quipes participeront au\u00a0Championnat du monde masculin des moins de 23 ans de basketball en fauteuil roulant 2017.\u00a0Les \u00e9quipes suivantes se sont qualifi\u00e9es pour le tournoi\u00a0: Zone de l&rsquo;Afrique Afrique du Sud Zone des Am\u00e9riques Br\u00e9sil Canada \u00c9tats-Unis Zone de l&rsquo;Asie-Oc\u00e9anie Australie Iran Japon Zone de l&rsquo;Europe France Allemagne Grande-Bretagne Italie Turquie","protected":false},"author":4,"featured_media":0,"parent":6839,"menu_order":6,"comment_status":"closed","ping_status":"closed","template":"page-wwbc.php","meta":{"om_disable_all_campaigns":false,"_monsterinsights_skip_tracking":false,"_monsterinsights_sitenote_active":false,"_monsterinsights_sitenote_note":"","_monsterinsights_sitenote_category":0,"footnotes":""},"acf":[],"yoast_head":"<!-- This site is optimized with the Yoast SEO plugin v21.9.1 - https:\/\/yoast.com\/wordpress\/plugins\/seo\/ -->\n<title>\u00c9quipes - Wheelchair Basketball Canada<\/title>\n<meta name=\"robots\" content=\"index, follow, max-snippet:-1, max-image-preview:large, max-video-preview:-1\" \/>\n<link rel=\"canonical\" href=\"https:\/\/www.wheelchairbasketball.ca\/fr\/2017u23wwbc\/equipes\/\" \/>\n<meta property=\"og:locale\" content=\"fr_FR\" \/>\n<meta property=\"og:type\" content=\"article\" \/>\n<meta property=\"og:title\" content=\"\u00c9quipes - Wheelchair Basketball Canada\" \/>\n<meta property=\"og:description\" content=\"Douze\u00a0\u00e9quipes participeront au\u00a0Championnat du monde masculin des moins de 23 ans de basketball en fauteuil roulant 2017.\u00a0Les \u00e9quipes suivantes se sont qualifi\u00e9es pour le tournoi\u00a0: Zone de l&rsquo;Afrique Afrique du Sud Zone des Am\u00e9riques Br\u00e9sil Canada \u00c9tats-Unis Zone de l&rsquo;Asie-Oc\u00e9anie Australie Iran Japon Zone de l&rsquo;Europe France Allemagne Grande-Bretagne Italie Turquie\" \/>\n<meta property=\"og:url\" content=\"https:\/\/www.wheelchairbasketball.ca\/fr\/2017u23wwbc\/equipes\/\" \/>\n<meta property=\"og:site_name\" content=\"Wheelchair Basketball Canada\" \/>\n<meta property=\"article:publisher\" content=\"http:\/\/www.facebook.com\/wheelchairbasketball\" \/>\n<meta property=\"article:modified_time\" content=\"2017-05-28T22:23:15+00:00\" \/>\n<meta name=\"twitter:card\" content=\"summary_large_image\" \/>\n<meta name=\"twitter:site\" content=\"@WCBballCanada\" \/>\n<script type=\"application\/ld+json\" class=\"yoast-schema-graph\">{\"@context\":\"https:\/\/schema.org\",\"@graph\":[{\"@type\":\"WebPage\",\"@id\":\"https:\/\/www.wheelchairbasketball.ca\/fr\/2017u23wwbc\/equipes\/\",\"url\":\"https:\/\/www.wheelchairbasketball.ca\/fr\/2017u23wwbc\/equipes\/\",\"name\":\"\u00c9quipes - Wheelchair Basketball Canada\",\"isPartOf\":{\"@id\":\"https:\/\/www.wheelchairbasketball.ca\/#website\"},\"datePublished\":\"2016-12-07T16:35:32+00:00\",\"dateModified\":\"2017-05-28T22:23:15+00:00\",\"breadcrumb\":{\"@id\":\"https:\/\/www.wheelchairbasketball.ca\/fr\/2017u23wwbc\/equipes\/#breadcrumb\"},\"inLanguage\":\"fr-FR\",\"potentialAction\":[{\"@type\":\"ReadAction\",\"target\":[\"https:\/\/www.wheelchairbasketball.ca\/fr\/2017u23wwbc\/equipes\/\"]}]},{\"@type\":\"BreadcrumbList\",\"@id\":\"https:\/\/www.wheelchairbasketball.ca\/fr\/2017u23wwbc\/equipes\/#breadcrumb\",\"itemListElement\":[{\"@type\":\"ListItem\",\"position\":1,\"name\":\"Home\",\"item\":\"https:\/\/www.wheelchairbasketball.ca\/fr\/\"},{\"@type\":\"ListItem\",\"position\":2,\"name\":\"2017u23wwbc\",\"item\":\"https:\/\/www.wheelchairbasketball.ca\/fr\/2017u23wwbc\/\"},{\"@type\":\"ListItem\",\"position\":3,\"name\":\"\u00c9quipes\"}]},{\"@type\":\"WebSite\",\"@id\":\"https:\/\/www.wheelchairbasketball.ca\/#website\",\"url\":\"https:\/\/www.wheelchairbasketball.ca\/\",\"name\":\"Wheelchair Basketball Canada\",\"description\":\"Real Life. Real Sport.\",\"potentialAction\":[{\"@type\":\"SearchAction\",\"target\":{\"@type\":\"EntryPoint\",\"urlTemplate\":\"https:\/\/www.wheelchairbasketball.ca\/?s={search_term_string}\"},\"query-input\":\"required name=search_term_string\"}],\"inLanguage\":\"fr-FR\"}]}<\/script>\n<!-- \/ Yoast SEO plugin. -->","yoast_head_json":{"title":"\u00c9quipes - Wheelchair Basketball Canada","robots":{"index":"index","follow":"follow","max-snippet":"max-snippet:-1","max-image-preview":"max-image-preview:large","max-video-preview":"max-video-preview:-1"},"canonical":"https:\/\/www.wheelchairbasketball.ca\/fr\/2017u23wwbc\/equipes\/","og_locale":"fr_FR","og_type":"article","og_title":"\u00c9quipes - Wheelchair Basketball Canada","og_description":"Douze\u00a0\u00e9quipes participeront au\u00a0Championnat du monde masculin des moins de 23 ans de basketball en fauteuil roulant 2017.\u00a0Les \u00e9quipes suivantes se sont qualifi\u00e9es pour le tournoi\u00a0: Zone de l&rsquo;Afrique Afrique du Sud Zone des Am\u00e9riques Br\u00e9sil Canada \u00c9tats-Unis Zone de l&rsquo;Asie-Oc\u00e9anie Australie Iran Japon Zone de l&rsquo;Europe France Allemagne Grande-Bretagne Italie Turquie","og_url":"https:\/\/www.wheelchairbasketball.ca\/fr\/2017u23wwbc\/equipes\/","og_site_name":"Wheelchair Basketball Canada","article_publisher":"http:\/\/www.facebook.com\/wheelchairbasketball","article_modified_time":"2017-05-28T22:23:15+00:00","twitter_card":"summary_large_image","twitter_site":"@WCBballCanada","schema":{"@context":"https:\/\/schema.org","@graph":[{"@type":"WebPage","@id":"https:\/\/www.wheelchairbasketball.ca\/fr\/2017u23wwbc\/equipes\/","url":"https:\/\/www.wheelchairbasketball.ca\/fr\/2017u23wwbc\/equipes\/","name":"\u00c9quipes - Wheelchair Basketball Canada","isPartOf":{"@id":"https:\/\/www.wheelchairbasketball.ca\/#website"},"datePublished":"2016-12-07T16:35:32+00:00","dateModified":"2017-05-28T22:23:15+00:00","breadcrumb":{"@id":"https:\/\/www.wheelchairbasketball.ca\/fr\/2017u23wwbc\/equipes\/#breadcrumb"},"inLanguage":"fr-FR","potentialAction":[{"@type":"ReadAction","target":["https:\/\/www.wheelchairbasketball.ca\/fr\/2017u23wwbc\/equipes\/"]}]},{"@type":"BreadcrumbList","@id":"https:\/\/www.wheelchairbasketball.ca\/fr\/2017u23wwbc\/equipes\/#breadcrumb","itemListElement":[{"@type":"ListItem","position":1,"name":"Home","item":"https:\/\/www.wheelchairbasketball.ca\/fr\/"},{"@type":"ListItem","position":2,"name":"2017u23wwbc","item":"https:\/\/www.wheelchairbasketball.ca\/fr\/2017u23wwbc\/"},{"@type":"ListItem","position":3,"name":"\u00c9quipes"}]},{"@type":"WebSite","@id":"https:\/\/www.wheelchairbasketball.ca\/#website","url":"https:\/\/www.wheelchairbasketball.ca\/","name":"Wheelchair Basketball Canada","description":"Real Life. Real Sport.","potentialAction":[{"@type":"SearchAction","target":{"@type":"EntryPoint","urlTemplate":"https:\/\/www.wheelchairbasketball.ca\/?s={search_term_string}"},"query-input":"required name=search_term_string"}],"inLanguage":"fr-FR"}]}},"_links":{"self":[{"href":"https:\/\/www.wheelchairbasketball.ca\/fr\/wp-json\/wp\/v2\/pages\/6897"}],"collection":[{"href":"https:\/\/www.wheelchairbasketball.ca\/fr\/wp-json\/wp\/v2\/pages"}],"about":[{"href":"https:\/\/www.wheelchairbasketball.ca\/fr\/wp-json\/wp\/v2\/types\/page"}],"author":[{"embeddable":true,"href":"https:\/\/www.wheelchairbasketball.ca\/fr\/wp-json\/wp\/v2\/users\/4"}],"replies":[{"embeddable":true,"href":"https:\/\/www.wheelchairbasketball.ca\/fr\/wp-json\/wp\/v2\/comments?post=6897"}],"version-history":[{"count":7,"href":"https:\/\/www.wheelchairbasketball.ca\/fr\/wp-json\/wp\/v2\/pages\/6897\/revisions"}],"predecessor-version":[{"id":8020,"href":"https:\/\/www.wheelchairbasketball.ca\/fr\/wp-json\/wp\/v2\/pages\/6897\/revisions\/8020"}],"up":[{"embeddable":true,"href":"https:\/\/www.wheelchairbasketball.ca\/fr\/wp-json\/wp\/v2\/pages\/6839"}],"wp:attachment":[{"href":"https:\/\/www.wheelchairbasketball.ca\/fr\/wp-json\/wp\/v2\/media?parent=6897"}],"curies":[{"name":"wp","href":"https:\/\/api.w.org\/{rel}","templated":true}]}}