{"id":7444,"date":"2017-02-28T22:06:15","date_gmt":"2017-02-28T22:06:15","guid":{"rendered":"https:\/\/www.wheelchairbasketball.ca\/?page_id=7444"},"modified":"2017-02-28T22:08:08","modified_gmt":"2017-02-28T22:08:08","slug":"devenez-notre-partenaire","status":"publish","type":"page","link":"https:\/\/www.wheelchairbasketball.ca\/fr\/2017u23wwbc\/apercu-evenement\/partenaires\/devenez-notre-partenaire\/","title":{"rendered":"Devenez notre partenaire"},"content":{"rendered":"<p>Le comit\u00e9 organisateur du Championnat du monde de basketball en fauteuil roulant masculin des moins de 23 ans 2017 de l\u2019I.W.B.F. est \u00e0 la recherche de nouveaux partenaires! Nos biens de partenariat sont professionnellement appr\u00e9ci\u00e9s et repr\u00e9sentent un investissement tr\u00e8s rentable. Ils peuvent \u00eatre personnalis\u00e9s conform\u00e9ment \u00e0 votre vision de la marque et votre budget. Nous vous offrons ce qui suit\u00a0:<\/p>\n<ul>\n<li>reconnaissance internationale de la marque et messages;<\/li>\n<li>occasions prestigieuses d\u2019accueil VIP;<\/li>\n<li>signalisation, imprim\u00e9e et num\u00e9rique, bien en vue;<\/li>\n<li>interaction directe entre le march\u00e9 et les consommateurs;<\/li>\n<li>contact et soutien d\u2019\u00c9quipe Canada!<\/li>\n<\/ul>\n<p>Voici les biens de partenariat pour le Championnat du monde de basketball en fauteuil roulant masculin des moins de 23 ans. Contactez-nous pour discuter comment le CMBFR 2017 mettra en vedette votre produit ou service!<\/p>\n<ul>\n<li>Droits et privil\u00e8ges d\u2019appellation du titre<\/li>\n<li>Droits de pr\u00e9sentation officiels<\/li>\n<li>Signalisation sur le terrain (ligne de fond\/ligne lat\u00e9rale)<\/li>\n<li>Signalisation dans le site<\/li>\n<li>Kiosque de fournisseur<\/li>\n<li>Droits internationaux de diffusion sur le Web<\/li>\n<li>Prix et reconnaissance<\/li>\n<li>Exp\u00e9rience VIP de basketball en fauteuil roulant<\/li>\n<li>Suite de r\u00e9ception d\u2019entreprise<\/li>\n<li>Partenariat pour les c\u00e9r\u00e9monies<\/li>\n<li>Droits de pr\u00e9sentation du banquet<\/li>\n<li>Publicit\u00e9 dans le programme de l\u2019\u00e9v\u00e9nement<\/li>\n<li>Programme d\u2019avenir<\/li>\n<li>Programme scolaire<\/li>\n<li>Banni\u00e8re m\u00e9diatique<\/li>\n<li>Promotion dans les m\u00e9dias sociaux<\/li>\n<li>Promotion de l\u2019exp\u00e9rience des partisans durant les matchs<\/li>\n<li>Billets exclusifs de VIP<\/li>\n<\/ul>\n<p>S\u2019il vous int\u00e9resse de vous associer \u00e0 l\u2019\u00e9v\u00e9nement, veuillez contacter Jason Robinson, \u00e0 l\u2019adresse <a href=\"&#109;&#x61;&#105;&#x6c;t&#x6f;:&#106;&#x72;&#111;&#x62;&#105;&#x6e;s&#x6f;n&#64;&#x77;&#104;&#x65;e&#x6c;c&#x68;&#x61;&#105;&#x72;&#98;&#x61;s&#x6b;e&#116;&#x62;&#97;&#x6c;&#108;&#x2e;c&#x61;\">&#x6a;&#x72;&#111;&#98;i&#x6e;&#x73;&#x6f;&#110;&#64;w&#x68;&#x65;&#x65;&#108;&#99;h&#x61;&#x69;&#x72;&#98;&#97;s&#x6b;&#x65;&#x74;&#98;al&#x6c;&#x2e;&#x63;&#97;<\/a>.<\/p>\n","protected":false},"excerpt":{"rendered":"Le comit\u00e9 organisateur du Championnat du monde de basketball en fauteuil roulant masculin des moins de 23 ans 2017 de l\u2019I.W.B.F. est \u00e0 la recherche de nouveaux partenaires! Nos biens de partenariat sont professionnellement appr\u00e9ci\u00e9s et repr\u00e9sentent un investissement tr\u00e8s rentable. Ils peuvent \u00eatre personnalis\u00e9s conform\u00e9ment \u00e0 votre vision de la marque et votre budget. [&hellip;]","protected":false},"author":6,"featured_media":0,"parent":6872,"menu_order":0,"comment_status":"closed","ping_status":"closed","template":"page-wwbc.php","meta":{"om_disable_all_campaigns":false,"_monsterinsights_skip_tracking":false,"_monsterinsights_sitenote_active":false,"_monsterinsights_sitenote_note":"","_monsterinsights_sitenote_category":0,"footnotes":""},"acf":[],"yoast_head":"<!-- This site is optimized with the Yoast SEO plugin v21.9.1 - https:\/\/yoast.com\/wordpress\/plugins\/seo\/ -->\n<title>Devenez notre partenaire - Wheelchair Basketball Canada<\/title>\n<meta name=\"robots\" content=\"index, follow, max-snippet:-1, max-image-preview:large, max-video-preview:-1\" \/>\n<link rel=\"canonical\" href=\"https:\/\/www.wheelchairbasketball.ca\/fr\/2017u23wwbc\/apercu-evenement\/partenaires\/devenez-notre-partenaire\/\" \/>\n<meta property=\"og:locale\" content=\"fr_FR\" \/>\n<meta property=\"og:type\" content=\"article\" \/>\n<meta property=\"og:title\" content=\"Devenez notre partenaire - Wheelchair Basketball Canada\" \/>\n<meta property=\"og:description\" content=\"Le comit\u00e9 organisateur du Championnat du monde de basketball en fauteuil roulant masculin des moins de 23 ans 2017 de l\u2019I.W.B.F. est \u00e0 la recherche de nouveaux partenaires! Nos biens de partenariat sont professionnellement appr\u00e9ci\u00e9s et repr\u00e9sentent un investissement tr\u00e8s rentable. Ils peuvent \u00eatre personnalis\u00e9s conform\u00e9ment \u00e0 votre vision de la marque et votre budget. [&hellip;]\" \/>\n<meta property=\"og:url\" content=\"https:\/\/www.wheelchairbasketball.ca\/fr\/2017u23wwbc\/apercu-evenement\/partenaires\/devenez-notre-partenaire\/\" \/>\n<meta property=\"og:site_name\" content=\"Wheelchair Basketball Canada\" \/>\n<meta property=\"article:publisher\" content=\"http:\/\/www.facebook.com\/wheelchairbasketball\" \/>\n<meta property=\"article:modified_time\" content=\"2017-02-28T22:08:08+00:00\" \/>\n<meta name=\"twitter:card\" content=\"summary_large_image\" \/>\n<meta name=\"twitter:site\" content=\"@WCBballCanada\" \/>\n<meta name=\"twitter:label1\" content=\"Dur\u00e9e de lecture estim\u00e9e\" \/>\n\t<meta name=\"twitter:data1\" content=\"1 minute\" \/>\n<script type=\"application\/ld+json\" class=\"yoast-schema-graph\">{\"@context\":\"https:\/\/schema.org\",\"@graph\":[{\"@type\":\"WebPage\",\"@id\":\"https:\/\/www.wheelchairbasketball.ca\/fr\/2017u23wwbc\/apercu-evenement\/partenaires\/devenez-notre-partenaire\/\",\"url\":\"https:\/\/www.wheelchairbasketball.ca\/fr\/2017u23wwbc\/apercu-evenement\/partenaires\/devenez-notre-partenaire\/\",\"name\":\"Devenez notre partenaire - Wheelchair Basketball Canada\",\"isPartOf\":{\"@id\":\"https:\/\/www.wheelchairbasketball.ca\/#website\"},\"datePublished\":\"2017-02-28T22:06:15+00:00\",\"dateModified\":\"2017-02-28T22:08:08+00:00\",\"breadcrumb\":{\"@id\":\"https:\/\/www.wheelchairbasketball.ca\/fr\/2017u23wwbc\/apercu-evenement\/partenaires\/devenez-notre-partenaire\/#breadcrumb\"},\"inLanguage\":\"fr-FR\",\"potentialAction\":[{\"@type\":\"ReadAction\",\"target\":[\"https:\/\/www.wheelchairbasketball.ca\/fr\/2017u23wwbc\/apercu-evenement\/partenaires\/devenez-notre-partenaire\/\"]}]},{\"@type\":\"BreadcrumbList\",\"@id\":\"https:\/\/www.wheelchairbasketball.ca\/fr\/2017u23wwbc\/apercu-evenement\/partenaires\/devenez-notre-partenaire\/#breadcrumb\",\"itemListElement\":[{\"@type\":\"ListItem\",\"position\":1,\"name\":\"Home\",\"item\":\"https:\/\/www.wheelchairbasketball.ca\/fr\/\"},{\"@type\":\"ListItem\",\"position\":2,\"name\":\"2017u23wwbc\",\"item\":\"https:\/\/www.wheelchairbasketball.ca\/fr\/2017u23wwbc\/\"},{\"@type\":\"ListItem\",\"position\":3,\"name\":\"Aper\u00e7u de l\u2019\u00e9v\u00e9nement\",\"item\":\"https:\/\/www.wheelchairbasketball.ca\/fr\/2017u23wwbc\/apercu-evenement\/\"},{\"@type\":\"ListItem\",\"position\":4,\"name\":\"Partenaires\",\"item\":\"https:\/\/www.wheelchairbasketball.ca\/fr\/2017u23wwbc\/apercu-evenement\/partenaires\/\"},{\"@type\":\"ListItem\",\"position\":5,\"name\":\"Devenez notre partenaire\"}]},{\"@type\":\"WebSite\",\"@id\":\"https:\/\/www.wheelchairbasketball.ca\/#website\",\"url\":\"https:\/\/www.wheelchairbasketball.ca\/\",\"name\":\"Wheelchair Basketball Canada\",\"description\":\"Real Life. Real Sport.\",\"potentialAction\":[{\"@type\":\"SearchAction\",\"target\":{\"@type\":\"EntryPoint\",\"urlTemplate\":\"https:\/\/www.wheelchairbasketball.ca\/?s={search_term_string}\"},\"query-input\":\"required name=search_term_string\"}],\"inLanguage\":\"fr-FR\"}]}<\/script>\n<!-- \/ Yoast SEO plugin. -->","yoast_head_json":{"title":"Devenez notre partenaire - Wheelchair Basketball Canada","robots":{"index":"index","follow":"follow","max-snippet":"max-snippet:-1","max-image-preview":"max-image-preview:large","max-video-preview":"max-video-preview:-1"},"canonical":"https:\/\/www.wheelchairbasketball.ca\/fr\/2017u23wwbc\/apercu-evenement\/partenaires\/devenez-notre-partenaire\/","og_locale":"fr_FR","og_type":"article","og_title":"Devenez notre partenaire - Wheelchair Basketball Canada","og_description":"Le comit\u00e9 organisateur du Championnat du monde de basketball en fauteuil roulant masculin des moins de 23 ans 2017 de l\u2019I.W.B.F. est \u00e0 la recherche de nouveaux partenaires! Nos biens de partenariat sont professionnellement appr\u00e9ci\u00e9s et repr\u00e9sentent un investissement tr\u00e8s rentable. Ils peuvent \u00eatre personnalis\u00e9s conform\u00e9ment \u00e0 votre vision de la marque et votre budget. [&hellip;]","og_url":"https:\/\/www.wheelchairbasketball.ca\/fr\/2017u23wwbc\/apercu-evenement\/partenaires\/devenez-notre-partenaire\/","og_site_name":"Wheelchair Basketball Canada","article_publisher":"http:\/\/www.facebook.com\/wheelchairbasketball","article_modified_time":"2017-02-28T22:08:08+00:00","twitter_card":"summary_large_image","twitter_site":"@WCBballCanada","twitter_misc":{"Dur\u00e9e de lecture estim\u00e9e":"1 minute"},"schema":{"@context":"https:\/\/schema.org","@graph":[{"@type":"WebPage","@id":"https:\/\/www.wheelchairbasketball.ca\/fr\/2017u23wwbc\/apercu-evenement\/partenaires\/devenez-notre-partenaire\/","url":"https:\/\/www.wheelchairbasketball.ca\/fr\/2017u23wwbc\/apercu-evenement\/partenaires\/devenez-notre-partenaire\/","name":"Devenez notre partenaire - Wheelchair Basketball Canada","isPartOf":{"@id":"https:\/\/www.wheelchairbasketball.ca\/#website"},"datePublished":"2017-02-28T22:06:15+00:00","dateModified":"2017-02-28T22:08:08+00:00","breadcrumb":{"@id":"https:\/\/www.wheelchairbasketball.ca\/fr\/2017u23wwbc\/apercu-evenement\/partenaires\/devenez-notre-partenaire\/#breadcrumb"},"inLanguage":"fr-FR","potentialAction":[{"@type":"ReadAction","target":["https:\/\/www.wheelchairbasketball.ca\/fr\/2017u23wwbc\/apercu-evenement\/partenaires\/devenez-notre-partenaire\/"]}]},{"@type":"BreadcrumbList","@id":"https:\/\/www.wheelchairbasketball.ca\/fr\/2017u23wwbc\/apercu-evenement\/partenaires\/devenez-notre-partenaire\/#breadcrumb","itemListElement":[{"@type":"ListItem","position":1,"name":"Home","item":"https:\/\/www.wheelchairbasketball.ca\/fr\/"},{"@type":"ListItem","position":2,"name":"2017u23wwbc","item":"https:\/\/www.wheelchairbasketball.ca\/fr\/2017u23wwbc\/"},{"@type":"ListItem","position":3,"name":"Aper\u00e7u de l\u2019\u00e9v\u00e9nement","item":"https:\/\/www.wheelchairbasketball.ca\/fr\/2017u23wwbc\/apercu-evenement\/"},{"@type":"ListItem","position":4,"name":"Partenaires","item":"https:\/\/www.wheelchairbasketball.ca\/fr\/2017u23wwbc\/apercu-evenement\/partenaires\/"},{"@type":"ListItem","position":5,"name":"Devenez notre partenaire"}]},{"@type":"WebSite","@id":"https:\/\/www.wheelchairbasketball.ca\/#website","url":"https:\/\/www.wheelchairbasketball.ca\/","name":"Wheelchair Basketball Canada","description":"Real Life. Real Sport.","potentialAction":[{"@type":"SearchAction","target":{"@type":"EntryPoint","urlTemplate":"https:\/\/www.wheelchairbasketball.ca\/?s={search_term_string}"},"query-input":"required name=search_term_string"}],"inLanguage":"fr-FR"}]}},"_links":{"self":[{"href":"https:\/\/www.wheelchairbasketball.ca\/fr\/wp-json\/wp\/v2\/pages\/7444"}],"collection":[{"href":"https:\/\/www.wheelchairbasketball.ca\/fr\/wp-json\/wp\/v2\/pages"}],"about":[{"href":"https:\/\/www.wheelchairbasketball.ca\/fr\/wp-json\/wp\/v2\/types\/page"}],"author":[{"embeddable":true,"href":"https:\/\/www.wheelchairbasketball.ca\/fr\/wp-json\/wp\/v2\/users\/6"}],"replies":[{"embeddable":true,"href":"https:\/\/www.wheelchairbasketball.ca\/fr\/wp-json\/wp\/v2\/comments?post=7444"}],"version-history":[{"count":3,"href":"https:\/\/www.wheelchairbasketball.ca\/fr\/wp-json\/wp\/v2\/pages\/7444\/revisions"}],"predecessor-version":[{"id":7451,"href":"https:\/\/www.wheelchairbasketball.ca\/fr\/wp-json\/wp\/v2\/pages\/7444\/revisions\/7451"}],"up":[{"embeddable":true,"href":"https:\/\/www.wheelchairbasketball.ca\/fr\/wp-json\/wp\/v2\/pages\/6872"}],"wp:attachment":[{"href":"https:\/\/www.wheelchairbasketball.ca\/fr\/wp-json\/wp\/v2\/media?parent=7444"}],"curies":[{"name":"wp","href":"https:\/\/api.w.org\/{rel}","templated":true}]}}