{"id":7858,"date":"2017-05-04T13:27:27","date_gmt":"2017-05-04T13:27:27","guid":{"rendered":"https:\/\/www.wheelchairbasketball.ca\/?page_id=7858"},"modified":"2017-05-04T13:27:27","modified_gmt":"2017-05-04T13:27:27","slug":"accreditation-des-medias","status":"publish","type":"page","link":"https:\/\/www.wheelchairbasketball.ca\/fr\/2017u23wwbc\/nouvelles\/media\/accreditation-des-medias\/","title":{"rendered":"Accr\u00e9ditation des m\u00e9dias"},"content":{"rendered":"<p><strong>Formulaire d\u2019accr\u00e9ditation des m\u00e9dias<\/strong><\/p>\n<p>Basketball en fauteuil roulant Canada accepte actuellement les demandes d\u2019accr\u00e9ditation de presse des membres des m\u00e9dias en vue du Le Championnat du monde masculin des moins de 23 ans 2017, qui aura lieu du 8\u00a0au 16\u00a0juin 2017, au Mattamy Athletic Centre, au centre-ville de Toronto.<\/p>\n<p>Les personnes qui souhaitent \u00eatre accr\u00e9dit\u00e9es doivent \u00eatre employ\u00e9es ou embauch\u00e9es de fa\u00e7on contractuelle par une organisation m\u00e9diatique. L\u2019accr\u00e9ditation donnera aux membres des m\u00e9dias l\u2019acc\u00e8s aux aires d\u00e9sign\u00e9es des m\u00e9dias, y compris la zone mixte et une salle de travail m\u00e9diatique.<\/p>\n<p>Ce formulaire doit \u00eatre remplir avant\u00a0<strong>le vendredi 19\u00a0mai, 2017.<\/strong><\/p>\n<p>Veuillez remplir le formulaire ci-dessous pour faire une demande d\u2019accreditation. Une fois le formulaire rempli, cliquez sur Soumettre pour envoyer votre demande.<\/p>\n<p>* Indique les renseignements exig\u00e9s.<\/p>\n<div role=\"form\" class=\"wpcf7\" id=\"wpcf7-f7857-o1\" lang=\"en-US\" dir=\"ltr\">\n<div class=\"screen-reader-response\"><p role=\"status\" aria-live=\"polite\" aria-atomic=\"true\"><\/p> <ul><\/ul><\/div>\n<form action=\"\/fr\/wp-json\/wp\/v2\/pages\/7858#wpcf7-f7857-o1\" method=\"post\" class=\"wpcf7-form init\" novalidate=\"novalidate\" data-status=\"init\">\n<div style=\"display: none;\">\n<input type=\"hidden\" name=\"_wpcf7\" value=\"7857\" \/>\n<input type=\"hidden\" name=\"_wpcf7_version\" value=\"5.6\" \/>\n<input type=\"hidden\" name=\"_wpcf7_locale\" value=\"en_US\" \/>\n<input type=\"hidden\" name=\"_wpcf7_unit_tag\" value=\"wpcf7-f7857-o1\" \/>\n<input type=\"hidden\" name=\"_wpcf7_container_post\" value=\"0\" \/>\n<input type=\"hidden\" name=\"_wpcf7_posted_data_hash\" value=\"\" \/>\n<\/div>\n<h3>D\u00e9tails personnels<\/h3>\n<p><label> Pr\u00e9nom*<br \/>\n    <span class=\"wpcf7-form-control-wrap\" data-name=\"first-name\"><input type=\"text\" name=\"first-name\" value=\"\" size=\"40\" class=\"wpcf7-form-control wpcf7-text wpcf7-validates-as-required\" aria-required=\"true\" aria-invalid=\"false\" \/><\/span> <\/label><\/p>\n<p><label> Nom de famille*<br \/>\n    <span class=\"wpcf7-form-control-wrap\" data-name=\"last-name\"><input type=\"text\" name=\"last-name\" value=\"\" size=\"40\" class=\"wpcf7-form-control wpcf7-text wpcf7-validates-as-required\" aria-required=\"true\" aria-invalid=\"false\" \/><\/span> <\/label><\/p>\n<p><label> Titre de poste*<br \/>\n    <span class=\"wpcf7-form-control-wrap\" data-name=\"Job\"><input type=\"text\" name=\"Job\" value=\"\" size=\"40\" class=\"wpcf7-form-control wpcf7-text wpcf7-validates-as-required\" aria-required=\"true\" aria-invalid=\"false\" \/><\/span> <\/label><\/p>\n<p><label> T\u00e9l\u00e9phone*<br \/>\n    <span class=\"wpcf7-form-control-wrap\" data-name=\"Phone\"><input type=\"tel\" name=\"Phone\" value=\"\" size=\"40\" class=\"wpcf7-form-control wpcf7-text wpcf7-tel wpcf7-validates-as-required wpcf7-validates-as-tel\" aria-required=\"true\" aria-invalid=\"false\" \/><\/span> <\/label><\/p>\n<p><label> Couriel*<br \/>\n    <span class=\"wpcf7-form-control-wrap\" data-name=\"your-email\"><input type=\"email\" name=\"your-email\" value=\"\" size=\"40\" class=\"wpcf7-form-control wpcf7-text wpcf7-email wpcf7-validates-as-required wpcf7-validates-as-email\" aria-required=\"true\" aria-invalid=\"false\" \/><\/span> <\/label><\/p>\n<h3>Informations sur l\u2019organisme de presse<\/h3>\n<p><label> Nom de l'organisme de presse*<br \/>\n    <span class=\"wpcf7-form-control-wrap\" data-name=\"press-organization\"><input type=\"text\" name=\"press-organization\" value=\"\" size=\"40\" class=\"wpcf7-form-control wpcf7-text wpcf7-validates-as-required\" aria-required=\"true\" aria-invalid=\"false\" \/><\/span> <\/label><\/p>\n<p><label> T\u00e9l\u00e9phone de l'organisme de presse*<br \/>\n    <span class=\"wpcf7-form-control-wrap\" data-name=\"Org-Phone\"><input type=\"tel\" name=\"Org-Phone\" value=\"\" size=\"40\" class=\"wpcf7-form-control wpcf7-text wpcf7-tel wpcf7-validates-as-required wpcf7-validates-as-tel\" aria-required=\"true\" aria-invalid=\"false\" \/><\/span> <\/label><\/p>\n<p><label> Couriel de l'organisme de presse*<br \/>\n    <span class=\"wpcf7-form-control-wrap\" data-name=\"Org-email\"><input type=\"email\" name=\"Org-email\" value=\"\" size=\"40\" class=\"wpcf7-form-control wpcf7-text wpcf7-email wpcf7-validates-as-required wpcf7-validates-as-email\" aria-required=\"true\" aria-invalid=\"false\" \/><\/span> <\/label><\/p>\n<p><label> Addresse*<br \/>\n    <span class=\"wpcf7-form-control-wrap\" data-name=\"Address\"><input type=\"text\" name=\"Address\" value=\"\" size=\"40\" class=\"wpcf7-form-control wpcf7-text wpcf7-validates-as-required\" aria-required=\"true\" aria-invalid=\"false\" \/><\/span> <\/label><\/p>\n<p><label> Ville*<br \/>\n    <span class=\"wpcf7-form-control-wrap\" data-name=\"City\"><input type=\"text\" name=\"City\" value=\"\" size=\"40\" class=\"wpcf7-form-control wpcf7-text wpcf7-validates-as-required\" aria-required=\"true\" aria-invalid=\"false\" \/><\/span> <\/label><\/p>\n<p><label> Code postal*<br \/>\n    <span class=\"wpcf7-form-control-wrap\" data-name=\"Postal-code\"><input type=\"text\" name=\"Postal-code\" value=\"\" size=\"40\" class=\"wpcf7-form-control wpcf7-text wpcf7-validates-as-required\" aria-required=\"true\" aria-invalid=\"false\" \/><\/span> <\/label><\/p>\n<p><label> Soci\u00e9t\u00e9-m\u00e8re ou entreprise m\u00e9diatique associ\u00e9e<br \/>\n    <span class=\"wpcf7-form-control-wrap\" data-name=\"Parent-media-company\"><input type=\"text\" name=\"Parent-media-company\" value=\"\" size=\"40\" class=\"wpcf7-form-control wpcf7-text\" aria-invalid=\"false\" \/><\/span> <\/label><\/p>\n<p><label> Auditoire*<br \/>\n    <span class=\"wpcf7-form-control-wrap\" data-name=\"Reach\"><input type=\"text\" name=\"Reach\" value=\"\" size=\"40\" class=\"wpcf7-form-control wpcf7-text wpcf7-validates-as-required\" aria-required=\"true\" aria-invalid=\"false\" \/><\/span> <\/label><\/p>\n<p><label> Type de medias*<br \/>\n    <span class=\"wpcf7-form-control-wrap\" data-name=\"Type\"><input type=\"text\" name=\"Type\" value=\"\" size=\"40\" class=\"wpcf7-form-control wpcf7-text wpcf7-validates-as-required\" aria-required=\"true\" aria-invalid=\"false\" \/><\/span> <\/label><\/p>\n<p><label> Fr\u00e8quence de publication*<br \/>\n    <span class=\"wpcf7-form-control-wrap\" data-name=\"Frequency-publication\"><input type=\"text\" name=\"Frequency-publication\" value=\"\" size=\"40\" class=\"wpcf7-form-control wpcf7-text wpcf7-validates-as-required\" aria-required=\"true\" aria-invalid=\"false\" \/><\/span> <\/label><\/p>\n<p><label> Langue*<br \/>\n    <span class=\"wpcf7-form-control-wrap\" data-name=\"Language\"><input type=\"text\" name=\"Language\" value=\"\" size=\"40\" class=\"wpcf7-form-control wpcf7-text wpcf7-validates-as-required\" aria-required=\"true\" aria-invalid=\"false\" \/><\/span> <\/label><\/p>\n<p><input type=\"submit\" value=\"Soumettre\" class=\"wpcf7-form-control has-spinner wpcf7-submit\" \/><\/p>\n<div class=\"wpcf7-response-output\" aria-hidden=\"true\"><\/div><\/form><\/div>\n","protected":false},"excerpt":{"rendered":"Formulaire d\u2019accr\u00e9ditation des m\u00e9dias Basketball en fauteuil roulant Canada accepte actuellement les demandes d\u2019accr\u00e9ditation de presse des membres des m\u00e9dias en vue du Le Championnat du monde masculin des moins de 23 ans 2017, qui aura lieu du 8\u00a0au 16\u00a0juin 2017, au Mattamy Athletic Centre, au centre-ville de Toronto. Les personnes qui souhaitent \u00eatre accr\u00e9dit\u00e9es [&hellip;]","protected":false},"author":6,"featured_media":0,"parent":6880,"menu_order":0,"comment_status":"closed","ping_status":"closed","template":"page-wwbc.php","meta":{"om_disable_all_campaigns":false,"_monsterinsights_skip_tracking":false,"_monsterinsights_sitenote_active":false,"_monsterinsights_sitenote_note":"","_monsterinsights_sitenote_category":0,"footnotes":""},"acf":[],"yoast_head":"<!-- This site is optimized with the Yoast SEO plugin v21.9.1 - https:\/\/yoast.com\/wordpress\/plugins\/seo\/ -->\n<title>Accr\u00e9ditation des m\u00e9dias - Wheelchair Basketball Canada<\/title>\n<meta name=\"robots\" content=\"index, follow, max-snippet:-1, max-image-preview:large, max-video-preview:-1\" \/>\n<link rel=\"canonical\" href=\"https:\/\/www.wheelchairbasketball.ca\/fr\/2017u23wwbc\/nouvelles\/media\/accreditation-des-medias\/\" \/>\n<meta property=\"og:locale\" content=\"fr_FR\" \/>\n<meta property=\"og:type\" content=\"article\" \/>\n<meta property=\"og:title\" content=\"Accr\u00e9ditation des m\u00e9dias - Wheelchair Basketball Canada\" \/>\n<meta property=\"og:description\" content=\"Formulaire d\u2019accr\u00e9ditation des m\u00e9dias Basketball en fauteuil roulant Canada accepte actuellement les demandes d\u2019accr\u00e9ditation de presse des membres des m\u00e9dias en vue du Le Championnat du monde masculin des moins de 23 ans 2017, qui aura lieu du 8\u00a0au 16\u00a0juin 2017, au Mattamy Athletic Centre, au centre-ville de Toronto. Les personnes qui souhaitent \u00eatre accr\u00e9dit\u00e9es [&hellip;]\" \/>\n<meta property=\"og:url\" content=\"https:\/\/www.wheelchairbasketball.ca\/fr\/2017u23wwbc\/nouvelles\/media\/accreditation-des-medias\/\" \/>\n<meta property=\"og:site_name\" content=\"Wheelchair Basketball Canada\" \/>\n<meta property=\"article:publisher\" content=\"http:\/\/www.facebook.com\/wheelchairbasketball\" \/>\n<meta name=\"twitter:card\" content=\"summary_large_image\" \/>\n<meta name=\"twitter:site\" content=\"@WCBballCanada\" \/>\n<meta name=\"twitter:label1\" content=\"Dur\u00e9e de lecture estim\u00e9e\" \/>\n\t<meta name=\"twitter:data1\" content=\"1 minute\" \/>\n<script type=\"application\/ld+json\" class=\"yoast-schema-graph\">{\"@context\":\"https:\/\/schema.org\",\"@graph\":[{\"@type\":\"WebPage\",\"@id\":\"https:\/\/www.wheelchairbasketball.ca\/fr\/2017u23wwbc\/nouvelles\/media\/accreditation-des-medias\/\",\"url\":\"https:\/\/www.wheelchairbasketball.ca\/fr\/2017u23wwbc\/nouvelles\/media\/accreditation-des-medias\/\",\"name\":\"Accr\u00e9ditation des m\u00e9dias - Wheelchair Basketball Canada\",\"isPartOf\":{\"@id\":\"https:\/\/www.wheelchairbasketball.ca\/#website\"},\"datePublished\":\"2017-05-04T13:27:27+00:00\",\"dateModified\":\"2017-05-04T13:27:27+00:00\",\"breadcrumb\":{\"@id\":\"https:\/\/www.wheelchairbasketball.ca\/fr\/2017u23wwbc\/nouvelles\/media\/accreditation-des-medias\/#breadcrumb\"},\"inLanguage\":\"fr-FR\",\"potentialAction\":[{\"@type\":\"ReadAction\",\"target\":[\"https:\/\/www.wheelchairbasketball.ca\/fr\/2017u23wwbc\/nouvelles\/media\/accreditation-des-medias\/\"]}]},{\"@type\":\"BreadcrumbList\",\"@id\":\"https:\/\/www.wheelchairbasketball.ca\/fr\/2017u23wwbc\/nouvelles\/media\/accreditation-des-medias\/#breadcrumb\",\"itemListElement\":[{\"@type\":\"ListItem\",\"position\":1,\"name\":\"Home\",\"item\":\"https:\/\/www.wheelchairbasketball.ca\/fr\/\"},{\"@type\":\"ListItem\",\"position\":2,\"name\":\"2017u23wwbc\",\"item\":\"https:\/\/www.wheelchairbasketball.ca\/fr\/2017u23wwbc\/\"},{\"@type\":\"ListItem\",\"position\":3,\"name\":\"Nouvelles\",\"item\":\"https:\/\/www.wheelchairbasketball.ca\/fr\/2017u23wwbc\/nouvelles\/\"},{\"@type\":\"ListItem\",\"position\":4,\"name\":\"M\u00e9dia\",\"item\":\"https:\/\/www.wheelchairbasketball.ca\/fr\/2017u23wwbc\/nouvelles\/media\/\"},{\"@type\":\"ListItem\",\"position\":5,\"name\":\"Accr\u00e9ditation des m\u00e9dias\"}]},{\"@type\":\"WebSite\",\"@id\":\"https:\/\/www.wheelchairbasketball.ca\/#website\",\"url\":\"https:\/\/www.wheelchairbasketball.ca\/\",\"name\":\"Wheelchair Basketball Canada\",\"description\":\"Real Life. Real Sport.\",\"potentialAction\":[{\"@type\":\"SearchAction\",\"target\":{\"@type\":\"EntryPoint\",\"urlTemplate\":\"https:\/\/www.wheelchairbasketball.ca\/?s={search_term_string}\"},\"query-input\":\"required name=search_term_string\"}],\"inLanguage\":\"fr-FR\"}]}<\/script>\n<!-- \/ Yoast SEO plugin. -->","yoast_head_json":{"title":"Accr\u00e9ditation des m\u00e9dias - Wheelchair Basketball Canada","robots":{"index":"index","follow":"follow","max-snippet":"max-snippet:-1","max-image-preview":"max-image-preview:large","max-video-preview":"max-video-preview:-1"},"canonical":"https:\/\/www.wheelchairbasketball.ca\/fr\/2017u23wwbc\/nouvelles\/media\/accreditation-des-medias\/","og_locale":"fr_FR","og_type":"article","og_title":"Accr\u00e9ditation des m\u00e9dias - Wheelchair Basketball Canada","og_description":"Formulaire d\u2019accr\u00e9ditation des m\u00e9dias Basketball en fauteuil roulant Canada accepte actuellement les demandes d\u2019accr\u00e9ditation de presse des membres des m\u00e9dias en vue du Le Championnat du monde masculin des moins de 23 ans 2017, qui aura lieu du 8\u00a0au 16\u00a0juin 2017, au Mattamy Athletic Centre, au centre-ville de Toronto. Les personnes qui souhaitent \u00eatre accr\u00e9dit\u00e9es [&hellip;]","og_url":"https:\/\/www.wheelchairbasketball.ca\/fr\/2017u23wwbc\/nouvelles\/media\/accreditation-des-medias\/","og_site_name":"Wheelchair Basketball Canada","article_publisher":"http:\/\/www.facebook.com\/wheelchairbasketball","twitter_card":"summary_large_image","twitter_site":"@WCBballCanada","twitter_misc":{"Dur\u00e9e de lecture estim\u00e9e":"1 minute"},"schema":{"@context":"https:\/\/schema.org","@graph":[{"@type":"WebPage","@id":"https:\/\/www.wheelchairbasketball.ca\/fr\/2017u23wwbc\/nouvelles\/media\/accreditation-des-medias\/","url":"https:\/\/www.wheelchairbasketball.ca\/fr\/2017u23wwbc\/nouvelles\/media\/accreditation-des-medias\/","name":"Accr\u00e9ditation des m\u00e9dias - Wheelchair Basketball Canada","isPartOf":{"@id":"https:\/\/www.wheelchairbasketball.ca\/#website"},"datePublished":"2017-05-04T13:27:27+00:00","dateModified":"2017-05-04T13:27:27+00:00","breadcrumb":{"@id":"https:\/\/www.wheelchairbasketball.ca\/fr\/2017u23wwbc\/nouvelles\/media\/accreditation-des-medias\/#breadcrumb"},"inLanguage":"fr-FR","potentialAction":[{"@type":"ReadAction","target":["https:\/\/www.wheelchairbasketball.ca\/fr\/2017u23wwbc\/nouvelles\/media\/accreditation-des-medias\/"]}]},{"@type":"BreadcrumbList","@id":"https:\/\/www.wheelchairbasketball.ca\/fr\/2017u23wwbc\/nouvelles\/media\/accreditation-des-medias\/#breadcrumb","itemListElement":[{"@type":"ListItem","position":1,"name":"Home","item":"https:\/\/www.wheelchairbasketball.ca\/fr\/"},{"@type":"ListItem","position":2,"name":"2017u23wwbc","item":"https:\/\/www.wheelchairbasketball.ca\/fr\/2017u23wwbc\/"},{"@type":"ListItem","position":3,"name":"Nouvelles","item":"https:\/\/www.wheelchairbasketball.ca\/fr\/2017u23wwbc\/nouvelles\/"},{"@type":"ListItem","position":4,"name":"M\u00e9dia","item":"https:\/\/www.wheelchairbasketball.ca\/fr\/2017u23wwbc\/nouvelles\/media\/"},{"@type":"ListItem","position":5,"name":"Accr\u00e9ditation des m\u00e9dias"}]},{"@type":"WebSite","@id":"https:\/\/www.wheelchairbasketball.ca\/#website","url":"https:\/\/www.wheelchairbasketball.ca\/","name":"Wheelchair Basketball Canada","description":"Real Life. Real Sport.","potentialAction":[{"@type":"SearchAction","target":{"@type":"EntryPoint","urlTemplate":"https:\/\/www.wheelchairbasketball.ca\/?s={search_term_string}"},"query-input":"required name=search_term_string"}],"inLanguage":"fr-FR"}]}},"_links":{"self":[{"href":"https:\/\/www.wheelchairbasketball.ca\/fr\/wp-json\/wp\/v2\/pages\/7858"}],"collection":[{"href":"https:\/\/www.wheelchairbasketball.ca\/fr\/wp-json\/wp\/v2\/pages"}],"about":[{"href":"https:\/\/www.wheelchairbasketball.ca\/fr\/wp-json\/wp\/v2\/types\/page"}],"author":[{"embeddable":true,"href":"https:\/\/www.wheelchairbasketball.ca\/fr\/wp-json\/wp\/v2\/users\/6"}],"replies":[{"embeddable":true,"href":"https:\/\/www.wheelchairbasketball.ca\/fr\/wp-json\/wp\/v2\/comments?post=7858"}],"version-history":[{"count":2,"href":"https:\/\/www.wheelchairbasketball.ca\/fr\/wp-json\/wp\/v2\/pages\/7858\/revisions"}],"predecessor-version":[{"id":7860,"href":"https:\/\/www.wheelchairbasketball.ca\/fr\/wp-json\/wp\/v2\/pages\/7858\/revisions\/7860"}],"up":[{"embeddable":true,"href":"https:\/\/www.wheelchairbasketball.ca\/fr\/wp-json\/wp\/v2\/pages\/6880"}],"wp:attachment":[{"href":"https:\/\/www.wheelchairbasketball.ca\/fr\/wp-json\/wp\/v2\/media?parent=7858"}],"curies":[{"name":"wp","href":"https:\/\/api.w.org\/{rel}","templated":true}]}}