{"id":7972,"date":"2017-05-17T16:21:02","date_gmt":"2017-05-17T16:21:02","guid":{"rendered":"https:\/\/www.wheelchairbasketball.ca\/?page_id=7972"},"modified":"2017-06-07T18:48:44","modified_gmt":"2017-06-07T18:48:44","slug":"france","status":"publish","type":"page","link":"https:\/\/www.wheelchairbasketball.ca\/fr\/2017u23wwbc\/equipes\/france\/","title":{"rendered":"France"},"content":{"rendered":"<p><img loading=\"lazy\" decoding=\"async\" class=\"alignleft wp-image-7926 size-thumbnail\" src=\"https:\/\/www.wheelchairbasketball.ca\/wp-content\/uploads\/2017\/05\/france-150x150.png\" alt=\"\" width=\"150\" height=\"150\" \/><\/p>\n<p>La France est pr\u00eate \u00e0 retourner au Championnat du monde apr\u00e8s avoir accueilli l\u2019\u00e9v\u00e9nement \u00e0 Paris, en 2009.<\/p>\n<p>Les Fran\u00e7ais viennent tout juste de se classer en cinqui\u00e8me place au Championnat europ\u00e9en des moins de 22\u00a0ans 2017, o\u00f9 l\u2019\u00e9quipe s\u2019est empar\u00e9e de la derni\u00e8re place de qualification lui donnant droit de prendre part au Championnat du monde masculin des moins de 23 ans 2017. L\u2019\u00e9quipe cherchera \u00e0 am\u00e9liorer son classement en 10<sup>e<\/sup> place \u00e0 sa plus r\u00e9cente apparition au championnat du monde.<\/p>\n<h4>Histoire au Championnat du monde<\/h4>\n<ul>\n<li>2009 \u2013 Paris, France \u2013 10e place<\/li>\n<li>2005 \u2013 Birmingham, Grande-Bretagne\u00a0\u2013 8e place<\/li>\n<li>1997 \u2013 Toronto, Canada \u2013 6e\u00a0place<\/li>\n<\/ul>\n<h4><strong>Formation de l&rsquo;equipe<\/strong><\/h4>\n<table width=\"559\">\n<tbody>\n<tr>\n<td width=\"35\">\n<h6>No.<\/h6>\n<\/td>\n<td width=\"123\">\n<h6>Nom<\/h6>\n<\/td>\n<td width=\"89\">\n<h6>Cat\u00e9g.<\/h6>\n<\/td>\n<td width=\"145\">\n<h6>Date de naissance<\/h6>\n<\/td>\n<td width=\"167\">\n<h6>Ville d\u2019origine<\/h6>\n<\/td>\n<\/tr>\n<tr>\n<td width=\"35\">4<\/td>\n<td width=\"123\">Manuel Gomez<\/td>\n<td width=\"89\">2.5<\/td>\n<td width=\"145\">21-Aug-2002<\/td>\n<td width=\"167\">Marseille<\/td>\n<\/tr>\n<tr>\n<td width=\"35\">5<\/td>\n<td width=\"123\">Alexis Ramonet<\/td>\n<td width=\"89\">4.0<\/td>\n<td width=\"145\">08-Oct-1995<\/td>\n<td width=\"167\">Le Cannet<\/td>\n<\/tr>\n<tr>\n<td width=\"35\">6<\/td>\n<td width=\"123\">Samih Mohamed Khalil<\/td>\n<td width=\"89\">2.0<\/td>\n<td width=\"145\">15-Mar-1999<\/td>\n<td width=\"167\">Centre f\u00e9d\u00e9ral<\/td>\n<\/tr>\n<tr>\n<td width=\"35\">7<\/td>\n<td width=\"123\">Abdelghanee Boughania<\/td>\n<td width=\"89\">3.5<\/td>\n<td width=\"145\">22-Jul-1995<\/td>\n<td width=\"167\">Le puy en velay<\/td>\n<\/tr>\n<tr>\n<td width=\"35\">8<\/td>\n<td width=\"123\">Jean Alexandre Alpin<\/td>\n<td width=\"89\">4.5<\/td>\n<td width=\"145\">04-Oct-1997<\/td>\n<td width=\"167\">Poitiers<\/td>\n<\/tr>\n<tr>\n<td width=\"35\">9<\/td>\n<td width=\"123\">S\u00e9bastien Evanno<\/td>\n<td width=\"89\">4.0<\/td>\n<td width=\"145\">31-May-1995<\/td>\n<td width=\"167\">Centre f\u00e9d\u00e9ral<\/td>\n<\/tr>\n<tr>\n<td width=\"35\">10<\/td>\n<td width=\"123\">Esteban Henriot<\/td>\n<td width=\"89\">1.0<\/td>\n<td width=\"145\">03-Jun-1998<\/td>\n<td width=\"167\">Centre f\u00e9d\u00e9ral<\/td>\n<\/tr>\n<tr>\n<td width=\"35\">11<\/td>\n<td width=\"123\">Louis Hardouin<\/td>\n<td width=\"89\">2.5<\/td>\n<td width=\"145\">19-Nov-2001<\/td>\n<td width=\"167\">Meaux<\/td>\n<\/tr>\n<tr>\n<td width=\"35\">12<\/td>\n<td width=\"123\">Enzo Trabuchet<\/td>\n<td width=\"89\">4.0<\/td>\n<td width=\"145\">11-Jun-2001<\/td>\n<td width=\"167\">Centre f\u00e9d\u00e9ral<\/td>\n<\/tr>\n<tr>\n<td width=\"35\">13<\/td>\n<td width=\"123\">Romain Damoizeau<\/td>\n<td width=\"89\">3.0<\/td>\n<td width=\"145\">16-Jan-1998<\/td>\n<td width=\"167\">Centr\u00e9 f\u00e9d\u00e9ral<\/td>\n<\/tr>\n<tr>\n<td width=\"35\">14<\/td>\n<td width=\"123\">Hugo Barbe<\/td>\n<td width=\"89\">3.0<\/td>\n<td width=\"145\">12-Aug-2000<\/td>\n<td width=\"167\">Dijon<\/td>\n<\/tr>\n<tr>\n<td width=\"35\">15<\/td>\n<td width=\"123\">Anthony\u00a0Laurent<\/td>\n<td width=\"89\">3.5<\/td>\n<td width=\"145\">24-Dec-1999<\/td>\n<td width=\"167\">Centre f\u00e9d\u00e9ral<\/td>\n<\/tr>\n<\/tbody>\n<\/table>\n<p><strong>Entra\u00eeneurs et personnel<\/strong>: Head Coach : Ste\u0301phane Binot \/ Assistant Coach : Antony Joubert \/ Manager : Antoine Vitrant \/ Physiother- apist : Manon Camboulives \/ Mechanic : Yannick Caroff<\/p>\n","protected":false},"excerpt":{"rendered":"La France est pr\u00eate \u00e0 retourner au Championnat du monde apr\u00e8s avoir accueilli l\u2019\u00e9v\u00e9nement \u00e0 Paris, en 2009. Les Fran\u00e7ais viennent tout juste de se classer en cinqui\u00e8me place au Championnat europ\u00e9en des moins de 22\u00a0ans 2017, o\u00f9 l\u2019\u00e9quipe s\u2019est empar\u00e9e de la derni\u00e8re place de qualification lui donnant droit de prendre part au Championnat [&hellip;]","protected":false},"author":7,"featured_media":0,"parent":6897,"menu_order":0,"comment_status":"closed","ping_status":"closed","template":"page-wwbc.php","meta":{"om_disable_all_campaigns":false,"_monsterinsights_skip_tracking":false,"_monsterinsights_sitenote_active":false,"_monsterinsights_sitenote_note":"","_monsterinsights_sitenote_category":0,"footnotes":""},"acf":[],"yoast_head":"<!-- This site is optimized with the Yoast SEO plugin v21.9.1 - https:\/\/yoast.com\/wordpress\/plugins\/seo\/ -->\n<title>France - Wheelchair Basketball Canada<\/title>\n<meta name=\"robots\" content=\"index, follow, max-snippet:-1, max-image-preview:large, max-video-preview:-1\" \/>\n<link rel=\"canonical\" href=\"https:\/\/www.wheelchairbasketball.ca\/fr\/2017u23wwbc\/equipes\/france\/\" \/>\n<meta property=\"og:locale\" content=\"fr_FR\" \/>\n<meta property=\"og:type\" content=\"article\" \/>\n<meta property=\"og:title\" content=\"France - Wheelchair Basketball Canada\" \/>\n<meta property=\"og:description\" content=\"La France est pr\u00eate \u00e0 retourner au Championnat du monde apr\u00e8s avoir accueilli l\u2019\u00e9v\u00e9nement \u00e0 Paris, en 2009. Les Fran\u00e7ais viennent tout juste de se classer en cinqui\u00e8me place au Championnat europ\u00e9en des moins de 22\u00a0ans 2017, o\u00f9 l\u2019\u00e9quipe s\u2019est empar\u00e9e de la derni\u00e8re place de qualification lui donnant droit de prendre part au Championnat [&hellip;]\" \/>\n<meta property=\"og:url\" content=\"https:\/\/www.wheelchairbasketball.ca\/fr\/2017u23wwbc\/equipes\/france\/\" \/>\n<meta property=\"og:site_name\" content=\"Wheelchair Basketball Canada\" \/>\n<meta property=\"article:publisher\" content=\"http:\/\/www.facebook.com\/wheelchairbasketball\" \/>\n<meta property=\"article:modified_time\" content=\"2017-06-07T18:48:44+00:00\" \/>\n<meta property=\"og:image\" content=\"https:\/\/www.wheelchairbasketball.ca\/wp-content\/uploads\/2017\/05\/france-150x150.png\" \/>\n<meta name=\"twitter:card\" content=\"summary_large_image\" \/>\n<meta name=\"twitter:site\" content=\"@WCBballCanada\" \/>\n<meta name=\"twitter:label1\" content=\"Dur\u00e9e de lecture estim\u00e9e\" \/>\n\t<meta name=\"twitter:data1\" content=\"1 minute\" \/>\n<script type=\"application\/ld+json\" class=\"yoast-schema-graph\">{\"@context\":\"https:\/\/schema.org\",\"@graph\":[{\"@type\":\"WebPage\",\"@id\":\"https:\/\/www.wheelchairbasketball.ca\/fr\/2017u23wwbc\/equipes\/france\/\",\"url\":\"https:\/\/www.wheelchairbasketball.ca\/fr\/2017u23wwbc\/equipes\/france\/\",\"name\":\"France - Wheelchair Basketball Canada\",\"isPartOf\":{\"@id\":\"https:\/\/www.wheelchairbasketball.ca\/#website\"},\"datePublished\":\"2017-05-17T16:21:02+00:00\",\"dateModified\":\"2017-06-07T18:48:44+00:00\",\"breadcrumb\":{\"@id\":\"https:\/\/www.wheelchairbasketball.ca\/fr\/2017u23wwbc\/equipes\/france\/#breadcrumb\"},\"inLanguage\":\"fr-FR\",\"potentialAction\":[{\"@type\":\"ReadAction\",\"target\":[\"https:\/\/www.wheelchairbasketball.ca\/fr\/2017u23wwbc\/equipes\/france\/\"]}]},{\"@type\":\"BreadcrumbList\",\"@id\":\"https:\/\/www.wheelchairbasketball.ca\/fr\/2017u23wwbc\/equipes\/france\/#breadcrumb\",\"itemListElement\":[{\"@type\":\"ListItem\",\"position\":1,\"name\":\"Home\",\"item\":\"https:\/\/www.wheelchairbasketball.ca\/fr\/\"},{\"@type\":\"ListItem\",\"position\":2,\"name\":\"2017u23wwbc\",\"item\":\"https:\/\/www.wheelchairbasketball.ca\/fr\/2017u23wwbc\/\"},{\"@type\":\"ListItem\",\"position\":3,\"name\":\"\u00c9quipes\",\"item\":\"https:\/\/www.wheelchairbasketball.ca\/fr\/2017u23wwbc\/equipes\/\"},{\"@type\":\"ListItem\",\"position\":4,\"name\":\"France\"}]},{\"@type\":\"WebSite\",\"@id\":\"https:\/\/www.wheelchairbasketball.ca\/#website\",\"url\":\"https:\/\/www.wheelchairbasketball.ca\/\",\"name\":\"Wheelchair Basketball Canada\",\"description\":\"Real Life. Real Sport.\",\"potentialAction\":[{\"@type\":\"SearchAction\",\"target\":{\"@type\":\"EntryPoint\",\"urlTemplate\":\"https:\/\/www.wheelchairbasketball.ca\/?s={search_term_string}\"},\"query-input\":\"required name=search_term_string\"}],\"inLanguage\":\"fr-FR\"}]}<\/script>\n<!-- \/ Yoast SEO plugin. -->","yoast_head_json":{"title":"France - Wheelchair Basketball Canada","robots":{"index":"index","follow":"follow","max-snippet":"max-snippet:-1","max-image-preview":"max-image-preview:large","max-video-preview":"max-video-preview:-1"},"canonical":"https:\/\/www.wheelchairbasketball.ca\/fr\/2017u23wwbc\/equipes\/france\/","og_locale":"fr_FR","og_type":"article","og_title":"France - Wheelchair Basketball Canada","og_description":"La France est pr\u00eate \u00e0 retourner au Championnat du monde apr\u00e8s avoir accueilli l\u2019\u00e9v\u00e9nement \u00e0 Paris, en 2009. Les Fran\u00e7ais viennent tout juste de se classer en cinqui\u00e8me place au Championnat europ\u00e9en des moins de 22\u00a0ans 2017, o\u00f9 l\u2019\u00e9quipe s\u2019est empar\u00e9e de la derni\u00e8re place de qualification lui donnant droit de prendre part au Championnat [&hellip;]","og_url":"https:\/\/www.wheelchairbasketball.ca\/fr\/2017u23wwbc\/equipes\/france\/","og_site_name":"Wheelchair Basketball Canada","article_publisher":"http:\/\/www.facebook.com\/wheelchairbasketball","article_modified_time":"2017-06-07T18:48:44+00:00","og_image":[{"url":"https:\/\/www.wheelchairbasketball.ca\/wp-content\/uploads\/2017\/05\/france-150x150.png"}],"twitter_card":"summary_large_image","twitter_site":"@WCBballCanada","twitter_misc":{"Dur\u00e9e de lecture estim\u00e9e":"1 minute"},"schema":{"@context":"https:\/\/schema.org","@graph":[{"@type":"WebPage","@id":"https:\/\/www.wheelchairbasketball.ca\/fr\/2017u23wwbc\/equipes\/france\/","url":"https:\/\/www.wheelchairbasketball.ca\/fr\/2017u23wwbc\/equipes\/france\/","name":"France - Wheelchair Basketball Canada","isPartOf":{"@id":"https:\/\/www.wheelchairbasketball.ca\/#website"},"datePublished":"2017-05-17T16:21:02+00:00","dateModified":"2017-06-07T18:48:44+00:00","breadcrumb":{"@id":"https:\/\/www.wheelchairbasketball.ca\/fr\/2017u23wwbc\/equipes\/france\/#breadcrumb"},"inLanguage":"fr-FR","potentialAction":[{"@type":"ReadAction","target":["https:\/\/www.wheelchairbasketball.ca\/fr\/2017u23wwbc\/equipes\/france\/"]}]},{"@type":"BreadcrumbList","@id":"https:\/\/www.wheelchairbasketball.ca\/fr\/2017u23wwbc\/equipes\/france\/#breadcrumb","itemListElement":[{"@type":"ListItem","position":1,"name":"Home","item":"https:\/\/www.wheelchairbasketball.ca\/fr\/"},{"@type":"ListItem","position":2,"name":"2017u23wwbc","item":"https:\/\/www.wheelchairbasketball.ca\/fr\/2017u23wwbc\/"},{"@type":"ListItem","position":3,"name":"\u00c9quipes","item":"https:\/\/www.wheelchairbasketball.ca\/fr\/2017u23wwbc\/equipes\/"},{"@type":"ListItem","position":4,"name":"France"}]},{"@type":"WebSite","@id":"https:\/\/www.wheelchairbasketball.ca\/#website","url":"https:\/\/www.wheelchairbasketball.ca\/","name":"Wheelchair Basketball Canada","description":"Real Life. Real Sport.","potentialAction":[{"@type":"SearchAction","target":{"@type":"EntryPoint","urlTemplate":"https:\/\/www.wheelchairbasketball.ca\/?s={search_term_string}"},"query-input":"required name=search_term_string"}],"inLanguage":"fr-FR"}]}},"_links":{"self":[{"href":"https:\/\/www.wheelchairbasketball.ca\/fr\/wp-json\/wp\/v2\/pages\/7972"}],"collection":[{"href":"https:\/\/www.wheelchairbasketball.ca\/fr\/wp-json\/wp\/v2\/pages"}],"about":[{"href":"https:\/\/www.wheelchairbasketball.ca\/fr\/wp-json\/wp\/v2\/types\/page"}],"author":[{"embeddable":true,"href":"https:\/\/www.wheelchairbasketball.ca\/fr\/wp-json\/wp\/v2\/users\/7"}],"replies":[{"embeddable":true,"href":"https:\/\/www.wheelchairbasketball.ca\/fr\/wp-json\/wp\/v2\/comments?post=7972"}],"version-history":[{"count":6,"href":"https:\/\/www.wheelchairbasketball.ca\/fr\/wp-json\/wp\/v2\/pages\/7972\/revisions"}],"predecessor-version":[{"id":8186,"href":"https:\/\/www.wheelchairbasketball.ca\/fr\/wp-json\/wp\/v2\/pages\/7972\/revisions\/8186"}],"up":[{"embeddable":true,"href":"https:\/\/www.wheelchairbasketball.ca\/fr\/wp-json\/wp\/v2\/pages\/6897"}],"wp:attachment":[{"href":"https:\/\/www.wheelchairbasketball.ca\/fr\/wp-json\/wp\/v2\/media?parent=7972"}],"curies":[{"name":"wp","href":"https:\/\/api.w.org\/{rel}","templated":true}]}}