{"id":7974,"date":"2017-05-17T16:26:53","date_gmt":"2017-05-17T16:26:53","guid":{"rendered":"https:\/\/www.wheelchairbasketball.ca\/?page_id=7974"},"modified":"2017-06-06T22:38:13","modified_gmt":"2017-06-06T22:38:13","slug":"allemagne","status":"publish","type":"page","link":"https:\/\/www.wheelchairbasketball.ca\/fr\/2017u23wwbc\/equipes\/allemagne\/","title":{"rendered":"Allemagne"},"content":{"rendered":"<p><img loading=\"lazy\" decoding=\"async\" class=\"alignleft wp-image-7927 size-thumbnail\" src=\"https:\/\/www.wheelchairbasketball.ca\/wp-content\/uploads\/2017\/05\/germany-150x150.png\" alt=\"\" width=\"150\" height=\"150\" \/><\/p>\n<p>L\u2019\u00e9quipe nationale allemande masculine des moins de 23 ans arrive au Championnat du monde masculin des moins de 23 ans 2017 sur une note positive. \u00c0 titre de championne du monde en titre de 2013, l\u2019Allemagne est l\u2019une des \u00e9quipes \u00e0 battre \u00e0 Toronto.<\/p>\n<p>L\u2019Allemagne n\u2019a connu du succ\u00e8s sur le podium qu\u2019une seule fois aux derniers championnats du monde pour les hommes juniors. Apr\u00e8s s\u2019\u00eatre qualifi\u00e9s gr\u00e2ce \u00e0 une m\u00e9daille de bronze au Championnat europ\u00e9en des moins de 22\u00a0ans 2017, les Allemands devront travailler dur pour d\u00e9fendre leur titre.<\/p>\n<h4>Histoire au Championnat du monde<\/h4>\n<ul>\n<li>2013 \u2013 Adana, Turquie\u00a0\u2013\u00a0Or<\/li>\n<li>2005 \u2013 Birmingham, Grande-Bretagne \u2013 5e place<\/li>\n<li>2001 \u2013 Blumenau, Br\u00e9sil \u2013 5e place<\/li>\n<li>1997 \u2013 Toronto, Canada \u2013 4e place<\/li>\n<\/ul>\n<h4><strong>Formation de l&rsquo;equipe<\/strong><\/h4>\n<table width=\"488\">\n<tbody>\n<tr>\n<td width=\"35\">\n<h6>No.<\/h6>\n<\/td>\n<td width=\"115\">\n<h6>Nom<\/h6>\n<\/td>\n<td width=\"70\">\n<h6>Cat\u00e9g.<\/h6>\n<\/td>\n<td width=\"109\">\n<h6>Date de naissance<\/h6>\n<\/td>\n<td width=\"160\">\n<h6>Ville d\u2019origine<\/h6>\n<\/td>\n<\/tr>\n<tr>\n<td width=\"35\">4<\/td>\n<td width=\"115\">Oliver Jantz<\/td>\n<td width=\"70\">2.0<\/td>\n<td width=\"109\">18-Feb-1998<\/td>\n<td width=\"160\">Koldenb\u00fcttel<\/td>\n<\/tr>\n<tr>\n<td width=\"35\">5<\/td>\n<td width=\"115\">Dominik Vogt<\/td>\n<td width=\"70\">2.5<\/td>\n<td width=\"109\">03-Jul-1996<\/td>\n<td width=\"160\">W\u00fcstenrot<\/td>\n<\/tr>\n<tr>\n<td width=\"35\">6<\/td>\n<td width=\"115\">Marcel Gerber<\/td>\n<td width=\"70\">2.5<\/td>\n<td width=\"109\">31-Dec-1996<\/td>\n<td width=\"160\">Bonn<\/td>\n<\/tr>\n<tr>\n<td width=\"35\">7<\/td>\n<td width=\"115\">Christopher Huber<\/td>\n<td width=\"70\">1.0<\/td>\n<td width=\"109\">09-Oct-1995<\/td>\n<td width=\"160\">Rockenberg<\/td>\n<\/tr>\n<tr>\n<td width=\"35\">8<\/td>\n<td width=\"115\">Lukas Jung<\/td>\n<td width=\"70\">1.0<\/td>\n<td width=\"109\">26-May-1995<\/td>\n<td width=\"160\">Rathsweiler<\/td>\n<\/tr>\n<tr>\n<td width=\"35\">9<\/td>\n<td width=\"115\">Urs Rechtsteiner<\/td>\n<td width=\"70\">2.0<\/td>\n<td width=\"109\">19-Aug-1999<\/td>\n<td width=\"160\">Ulm<\/td>\n<\/tr>\n<tr>\n<td width=\"35\">10<\/td>\n<td width=\"115\">Patrick Dorner<\/td>\n<td width=\"70\">3.5<\/td>\n<td width=\"109\">06-Aug-1998<\/td>\n<td width=\"160\">Amstetten<\/td>\n<\/tr>\n<tr>\n<td width=\"35\">11<\/td>\n<td width=\"115\">Alexander Budde<\/td>\n<td width=\"70\">3.5<\/td>\n<td width=\"109\">20-Apr-2000<\/td>\n<td width=\"160\">Hannover<\/td>\n<\/tr>\n<tr>\n<td width=\"35\">12<\/td>\n<td width=\"115\">Nico Dreim\u00fcller<\/td>\n<td width=\"70\">2.0<\/td>\n<td width=\"109\">10-Dec-1997<\/td>\n<td width=\"160\">Frankfurt<\/td>\n<\/tr>\n<tr>\n<td width=\"35\">13<\/td>\n<td width=\"115\">Leon Ole Sch\u00f6neberg<\/td>\n<td width=\"70\">4.5<\/td>\n<td width=\"109\">24-Dec-1996<\/td>\n<td width=\"160\">T\u00fcbingen<\/td>\n<\/tr>\n<tr>\n<td width=\"35\">14<\/td>\n<td width=\"115\">Matthias G\u00fcntner<\/td>\n<td width=\"70\">4.5<\/td>\n<td width=\"109\">10-Nov-1998<\/td>\n<td width=\"160\">Vallendar<\/td>\n<\/tr>\n<tr>\n<td width=\"35\">15<\/td>\n<td width=\"115\">Marvin Malsy<\/td>\n<td width=\"70\">3.0<\/td>\n<td width=\"109\">29-Apr-1997<\/td>\n<td width=\"160\">Erfurt<\/td>\n<\/tr>\n<\/tbody>\n<\/table>\n<div class=\"page\" title=\"Page 26\">\n<div class=\"section\">\n<div class=\"layoutArea\">\n<div class=\"column\">\n<p><strong>Entra\u00eeneurs et personnel:<\/strong> Head Coach : Peter Richarz \/ Assistant Coach : Benjamin Ryklin \/ Manager : Gu\u0308nther Mayer \/ Doctor : Dr. Petra Michel-Leutheuser \/ Physiotherapist : Uwe Geiselmann \/ Mechanic : Wolfgang Bo\u0308hme \/ Staff : Jutta Retzer<\/p>\n<\/div>\n<\/div>\n<\/div>\n<\/div>\n","protected":false},"excerpt":{"rendered":"L\u2019\u00e9quipe nationale allemande masculine des moins de 23 ans arrive au Championnat du monde masculin des moins de 23 ans 2017 sur une note positive. \u00c0 titre de championne du monde en titre de 2013, l\u2019Allemagne est l\u2019une des \u00e9quipes \u00e0 battre \u00e0 Toronto. L\u2019Allemagne n\u2019a connu du succ\u00e8s sur le podium qu\u2019une seule fois [&hellip;]","protected":false},"author":7,"featured_media":0,"parent":6897,"menu_order":1,"comment_status":"closed","ping_status":"closed","template":"page-wwbc.php","meta":{"om_disable_all_campaigns":false,"_monsterinsights_skip_tracking":false,"_monsterinsights_sitenote_active":false,"_monsterinsights_sitenote_note":"","_monsterinsights_sitenote_category":0,"footnotes":""},"acf":[],"yoast_head":"<!-- This site is optimized with the Yoast SEO plugin v21.9.1 - https:\/\/yoast.com\/wordpress\/plugins\/seo\/ -->\n<title>Allemagne - Wheelchair Basketball Canada<\/title>\n<meta name=\"robots\" content=\"index, follow, max-snippet:-1, max-image-preview:large, max-video-preview:-1\" \/>\n<link rel=\"canonical\" href=\"https:\/\/www.wheelchairbasketball.ca\/fr\/2017u23wwbc\/equipes\/allemagne\/\" \/>\n<meta property=\"og:locale\" content=\"fr_FR\" \/>\n<meta property=\"og:type\" content=\"article\" \/>\n<meta property=\"og:title\" content=\"Allemagne - Wheelchair Basketball Canada\" \/>\n<meta property=\"og:description\" content=\"L\u2019\u00e9quipe nationale allemande masculine des moins de 23 ans arrive au Championnat du monde masculin des moins de 23 ans 2017 sur une note positive. \u00c0 titre de championne du monde en titre de 2013, l\u2019Allemagne est l\u2019une des \u00e9quipes \u00e0 battre \u00e0 Toronto. L\u2019Allemagne n\u2019a connu du succ\u00e8s sur le podium qu\u2019une seule fois [&hellip;]\" \/>\n<meta property=\"og:url\" content=\"https:\/\/www.wheelchairbasketball.ca\/fr\/2017u23wwbc\/equipes\/allemagne\/\" \/>\n<meta property=\"og:site_name\" content=\"Wheelchair Basketball Canada\" \/>\n<meta property=\"article:publisher\" content=\"http:\/\/www.facebook.com\/wheelchairbasketball\" \/>\n<meta property=\"article:modified_time\" content=\"2017-06-06T22:38:13+00:00\" \/>\n<meta property=\"og:image\" content=\"https:\/\/www.wheelchairbasketball.ca\/wp-content\/uploads\/2017\/05\/germany-150x150.png\" \/>\n<meta name=\"twitter:card\" content=\"summary_large_image\" \/>\n<meta name=\"twitter:site\" content=\"@WCBballCanada\" \/>\n<meta name=\"twitter:label1\" content=\"Dur\u00e9e de lecture estim\u00e9e\" \/>\n\t<meta name=\"twitter:data1\" content=\"1 minute\" \/>\n<script type=\"application\/ld+json\" class=\"yoast-schema-graph\">{\"@context\":\"https:\/\/schema.org\",\"@graph\":[{\"@type\":\"WebPage\",\"@id\":\"https:\/\/www.wheelchairbasketball.ca\/fr\/2017u23wwbc\/equipes\/allemagne\/\",\"url\":\"https:\/\/www.wheelchairbasketball.ca\/fr\/2017u23wwbc\/equipes\/allemagne\/\",\"name\":\"Allemagne - Wheelchair Basketball Canada\",\"isPartOf\":{\"@id\":\"https:\/\/www.wheelchairbasketball.ca\/#website\"},\"datePublished\":\"2017-05-17T16:26:53+00:00\",\"dateModified\":\"2017-06-06T22:38:13+00:00\",\"breadcrumb\":{\"@id\":\"https:\/\/www.wheelchairbasketball.ca\/fr\/2017u23wwbc\/equipes\/allemagne\/#breadcrumb\"},\"inLanguage\":\"fr-FR\",\"potentialAction\":[{\"@type\":\"ReadAction\",\"target\":[\"https:\/\/www.wheelchairbasketball.ca\/fr\/2017u23wwbc\/equipes\/allemagne\/\"]}]},{\"@type\":\"BreadcrumbList\",\"@id\":\"https:\/\/www.wheelchairbasketball.ca\/fr\/2017u23wwbc\/equipes\/allemagne\/#breadcrumb\",\"itemListElement\":[{\"@type\":\"ListItem\",\"position\":1,\"name\":\"Home\",\"item\":\"https:\/\/www.wheelchairbasketball.ca\/fr\/\"},{\"@type\":\"ListItem\",\"position\":2,\"name\":\"2017u23wwbc\",\"item\":\"https:\/\/www.wheelchairbasketball.ca\/fr\/2017u23wwbc\/\"},{\"@type\":\"ListItem\",\"position\":3,\"name\":\"\u00c9quipes\",\"item\":\"https:\/\/www.wheelchairbasketball.ca\/fr\/2017u23wwbc\/equipes\/\"},{\"@type\":\"ListItem\",\"position\":4,\"name\":\"Allemagne\"}]},{\"@type\":\"WebSite\",\"@id\":\"https:\/\/www.wheelchairbasketball.ca\/#website\",\"url\":\"https:\/\/www.wheelchairbasketball.ca\/\",\"name\":\"Wheelchair Basketball Canada\",\"description\":\"Real Life. Real Sport.\",\"potentialAction\":[{\"@type\":\"SearchAction\",\"target\":{\"@type\":\"EntryPoint\",\"urlTemplate\":\"https:\/\/www.wheelchairbasketball.ca\/?s={search_term_string}\"},\"query-input\":\"required name=search_term_string\"}],\"inLanguage\":\"fr-FR\"}]}<\/script>\n<!-- \/ Yoast SEO plugin. -->","yoast_head_json":{"title":"Allemagne - Wheelchair Basketball Canada","robots":{"index":"index","follow":"follow","max-snippet":"max-snippet:-1","max-image-preview":"max-image-preview:large","max-video-preview":"max-video-preview:-1"},"canonical":"https:\/\/www.wheelchairbasketball.ca\/fr\/2017u23wwbc\/equipes\/allemagne\/","og_locale":"fr_FR","og_type":"article","og_title":"Allemagne - Wheelchair Basketball Canada","og_description":"L\u2019\u00e9quipe nationale allemande masculine des moins de 23 ans arrive au Championnat du monde masculin des moins de 23 ans 2017 sur une note positive. \u00c0 titre de championne du monde en titre de 2013, l\u2019Allemagne est l\u2019une des \u00e9quipes \u00e0 battre \u00e0 Toronto. L\u2019Allemagne n\u2019a connu du succ\u00e8s sur le podium qu\u2019une seule fois [&hellip;]","og_url":"https:\/\/www.wheelchairbasketball.ca\/fr\/2017u23wwbc\/equipes\/allemagne\/","og_site_name":"Wheelchair Basketball Canada","article_publisher":"http:\/\/www.facebook.com\/wheelchairbasketball","article_modified_time":"2017-06-06T22:38:13+00:00","og_image":[{"url":"https:\/\/www.wheelchairbasketball.ca\/wp-content\/uploads\/2017\/05\/germany-150x150.png"}],"twitter_card":"summary_large_image","twitter_site":"@WCBballCanada","twitter_misc":{"Dur\u00e9e de lecture estim\u00e9e":"1 minute"},"schema":{"@context":"https:\/\/schema.org","@graph":[{"@type":"WebPage","@id":"https:\/\/www.wheelchairbasketball.ca\/fr\/2017u23wwbc\/equipes\/allemagne\/","url":"https:\/\/www.wheelchairbasketball.ca\/fr\/2017u23wwbc\/equipes\/allemagne\/","name":"Allemagne - Wheelchair Basketball Canada","isPartOf":{"@id":"https:\/\/www.wheelchairbasketball.ca\/#website"},"datePublished":"2017-05-17T16:26:53+00:00","dateModified":"2017-06-06T22:38:13+00:00","breadcrumb":{"@id":"https:\/\/www.wheelchairbasketball.ca\/fr\/2017u23wwbc\/equipes\/allemagne\/#breadcrumb"},"inLanguage":"fr-FR","potentialAction":[{"@type":"ReadAction","target":["https:\/\/www.wheelchairbasketball.ca\/fr\/2017u23wwbc\/equipes\/allemagne\/"]}]},{"@type":"BreadcrumbList","@id":"https:\/\/www.wheelchairbasketball.ca\/fr\/2017u23wwbc\/equipes\/allemagne\/#breadcrumb","itemListElement":[{"@type":"ListItem","position":1,"name":"Home","item":"https:\/\/www.wheelchairbasketball.ca\/fr\/"},{"@type":"ListItem","position":2,"name":"2017u23wwbc","item":"https:\/\/www.wheelchairbasketball.ca\/fr\/2017u23wwbc\/"},{"@type":"ListItem","position":3,"name":"\u00c9quipes","item":"https:\/\/www.wheelchairbasketball.ca\/fr\/2017u23wwbc\/equipes\/"},{"@type":"ListItem","position":4,"name":"Allemagne"}]},{"@type":"WebSite","@id":"https:\/\/www.wheelchairbasketball.ca\/#website","url":"https:\/\/www.wheelchairbasketball.ca\/","name":"Wheelchair Basketball Canada","description":"Real Life. Real Sport.","potentialAction":[{"@type":"SearchAction","target":{"@type":"EntryPoint","urlTemplate":"https:\/\/www.wheelchairbasketball.ca\/?s={search_term_string}"},"query-input":"required name=search_term_string"}],"inLanguage":"fr-FR"}]}},"_links":{"self":[{"href":"https:\/\/www.wheelchairbasketball.ca\/fr\/wp-json\/wp\/v2\/pages\/7974"}],"collection":[{"href":"https:\/\/www.wheelchairbasketball.ca\/fr\/wp-json\/wp\/v2\/pages"}],"about":[{"href":"https:\/\/www.wheelchairbasketball.ca\/fr\/wp-json\/wp\/v2\/types\/page"}],"author":[{"embeddable":true,"href":"https:\/\/www.wheelchairbasketball.ca\/fr\/wp-json\/wp\/v2\/users\/7"}],"replies":[{"embeddable":true,"href":"https:\/\/www.wheelchairbasketball.ca\/fr\/wp-json\/wp\/v2\/comments?post=7974"}],"version-history":[{"count":4,"href":"https:\/\/www.wheelchairbasketball.ca\/fr\/wp-json\/wp\/v2\/pages\/7974\/revisions"}],"predecessor-version":[{"id":8132,"href":"https:\/\/www.wheelchairbasketball.ca\/fr\/wp-json\/wp\/v2\/pages\/7974\/revisions\/8132"}],"up":[{"embeddable":true,"href":"https:\/\/www.wheelchairbasketball.ca\/fr\/wp-json\/wp\/v2\/pages\/6897"}],"wp:attachment":[{"href":"https:\/\/www.wheelchairbasketball.ca\/fr\/wp-json\/wp\/v2\/media?parent=7974"}],"curies":[{"name":"wp","href":"https:\/\/api.w.org\/{rel}","templated":true}]}}