{"id":7976,"date":"2017-05-17T17:22:27","date_gmt":"2017-05-17T17:22:27","guid":{"rendered":"https:\/\/www.wheelchairbasketball.ca\/?page_id=7976"},"modified":"2017-06-07T18:51:44","modified_gmt":"2017-06-07T18:51:44","slug":"grande-bretagne","status":"publish","type":"page","link":"https:\/\/www.wheelchairbasketball.ca\/fr\/2017u23wwbc\/equipes\/grande-bretagne\/","title":{"rendered":"Grande-Bretagne"},"content":{"rendered":"<p><img loading=\"lazy\" decoding=\"async\" class=\"alignleft wp-image-7933 size-thumbnail\" src=\"https:\/\/www.wheelchairbasketball.ca\/wp-content\/uploads\/2017\/05\/united-kingdom-150x150.png\" alt=\"\" width=\"150\" height=\"150\" \/><\/p>\n<p>L\u2019\u00e9quipe nationale britannique masculine des moins de 23 ans a lutt\u00e9 pour obtenir un classement en quatri\u00e8me place aux trois derniers Championnats du monde pour les hommes junior, y compris en 2005, en sol britannique, \u00e0 Birmingham, en Grande-Bretagne. Compte tenu de classements cons\u00e9cutifs ratant de justesse une m\u00e9daille, la Grande-Bretagne est \u00e0 la recherche de son premier classement digne du podium au Championnat du monde et cherchera \u00e0 faire concurrence en 2017.<\/p>\n<h4>Histoire au Championnat du monde<\/h4>\n<ul>\n<li>2013 \u2013 Adana, Turquie \u2013 4e place<\/li>\n<li>2005 \u2013 Birmingham, Grande-Bretagne \u2013 4e place<\/li>\n<li>2001 \u2013 Blumenau, Br\u00e9sil \u2013 4e place<\/li>\n<li>1997 \u2013 Toronto, Canada \u2013 5e place<\/li>\n<\/ul>\n<h4><strong>Formation de l&rsquo;equipe<\/strong><\/h4>\n<table>\n<tbody>\n<tr>\n<td width=\"35\">\n<h6>No.<\/h6>\n<\/td>\n<td width=\"108\">\n<h6>Nom<\/h6>\n<\/td>\n<td width=\"62\">\n<h6>Cat\u00e9g.<\/h6>\n<\/td>\n<td width=\"106\">\n<h6>Date de naissance<\/h6>\n<\/td>\n<td width=\"151\">\n<h6>Ville d\u2019origine<\/h6>\n<\/td>\n<\/tr>\n<tr>\n<td width=\"35\">4<\/td>\n<td width=\"108\">James Palmer<\/td>\n<td width=\"62\">1.0<\/td>\n<td width=\"106\">23-Apr-1997<\/td>\n<td width=\"151\">Chelmsford, England<\/td>\n<\/tr>\n<tr>\n<td width=\"35\">5<\/td>\n<td width=\"108\">Jake Robinson<\/td>\n<td width=\"62\">1.5<\/td>\n<td width=\"106\">15-Jul-1997<\/td>\n<td width=\"151\">Kettering, England<\/td>\n<\/tr>\n<tr>\n<td width=\"35\">6<\/td>\n<td width=\"108\">Jack Perry<\/td>\n<td width=\"62\">4.5<\/td>\n<td width=\"106\">3-Dec-1995<\/td>\n<td width=\"151\">Cambridge, England<\/td>\n<\/tr>\n<tr>\n<td width=\"35\">7<\/td>\n<td width=\"108\">Lee Fryer<\/td>\n<td width=\"62\">4.5<\/td>\n<td width=\"106\">23-Mar-2000<\/td>\n<td width=\"151\">Nr Pontefract, England<\/td>\n<\/tr>\n<tr>\n<td width=\"35\">8<\/td>\n<td width=\"108\">Billy Bridge<\/td>\n<td width=\"62\">3.0<\/td>\n<td width=\"106\">8-Aug-1995<\/td>\n<td width=\"151\">Ellesmere Port, England<\/td>\n<\/tr>\n<tr>\n<td width=\"35\">9<\/td>\n<td width=\"108\">Ben Fox<\/td>\n<td width=\"62\">3.5<\/td>\n<td width=\"106\">16-Aug-1995<\/td>\n<td width=\"151\">Swindon, England<\/td>\n<\/tr>\n<tr>\n<td width=\"35\">10<\/td>\n<td width=\"108\">Lewis Edwards<\/td>\n<td width=\"62\">3.0<\/td>\n<td width=\"106\">6-Jul-1998<\/td>\n<td width=\"151\">Littlehampton, England<\/td>\n<\/tr>\n<tr>\n<td width=\"35\">11<\/td>\n<td width=\"108\">Samuel Mack<\/td>\n<td width=\"62\">2.0<\/td>\n<td width=\"106\">3-Jan-1998<\/td>\n<td width=\"151\">Norwich, England<\/td>\n<\/tr>\n<tr>\n<td width=\"35\">12<\/td>\n<td width=\"108\">Gregg Warburton<\/td>\n<td width=\"62\">2.0<\/td>\n<td width=\"106\">19-Nov-1996<\/td>\n<td width=\"151\">Leigh, England<\/td>\n<\/tr>\n<tr>\n<td width=\"35\">13<\/td>\n<td width=\"108\">Peter Cusack<\/td>\n<td width=\"62\">3.5<\/td>\n<td width=\"106\">9-Apr-1999<\/td>\n<td width=\"151\">Coventry, England<\/td>\n<\/tr>\n<tr>\n<td width=\"35\">14<\/td>\n<td width=\"108\">James Macsorley<\/td>\n<td width=\"62\">2.0<\/td>\n<td width=\"106\">13-Feb-1995<\/td>\n<td width=\"151\">Belfast, Northern Ireland<\/td>\n<\/tr>\n<tr>\n<td width=\"35\">15<\/td>\n<td width=\"108\">Nathaniel Pattinson<\/td>\n<td width=\"62\">3.5<\/td>\n<td width=\"106\">31-Jan-1996<\/td>\n<td width=\"151\">Carlisle, England<\/td>\n<\/tr>\n<\/tbody>\n<\/table>\n<div class=\"page\" title=\"Page 27\">\n<div class=\"section\">\n<div class=\"layoutArea\">\n<div class=\"column\">\n<p><strong>Entra\u00eeneurs et personnel:<\/strong> Head Coach : Scott Wallace \/ Assistant Coach : Peter Finbow \/ Manager : Philip Robinson \/ Physiotherapist : Rachel Spanner<\/p>\n<\/div>\n<\/div>\n<\/div>\n<\/div>\n","protected":false},"excerpt":{"rendered":"L\u2019\u00e9quipe nationale britannique masculine des moins de 23 ans a lutt\u00e9 pour obtenir un classement en quatri\u00e8me place aux trois derniers Championnats du monde pour les hommes junior, y compris en 2005, en sol britannique, \u00e0 Birmingham, en Grande-Bretagne. Compte tenu de classements cons\u00e9cutifs ratant de justesse une m\u00e9daille, la Grande-Bretagne est \u00e0 la recherche [&hellip;]","protected":false},"author":7,"featured_media":0,"parent":6897,"menu_order":2,"comment_status":"closed","ping_status":"closed","template":"page-wwbc.php","meta":{"om_disable_all_campaigns":false,"_monsterinsights_skip_tracking":false,"_monsterinsights_sitenote_active":false,"_monsterinsights_sitenote_note":"","_monsterinsights_sitenote_category":0,"footnotes":""},"acf":[],"yoast_head":"<!-- This site is optimized with the Yoast SEO plugin v21.9.1 - https:\/\/yoast.com\/wordpress\/plugins\/seo\/ -->\n<title>Grande-Bretagne - Wheelchair Basketball Canada<\/title>\n<meta name=\"robots\" content=\"index, follow, max-snippet:-1, max-image-preview:large, max-video-preview:-1\" \/>\n<link rel=\"canonical\" href=\"https:\/\/www.wheelchairbasketball.ca\/fr\/2017u23wwbc\/equipes\/grande-bretagne\/\" \/>\n<meta property=\"og:locale\" content=\"fr_FR\" \/>\n<meta property=\"og:type\" content=\"article\" \/>\n<meta property=\"og:title\" content=\"Grande-Bretagne - Wheelchair Basketball Canada\" \/>\n<meta property=\"og:description\" content=\"L\u2019\u00e9quipe nationale britannique masculine des moins de 23 ans a lutt\u00e9 pour obtenir un classement en quatri\u00e8me place aux trois derniers Championnats du monde pour les hommes junior, y compris en 2005, en sol britannique, \u00e0 Birmingham, en Grande-Bretagne. Compte tenu de classements cons\u00e9cutifs ratant de justesse une m\u00e9daille, la Grande-Bretagne est \u00e0 la recherche [&hellip;]\" \/>\n<meta property=\"og:url\" content=\"https:\/\/www.wheelchairbasketball.ca\/fr\/2017u23wwbc\/equipes\/grande-bretagne\/\" \/>\n<meta property=\"og:site_name\" content=\"Wheelchair Basketball Canada\" \/>\n<meta property=\"article:publisher\" content=\"http:\/\/www.facebook.com\/wheelchairbasketball\" \/>\n<meta property=\"article:modified_time\" content=\"2017-06-07T18:51:44+00:00\" \/>\n<meta property=\"og:image\" content=\"https:\/\/www.wheelchairbasketball.ca\/wp-content\/uploads\/2017\/05\/united-kingdom-150x150.png\" \/>\n<meta name=\"twitter:card\" content=\"summary_large_image\" \/>\n<meta name=\"twitter:site\" content=\"@WCBballCanada\" \/>\n<meta name=\"twitter:label1\" content=\"Dur\u00e9e de lecture estim\u00e9e\" \/>\n\t<meta name=\"twitter:data1\" content=\"1 minute\" \/>\n<script type=\"application\/ld+json\" class=\"yoast-schema-graph\">{\"@context\":\"https:\/\/schema.org\",\"@graph\":[{\"@type\":\"WebPage\",\"@id\":\"https:\/\/www.wheelchairbasketball.ca\/fr\/2017u23wwbc\/equipes\/grande-bretagne\/\",\"url\":\"https:\/\/www.wheelchairbasketball.ca\/fr\/2017u23wwbc\/equipes\/grande-bretagne\/\",\"name\":\"Grande-Bretagne - Wheelchair Basketball Canada\",\"isPartOf\":{\"@id\":\"https:\/\/www.wheelchairbasketball.ca\/#website\"},\"datePublished\":\"2017-05-17T17:22:27+00:00\",\"dateModified\":\"2017-06-07T18:51:44+00:00\",\"breadcrumb\":{\"@id\":\"https:\/\/www.wheelchairbasketball.ca\/fr\/2017u23wwbc\/equipes\/grande-bretagne\/#breadcrumb\"},\"inLanguage\":\"fr-FR\",\"potentialAction\":[{\"@type\":\"ReadAction\",\"target\":[\"https:\/\/www.wheelchairbasketball.ca\/fr\/2017u23wwbc\/equipes\/grande-bretagne\/\"]}]},{\"@type\":\"BreadcrumbList\",\"@id\":\"https:\/\/www.wheelchairbasketball.ca\/fr\/2017u23wwbc\/equipes\/grande-bretagne\/#breadcrumb\",\"itemListElement\":[{\"@type\":\"ListItem\",\"position\":1,\"name\":\"Home\",\"item\":\"https:\/\/www.wheelchairbasketball.ca\/fr\/\"},{\"@type\":\"ListItem\",\"position\":2,\"name\":\"2017u23wwbc\",\"item\":\"https:\/\/www.wheelchairbasketball.ca\/fr\/2017u23wwbc\/\"},{\"@type\":\"ListItem\",\"position\":3,\"name\":\"\u00c9quipes\",\"item\":\"https:\/\/www.wheelchairbasketball.ca\/fr\/2017u23wwbc\/equipes\/\"},{\"@type\":\"ListItem\",\"position\":4,\"name\":\"Grande-Bretagne\"}]},{\"@type\":\"WebSite\",\"@id\":\"https:\/\/www.wheelchairbasketball.ca\/#website\",\"url\":\"https:\/\/www.wheelchairbasketball.ca\/\",\"name\":\"Wheelchair Basketball Canada\",\"description\":\"Real Life. Real Sport.\",\"potentialAction\":[{\"@type\":\"SearchAction\",\"target\":{\"@type\":\"EntryPoint\",\"urlTemplate\":\"https:\/\/www.wheelchairbasketball.ca\/?s={search_term_string}\"},\"query-input\":\"required name=search_term_string\"}],\"inLanguage\":\"fr-FR\"}]}<\/script>\n<!-- \/ Yoast SEO plugin. -->","yoast_head_json":{"title":"Grande-Bretagne - Wheelchair Basketball Canada","robots":{"index":"index","follow":"follow","max-snippet":"max-snippet:-1","max-image-preview":"max-image-preview:large","max-video-preview":"max-video-preview:-1"},"canonical":"https:\/\/www.wheelchairbasketball.ca\/fr\/2017u23wwbc\/equipes\/grande-bretagne\/","og_locale":"fr_FR","og_type":"article","og_title":"Grande-Bretagne - Wheelchair Basketball Canada","og_description":"L\u2019\u00e9quipe nationale britannique masculine des moins de 23 ans a lutt\u00e9 pour obtenir un classement en quatri\u00e8me place aux trois derniers Championnats du monde pour les hommes junior, y compris en 2005, en sol britannique, \u00e0 Birmingham, en Grande-Bretagne. Compte tenu de classements cons\u00e9cutifs ratant de justesse une m\u00e9daille, la Grande-Bretagne est \u00e0 la recherche [&hellip;]","og_url":"https:\/\/www.wheelchairbasketball.ca\/fr\/2017u23wwbc\/equipes\/grande-bretagne\/","og_site_name":"Wheelchair Basketball Canada","article_publisher":"http:\/\/www.facebook.com\/wheelchairbasketball","article_modified_time":"2017-06-07T18:51:44+00:00","og_image":[{"url":"https:\/\/www.wheelchairbasketball.ca\/wp-content\/uploads\/2017\/05\/united-kingdom-150x150.png"}],"twitter_card":"summary_large_image","twitter_site":"@WCBballCanada","twitter_misc":{"Dur\u00e9e de lecture estim\u00e9e":"1 minute"},"schema":{"@context":"https:\/\/schema.org","@graph":[{"@type":"WebPage","@id":"https:\/\/www.wheelchairbasketball.ca\/fr\/2017u23wwbc\/equipes\/grande-bretagne\/","url":"https:\/\/www.wheelchairbasketball.ca\/fr\/2017u23wwbc\/equipes\/grande-bretagne\/","name":"Grande-Bretagne - Wheelchair Basketball Canada","isPartOf":{"@id":"https:\/\/www.wheelchairbasketball.ca\/#website"},"datePublished":"2017-05-17T17:22:27+00:00","dateModified":"2017-06-07T18:51:44+00:00","breadcrumb":{"@id":"https:\/\/www.wheelchairbasketball.ca\/fr\/2017u23wwbc\/equipes\/grande-bretagne\/#breadcrumb"},"inLanguage":"fr-FR","potentialAction":[{"@type":"ReadAction","target":["https:\/\/www.wheelchairbasketball.ca\/fr\/2017u23wwbc\/equipes\/grande-bretagne\/"]}]},{"@type":"BreadcrumbList","@id":"https:\/\/www.wheelchairbasketball.ca\/fr\/2017u23wwbc\/equipes\/grande-bretagne\/#breadcrumb","itemListElement":[{"@type":"ListItem","position":1,"name":"Home","item":"https:\/\/www.wheelchairbasketball.ca\/fr\/"},{"@type":"ListItem","position":2,"name":"2017u23wwbc","item":"https:\/\/www.wheelchairbasketball.ca\/fr\/2017u23wwbc\/"},{"@type":"ListItem","position":3,"name":"\u00c9quipes","item":"https:\/\/www.wheelchairbasketball.ca\/fr\/2017u23wwbc\/equipes\/"},{"@type":"ListItem","position":4,"name":"Grande-Bretagne"}]},{"@type":"WebSite","@id":"https:\/\/www.wheelchairbasketball.ca\/#website","url":"https:\/\/www.wheelchairbasketball.ca\/","name":"Wheelchair Basketball Canada","description":"Real Life. Real Sport.","potentialAction":[{"@type":"SearchAction","target":{"@type":"EntryPoint","urlTemplate":"https:\/\/www.wheelchairbasketball.ca\/?s={search_term_string}"},"query-input":"required name=search_term_string"}],"inLanguage":"fr-FR"}]}},"_links":{"self":[{"href":"https:\/\/www.wheelchairbasketball.ca\/fr\/wp-json\/wp\/v2\/pages\/7976"}],"collection":[{"href":"https:\/\/www.wheelchairbasketball.ca\/fr\/wp-json\/wp\/v2\/pages"}],"about":[{"href":"https:\/\/www.wheelchairbasketball.ca\/fr\/wp-json\/wp\/v2\/types\/page"}],"author":[{"embeddable":true,"href":"https:\/\/www.wheelchairbasketball.ca\/fr\/wp-json\/wp\/v2\/users\/7"}],"replies":[{"embeddable":true,"href":"https:\/\/www.wheelchairbasketball.ca\/fr\/wp-json\/wp\/v2\/comments?post=7976"}],"version-history":[{"count":6,"href":"https:\/\/www.wheelchairbasketball.ca\/fr\/wp-json\/wp\/v2\/pages\/7976\/revisions"}],"predecessor-version":[{"id":8188,"href":"https:\/\/www.wheelchairbasketball.ca\/fr\/wp-json\/wp\/v2\/pages\/7976\/revisions\/8188"}],"up":[{"embeddable":true,"href":"https:\/\/www.wheelchairbasketball.ca\/fr\/wp-json\/wp\/v2\/pages\/6897"}],"wp:attachment":[{"href":"https:\/\/www.wheelchairbasketball.ca\/fr\/wp-json\/wp\/v2\/media?parent=7976"}],"curies":[{"name":"wp","href":"https:\/\/api.w.org\/{rel}","templated":true}]}}