{"id":7981,"date":"2017-05-17T17:31:01","date_gmt":"2017-05-17T17:31:01","guid":{"rendered":"https:\/\/www.wheelchairbasketball.ca\/?page_id=7981"},"modified":"2017-06-06T22:46:36","modified_gmt":"2017-06-06T22:46:36","slug":"italie","status":"publish","type":"page","link":"https:\/\/www.wheelchairbasketball.ca\/fr\/2017u23wwbc\/equipes\/italie\/","title":{"rendered":"Italie"},"content":{"rendered":"<p><strong>\u00a0<img loading=\"lazy\" decoding=\"async\" class=\"alignleft wp-image-7931 size-thumbnail\" src=\"https:\/\/www.wheelchairbasketball.ca\/wp-content\/uploads\/2017\/05\/italy-150x150.png\" alt=\"\" width=\"150\" height=\"150\" \/><\/strong>Les Italiens de moins de 23 ans n\u2019ont concouru qu\u2019\u00e0 un seul Championnat du monde pr\u00e9c\u00e9dent, o\u00f9 ils ont lutt\u00e9 pour une huiti\u00e8me place en 2013. Apr\u00e8s s\u2019\u00eatre class\u00e9e au quatri\u00e8me rang au tournoi de qualification europ\u00e9en des moins de 23 ans 2017, l\u2019Italie cherchera \u00e0 am\u00e9liorer son classement au Championnat du monde masculin des moins de 23 ans 2017.<\/p>\n<h4>Histoire au Championnat du monde<\/h4>\n<ul>\n<li>2013 \u2013 Adana, Turquie \u2013 8e place<\/li>\n<\/ul>\n<h4><strong>Formation de l&rsquo;equipe<\/strong><\/h4>\n<table width=\"480\">\n<tbody>\n<tr>\n<td width=\"35\">\n<h6>No.<\/h6>\n<\/td>\n<td width=\"112\">\n<h6>Nom<\/h6>\n<\/td>\n<td width=\"61\">\n<h6>Cat\u00e9g.<\/h6>\n<\/td>\n<td width=\"115\">\n<h6>Date de naissance<\/h6>\n<\/td>\n<td width=\"157\">\n<h6>Ville d\u2019origine<\/h6>\n<\/td>\n<\/tr>\n<tr>\n<td width=\"35\">4<\/td>\n<td width=\"112\">Dario Di Francesco<\/td>\n<td width=\"61\">3.0<\/td>\n<td width=\"115\">24-Aug-1995<\/td>\n<td width=\"157\">Roma<\/td>\n<\/tr>\n<tr>\n<td width=\"35\">5<\/td>\n<td width=\"112\">Alessandro Nava<\/td>\n<td width=\"61\">2.5<\/td>\n<td width=\"115\">03-Jun-1996<\/td>\n<td width=\"157\">Lecco<\/td>\n<\/tr>\n<tr>\n<td width=\"35\">6<\/td>\n<td width=\"112\">Mattia Scandolaro<\/td>\n<td width=\"61\">2.5<\/td>\n<td width=\"115\">07-Jun-2000<\/td>\n<td width=\"157\">Padova<\/td>\n<\/tr>\n<tr>\n<td width=\"35\">7<\/td>\n<td width=\"112\">Alessio Torquati<\/td>\n<td width=\"61\">1.5<\/td>\n<td width=\"115\">27-Jul-1996<\/td>\n<td width=\"157\">Roma<\/td>\n<\/tr>\n<tr>\n<td width=\"35\">8<\/td>\n<td width=\"112\">Francesco Cancelli<\/td>\n<td width=\"61\">2.5<\/td>\n<td width=\"115\">10-Nov-1995<\/td>\n<td width=\"157\">Brescia<\/td>\n<\/tr>\n<tr>\n<td width=\"35\">9<\/td>\n<td width=\"112\">Samuele Cini<\/td>\n<td width=\"61\">3.5<\/td>\n<td width=\"115\">30-Oct-2001<\/td>\n<td width=\"157\">Firenze<\/td>\n<\/tr>\n<tr>\n<td width=\"35\">10<\/td>\n<td width=\"112\">Massimiliano Segreto<\/td>\n<td width=\"61\">1.0<\/td>\n<td width=\"115\">24-Jun-1997<\/td>\n<td width=\"157\">Milano<\/td>\n<\/tr>\n<tr>\n<td width=\"35\">11<\/td>\n<td width=\"112\">Andrea Molaro<\/td>\n<td width=\"61\">1.5<\/td>\n<td width=\"115\">19-Feb-1999<\/td>\n<td width=\"157\">Bologna<\/td>\n<\/tr>\n<tr>\n<td width=\"35\">12<\/td>\n<td width=\"112\">Raimondo Canu<\/td>\n<td width=\"61\">4.0<\/td>\n<td width=\"115\">17-Jan-1995<\/td>\n<td width=\"157\">Sassari<\/td>\n<\/tr>\n<tr>\n<td width=\"35\">13<\/td>\n<td width=\"112\">Tobia Di Monte<\/td>\n<td width=\"61\">4.0<\/td>\n<td width=\"115\">20-Jul-1996<\/td>\n<td width=\"157\">Napoli<\/td>\n<\/tr>\n<tr>\n<td width=\"35\">14<\/td>\n<td width=\"112\">Sabri Bedzeti<\/td>\n<td width=\"61\">4.0<\/td>\n<td width=\"115\">31-Jan-1995<\/td>\n<td width=\"157\">Macedonia<\/td>\n<\/tr>\n<\/tbody>\n<\/table>\n<div class=\"page\" title=\"Page 29\">\n<div class=\"section\">\n<div class=\"layoutArea\">\n<div class=\"column\">\n<p><strong>Entra\u00eeneurs et personnel:<\/strong> Head Coach : Marco Bergna \/ Assistant Coach : Fabio Castellucci \/ Assistant Coach : Carlo Di Giusto \/ Manager : Eleonora Tramontana \/ Physiotherapist : Susan Ercolin \/ Mechanic : Emanuele Castorino \/ Doctor : Luigi Gatta<\/p>\n<\/div>\n<\/div>\n<\/div>\n<\/div>\n","protected":false},"excerpt":{"rendered":"\u00a0Les Italiens de moins de 23 ans n\u2019ont concouru qu\u2019\u00e0 un seul Championnat du monde pr\u00e9c\u00e9dent, o\u00f9 ils ont lutt\u00e9 pour une huiti\u00e8me place en 2013. Apr\u00e8s s\u2019\u00eatre class\u00e9e au quatri\u00e8me rang au tournoi de qualification europ\u00e9en des moins de 23 ans 2017, l\u2019Italie cherchera \u00e0 am\u00e9liorer son classement au Championnat du monde masculin des [&hellip;]","protected":false},"author":7,"featured_media":0,"parent":6897,"menu_order":3,"comment_status":"closed","ping_status":"closed","template":"page-wwbc.php","meta":{"om_disable_all_campaigns":false,"_monsterinsights_skip_tracking":false,"_monsterinsights_sitenote_active":false,"_monsterinsights_sitenote_note":"","_monsterinsights_sitenote_category":0,"footnotes":""},"acf":[],"yoast_head":"<!-- This site is optimized with the Yoast SEO plugin v21.9.1 - https:\/\/yoast.com\/wordpress\/plugins\/seo\/ -->\n<title>Italie - Wheelchair Basketball Canada<\/title>\n<meta name=\"robots\" content=\"index, follow, max-snippet:-1, max-image-preview:large, max-video-preview:-1\" \/>\n<link rel=\"canonical\" href=\"https:\/\/www.wheelchairbasketball.ca\/fr\/2017u23wwbc\/equipes\/italie\/\" \/>\n<meta property=\"og:locale\" content=\"fr_FR\" \/>\n<meta property=\"og:type\" content=\"article\" \/>\n<meta property=\"og:title\" content=\"Italie - Wheelchair Basketball Canada\" \/>\n<meta property=\"og:description\" content=\"\u00a0Les Italiens de moins de 23 ans n\u2019ont concouru qu\u2019\u00e0 un seul Championnat du monde pr\u00e9c\u00e9dent, o\u00f9 ils ont lutt\u00e9 pour une huiti\u00e8me place en 2013. Apr\u00e8s s\u2019\u00eatre class\u00e9e au quatri\u00e8me rang au tournoi de qualification europ\u00e9en des moins de 23 ans 2017, l\u2019Italie cherchera \u00e0 am\u00e9liorer son classement au Championnat du monde masculin des [&hellip;]\" \/>\n<meta property=\"og:url\" content=\"https:\/\/www.wheelchairbasketball.ca\/fr\/2017u23wwbc\/equipes\/italie\/\" \/>\n<meta property=\"og:site_name\" content=\"Wheelchair Basketball Canada\" \/>\n<meta property=\"article:publisher\" content=\"http:\/\/www.facebook.com\/wheelchairbasketball\" \/>\n<meta property=\"article:modified_time\" content=\"2017-06-06T22:46:36+00:00\" \/>\n<meta property=\"og:image\" content=\"https:\/\/www.wheelchairbasketball.ca\/wp-content\/uploads\/2017\/05\/italy-150x150.png\" \/>\n<meta name=\"twitter:card\" content=\"summary_large_image\" \/>\n<meta name=\"twitter:site\" content=\"@WCBballCanada\" \/>\n<meta name=\"twitter:label1\" content=\"Dur\u00e9e de lecture estim\u00e9e\" \/>\n\t<meta name=\"twitter:data1\" content=\"1 minute\" \/>\n<script type=\"application\/ld+json\" class=\"yoast-schema-graph\">{\"@context\":\"https:\/\/schema.org\",\"@graph\":[{\"@type\":\"WebPage\",\"@id\":\"https:\/\/www.wheelchairbasketball.ca\/fr\/2017u23wwbc\/equipes\/italie\/\",\"url\":\"https:\/\/www.wheelchairbasketball.ca\/fr\/2017u23wwbc\/equipes\/italie\/\",\"name\":\"Italie - Wheelchair Basketball Canada\",\"isPartOf\":{\"@id\":\"https:\/\/www.wheelchairbasketball.ca\/#website\"},\"datePublished\":\"2017-05-17T17:31:01+00:00\",\"dateModified\":\"2017-06-06T22:46:36+00:00\",\"breadcrumb\":{\"@id\":\"https:\/\/www.wheelchairbasketball.ca\/fr\/2017u23wwbc\/equipes\/italie\/#breadcrumb\"},\"inLanguage\":\"fr-FR\",\"potentialAction\":[{\"@type\":\"ReadAction\",\"target\":[\"https:\/\/www.wheelchairbasketball.ca\/fr\/2017u23wwbc\/equipes\/italie\/\"]}]},{\"@type\":\"BreadcrumbList\",\"@id\":\"https:\/\/www.wheelchairbasketball.ca\/fr\/2017u23wwbc\/equipes\/italie\/#breadcrumb\",\"itemListElement\":[{\"@type\":\"ListItem\",\"position\":1,\"name\":\"Home\",\"item\":\"https:\/\/www.wheelchairbasketball.ca\/fr\/\"},{\"@type\":\"ListItem\",\"position\":2,\"name\":\"2017u23wwbc\",\"item\":\"https:\/\/www.wheelchairbasketball.ca\/fr\/2017u23wwbc\/\"},{\"@type\":\"ListItem\",\"position\":3,\"name\":\"\u00c9quipes\",\"item\":\"https:\/\/www.wheelchairbasketball.ca\/fr\/2017u23wwbc\/equipes\/\"},{\"@type\":\"ListItem\",\"position\":4,\"name\":\"Italie\"}]},{\"@type\":\"WebSite\",\"@id\":\"https:\/\/www.wheelchairbasketball.ca\/#website\",\"url\":\"https:\/\/www.wheelchairbasketball.ca\/\",\"name\":\"Wheelchair Basketball Canada\",\"description\":\"Real Life. Real Sport.\",\"potentialAction\":[{\"@type\":\"SearchAction\",\"target\":{\"@type\":\"EntryPoint\",\"urlTemplate\":\"https:\/\/www.wheelchairbasketball.ca\/?s={search_term_string}\"},\"query-input\":\"required name=search_term_string\"}],\"inLanguage\":\"fr-FR\"}]}<\/script>\n<!-- \/ Yoast SEO plugin. -->","yoast_head_json":{"title":"Italie - Wheelchair Basketball Canada","robots":{"index":"index","follow":"follow","max-snippet":"max-snippet:-1","max-image-preview":"max-image-preview:large","max-video-preview":"max-video-preview:-1"},"canonical":"https:\/\/www.wheelchairbasketball.ca\/fr\/2017u23wwbc\/equipes\/italie\/","og_locale":"fr_FR","og_type":"article","og_title":"Italie - Wheelchair Basketball Canada","og_description":"\u00a0Les Italiens de moins de 23 ans n\u2019ont concouru qu\u2019\u00e0 un seul Championnat du monde pr\u00e9c\u00e9dent, o\u00f9 ils ont lutt\u00e9 pour une huiti\u00e8me place en 2013. Apr\u00e8s s\u2019\u00eatre class\u00e9e au quatri\u00e8me rang au tournoi de qualification europ\u00e9en des moins de 23 ans 2017, l\u2019Italie cherchera \u00e0 am\u00e9liorer son classement au Championnat du monde masculin des [&hellip;]","og_url":"https:\/\/www.wheelchairbasketball.ca\/fr\/2017u23wwbc\/equipes\/italie\/","og_site_name":"Wheelchair Basketball Canada","article_publisher":"http:\/\/www.facebook.com\/wheelchairbasketball","article_modified_time":"2017-06-06T22:46:36+00:00","og_image":[{"url":"https:\/\/www.wheelchairbasketball.ca\/wp-content\/uploads\/2017\/05\/italy-150x150.png"}],"twitter_card":"summary_large_image","twitter_site":"@WCBballCanada","twitter_misc":{"Dur\u00e9e de lecture estim\u00e9e":"1 minute"},"schema":{"@context":"https:\/\/schema.org","@graph":[{"@type":"WebPage","@id":"https:\/\/www.wheelchairbasketball.ca\/fr\/2017u23wwbc\/equipes\/italie\/","url":"https:\/\/www.wheelchairbasketball.ca\/fr\/2017u23wwbc\/equipes\/italie\/","name":"Italie - Wheelchair Basketball Canada","isPartOf":{"@id":"https:\/\/www.wheelchairbasketball.ca\/#website"},"datePublished":"2017-05-17T17:31:01+00:00","dateModified":"2017-06-06T22:46:36+00:00","breadcrumb":{"@id":"https:\/\/www.wheelchairbasketball.ca\/fr\/2017u23wwbc\/equipes\/italie\/#breadcrumb"},"inLanguage":"fr-FR","potentialAction":[{"@type":"ReadAction","target":["https:\/\/www.wheelchairbasketball.ca\/fr\/2017u23wwbc\/equipes\/italie\/"]}]},{"@type":"BreadcrumbList","@id":"https:\/\/www.wheelchairbasketball.ca\/fr\/2017u23wwbc\/equipes\/italie\/#breadcrumb","itemListElement":[{"@type":"ListItem","position":1,"name":"Home","item":"https:\/\/www.wheelchairbasketball.ca\/fr\/"},{"@type":"ListItem","position":2,"name":"2017u23wwbc","item":"https:\/\/www.wheelchairbasketball.ca\/fr\/2017u23wwbc\/"},{"@type":"ListItem","position":3,"name":"\u00c9quipes","item":"https:\/\/www.wheelchairbasketball.ca\/fr\/2017u23wwbc\/equipes\/"},{"@type":"ListItem","position":4,"name":"Italie"}]},{"@type":"WebSite","@id":"https:\/\/www.wheelchairbasketball.ca\/#website","url":"https:\/\/www.wheelchairbasketball.ca\/","name":"Wheelchair Basketball Canada","description":"Real Life. Real Sport.","potentialAction":[{"@type":"SearchAction","target":{"@type":"EntryPoint","urlTemplate":"https:\/\/www.wheelchairbasketball.ca\/?s={search_term_string}"},"query-input":"required name=search_term_string"}],"inLanguage":"fr-FR"}]}},"_links":{"self":[{"href":"https:\/\/www.wheelchairbasketball.ca\/fr\/wp-json\/wp\/v2\/pages\/7981"}],"collection":[{"href":"https:\/\/www.wheelchairbasketball.ca\/fr\/wp-json\/wp\/v2\/pages"}],"about":[{"href":"https:\/\/www.wheelchairbasketball.ca\/fr\/wp-json\/wp\/v2\/types\/page"}],"author":[{"embeddable":true,"href":"https:\/\/www.wheelchairbasketball.ca\/fr\/wp-json\/wp\/v2\/users\/7"}],"replies":[{"embeddable":true,"href":"https:\/\/www.wheelchairbasketball.ca\/fr\/wp-json\/wp\/v2\/comments?post=7981"}],"version-history":[{"count":4,"href":"https:\/\/www.wheelchairbasketball.ca\/fr\/wp-json\/wp\/v2\/pages\/7981\/revisions"}],"predecessor-version":[{"id":8137,"href":"https:\/\/www.wheelchairbasketball.ca\/fr\/wp-json\/wp\/v2\/pages\/7981\/revisions\/8137"}],"up":[{"embeddable":true,"href":"https:\/\/www.wheelchairbasketball.ca\/fr\/wp-json\/wp\/v2\/pages\/6897"}],"wp:attachment":[{"href":"https:\/\/www.wheelchairbasketball.ca\/fr\/wp-json\/wp\/v2\/media?parent=7981"}],"curies":[{"name":"wp","href":"https:\/\/api.w.org\/{rel}","templated":true}]}}