{"id":7985,"date":"2017-05-17T17:38:03","date_gmt":"2017-05-17T17:38:03","guid":{"rendered":"https:\/\/www.wheelchairbasketball.ca\/?page_id=7985"},"modified":"2017-06-07T00:20:54","modified_gmt":"2017-06-07T00:20:54","slug":"turquie","status":"publish","type":"page","link":"https:\/\/www.wheelchairbasketball.ca\/fr\/2017u23wwbc\/equipes\/turquie\/","title":{"rendered":"Turquie"},"content":{"rendered":"<p><img loading=\"lazy\" decoding=\"async\" class=\"alignleft wp-image-7934 size-thumbnail\" src=\"https:\/\/www.wheelchairbasketball.ca\/wp-content\/uploads\/2017\/05\/turkey-150x150.png\" alt=\"\" width=\"150\" height=\"150\" \/>La Turquie retourne au Championnat du monde apr\u00e8s avoir accueilli le tournoi de 2013, \u00e0 Adana.<\/p>\n<p>Bien que l\u2019\u00e9quipe n\u2019ait pas atteint le podium \u00e0 ses trois apparitions ant\u00e9rieures aux championnats du monde, la Turquie s\u2019est class\u00e9e en premi\u00e8re place au Championnat europ\u00e9en des moins de 22\u00a0ans 2017 et vise un meilleur classement cette ann\u00e9e contre le reste du monde.<\/p>\n<h4>Histoire au Championnat du monde<\/h4>\n<ul>\n<li>2013 \u2013 Adana, Turquie \u2013 7e place<\/li>\n<li>2009 \u2013 Paris, France \u2013 5th place<\/li>\n<li>2005 \u2013 Birmingham, Grande-Bretagne \u2013 10e place<\/li>\n<\/ul>\n<h4><strong>Formation de l&rsquo;equipe<\/strong><\/h4>\n<table width=\"597\">\n<tbody>\n<tr>\n<td width=\"40\">\n<h6>No.<\/h6>\n<\/td>\n<td width=\"152\">\n<h6>Nom<\/h6>\n<\/td>\n<td width=\"67\">\n<h6>Cat\u00e9g.<\/h6>\n<\/td>\n<td width=\"147\">\n<h6>Date de naissance<\/h6>\n<\/td>\n<td width=\"191\">\n<h6>Ville d\u2019origine<\/h6>\n<\/td>\n<\/tr>\n<tr>\n<td width=\"40\">4<\/td>\n<td width=\"152\">G\u00fcrkan Tas\u0327<\/td>\n<td width=\"67\">2.0<\/td>\n<td width=\"147\">05-Aug-1999<\/td>\n<td width=\"191\">I\u0307stanbul<\/td>\n<\/tr>\n<tr>\n<td width=\"40\">5<\/td>\n<td width=\"152\">Halil I\u0307brahim Bag\u0306li<\/td>\n<td width=\"67\">3.5<\/td>\n<td width=\"147\">24-Nov-1998<\/td>\n<td width=\"191\">I\u0307zmir<\/td>\n<\/tr>\n<tr>\n<td width=\"40\">6<\/td>\n<td width=\"152\">M\u00fccahit G\u00fcnaydin<\/td>\n<td width=\"67\">4.0<\/td>\n<td width=\"147\">25-Mar-1999<\/td>\n<td width=\"191\">I\u0307stanbul<\/td>\n<\/tr>\n<tr>\n<td width=\"40\">7<\/td>\n<td width=\"152\">Ahmet Efet\u00fcrk<\/td>\n<td width=\"67\">4.0<\/td>\n<td width=\"147\">31-Aug-1995<\/td>\n<td width=\"191\">I\u0307zmir<\/td>\n<\/tr>\n<tr>\n<td width=\"40\">8<\/td>\n<td width=\"152\">Burak S\u0327en<\/td>\n<td width=\"67\">1.5<\/td>\n<td width=\"147\">18-Jun-1998<\/td>\n<td width=\"191\">Kayseri<\/td>\n<\/tr>\n<tr>\n<td width=\"40\">9<\/td>\n<td width=\"152\">R\u0131dvan Aksoy<\/td>\n<td width=\"67\">1.0<\/td>\n<td width=\"147\">02-Feb-2000<\/td>\n<td width=\"191\">I\u0307zmir<\/td>\n<\/tr>\n<tr>\n<td width=\"40\">10<\/td>\n<td width=\"152\">Enes Bulut<\/td>\n<td width=\"67\">4.0<\/td>\n<td width=\"147\">23-Nov-1998<\/td>\n<td width=\"191\">Bal\u0131kesir<\/td>\n<\/tr>\n<tr>\n<td width=\"40\">11<\/td>\n<td width=\"152\">Volkan G\u00fclem<\/td>\n<td width=\"67\">2.0<\/td>\n<td width=\"147\">16-Feb-1998<\/td>\n<td width=\"191\">Ankara<\/td>\n<\/tr>\n<tr>\n<td width=\"40\">12<\/td>\n<td width=\"152\">Ali Kabak\u00fclekler<\/td>\n<td width=\"67\">1.0<\/td>\n<td width=\"147\">28-Jan-1997<\/td>\n<td width=\"191\">S\u0327anl\u0131urfa<\/td>\n<\/tr>\n<tr>\n<td width=\"40\">13<\/td>\n<td width=\"152\">Mevl\u00fct Erdenci<\/td>\n<td width=\"67\">4.0<\/td>\n<td width=\"147\">01-Jan-1999<\/td>\n<td width=\"191\">Mus\u0327<\/td>\n<\/tr>\n<tr>\n<td width=\"40\">14<\/td>\n<td width=\"152\">Ebu Bekir Yildirim<\/td>\n<td width=\"67\">1.0<\/td>\n<td width=\"147\">07-May-1998<\/td>\n<td width=\"191\">Ankara<\/td>\n<\/tr>\n<tr>\n<td width=\"40\">15<\/td>\n<td width=\"152\">Ahmet Umut Can Dolas\u0327an<\/td>\n<td width=\"67\">3.5<\/td>\n<td width=\"147\">21-Jul-1997<\/td>\n<td width=\"191\">S\u0327anl\u0131urfa<\/td>\n<\/tr>\n<\/tbody>\n<\/table>\n<div class=\"page\" title=\"Page 32\">\n<div class=\"page\" title=\"Page 32\">\n<div class=\"section\">\n<div class=\"layoutArea\">\n<div class=\"column\">\n<p><strong><br \/>\nCoaching Staff<\/strong>: Head Coach : Mahmut Kemal Okur \/ Assistant Coach : Caner Cesur \/ Assistant Coach : Ali Arda O\u0308ztu\u0308rk \/ Manager : O\u0308mer Erdener Atalan \/ Physiotherapist : Ali I\u0307mran Yalc\u0327in \/ Mechanic : Haluk Tas\u0327kinc\u0327ay<\/p>\n<\/div>\n<\/div>\n<\/div>\n<\/div>\n<\/div>\n","protected":false},"excerpt":{"rendered":"La Turquie retourne au Championnat du monde apr\u00e8s avoir accueilli le tournoi de 2013, \u00e0 Adana. Bien que l\u2019\u00e9quipe n\u2019ait pas atteint le podium \u00e0 ses trois apparitions ant\u00e9rieures aux championnats du monde, la Turquie s\u2019est class\u00e9e en premi\u00e8re place au Championnat europ\u00e9en des moins de 22\u00a0ans 2017 et vise un meilleur classement cette ann\u00e9e [&hellip;]","protected":false},"author":7,"featured_media":0,"parent":6897,"menu_order":4,"comment_status":"closed","ping_status":"closed","template":"page-wwbc.php","meta":{"om_disable_all_campaigns":false,"_monsterinsights_skip_tracking":false,"_monsterinsights_sitenote_active":false,"_monsterinsights_sitenote_note":"","_monsterinsights_sitenote_category":0,"footnotes":""},"acf":[],"yoast_head":"<!-- This site is optimized with the Yoast SEO plugin v21.9.1 - https:\/\/yoast.com\/wordpress\/plugins\/seo\/ -->\n<title>Turquie - Wheelchair Basketball Canada<\/title>\n<meta name=\"robots\" content=\"index, follow, max-snippet:-1, max-image-preview:large, max-video-preview:-1\" \/>\n<link rel=\"canonical\" href=\"https:\/\/www.wheelchairbasketball.ca\/fr\/2017u23wwbc\/equipes\/turquie\/\" \/>\n<meta property=\"og:locale\" content=\"fr_FR\" \/>\n<meta property=\"og:type\" content=\"article\" \/>\n<meta property=\"og:title\" content=\"Turquie - Wheelchair Basketball Canada\" \/>\n<meta property=\"og:description\" content=\"La Turquie retourne au Championnat du monde apr\u00e8s avoir accueilli le tournoi de 2013, \u00e0 Adana. Bien que l\u2019\u00e9quipe n\u2019ait pas atteint le podium \u00e0 ses trois apparitions ant\u00e9rieures aux championnats du monde, la Turquie s\u2019est class\u00e9e en premi\u00e8re place au Championnat europ\u00e9en des moins de 22\u00a0ans 2017 et vise un meilleur classement cette ann\u00e9e [&hellip;]\" \/>\n<meta property=\"og:url\" content=\"https:\/\/www.wheelchairbasketball.ca\/fr\/2017u23wwbc\/equipes\/turquie\/\" \/>\n<meta property=\"og:site_name\" content=\"Wheelchair Basketball Canada\" \/>\n<meta property=\"article:publisher\" content=\"http:\/\/www.facebook.com\/wheelchairbasketball\" \/>\n<meta property=\"article:modified_time\" content=\"2017-06-07T00:20:54+00:00\" \/>\n<meta property=\"og:image\" content=\"https:\/\/www.wheelchairbasketball.ca\/wp-content\/uploads\/2017\/05\/turkey-150x150.png\" \/>\n<meta name=\"twitter:card\" content=\"summary_large_image\" \/>\n<meta name=\"twitter:site\" content=\"@WCBballCanada\" \/>\n<meta name=\"twitter:label1\" content=\"Dur\u00e9e de lecture estim\u00e9e\" \/>\n\t<meta name=\"twitter:data1\" content=\"1 minute\" \/>\n<script type=\"application\/ld+json\" class=\"yoast-schema-graph\">{\"@context\":\"https:\/\/schema.org\",\"@graph\":[{\"@type\":\"WebPage\",\"@id\":\"https:\/\/www.wheelchairbasketball.ca\/fr\/2017u23wwbc\/equipes\/turquie\/\",\"url\":\"https:\/\/www.wheelchairbasketball.ca\/fr\/2017u23wwbc\/equipes\/turquie\/\",\"name\":\"Turquie - Wheelchair Basketball Canada\",\"isPartOf\":{\"@id\":\"https:\/\/www.wheelchairbasketball.ca\/#website\"},\"datePublished\":\"2017-05-17T17:38:03+00:00\",\"dateModified\":\"2017-06-07T00:20:54+00:00\",\"breadcrumb\":{\"@id\":\"https:\/\/www.wheelchairbasketball.ca\/fr\/2017u23wwbc\/equipes\/turquie\/#breadcrumb\"},\"inLanguage\":\"fr-FR\",\"potentialAction\":[{\"@type\":\"ReadAction\",\"target\":[\"https:\/\/www.wheelchairbasketball.ca\/fr\/2017u23wwbc\/equipes\/turquie\/\"]}]},{\"@type\":\"BreadcrumbList\",\"@id\":\"https:\/\/www.wheelchairbasketball.ca\/fr\/2017u23wwbc\/equipes\/turquie\/#breadcrumb\",\"itemListElement\":[{\"@type\":\"ListItem\",\"position\":1,\"name\":\"Home\",\"item\":\"https:\/\/www.wheelchairbasketball.ca\/fr\/\"},{\"@type\":\"ListItem\",\"position\":2,\"name\":\"2017u23wwbc\",\"item\":\"https:\/\/www.wheelchairbasketball.ca\/fr\/2017u23wwbc\/\"},{\"@type\":\"ListItem\",\"position\":3,\"name\":\"\u00c9quipes\",\"item\":\"https:\/\/www.wheelchairbasketball.ca\/fr\/2017u23wwbc\/equipes\/\"},{\"@type\":\"ListItem\",\"position\":4,\"name\":\"Turquie\"}]},{\"@type\":\"WebSite\",\"@id\":\"https:\/\/www.wheelchairbasketball.ca\/#website\",\"url\":\"https:\/\/www.wheelchairbasketball.ca\/\",\"name\":\"Wheelchair Basketball Canada\",\"description\":\"Real Life. Real Sport.\",\"potentialAction\":[{\"@type\":\"SearchAction\",\"target\":{\"@type\":\"EntryPoint\",\"urlTemplate\":\"https:\/\/www.wheelchairbasketball.ca\/?s={search_term_string}\"},\"query-input\":\"required name=search_term_string\"}],\"inLanguage\":\"fr-FR\"}]}<\/script>\n<!-- \/ Yoast SEO plugin. -->","yoast_head_json":{"title":"Turquie - Wheelchair Basketball Canada","robots":{"index":"index","follow":"follow","max-snippet":"max-snippet:-1","max-image-preview":"max-image-preview:large","max-video-preview":"max-video-preview:-1"},"canonical":"https:\/\/www.wheelchairbasketball.ca\/fr\/2017u23wwbc\/equipes\/turquie\/","og_locale":"fr_FR","og_type":"article","og_title":"Turquie - Wheelchair Basketball Canada","og_description":"La Turquie retourne au Championnat du monde apr\u00e8s avoir accueilli le tournoi de 2013, \u00e0 Adana. Bien que l\u2019\u00e9quipe n\u2019ait pas atteint le podium \u00e0 ses trois apparitions ant\u00e9rieures aux championnats du monde, la Turquie s\u2019est class\u00e9e en premi\u00e8re place au Championnat europ\u00e9en des moins de 22\u00a0ans 2017 et vise un meilleur classement cette ann\u00e9e [&hellip;]","og_url":"https:\/\/www.wheelchairbasketball.ca\/fr\/2017u23wwbc\/equipes\/turquie\/","og_site_name":"Wheelchair Basketball Canada","article_publisher":"http:\/\/www.facebook.com\/wheelchairbasketball","article_modified_time":"2017-06-07T00:20:54+00:00","og_image":[{"url":"https:\/\/www.wheelchairbasketball.ca\/wp-content\/uploads\/2017\/05\/turkey-150x150.png"}],"twitter_card":"summary_large_image","twitter_site":"@WCBballCanada","twitter_misc":{"Dur\u00e9e de lecture estim\u00e9e":"1 minute"},"schema":{"@context":"https:\/\/schema.org","@graph":[{"@type":"WebPage","@id":"https:\/\/www.wheelchairbasketball.ca\/fr\/2017u23wwbc\/equipes\/turquie\/","url":"https:\/\/www.wheelchairbasketball.ca\/fr\/2017u23wwbc\/equipes\/turquie\/","name":"Turquie - Wheelchair Basketball Canada","isPartOf":{"@id":"https:\/\/www.wheelchairbasketball.ca\/#website"},"datePublished":"2017-05-17T17:38:03+00:00","dateModified":"2017-06-07T00:20:54+00:00","breadcrumb":{"@id":"https:\/\/www.wheelchairbasketball.ca\/fr\/2017u23wwbc\/equipes\/turquie\/#breadcrumb"},"inLanguage":"fr-FR","potentialAction":[{"@type":"ReadAction","target":["https:\/\/www.wheelchairbasketball.ca\/fr\/2017u23wwbc\/equipes\/turquie\/"]}]},{"@type":"BreadcrumbList","@id":"https:\/\/www.wheelchairbasketball.ca\/fr\/2017u23wwbc\/equipes\/turquie\/#breadcrumb","itemListElement":[{"@type":"ListItem","position":1,"name":"Home","item":"https:\/\/www.wheelchairbasketball.ca\/fr\/"},{"@type":"ListItem","position":2,"name":"2017u23wwbc","item":"https:\/\/www.wheelchairbasketball.ca\/fr\/2017u23wwbc\/"},{"@type":"ListItem","position":3,"name":"\u00c9quipes","item":"https:\/\/www.wheelchairbasketball.ca\/fr\/2017u23wwbc\/equipes\/"},{"@type":"ListItem","position":4,"name":"Turquie"}]},{"@type":"WebSite","@id":"https:\/\/www.wheelchairbasketball.ca\/#website","url":"https:\/\/www.wheelchairbasketball.ca\/","name":"Wheelchair Basketball Canada","description":"Real Life. Real Sport.","potentialAction":[{"@type":"SearchAction","target":{"@type":"EntryPoint","urlTemplate":"https:\/\/www.wheelchairbasketball.ca\/?s={search_term_string}"},"query-input":"required name=search_term_string"}],"inLanguage":"fr-FR"}]}},"_links":{"self":[{"href":"https:\/\/www.wheelchairbasketball.ca\/fr\/wp-json\/wp\/v2\/pages\/7985"}],"collection":[{"href":"https:\/\/www.wheelchairbasketball.ca\/fr\/wp-json\/wp\/v2\/pages"}],"about":[{"href":"https:\/\/www.wheelchairbasketball.ca\/fr\/wp-json\/wp\/v2\/types\/page"}],"author":[{"embeddable":true,"href":"https:\/\/www.wheelchairbasketball.ca\/fr\/wp-json\/wp\/v2\/users\/7"}],"replies":[{"embeddable":true,"href":"https:\/\/www.wheelchairbasketball.ca\/fr\/wp-json\/wp\/v2\/comments?post=7985"}],"version-history":[{"count":4,"href":"https:\/\/www.wheelchairbasketball.ca\/fr\/wp-json\/wp\/v2\/pages\/7985\/revisions"}],"predecessor-version":[{"id":8144,"href":"https:\/\/www.wheelchairbasketball.ca\/fr\/wp-json\/wp\/v2\/pages\/7985\/revisions\/8144"}],"up":[{"embeddable":true,"href":"https:\/\/www.wheelchairbasketball.ca\/fr\/wp-json\/wp\/v2\/pages\/6897"}],"wp:attachment":[{"href":"https:\/\/www.wheelchairbasketball.ca\/fr\/wp-json\/wp\/v2\/media?parent=7985"}],"curies":[{"name":"wp","href":"https:\/\/api.w.org\/{rel}","templated":true}]}}