{"id":7988,"date":"2017-05-19T14:50:21","date_gmt":"2017-05-19T14:50:21","guid":{"rendered":"https:\/\/www.wheelchairbasketball.ca\/?page_id=7988"},"modified":"2017-06-07T18:45:16","modified_gmt":"2017-06-07T18:45:16","slug":"australie","status":"publish","type":"page","link":"https:\/\/www.wheelchairbasketball.ca\/fr\/2017u23wwbc\/equipes\/australie\/","title":{"rendered":"Australie"},"content":{"rendered":"<p><img loading=\"lazy\" decoding=\"async\" class=\"alignleft wp-image-7923 size-thumbnail\" src=\"https:\/\/www.wheelchairbasketball.ca\/wp-content\/uploads\/2017\/05\/australia-150x150.png\" alt=\"\" width=\"150\" height=\"150\" \/><\/p>\n<p>L\u2019\u00e9quipe nationale australienne masculine des moins de 23 ans a concouru \u00e0 quatre des cinq Championnats du monde pr\u00e9c\u00e9dents. L\u2019Australie a trois fois remport\u00e9 la m\u00e9daille de bronze et rat\u00e9 de justesse le podium en 2009, avec une quatri\u00e8me place.<\/p>\n<p>Les Australiens participeront au Championnat du monde masculin des moins de 23 ans 2017 \u00e0 la recherche d\u2019un autre classement cons\u00e9cutif digne du podium et chercheront \u00e0 am\u00e9liorer leur troisi\u00e8me position apr\u00e8s le dernier championnat du monde en 2013.<\/p>\n<h4>Histoire au Championnat du monde<\/h4>\n<ul>\n<li>2013 \u2013 Adana, Turquie\u2013 Bronze<\/li>\n<li>2009 \u2013 Paris, France \u2013 4e place<\/li>\n<li>2005 \u2013 Birmingham, Grande-Bretagne \u2013 Bronze<\/li>\n<li>1997 \u2013 Toronto, Canada \u2013 Bronze<\/li>\n<\/ul>\n<h4><strong>Formation de l&rsquo;equipe<\/strong><\/h4>\n<table>\n<tbody>\n<tr>\n<td width=\"45\">\n<h6 style=\"text-align: left;\">No.<\/h6>\n<\/td>\n<td style=\"text-align: left;\" width=\"232\">\n<h6>Nom<\/h6>\n<\/td>\n<td style=\"text-align: left;\" width=\"104\">\n<h6>Cat\u00e9g.<\/h6>\n<\/td>\n<td style=\"text-align: left;\" width=\"226\">\n<h6>Date de naissance<\/h6>\n<\/td>\n<td style=\"text-align: left;\" width=\"292\">\n<h6>Ville d\u2019origine<\/h6>\n<\/td>\n<\/tr>\n<tr>\n<td width=\"45\">4<\/td>\n<td width=\"232\">Nicholas Scott<\/td>\n<td width=\"104\">1.0<\/td>\n<td width=\"226\">05-Nov-1996<\/td>\n<td width=\"292\">Shellharbour<\/td>\n<\/tr>\n<tr>\n<td width=\"45\">5<\/td>\n<td width=\"232\">Lachlin Dalton<\/td>\n<td width=\"104\">2.5<\/td>\n<td width=\"226\">20-Apr-2001<\/td>\n<td width=\"292\">Brisbane<\/td>\n<\/tr>\n<tr>\n<td width=\"45\">6<\/td>\n<td width=\"232\">Hayden Siebuhr<\/td>\n<td width=\"104\">1.0<\/td>\n<td width=\"226\">10-Aug-1999<\/td>\n<td width=\"292\">Ipswich<\/td>\n<\/tr>\n<tr>\n<td width=\"45\">7<\/td>\n<td width=\"232\">Bailey Rowland<\/td>\n<td width=\"104\">1.5<\/td>\n<td width=\"226\">16-Aug-1996<\/td>\n<td width=\"292\">Gold Coast<\/td>\n<\/tr>\n<tr>\n<td width=\"45\">8<\/td>\n<td width=\"232\">Jontee Brown<\/td>\n<td width=\"104\">4.5<\/td>\n<td width=\"226\">24-Dec-1997<\/td>\n<td width=\"292\">Brisbane<\/td>\n<\/tr>\n<tr>\n<td width=\"45\">9<\/td>\n<td width=\"232\">Anderson Parker<\/td>\n<td width=\"104\">4.5<\/td>\n<td width=\"226\">28-Jan-1998<\/td>\n<td width=\"292\">Bendigo<\/td>\n<\/tr>\n<tr>\n<td width=\"45\">10<\/td>\n<td width=\"232\">Jeremy Tyndall<\/td>\n<td width=\"104\">1.5<\/td>\n<td width=\"226\">05-Apr-1996<\/td>\n<td width=\"292\">Melbourne<\/td>\n<\/tr>\n<tr>\n<td width=\"45\">11<\/td>\n<td width=\"232\">Tom O\u2019Neill-Thorne<\/td>\n<td width=\"104\">3.0<\/td>\n<td width=\"226\">08-Apr-1997<\/td>\n<td width=\"292\">Darwin<\/td>\n<\/tr>\n<tr>\n<td width=\"45\">12<\/td>\n<td width=\"232\">Steven Elliott<\/td>\n<td width=\"104\">4.0<\/td>\n<td width=\"226\">22-Feb-1995<\/td>\n<td width=\"292\">&#8211;<\/td>\n<\/tr>\n<tr>\n<td width=\"45\">13<\/td>\n<td width=\"232\">Brian Carminati<\/td>\n<td width=\"104\">4.0<\/td>\n<td width=\"226\">19-Mar-1996<\/td>\n<td width=\"292\">Melbourne<\/td>\n<\/tr>\n<tr>\n<td width=\"45\">14<\/td>\n<td width=\"232\">Jake Fulwood<\/td>\n<td width=\"104\">4.0<\/td>\n<td width=\"226\">03-Aug-1995<\/td>\n<td width=\"292\">Sunshine Coast<\/td>\n<\/tr>\n<tr>\n<td width=\"45\">15<\/td>\n<td width=\"232\">Thomas Holland<\/td>\n<td width=\"104\">3.0<\/td>\n<td width=\"226\">23-Feb-1995<\/td>\n<td width=\"292\">Brisbane<\/td>\n<\/tr>\n<\/tbody>\n<\/table>\n<p><strong>Entra\u00eeneurs et personnel: <\/strong>Head Coach : Luke Brennan \/ Assistant Coach : Craig Campbell \/ Assistant Coach : Shane Furness \/ Manager : Tom Kyle \/ Physiotherapist : Ryan Campbell \/ Program Manager : Leigh Gooding<\/p>\n","protected":false},"excerpt":{"rendered":"L\u2019\u00e9quipe nationale australienne masculine des moins de 23 ans a concouru \u00e0 quatre des cinq Championnats du monde pr\u00e9c\u00e9dents. L\u2019Australie a trois fois remport\u00e9 la m\u00e9daille de bronze et rat\u00e9 de justesse le podium en 2009, avec une quatri\u00e8me place. Les Australiens participeront au Championnat du monde masculin des moins de 23 ans 2017 \u00e0 [&hellip;]","protected":false},"author":7,"featured_media":0,"parent":6897,"menu_order":5,"comment_status":"closed","ping_status":"closed","template":"page-wwbc.php","meta":{"om_disable_all_campaigns":false,"_monsterinsights_skip_tracking":false,"_monsterinsights_sitenote_active":false,"_monsterinsights_sitenote_note":"","_monsterinsights_sitenote_category":0,"footnotes":""},"acf":[],"yoast_head":"<!-- This site is optimized with the Yoast SEO plugin v21.9.1 - https:\/\/yoast.com\/wordpress\/plugins\/seo\/ -->\n<title>Australie - Wheelchair Basketball Canada<\/title>\n<meta name=\"robots\" content=\"index, follow, max-snippet:-1, max-image-preview:large, max-video-preview:-1\" \/>\n<link rel=\"canonical\" href=\"https:\/\/www.wheelchairbasketball.ca\/fr\/2017u23wwbc\/equipes\/australie\/\" \/>\n<meta property=\"og:locale\" content=\"fr_FR\" \/>\n<meta property=\"og:type\" content=\"article\" \/>\n<meta property=\"og:title\" content=\"Australie - Wheelchair Basketball Canada\" \/>\n<meta property=\"og:description\" content=\"L\u2019\u00e9quipe nationale australienne masculine des moins de 23 ans a concouru \u00e0 quatre des cinq Championnats du monde pr\u00e9c\u00e9dents. L\u2019Australie a trois fois remport\u00e9 la m\u00e9daille de bronze et rat\u00e9 de justesse le podium en 2009, avec une quatri\u00e8me place. Les Australiens participeront au Championnat du monde masculin des moins de 23 ans 2017 \u00e0 [&hellip;]\" \/>\n<meta property=\"og:url\" content=\"https:\/\/www.wheelchairbasketball.ca\/fr\/2017u23wwbc\/equipes\/australie\/\" \/>\n<meta property=\"og:site_name\" content=\"Wheelchair Basketball Canada\" \/>\n<meta property=\"article:publisher\" content=\"http:\/\/www.facebook.com\/wheelchairbasketball\" \/>\n<meta property=\"article:modified_time\" content=\"2017-06-07T18:45:16+00:00\" \/>\n<meta property=\"og:image\" content=\"https:\/\/www.wheelchairbasketball.ca\/wp-content\/uploads\/2017\/05\/australia-150x150.png\" \/>\n<meta name=\"twitter:card\" content=\"summary_large_image\" \/>\n<meta name=\"twitter:site\" content=\"@WCBballCanada\" \/>\n<meta name=\"twitter:label1\" content=\"Dur\u00e9e de lecture estim\u00e9e\" \/>\n\t<meta name=\"twitter:data1\" content=\"1 minute\" \/>\n<script type=\"application\/ld+json\" class=\"yoast-schema-graph\">{\"@context\":\"https:\/\/schema.org\",\"@graph\":[{\"@type\":\"WebPage\",\"@id\":\"https:\/\/www.wheelchairbasketball.ca\/fr\/2017u23wwbc\/equipes\/australie\/\",\"url\":\"https:\/\/www.wheelchairbasketball.ca\/fr\/2017u23wwbc\/equipes\/australie\/\",\"name\":\"Australie - Wheelchair Basketball Canada\",\"isPartOf\":{\"@id\":\"https:\/\/www.wheelchairbasketball.ca\/#website\"},\"datePublished\":\"2017-05-19T14:50:21+00:00\",\"dateModified\":\"2017-06-07T18:45:16+00:00\",\"breadcrumb\":{\"@id\":\"https:\/\/www.wheelchairbasketball.ca\/fr\/2017u23wwbc\/equipes\/australie\/#breadcrumb\"},\"inLanguage\":\"fr-FR\",\"potentialAction\":[{\"@type\":\"ReadAction\",\"target\":[\"https:\/\/www.wheelchairbasketball.ca\/fr\/2017u23wwbc\/equipes\/australie\/\"]}]},{\"@type\":\"BreadcrumbList\",\"@id\":\"https:\/\/www.wheelchairbasketball.ca\/fr\/2017u23wwbc\/equipes\/australie\/#breadcrumb\",\"itemListElement\":[{\"@type\":\"ListItem\",\"position\":1,\"name\":\"Home\",\"item\":\"https:\/\/www.wheelchairbasketball.ca\/fr\/\"},{\"@type\":\"ListItem\",\"position\":2,\"name\":\"2017u23wwbc\",\"item\":\"https:\/\/www.wheelchairbasketball.ca\/fr\/2017u23wwbc\/\"},{\"@type\":\"ListItem\",\"position\":3,\"name\":\"\u00c9quipes\",\"item\":\"https:\/\/www.wheelchairbasketball.ca\/fr\/2017u23wwbc\/equipes\/\"},{\"@type\":\"ListItem\",\"position\":4,\"name\":\"Australie\"}]},{\"@type\":\"WebSite\",\"@id\":\"https:\/\/www.wheelchairbasketball.ca\/#website\",\"url\":\"https:\/\/www.wheelchairbasketball.ca\/\",\"name\":\"Wheelchair Basketball Canada\",\"description\":\"Real Life. Real Sport.\",\"potentialAction\":[{\"@type\":\"SearchAction\",\"target\":{\"@type\":\"EntryPoint\",\"urlTemplate\":\"https:\/\/www.wheelchairbasketball.ca\/?s={search_term_string}\"},\"query-input\":\"required name=search_term_string\"}],\"inLanguage\":\"fr-FR\"}]}<\/script>\n<!-- \/ Yoast SEO plugin. -->","yoast_head_json":{"title":"Australie - Wheelchair Basketball Canada","robots":{"index":"index","follow":"follow","max-snippet":"max-snippet:-1","max-image-preview":"max-image-preview:large","max-video-preview":"max-video-preview:-1"},"canonical":"https:\/\/www.wheelchairbasketball.ca\/fr\/2017u23wwbc\/equipes\/australie\/","og_locale":"fr_FR","og_type":"article","og_title":"Australie - Wheelchair Basketball Canada","og_description":"L\u2019\u00e9quipe nationale australienne masculine des moins de 23 ans a concouru \u00e0 quatre des cinq Championnats du monde pr\u00e9c\u00e9dents. L\u2019Australie a trois fois remport\u00e9 la m\u00e9daille de bronze et rat\u00e9 de justesse le podium en 2009, avec une quatri\u00e8me place. Les Australiens participeront au Championnat du monde masculin des moins de 23 ans 2017 \u00e0 [&hellip;]","og_url":"https:\/\/www.wheelchairbasketball.ca\/fr\/2017u23wwbc\/equipes\/australie\/","og_site_name":"Wheelchair Basketball Canada","article_publisher":"http:\/\/www.facebook.com\/wheelchairbasketball","article_modified_time":"2017-06-07T18:45:16+00:00","og_image":[{"url":"https:\/\/www.wheelchairbasketball.ca\/wp-content\/uploads\/2017\/05\/australia-150x150.png"}],"twitter_card":"summary_large_image","twitter_site":"@WCBballCanada","twitter_misc":{"Dur\u00e9e de lecture estim\u00e9e":"1 minute"},"schema":{"@context":"https:\/\/schema.org","@graph":[{"@type":"WebPage","@id":"https:\/\/www.wheelchairbasketball.ca\/fr\/2017u23wwbc\/equipes\/australie\/","url":"https:\/\/www.wheelchairbasketball.ca\/fr\/2017u23wwbc\/equipes\/australie\/","name":"Australie - Wheelchair Basketball Canada","isPartOf":{"@id":"https:\/\/www.wheelchairbasketball.ca\/#website"},"datePublished":"2017-05-19T14:50:21+00:00","dateModified":"2017-06-07T18:45:16+00:00","breadcrumb":{"@id":"https:\/\/www.wheelchairbasketball.ca\/fr\/2017u23wwbc\/equipes\/australie\/#breadcrumb"},"inLanguage":"fr-FR","potentialAction":[{"@type":"ReadAction","target":["https:\/\/www.wheelchairbasketball.ca\/fr\/2017u23wwbc\/equipes\/australie\/"]}]},{"@type":"BreadcrumbList","@id":"https:\/\/www.wheelchairbasketball.ca\/fr\/2017u23wwbc\/equipes\/australie\/#breadcrumb","itemListElement":[{"@type":"ListItem","position":1,"name":"Home","item":"https:\/\/www.wheelchairbasketball.ca\/fr\/"},{"@type":"ListItem","position":2,"name":"2017u23wwbc","item":"https:\/\/www.wheelchairbasketball.ca\/fr\/2017u23wwbc\/"},{"@type":"ListItem","position":3,"name":"\u00c9quipes","item":"https:\/\/www.wheelchairbasketball.ca\/fr\/2017u23wwbc\/equipes\/"},{"@type":"ListItem","position":4,"name":"Australie"}]},{"@type":"WebSite","@id":"https:\/\/www.wheelchairbasketball.ca\/#website","url":"https:\/\/www.wheelchairbasketball.ca\/","name":"Wheelchair Basketball Canada","description":"Real Life. Real Sport.","potentialAction":[{"@type":"SearchAction","target":{"@type":"EntryPoint","urlTemplate":"https:\/\/www.wheelchairbasketball.ca\/?s={search_term_string}"},"query-input":"required name=search_term_string"}],"inLanguage":"fr-FR"}]}},"_links":{"self":[{"href":"https:\/\/www.wheelchairbasketball.ca\/fr\/wp-json\/wp\/v2\/pages\/7988"}],"collection":[{"href":"https:\/\/www.wheelchairbasketball.ca\/fr\/wp-json\/wp\/v2\/pages"}],"about":[{"href":"https:\/\/www.wheelchairbasketball.ca\/fr\/wp-json\/wp\/v2\/types\/page"}],"author":[{"embeddable":true,"href":"https:\/\/www.wheelchairbasketball.ca\/fr\/wp-json\/wp\/v2\/users\/7"}],"replies":[{"embeddable":true,"href":"https:\/\/www.wheelchairbasketball.ca\/fr\/wp-json\/wp\/v2\/comments?post=7988"}],"version-history":[{"count":7,"href":"https:\/\/www.wheelchairbasketball.ca\/fr\/wp-json\/wp\/v2\/pages\/7988\/revisions"}],"predecessor-version":[{"id":8184,"href":"https:\/\/www.wheelchairbasketball.ca\/fr\/wp-json\/wp\/v2\/pages\/7988\/revisions\/8184"}],"up":[{"embeddable":true,"href":"https:\/\/www.wheelchairbasketball.ca\/fr\/wp-json\/wp\/v2\/pages\/6897"}],"wp:attachment":[{"href":"https:\/\/www.wheelchairbasketball.ca\/fr\/wp-json\/wp\/v2\/media?parent=7988"}],"curies":[{"name":"wp","href":"https:\/\/api.w.org\/{rel}","templated":true}]}}