		  		  		  		  		  		  		  		  		  		  		  		  {"id":7992,"date":"2017-05-19T14:52:52","date_gmt":"2017-05-19T14:52:52","guid":{"rendered":"https:\/\/www.wheelchairbasketball.ca\/?page_id=7992"},"modified":"2017-05-28T22:28:17","modified_gmt":"2017-05-28T22:28:17","slug":"canada","status":"publish","type":"page","link":"https:\/\/www.wheelchairbasketball.ca\/fr\/2017u23wwbc\/equipes\/canada\/","title":{"rendered":"Canada"},"content":{"rendered":"<p><img loading=\"lazy\" decoding=\"async\" class=\"alignleft wp-image-7925 size-thumbnail\" src=\"https:\/\/www.wheelchairbasketball.ca\/wp-content\/uploads\/2017\/05\/canada-150x150.png\" alt=\"\" width=\"150\" height=\"150\" \/><\/p>\n<p>Les Canadiens de moins de 23 ans ont particip\u00e9 \u00e0 chacun des Championnats du monde des moins de 23\u00a0ans depuis que le Canada a accueilli l\u2019\u00e9dition inaugurale en 1997, \u00e0 Toronto. Le Canada a connu du succ\u00e8s \u00e0 ses deux premiers \u00e9v\u00e9nements, gravissant la plus haute marche du podium en 1997 et 2001, mais les Canadiens de moins de 23 ans n\u2019ont pas termin\u00e9 plus haut que la sixi\u00e8me place aux Championnats du monde suivants.<\/p>\n<p>\u00c9quipe Canada poursuivra \u00e0 nouveau le podium, alors que le pays et le monde entier c\u00e9l\u00e9breront le retour de l\u2019\u00e9v\u00e9nement dans la ville inaugurale \u00e0 l\u2019occasion de son 20<sup>e<\/sup> anniversaire.<\/p>\n<h4>Histoire au Championnat du monde<\/h4>\n<ul>\n<li>2013 \u2013 Adana, Turquie \u2013 6e place<\/li>\n<li>2009 \u2013 Paris, France \u2013 8e place<\/li>\n<li>2005 \u2013 Birmingham, Grande-Bretagne \u2013 6e place<\/li>\n<li>2001 \u2013 Blumenau, Br\u00e9sil \u2013 Gold<\/li>\n<li>1997 \u2013 Toronto, Canada \u2013 Gold<\/li>\n<\/ul>\n\n\t\t<ul class=\"roster_list\">\n\t\t  <li class=\"column-group list_header hide-medium hide-small hide-tiny\">\n\t\t\t  <div class=\"all-10 large-20 medium-33 small-100 tiny-100\"><\/div>\n\t\t\t  <div class=\"all-90 large-80 medium-66 small-100 tiny-100\">\n\t\t\t\t  <div class=\"column-group\">\n\t\t\t\t  <div class=\"all-50 medium-100 small-100 tiny-100\">Nom<\/div>\n\t\t\t\t  <div class=\"all-20 medium-100 small-100 tiny-100\">Class<\/div>\n\t\t\t\t  <div class=\"all-30 medium-100 small-100 tiny-100\">Club<\/div>\n\t\t\t\t<\/div>\n\t\t\t  <\/div>\n\t\t  <\/li>\n\t\t\t  <li class=\"column-group\">\n\t\t\t\t  <div class=\"all-10 large-20 medium-33 small-100 tiny-100\"><img decoding=\"async\" src=\"https:\/\/www.wheelchairbasketball.ca\/wp-content\/uploads\/2025\/06\/Thai_Milton-200x269-2.png\" \/><\/div>\n\t\t\t\t  <div class=\"all-90 large-80 medium-66 small-100 tiny-100\">\n\t\t\t\t\t  <div class=\"column-group\">\n\t\t\t\t\t  <div class=\"all-50 medium-100 small-100 tiny-100\"><strong>#4 <a href=\"https:\/\/www.wheelchairbasketball.ca\/fr\/players\/thai-milton\/\">Thai Milton<\/a><\/strong><br \/>01-02-2025<\/div>\n\t\t\t\t\t  <div class=\"all-20 medium-100 small-100 tiny-100\">2.0<\/div>\n\t\t\t\t\t  <div class=\"all-30 medium-100 small-100 tiny-100\">Variety Village<\/div>\n\t\t\t\t\t<\/div>\n\t\t\t\t  <\/div>\n\t\t\t  <\/li>\n\t\t\t  \n\t\t\t  <li class=\"column-group\">\n\t\t\t\t  <div class=\"all-10 large-20 medium-33 small-100 tiny-100\"><img decoding=\"async\" src=\"https:\/\/www.wheelchairbasketball.ca\/wp-content\/uploads\/2025\/06\/Keaton-MacEachern-200x269-2.png\" \/><\/div>\n\t\t\t\t  <div class=\"all-90 large-80 medium-66 small-100 tiny-100\">\n\t\t\t\t\t  <div class=\"column-group\">\n\t\t\t\t\t  <div class=\"all-50 medium-100 small-100 tiny-100\"><strong>#5 <a href=\"https:\/\/www.wheelchairbasketball.ca\/fr\/players\/keaton-maceachern\/\">Keaton MacEachern<\/a><\/strong><br \/>22-10-2004<\/div>\n\t\t\t\t\t  <div class=\"all-20 medium-100 small-100 tiny-100\">1.0<\/div>\n\t\t\t\t\t  <div class=\"all-30 medium-100 small-100 tiny-100\">Fraser Valley Hawks<\/div>\n\t\t\t\t\t<\/div>\n\t\t\t\t  <\/div>\n\t\t\t  <\/li>\n\t\t\t  \n\t\t\t  <li class=\"column-group\">\n\t\t\t\t  <div class=\"all-10 large-20 medium-33 small-100 tiny-100\"><img decoding=\"async\" src=\"https:\/\/www.wheelchairbasketball.ca\/wp-content\/uploads\/2024\/11\/Jeffer_Ward-200x269-2.png\" \/><\/div>\n\t\t\t\t  <div class=\"all-90 large-80 medium-66 small-100 tiny-100\">\n\t\t\t\t\t  <div class=\"column-group\">\n\t\t\t\t\t  <div class=\"all-50 medium-100 small-100 tiny-100\"><strong>#6 <a href=\"https:\/\/www.wheelchairbasketball.ca\/fr\/players\/jeffer-ward\/\">Jeffer Ward<\/a><\/strong><br \/>10-06-2003<\/div>\n\t\t\t\t\t  <div class=\"all-20 medium-100 small-100 tiny-100\">3.0<\/div>\n\t\t\t\t\t  <div class=\"all-30 medium-100 small-100 tiny-100\">Vancouver Cable Cars\/Eastern Washington University<\/div>\n\t\t\t\t\t<\/div>\n\t\t\t\t  <\/div>\n\t\t\t  <\/li>\n\t\t\t  \n\t\t\t  <li class=\"column-group\">\n\t\t\t\t  <div class=\"all-10 large-20 medium-33 small-100 tiny-100\"><img decoding=\"async\" src=\"https:\/\/www.wheelchairbasketball.ca\/wp-content\/uploads\/2025\/06\/Broden_Nagle-200x269-1.png\" \/><\/div>\n\t\t\t\t  <div class=\"all-90 large-80 medium-66 small-100 tiny-100\">\n\t\t\t\t\t  <div class=\"column-group\">\n\t\t\t\t\t  <div class=\"all-50 medium-100 small-100 tiny-100\"><strong>#7 <a href=\"https:\/\/www.wheelchairbasketball.ca\/fr\/players\/broden-nagle\/\">Broden Nagle<\/a><\/strong><br \/>10-11-2005<\/div>\n\t\t\t\t\t  <div class=\"all-20 medium-100 small-100 tiny-100\">3.5<\/div>\n\t\t\t\t\t  <div class=\"all-30 medium-100 small-100 tiny-100\">Twin City Spinners\/University of Arizona Wildcats<\/div>\n\t\t\t\t\t<\/div>\n\t\t\t\t  <\/div>\n\t\t\t  <\/li>\n\t\t\t  \n\t\t\t  <li class=\"column-group\">\n\t\t\t\t  <div class=\"all-10 large-20 medium-33 small-100 tiny-100\"><img decoding=\"async\" src=\"https:\/\/www.wheelchairbasketball.ca\/wp-content\/uploads\/2025\/06\/Bernard_Rosello-200x269-1.png\" \/><\/div>\n\t\t\t\t  <div class=\"all-90 large-80 medium-66 small-100 tiny-100\">\n\t\t\t\t\t  <div class=\"column-group\">\n\t\t\t\t\t  <div class=\"all-50 medium-100 small-100 tiny-100\"><strong>#8 <a href=\"https:\/\/www.wheelchairbasketball.ca\/fr\/players\/bernard-rosello\/\">Bernard Rosello<\/a><\/strong><br \/>09-07-2005<\/div>\n\t\t\t\t\t  <div class=\"all-20 medium-100 small-100 tiny-100\">3.5<\/div>\n\t\t\t\t\t  <div class=\"all-30 medium-100 small-100 tiny-100\">Manitoba<\/div>\n\t\t\t\t\t<\/div>\n\t\t\t\t  <\/div>\n\t\t\t  <\/li>\n\t\t\t  \n\t\t\t  <li class=\"column-group\">\n\t\t\t\t  <div class=\"all-10 large-20 medium-33 small-100 tiny-100\"><img decoding=\"async\" src=\"https:\/\/www.wheelchairbasketball.ca\/wp-content\/uploads\/2025\/06\/Matthew_Wilton-200x269-1.png\" \/><\/div>\n\t\t\t\t  <div class=\"all-90 large-80 medium-66 small-100 tiny-100\">\n\t\t\t\t\t  <div class=\"column-group\">\n\t\t\t\t\t  <div class=\"all-50 medium-100 small-100 tiny-100\"><strong>#9 <a href=\"https:\/\/www.wheelchairbasketball.ca\/fr\/players\/matthew-wilton\/\">Matthew Wilton<\/a><\/strong><br \/>24-02-2003<\/div>\n\t\t\t\t\t  <div class=\"all-20 medium-100 small-100 tiny-100\">1.5<\/div>\n\t\t\t\t\t  <div class=\"all-30 medium-100 small-100 tiny-100\">Manitoba<\/div>\n\t\t\t\t\t<\/div>\n\t\t\t\t  <\/div>\n\t\t\t  <\/li>\n\t\t\t  \n\t\t\t  <li class=\"column-group\">\n\t\t\t\t  <div class=\"all-10 large-20 medium-33 small-100 tiny-100\"><img decoding=\"async\" src=\"https:\/\/www.wheelchairbasketball.ca\/wp-content\/uploads\/2025\/06\/Nasif_Choudhury-200x269-1.png\" \/><\/div>\n\t\t\t\t  <div class=\"all-90 large-80 medium-66 small-100 tiny-100\">\n\t\t\t\t\t  <div class=\"column-group\">\n\t\t\t\t\t  <div class=\"all-50 medium-100 small-100 tiny-100\"><strong>#10 <a href=\"https:\/\/www.wheelchairbasketball.ca\/fr\/players\/nasif-chowdhury\/\">Nasif Chowdhury<\/a><\/strong><br \/>02-03-2003<\/div>\n\t\t\t\t\t  <div class=\"all-20 medium-100 small-100 tiny-100\">4.0<\/div>\n\t\t\t\t\t  <div class=\"all-30 medium-100 small-100 tiny-100\">Twin City Spinners\/Auburn University Tigers<\/div>\n\t\t\t\t\t<\/div>\n\t\t\t\t  <\/div>\n\t\t\t  <\/li>\n\t\t\t  \n\t\t\t  <li class=\"column-group\">\n\t\t\t\t  <div class=\"all-10 large-20 medium-33 small-100 tiny-100\"><img decoding=\"async\" src=\"https:\/\/www.wheelchairbasketball.ca\/wp-content\/uploads\/2025\/06\/Brandon-Louie-200x269-1.png\" \/><\/div>\n\t\t\t\t  <div class=\"all-90 large-80 medium-66 small-100 tiny-100\">\n\t\t\t\t\t  <div class=\"column-group\">\n\t\t\t\t\t  <div class=\"all-50 medium-100 small-100 tiny-100\"><strong>#11 <a href=\"https:\/\/www.wheelchairbasketball.ca\/fr\/players\/brandon-louie\/\">Brandon Louie<\/a><\/strong><br \/>27-10-2004<\/div>\n\t\t\t\t\t  <div class=\"all-20 medium-100 small-100 tiny-100\">1.5<\/div>\n\t\t\t\t\t  <div class=\"all-30 medium-100 small-100 tiny-100\">University of Arizona Wildcats<\/div>\n\t\t\t\t\t<\/div>\n\t\t\t\t  <\/div>\n\t\t\t  <\/li>\n\t\t\t  \n\t\t\t  <li class=\"column-group\">\n\t\t\t\t  <div class=\"all-10 large-20 medium-33 small-100 tiny-100\"><img decoding=\"async\" src=\"https:\/\/www.wheelchairbasketball.ca\/wp-content\/uploads\/2025\/06\/Cameron_Gelowitz-200x269-1.png\" \/><\/div>\n\t\t\t\t  <div class=\"all-90 large-80 medium-66 small-100 tiny-100\">\n\t\t\t\t\t  <div class=\"column-group\">\n\t\t\t\t\t  <div class=\"all-50 medium-100 small-100 tiny-100\"><strong>#12 <a href=\"https:\/\/www.wheelchairbasketball.ca\/fr\/players\/cameron-gelowitz\/\">Cameron Gelowitz<\/a><\/strong><br \/>22-01-2003<\/div>\n\t\t\t\t\t  <div class=\"all-20 medium-100 small-100 tiny-100\">3.0<\/div>\n\t\t\t\t\t  <div class=\"all-30 medium-100 small-100 tiny-100\">Kamloops Bulldogs <\/div>\n\t\t\t\t\t<\/div>\n\t\t\t\t  <\/div>\n\t\t\t  <\/li>\n\t\t\t  \n\t\t\t  <li class=\"column-group\">\n\t\t\t\t  <div class=\"all-10 large-20 medium-33 small-100 tiny-100\"><img decoding=\"async\" src=\"https:\/\/www.wheelchairbasketball.ca\/wp-content\/uploads\/2025\/06\/Dylan-Cannan-200x269-3.png\" \/><\/div>\n\t\t\t\t  <div class=\"all-90 large-80 medium-66 small-100 tiny-100\">\n\t\t\t\t\t  <div class=\"column-group\">\n\t\t\t\t\t  <div class=\"all-50 medium-100 small-100 tiny-100\"><strong>#13 <a href=\"https:\/\/www.wheelchairbasketball.ca\/fr\/players\/dylan-cannan\/\">Dylan Cannan<\/a><\/strong><br \/>08-04-2004<\/div>\n\t\t\t\t\t  <div class=\"all-20 medium-100 small-100 tiny-100\">1.5<\/div>\n\t\t\t\t\t  <div class=\"all-30 medium-100 small-100 tiny-100\"><\/div>\n\t\t\t\t\t<\/div>\n\t\t\t\t  <\/div>\n\t\t\t  <\/li>\n\t\t\t  \n\t\t\t  <li class=\"column-group\">\n\t\t\t\t  <div class=\"all-10 large-20 medium-33 small-100 tiny-100\"><img decoding=\"async\" src=\"https:\/\/www.wheelchairbasketball.ca\/wp-content\/uploads\/2025\/06\/Simon_Mazi-Keep-200x269-2.png\" \/><\/div>\n\t\t\t\t  <div class=\"all-90 large-80 medium-66 small-100 tiny-100\">\n\t\t\t\t\t  <div class=\"column-group\">\n\t\t\t\t\t  <div class=\"all-50 medium-100 small-100 tiny-100\"><strong>#14 <a href=\"https:\/\/www.wheelchairbasketball.ca\/fr\/players\/simon-mazi-keep\/\">Simon Mazi-Keep<\/a><\/strong><br \/>22-05-2008<\/div>\n\t\t\t\t\t  <div class=\"all-20 medium-100 small-100 tiny-100\">3.0<\/div>\n\t\t\t\t\t  <div class=\"all-30 medium-100 small-100 tiny-100\">Twin City Spinners<\/div>\n\t\t\t\t\t<\/div>\n\t\t\t\t  <\/div>\n\t\t\t  <\/li>\n\t\t\t  \n\t\t\t  <li class=\"column-group\">\n\t\t\t\t  <div class=\"all-10 large-20 medium-33 small-100 tiny-100\"><img decoding=\"async\" src=\"https:\/\/www.wheelchairbasketball.ca\/wp-content\/uploads\/2025\/06\/Ibrahim_Odza-200x269-2.png\" \/><\/div>\n\t\t\t\t  <div class=\"all-90 large-80 medium-66 small-100 tiny-100\">\n\t\t\t\t\t  <div class=\"column-group\">\n\t\t\t\t\t  <div class=\"all-50 medium-100 small-100 tiny-100\"><strong>#15 <a href=\"https:\/\/www.wheelchairbasketball.ca\/fr\/players\/ibrahim-odza\/\">Ibrahim Odza<\/a><\/strong><br \/>12-07-2009<\/div>\n\t\t\t\t\t  <div class=\"all-20 medium-100 small-100 tiny-100\">2.5<\/div>\n\t\t\t\t\t  <div class=\"all-30 medium-100 small-100 tiny-100\">Variety Village<\/div>\n\t\t\t\t\t<\/div>\n\t\t\t\t  <\/div>\n\t\t\t  <\/li>\n\t\t\t  \n\t\t  <h4>Entra\u00eeneurs et personnel<\/h4>\n\t\t  <li class=\"column-group\">\n\t\t\t  <div class=\"all-10 large-20 medium-33 small-100 tiny-100\"><img decoding=\"async\" src=\"https:\/\/www.wheelchairbasketball.ca\/wp-content\/uploads\/2015\/03\/Darrell-Nordell-200x269-2.png\" \/><\/div>\n\t\t\t  <div class=\"all-90 large-80 medium-66 small-100 tiny-100\">\n\t\t\t\t  <div class=\"column-group\">\n\t\t\t\t  <div class=\"all-50 medium-100 small-100 tiny-100\"><a href=\"https:\/\/www.wheelchairbasketball.ca\/fr\/team_staff\/darrell-nordell-2\/\">Darrell Nordell<\/a><br \/>\n\t\t\t\t\tEdmonton, AB<br \/>22-08-1968<\/div>\n\t\t\t\t  <div class=\"all-20 medium-100 small-100 tiny-100\">Entra\u00eeneur en chef<\/div>\n\t\t\t\t<\/div>\n\t\t\t  <\/div>\n\t\t  <\/li>\n\t      <li class=\"column-group\">\n            <div class=\"all-100\">\n              Entra\u00eeneur adjoint<br \/>\r\nChristian LaSerra (Richelieu, Que.)<br \/>\r\n<br \/>\r\nPersonnel de soutien suppl\u00e9mentaire<br \/>\r\nPaul Murata (Toronto, Ont.) \u2013 Athletic Therapist<br \/>\r\nJesse McNalley (Toronto, Ont.) \u2013 Performance Analyst<br \/>\r\n\n            <\/div>\n          <\/li><\/ul>\n","protected":false},"excerpt":{"rendered":"Les Canadiens de moins de 23 ans ont particip\u00e9 \u00e0 chacun des Championnats du monde des moins de 23\u00a0ans depuis que le Canada a accueilli l\u2019\u00e9dition inaugurale en 1997, \u00e0 Toronto. Le Canada a connu du succ\u00e8s \u00e0 ses deux premiers \u00e9v\u00e9nements, gravissant la plus haute marche du podium en 1997 et 2001, mais les [&hellip;]","protected":false},"author":7,"featured_media":0,"parent":6897,"menu_order":6,"comment_status":"closed","ping_status":"closed","template":"page-wwbc.php","meta":{"om_disable_all_campaigns":false,"_monsterinsights_skip_tracking":false,"_monsterinsights_sitenote_active":false,"_monsterinsights_sitenote_note":"","_monsterinsights_sitenote_category":0,"footnotes":""},"acf":[],"yoast_head":"<!-- This site is optimized with the Yoast SEO plugin v21.9.1 - https:\/\/yoast.com\/wordpress\/plugins\/seo\/ -->\n<title>Canada - Wheelchair Basketball Canada<\/title>\n<meta name=\"robots\" content=\"index, follow, max-snippet:-1, max-image-preview:large, max-video-preview:-1\" \/>\n<link rel=\"canonical\" href=\"https:\/\/www.wheelchairbasketball.ca\/fr\/2017u23wwbc\/equipes\/canada\/\" \/>\n<meta property=\"og:locale\" content=\"fr_FR\" \/>\n<meta property=\"og:type\" content=\"article\" \/>\n<meta property=\"og:title\" content=\"Canada - Wheelchair Basketball Canada\" \/>\n<meta property=\"og:description\" content=\"Les Canadiens de moins de 23 ans ont particip\u00e9 \u00e0 chacun des Championnats du monde des moins de 23\u00a0ans depuis que le Canada a accueilli l\u2019\u00e9dition inaugurale en 1997, \u00e0 Toronto. Le Canada a connu du succ\u00e8s \u00e0 ses deux premiers \u00e9v\u00e9nements, gravissant la plus haute marche du podium en 1997 et 2001, mais les [&hellip;]\" \/>\n<meta property=\"og:url\" content=\"https:\/\/www.wheelchairbasketball.ca\/fr\/2017u23wwbc\/equipes\/canada\/\" \/>\n<meta property=\"og:site_name\" content=\"Wheelchair Basketball Canada\" \/>\n<meta property=\"article:publisher\" content=\"http:\/\/www.facebook.com\/wheelchairbasketball\" \/>\n<meta property=\"article:modified_time\" content=\"2017-05-28T22:28:17+00:00\" \/>\n<meta property=\"og:image\" content=\"https:\/\/www.wheelchairbasketball.ca\/wp-content\/uploads\/2017\/05\/canada-150x150.png\" \/>\n<meta name=\"twitter:card\" content=\"summary_large_image\" \/>\n<meta name=\"twitter:site\" content=\"@WCBballCanada\" \/>\n<meta name=\"twitter:label1\" content=\"Dur\u00e9e de lecture estim\u00e9e\" \/>\n\t<meta name=\"twitter:data1\" content=\"1 minute\" \/>\n<script type=\"application\/ld+json\" class=\"yoast-schema-graph\">{\"@context\":\"https:\/\/schema.org\",\"@graph\":[{\"@type\":\"WebPage\",\"@id\":\"https:\/\/www.wheelchairbasketball.ca\/fr\/2017u23wwbc\/equipes\/canada\/\",\"url\":\"https:\/\/www.wheelchairbasketball.ca\/fr\/2017u23wwbc\/equipes\/canada\/\",\"name\":\"Canada - Wheelchair Basketball Canada\",\"isPartOf\":{\"@id\":\"https:\/\/www.wheelchairbasketball.ca\/#website\"},\"datePublished\":\"2017-05-19T14:52:52+00:00\",\"dateModified\":\"2017-05-28T22:28:17+00:00\",\"breadcrumb\":{\"@id\":\"https:\/\/www.wheelchairbasketball.ca\/fr\/2017u23wwbc\/equipes\/canada\/#breadcrumb\"},\"inLanguage\":\"fr-FR\",\"potentialAction\":[{\"@type\":\"ReadAction\",\"target\":[\"https:\/\/www.wheelchairbasketball.ca\/fr\/2017u23wwbc\/equipes\/canada\/\"]}]},{\"@type\":\"BreadcrumbList\",\"@id\":\"https:\/\/www.wheelchairbasketball.ca\/fr\/2017u23wwbc\/equipes\/canada\/#breadcrumb\",\"itemListElement\":[{\"@type\":\"ListItem\",\"position\":1,\"name\":\"Home\",\"item\":\"https:\/\/www.wheelchairbasketball.ca\/fr\/\"},{\"@type\":\"ListItem\",\"position\":2,\"name\":\"2017u23wwbc\",\"item\":\"https:\/\/www.wheelchairbasketball.ca\/fr\/2017u23wwbc\/\"},{\"@type\":\"ListItem\",\"position\":3,\"name\":\"\u00c9quipes\",\"item\":\"https:\/\/www.wheelchairbasketball.ca\/fr\/2017u23wwbc\/equipes\/\"},{\"@type\":\"ListItem\",\"position\":4,\"name\":\"Canada\"}]},{\"@type\":\"WebSite\",\"@id\":\"https:\/\/www.wheelchairbasketball.ca\/#website\",\"url\":\"https:\/\/www.wheelchairbasketball.ca\/\",\"name\":\"Wheelchair Basketball Canada\",\"description\":\"Real Life. Real Sport.\",\"potentialAction\":[{\"@type\":\"SearchAction\",\"target\":{\"@type\":\"EntryPoint\",\"urlTemplate\":\"https:\/\/www.wheelchairbasketball.ca\/?s={search_term_string}\"},\"query-input\":\"required name=search_term_string\"}],\"inLanguage\":\"fr-FR\"}]}<\/script>\n<!-- \/ Yoast SEO plugin. -->","yoast_head_json":{"title":"Canada - Wheelchair Basketball Canada","robots":{"index":"index","follow":"follow","max-snippet":"max-snippet:-1","max-image-preview":"max-image-preview:large","max-video-preview":"max-video-preview:-1"},"canonical":"https:\/\/www.wheelchairbasketball.ca\/fr\/2017u23wwbc\/equipes\/canada\/","og_locale":"fr_FR","og_type":"article","og_title":"Canada - Wheelchair Basketball Canada","og_description":"Les Canadiens de moins de 23 ans ont particip\u00e9 \u00e0 chacun des Championnats du monde des moins de 23\u00a0ans depuis que le Canada a accueilli l\u2019\u00e9dition inaugurale en 1997, \u00e0 Toronto. Le Canada a connu du succ\u00e8s \u00e0 ses deux premiers \u00e9v\u00e9nements, gravissant la plus haute marche du podium en 1997 et 2001, mais les [&hellip;]","og_url":"https:\/\/www.wheelchairbasketball.ca\/fr\/2017u23wwbc\/equipes\/canada\/","og_site_name":"Wheelchair Basketball Canada","article_publisher":"http:\/\/www.facebook.com\/wheelchairbasketball","article_modified_time":"2017-05-28T22:28:17+00:00","og_image":[{"url":"https:\/\/www.wheelchairbasketball.ca\/wp-content\/uploads\/2017\/05\/canada-150x150.png"}],"twitter_card":"summary_large_image","twitter_site":"@WCBballCanada","twitter_misc":{"Dur\u00e9e de lecture estim\u00e9e":"1 minute"},"schema":{"@context":"https:\/\/schema.org","@graph":[{"@type":"WebPage","@id":"https:\/\/www.wheelchairbasketball.ca\/fr\/2017u23wwbc\/equipes\/canada\/","url":"https:\/\/www.wheelchairbasketball.ca\/fr\/2017u23wwbc\/equipes\/canada\/","name":"Canada - Wheelchair Basketball Canada","isPartOf":{"@id":"https:\/\/www.wheelchairbasketball.ca\/#website"},"datePublished":"2017-05-19T14:52:52+00:00","dateModified":"2017-05-28T22:28:17+00:00","breadcrumb":{"@id":"https:\/\/www.wheelchairbasketball.ca\/fr\/2017u23wwbc\/equipes\/canada\/#breadcrumb"},"inLanguage":"fr-FR","potentialAction":[{"@type":"ReadAction","target":["https:\/\/www.wheelchairbasketball.ca\/fr\/2017u23wwbc\/equipes\/canada\/"]}]},{"@type":"BreadcrumbList","@id":"https:\/\/www.wheelchairbasketball.ca\/fr\/2017u23wwbc\/equipes\/canada\/#breadcrumb","itemListElement":[{"@type":"ListItem","position":1,"name":"Home","item":"https:\/\/www.wheelchairbasketball.ca\/fr\/"},{"@type":"ListItem","position":2,"name":"2017u23wwbc","item":"https:\/\/www.wheelchairbasketball.ca\/fr\/2017u23wwbc\/"},{"@type":"ListItem","position":3,"name":"\u00c9quipes","item":"https:\/\/www.wheelchairbasketball.ca\/fr\/2017u23wwbc\/equipes\/"},{"@type":"ListItem","position":4,"name":"Canada"}]},{"@type":"WebSite","@id":"https:\/\/www.wheelchairbasketball.ca\/#website","url":"https:\/\/www.wheelchairbasketball.ca\/","name":"Wheelchair Basketball Canada","description":"Real Life. Real Sport.","potentialAction":[{"@type":"SearchAction","target":{"@type":"EntryPoint","urlTemplate":"https:\/\/www.wheelchairbasketball.ca\/?s={search_term_string}"},"query-input":"required name=search_term_string"}],"inLanguage":"fr-FR"}]}},"_links":{"self":[{"href":"https:\/\/www.wheelchairbasketball.ca\/fr\/wp-json\/wp\/v2\/pages\/7992"}],"collection":[{"href":"https:\/\/www.wheelchairbasketball.ca\/fr\/wp-json\/wp\/v2\/pages"}],"about":[{"href":"https:\/\/www.wheelchairbasketball.ca\/fr\/wp-json\/wp\/v2\/types\/page"}],"author":[{"embeddable":true,"href":"https:\/\/www.wheelchairbasketball.ca\/fr\/wp-json\/wp\/v2\/users\/7"}],"replies":[{"embeddable":true,"href":"https:\/\/www.wheelchairbasketball.ca\/fr\/wp-json\/wp\/v2\/comments?post=7992"}],"version-history":[{"count":2,"href":"https:\/\/www.wheelchairbasketball.ca\/fr\/wp-json\/wp\/v2\/pages\/7992\/revisions"}],"predecessor-version":[{"id":8034,"href":"https:\/\/www.wheelchairbasketball.ca\/fr\/wp-json\/wp\/v2\/pages\/7992\/revisions\/8034"}],"up":[{"embeddable":true,"href":"https:\/\/www.wheelchairbasketball.ca\/fr\/wp-json\/wp\/v2\/pages\/6897"}],"wp:attachment":[{"href":"https:\/\/www.wheelchairbasketball.ca\/fr\/wp-json\/wp\/v2\/media?parent=7992"}],"curies":[{"name":"wp","href":"https:\/\/api.w.org\/{rel}","templated":true}]}}