{"id":7994,"date":"2017-05-19T14:56:09","date_gmt":"2017-05-19T14:56:09","guid":{"rendered":"https:\/\/www.wheelchairbasketball.ca\/?page_id=7994"},"modified":"2017-06-06T22:43:21","modified_gmt":"2017-06-06T22:43:21","slug":"iran","status":"publish","type":"page","link":"https:\/\/www.wheelchairbasketball.ca\/fr\/2017u23wwbc\/equipes\/iran\/","title":{"rendered":"Iran"},"content":{"rendered":"<p><img loading=\"lazy\" decoding=\"async\" class=\"alignleft wp-image-7928 size-thumbnail\" src=\"https:\/\/www.wheelchairbasketball.ca\/wp-content\/uploads\/2017\/05\/iran-150x150.png\" alt=\"\" width=\"150\" height=\"150\" \/><\/p>\n<p>Le Championnat du monde masculin des moins de 23 ans 2017 marque la seconde apparition de l\u2019Iran au tournoi, apr\u00e8s une cinqui\u00e8me place en 2013.<\/p>\n<p>En vue du tournoi, les Iraniens viennent d\u2019obtenir leur deuxi\u00e8me premi\u00e8re place cons\u00e9cutive au tournoi de qualification Asie-Oc\u00e9anie des moins de 23 ans et sont pr\u00eats \u00e0 commencer leur ascension dans les classements mondiaux, alors qu\u2019ils acqui\u00e8rent plus d\u2019exp\u00e9rience.<\/p>\n<h4>Histoire au Championnat du monde<\/h4>\n<ul>\n<li>2013 \u2013 Adana, Turquie\u00a0\u2013 5e place<\/li>\n<\/ul>\n<h4><strong>Formation de l&rsquo;equipe<\/strong><\/h4>\n<table width=\"647\">\n<tbody>\n<tr>\n<td width=\"35\">\n<h6>No.<\/h6>\n<\/td>\n<td width=\"164\">\n<h6>Nom<\/h6>\n<\/td>\n<td width=\"74\">\n<h6>Cat\u00e9g.<\/h6>\n<\/td>\n<td width=\"163\">\n<h6>Date de naissance<\/h6>\n<\/td>\n<td width=\"211\">\n<h6>Ville d\u2019origine<\/h6>\n<\/td>\n<\/tr>\n<tr>\n<td width=\"35\">4<\/td>\n<td width=\"164\">Mehdi Mazloum<\/td>\n<td width=\"74\">1.5<\/td>\n<td width=\"163\">27-Sep-2001<\/td>\n<td width=\"211\">Kashan<\/td>\n<\/tr>\n<tr>\n<td width=\"35\">5<\/td>\n<td width=\"164\">Hassanali Kaab Amir<\/td>\n<td width=\"74\">2.5<\/td>\n<td width=\"163\">23-May-1995<\/td>\n<td width=\"211\">Tehran<\/td>\n<\/tr>\n<tr>\n<td width=\"35\">6<\/td>\n<td width=\"164\">Amirreza Ahmadi<\/td>\n<td width=\"74\">3.5<\/td>\n<td width=\"163\">16-Oct-2000<\/td>\n<td width=\"211\">Eilam<\/td>\n<\/tr>\n<tr>\n<td width=\"35\">7<\/td>\n<td width=\"164\">Peyman Mizan<\/td>\n<td width=\"74\">2.0<\/td>\n<td width=\"163\">07-Jan-2000<\/td>\n<td width=\"211\">Tehran<\/td>\n<\/tr>\n<tr>\n<td width=\"35\">8<\/td>\n<td width=\"164\">Mehdi Mandegari<\/td>\n<td width=\"74\">1.5<\/td>\n<td width=\"163\">28-Dec-1997<\/td>\n<td width=\"211\">Bandar Abbas<\/td>\n<\/tr>\n<tr>\n<td width=\"35\">9<\/td>\n<td width=\"164\">Ali Karimi Kerdabadi<\/td>\n<td width=\"74\">1.5<\/td>\n<td width=\"163\">20-Nov-1996<\/td>\n<td width=\"211\">Esfahan<\/td>\n<\/tr>\n<tr>\n<td width=\"35\">10<\/td>\n<td width=\"164\">Mojtaba Kamali<\/td>\n<td width=\"74\">4.5<\/td>\n<td width=\"163\">09-Oct-1998<\/td>\n<td width=\"211\">Shiraz<\/td>\n<\/tr>\n<tr>\n<td width=\"35\">11<\/td>\n<td width=\"164\">Seyedmahdi Mousavi<\/td>\n<td width=\"74\">4.5<\/td>\n<td width=\"163\">29-Jan-1995<\/td>\n<td width=\"211\">Tehran<\/td>\n<\/tr>\n<tr>\n<td width=\"35\">12<\/td>\n<td width=\"164\">Reza Eivazi<\/td>\n<td width=\"74\">4.0<\/td>\n<td width=\"163\">02-Jan-1999<\/td>\n<td width=\"211\">Qom<\/td>\n<\/tr>\n<tr>\n<td width=\"35\">13<\/td>\n<td width=\"164\">Mohammadhassan Sayari<\/td>\n<td width=\"74\">4.0<\/td>\n<td width=\"163\">17-Aug-1997<\/td>\n<td width=\"211\">Arak<\/td>\n<\/tr>\n<tr>\n<td width=\"35\">14<\/td>\n<td width=\"164\">Mahdi Abbasishotoryeh<\/td>\n<td width=\"74\">3.5<\/td>\n<td width=\"163\">23-Oct-2002<\/td>\n<td width=\"211\">Arak<\/td>\n<\/tr>\n<tr>\n<td width=\"35\">15<\/td>\n<td width=\"164\">Homayoun Askari Mehrabadi<\/td>\n<td width=\"74\">3.5<\/td>\n<td width=\"163\">24-Jan-1998<\/td>\n<td width=\"211\">Arak<\/td>\n<\/tr>\n<\/tbody>\n<\/table>\n<div class=\"page\" title=\"Page 28\">\n<div class=\"section\">\n<div class=\"layoutArea\">\n<div class=\"column\">\n<p><strong>Entra\u00eeneurs et personnel:<\/strong> Head Coach : Hasan Farshid Palar \/ Manager : Hadi Rezaeigarkani \/ Staff : Hamed Jolaei \/ Interpreter : Mahmoud Irandoust<\/p>\n<\/div>\n<\/div>\n<\/div>\n<\/div>\n","protected":false},"excerpt":{"rendered":"Le Championnat du monde masculin des moins de 23 ans 2017 marque la seconde apparition de l\u2019Iran au tournoi, apr\u00e8s une cinqui\u00e8me place en 2013. En vue du tournoi, les Iraniens viennent d\u2019obtenir leur deuxi\u00e8me premi\u00e8re place cons\u00e9cutive au tournoi de qualification Asie-Oc\u00e9anie des moins de 23 ans et sont pr\u00eats \u00e0 commencer leur ascension [&hellip;]","protected":false},"author":7,"featured_media":0,"parent":6897,"menu_order":7,"comment_status":"closed","ping_status":"closed","template":"page-wwbc.php","meta":{"om_disable_all_campaigns":false,"_monsterinsights_skip_tracking":false,"_monsterinsights_sitenote_active":false,"_monsterinsights_sitenote_note":"","_monsterinsights_sitenote_category":0,"footnotes":""},"acf":[],"yoast_head":"<!-- This site is optimized with the Yoast SEO plugin v21.9.1 - https:\/\/yoast.com\/wordpress\/plugins\/seo\/ -->\n<title>Iran - Wheelchair Basketball Canada<\/title>\n<meta name=\"robots\" content=\"index, follow, max-snippet:-1, max-image-preview:large, max-video-preview:-1\" \/>\n<link rel=\"canonical\" href=\"https:\/\/www.wheelchairbasketball.ca\/fr\/2017u23wwbc\/equipes\/iran\/\" \/>\n<meta property=\"og:locale\" content=\"fr_FR\" \/>\n<meta property=\"og:type\" content=\"article\" \/>\n<meta property=\"og:title\" content=\"Iran - Wheelchair Basketball Canada\" \/>\n<meta property=\"og:description\" content=\"Le Championnat du monde masculin des moins de 23 ans 2017 marque la seconde apparition de l\u2019Iran au tournoi, apr\u00e8s une cinqui\u00e8me place en 2013. En vue du tournoi, les Iraniens viennent d\u2019obtenir leur deuxi\u00e8me premi\u00e8re place cons\u00e9cutive au tournoi de qualification Asie-Oc\u00e9anie des moins de 23 ans et sont pr\u00eats \u00e0 commencer leur ascension [&hellip;]\" \/>\n<meta property=\"og:url\" content=\"https:\/\/www.wheelchairbasketball.ca\/fr\/2017u23wwbc\/equipes\/iran\/\" \/>\n<meta property=\"og:site_name\" content=\"Wheelchair Basketball Canada\" \/>\n<meta property=\"article:publisher\" content=\"http:\/\/www.facebook.com\/wheelchairbasketball\" \/>\n<meta property=\"article:modified_time\" content=\"2017-06-06T22:43:21+00:00\" \/>\n<meta property=\"og:image\" content=\"https:\/\/www.wheelchairbasketball.ca\/wp-content\/uploads\/2017\/05\/iran-150x150.png\" \/>\n<meta name=\"twitter:card\" content=\"summary_large_image\" \/>\n<meta name=\"twitter:site\" content=\"@WCBballCanada\" \/>\n<meta name=\"twitter:label1\" content=\"Dur\u00e9e de lecture estim\u00e9e\" \/>\n\t<meta name=\"twitter:data1\" content=\"1 minute\" \/>\n<script type=\"application\/ld+json\" class=\"yoast-schema-graph\">{\"@context\":\"https:\/\/schema.org\",\"@graph\":[{\"@type\":\"WebPage\",\"@id\":\"https:\/\/www.wheelchairbasketball.ca\/fr\/2017u23wwbc\/equipes\/iran\/\",\"url\":\"https:\/\/www.wheelchairbasketball.ca\/fr\/2017u23wwbc\/equipes\/iran\/\",\"name\":\"Iran - Wheelchair Basketball Canada\",\"isPartOf\":{\"@id\":\"https:\/\/www.wheelchairbasketball.ca\/#website\"},\"datePublished\":\"2017-05-19T14:56:09+00:00\",\"dateModified\":\"2017-06-06T22:43:21+00:00\",\"breadcrumb\":{\"@id\":\"https:\/\/www.wheelchairbasketball.ca\/fr\/2017u23wwbc\/equipes\/iran\/#breadcrumb\"},\"inLanguage\":\"fr-FR\",\"potentialAction\":[{\"@type\":\"ReadAction\",\"target\":[\"https:\/\/www.wheelchairbasketball.ca\/fr\/2017u23wwbc\/equipes\/iran\/\"]}]},{\"@type\":\"BreadcrumbList\",\"@id\":\"https:\/\/www.wheelchairbasketball.ca\/fr\/2017u23wwbc\/equipes\/iran\/#breadcrumb\",\"itemListElement\":[{\"@type\":\"ListItem\",\"position\":1,\"name\":\"Home\",\"item\":\"https:\/\/www.wheelchairbasketball.ca\/fr\/\"},{\"@type\":\"ListItem\",\"position\":2,\"name\":\"2017u23wwbc\",\"item\":\"https:\/\/www.wheelchairbasketball.ca\/fr\/2017u23wwbc\/\"},{\"@type\":\"ListItem\",\"position\":3,\"name\":\"\u00c9quipes\",\"item\":\"https:\/\/www.wheelchairbasketball.ca\/fr\/2017u23wwbc\/equipes\/\"},{\"@type\":\"ListItem\",\"position\":4,\"name\":\"Iran\"}]},{\"@type\":\"WebSite\",\"@id\":\"https:\/\/www.wheelchairbasketball.ca\/#website\",\"url\":\"https:\/\/www.wheelchairbasketball.ca\/\",\"name\":\"Wheelchair Basketball Canada\",\"description\":\"Real Life. Real Sport.\",\"potentialAction\":[{\"@type\":\"SearchAction\",\"target\":{\"@type\":\"EntryPoint\",\"urlTemplate\":\"https:\/\/www.wheelchairbasketball.ca\/?s={search_term_string}\"},\"query-input\":\"required name=search_term_string\"}],\"inLanguage\":\"fr-FR\"}]}<\/script>\n<!-- \/ Yoast SEO plugin. -->","yoast_head_json":{"title":"Iran - Wheelchair Basketball Canada","robots":{"index":"index","follow":"follow","max-snippet":"max-snippet:-1","max-image-preview":"max-image-preview:large","max-video-preview":"max-video-preview:-1"},"canonical":"https:\/\/www.wheelchairbasketball.ca\/fr\/2017u23wwbc\/equipes\/iran\/","og_locale":"fr_FR","og_type":"article","og_title":"Iran - Wheelchair Basketball Canada","og_description":"Le Championnat du monde masculin des moins de 23 ans 2017 marque la seconde apparition de l\u2019Iran au tournoi, apr\u00e8s une cinqui\u00e8me place en 2013. En vue du tournoi, les Iraniens viennent d\u2019obtenir leur deuxi\u00e8me premi\u00e8re place cons\u00e9cutive au tournoi de qualification Asie-Oc\u00e9anie des moins de 23 ans et sont pr\u00eats \u00e0 commencer leur ascension [&hellip;]","og_url":"https:\/\/www.wheelchairbasketball.ca\/fr\/2017u23wwbc\/equipes\/iran\/","og_site_name":"Wheelchair Basketball Canada","article_publisher":"http:\/\/www.facebook.com\/wheelchairbasketball","article_modified_time":"2017-06-06T22:43:21+00:00","og_image":[{"url":"https:\/\/www.wheelchairbasketball.ca\/wp-content\/uploads\/2017\/05\/iran-150x150.png"}],"twitter_card":"summary_large_image","twitter_site":"@WCBballCanada","twitter_misc":{"Dur\u00e9e de lecture estim\u00e9e":"1 minute"},"schema":{"@context":"https:\/\/schema.org","@graph":[{"@type":"WebPage","@id":"https:\/\/www.wheelchairbasketball.ca\/fr\/2017u23wwbc\/equipes\/iran\/","url":"https:\/\/www.wheelchairbasketball.ca\/fr\/2017u23wwbc\/equipes\/iran\/","name":"Iran - Wheelchair Basketball Canada","isPartOf":{"@id":"https:\/\/www.wheelchairbasketball.ca\/#website"},"datePublished":"2017-05-19T14:56:09+00:00","dateModified":"2017-06-06T22:43:21+00:00","breadcrumb":{"@id":"https:\/\/www.wheelchairbasketball.ca\/fr\/2017u23wwbc\/equipes\/iran\/#breadcrumb"},"inLanguage":"fr-FR","potentialAction":[{"@type":"ReadAction","target":["https:\/\/www.wheelchairbasketball.ca\/fr\/2017u23wwbc\/equipes\/iran\/"]}]},{"@type":"BreadcrumbList","@id":"https:\/\/www.wheelchairbasketball.ca\/fr\/2017u23wwbc\/equipes\/iran\/#breadcrumb","itemListElement":[{"@type":"ListItem","position":1,"name":"Home","item":"https:\/\/www.wheelchairbasketball.ca\/fr\/"},{"@type":"ListItem","position":2,"name":"2017u23wwbc","item":"https:\/\/www.wheelchairbasketball.ca\/fr\/2017u23wwbc\/"},{"@type":"ListItem","position":3,"name":"\u00c9quipes","item":"https:\/\/www.wheelchairbasketball.ca\/fr\/2017u23wwbc\/equipes\/"},{"@type":"ListItem","position":4,"name":"Iran"}]},{"@type":"WebSite","@id":"https:\/\/www.wheelchairbasketball.ca\/#website","url":"https:\/\/www.wheelchairbasketball.ca\/","name":"Wheelchair Basketball Canada","description":"Real Life. Real Sport.","potentialAction":[{"@type":"SearchAction","target":{"@type":"EntryPoint","urlTemplate":"https:\/\/www.wheelchairbasketball.ca\/?s={search_term_string}"},"query-input":"required name=search_term_string"}],"inLanguage":"fr-FR"}]}},"_links":{"self":[{"href":"https:\/\/www.wheelchairbasketball.ca\/fr\/wp-json\/wp\/v2\/pages\/7994"}],"collection":[{"href":"https:\/\/www.wheelchairbasketball.ca\/fr\/wp-json\/wp\/v2\/pages"}],"about":[{"href":"https:\/\/www.wheelchairbasketball.ca\/fr\/wp-json\/wp\/v2\/types\/page"}],"author":[{"embeddable":true,"href":"https:\/\/www.wheelchairbasketball.ca\/fr\/wp-json\/wp\/v2\/users\/7"}],"replies":[{"embeddable":true,"href":"https:\/\/www.wheelchairbasketball.ca\/fr\/wp-json\/wp\/v2\/comments?post=7994"}],"version-history":[{"count":3,"href":"https:\/\/www.wheelchairbasketball.ca\/fr\/wp-json\/wp\/v2\/pages\/7994\/revisions"}],"predecessor-version":[{"id":8135,"href":"https:\/\/www.wheelchairbasketball.ca\/fr\/wp-json\/wp\/v2\/pages\/7994\/revisions\/8135"}],"up":[{"embeddable":true,"href":"https:\/\/www.wheelchairbasketball.ca\/fr\/wp-json\/wp\/v2\/pages\/6897"}],"wp:attachment":[{"href":"https:\/\/www.wheelchairbasketball.ca\/fr\/wp-json\/wp\/v2\/media?parent=7994"}],"curies":[{"name":"wp","href":"https:\/\/api.w.org\/{rel}","templated":true}]}}