{"id":7996,"date":"2017-05-19T15:01:57","date_gmt":"2017-05-19T15:01:57","guid":{"rendered":"https:\/\/www.wheelchairbasketball.ca\/?page_id=7996"},"modified":"2017-06-07T00:12:46","modified_gmt":"2017-06-07T00:12:46","slug":"japon","status":"publish","type":"page","link":"https:\/\/www.wheelchairbasketball.ca\/fr\/2017u23wwbc\/equipes\/japon\/","title":{"rendered":"Japon"},"content":{"rendered":"<p><img loading=\"lazy\" decoding=\"async\" class=\"alignleft wp-image-7929 size-thumbnail\" src=\"https:\/\/www.wheelchairbasketball.ca\/wp-content\/uploads\/2017\/05\/japan-150x150.png\" alt=\"\" width=\"150\" height=\"150\" \/><\/p>\n<p>L\u2019\u00e9quipe nationale japonaise masculine des moins de 23 ans a particip\u00e9 aux trois derniers Championnats du monde. L\u2019\u00e9quipe est parvenue \u00e0 la deuxi\u00e8me place dans son histoire au tournoi, atteignant le podium une seule fois \u00e0 sa premi\u00e8re apparition en 2005. Plus r\u00e9cemment, le Japon s\u2019est class\u00e9 neuvi\u00e8me au dernier championnat du monde pour les juniors hommes en 2013.<\/p>\n<h4>Histoire au Championnat du monde<\/h4>\n<ul>\n<li>2013 \u2013 Adana, Turquie \u2013 9e place<\/li>\n<li>2009 \u2013 Paris, France \u2013 6e place<\/li>\n<li>2005 \u2013 Birmingham, Grande-Bretagne \u2013\u00a0Argent<\/li>\n<\/ul>\n<h4><strong>Formation de l&rsquo;equipe<\/strong><\/h4>\n<table width=\"488\">\n<tbody>\n<tr>\n<td width=\"35\">\n<h6><strong>No.<\/strong><\/h6>\n<\/td>\n<td width=\"115\">\n<h6><strong>Nom<\/strong><\/h6>\n<\/td>\n<td width=\"62\">\n<h6><strong>Cat\u00e9g.<br \/>\n<\/strong><\/h6>\n<\/td>\n<td width=\"116\">\n<h6>Date de naissance<\/h6>\n<\/td>\n<td width=\"160\">\n<h6>Ville d\u2019origine<\/h6>\n<\/td>\n<\/tr>\n<tr>\n<td width=\"35\">2<\/td>\n<td width=\"115\">Renshi Chokai<\/td>\n<td width=\"62\">2.5<\/td>\n<td width=\"116\">02-Feb-1999<\/td>\n<td width=\"160\">Nagasaki<\/td>\n<\/tr>\n<tr>\n<td width=\"35\">5<\/td>\n<td width=\"115\">Rintaro Furusaki<\/td>\n<td width=\"62\">3.0<\/td>\n<td width=\"116\">24-May-2001<\/td>\n<td width=\"160\">Fukui<\/td>\n<\/tr>\n<tr>\n<td width=\"35\">7<\/td>\n<td width=\"115\">Takuya Furusawa<\/td>\n<td width=\"62\">3.0<\/td>\n<td width=\"116\">08-May-1996<\/td>\n<td width=\"160\">Kanagawa<\/td>\n<\/tr>\n<tr>\n<td width=\"35\">9<\/td>\n<td width=\"115\">Koki Maruyama<\/td>\n<td width=\"62\">2.5<\/td>\n<td width=\"116\">04-Sep-1996<\/td>\n<td width=\"160\">Nagano<\/td>\n<\/tr>\n<tr>\n<td width=\"35\">10<\/td>\n<td width=\"115\">Takayoshi Iwai<\/td>\n<td width=\"62\">1.0<\/td>\n<td width=\"116\">28-Jun-1996<\/td>\n<td width=\"160\">Toyama<\/td>\n<\/tr>\n<tr>\n<td width=\"35\">11<\/td>\n<td width=\"115\">Kazuma Terauchi<\/td>\n<td width=\"62\">4.5<\/td>\n<td width=\"116\">21-Oct-1998<\/td>\n<td width=\"160\">Toyama<\/td>\n<\/tr>\n<tr>\n<td width=\"35\">12<\/td>\n<td width=\"115\">Satoru Kumagai<\/td>\n<td width=\"62\">3.5<\/td>\n<td width=\"116\">05-Sep-1996<\/td>\n<td width=\"160\">Nagano<\/td>\n<\/tr>\n<tr>\n<td width=\"35\">13<\/td>\n<td width=\"115\">Ryuga Akaishi<\/td>\n<td width=\"62\">2.5<\/td>\n<td width=\"116\">11-Sep-2000<\/td>\n<td width=\"160\">Saitama<\/td>\n<\/tr>\n<tr>\n<td width=\"35\">14<\/td>\n<td width=\"115\">Yoshinobu Takamatsu<\/td>\n<td width=\"62\">4.0<\/td>\n<td width=\"116\">20-Nov-1999<\/td>\n<td width=\"160\">Tochigi<\/td>\n<\/tr>\n<tr>\n<td width=\"35\">18<\/td>\n<td width=\"115\">Rin Kawahara<\/td>\n<td width=\"62\">1.5<\/td>\n<td width=\"116\">03-Dec-1996<\/td>\n<td width=\"160\">Nagasaki<\/td>\n<\/tr>\n<tr>\n<td width=\"35\">46<\/td>\n<td width=\"115\">Shuya Tanaka<\/td>\n<td width=\"62\">4.0<\/td>\n<td width=\"116\">27-May-1995<\/td>\n<td width=\"160\">Gifu<\/td>\n<\/tr>\n<tr>\n<td width=\"35\">92<\/td>\n<td width=\"115\">Takahiro Akeda<\/td>\n<td width=\"62\">1.0<\/td>\n<td width=\"116\">26-Jun-1995<\/td>\n<td width=\"160\">Osaka<\/td>\n<\/tr>\n<\/tbody>\n<\/table>\n<div class=\"page\" title=\"Page 30\">\n<div class=\"section\">\n<div class=\"layoutArea\">\n<div class=\"column\">\n<p><strong>Entra\u00eeneurs et personnel<\/strong>: Head Coach : Kazuyuki Kyoya \/ Assistant Coach : Sayaka Yamasaki \/ Team Leader : Satoshi Nishida \/ Trainer : Hironori Kino \/ Trainer : Takumi Saito \/ Team Staff : Eriko Yokose \/ Translator : Miki Matheson<\/p>\n<\/div>\n<\/div>\n<\/div>\n<\/div>\n","protected":false},"excerpt":{"rendered":"L\u2019\u00e9quipe nationale japonaise masculine des moins de 23 ans a particip\u00e9 aux trois derniers Championnats du monde. L\u2019\u00e9quipe est parvenue \u00e0 la deuxi\u00e8me place dans son histoire au tournoi, atteignant le podium une seule fois \u00e0 sa premi\u00e8re apparition en 2005. Plus r\u00e9cemment, le Japon s\u2019est class\u00e9 neuvi\u00e8me au dernier championnat du monde pour les [&hellip;]","protected":false},"author":7,"featured_media":0,"parent":6897,"menu_order":8,"comment_status":"closed","ping_status":"closed","template":"page-wwbc.php","meta":{"om_disable_all_campaigns":false,"_monsterinsights_skip_tracking":false,"_monsterinsights_sitenote_active":false,"_monsterinsights_sitenote_note":"","_monsterinsights_sitenote_category":0,"footnotes":""},"acf":[],"yoast_head":"<!-- This site is optimized with the Yoast SEO plugin v21.9.1 - https:\/\/yoast.com\/wordpress\/plugins\/seo\/ -->\n<title>Japon - Wheelchair Basketball Canada<\/title>\n<meta name=\"robots\" content=\"index, follow, max-snippet:-1, max-image-preview:large, max-video-preview:-1\" \/>\n<link rel=\"canonical\" href=\"https:\/\/www.wheelchairbasketball.ca\/fr\/2017u23wwbc\/equipes\/japon\/\" \/>\n<meta property=\"og:locale\" content=\"fr_FR\" \/>\n<meta property=\"og:type\" content=\"article\" \/>\n<meta property=\"og:title\" content=\"Japon - Wheelchair Basketball Canada\" \/>\n<meta property=\"og:description\" content=\"L\u2019\u00e9quipe nationale japonaise masculine des moins de 23 ans a particip\u00e9 aux trois derniers Championnats du monde. L\u2019\u00e9quipe est parvenue \u00e0 la deuxi\u00e8me place dans son histoire au tournoi, atteignant le podium une seule fois \u00e0 sa premi\u00e8re apparition en 2005. Plus r\u00e9cemment, le Japon s\u2019est class\u00e9 neuvi\u00e8me au dernier championnat du monde pour les [&hellip;]\" \/>\n<meta property=\"og:url\" content=\"https:\/\/www.wheelchairbasketball.ca\/fr\/2017u23wwbc\/equipes\/japon\/\" \/>\n<meta property=\"og:site_name\" content=\"Wheelchair Basketball Canada\" \/>\n<meta property=\"article:publisher\" content=\"http:\/\/www.facebook.com\/wheelchairbasketball\" \/>\n<meta property=\"article:modified_time\" content=\"2017-06-07T00:12:46+00:00\" \/>\n<meta property=\"og:image\" content=\"https:\/\/www.wheelchairbasketball.ca\/wp-content\/uploads\/2017\/05\/japan-150x150.png\" \/>\n<meta name=\"twitter:card\" content=\"summary_large_image\" \/>\n<meta name=\"twitter:site\" content=\"@WCBballCanada\" \/>\n<meta name=\"twitter:label1\" content=\"Dur\u00e9e de lecture estim\u00e9e\" \/>\n\t<meta name=\"twitter:data1\" content=\"1 minute\" \/>\n<script type=\"application\/ld+json\" class=\"yoast-schema-graph\">{\"@context\":\"https:\/\/schema.org\",\"@graph\":[{\"@type\":\"WebPage\",\"@id\":\"https:\/\/www.wheelchairbasketball.ca\/fr\/2017u23wwbc\/equipes\/japon\/\",\"url\":\"https:\/\/www.wheelchairbasketball.ca\/fr\/2017u23wwbc\/equipes\/japon\/\",\"name\":\"Japon - Wheelchair Basketball Canada\",\"isPartOf\":{\"@id\":\"https:\/\/www.wheelchairbasketball.ca\/#website\"},\"datePublished\":\"2017-05-19T15:01:57+00:00\",\"dateModified\":\"2017-06-07T00:12:46+00:00\",\"breadcrumb\":{\"@id\":\"https:\/\/www.wheelchairbasketball.ca\/fr\/2017u23wwbc\/equipes\/japon\/#breadcrumb\"},\"inLanguage\":\"fr-FR\",\"potentialAction\":[{\"@type\":\"ReadAction\",\"target\":[\"https:\/\/www.wheelchairbasketball.ca\/fr\/2017u23wwbc\/equipes\/japon\/\"]}]},{\"@type\":\"BreadcrumbList\",\"@id\":\"https:\/\/www.wheelchairbasketball.ca\/fr\/2017u23wwbc\/equipes\/japon\/#breadcrumb\",\"itemListElement\":[{\"@type\":\"ListItem\",\"position\":1,\"name\":\"Home\",\"item\":\"https:\/\/www.wheelchairbasketball.ca\/fr\/\"},{\"@type\":\"ListItem\",\"position\":2,\"name\":\"2017u23wwbc\",\"item\":\"https:\/\/www.wheelchairbasketball.ca\/fr\/2017u23wwbc\/\"},{\"@type\":\"ListItem\",\"position\":3,\"name\":\"\u00c9quipes\",\"item\":\"https:\/\/www.wheelchairbasketball.ca\/fr\/2017u23wwbc\/equipes\/\"},{\"@type\":\"ListItem\",\"position\":4,\"name\":\"Japon\"}]},{\"@type\":\"WebSite\",\"@id\":\"https:\/\/www.wheelchairbasketball.ca\/#website\",\"url\":\"https:\/\/www.wheelchairbasketball.ca\/\",\"name\":\"Wheelchair Basketball Canada\",\"description\":\"Real Life. Real Sport.\",\"potentialAction\":[{\"@type\":\"SearchAction\",\"target\":{\"@type\":\"EntryPoint\",\"urlTemplate\":\"https:\/\/www.wheelchairbasketball.ca\/?s={search_term_string}\"},\"query-input\":\"required name=search_term_string\"}],\"inLanguage\":\"fr-FR\"}]}<\/script>\n<!-- \/ Yoast SEO plugin. -->","yoast_head_json":{"title":"Japon - Wheelchair Basketball Canada","robots":{"index":"index","follow":"follow","max-snippet":"max-snippet:-1","max-image-preview":"max-image-preview:large","max-video-preview":"max-video-preview:-1"},"canonical":"https:\/\/www.wheelchairbasketball.ca\/fr\/2017u23wwbc\/equipes\/japon\/","og_locale":"fr_FR","og_type":"article","og_title":"Japon - Wheelchair Basketball Canada","og_description":"L\u2019\u00e9quipe nationale japonaise masculine des moins de 23 ans a particip\u00e9 aux trois derniers Championnats du monde. L\u2019\u00e9quipe est parvenue \u00e0 la deuxi\u00e8me place dans son histoire au tournoi, atteignant le podium une seule fois \u00e0 sa premi\u00e8re apparition en 2005. Plus r\u00e9cemment, le Japon s\u2019est class\u00e9 neuvi\u00e8me au dernier championnat du monde pour les [&hellip;]","og_url":"https:\/\/www.wheelchairbasketball.ca\/fr\/2017u23wwbc\/equipes\/japon\/","og_site_name":"Wheelchair Basketball Canada","article_publisher":"http:\/\/www.facebook.com\/wheelchairbasketball","article_modified_time":"2017-06-07T00:12:46+00:00","og_image":[{"url":"https:\/\/www.wheelchairbasketball.ca\/wp-content\/uploads\/2017\/05\/japan-150x150.png"}],"twitter_card":"summary_large_image","twitter_site":"@WCBballCanada","twitter_misc":{"Dur\u00e9e de lecture estim\u00e9e":"1 minute"},"schema":{"@context":"https:\/\/schema.org","@graph":[{"@type":"WebPage","@id":"https:\/\/www.wheelchairbasketball.ca\/fr\/2017u23wwbc\/equipes\/japon\/","url":"https:\/\/www.wheelchairbasketball.ca\/fr\/2017u23wwbc\/equipes\/japon\/","name":"Japon - Wheelchair Basketball Canada","isPartOf":{"@id":"https:\/\/www.wheelchairbasketball.ca\/#website"},"datePublished":"2017-05-19T15:01:57+00:00","dateModified":"2017-06-07T00:12:46+00:00","breadcrumb":{"@id":"https:\/\/www.wheelchairbasketball.ca\/fr\/2017u23wwbc\/equipes\/japon\/#breadcrumb"},"inLanguage":"fr-FR","potentialAction":[{"@type":"ReadAction","target":["https:\/\/www.wheelchairbasketball.ca\/fr\/2017u23wwbc\/equipes\/japon\/"]}]},{"@type":"BreadcrumbList","@id":"https:\/\/www.wheelchairbasketball.ca\/fr\/2017u23wwbc\/equipes\/japon\/#breadcrumb","itemListElement":[{"@type":"ListItem","position":1,"name":"Home","item":"https:\/\/www.wheelchairbasketball.ca\/fr\/"},{"@type":"ListItem","position":2,"name":"2017u23wwbc","item":"https:\/\/www.wheelchairbasketball.ca\/fr\/2017u23wwbc\/"},{"@type":"ListItem","position":3,"name":"\u00c9quipes","item":"https:\/\/www.wheelchairbasketball.ca\/fr\/2017u23wwbc\/equipes\/"},{"@type":"ListItem","position":4,"name":"Japon"}]},{"@type":"WebSite","@id":"https:\/\/www.wheelchairbasketball.ca\/#website","url":"https:\/\/www.wheelchairbasketball.ca\/","name":"Wheelchair Basketball Canada","description":"Real Life. Real Sport.","potentialAction":[{"@type":"SearchAction","target":{"@type":"EntryPoint","urlTemplate":"https:\/\/www.wheelchairbasketball.ca\/?s={search_term_string}"},"query-input":"required name=search_term_string"}],"inLanguage":"fr-FR"}]}},"_links":{"self":[{"href":"https:\/\/www.wheelchairbasketball.ca\/fr\/wp-json\/wp\/v2\/pages\/7996"}],"collection":[{"href":"https:\/\/www.wheelchairbasketball.ca\/fr\/wp-json\/wp\/v2\/pages"}],"about":[{"href":"https:\/\/www.wheelchairbasketball.ca\/fr\/wp-json\/wp\/v2\/types\/page"}],"author":[{"embeddable":true,"href":"https:\/\/www.wheelchairbasketball.ca\/fr\/wp-json\/wp\/v2\/users\/7"}],"replies":[{"embeddable":true,"href":"https:\/\/www.wheelchairbasketball.ca\/fr\/wp-json\/wp\/v2\/comments?post=7996"}],"version-history":[{"count":3,"href":"https:\/\/www.wheelchairbasketball.ca\/fr\/wp-json\/wp\/v2\/pages\/7996\/revisions"}],"predecessor-version":[{"id":8139,"href":"https:\/\/www.wheelchairbasketball.ca\/fr\/wp-json\/wp\/v2\/pages\/7996\/revisions\/8139"}],"up":[{"embeddable":true,"href":"https:\/\/www.wheelchairbasketball.ca\/fr\/wp-json\/wp\/v2\/pages\/6897"}],"wp:attachment":[{"href":"https:\/\/www.wheelchairbasketball.ca\/fr\/wp-json\/wp\/v2\/media?parent=7996"}],"curies":[{"name":"wp","href":"https:\/\/api.w.org\/{rel}","templated":true}]}}