{"id":7998,"date":"2017-05-19T15:05:24","date_gmt":"2017-05-19T15:05:24","guid":{"rendered":"https:\/\/www.wheelchairbasketball.ca\/?page_id=7998"},"modified":"2017-06-07T00:48:18","modified_gmt":"2017-06-07T00:48:18","slug":"etats-unis","status":"publish","type":"page","link":"https:\/\/www.wheelchairbasketball.ca\/fr\/2017u23wwbc\/equipes\/etats-unis\/","title":{"rendered":"\u00c9tats-Unis"},"content":{"rendered":"<p><img loading=\"lazy\" decoding=\"async\" class=\"alignleft wp-image-7932 size-thumbnail\" src=\"https:\/\/www.wheelchairbasketball.ca\/wp-content\/uploads\/2017\/05\/united-states-150x150.png\" alt=\"\" width=\"150\" height=\"150\" \/><\/p>\n<p>L\u2019\u00e9quipe am\u00e9ricaine a compt\u00e9 au nombre des meilleures \u00e9quipes de basketball en fauteuil roulant masculin junior, ayant connu beaucoup de succ\u00e8s \u00e0 quatre des cinq derniers championnats du monde.<\/p>\n<p>Les Am\u00e9ricains amorceront le Championnat du monde masculin des moins de 23 ans 2017 avec des classements sur le podium \u00e0 toutes leurs apparitions ant\u00e9rieures \u00e0 l\u2019\u00e9v\u00e9nement, y compris des m\u00e9dailles d\u2019or cons\u00e9cutives en 2009 et en 2005. L\u2019\u00e9quipe am\u00e9ricaine cherchera \u00e0 retourner sur le podium apr\u00e8s une absence \u00e0 l\u2019\u00e9v\u00e9nement en 2013 et une performance dominante au tournoi de qualification de la Coupe des Am\u00e9riques en 2017.<\/p>\n<h4>Histoire au Championnat du monde<\/h4>\n<ul>\n<li>2009 \u2013 Paris, France \u2013 Or<\/li>\n<li>2005 \u2013 Birmingham, Grande-Bretagne \u2013 Or<\/li>\n<li>2001 \u2013 Blumenau, Br\u00e9sil \u2013 Bronze<\/li>\n<li>1997 \u2013 Toronto, Canada \u2013\u00a0Argent<\/li>\n<\/ul>\n<h4><strong>Formation de l&rsquo;equipe<\/strong><\/h4>\n<table width=\"528\">\n<tbody>\n<tr>\n<td width=\"35\">\n<h6>No.<\/h6>\n<\/td>\n<td width=\"173\">\n<h6>Nom<\/h6>\n<\/td>\n<td width=\"61\">\n<h6>Cat\u00e9g.<\/h6>\n<\/td>\n<td width=\"132\">\n<h6>Date de naissance<\/h6>\n<\/td>\n<td width=\"127\">\n<h6>Ville d\u2019origine<\/h6>\n<\/td>\n<\/tr>\n<tr>\n<td width=\"35\">7<\/td>\n<td width=\"173\">Chayse Wolf<\/td>\n<td width=\"61\">3.0<\/td>\n<td width=\"132\">09-Dec-1996<\/td>\n<td width=\"127\">Wilmington, Ohio<\/td>\n<\/tr>\n<tr>\n<td width=\"35\">11<\/td>\n<td width=\"173\">Brenton Regier<\/td>\n<td width=\"61\">4.5<\/td>\n<td width=\"132\">01-Feb-1995<\/td>\n<td width=\"127\">Henderson, Nebraska<\/td>\n<\/tr>\n<tr>\n<td width=\"35\">13<\/td>\n<td width=\"173\">Jeromie Meyer<\/td>\n<td width=\"61\">2.0<\/td>\n<td width=\"132\">11-Apr-1997<\/td>\n<td width=\"127\">Woodbine, Iowa<\/td>\n<\/tr>\n<tr>\n<td width=\"35\">14<\/td>\n<td width=\"173\">John Schwartz<\/td>\n<td width=\"61\">2.0<\/td>\n<td width=\"132\">17-Mar-1996<\/td>\n<td width=\"127\">Osceola, Indiana<\/td>\n<\/tr>\n<tr>\n<td width=\"35\">15<\/td>\n<td width=\"173\">Tyler Malone<\/td>\n<td width=\"61\">1.0<\/td>\n<td width=\"132\">03-Jul-1997<\/td>\n<td width=\"127\">Corsicana, Texas<\/td>\n<\/tr>\n<tr>\n<td width=\"35\">21<\/td>\n<td width=\"173\">Marshall Lindsay<\/td>\n<td width=\"61\">3.5<\/td>\n<td width=\"132\">13-Feb-1996<\/td>\n<td width=\"127\">Stansbury Park, Utah<\/td>\n<\/tr>\n<tr>\n<td width=\"35\">23<\/td>\n<td width=\"173\">Kyle Gribble<\/td>\n<td width=\"61\">3.5<\/td>\n<td width=\"132\">08-Feb-1996<\/td>\n<td width=\"127\">Crystal Lake, Illinois<\/td>\n<\/tr>\n<tr>\n<td width=\"35\">24<\/td>\n<td width=\"173\">Collin Evans<\/td>\n<td width=\"61\">1.0<\/td>\n<td width=\"132\">28-Dec-1997<\/td>\n<td width=\"127\">Mondovi, Wisconsin<\/td>\n<\/tr>\n<tr>\n<td width=\"35\">32<\/td>\n<td width=\"173\">Fabian Romo<\/td>\n<td width=\"61\">4.0<\/td>\n<td width=\"132\">22-Jan-1997<\/td>\n<td width=\"127\">Houston, Texas<\/td>\n<\/tr>\n<tr>\n<td width=\"35\">33<\/td>\n<td width=\"173\">Joseph Underwood<\/td>\n<td width=\"61\">2.5<\/td>\n<td width=\"132\">29-Aug-1996<\/td>\n<td width=\"127\">Phoenix, Arizona<\/td>\n<\/tr>\n<tr>\n<td width=\"35\">44<\/td>\n<td width=\"173\">Mark Krenz<\/td>\n<td width=\"61\">2.5<\/td>\n<td width=\"132\">28-Nov-1996<\/td>\n<td width=\"127\">Milwaukee, Wisconsin<\/td>\n<\/tr>\n<tr>\n<td width=\"35\">52<\/td>\n<td width=\"173\">Drew Selz<\/td>\n<td width=\"61\">4.5<\/td>\n<td width=\"132\">10-Jul-1997<\/td>\n<td width=\"127\">Waterford, Wisconsin<\/td>\n<\/tr>\n<\/tbody>\n<\/table>\n<div class=\"page\" title=\"Page 33\">\n<div class=\"section\">\n<div class=\"layoutArea\">\n<div class=\"column\">\n<p><strong>Entra\u00eeneurs et personnel:<\/strong> Head Coach : Jeremy Lade \/ Assistant Coach : Scott Meyer \/ Assistant Coach : Christian Burkett \/ Athletic Therapist : Michael Lenser \/ Team Leader : Kelly Fischbach<\/p>\n<\/div>\n<\/div>\n<\/div>\n<\/div>\n","protected":false},"excerpt":{"rendered":"L\u2019\u00e9quipe am\u00e9ricaine a compt\u00e9 au nombre des meilleures \u00e9quipes de basketball en fauteuil roulant masculin junior, ayant connu beaucoup de succ\u00e8s \u00e0 quatre des cinq derniers championnats du monde. Les Am\u00e9ricains amorceront le Championnat du monde masculin des moins de 23 ans 2017 avec des classements sur le podium \u00e0 toutes leurs apparitions ant\u00e9rieures \u00e0 [&hellip;]","protected":false},"author":7,"featured_media":0,"parent":6897,"menu_order":9,"comment_status":"closed","ping_status":"closed","template":"page-wwbc.php","meta":{"om_disable_all_campaigns":false,"_monsterinsights_skip_tracking":false,"_monsterinsights_sitenote_active":false,"_monsterinsights_sitenote_note":"","_monsterinsights_sitenote_category":0,"footnotes":""},"acf":[],"yoast_head":"<!-- This site is optimized with the Yoast SEO plugin v21.9.1 - https:\/\/yoast.com\/wordpress\/plugins\/seo\/ -->\n<title>\u00c9tats-Unis - Wheelchair Basketball Canada<\/title>\n<meta name=\"robots\" content=\"index, follow, max-snippet:-1, max-image-preview:large, max-video-preview:-1\" \/>\n<link rel=\"canonical\" href=\"https:\/\/www.wheelchairbasketball.ca\/fr\/2017u23wwbc\/equipes\/etats-unis\/\" \/>\n<meta property=\"og:locale\" content=\"fr_FR\" \/>\n<meta property=\"og:type\" content=\"article\" \/>\n<meta property=\"og:title\" content=\"\u00c9tats-Unis - Wheelchair Basketball Canada\" \/>\n<meta property=\"og:description\" content=\"L\u2019\u00e9quipe am\u00e9ricaine a compt\u00e9 au nombre des meilleures \u00e9quipes de basketball en fauteuil roulant masculin junior, ayant connu beaucoup de succ\u00e8s \u00e0 quatre des cinq derniers championnats du monde. Les Am\u00e9ricains amorceront le Championnat du monde masculin des moins de 23 ans 2017 avec des classements sur le podium \u00e0 toutes leurs apparitions ant\u00e9rieures \u00e0 [&hellip;]\" \/>\n<meta property=\"og:url\" content=\"https:\/\/www.wheelchairbasketball.ca\/fr\/2017u23wwbc\/equipes\/etats-unis\/\" \/>\n<meta property=\"og:site_name\" content=\"Wheelchair Basketball Canada\" \/>\n<meta property=\"article:publisher\" content=\"http:\/\/www.facebook.com\/wheelchairbasketball\" \/>\n<meta property=\"article:modified_time\" content=\"2017-06-07T00:48:18+00:00\" \/>\n<meta property=\"og:image\" content=\"https:\/\/www.wheelchairbasketball.ca\/wp-content\/uploads\/2017\/05\/united-states-150x150.png\" \/>\n<meta name=\"twitter:card\" content=\"summary_large_image\" \/>\n<meta name=\"twitter:site\" content=\"@WCBballCanada\" \/>\n<meta name=\"twitter:label1\" content=\"Dur\u00e9e de lecture estim\u00e9e\" \/>\n\t<meta name=\"twitter:data1\" content=\"1 minute\" \/>\n<script type=\"application\/ld+json\" class=\"yoast-schema-graph\">{\"@context\":\"https:\/\/schema.org\",\"@graph\":[{\"@type\":\"WebPage\",\"@id\":\"https:\/\/www.wheelchairbasketball.ca\/fr\/2017u23wwbc\/equipes\/etats-unis\/\",\"url\":\"https:\/\/www.wheelchairbasketball.ca\/fr\/2017u23wwbc\/equipes\/etats-unis\/\",\"name\":\"\u00c9tats-Unis - Wheelchair Basketball Canada\",\"isPartOf\":{\"@id\":\"https:\/\/www.wheelchairbasketball.ca\/#website\"},\"datePublished\":\"2017-05-19T15:05:24+00:00\",\"dateModified\":\"2017-06-07T00:48:18+00:00\",\"breadcrumb\":{\"@id\":\"https:\/\/www.wheelchairbasketball.ca\/fr\/2017u23wwbc\/equipes\/etats-unis\/#breadcrumb\"},\"inLanguage\":\"fr-FR\",\"potentialAction\":[{\"@type\":\"ReadAction\",\"target\":[\"https:\/\/www.wheelchairbasketball.ca\/fr\/2017u23wwbc\/equipes\/etats-unis\/\"]}]},{\"@type\":\"BreadcrumbList\",\"@id\":\"https:\/\/www.wheelchairbasketball.ca\/fr\/2017u23wwbc\/equipes\/etats-unis\/#breadcrumb\",\"itemListElement\":[{\"@type\":\"ListItem\",\"position\":1,\"name\":\"Home\",\"item\":\"https:\/\/www.wheelchairbasketball.ca\/fr\/\"},{\"@type\":\"ListItem\",\"position\":2,\"name\":\"2017u23wwbc\",\"item\":\"https:\/\/www.wheelchairbasketball.ca\/fr\/2017u23wwbc\/\"},{\"@type\":\"ListItem\",\"position\":3,\"name\":\"\u00c9quipes\",\"item\":\"https:\/\/www.wheelchairbasketball.ca\/fr\/2017u23wwbc\/equipes\/\"},{\"@type\":\"ListItem\",\"position\":4,\"name\":\"\u00c9tats-Unis\"}]},{\"@type\":\"WebSite\",\"@id\":\"https:\/\/www.wheelchairbasketball.ca\/#website\",\"url\":\"https:\/\/www.wheelchairbasketball.ca\/\",\"name\":\"Wheelchair Basketball Canada\",\"description\":\"Real Life. Real Sport.\",\"potentialAction\":[{\"@type\":\"SearchAction\",\"target\":{\"@type\":\"EntryPoint\",\"urlTemplate\":\"https:\/\/www.wheelchairbasketball.ca\/?s={search_term_string}\"},\"query-input\":\"required name=search_term_string\"}],\"inLanguage\":\"fr-FR\"}]}<\/script>\n<!-- \/ Yoast SEO plugin. -->","yoast_head_json":{"title":"\u00c9tats-Unis - Wheelchair Basketball Canada","robots":{"index":"index","follow":"follow","max-snippet":"max-snippet:-1","max-image-preview":"max-image-preview:large","max-video-preview":"max-video-preview:-1"},"canonical":"https:\/\/www.wheelchairbasketball.ca\/fr\/2017u23wwbc\/equipes\/etats-unis\/","og_locale":"fr_FR","og_type":"article","og_title":"\u00c9tats-Unis - Wheelchair Basketball Canada","og_description":"L\u2019\u00e9quipe am\u00e9ricaine a compt\u00e9 au nombre des meilleures \u00e9quipes de basketball en fauteuil roulant masculin junior, ayant connu beaucoup de succ\u00e8s \u00e0 quatre des cinq derniers championnats du monde. Les Am\u00e9ricains amorceront le Championnat du monde masculin des moins de 23 ans 2017 avec des classements sur le podium \u00e0 toutes leurs apparitions ant\u00e9rieures \u00e0 [&hellip;]","og_url":"https:\/\/www.wheelchairbasketball.ca\/fr\/2017u23wwbc\/equipes\/etats-unis\/","og_site_name":"Wheelchair Basketball Canada","article_publisher":"http:\/\/www.facebook.com\/wheelchairbasketball","article_modified_time":"2017-06-07T00:48:18+00:00","og_image":[{"url":"https:\/\/www.wheelchairbasketball.ca\/wp-content\/uploads\/2017\/05\/united-states-150x150.png"}],"twitter_card":"summary_large_image","twitter_site":"@WCBballCanada","twitter_misc":{"Dur\u00e9e de lecture estim\u00e9e":"1 minute"},"schema":{"@context":"https:\/\/schema.org","@graph":[{"@type":"WebPage","@id":"https:\/\/www.wheelchairbasketball.ca\/fr\/2017u23wwbc\/equipes\/etats-unis\/","url":"https:\/\/www.wheelchairbasketball.ca\/fr\/2017u23wwbc\/equipes\/etats-unis\/","name":"\u00c9tats-Unis - Wheelchair Basketball Canada","isPartOf":{"@id":"https:\/\/www.wheelchairbasketball.ca\/#website"},"datePublished":"2017-05-19T15:05:24+00:00","dateModified":"2017-06-07T00:48:18+00:00","breadcrumb":{"@id":"https:\/\/www.wheelchairbasketball.ca\/fr\/2017u23wwbc\/equipes\/etats-unis\/#breadcrumb"},"inLanguage":"fr-FR","potentialAction":[{"@type":"ReadAction","target":["https:\/\/www.wheelchairbasketball.ca\/fr\/2017u23wwbc\/equipes\/etats-unis\/"]}]},{"@type":"BreadcrumbList","@id":"https:\/\/www.wheelchairbasketball.ca\/fr\/2017u23wwbc\/equipes\/etats-unis\/#breadcrumb","itemListElement":[{"@type":"ListItem","position":1,"name":"Home","item":"https:\/\/www.wheelchairbasketball.ca\/fr\/"},{"@type":"ListItem","position":2,"name":"2017u23wwbc","item":"https:\/\/www.wheelchairbasketball.ca\/fr\/2017u23wwbc\/"},{"@type":"ListItem","position":3,"name":"\u00c9quipes","item":"https:\/\/www.wheelchairbasketball.ca\/fr\/2017u23wwbc\/equipes\/"},{"@type":"ListItem","position":4,"name":"\u00c9tats-Unis"}]},{"@type":"WebSite","@id":"https:\/\/www.wheelchairbasketball.ca\/#website","url":"https:\/\/www.wheelchairbasketball.ca\/","name":"Wheelchair Basketball Canada","description":"Real Life. Real Sport.","potentialAction":[{"@type":"SearchAction","target":{"@type":"EntryPoint","urlTemplate":"https:\/\/www.wheelchairbasketball.ca\/?s={search_term_string}"},"query-input":"required name=search_term_string"}],"inLanguage":"fr-FR"}]}},"_links":{"self":[{"href":"https:\/\/www.wheelchairbasketball.ca\/fr\/wp-json\/wp\/v2\/pages\/7998"}],"collection":[{"href":"https:\/\/www.wheelchairbasketball.ca\/fr\/wp-json\/wp\/v2\/pages"}],"about":[{"href":"https:\/\/www.wheelchairbasketball.ca\/fr\/wp-json\/wp\/v2\/types\/page"}],"author":[{"embeddable":true,"href":"https:\/\/www.wheelchairbasketball.ca\/fr\/wp-json\/wp\/v2\/users\/7"}],"replies":[{"embeddable":true,"href":"https:\/\/www.wheelchairbasketball.ca\/fr\/wp-json\/wp\/v2\/comments?post=7998"}],"version-history":[{"count":4,"href":"https:\/\/www.wheelchairbasketball.ca\/fr\/wp-json\/wp\/v2\/pages\/7998\/revisions"}],"predecessor-version":[{"id":8146,"href":"https:\/\/www.wheelchairbasketball.ca\/fr\/wp-json\/wp\/v2\/pages\/7998\/revisions\/8146"}],"up":[{"embeddable":true,"href":"https:\/\/www.wheelchairbasketball.ca\/fr\/wp-json\/wp\/v2\/pages\/6897"}],"wp:attachment":[{"href":"https:\/\/www.wheelchairbasketball.ca\/fr\/wp-json\/wp\/v2\/media?parent=7998"}],"curies":[{"name":"wp","href":"https:\/\/api.w.org\/{rel}","templated":true}]}}