{"id":8001,"date":"2017-05-19T15:07:20","date_gmt":"2017-05-19T15:07:20","guid":{"rendered":"https:\/\/www.wheelchairbasketball.ca\/?page_id=8001"},"modified":"2017-06-06T22:19:34","modified_gmt":"2017-06-06T22:19:34","slug":"bresil","status":"publish","type":"page","link":"https:\/\/www.wheelchairbasketball.ca\/fr\/2017u23wwbc\/equipes\/bresil\/","title":{"rendered":"Br\u00e9sil"},"content":{"rendered":"<p><img loading=\"lazy\" decoding=\"async\" class=\"alignleft wp-image-7924 size-thumbnail\" src=\"https:\/\/www.wheelchairbasketball.ca\/wp-content\/uploads\/2017\/05\/brazil-150x150.png\" alt=\"\" width=\"150\" height=\"150\" \/><\/p>\n<p>L\u2019ann\u00e9e 2017 marque la quatri\u00e8me participation au Championnat du monde de l\u2019\u00e9quipe nationale br\u00e9silienne masculine des moins de 23 ans. Le Br\u00e9sil a concouru pour la derni\u00e8re fois au Championnat du monde en 2009, o\u00f9 l\u2019\u00e9quipe s\u2019est class\u00e9e septi\u00e8me.<\/p>\n<p>Le Br\u00e9sil a atteint la deuxi\u00e8me place durant son histoire au tournoi, quand il a accueilli l\u2019\u00e9v\u00e9nement \u00e0 Blumenau, au Br\u00e9sil, en 2001. L\u2019\u00e9quipe br\u00e9silienne esp\u00e8re retourner sur le podium au Championnat du monde masculin des moins de 23 ans 2017.<\/p>\n<h4>Histoire au Championnat du monde<\/h4>\n<ul>\n<li>2009 \u2013 Paris, France \u2013 7e place<\/li>\n<li>2005 \u2013 Birmingham, Great Britain \u2013 7e place<\/li>\n<li>2001 \u2013 Blumenau, Br\u00e9sil\u2013 Argent<\/li>\n<\/ul>\n<h4><strong>Formation de l&rsquo;equipe<\/strong><\/h4>\n<table width=\"898\">\n<tbody>\n<tr>\n<td width=\"45\">\n<h6>No.<\/h6>\n<\/td>\n<td width=\"232\">\n<h6>Name<\/h6>\n<\/td>\n<td width=\"104\">\n<h6>Class<\/h6>\n<\/td>\n<td width=\"226\">\n<h6>Date of Birth<\/h6>\n<\/td>\n<td width=\"292\">\n<h6>Hometown<\/h6>\n<\/td>\n<\/tr>\n<tr>\n<td width=\"45\">4<\/td>\n<td width=\"232\">Anderson Braz da Silva<\/td>\n<td width=\"104\">4.5<\/td>\n<td width=\"226\">31-Jan-1996<\/td>\n<td width=\"292\">Olinda<\/td>\n<\/tr>\n<tr>\n<td width=\"45\">5<\/td>\n<td width=\"232\">Elias Rosa da Silva<\/td>\n<td width=\"104\">4.0<\/td>\n<td width=\"226\">21-Mar-1996<\/td>\n<td width=\"292\">Asis<\/td>\n<\/tr>\n<tr>\n<td width=\"45\">6<\/td>\n<td width=\"232\">Jo\u00e3o Paulo de Souza Madureira<\/td>\n<td width=\"104\">4.5<\/td>\n<td width=\"226\">18-Aug-1999<\/td>\n<td width=\"292\">Niquel\u00e2ndia<\/td>\n<\/tr>\n<tr>\n<td width=\"45\">7<\/td>\n<td width=\"232\">Francisco Denilson de Sousa Sampaio<\/td>\n<td width=\"104\">4.5<\/td>\n<td width=\"226\">30-Jan-1998<\/td>\n<td width=\"292\">Fortaleza<\/td>\n<\/tr>\n<tr>\n<td width=\"45\">8<\/td>\n<td width=\"232\">Roger Rodrigues Oliveira<\/td>\n<td width=\"104\">3.0<\/td>\n<td width=\"226\">18-Nov-1995<\/td>\n<td width=\"292\">S\u00e3o Leopoldo<\/td>\n<\/tr>\n<tr>\n<td width=\"45\">9<\/td>\n<td width=\"232\">Wellington de Souza Silva<\/td>\n<td width=\"104\">1.0<\/td>\n<td width=\"226\">09-Feb-1998<\/td>\n<td width=\"292\">Brasilia<\/td>\n<\/tr>\n<tr>\n<td width=\"45\">10<\/td>\n<td width=\"232\">Reyson da Silva Souza<\/td>\n<td width=\"104\">3.0<\/td>\n<td width=\"226\">18-Oct-1998<\/td>\n<td width=\"292\">Recife<\/td>\n<\/tr>\n<tr>\n<td width=\"45\">11<\/td>\n<td width=\"232\">Thyago Alves de Deus<\/td>\n<td width=\"104\">1.0<\/td>\n<td width=\"226\">16-May-1998<\/td>\n<td width=\"292\">Bel\u00e9m<\/td>\n<\/tr>\n<tr>\n<td width=\"45\">12<\/td>\n<td width=\"232\">Renan Mariano Miranda<\/td>\n<td width=\"104\">2.0<\/td>\n<td width=\"226\">02-Feb-1998<\/td>\n<td width=\"292\">Formosa<\/td>\n<\/tr>\n<tr>\n<td width=\"45\">13<\/td>\n<td width=\"232\">Lucas Fernando dos Santos<\/td>\n<td width=\"104\">2.5<\/td>\n<td width=\"226\">13-May-2000<\/td>\n<td width=\"292\">Cascavel<\/td>\n<\/tr>\n<tr>\n<td width=\"45\">14<\/td>\n<td width=\"232\">Milley Nunes Lopes<\/td>\n<td width=\"104\">3.5<\/td>\n<td width=\"226\">12-Jun-1999<\/td>\n<td width=\"292\">Brasilia<\/td>\n<\/tr>\n<tr>\n<td width=\"45\">15<\/td>\n<td width=\"232\">Phillipe Gon\u00e7alves<\/td>\n<td width=\"104\">4.5<\/td>\n<td width=\"226\">06-May-1998<\/td>\n<td width=\"292\">Camboriu<\/td>\n<\/tr>\n<\/tbody>\n<\/table>\n<p><strong>Entra\u00eeneurs et personnel:<\/strong> Head Coach : Mauricio Leonardo de Souza Lemos \/ Assistant Coach : Sileno Santos \/ Doctor : Leonardo Pereira Guedes de Moura<\/p>\n","protected":false},"excerpt":{"rendered":"L\u2019ann\u00e9e 2017 marque la quatri\u00e8me participation au Championnat du monde de l\u2019\u00e9quipe nationale br\u00e9silienne masculine des moins de 23 ans. Le Br\u00e9sil a concouru pour la derni\u00e8re fois au Championnat du monde en 2009, o\u00f9 l\u2019\u00e9quipe s\u2019est class\u00e9e septi\u00e8me. Le Br\u00e9sil a atteint la deuxi\u00e8me place durant son histoire au tournoi, quand il a accueilli [&hellip;]","protected":false},"author":7,"featured_media":0,"parent":6897,"menu_order":10,"comment_status":"closed","ping_status":"closed","template":"page-wwbc.php","meta":{"om_disable_all_campaigns":false,"_monsterinsights_skip_tracking":false,"_monsterinsights_sitenote_active":false,"_monsterinsights_sitenote_note":"","_monsterinsights_sitenote_category":0,"footnotes":""},"acf":[],"yoast_head":"<!-- This site is optimized with the Yoast SEO plugin v21.9.1 - https:\/\/yoast.com\/wordpress\/plugins\/seo\/ -->\n<title>Br\u00e9sil - Wheelchair Basketball Canada<\/title>\n<meta name=\"robots\" content=\"index, follow, max-snippet:-1, max-image-preview:large, max-video-preview:-1\" \/>\n<link rel=\"canonical\" href=\"https:\/\/www.wheelchairbasketball.ca\/fr\/2017u23wwbc\/equipes\/bresil\/\" \/>\n<meta property=\"og:locale\" content=\"fr_FR\" \/>\n<meta property=\"og:type\" content=\"article\" \/>\n<meta property=\"og:title\" content=\"Br\u00e9sil - Wheelchair Basketball Canada\" \/>\n<meta property=\"og:description\" content=\"L\u2019ann\u00e9e 2017 marque la quatri\u00e8me participation au Championnat du monde de l\u2019\u00e9quipe nationale br\u00e9silienne masculine des moins de 23 ans. Le Br\u00e9sil a concouru pour la derni\u00e8re fois au Championnat du monde en 2009, o\u00f9 l\u2019\u00e9quipe s\u2019est class\u00e9e septi\u00e8me. Le Br\u00e9sil a atteint la deuxi\u00e8me place durant son histoire au tournoi, quand il a accueilli [&hellip;]\" \/>\n<meta property=\"og:url\" content=\"https:\/\/www.wheelchairbasketball.ca\/fr\/2017u23wwbc\/equipes\/bresil\/\" \/>\n<meta property=\"og:site_name\" content=\"Wheelchair Basketball Canada\" \/>\n<meta property=\"article:publisher\" content=\"http:\/\/www.facebook.com\/wheelchairbasketball\" \/>\n<meta property=\"article:modified_time\" content=\"2017-06-06T22:19:34+00:00\" \/>\n<meta property=\"og:image\" content=\"https:\/\/www.wheelchairbasketball.ca\/wp-content\/uploads\/2017\/05\/brazil-150x150.png\" \/>\n<meta name=\"twitter:card\" content=\"summary_large_image\" \/>\n<meta name=\"twitter:site\" content=\"@WCBballCanada\" \/>\n<meta name=\"twitter:label1\" content=\"Dur\u00e9e de lecture estim\u00e9e\" \/>\n\t<meta name=\"twitter:data1\" content=\"1 minute\" \/>\n<script type=\"application\/ld+json\" class=\"yoast-schema-graph\">{\"@context\":\"https:\/\/schema.org\",\"@graph\":[{\"@type\":\"WebPage\",\"@id\":\"https:\/\/www.wheelchairbasketball.ca\/fr\/2017u23wwbc\/equipes\/bresil\/\",\"url\":\"https:\/\/www.wheelchairbasketball.ca\/fr\/2017u23wwbc\/equipes\/bresil\/\",\"name\":\"Br\u00e9sil - Wheelchair Basketball Canada\",\"isPartOf\":{\"@id\":\"https:\/\/www.wheelchairbasketball.ca\/#website\"},\"datePublished\":\"2017-05-19T15:07:20+00:00\",\"dateModified\":\"2017-06-06T22:19:34+00:00\",\"breadcrumb\":{\"@id\":\"https:\/\/www.wheelchairbasketball.ca\/fr\/2017u23wwbc\/equipes\/bresil\/#breadcrumb\"},\"inLanguage\":\"fr-FR\",\"potentialAction\":[{\"@type\":\"ReadAction\",\"target\":[\"https:\/\/www.wheelchairbasketball.ca\/fr\/2017u23wwbc\/equipes\/bresil\/\"]}]},{\"@type\":\"BreadcrumbList\",\"@id\":\"https:\/\/www.wheelchairbasketball.ca\/fr\/2017u23wwbc\/equipes\/bresil\/#breadcrumb\",\"itemListElement\":[{\"@type\":\"ListItem\",\"position\":1,\"name\":\"Home\",\"item\":\"https:\/\/www.wheelchairbasketball.ca\/fr\/\"},{\"@type\":\"ListItem\",\"position\":2,\"name\":\"2017u23wwbc\",\"item\":\"https:\/\/www.wheelchairbasketball.ca\/fr\/2017u23wwbc\/\"},{\"@type\":\"ListItem\",\"position\":3,\"name\":\"\u00c9quipes\",\"item\":\"https:\/\/www.wheelchairbasketball.ca\/fr\/2017u23wwbc\/equipes\/\"},{\"@type\":\"ListItem\",\"position\":4,\"name\":\"Br\u00e9sil\"}]},{\"@type\":\"WebSite\",\"@id\":\"https:\/\/www.wheelchairbasketball.ca\/#website\",\"url\":\"https:\/\/www.wheelchairbasketball.ca\/\",\"name\":\"Wheelchair Basketball Canada\",\"description\":\"Real Life. Real Sport.\",\"potentialAction\":[{\"@type\":\"SearchAction\",\"target\":{\"@type\":\"EntryPoint\",\"urlTemplate\":\"https:\/\/www.wheelchairbasketball.ca\/?s={search_term_string}\"},\"query-input\":\"required name=search_term_string\"}],\"inLanguage\":\"fr-FR\"}]}<\/script>\n<!-- \/ Yoast SEO plugin. -->","yoast_head_json":{"title":"Br\u00e9sil - Wheelchair Basketball Canada","robots":{"index":"index","follow":"follow","max-snippet":"max-snippet:-1","max-image-preview":"max-image-preview:large","max-video-preview":"max-video-preview:-1"},"canonical":"https:\/\/www.wheelchairbasketball.ca\/fr\/2017u23wwbc\/equipes\/bresil\/","og_locale":"fr_FR","og_type":"article","og_title":"Br\u00e9sil - Wheelchair Basketball Canada","og_description":"L\u2019ann\u00e9e 2017 marque la quatri\u00e8me participation au Championnat du monde de l\u2019\u00e9quipe nationale br\u00e9silienne masculine des moins de 23 ans. Le Br\u00e9sil a concouru pour la derni\u00e8re fois au Championnat du monde en 2009, o\u00f9 l\u2019\u00e9quipe s\u2019est class\u00e9e septi\u00e8me. Le Br\u00e9sil a atteint la deuxi\u00e8me place durant son histoire au tournoi, quand il a accueilli [&hellip;]","og_url":"https:\/\/www.wheelchairbasketball.ca\/fr\/2017u23wwbc\/equipes\/bresil\/","og_site_name":"Wheelchair Basketball Canada","article_publisher":"http:\/\/www.facebook.com\/wheelchairbasketball","article_modified_time":"2017-06-06T22:19:34+00:00","og_image":[{"url":"https:\/\/www.wheelchairbasketball.ca\/wp-content\/uploads\/2017\/05\/brazil-150x150.png"}],"twitter_card":"summary_large_image","twitter_site":"@WCBballCanada","twitter_misc":{"Dur\u00e9e de lecture estim\u00e9e":"1 minute"},"schema":{"@context":"https:\/\/schema.org","@graph":[{"@type":"WebPage","@id":"https:\/\/www.wheelchairbasketball.ca\/fr\/2017u23wwbc\/equipes\/bresil\/","url":"https:\/\/www.wheelchairbasketball.ca\/fr\/2017u23wwbc\/equipes\/bresil\/","name":"Br\u00e9sil - Wheelchair Basketball Canada","isPartOf":{"@id":"https:\/\/www.wheelchairbasketball.ca\/#website"},"datePublished":"2017-05-19T15:07:20+00:00","dateModified":"2017-06-06T22:19:34+00:00","breadcrumb":{"@id":"https:\/\/www.wheelchairbasketball.ca\/fr\/2017u23wwbc\/equipes\/bresil\/#breadcrumb"},"inLanguage":"fr-FR","potentialAction":[{"@type":"ReadAction","target":["https:\/\/www.wheelchairbasketball.ca\/fr\/2017u23wwbc\/equipes\/bresil\/"]}]},{"@type":"BreadcrumbList","@id":"https:\/\/www.wheelchairbasketball.ca\/fr\/2017u23wwbc\/equipes\/bresil\/#breadcrumb","itemListElement":[{"@type":"ListItem","position":1,"name":"Home","item":"https:\/\/www.wheelchairbasketball.ca\/fr\/"},{"@type":"ListItem","position":2,"name":"2017u23wwbc","item":"https:\/\/www.wheelchairbasketball.ca\/fr\/2017u23wwbc\/"},{"@type":"ListItem","position":3,"name":"\u00c9quipes","item":"https:\/\/www.wheelchairbasketball.ca\/fr\/2017u23wwbc\/equipes\/"},{"@type":"ListItem","position":4,"name":"Br\u00e9sil"}]},{"@type":"WebSite","@id":"https:\/\/www.wheelchairbasketball.ca\/#website","url":"https:\/\/www.wheelchairbasketball.ca\/","name":"Wheelchair Basketball Canada","description":"Real Life. Real Sport.","potentialAction":[{"@type":"SearchAction","target":{"@type":"EntryPoint","urlTemplate":"https:\/\/www.wheelchairbasketball.ca\/?s={search_term_string}"},"query-input":"required name=search_term_string"}],"inLanguage":"fr-FR"}]}},"_links":{"self":[{"href":"https:\/\/www.wheelchairbasketball.ca\/fr\/wp-json\/wp\/v2\/pages\/8001"}],"collection":[{"href":"https:\/\/www.wheelchairbasketball.ca\/fr\/wp-json\/wp\/v2\/pages"}],"about":[{"href":"https:\/\/www.wheelchairbasketball.ca\/fr\/wp-json\/wp\/v2\/types\/page"}],"author":[{"embeddable":true,"href":"https:\/\/www.wheelchairbasketball.ca\/fr\/wp-json\/wp\/v2\/users\/7"}],"replies":[{"embeddable":true,"href":"https:\/\/www.wheelchairbasketball.ca\/fr\/wp-json\/wp\/v2\/comments?post=8001"}],"version-history":[{"count":3,"href":"https:\/\/www.wheelchairbasketball.ca\/fr\/wp-json\/wp\/v2\/pages\/8001\/revisions"}],"predecessor-version":[{"id":8126,"href":"https:\/\/www.wheelchairbasketball.ca\/fr\/wp-json\/wp\/v2\/pages\/8001\/revisions\/8126"}],"up":[{"embeddable":true,"href":"https:\/\/www.wheelchairbasketball.ca\/fr\/wp-json\/wp\/v2\/pages\/6897"}],"wp:attachment":[{"href":"https:\/\/www.wheelchairbasketball.ca\/fr\/wp-json\/wp\/v2\/media?parent=8001"}],"curies":[{"name":"wp","href":"https:\/\/api.w.org\/{rel}","templated":true}]}}